{"id":1678,"date":"2015-02-13T18:04:14","date_gmt":"2015-02-13T18:04:14","guid":{"rendered":"https:\/\/www.visituffizi.org\/?page_id=1678"},"modified":"2018-12-13T18:50:17","modified_gmt":"2018-12-13T18:50:17","slug":"home","status":"publish","type":"page","link":"https:\/\/www.visituffizi.org\/es\/","title":{"rendered":"Home"},"content":{"rendered":"<p class=\"page-title\">ngg_shortcode_0_placeholder<\/p>\n<h1 class=\"page-title\">Galer\u00eda Uffizi en Florencia<\/h1>\n<p>La Galer\u00eda de los Uffizi (Oficios en espa\u00f1ol) es uno de los <strong>museos m\u00e1s famosos del mundo<\/strong> dada la rica cantidad de obras maestras que conserva en su interior, la mayor\u00eda del periodo Renacentista.<\/p>\n<p>Situado en el coraz\u00f3n de <a href=\"http:\/\/www.visitflorence.com\/\" target=\"_blank\">Florencia<\/a>, la <strong>Galer\u00eda\u00a0Uffizi<\/strong> alberga obras de arte de los grandes <strong>Botticelli<\/strong>, Giotto, Cimbaue, <strong>Miguel \u00c1ngel<\/strong>, <strong>Leonardo da Vinci<\/strong> y <strong>Rafael<\/strong>,\u00a0 por mencionar algunos de los artistas m\u00e1s conocidos, y en general obras del siglo XII al siglo XVII.<\/p>\n<p>La Galer\u00eda de los Uffizi es una <strong>visita obligada<\/strong> para quien se encuentra en Florencia y en Toscana, recibe m\u00e1s de un mill\u00f3n de visitantes cada a\u00f1o. La Galer\u00eda Uffizi, as\u00ed como los Museos del Vaticano, son los <strong>dos museos m\u00e1s visitados en Italia <\/strong>por turistas de todo el mundo y las <strong>largas filas<\/strong> en la entrada de la Galer\u00eda son casi tan famosas como sus obras de arte.<\/p>\n<p>Para planificar mejor tu visita a la Galer\u00eda Uffizi, puedes encontrar informaci\u00f3n de horarios, boletos y m\u00e1s en la secci\u00f3n \u201c<a href=\"https:\/\/www.visituffizi.org\/es\/planea-tu-visita\/\">Planea tu visita<\/a>\u201d as\u00ed como tambi\u00e9n informaci\u00f3n de las obras maestras, salas e itinerarios sugeridos en la secci\u00f3n\u00a0 \u201c<a href=\"https:\/\/uffizi.museum\/es\/\">Explora el Museo<\/a>\u201d.<\/p>\n<p>Tambi\u00e9n puedes <a href=\"https:\/\/www.visituffizi.org\/es\/adquiere-tus-boletos\/\">adquirir tus boletos<\/a> para el museo con anticipaci\u00f3n, si tu tiempo en Florencia es limitado.<\/p>\n<h2>Visita estos otros museos en Florencia:<\/h2>\n","protected":false},"excerpt":{"rendered":"<p>Galer\u00eda Uffizi en Florencia La Galer\u00eda de los Uffizi (Oficios en espa\u00f1ol) es uno de los museos m\u00e1s famosos del mundo dada la rica cantidad de obras maestras que conserva en su interior, la mayor\u00eda del periodo Renacentista. Situado en el coraz\u00f3n de Florencia, la Galer\u00eda\u00a0Uffizi alberga obras de arte de los grandes Botticelli, Giotto, [&hellip;]<\/p>\n","protected":false},"author":6,"featured_media":0,"parent":0,"menu_order":0,"comment_status":"open","ping_status":"open","template":"home.php","meta":{"ngg_post_thumbnail":0,"footnotes":""},"class_list":["post-1678","page","type-page","status-publish","hentry"],"yoast_head":"<!-- This site is optimized with the Yoast SEO plugin v27.3 - https:\/\/yoast.com\/product\/yoast-seo-wordpress\/ -->\n<title>Galer\u00eda Uffizi en Florencia: Comprar Entrada,Billetes y Tour Guiado<\/title>\n<meta name=\"description\" content=\"Planea tu visita a la Galer\u00eda de los Uffizi en Florencia: reserva tus boletos o tour guiado, explora el museo y sus obras de arte para maximizar tu visita.\" \/>\n<meta name=\"robots\" content=\"index, follow, max-snippet:-1, max-image-preview:large, max-video-preview:-1\" \/>\n<link rel=\"canonical\" href=\"https:\/\/www.visituffizi.org\/es\/\" \/>\n<meta property=\"og:locale\" content=\"es_ES\" \/>\n<meta property=\"og:type\" content=\"article\" \/>\n<meta property=\"og:title\" content=\"Galer\u00eda Uffizi en Florencia: Comprar Entrada,Billetes y Tour Guiado\" \/>\n<meta property=\"og:description\" content=\"Planea tu visita a la Galer\u00eda de los Uffizi en Florencia: reserva tus boletos o tour guiado, explora el museo y sus obras de arte para maximizar tu visita.\" \/>\n<meta property=\"og:url\" content=\"https:\/\/www.visituffizi.org\/es\/\" \/>\n<meta property=\"og:site_name\" content=\"Visit Uffizi\" \/>\n<meta property=\"article:modified_time\" content=\"2018-12-13T18:50:17+00:00\" \/>\n<meta name=\"twitter:label1\" content=\"Tiempo de lectura\" \/>\n\t<meta name=\"twitter:data1\" content=\"1 minuto\" \/>\n<script type=\"application\/ld+json\" class=\"yoast-schema-graph\">{\"@context\":\"https:\\\/\\\/schema.org\",\"@graph\":[{\"@type\":\"WebPage\",\"@id\":\"https:\\\/\\\/www.visituffizi.org\\\/es\\\/\",\"url\":\"https:\\\/\\\/www.visituffizi.org\\\/es\\\/\",\"name\":\"Galer\u00eda Uffizi en Florencia: Comprar Entrada,Billetes y Tour Guiado\",\"isPartOf\":{\"@id\":\"https:\\\/\\\/www.visituffizi.org\\\/it\\\/#website\"},\"datePublished\":\"2015-02-13T18:04:14+00:00\",\"dateModified\":\"2018-12-13T18:50:17+00:00\",\"description\":\"Planea tu visita a la Galer\u00eda de los Uffizi en Florencia: reserva tus boletos o tour guiado, explora el museo y sus obras de arte para maximizar tu visita.\",\"breadcrumb\":{\"@id\":\"https:\\\/\\\/www.visituffizi.org\\\/es\\\/#breadcrumb\"},\"inLanguage\":\"es\",\"potentialAction\":[{\"@type\":\"ReadAction\",\"target\":[\"https:\\\/\\\/www.visituffizi.org\\\/es\\\/\"]}]},{\"@type\":\"BreadcrumbList\",\"@id\":\"https:\\\/\\\/www.visituffizi.org\\\/es\\\/#breadcrumb\",\"itemListElement\":[{\"@type\":\"ListItem\",\"position\":1,\"name\":\"Home\",\"item\":\"https:\\\/\\\/www.visituffizi.org\\\/es\\\/\"},{\"@type\":\"ListItem\",\"position\":2,\"name\":\"Home\"}]},{\"@type\":\"WebSite\",\"@id\":\"https:\\\/\\\/www.visituffizi.org\\\/it\\\/#website\",\"url\":\"https:\\\/\\\/www.visituffizi.org\\\/it\\\/\",\"name\":\"Visit Uffizi\",\"description\":\"Guide to Uffizi Museum in Florence\",\"potentialAction\":[{\"@type\":\"SearchAction\",\"target\":{\"@type\":\"EntryPoint\",\"urlTemplate\":\"https:\\\/\\\/www.visituffizi.org\\\/it\\\/?s={search_term_string}\"},\"query-input\":{\"@type\":\"PropertyValueSpecification\",\"valueRequired\":true,\"valueName\":\"search_term_string\"}}],\"inLanguage\":\"es\"}]}<\/script>\n<!-- \/ Yoast SEO plugin. -->","yoast_head_json":{"title":"Galer\u00eda Uffizi en Florencia: Comprar Entrada,Billetes y Tour Guiado","description":"Planea tu visita a la Galer\u00eda de los Uffizi en Florencia: reserva tus boletos o tour guiado, explora el museo y sus obras de arte para maximizar tu visita.","robots":{"index":"index","follow":"follow","max-snippet":"max-snippet:-1","max-image-preview":"max-image-preview:large","max-video-preview":"max-video-preview:-1"},"canonical":"https:\/\/www.visituffizi.org\/es\/","og_locale":"es_ES","og_type":"article","og_title":"Galer\u00eda Uffizi en Florencia: Comprar Entrada,Billetes y Tour Guiado","og_description":"Planea tu visita a la Galer\u00eda de los Uffizi en Florencia: reserva tus boletos o tour guiado, explora el museo y sus obras de arte para maximizar tu visita.","og_url":"https:\/\/www.visituffizi.org\/es\/","og_site_name":"Visit Uffizi","article_modified_time":"2018-12-13T18:50:17+00:00","twitter_misc":{"Tiempo de lectura":"1 minuto"},"schema":{"@context":"https:\/\/schema.org","@graph":[{"@type":"WebPage","@id":"https:\/\/www.visituffizi.org\/es\/","url":"https:\/\/www.visituffizi.org\/es\/","name":"Galer\u00eda Uffizi en Florencia: Comprar Entrada,Billetes y Tour Guiado","isPartOf":{"@id":"https:\/\/www.visituffizi.org\/it\/#website"},"datePublished":"2015-02-13T18:04:14+00:00","dateModified":"2018-12-13T18:50:17+00:00","description":"Planea tu visita a la Galer\u00eda de los Uffizi en Florencia: reserva tus boletos o tour guiado, explora el museo y sus obras de arte para maximizar tu visita.","breadcrumb":{"@id":"https:\/\/www.visituffizi.org\/es\/#breadcrumb"},"inLanguage":"es","potentialAction":[{"@type":"ReadAction","target":["https:\/\/www.visituffizi.org\/es\/"]}]},{"@type":"BreadcrumbList","@id":"https:\/\/www.visituffizi.org\/es\/#breadcrumb","itemListElement":[{"@type":"ListItem","position":1,"name":"Home","item":"https:\/\/www.visituffizi.org\/es\/"},{"@type":"ListItem","position":2,"name":"Home"}]},{"@type":"WebSite","@id":"https:\/\/www.visituffizi.org\/it\/#website","url":"https:\/\/www.visituffizi.org\/it\/","name":"Visit Uffizi","description":"Guide to Uffizi Museum in Florence","potentialAction":[{"@type":"SearchAction","target":{"@type":"EntryPoint","urlTemplate":"https:\/\/www.visituffizi.org\/it\/?s={search_term_string}"},"query-input":{"@type":"PropertyValueSpecification","valueRequired":true,"valueName":"search_term_string"}}],"inLanguage":"es"}]}},"_links":{"self":[{"href":"https:\/\/www.visituffizi.org\/es\/wp-json\/wp\/v2\/pages\/1678","targetHints":{"allow":["GET"]}}],"collection":[{"href":"https:\/\/www.visituffizi.org\/es\/wp-json\/wp\/v2\/pages"}],"about":[{"href":"https:\/\/www.visituffizi.org\/es\/wp-json\/wp\/v2\/types\/page"}],"author":[{"embeddable":true,"href":"https:\/\/www.visituffizi.org\/es\/wp-json\/wp\/v2\/users\/6"}],"replies":[{"embeddable":true,"href":"https:\/\/www.visituffizi.org\/es\/wp-json\/wp\/v2\/comments?post=1678"}],"version-history":[{"count":0,"href":"https:\/\/www.visituffizi.org\/es\/wp-json\/wp\/v2\/pages\/1678\/revisions"}],"wp:attachment":[{"href":"https:\/\/www.visituffizi.org\/es\/wp-json\/wp\/v2\/media?parent=1678"}],"curies":[{"name":"wp","href":"https:\/\/api.w.org\/{rel}","templated":true}]}}