{"id":1680,"date":"2015-02-13T19:13:59","date_gmt":"2015-02-13T19:13:59","guid":{"rendered":"https:\/\/www.visituffizi.org\/?page_id=1680"},"modified":"2018-03-05T08:30:44","modified_gmt":"2018-03-05T08:30:44","slug":"planea-tu-visita","status":"publish","type":"page","link":"https:\/\/www.visituffizi.org\/es\/planea-tu-visita\/","title":{"rendered":"Planea tu visita"},"content":{"rendered":"ngg_shortcode_0_placeholder\n<h1>Planea tu visita a la Galer\u00eda Uffizi<\/h1>\n<p>La <strong>Galer\u00eda de los Uffizi<\/strong> es uno de los <strong>principales museos\u00a0del mundo<\/strong> as\u00ed como uno de los m\u00e1s antiguos. Todos los a\u00f1os, millones de visitantes que vienen\u00a0a Florencia y a\u00a0Toscana entran a la Galer\u00eda para admirar con sus propios ojos algunas de las famosas obras maestras que han dejado una marca art\u00edstica\u00a0e innovativa a trav\u00e9s de los siglos.<\/p>\n<p>A continuaci\u00f3n los puntos basicos que debes conocer para planificar tu visita a la Galer\u00eda.<\/p>\n<h2>\u00bfD\u00f3nde est\u00e1 la Galer\u00eda Uffizi?<\/h2>\n<p>En <a href=\"https:\/\/www.visituffizi.org\/es\/planea-tu-visita\/en-donde-esta-la-galeria-uffizi\/\">esta p\u00e1gina<\/a> encontrar\u00e1s la direcci\u00f3n y un mapa que muestra la localizaci\u00f3n de la Galer\u00eda.<\/p>\n<h2>Horarios del Museo<\/h2>\n<p>El Uffizi esta <strong>abierto de martes a domingo<\/strong>, de las 8:15 am a las 6:50 pm.<\/p>\n<p>La taquilla cierra a las 6:05 pm, y las operaciones de cierre comienzan a las 6:35 pm.<\/p>\n<p>El museo est\u00e1<strong> cerrado<\/strong>: todos los lunes, 1ro.de enero, 1ro. De mayo y 25 de diciembre.<\/p>\n<p><em>Nota: El museo est\u00e1 abierto todos los d\u00edas festivos no indicados arriba. Si el d\u00eda festivo es lunes, la superintendencia del museo decidir\u00e1 si se deber\u00e1 hacer\u00a0una abertura extraordinaria para ese d\u00eda, por lo regular, les damos la noticia de este tipo de aberturas especiales en la secci\u00f3n de \u201c<a href=\"https:\/\/www.visituffizi.org\/es\/noticias\/\">Noticias<\/a>\u201d.<\/em><\/p>\n<h2>Boletos de admisi\u00f3n<\/h2>\n<p>Existen tres tipos de boletos de admisi\u00f3n: para conocer <a href=\"https:\/\/www.visituffizi.org\/es\/planea-tu-visita\/boletos-de-admision\/\">m\u00e1s detalles<\/a>.<\/p>\n<h2>Servicios<\/h2>\n<p>Guardarropas, sillas de ruedas, elevadores, librer\u00eda, oficina de correos y m\u00e1s\u2026 mira <a href=\"https:\/\/www.visituffizi.org\/es\/planea-tu-visita\/servicios\/\">\u00e9sta p\u00e1gina<\/a> para m\u00e1s informaci\u00f3n de los varios servicios que ofrece la Galer\u00eda de los Uffizi.<\/p>\n<h2>Como est\u00e1 distribuido el museo (plantas)<\/h2>\n<p><strong>Informaci\u00f3n pr\u00e1ctica<\/strong>, acerca de la distribuci\u00f3n del museo, conoce\u00a0las plantas del museo que te ayudar\u00e1n a planificar mejor tu visita a la Galer\u00eda Uffizi, especialmente si tu tiempo en Florencia y el museo es limitado.<\/p>\n<p>Lee m\u00e1s acerca de c\u00f3mo est\u00e1 organizado el museo y ve <strong>las plantas<\/strong> de la Galer\u00eda de los Uffizi <a href=\"https:\/\/www.visituffizi.org\/es\/planos-del-museo-uffizi\/\">aqu\u00ed<\/a>.<\/p>\n<h2>Preguntas Frecuentes<\/h2>\n<p>Una secci\u00f3n con las <a href=\"https:\/\/www.visituffizi.org\/es\/planea-tu-visita\/preguntas-frecuentes\/\">preguntas<\/a> que recibimos con m\u00e1s frecuencia, sobre el museo en general, los ingresos y la compra de boletos.<\/p>\n","protected":false},"excerpt":{"rendered":"<p>Planea tu visita a la Galer\u00eda Uffizi La Galer\u00eda de los Uffizi es uno de los principales museos\u00a0del mundo as\u00ed como uno de los m\u00e1s antiguos. Todos los a\u00f1os, millones de visitantes que vienen\u00a0a Florencia y a\u00a0Toscana entran a la Galer\u00eda para admirar con sus propios ojos algunas de las famosas obras maestras que han [&hellip;]<\/p>\n","protected":false},"author":6,"featured_media":0,"parent":0,"menu_order":0,"comment_status":"open","ping_status":"open","template":"","meta":{"ngg_post_thumbnail":0,"footnotes":""},"class_list":["post-1680","page","type-page","status-publish","hentry"],"yoast_head":"<!-- This site is optimized with the Yoast SEO plugin v27.3 - https:\/\/yoast.com\/product\/yoast-seo-wordpress\/ -->\n<title>Planea tu vista en la Galer\u00eda Uffizi: localizaci\u00f3n, horarios, boletos<\/title>\n<meta name=\"description\" content=\"Toda la informaci\u00f3n necesaria para tu visita, horarios de apertura, localizaci\u00f3n, tipos de boletos, servicios y plantas.\" \/>\n<meta name=\"robots\" content=\"index, follow, max-snippet:-1, max-image-preview:large, max-video-preview:-1\" \/>\n<link rel=\"canonical\" href=\"https:\/\/www.visituffizi.org\/es\/planea-tu-visita\/\" \/>\n<meta property=\"og:locale\" content=\"es_ES\" \/>\n<meta property=\"og:type\" content=\"article\" \/>\n<meta property=\"og:title\" content=\"Planea tu vista en la Galer\u00eda Uffizi: localizaci\u00f3n, horarios, boletos\" \/>\n<meta property=\"og:description\" content=\"Toda la informaci\u00f3n necesaria para tu visita, horarios de apertura, localizaci\u00f3n, tipos de boletos, servicios y plantas.\" \/>\n<meta property=\"og:url\" content=\"https:\/\/www.visituffizi.org\/es\/planea-tu-visita\/\" \/>\n<meta property=\"og:site_name\" content=\"Visit Uffizi\" \/>\n<meta property=\"article:modified_time\" content=\"2018-03-05T08:30:44+00:00\" \/>\n<meta name=\"twitter:label1\" content=\"Tiempo de lectura\" \/>\n\t<meta name=\"twitter:data1\" content=\"2 minutos\" \/>\n<script type=\"application\/ld+json\" class=\"yoast-schema-graph\">{\"@context\":\"https:\\\/\\\/schema.org\",\"@graph\":[{\"@type\":\"WebPage\",\"@id\":\"https:\\\/\\\/www.visituffizi.org\\\/es\\\/planea-tu-visita\\\/\",\"url\":\"https:\\\/\\\/www.visituffizi.org\\\/es\\\/planea-tu-visita\\\/\",\"name\":\"Planea tu vista en la Galer\u00eda Uffizi: localizaci\u00f3n, horarios, boletos\",\"isPartOf\":{\"@id\":\"https:\\\/\\\/www.visituffizi.org\\\/it\\\/#website\"},\"datePublished\":\"2015-02-13T19:13:59+00:00\",\"dateModified\":\"2018-03-05T08:30:44+00:00\",\"description\":\"Toda la informaci\u00f3n necesaria para tu visita, horarios de apertura, localizaci\u00f3n, tipos de boletos, servicios y plantas.\",\"breadcrumb\":{\"@id\":\"https:\\\/\\\/www.visituffizi.org\\\/es\\\/planea-tu-visita\\\/#breadcrumb\"},\"inLanguage\":\"es\",\"potentialAction\":[{\"@type\":\"ReadAction\",\"target\":[\"https:\\\/\\\/www.visituffizi.org\\\/es\\\/planea-tu-visita\\\/\"]}]},{\"@type\":\"BreadcrumbList\",\"@id\":\"https:\\\/\\\/www.visituffizi.org\\\/es\\\/planea-tu-visita\\\/#breadcrumb\",\"itemListElement\":[{\"@type\":\"ListItem\",\"position\":1,\"name\":\"Home\",\"item\":\"https:\\\/\\\/www.visituffizi.org\\\/es\\\/\"},{\"@type\":\"ListItem\",\"position\":2,\"name\":\"Planea tu visita\"}]},{\"@type\":\"WebSite\",\"@id\":\"https:\\\/\\\/www.visituffizi.org\\\/it\\\/#website\",\"url\":\"https:\\\/\\\/www.visituffizi.org\\\/it\\\/\",\"name\":\"Visit Uffizi\",\"description\":\"Guide to Uffizi Museum in Florence\",\"potentialAction\":[{\"@type\":\"SearchAction\",\"target\":{\"@type\":\"EntryPoint\",\"urlTemplate\":\"https:\\\/\\\/www.visituffizi.org\\\/it\\\/?s={search_term_string}\"},\"query-input\":{\"@type\":\"PropertyValueSpecification\",\"valueRequired\":true,\"valueName\":\"search_term_string\"}}],\"inLanguage\":\"es\"}]}<\/script>\n<!-- \/ Yoast SEO plugin. -->","yoast_head_json":{"title":"Planea tu vista en la Galer\u00eda Uffizi: localizaci\u00f3n, horarios, boletos","description":"Toda la informaci\u00f3n necesaria para tu visita, horarios de apertura, localizaci\u00f3n, tipos de boletos, servicios y plantas.","robots":{"index":"index","follow":"follow","max-snippet":"max-snippet:-1","max-image-preview":"max-image-preview:large","max-video-preview":"max-video-preview:-1"},"canonical":"https:\/\/www.visituffizi.org\/es\/planea-tu-visita\/","og_locale":"es_ES","og_type":"article","og_title":"Planea tu vista en la Galer\u00eda Uffizi: localizaci\u00f3n, horarios, boletos","og_description":"Toda la informaci\u00f3n necesaria para tu visita, horarios de apertura, localizaci\u00f3n, tipos de boletos, servicios y plantas.","og_url":"https:\/\/www.visituffizi.org\/es\/planea-tu-visita\/","og_site_name":"Visit Uffizi","article_modified_time":"2018-03-05T08:30:44+00:00","twitter_misc":{"Tiempo de lectura":"2 minutos"},"schema":{"@context":"https:\/\/schema.org","@graph":[{"@type":"WebPage","@id":"https:\/\/www.visituffizi.org\/es\/planea-tu-visita\/","url":"https:\/\/www.visituffizi.org\/es\/planea-tu-visita\/","name":"Planea tu vista en la Galer\u00eda Uffizi: localizaci\u00f3n, horarios, boletos","isPartOf":{"@id":"https:\/\/www.visituffizi.org\/it\/#website"},"datePublished":"2015-02-13T19:13:59+00:00","dateModified":"2018-03-05T08:30:44+00:00","description":"Toda la informaci\u00f3n necesaria para tu visita, horarios de apertura, localizaci\u00f3n, tipos de boletos, servicios y plantas.","breadcrumb":{"@id":"https:\/\/www.visituffizi.org\/es\/planea-tu-visita\/#breadcrumb"},"inLanguage":"es","potentialAction":[{"@type":"ReadAction","target":["https:\/\/www.visituffizi.org\/es\/planea-tu-visita\/"]}]},{"@type":"BreadcrumbList","@id":"https:\/\/www.visituffizi.org\/es\/planea-tu-visita\/#breadcrumb","itemListElement":[{"@type":"ListItem","position":1,"name":"Home","item":"https:\/\/www.visituffizi.org\/es\/"},{"@type":"ListItem","position":2,"name":"Planea tu visita"}]},{"@type":"WebSite","@id":"https:\/\/www.visituffizi.org\/it\/#website","url":"https:\/\/www.visituffizi.org\/it\/","name":"Visit Uffizi","description":"Guide to Uffizi Museum in Florence","potentialAction":[{"@type":"SearchAction","target":{"@type":"EntryPoint","urlTemplate":"https:\/\/www.visituffizi.org\/it\/?s={search_term_string}"},"query-input":{"@type":"PropertyValueSpecification","valueRequired":true,"valueName":"search_term_string"}}],"inLanguage":"es"}]}},"_links":{"self":[{"href":"https:\/\/www.visituffizi.org\/es\/wp-json\/wp\/v2\/pages\/1680","targetHints":{"allow":["GET"]}}],"collection":[{"href":"https:\/\/www.visituffizi.org\/es\/wp-json\/wp\/v2\/pages"}],"about":[{"href":"https:\/\/www.visituffizi.org\/es\/wp-json\/wp\/v2\/types\/page"}],"author":[{"embeddable":true,"href":"https:\/\/www.visituffizi.org\/es\/wp-json\/wp\/v2\/users\/6"}],"replies":[{"embeddable":true,"href":"https:\/\/www.visituffizi.org\/es\/wp-json\/wp\/v2\/comments?post=1680"}],"version-history":[{"count":0,"href":"https:\/\/www.visituffizi.org\/es\/wp-json\/wp\/v2\/pages\/1680\/revisions"}],"wp:attachment":[{"href":"https:\/\/www.visituffizi.org\/es\/wp-json\/wp\/v2\/media?parent=1680"}],"curies":[{"name":"wp","href":"https:\/\/api.w.org\/{rel}","templated":true}]}}