{"id":1682,"date":"2015-02-13T20:41:40","date_gmt":"2015-02-13T20:41:40","guid":{"rendered":"https:\/\/www.visituffizi.org\/?page_id=1682"},"modified":"2015-09-29T17:34:22","modified_gmt":"2015-09-29T17:34:22","slug":"en-donde-esta-la-galeria-uffizi","status":"publish","type":"page","link":"https:\/\/www.visituffizi.org\/es\/planea-tu-visita\/en-donde-esta-la-galeria-uffizi\/","title":{"rendered":"D\u00f3nde se localiza la Galer\u00eda Uffizi?"},"content":{"rendered":"ngg_shortcode_0_placeholder\n<h1><span lang=\"ES-MX\"><span style=\"color: #000000; font-family: Calibri;\">\u00bfD\u00f3nde se localiza\u00a0la Galer\u00eda Uffizi?<\/span><\/span><\/h1>\n<p>La Galer\u00eda Uffizi se encuentra en el coraz\u00f3n de Florencia,\u00a0 justo a\u00a0un lado\u00a0de la <strong>Plaza de la Signoria<\/strong> y su bell\u00edsimo <strong>Palacio Vecchio<\/strong>. Localizada exactamente entre el\u00a0Palacio Vecchio y el r\u00edo Arno, con una bell\u00edsima vista al Puente Vecchio.<\/p>\n<p><iframe loading=\"lazy\" src=\"https:\/\/maps.google.it\/maps?f=q&amp;source=s_q&amp;hl=en&amp;geocode=&amp;q=uffizi+gallery&amp;aq=&amp;sll=43.355179,11.029038&amp;sspn=3.582451,6.751099&amp;ie=UTF8&amp;hq=uffizi+gallery&amp;t=m&amp;cid=14834496294842582221&amp;hnear=&amp;ll=43.776982,11.255922&amp;spn=0.027888,0.052271&amp;z=14&amp;iwloc=A&amp;output=embed\" width=\"610\" height=\"450\" frameborder=\"0\" marginwidth=\"0\" marginheight=\"0\" scrolling=\"no\"><\/iframe><\/p>\n<h2>Direcci\u00f3n de la Galer<span style=\"font-family: Calibri;\">\u00ed<\/span>a Uffizi<\/h2>\n<p>Galleria degli Uffizi<br \/>\nPiazzale degli Uffizi, 6<br \/>\n50122 Florence, Italy<br \/>\n<strong>Tel\u00e9fono<\/strong>:\u00a0+39 055 238 8651<\/p>\n<h3>\u00bfC\u00f3mo llegar a la Galer\u00eda Uffizi?<\/h3>\n<p>Se puede llegar a Florencia en avi\u00f3n, auto y en tren.<\/p>\n<p>En avi\u00f3n, se llega al aeropuerto de Florencia, <strong>Amerigo Vespucci<\/strong>, de ah\u00ed se puede tomar el autob\u00fas \u201cVOLA IN BUS\u201d para la estaci\u00f3n Santa Mar\u00eda Novella o un <strong>taxi<\/strong> directamente a la Galer\u00eda.<\/p>\n<p>En auto, el <strong>estacionamiento m\u00e1s cercano<\/strong> se encuentra bajo la estaci\u00f3n de trenes Santa Mar\u00eda Novella (SMN).<\/p>\n<p>Si llegas en tren, llegar\u00e1s a la estaci\u00f3n Santa Mar\u00eda Novella.<\/p>\n<p>Una vez que te encuentres en Florencia, desde la estaci\u00f3n de trenes SMN, se puede f\u00e1cilmente llegar a la Galer\u00eda Uffizi <strong>a pie<\/strong> en aproximadamente 10 minutos. De la estaci\u00f3n de trenes, toma Via Cerretani hasta llegar a la Plaza del Domo (Piazza del Duomo), despu\u00e9s\u00a0Via Calzaiuoli con direcci\u00f3n a la Plaza de la Signoria. Una vez que se llega frente al Palacio Vecchio,\u00a0caminar\u00a0hacia\u00a0la esquina del Palacio y la Loggia dei Lanzi: haz llegado a la Galer\u00eda Uffizi. La entrada se encuentra hacia la izquierda (puerta 2) y la taquilla para recojer los boletos comprados online (puerta 3) hacia la derecha en direcci\u00f3n al r\u00edo Arno.<\/p>\n","protected":false},"excerpt":{"rendered":"<p>\u00bfD\u00f3nde se localiza\u00a0la Galer\u00eda Uffizi? La Galer\u00eda Uffizi se encuentra en el coraz\u00f3n de Florencia,\u00a0 justo a\u00a0un lado\u00a0de la Plaza de la Signoria y su bell\u00edsimo Palacio Vecchio. Localizada exactamente entre el\u00a0Palacio Vecchio y el r\u00edo Arno, con una bell\u00edsima vista al Puente Vecchio. Direcci\u00f3n de la Galer\u00eda Uffizi Galleria degli Uffizi Piazzale degli Uffizi, [&hellip;]<\/p>\n","protected":false},"author":6,"featured_media":0,"parent":1680,"menu_order":1,"comment_status":"open","ping_status":"closed","template":"","meta":{"ngg_post_thumbnail":0,"footnotes":""},"class_list":["post-1682","page","type-page","status-publish","hentry"],"yoast_head":"<!-- This site is optimized with the Yoast SEO plugin v27.4 - https:\/\/yoast.com\/product\/yoast-seo-wordpress\/ -->\n<title>Localizaci\u00f3n de la Galer\u00eda Uffizi en Florencia: direcci\u00f3n y mapa<\/title>\n<meta name=\"description\" content=\"La Galer\u00eda Uffizi, localizada a un lado del Palacio Vecchio en el coraz\u00f3n de Florencia encuentra las indicaciones de como llegar.\" \/>\n<meta name=\"robots\" content=\"index, follow, max-snippet:-1, max-image-preview:large, max-video-preview:-1\" \/>\n<link rel=\"canonical\" href=\"https:\/\/www.visituffizi.org\/es\/planea-tu-visita\/en-donde-esta-la-galeria-uffizi\/\" \/>\n<meta property=\"og:locale\" content=\"es_ES\" \/>\n<meta property=\"og:type\" content=\"article\" \/>\n<meta property=\"og:title\" content=\"Localizaci\u00f3n de la Galer\u00eda Uffizi en Florencia: direcci\u00f3n y mapa\" \/>\n<meta property=\"og:description\" content=\"La Galer\u00eda Uffizi, localizada a un lado del Palacio Vecchio en el coraz\u00f3n de Florencia encuentra las indicaciones de como llegar.\" \/>\n<meta property=\"og:url\" content=\"https:\/\/www.visituffizi.org\/es\/planea-tu-visita\/en-donde-esta-la-galeria-uffizi\/\" \/>\n<meta property=\"og:site_name\" content=\"Visit Uffizi\" \/>\n<meta property=\"article:modified_time\" content=\"2015-09-29T17:34:22+00:00\" \/>\n<meta name=\"twitter:label1\" content=\"Tiempo de lectura\" \/>\n\t<meta name=\"twitter:data1\" content=\"1 minuto\" \/>\n<script type=\"application\/ld+json\" class=\"yoast-schema-graph\">{\"@context\":\"https:\\\/\\\/schema.org\",\"@graph\":[{\"@type\":\"WebPage\",\"@id\":\"https:\\\/\\\/www.visituffizi.org\\\/es\\\/planea-tu-visita\\\/en-donde-esta-la-galeria-uffizi\\\/\",\"url\":\"https:\\\/\\\/www.visituffizi.org\\\/es\\\/planea-tu-visita\\\/en-donde-esta-la-galeria-uffizi\\\/\",\"name\":\"Localizaci\u00f3n de la Galer\u00eda Uffizi en Florencia: direcci\u00f3n y mapa\",\"isPartOf\":{\"@id\":\"https:\\\/\\\/www.visituffizi.org\\\/it\\\/#website\"},\"datePublished\":\"2015-02-13T20:41:40+00:00\",\"dateModified\":\"2015-09-29T17:34:22+00:00\",\"description\":\"La Galer\u00eda Uffizi, localizada a un lado del Palacio Vecchio en el coraz\u00f3n de Florencia encuentra las indicaciones de como llegar.\",\"breadcrumb\":{\"@id\":\"https:\\\/\\\/www.visituffizi.org\\\/es\\\/planea-tu-visita\\\/en-donde-esta-la-galeria-uffizi\\\/#breadcrumb\"},\"inLanguage\":\"es\",\"potentialAction\":[{\"@type\":\"ReadAction\",\"target\":[\"https:\\\/\\\/www.visituffizi.org\\\/es\\\/planea-tu-visita\\\/en-donde-esta-la-galeria-uffizi\\\/\"]}]},{\"@type\":\"BreadcrumbList\",\"@id\":\"https:\\\/\\\/www.visituffizi.org\\\/es\\\/planea-tu-visita\\\/en-donde-esta-la-galeria-uffizi\\\/#breadcrumb\",\"itemListElement\":[{\"@type\":\"ListItem\",\"position\":1,\"name\":\"Home\",\"item\":\"https:\\\/\\\/www.visituffizi.org\\\/es\\\/\"},{\"@type\":\"ListItem\",\"position\":2,\"name\":\"Planea tu visita\",\"item\":\"https:\\\/\\\/www.visituffizi.org\\\/es\\\/planea-tu-visita\\\/\"},{\"@type\":\"ListItem\",\"position\":3,\"name\":\"D\u00f3nde se localiza la Galer\u00eda Uffizi?\"}]},{\"@type\":\"WebSite\",\"@id\":\"https:\\\/\\\/www.visituffizi.org\\\/it\\\/#website\",\"url\":\"https:\\\/\\\/www.visituffizi.org\\\/it\\\/\",\"name\":\"Visit Uffizi\",\"description\":\"Guide to Uffizi Museum in Florence\",\"potentialAction\":[{\"@type\":\"SearchAction\",\"target\":{\"@type\":\"EntryPoint\",\"urlTemplate\":\"https:\\\/\\\/www.visituffizi.org\\\/it\\\/?s={search_term_string}\"},\"query-input\":{\"@type\":\"PropertyValueSpecification\",\"valueRequired\":true,\"valueName\":\"search_term_string\"}}],\"inLanguage\":\"es\"}]}<\/script>\n<!-- \/ Yoast SEO plugin. -->","yoast_head_json":{"title":"Localizaci\u00f3n de la Galer\u00eda Uffizi en Florencia: direcci\u00f3n y mapa","description":"La Galer\u00eda Uffizi, localizada a un lado del Palacio Vecchio en el coraz\u00f3n de Florencia encuentra las indicaciones de como llegar.","robots":{"index":"index","follow":"follow","max-snippet":"max-snippet:-1","max-image-preview":"max-image-preview:large","max-video-preview":"max-video-preview:-1"},"canonical":"https:\/\/www.visituffizi.org\/es\/planea-tu-visita\/en-donde-esta-la-galeria-uffizi\/","og_locale":"es_ES","og_type":"article","og_title":"Localizaci\u00f3n de la Galer\u00eda Uffizi en Florencia: direcci\u00f3n y mapa","og_description":"La Galer\u00eda Uffizi, localizada a un lado del Palacio Vecchio en el coraz\u00f3n de Florencia encuentra las indicaciones de como llegar.","og_url":"https:\/\/www.visituffizi.org\/es\/planea-tu-visita\/en-donde-esta-la-galeria-uffizi\/","og_site_name":"Visit Uffizi","article_modified_time":"2015-09-29T17:34:22+00:00","twitter_misc":{"Tiempo de lectura":"1 minuto"},"schema":{"@context":"https:\/\/schema.org","@graph":[{"@type":"WebPage","@id":"https:\/\/www.visituffizi.org\/es\/planea-tu-visita\/en-donde-esta-la-galeria-uffizi\/","url":"https:\/\/www.visituffizi.org\/es\/planea-tu-visita\/en-donde-esta-la-galeria-uffizi\/","name":"Localizaci\u00f3n de la Galer\u00eda Uffizi en Florencia: direcci\u00f3n y mapa","isPartOf":{"@id":"https:\/\/www.visituffizi.org\/it\/#website"},"datePublished":"2015-02-13T20:41:40+00:00","dateModified":"2015-09-29T17:34:22+00:00","description":"La Galer\u00eda Uffizi, localizada a un lado del Palacio Vecchio en el coraz\u00f3n de Florencia encuentra las indicaciones de como llegar.","breadcrumb":{"@id":"https:\/\/www.visituffizi.org\/es\/planea-tu-visita\/en-donde-esta-la-galeria-uffizi\/#breadcrumb"},"inLanguage":"es","potentialAction":[{"@type":"ReadAction","target":["https:\/\/www.visituffizi.org\/es\/planea-tu-visita\/en-donde-esta-la-galeria-uffizi\/"]}]},{"@type":"BreadcrumbList","@id":"https:\/\/www.visituffizi.org\/es\/planea-tu-visita\/en-donde-esta-la-galeria-uffizi\/#breadcrumb","itemListElement":[{"@type":"ListItem","position":1,"name":"Home","item":"https:\/\/www.visituffizi.org\/es\/"},{"@type":"ListItem","position":2,"name":"Planea tu visita","item":"https:\/\/www.visituffizi.org\/es\/planea-tu-visita\/"},{"@type":"ListItem","position":3,"name":"D\u00f3nde se localiza la Galer\u00eda Uffizi?"}]},{"@type":"WebSite","@id":"https:\/\/www.visituffizi.org\/it\/#website","url":"https:\/\/www.visituffizi.org\/it\/","name":"Visit Uffizi","description":"Guide to Uffizi Museum in Florence","potentialAction":[{"@type":"SearchAction","target":{"@type":"EntryPoint","urlTemplate":"https:\/\/www.visituffizi.org\/it\/?s={search_term_string}"},"query-input":{"@type":"PropertyValueSpecification","valueRequired":true,"valueName":"search_term_string"}}],"inLanguage":"es"}]}},"_links":{"self":[{"href":"https:\/\/www.visituffizi.org\/es\/wp-json\/wp\/v2\/pages\/1682","targetHints":{"allow":["GET"]}}],"collection":[{"href":"https:\/\/www.visituffizi.org\/es\/wp-json\/wp\/v2\/pages"}],"about":[{"href":"https:\/\/www.visituffizi.org\/es\/wp-json\/wp\/v2\/types\/page"}],"author":[{"embeddable":true,"href":"https:\/\/www.visituffizi.org\/es\/wp-json\/wp\/v2\/users\/6"}],"replies":[{"embeddable":true,"href":"https:\/\/www.visituffizi.org\/es\/wp-json\/wp\/v2\/comments?post=1682"}],"version-history":[{"count":0,"href":"https:\/\/www.visituffizi.org\/es\/wp-json\/wp\/v2\/pages\/1682\/revisions"}],"up":[{"embeddable":true,"href":"https:\/\/www.visituffizi.org\/es\/wp-json\/wp\/v2\/pages\/1680"}],"wp:attachment":[{"href":"https:\/\/www.visituffizi.org\/es\/wp-json\/wp\/v2\/media?parent=1682"}],"curies":[{"name":"wp","href":"https:\/\/api.w.org\/{rel}","templated":true}]}}