{"id":1684,"date":"2015-02-16T18:28:43","date_gmt":"2015-02-16T18:28:43","guid":{"rendered":"https:\/\/www.visituffizi.org\/?page_id=1684"},"modified":"2015-07-15T17:41:39","modified_gmt":"2015-07-15T17:41:39","slug":"boletos-de-admision","status":"publish","type":"page","link":"https:\/\/www.visituffizi.org\/es\/planea-tu-visita\/boletos-de-admision\/","title":{"rendered":"Boletos de Admisi\u00f3n"},"content":{"rendered":"ngg_shortcode_0_placeholder\n<h1>Boletos para el Museo<\/h1>\n<p>Existen tres tipos de boletos: entero, reducido y gratuito. La mayor\u00eda de los visitantes pagan boleto completo para visitar la Galer\u00eda de los Uffizi.<\/p>\n<p><strong><span style=\"text-decoration: underline;\"><em>NOTA<\/em><\/span>: Costos de servicio y costos extras debido a exposiciones temporales tienen siempre un costo adicional, incluso para aquellos que se benefician de entradas reducidas o gratuitas<\/strong>.<\/p>\n<h2>Boleto Entero<\/h2>\n<ul>\n<li>Todos los ciudadanos no pertenecientes a la Comunidad Europea mayores de 18 a\u00f1os<\/li>\n<li>Todos los ciudadanos pertenecientes a la Comunidad Europea mayores de 25 a\u00f1os.<\/li>\n<\/ul>\n<p>Revisa a continuaci\u00f3n para ver si calificas para un boleto reducido o gratuito.<\/p>\n<h2>Boleto Reducido<\/h2>\n<ul>\n<li>Ciudadanos pertenecientes a la Comunidad Europea de 18 a 25 a\u00f1os (presentar\u00a0 identificaci\u00f3n v\u00e1lida a la entrada)<\/li>\n<li>Maestros de institutos p\u00fablicos pertenecientes a la Comunidad Europea (Ciudad del Vaticano, Montecarlo, Suiza, Luxemburgo, Republica de San Marino y Liechtenstein est\u00e1n incluidas)\u00a0con identificaci\u00f3n que pruebe residencia.<\/li>\n<\/ul>\n<h2>Boleto Gratuito<\/h2>\n<ul>\n<li>Menores de 18 a\u00f1os, sin importar la nacionalidad (presentar un documento\u00a0v\u00e1lido a la entrada)*<\/li>\n<li>Ciudadanos pertenecientes a la Comunidad Europea minusv\u00e1lidos o con alguna discapacidad\u00a0y\u00a0un miembro de la familia de acompa\u00f1ante.<\/li>\n<li>Miembros del ICOM (Consejo Internacional de Museos)<\/li>\n<li>Periodistas con credencial vigente que demuestre su situaci\u00f3n profesional.<\/li>\n<\/ul>\n<p>Las visitas de grupos escol\u00e1sticos deben hacer reservaci\u00f3n con tiempo de anticipaci\u00f3n enviando un correo electr\u00f3nico a: <a href=\"mailto:firenzemusei@operalaboratori.com\" target=\"_blank\">firenzemusei@operalaboratori.com<\/a><\/p>\n<p>* Si est\u00e1s reservando boletos\u00a0online para\u00a0tu familia\u00a0y tienes ni\u00f1os, solo tienes que\u00a0<strong>reservar boletos\u00a0\u201cgratuitos<\/strong>\u201d para ni\u00f1os de<strong> 6 a 17 a\u00f1os, <\/strong>ni\u00f1os menores de 5 a\u00f1os no necesitan boleto.<\/p>\n<h3>Domingo en el Museo<\/h3>\n<p>A partir del 6 de Julio del 2014, el <strong>primer domingo de cada mes<\/strong> la entrada al museo\u00a0es \u00abDomingo en el\u00a0Museo\u00bb esto quiere decir que la <strong>admisi\u00f3n es gratuita para todos<\/strong>. No\u00a0es posible reservar esta fecha\u00a0online, con el fin de dar a todos los visitantes la misma\u00a0oportunidad\u00a0 de entrar y visitar el museo de forma gratuita. Revisa las <a href=\"https:\/\/www.visituffizi.org\/es\/1799-entradas-gratuitas-el-primer-domingo-del-mes\/\">fechas para el 2015<\/a>.<\/p>\n","protected":false},"excerpt":{"rendered":"<p>Boletos para el Museo Existen tres tipos de boletos: entero, reducido y gratuito. La mayor\u00eda de los visitantes pagan boleto completo para visitar la Galer\u00eda de los Uffizi. NOTA: Costos de servicio y costos extras debido a exposiciones temporales tienen siempre un costo adicional, incluso para aquellos que se benefician de entradas reducidas o gratuitas. [&hellip;]<\/p>\n","protected":false},"author":6,"featured_media":0,"parent":1680,"menu_order":0,"comment_status":"open","ping_status":"closed","template":"","meta":{"ngg_post_thumbnail":0,"footnotes":""},"class_list":["post-1684","page","type-page","status-publish","hentry"],"yoast_head":"<!-- This site is optimized with the Yoast SEO plugin v27.3 - https:\/\/yoast.com\/product\/yoast-seo-wordpress\/ -->\n<title>Boletos para la Galer\u00eda Uffizi, diferentes tipos de boletos para el Museo<\/title>\n<meta name=\"description\" content=\"Existen tres tipos de boletos para entrar a la Galer\u00eda Uffizi: entero, reducido y gratuito. Lee m\u00e1s detalles y busca que tipo de boleto se adapta a ti.\" \/>\n<meta name=\"robots\" content=\"index, follow, max-snippet:-1, max-image-preview:large, max-video-preview:-1\" \/>\n<link rel=\"canonical\" href=\"https:\/\/www.visituffizi.org\/es\/planea-tu-visita\/boletos-de-admision\/\" \/>\n<meta property=\"og:locale\" content=\"es_ES\" \/>\n<meta property=\"og:type\" content=\"article\" \/>\n<meta property=\"og:title\" content=\"Boletos para la Galer\u00eda Uffizi, diferentes tipos de boletos para el Museo\" \/>\n<meta property=\"og:description\" content=\"Existen tres tipos de boletos para entrar a la Galer\u00eda Uffizi: entero, reducido y gratuito. Lee m\u00e1s detalles y busca que tipo de boleto se adapta a ti.\" \/>\n<meta property=\"og:url\" content=\"https:\/\/www.visituffizi.org\/es\/planea-tu-visita\/boletos-de-admision\/\" \/>\n<meta property=\"og:site_name\" content=\"Visit Uffizi\" \/>\n<meta property=\"article:modified_time\" content=\"2015-07-15T17:41:39+00:00\" \/>\n<meta name=\"twitter:label1\" content=\"Tiempo de lectura\" \/>\n\t<meta name=\"twitter:data1\" content=\"2 minutos\" \/>\n<script type=\"application\/ld+json\" class=\"yoast-schema-graph\">{\"@context\":\"https:\\\/\\\/schema.org\",\"@graph\":[{\"@type\":\"WebPage\",\"@id\":\"https:\\\/\\\/www.visituffizi.org\\\/es\\\/planea-tu-visita\\\/boletos-de-admision\\\/\",\"url\":\"https:\\\/\\\/www.visituffizi.org\\\/es\\\/planea-tu-visita\\\/boletos-de-admision\\\/\",\"name\":\"Boletos para la Galer\u00eda Uffizi, diferentes tipos de boletos para el Museo\",\"isPartOf\":{\"@id\":\"https:\\\/\\\/www.visituffizi.org\\\/it\\\/#website\"},\"datePublished\":\"2015-02-16T18:28:43+00:00\",\"dateModified\":\"2015-07-15T17:41:39+00:00\",\"description\":\"Existen tres tipos de boletos para entrar a la Galer\u00eda Uffizi: entero, reducido y gratuito. Lee m\u00e1s detalles y busca que tipo de boleto se adapta a ti.\",\"breadcrumb\":{\"@id\":\"https:\\\/\\\/www.visituffizi.org\\\/es\\\/planea-tu-visita\\\/boletos-de-admision\\\/#breadcrumb\"},\"inLanguage\":\"es\",\"potentialAction\":[{\"@type\":\"ReadAction\",\"target\":[\"https:\\\/\\\/www.visituffizi.org\\\/es\\\/planea-tu-visita\\\/boletos-de-admision\\\/\"]}]},{\"@type\":\"BreadcrumbList\",\"@id\":\"https:\\\/\\\/www.visituffizi.org\\\/es\\\/planea-tu-visita\\\/boletos-de-admision\\\/#breadcrumb\",\"itemListElement\":[{\"@type\":\"ListItem\",\"position\":1,\"name\":\"Home\",\"item\":\"https:\\\/\\\/www.visituffizi.org\\\/es\\\/\"},{\"@type\":\"ListItem\",\"position\":2,\"name\":\"Planea tu visita\",\"item\":\"https:\\\/\\\/www.visituffizi.org\\\/es\\\/planea-tu-visita\\\/\"},{\"@type\":\"ListItem\",\"position\":3,\"name\":\"Boletos de Admisi\u00f3n\"}]},{\"@type\":\"WebSite\",\"@id\":\"https:\\\/\\\/www.visituffizi.org\\\/it\\\/#website\",\"url\":\"https:\\\/\\\/www.visituffizi.org\\\/it\\\/\",\"name\":\"Visit Uffizi\",\"description\":\"Guide to Uffizi Museum in Florence\",\"potentialAction\":[{\"@type\":\"SearchAction\",\"target\":{\"@type\":\"EntryPoint\",\"urlTemplate\":\"https:\\\/\\\/www.visituffizi.org\\\/it\\\/?s={search_term_string}\"},\"query-input\":{\"@type\":\"PropertyValueSpecification\",\"valueRequired\":true,\"valueName\":\"search_term_string\"}}],\"inLanguage\":\"es\"}]}<\/script>\n<!-- \/ Yoast SEO plugin. -->","yoast_head_json":{"title":"Boletos para la Galer\u00eda Uffizi, diferentes tipos de boletos para el Museo","description":"Existen tres tipos de boletos para entrar a la Galer\u00eda Uffizi: entero, reducido y gratuito. Lee m\u00e1s detalles y busca que tipo de boleto se adapta a ti.","robots":{"index":"index","follow":"follow","max-snippet":"max-snippet:-1","max-image-preview":"max-image-preview:large","max-video-preview":"max-video-preview:-1"},"canonical":"https:\/\/www.visituffizi.org\/es\/planea-tu-visita\/boletos-de-admision\/","og_locale":"es_ES","og_type":"article","og_title":"Boletos para la Galer\u00eda Uffizi, diferentes tipos de boletos para el Museo","og_description":"Existen tres tipos de boletos para entrar a la Galer\u00eda Uffizi: entero, reducido y gratuito. Lee m\u00e1s detalles y busca que tipo de boleto se adapta a ti.","og_url":"https:\/\/www.visituffizi.org\/es\/planea-tu-visita\/boletos-de-admision\/","og_site_name":"Visit Uffizi","article_modified_time":"2015-07-15T17:41:39+00:00","twitter_misc":{"Tiempo de lectura":"2 minutos"},"schema":{"@context":"https:\/\/schema.org","@graph":[{"@type":"WebPage","@id":"https:\/\/www.visituffizi.org\/es\/planea-tu-visita\/boletos-de-admision\/","url":"https:\/\/www.visituffizi.org\/es\/planea-tu-visita\/boletos-de-admision\/","name":"Boletos para la Galer\u00eda Uffizi, diferentes tipos de boletos para el Museo","isPartOf":{"@id":"https:\/\/www.visituffizi.org\/it\/#website"},"datePublished":"2015-02-16T18:28:43+00:00","dateModified":"2015-07-15T17:41:39+00:00","description":"Existen tres tipos de boletos para entrar a la Galer\u00eda Uffizi: entero, reducido y gratuito. Lee m\u00e1s detalles y busca que tipo de boleto se adapta a ti.","breadcrumb":{"@id":"https:\/\/www.visituffizi.org\/es\/planea-tu-visita\/boletos-de-admision\/#breadcrumb"},"inLanguage":"es","potentialAction":[{"@type":"ReadAction","target":["https:\/\/www.visituffizi.org\/es\/planea-tu-visita\/boletos-de-admision\/"]}]},{"@type":"BreadcrumbList","@id":"https:\/\/www.visituffizi.org\/es\/planea-tu-visita\/boletos-de-admision\/#breadcrumb","itemListElement":[{"@type":"ListItem","position":1,"name":"Home","item":"https:\/\/www.visituffizi.org\/es\/"},{"@type":"ListItem","position":2,"name":"Planea tu visita","item":"https:\/\/www.visituffizi.org\/es\/planea-tu-visita\/"},{"@type":"ListItem","position":3,"name":"Boletos de Admisi\u00f3n"}]},{"@type":"WebSite","@id":"https:\/\/www.visituffizi.org\/it\/#website","url":"https:\/\/www.visituffizi.org\/it\/","name":"Visit Uffizi","description":"Guide to Uffizi Museum in Florence","potentialAction":[{"@type":"SearchAction","target":{"@type":"EntryPoint","urlTemplate":"https:\/\/www.visituffizi.org\/it\/?s={search_term_string}"},"query-input":{"@type":"PropertyValueSpecification","valueRequired":true,"valueName":"search_term_string"}}],"inLanguage":"es"}]}},"_links":{"self":[{"href":"https:\/\/www.visituffizi.org\/es\/wp-json\/wp\/v2\/pages\/1684","targetHints":{"allow":["GET"]}}],"collection":[{"href":"https:\/\/www.visituffizi.org\/es\/wp-json\/wp\/v2\/pages"}],"about":[{"href":"https:\/\/www.visituffizi.org\/es\/wp-json\/wp\/v2\/types\/page"}],"author":[{"embeddable":true,"href":"https:\/\/www.visituffizi.org\/es\/wp-json\/wp\/v2\/users\/6"}],"replies":[{"embeddable":true,"href":"https:\/\/www.visituffizi.org\/es\/wp-json\/wp\/v2\/comments?post=1684"}],"version-history":[{"count":0,"href":"https:\/\/www.visituffizi.org\/es\/wp-json\/wp\/v2\/pages\/1684\/revisions"}],"up":[{"embeddable":true,"href":"https:\/\/www.visituffizi.org\/es\/wp-json\/wp\/v2\/pages\/1680"}],"wp:attachment":[{"href":"https:\/\/www.visituffizi.org\/es\/wp-json\/wp\/v2\/media?parent=1684"}],"curies":[{"name":"wp","href":"https:\/\/api.w.org\/{rel}","templated":true}]}}