{"id":1685,"date":"2015-02-13T22:32:16","date_gmt":"2015-02-13T22:32:16","guid":{"rendered":"https:\/\/www.visituffizi.org\/?page_id=1685"},"modified":"2016-05-24T18:24:55","modified_gmt":"2016-05-24T18:24:55","slug":"servicios","status":"publish","type":"page","link":"https:\/\/www.visituffizi.org\/es\/planea-tu-visita\/servicios\/","title":{"rendered":"Servicios"},"content":{"rendered":"ngg_shortcode_0_placeholder\n<h1>Servicios que ofrece la Galer\u00eda de los Uffizi<\/h1>\n<h2>Audio gu\u00edas<\/h2>\n<p>Las gu\u00edas de audio est\u00e1n disponibles en Italiano, Ingl\u00e9s, Franc\u00e9s, Alem\u00e1n, Espa\u00f1ol y Japon\u00e9s. El costo individual es de \u20ac 6.<\/p>\n<h2>Librer\u00edas<\/h2>\n<p>Existen tres librer\u00edas en el museo, dos cerca de la entrada y otra m\u00e1s a la derecha antes de la salida del museo.<br \/>\nPodr\u00e1n comprar gu\u00edas en varios idiomas antes de iniciar su visita, as\u00ed como tambi\u00e9n recuerdos y objetos inspirados en las obras que se encuentran en la Galer\u00eda al finalizar su recorrido.<br \/>\nUna de las librer\u00edas\u00a0al ingreso se especializa en\u00a0publicaciones de arte para los interesados en informaci\u00f3n m\u00e1s detallada sobre obras maestras.<\/p>\n<p><strong>NOTA<\/strong>: Por favor paren y compren sus recuerdos antes de salir de los Uffizi, la librer\u00eda No tiene una entrada independiente y no se puede entrar sin un boleto vigente.\u00a0No pueden reentrar al museo para acceder a la librer\u00eda despu\u00e9s de salir de \u00e9l.<\/p>\n<h2>Guardarropa<\/h2>\n<p>Los guardarropas se encuentran cerca del ingreso. Todos los visitantes deben entregar sombrillas, bolsas grandes y mochilas. Las bebidas no son permitidas en el museo, por lo que \u00e9stas deben de ser dejadas en la bolsa o en la mochila.<\/p>\n<p>El servicio de guardarropa es gratuito.<\/p>\n<div id=\"attachment_1277\" style=\"width: 543px\" class=\"wp-caption aligncenter\"><img decoding=\"async\" aria-describedby=\"caption-attachment-1277\" class=\"size-large wp-image-1277\" src=\"https:\/\/www.visituffizi.org\/wp-content\/uploads\/2013\/02\/uffizi-terrace-533x400.jpg\" alt=\"The Uffizi terrace by the cafeteria\" width=\"533\" height=\"400\" srcset=\"https:\/\/www.visituffizi.org\/wp-content\/uploads\/2013\/02\/uffizi-terrace-533x400.jpg 533w, https:\/\/www.visituffizi.org\/wp-content\/uploads\/2013\/02\/uffizi-terrace-300x225.jpg 300w, https:\/\/www.visituffizi.org\/wp-content\/uploads\/2013\/02\/uffizi-terrace-100x75.jpg 100w, https:\/\/www.visituffizi.org\/wp-content\/uploads\/2013\/02\/uffizi-terrace-198x149.jpg 198w, https:\/\/www.visituffizi.org\/wp-content\/uploads\/2013\/02\/uffizi-terrace.jpg 800w\" sizes=\"(max-width: 533px) 100vw, 533px\" \/><p id=\"caption-attachment-1277\" class=\"wp-caption-text\">The Uffizi terrace over the Loggia dei Lanzi, by the cafeteria\/coffee shop<\/p><\/div>\n<h2>Bar\/Cafeter\u00eda<\/h2>\n<p>Existe un bar con servicio de restaurante en la parte final del segundo piso, localizada sobre la terraza de la Loggia dei Lanzi, de donde se puede admirar\u00a0la ciudad y el Palacio Vecchio, les recomendamos hacer una parada aqu\u00ed, incluso si no quieren comer o beber.<\/p>\n<h2>Servicio Postal<\/h2>\n<p>Cerca de la salida de la Galer\u00eda, se encuentra una peque\u00f1a oficina postal que ofrece los servicios principales, cambio de divisas, venta de timbres postales de colecci\u00f3n y env\u00edo de cualquier tipo de objeto adquirido en el negocio del Museo.<\/p>\n<h2><img decoding=\"async\" class=\"aligncenter size-large wp-image-1274\" src=\"https:\/\/www.visituffizi.org\/wp-content\/uploads\/2013\/12\/uffizi-by-touch-display-600x400.jpg\" alt=\"Uffizi by Touch Tour\" width=\"558\" height=\"372\" srcset=\"https:\/\/www.visituffizi.org\/wp-content\/uploads\/2013\/12\/uffizi-by-touch-display-600x400.jpg 600w, https:\/\/www.visituffizi.org\/wp-content\/uploads\/2013\/12\/uffizi-by-touch-display-180x120.jpg 180w, https:\/\/www.visituffizi.org\/wp-content\/uploads\/2013\/12\/uffizi-by-touch-display-300x200.jpg 300w, https:\/\/www.visituffizi.org\/wp-content\/uploads\/2013\/12\/uffizi-by-touch-display-100x66.jpg 100w, https:\/\/www.visituffizi.org\/wp-content\/uploads\/2013\/12\/uffizi-by-touch-display-223x149.jpg 223w, https:\/\/www.visituffizi.org\/wp-content\/uploads\/2013\/12\/uffizi-by-touch-display.jpg 800w\" sizes=\"(max-width: 558px) 100vw, 558px\" \/><\/h2>\n<h2>Visitantes con problemas de vista o incapacitados.<\/h2>\n<p>Los visitantes que tiene problemas de vista o incapacidad\u00a0total pueden visitar la Galer\u00eda Uffizi a trav\u00e9s del tour \u201c<strong>Uffizi da toccare<\/strong>\u201d. Para <a href=\"https:\/\/www.visituffizi.org\/es\/uffizi-da-toccare\/\">m\u00e1s informaci\u00f3n<\/a>.<\/p>\n<h2>Visitantes con problemas de movilidad\u00a0o discapacidad.<\/h2>\n<p>El museo dispone de ascensores cerca de la entrada y de la salida del museo. Estos son peque\u00f1os y probablemente habr\u00e1 que esperar.<\/p>\n<p>Para entrar a la Galer\u00eda Uffizi con silla de ruedas, es necesario <strong>usar la rampa en v\u00eda della Ninna<\/strong>. Desafortunadamente, existe un peque\u00f1o escal\u00f3n de 3-4 cms. de\u00a0 altura. Es\u00a0 aconsejable disponer de asistencia para subir sobre la rampa con la silla de ruedas.<\/p>\n<p>Para entrar a la Galer\u00eda Uffizi, usar la entrada n.1 donde encontrar\u00e1n una rampa. Este ingreso es para quien ya ha reservado boletos, de grupos o personales.<\/p>\n<p>La entrada n.2 es para la pre-venta de boletos y tiene un peque\u00f1o escal\u00f3n.<\/p>\n<p>Un ascensor\u00a0m\u00e1s grande se encuentra a un lado de la Galer\u00eda Buontalenti, en direcci\u00f3n a la\u00a0sala 38 del Museo. Es necesario pedir ayuda\u00a0al personal para usarlo. Este ascensor puede ser usado tambi\u00e9n por los visitantes que tienen dificultad para bajar por los peque\u00f1os escalones de la salida y es limitado para grupos de 3 a 5 personas.<\/p>\n<p>Grupos m\u00e1s amplios deben optar por salir caminando\u00a0o utilizar los otros dos ascensores del ingreso.<\/p>\n<p>Si su intenci\u00f3n es usar los ascensores, les aconsejamos de comunicar sus necesidades al personal del museo a su ingreso. El personal de la Galer\u00eda est\u00e1 a su disposici\u00f3n para proporcionarles una silla de ruedas m\u00e1s peque\u00f1a, en el caso que la suya sea muy grande para entrar en el ascensor (existen solo 3 sillas de ruedas para los visitantes, por este motivo es importante avisar al personal a su llegada).<\/p>\n<p>El ba\u00f1o\u00a0con acceso para discapacitados se encuentra en el tercer corredor del segundo piso, m\u00e1s o menos a la mitad. El personal de la Galer\u00eda les proporcionar\u00e1 la llave.<\/p>\n<h2>Accesos al \u00e1rea externa y a la terraza\/cafeter\u00eda.<\/h2>\n<p>El p\u00f3rtico\u00a0los lleva\u00a0directamente hacia el Arno pero actualmente es accesible s\u00f3lo\u00a0por la rampa de Via della Ninna (existen escalones alrededor de todo del p\u00f3rtico). La Galer\u00eda Uffizi est\u00e1 sufriendo importantes cambios para modernizar y mejorar la experiencia de todos los visitantes del museo y el acceso para discapacitados ser\u00e1 terminado pronto. Los trabajos continuar\u00e1n durante los pr\u00f3ximos a\u00f1os por lo que\u00a0 las condiciones de los servicios cambiaran seguramente con el tiempo.<\/p>\n<p>El acceso a la cafeter\u00eda y terraza es posible utilizando el\u00a0elevador para silla de ruedas, solicita ayuda al personal del museo.<\/p>\n<h2><\/h2>\n","protected":false},"excerpt":{"rendered":"<p>Servicios que ofrece la Galer\u00eda de los Uffizi Audio gu\u00edas Las gu\u00edas de audio est\u00e1n disponibles en Italiano, Ingl\u00e9s, Franc\u00e9s, Alem\u00e1n, Espa\u00f1ol y Japon\u00e9s. El costo individual es de \u20ac 6. Librer\u00edas Existen tres librer\u00edas en el museo, dos cerca de la entrada y otra m\u00e1s a la derecha antes de la salida del museo. [&hellip;]<\/p>\n","protected":false},"author":6,"featured_media":0,"parent":1680,"menu_order":0,"comment_status":"open","ping_status":"closed","template":"","meta":{"ngg_post_thumbnail":0,"footnotes":""},"class_list":["post-1685","page","type-page","status-publish","hentry"],"yoast_head":"<!-- This site is optimized with the Yoast SEO plugin v27.4 - https:\/\/yoast.com\/product\/yoast-seo-wordpress\/ -->\n<title>Servicios disponibles en la Galer\u00eda Uffizi: sillas de ruedas, librer\u00edas y m\u00e1s<\/title>\n<meta name=\"description\" content=\"Lista de los servicios que ofrece el Galer\u00eda Uffizi, desde librerias a sillas de ruedas, e informaci\u00f3n de ingreso para personas con alguna discapacidad.\" \/>\n<meta name=\"robots\" content=\"index, follow, max-snippet:-1, max-image-preview:large, max-video-preview:-1\" \/>\n<link rel=\"canonical\" href=\"https:\/\/www.visituffizi.org\/es\/planea-tu-visita\/servicios\/\" \/>\n<meta property=\"og:locale\" content=\"es_ES\" \/>\n<meta property=\"og:type\" content=\"article\" \/>\n<meta property=\"og:title\" content=\"Servicios disponibles en la Galer\u00eda Uffizi: sillas de ruedas, librer\u00edas y m\u00e1s\" \/>\n<meta property=\"og:description\" content=\"Lista de los servicios que ofrece el Galer\u00eda Uffizi, desde librerias a sillas de ruedas, e informaci\u00f3n de ingreso para personas con alguna discapacidad.\" \/>\n<meta property=\"og:url\" content=\"https:\/\/www.visituffizi.org\/es\/planea-tu-visita\/servicios\/\" \/>\n<meta property=\"og:site_name\" content=\"Visit Uffizi\" \/>\n<meta property=\"article:modified_time\" content=\"2016-05-24T18:24:55+00:00\" \/>\n<meta property=\"og:image\" content=\"https:\/\/www.visituffizi.org\/wp-content\/uploads\/2013\/02\/uffizi-terrace-533x400.jpg\" \/>\n<meta name=\"twitter:label1\" content=\"Tiempo de lectura\" \/>\n\t<meta name=\"twitter:data1\" content=\"4 minutos\" \/>\n<script type=\"application\/ld+json\" class=\"yoast-schema-graph\">{\"@context\":\"https:\\\/\\\/schema.org\",\"@graph\":[{\"@type\":\"WebPage\",\"@id\":\"https:\\\/\\\/www.visituffizi.org\\\/es\\\/planea-tu-visita\\\/servicios\\\/\",\"url\":\"https:\\\/\\\/www.visituffizi.org\\\/es\\\/planea-tu-visita\\\/servicios\\\/\",\"name\":\"Servicios disponibles en la Galer\u00eda Uffizi: sillas de ruedas, librer\u00edas y m\u00e1s\",\"isPartOf\":{\"@id\":\"https:\\\/\\\/www.visituffizi.org\\\/it\\\/#website\"},\"primaryImageOfPage\":{\"@id\":\"https:\\\/\\\/www.visituffizi.org\\\/es\\\/planea-tu-visita\\\/servicios\\\/#primaryimage\"},\"image\":{\"@id\":\"https:\\\/\\\/www.visituffizi.org\\\/es\\\/planea-tu-visita\\\/servicios\\\/#primaryimage\"},\"thumbnailUrl\":\"https:\\\/\\\/www.visituffizi.org\\\/wp-content\\\/uploads\\\/2013\\\/02\\\/uffizi-terrace-533x400.jpg\",\"datePublished\":\"2015-02-13T22:32:16+00:00\",\"dateModified\":\"2016-05-24T18:24:55+00:00\",\"description\":\"Lista de los servicios que ofrece el Galer\u00eda Uffizi, desde librerias a sillas de ruedas, e informaci\u00f3n de ingreso para personas con alguna discapacidad.\",\"breadcrumb\":{\"@id\":\"https:\\\/\\\/www.visituffizi.org\\\/es\\\/planea-tu-visita\\\/servicios\\\/#breadcrumb\"},\"inLanguage\":\"es\",\"potentialAction\":[{\"@type\":\"ReadAction\",\"target\":[\"https:\\\/\\\/www.visituffizi.org\\\/es\\\/planea-tu-visita\\\/servicios\\\/\"]}]},{\"@type\":\"ImageObject\",\"inLanguage\":\"es\",\"@id\":\"https:\\\/\\\/www.visituffizi.org\\\/es\\\/planea-tu-visita\\\/servicios\\\/#primaryimage\",\"url\":\"https:\\\/\\\/www.visituffizi.org\\\/wp-content\\\/uploads\\\/2013\\\/02\\\/uffizi-terrace-533x400.jpg\",\"contentUrl\":\"https:\\\/\\\/www.visituffizi.org\\\/wp-content\\\/uploads\\\/2013\\\/02\\\/uffizi-terrace-533x400.jpg\"},{\"@type\":\"BreadcrumbList\",\"@id\":\"https:\\\/\\\/www.visituffizi.org\\\/es\\\/planea-tu-visita\\\/servicios\\\/#breadcrumb\",\"itemListElement\":[{\"@type\":\"ListItem\",\"position\":1,\"name\":\"Home\",\"item\":\"https:\\\/\\\/www.visituffizi.org\\\/es\\\/\"},{\"@type\":\"ListItem\",\"position\":2,\"name\":\"Planea tu visita\",\"item\":\"https:\\\/\\\/www.visituffizi.org\\\/es\\\/planea-tu-visita\\\/\"},{\"@type\":\"ListItem\",\"position\":3,\"name\":\"Servicios\"}]},{\"@type\":\"WebSite\",\"@id\":\"https:\\\/\\\/www.visituffizi.org\\\/it\\\/#website\",\"url\":\"https:\\\/\\\/www.visituffizi.org\\\/it\\\/\",\"name\":\"Visit Uffizi\",\"description\":\"Guide to Uffizi Museum in Florence\",\"potentialAction\":[{\"@type\":\"SearchAction\",\"target\":{\"@type\":\"EntryPoint\",\"urlTemplate\":\"https:\\\/\\\/www.visituffizi.org\\\/it\\\/?s={search_term_string}\"},\"query-input\":{\"@type\":\"PropertyValueSpecification\",\"valueRequired\":true,\"valueName\":\"search_term_string\"}}],\"inLanguage\":\"es\"}]}<\/script>\n<!-- \/ Yoast SEO plugin. -->","yoast_head_json":{"title":"Servicios disponibles en la Galer\u00eda Uffizi: sillas de ruedas, librer\u00edas y m\u00e1s","description":"Lista de los servicios que ofrece el Galer\u00eda Uffizi, desde librerias a sillas de ruedas, e informaci\u00f3n de ingreso para personas con alguna discapacidad.","robots":{"index":"index","follow":"follow","max-snippet":"max-snippet:-1","max-image-preview":"max-image-preview:large","max-video-preview":"max-video-preview:-1"},"canonical":"https:\/\/www.visituffizi.org\/es\/planea-tu-visita\/servicios\/","og_locale":"es_ES","og_type":"article","og_title":"Servicios disponibles en la Galer\u00eda Uffizi: sillas de ruedas, librer\u00edas y m\u00e1s","og_description":"Lista de los servicios que ofrece el Galer\u00eda Uffizi, desde librerias a sillas de ruedas, e informaci\u00f3n de ingreso para personas con alguna discapacidad.","og_url":"https:\/\/www.visituffizi.org\/es\/planea-tu-visita\/servicios\/","og_site_name":"Visit Uffizi","article_modified_time":"2016-05-24T18:24:55+00:00","og_image":[{"url":"https:\/\/www.visituffizi.org\/wp-content\/uploads\/2013\/02\/uffizi-terrace-533x400.jpg","type":"","width":"","height":""}],"twitter_misc":{"Tiempo de lectura":"4 minutos"},"schema":{"@context":"https:\/\/schema.org","@graph":[{"@type":"WebPage","@id":"https:\/\/www.visituffizi.org\/es\/planea-tu-visita\/servicios\/","url":"https:\/\/www.visituffizi.org\/es\/planea-tu-visita\/servicios\/","name":"Servicios disponibles en la Galer\u00eda Uffizi: sillas de ruedas, librer\u00edas y m\u00e1s","isPartOf":{"@id":"https:\/\/www.visituffizi.org\/it\/#website"},"primaryImageOfPage":{"@id":"https:\/\/www.visituffizi.org\/es\/planea-tu-visita\/servicios\/#primaryimage"},"image":{"@id":"https:\/\/www.visituffizi.org\/es\/planea-tu-visita\/servicios\/#primaryimage"},"thumbnailUrl":"https:\/\/www.visituffizi.org\/wp-content\/uploads\/2013\/02\/uffizi-terrace-533x400.jpg","datePublished":"2015-02-13T22:32:16+00:00","dateModified":"2016-05-24T18:24:55+00:00","description":"Lista de los servicios que ofrece el Galer\u00eda Uffizi, desde librerias a sillas de ruedas, e informaci\u00f3n de ingreso para personas con alguna discapacidad.","breadcrumb":{"@id":"https:\/\/www.visituffizi.org\/es\/planea-tu-visita\/servicios\/#breadcrumb"},"inLanguage":"es","potentialAction":[{"@type":"ReadAction","target":["https:\/\/www.visituffizi.org\/es\/planea-tu-visita\/servicios\/"]}]},{"@type":"ImageObject","inLanguage":"es","@id":"https:\/\/www.visituffizi.org\/es\/planea-tu-visita\/servicios\/#primaryimage","url":"https:\/\/www.visituffizi.org\/wp-content\/uploads\/2013\/02\/uffizi-terrace-533x400.jpg","contentUrl":"https:\/\/www.visituffizi.org\/wp-content\/uploads\/2013\/02\/uffizi-terrace-533x400.jpg"},{"@type":"BreadcrumbList","@id":"https:\/\/www.visituffizi.org\/es\/planea-tu-visita\/servicios\/#breadcrumb","itemListElement":[{"@type":"ListItem","position":1,"name":"Home","item":"https:\/\/www.visituffizi.org\/es\/"},{"@type":"ListItem","position":2,"name":"Planea tu visita","item":"https:\/\/www.visituffizi.org\/es\/planea-tu-visita\/"},{"@type":"ListItem","position":3,"name":"Servicios"}]},{"@type":"WebSite","@id":"https:\/\/www.visituffizi.org\/it\/#website","url":"https:\/\/www.visituffizi.org\/it\/","name":"Visit Uffizi","description":"Guide to Uffizi Museum in Florence","potentialAction":[{"@type":"SearchAction","target":{"@type":"EntryPoint","urlTemplate":"https:\/\/www.visituffizi.org\/it\/?s={search_term_string}"},"query-input":{"@type":"PropertyValueSpecification","valueRequired":true,"valueName":"search_term_string"}}],"inLanguage":"es"}]}},"_links":{"self":[{"href":"https:\/\/www.visituffizi.org\/es\/wp-json\/wp\/v2\/pages\/1685","targetHints":{"allow":["GET"]}}],"collection":[{"href":"https:\/\/www.visituffizi.org\/es\/wp-json\/wp\/v2\/pages"}],"about":[{"href":"https:\/\/www.visituffizi.org\/es\/wp-json\/wp\/v2\/types\/page"}],"author":[{"embeddable":true,"href":"https:\/\/www.visituffizi.org\/es\/wp-json\/wp\/v2\/users\/6"}],"replies":[{"embeddable":true,"href":"https:\/\/www.visituffizi.org\/es\/wp-json\/wp\/v2\/comments?post=1685"}],"version-history":[{"count":0,"href":"https:\/\/www.visituffizi.org\/es\/wp-json\/wp\/v2\/pages\/1685\/revisions"}],"up":[{"embeddable":true,"href":"https:\/\/www.visituffizi.org\/es\/wp-json\/wp\/v2\/pages\/1680"}],"wp:attachment":[{"href":"https:\/\/www.visituffizi.org\/es\/wp-json\/wp\/v2\/media?parent=1685"}],"curies":[{"name":"wp","href":"https:\/\/api.w.org\/{rel}","templated":true}]}}