{"id":1687,"date":"2015-02-13T23:56:25","date_gmt":"2015-02-13T23:56:25","guid":{"rendered":"https:\/\/www.visituffizi.org\/?page_id=1687"},"modified":"2025-11-12T18:03:26","modified_gmt":"2025-11-12T18:03:26","slug":"adquiere-tus-boletos","status":"publish","type":"page","link":"https:\/\/www.visituffizi.org\/es\/adquiere-tus-boletos\/","title":{"rendered":"Adquiere tus Boletos"},"content":{"rendered":"ngg_shortcode_0_placeholder\n<h1>Adquiere tus Boletos para el Museo<\/h1>\n<p>La Galer\u00eda de los Uffizi es uno de los <strong>museos m\u00e1s conocidos del mundo<\/strong> por su maravillosa colecci\u00f3n de pinturas y estatuas desde la antiguedad hasta el siglo XVII. Es uno de los museos m\u00e1a visitados en todo Italia y en Florencia.<\/p>\n<p><strong>Compralos con anticipaci\u00f3n<\/strong> <strong>ahora mismo<\/strong>: \u00a1as\u00ed evitaras las largas&nbsp;colas tanto en la taquilla como&nbsp;en la entrada del museo!<\/p>\n<h2>\u00bfC\u00f3mo obtener los billetes para los Uffizi?<\/h2>\n<p>Hay dos maneras de reservar tus entradas para el museo con antelaci\u00f3n: por <strong>tel\u00e9fono<\/strong> o <b>en l\u00ednea<\/b>.<\/p>\n<p>Ten en cuenta que siempre tendr\u00e1s que pagar 4 \u20ac adicionales por comprar las entradas con antelaci\u00f3n, sin importar el m\u00e9todo de reserva. La \u00fanica forma de evitar esa tarifa es esperar y comprar las entradas el mismo d\u00eda en el museo.<\/p>\n<ol>\n<li><b>Tel\u00e9fono:<\/b> Es la forma m\u00e1s econ\u00f3mica de reservar entradas y la que recomendamos probar primero. Tendr\u00e1s que pagar por la llamada internacional (\u00a1aunque puedes intentar hacerlo por WhatsApp, verdad?) y ahorrar en las <i>tarifas adicionales en l\u00ednea<\/i> que algunos otros sitios web podr\u00edan cobrar. <b>Desde el extranjero, llama al: +39 055 0354135<\/b> \u2013 solo recuerda la diferencia horaria con Italia (+1 UTC), de lunes a domingo, de 8:00 a.m. a 7:00 p.m. (hora local).<\/li>\n<li><b>En l\u00ednea<\/b>: Tienes varias opciones, dependiendo de si te interesan <b>solo las entradas<\/b> o <b>entradas incluidas con una <a href=\"https:\/\/www.viator.com\/es-ES\/Florence-attractions\/Uffizi-Galleries\/d519-a117?localeSwitch=1&#038;pid=P00101917&#038;mcid=42383&#038;medium=link&#038;medium_version=selector&#038;campaign=vu-tickets-es\">visita guiada por las colecciones<\/a><\/b>. Si vienes durante la temporada alta en Florencia, puede que encuentres entradas disponibles en un sitio web pero no en otro, as\u00ed que revisa m\u00e1s de uno antes de reservar. Reservar en l\u00ednea te permite tener tus entradas para las fechas deseadas de inmediato (\u00a1sin esperar a que abra el centro de llamadas si est\u00e1s en otra parte del mundo!).<\/li>\n<\/ol>\n<p><img decoding=\"async\" class=\"alignnone\" src=\"\/wp-content\/themes\/uffizi\/images\/arrows2.png\" alt=\"\" width=\"610\" height=\"130\"\/><\/p>\n<table id=\"bookgrid\" border=\"0\" summary=\"opciones de reserva de entradas en l\u00ednea\" cellspacing=\"2\" cellpadding=\"2\">\n<tbody>\n<tr>\n<td><strong>Entradas Uffizi<\/strong><br \/>\n<i class=\"fa fa-arrow-right\"><\/i> Solo entradas<br \/>\n<i class=\"fa fa-arrow-right\"><\/i> Sitio web institucional, opci\u00f3n m\u00e1s econ\u00f3mica<br \/>\n<i class=\"fa fa-arrow-right\"><\/i> <strong>No reembolsable, no se permiten cambios<\/strong><\/td>\n<td><strong><a href=\"https:\/\/www.viator.com\/es-ES\/Florence-attractions\/Uffizi-Galleries\/d519-a117?localeSwitch=1&#038;pid=P00101917&#038;mcid=42383&#038;medium=link&#038;medium_version=selector&#038;campaign=vu-tickets-es\" target=\"_blank\" rel=\"noopener\">Viator<\/a><\/strong><br \/>\n<i class=\"fa fa-arrow-right\"><\/i> vende tanto entradas como visitas guiadas con entrada incluida<br \/>\n<i class=\"fa fa-arrow-right\"><\/i> Muchas opciones de tours, incluyendo entradas combinadas y visitas que incluyen la Galer\u00eda de la Academia<br \/>\n<i class=\"fa fa-arrow-right\"><\/i> Ofrece grupos de tour grandes y peque\u00f1os<\/td>\n<\/tr>\n<tr>\n<td><a class=\"large orange button\" href=\"https:\/\/tickets.uffizi.it\/catalog\/1ADD541B-E62D-9899-7F01-0199CA85E480\" target=\"_blank\" rel=\"nofollow noopener\">Reservar \u00bb<\/a><\/td>\n<td><a class=\"large orange button\" href=\"https:\/\/www.viator.com\/es-ES\/Florence-attractions\/Uffizi-Galleries\/d519-a117?localeSwitch=1&#038;pid=P00101917&#038;mcid=42383&#038;medium=link&#038;medium_version=selector&#038;campaign=vu-tickets-es\" target=\"_blank\" rel=\"nofollow noopener\">Reservar \u00bb<\/a><\/td>\n<\/tr>\n<\/tbody>\n<\/table>\n<p><em><strong>Nota:<\/strong> Esta p\u00e1gina incluye enlaces de afiliado a Viator.com (grupo TripAdvisor), por lo que si reservas a trav\u00e9s de estos enlaces, nuestro sitio web recibir\u00e1 una peque\u00f1a comisi\u00f3n, sin costo adicional para ti. \u00a1Gracias!<\/em><\/p>\n<h2>\u00bfD\u00f3nde comprar las entradas?<\/h2>\n<p>La secci\u00f3n anterior sugiere dos canales para reservar tus entradas; t\u00fa decides desde cu\u00e1l hacerlo.<\/p>\n<p>Si necesitas asistencia despu\u00e9s de la compra, debes contactar directamente con el sitio web (o centro de llamadas) donde realizaste la reserva. Nosotros no podemos intervenir para realizar cambios o cancelaciones, ya que cada sitio tiene su propio procedimiento.<\/p>\n<h3>Tambi\u00e9n ten en cuenta lo siguiente sobre tu entrada o tour, sin importar el canal por el que reserves:<\/h3>\n<ul>\n<li>Tu entrada al museo solo es v\u00e1lida para la <strong>fecha y hora seleccionadas<\/strong> en tu reserva.<\/li>\n<li>Si llegas tarde, el museo generalmente permite la entrada hasta 20 minutos <em>despu\u00e9s<\/em> de la hora reservada. Si llegas m\u00e1s tarde, ya no podr\u00e1s entrar y deber\u00e1s comprar una nueva entrada en la taquilla.<\/li>\n<li>A partir del 13 de octubre de 2025, todas las entradas de acceso a los museos de la Galer\u00eda Uffizi se vender\u00e1n con el nombre de la persona a la que est\u00e1n destinadas. Esto significa que deber\u00e1 coincidir con el documento de identidad con foto presentado al ingresar y no son transferibles. Si tu identificaci\u00f3n no coincide con el nombre en la entrada, no se permitir\u00e1 el acceso y no se realizar\u00e1 ning\u00fan reembolso.<\/li>\n<li>Despu\u00e9s de la reserva, recibir\u00e1s una confirmaci\u00f3n con <strong>tus entradas<\/strong> o un comprobante de reserva con los detalles de tu tour. Puedes imprimir las entradas, pero la Galer\u00eda Uffizi ahora permite mostrarlas directamente en tu tel\u00e9fono inteligente al ingresar, \u00a1sin necesidad de imprimirlas!<\/li>\n<li>Si reservas una visita guiada, la entrada al museo ya est\u00e1 incluida en el costo del tour. El comprobante de reserva que recibir\u00e1s por correo electr\u00f3nico despu\u00e9s de la compra incluir\u00e1 las instrucciones del <b>punto y hora de encuentro<\/b> para tu grupo. Tu gu\u00eda recoger\u00e1 las entradas para el grupo y entrar\u00e9is por una fila separada para grupos.<\/li>\n<li>Si no reservas las entradas por tel\u00e9fono o en l\u00ednea con antelaci\u00f3n, hay una entrada separada para comprarlas el mismo d\u00eda. Solo tendr\u00e1s que hacer fila y pagar las entradas dentro del museo. El museo dispone de una pantalla informativa al inicio de la fila que indica los tiempos de espera estimados para ingresar.<\/li>\n<\/ul>\n<h3>Horarios del museo y m\u00e1s informaci\u00f3n<\/h3>\n<p>Para informaci\u00f3n m\u00e1s completa sobre horarios del museo, d\u00edas de cierre, qu\u00e9 ver y m\u00e1s, visita nuestra secci\u00f3n <a title=\"Planifica tu visita\" href=\"https:\/\/www.visituffizi.org\/es\/planea-tu-visita\/\">Planifica tu visita<\/a>.<\/p>\n","protected":false},"excerpt":{"rendered":"<p>Adquiere tus Boletos para el Museo La Galer\u00eda de los Uffizi es uno de los museos m\u00e1s conocidos del mundo por su maravillosa colecci\u00f3n de pinturas y estatuas desde la antiguedad hasta el siglo XVII. Es uno de los museos m\u00e1a visitados en todo Italia y en Florencia. Compralos con anticipaci\u00f3n ahora mismo: \u00a1as\u00ed evitaras [&hellip;]<\/p>\n","protected":false},"author":6,"featured_media":0,"parent":0,"menu_order":6,"comment_status":"open","ping_status":"open","template":"","meta":{"ngg_post_thumbnail":0,"footnotes":""},"class_list":["post-1687","page","type-page","status-publish","hentry"],"yoast_head":"<!-- This site is optimized with the Yoast SEO plugin v27.3 - https:\/\/yoast.com\/product\/yoast-seo-wordpress\/ -->\n<title>Compra Boletos para la Galer\u00eda Uffizi: Reservaci\u00f3n de boletos online<\/title>\n<meta name=\"description\" content=\"Boletos para la Galer\u00eda Uffizi: compra tus boletos ahora y evita las largas filas. Reserva tus boletos online para todos los museos de Florencia.\" \/>\n<meta name=\"robots\" content=\"index, follow, max-snippet:-1, max-image-preview:large, max-video-preview:-1\" \/>\n<link rel=\"canonical\" href=\"https:\/\/www.visituffizi.org\/es\/adquiere-tus-boletos\/\" \/>\n<meta property=\"og:locale\" content=\"es_ES\" \/>\n<meta property=\"og:type\" content=\"article\" \/>\n<meta property=\"og:title\" content=\"Compra Boletos para la Galer\u00eda Uffizi: Reservaci\u00f3n de boletos online\" \/>\n<meta property=\"og:description\" content=\"Boletos para la Galer\u00eda Uffizi: compra tus boletos ahora y evita las largas filas. Reserva tus boletos online para todos los museos de Florencia.\" \/>\n<meta property=\"og:url\" content=\"https:\/\/www.visituffizi.org\/es\/adquiere-tus-boletos\/\" \/>\n<meta property=\"og:site_name\" content=\"Visit Uffizi\" \/>\n<meta property=\"article:modified_time\" content=\"2025-11-12T18:03:26+00:00\" \/>\n<meta name=\"twitter:label1\" content=\"Tiempo de lectura\" \/>\n\t<meta name=\"twitter:data1\" content=\"4 minutos\" \/>\n<script type=\"application\/ld+json\" class=\"yoast-schema-graph\">{\"@context\":\"https:\\\/\\\/schema.org\",\"@graph\":[{\"@type\":\"WebPage\",\"@id\":\"https:\\\/\\\/www.visituffizi.org\\\/es\\\/adquiere-tus-boletos\\\/\",\"url\":\"https:\\\/\\\/www.visituffizi.org\\\/es\\\/adquiere-tus-boletos\\\/\",\"name\":\"Compra Boletos para la Galer\u00eda Uffizi: Reservaci\u00f3n de boletos online\",\"isPartOf\":{\"@id\":\"https:\\\/\\\/www.visituffizi.org\\\/it\\\/#website\"},\"datePublished\":\"2015-02-13T23:56:25+00:00\",\"dateModified\":\"2025-11-12T18:03:26+00:00\",\"description\":\"Boletos para la Galer\u00eda Uffizi: compra tus boletos ahora y evita las largas filas. Reserva tus boletos online para todos los museos de Florencia.\",\"breadcrumb\":{\"@id\":\"https:\\\/\\\/www.visituffizi.org\\\/es\\\/adquiere-tus-boletos\\\/#breadcrumb\"},\"inLanguage\":\"es\",\"potentialAction\":[{\"@type\":\"ReadAction\",\"target\":[\"https:\\\/\\\/www.visituffizi.org\\\/es\\\/adquiere-tus-boletos\\\/\"]}]},{\"@type\":\"BreadcrumbList\",\"@id\":\"https:\\\/\\\/www.visituffizi.org\\\/es\\\/adquiere-tus-boletos\\\/#breadcrumb\",\"itemListElement\":[{\"@type\":\"ListItem\",\"position\":1,\"name\":\"Home\",\"item\":\"https:\\\/\\\/www.visituffizi.org\\\/es\\\/\"},{\"@type\":\"ListItem\",\"position\":2,\"name\":\"Adquiere tus Boletos\"}]},{\"@type\":\"WebSite\",\"@id\":\"https:\\\/\\\/www.visituffizi.org\\\/it\\\/#website\",\"url\":\"https:\\\/\\\/www.visituffizi.org\\\/it\\\/\",\"name\":\"Visit Uffizi\",\"description\":\"Guide to Uffizi Museum in Florence\",\"potentialAction\":[{\"@type\":\"SearchAction\",\"target\":{\"@type\":\"EntryPoint\",\"urlTemplate\":\"https:\\\/\\\/www.visituffizi.org\\\/it\\\/?s={search_term_string}\"},\"query-input\":{\"@type\":\"PropertyValueSpecification\",\"valueRequired\":true,\"valueName\":\"search_term_string\"}}],\"inLanguage\":\"es\"}]}<\/script>\n<!-- \/ Yoast SEO plugin. -->","yoast_head_json":{"title":"Compra Boletos para la Galer\u00eda Uffizi: Reservaci\u00f3n de boletos online","description":"Boletos para la Galer\u00eda Uffizi: compra tus boletos ahora y evita las largas filas. Reserva tus boletos online para todos los museos de Florencia.","robots":{"index":"index","follow":"follow","max-snippet":"max-snippet:-1","max-image-preview":"max-image-preview:large","max-video-preview":"max-video-preview:-1"},"canonical":"https:\/\/www.visituffizi.org\/es\/adquiere-tus-boletos\/","og_locale":"es_ES","og_type":"article","og_title":"Compra Boletos para la Galer\u00eda Uffizi: Reservaci\u00f3n de boletos online","og_description":"Boletos para la Galer\u00eda Uffizi: compra tus boletos ahora y evita las largas filas. Reserva tus boletos online para todos los museos de Florencia.","og_url":"https:\/\/www.visituffizi.org\/es\/adquiere-tus-boletos\/","og_site_name":"Visit Uffizi","article_modified_time":"2025-11-12T18:03:26+00:00","twitter_misc":{"Tiempo de lectura":"4 minutos"},"schema":{"@context":"https:\/\/schema.org","@graph":[{"@type":"WebPage","@id":"https:\/\/www.visituffizi.org\/es\/adquiere-tus-boletos\/","url":"https:\/\/www.visituffizi.org\/es\/adquiere-tus-boletos\/","name":"Compra Boletos para la Galer\u00eda Uffizi: Reservaci\u00f3n de boletos online","isPartOf":{"@id":"https:\/\/www.visituffizi.org\/it\/#website"},"datePublished":"2015-02-13T23:56:25+00:00","dateModified":"2025-11-12T18:03:26+00:00","description":"Boletos para la Galer\u00eda Uffizi: compra tus boletos ahora y evita las largas filas. Reserva tus boletos online para todos los museos de Florencia.","breadcrumb":{"@id":"https:\/\/www.visituffizi.org\/es\/adquiere-tus-boletos\/#breadcrumb"},"inLanguage":"es","potentialAction":[{"@type":"ReadAction","target":["https:\/\/www.visituffizi.org\/es\/adquiere-tus-boletos\/"]}]},{"@type":"BreadcrumbList","@id":"https:\/\/www.visituffizi.org\/es\/adquiere-tus-boletos\/#breadcrumb","itemListElement":[{"@type":"ListItem","position":1,"name":"Home","item":"https:\/\/www.visituffizi.org\/es\/"},{"@type":"ListItem","position":2,"name":"Adquiere tus Boletos"}]},{"@type":"WebSite","@id":"https:\/\/www.visituffizi.org\/it\/#website","url":"https:\/\/www.visituffizi.org\/it\/","name":"Visit Uffizi","description":"Guide to Uffizi Museum in Florence","potentialAction":[{"@type":"SearchAction","target":{"@type":"EntryPoint","urlTemplate":"https:\/\/www.visituffizi.org\/it\/?s={search_term_string}"},"query-input":{"@type":"PropertyValueSpecification","valueRequired":true,"valueName":"search_term_string"}}],"inLanguage":"es"}]}},"_links":{"self":[{"href":"https:\/\/www.visituffizi.org\/es\/wp-json\/wp\/v2\/pages\/1687","targetHints":{"allow":["GET"]}}],"collection":[{"href":"https:\/\/www.visituffizi.org\/es\/wp-json\/wp\/v2\/pages"}],"about":[{"href":"https:\/\/www.visituffizi.org\/es\/wp-json\/wp\/v2\/types\/page"}],"author":[{"embeddable":true,"href":"https:\/\/www.visituffizi.org\/es\/wp-json\/wp\/v2\/users\/6"}],"replies":[{"embeddable":true,"href":"https:\/\/www.visituffizi.org\/es\/wp-json\/wp\/v2\/comments?post=1687"}],"version-history":[{"count":0,"href":"https:\/\/www.visituffizi.org\/es\/wp-json\/wp\/v2\/pages\/1687\/revisions"}],"wp:attachment":[{"href":"https:\/\/www.visituffizi.org\/es\/wp-json\/wp\/v2\/media?parent=1687"}],"curies":[{"name":"wp","href":"https:\/\/api.w.org\/{rel}","templated":true}]}}