{"id":1690,"date":"2015-02-16T18:38:19","date_gmt":"2015-02-16T18:38:19","guid":{"rendered":"https:\/\/www.visituffizi.org\/?page_id=1690"},"modified":"2015-07-15T18:03:15","modified_gmt":"2015-07-15T18:03:15","slug":"obras-de-arte","status":"publish","type":"page","link":"https:\/\/www.visituffizi.org\/es\/obras-de-arte\/","title":{"rendered":"Obras de arte"},"content":{"rendered":"ngg_shortcode_0_placeholder\n<h1>Las Obras de Arte<\/h1>\n<p>La Galer\u00eda de los Uffizi conserva numerosas obras de arte de un valor incalculable, alojadas en m\u00e1s de <a href=\"https:\/\/www.visituffizi.org\/es\/las-salas\/\">45 salas del museo<\/a>.<\/p>\n<h2>\u00bfCu\u00e1les son las obras maestras que no te debes perder en la Galer\u00eda de los Uffizi?<\/h2>\n<p>El museo sin duda merece ser visitado en su totalidad, y as\u00ed apreciar y disfrutar de todas las obras en su interno,\u00a0\u00a1Un d\u00eda entero no ser\u00eda suficiente!<\/p>\n<p>Por esta raz\u00f3n esta secci\u00f3n\u00a0destaca algunas de las obras de arte m\u00e1s famosas de la Galer\u00eda:\u00a0aqu\u00ed puedes leer sobre algunas de estas obras de arte previo a visitar los Uffizi en persona, as\u00ed sabr\u00e1s lo que deseas ver. Esta secci\u00f3n sigue creciendo a medida que agregamos m\u00e1s obras de arte que recomendamos ver.<\/p>\n<p>Adem\u00e1s, una nueva secci\u00f3n del sitio llamada \u201c<strong>Recorridos para visitantes<\/strong>\u201d tendr\u00e1 una gran cantidad de\u00a0<a title=\"Itinerarios\" href=\"https:\/\/www.visituffizi.org\/es\/itinerarios\/\">itinerarios tem\u00e1ticos basados\u00a0en el tiempo de recorrido<\/a>, que te servir\u00e1n de gu\u00eda en el museo, as\u00ed que echa un vistazo para mas informaci\u00f3n.<\/p>\n<h2>Algunas de las obras que te aconsejamos ver:<\/h2>\n","protected":false},"excerpt":{"rendered":"<p>Las Obras de Arte La Galer\u00eda de los Uffizi conserva numerosas obras de arte de un valor incalculable, alojadas en m\u00e1s de 45 salas del museo. \u00bfCu\u00e1les son las obras maestras que no te debes perder en la Galer\u00eda de los Uffizi? El museo sin duda merece ser visitado en su totalidad, y as\u00ed apreciar [&hellip;]<\/p>\n","protected":false},"author":6,"featured_media":0,"parent":0,"menu_order":5,"comment_status":"open","ping_status":"open","template":"page_children.php","meta":{"ngg_post_thumbnail":0,"footnotes":""},"class_list":["post-1690","page","type-page","status-publish","hentry"],"yoast_head":"<!-- This site is optimized with the Yoast SEO plugin v27.3 - https:\/\/yoast.com\/product\/yoast-seo-wordpress\/ -->\n<title>Las obras de arte m\u00e1s importantes de la Galer\u00eda Uffizi<\/title>\n<meta name=\"description\" content=\"Te presentamos algunas de las obras por lo que la Galer\u00eda es conocida, prepatare antes de tu llegada y conocelas as\u00ed podr\u00e1s admiralas con plenitud.\" \/>\n<meta name=\"robots\" content=\"index, follow, max-snippet:-1, max-image-preview:large, max-video-preview:-1\" \/>\n<link rel=\"canonical\" href=\"https:\/\/www.visituffizi.org\/es\/obras-de-arte\/\" \/>\n<meta property=\"og:locale\" content=\"es_ES\" \/>\n<meta property=\"og:type\" content=\"article\" \/>\n<meta property=\"og:title\" content=\"Las obras de arte m\u00e1s importantes de la Galer\u00eda Uffizi\" \/>\n<meta property=\"og:description\" content=\"Te presentamos algunas de las obras por lo que la Galer\u00eda es conocida, prepatare antes de tu llegada y conocelas as\u00ed podr\u00e1s admiralas con plenitud.\" \/>\n<meta property=\"og:url\" content=\"https:\/\/www.visituffizi.org\/es\/obras-de-arte\/\" \/>\n<meta property=\"og:site_name\" content=\"Visit Uffizi\" \/>\n<meta property=\"article:modified_time\" content=\"2015-07-15T18:03:15+00:00\" \/>\n<meta name=\"twitter:label1\" content=\"Tiempo de lectura\" \/>\n\t<meta name=\"twitter:data1\" content=\"1 minuto\" \/>\n<script type=\"application\/ld+json\" class=\"yoast-schema-graph\">{\"@context\":\"https:\\\/\\\/schema.org\",\"@graph\":[{\"@type\":\"WebPage\",\"@id\":\"https:\\\/\\\/www.visituffizi.org\\\/es\\\/obras-de-arte\\\/\",\"url\":\"https:\\\/\\\/www.visituffizi.org\\\/es\\\/obras-de-arte\\\/\",\"name\":\"Las obras de arte m\u00e1s importantes de la Galer\u00eda Uffizi\",\"isPartOf\":{\"@id\":\"https:\\\/\\\/www.visituffizi.org\\\/it\\\/#website\"},\"datePublished\":\"2015-02-16T18:38:19+00:00\",\"dateModified\":\"2015-07-15T18:03:15+00:00\",\"description\":\"Te presentamos algunas de las obras por lo que la Galer\u00eda es conocida, prepatare antes de tu llegada y conocelas as\u00ed podr\u00e1s admiralas con plenitud.\",\"breadcrumb\":{\"@id\":\"https:\\\/\\\/www.visituffizi.org\\\/es\\\/obras-de-arte\\\/#breadcrumb\"},\"inLanguage\":\"es\",\"potentialAction\":[{\"@type\":\"ReadAction\",\"target\":[\"https:\\\/\\\/www.visituffizi.org\\\/es\\\/obras-de-arte\\\/\"]}]},{\"@type\":\"BreadcrumbList\",\"@id\":\"https:\\\/\\\/www.visituffizi.org\\\/es\\\/obras-de-arte\\\/#breadcrumb\",\"itemListElement\":[{\"@type\":\"ListItem\",\"position\":1,\"name\":\"Home\",\"item\":\"https:\\\/\\\/www.visituffizi.org\\\/es\\\/\"},{\"@type\":\"ListItem\",\"position\":2,\"name\":\"Obras de arte\"}]},{\"@type\":\"WebSite\",\"@id\":\"https:\\\/\\\/www.visituffizi.org\\\/it\\\/#website\",\"url\":\"https:\\\/\\\/www.visituffizi.org\\\/it\\\/\",\"name\":\"Visit Uffizi\",\"description\":\"Guide to Uffizi Museum in Florence\",\"potentialAction\":[{\"@type\":\"SearchAction\",\"target\":{\"@type\":\"EntryPoint\",\"urlTemplate\":\"https:\\\/\\\/www.visituffizi.org\\\/it\\\/?s={search_term_string}\"},\"query-input\":{\"@type\":\"PropertyValueSpecification\",\"valueRequired\":true,\"valueName\":\"search_term_string\"}}],\"inLanguage\":\"es\"}]}<\/script>\n<!-- \/ Yoast SEO plugin. -->","yoast_head_json":{"title":"Las obras de arte m\u00e1s importantes de la Galer\u00eda Uffizi","description":"Te presentamos algunas de las obras por lo que la Galer\u00eda es conocida, prepatare antes de tu llegada y conocelas as\u00ed podr\u00e1s admiralas con plenitud.","robots":{"index":"index","follow":"follow","max-snippet":"max-snippet:-1","max-image-preview":"max-image-preview:large","max-video-preview":"max-video-preview:-1"},"canonical":"https:\/\/www.visituffizi.org\/es\/obras-de-arte\/","og_locale":"es_ES","og_type":"article","og_title":"Las obras de arte m\u00e1s importantes de la Galer\u00eda Uffizi","og_description":"Te presentamos algunas de las obras por lo que la Galer\u00eda es conocida, prepatare antes de tu llegada y conocelas as\u00ed podr\u00e1s admiralas con plenitud.","og_url":"https:\/\/www.visituffizi.org\/es\/obras-de-arte\/","og_site_name":"Visit Uffizi","article_modified_time":"2015-07-15T18:03:15+00:00","twitter_misc":{"Tiempo de lectura":"1 minuto"},"schema":{"@context":"https:\/\/schema.org","@graph":[{"@type":"WebPage","@id":"https:\/\/www.visituffizi.org\/es\/obras-de-arte\/","url":"https:\/\/www.visituffizi.org\/es\/obras-de-arte\/","name":"Las obras de arte m\u00e1s importantes de la Galer\u00eda Uffizi","isPartOf":{"@id":"https:\/\/www.visituffizi.org\/it\/#website"},"datePublished":"2015-02-16T18:38:19+00:00","dateModified":"2015-07-15T18:03:15+00:00","description":"Te presentamos algunas de las obras por lo que la Galer\u00eda es conocida, prepatare antes de tu llegada y conocelas as\u00ed podr\u00e1s admiralas con plenitud.","breadcrumb":{"@id":"https:\/\/www.visituffizi.org\/es\/obras-de-arte\/#breadcrumb"},"inLanguage":"es","potentialAction":[{"@type":"ReadAction","target":["https:\/\/www.visituffizi.org\/es\/obras-de-arte\/"]}]},{"@type":"BreadcrumbList","@id":"https:\/\/www.visituffizi.org\/es\/obras-de-arte\/#breadcrumb","itemListElement":[{"@type":"ListItem","position":1,"name":"Home","item":"https:\/\/www.visituffizi.org\/es\/"},{"@type":"ListItem","position":2,"name":"Obras de arte"}]},{"@type":"WebSite","@id":"https:\/\/www.visituffizi.org\/it\/#website","url":"https:\/\/www.visituffizi.org\/it\/","name":"Visit Uffizi","description":"Guide to Uffizi Museum in Florence","potentialAction":[{"@type":"SearchAction","target":{"@type":"EntryPoint","urlTemplate":"https:\/\/www.visituffizi.org\/it\/?s={search_term_string}"},"query-input":{"@type":"PropertyValueSpecification","valueRequired":true,"valueName":"search_term_string"}}],"inLanguage":"es"}]}},"_links":{"self":[{"href":"https:\/\/www.visituffizi.org\/es\/wp-json\/wp\/v2\/pages\/1690","targetHints":{"allow":["GET"]}}],"collection":[{"href":"https:\/\/www.visituffizi.org\/es\/wp-json\/wp\/v2\/pages"}],"about":[{"href":"https:\/\/www.visituffizi.org\/es\/wp-json\/wp\/v2\/types\/page"}],"author":[{"embeddable":true,"href":"https:\/\/www.visituffizi.org\/es\/wp-json\/wp\/v2\/users\/6"}],"replies":[{"embeddable":true,"href":"https:\/\/www.visituffizi.org\/es\/wp-json\/wp\/v2\/comments?post=1690"}],"version-history":[{"count":0,"href":"https:\/\/www.visituffizi.org\/es\/wp-json\/wp\/v2\/pages\/1690\/revisions"}],"wp:attachment":[{"href":"https:\/\/www.visituffizi.org\/es\/wp-json\/wp\/v2\/media?parent=1690"}],"curies":[{"name":"wp","href":"https:\/\/api.w.org\/{rel}","templated":true}]}}