{"id":1693,"date":"2015-02-16T02:23:39","date_gmt":"2015-02-16T02:23:39","guid":{"rendered":"https:\/\/www.visituffizi.org\/?page_id=1693"},"modified":"2015-09-28T11:12:43","modified_gmt":"2015-09-28T11:12:43","slug":"sala-2-giotto-y-el-siglo-xiii","status":"publish","type":"page","link":"https:\/\/www.visituffizi.org\/es\/las-salas\/sala-2-giotto-y-el-siglo-xiii\/","title":{"rendered":"Sala 2 &#8211; Giotto y el Siglo XIII"},"content":{"rendered":"ngg_shortcode_0_placeholder\n<h1>Sala\u00a02 &#8211; Giotto\u00a0y\u00a0el Siglo XIII<\/h1>\n<p><img decoding=\"async\" class=\"aligncenter size-full wp-image-1883\" src=\"https:\/\/www.visituffizi.org\/wp-content\/uploads\/2015\/04\/new-hall-2-majesties.jpg\" alt=\"Hall 2 with Majesties\" width=\"800\" height=\"594\" srcset=\"https:\/\/www.visituffizi.org\/wp-content\/uploads\/2015\/04\/new-hall-2-majesties.jpg 800w, https:\/\/www.visituffizi.org\/wp-content\/uploads\/2015\/04\/new-hall-2-majesties-300x223.jpg 300w, https:\/\/www.visituffizi.org\/wp-content\/uploads\/2015\/04\/new-hall-2-majesties-539x400.jpg 539w, https:\/\/www.visituffizi.org\/wp-content\/uploads\/2015\/04\/new-hall-2-majesties-100x74.jpg 100w, https:\/\/www.visituffizi.org\/wp-content\/uploads\/2015\/04\/new-hall-2-majesties-201x149.jpg 201w\" sizes=\"(max-width: 800px) 100vw, 800px\" \/><\/p>\n<p>Esta grande e importante sala es crucial para entender la revoluci\u00f3n ocurrida en los esquemas figurativos tradicionales de la Toscana y la pintura Italiana a finales del siglo XIII.<\/p>\n<p>La mayor parte de obras de arte exhibidas muestran todav\u00eda una influencia del arte Bizantino: cuerpos bidimensionales, altamente estilizados\u00a0de contornos n\u00edtidos.<\/p>\n<p>Tres son las\u00a0obras maestras de mayor importancia que se puede admirar: tres temperas colosales en paneles de madera llamados Maest\u00e0 (representaciones de la\u00a0Virgen Mar\u00eda en el trono con el ni\u00f1o y los \u00e1ngeles). Sus autores son\u00a0tres maestros de la pintura italiana del siglo XIII:\u00a0<strong>Duccio de Buoninsegna, Cimbaue\u00a0y Giotto<\/strong>.<\/p>\n<p>En esa \u00e9poca <strong>Duccio<\/strong> era el representante m\u00e1s importante de la pintura de Siena, centr\u00e1ndose en la <strong>importancia del color y la decoraci\u00f3n<\/strong> sobre el dibujo. Su Maest\u00e0 tambi\u00e9n llamada <em>Madonna\u00a0Rucellai<\/em> fue pintada en <strong>1285<\/strong>. La Virgen sentada en\u00a0el trono con incrustaciones maravillosas y su rostro, enigm\u00e1tico como el de un icono bizantino,\u00a0es\u00a0suavizado por la insinuaci\u00f3n de una leve sonrisa. Decoraciones t\u00edpicas de Siena son visibles en el bordo dorado del vestido\u00a0de la Virgen Mar\u00eda.<\/p>\n<p><strong>Cimbaue<\/strong> es considerado el \u00faltimo artista Italiano influenciado por el arte Bizantino. En su tempera sobre madera conocida como Maest\u00e0 de Santa Trinita dibujada<strong> entre el 1280 y el 1290<\/strong>, algo cambi\u00f3. El trono de amplia base donde se encuentran los cuatro profetas y una poderosa Virgen descansando su pie en el escal\u00f3n superior del trono, dan paso a la <strong>experimentaci\u00f3n espacial<\/strong> por el que su aprendiz Giotto ser\u00e1 famoso.<\/p>\n<p>La Maest\u00e0 de Duccio de Buoninsegna y de Cimbaue son obras\u00a0 grandiosas pero todav\u00eda relacionadas a la est\u00e9tica bizantina todav\u00eda r\u00edgida y estereotipada.<\/p>\n<p><strong>Giotto<\/strong> es el<strong> verdadero creador\u00a0de la pintura moderna<\/strong>. El fue el que abri\u00f3 el camino para llegar m\u00e1s tarde al Renacimiento. Su Madonna, o\u00a0<a href=\"https:\/\/www.visituffizi.org\/es\/obras-de-arte\/la-maesta-di-ognissanti-de-giotto\/\">Maest\u00e0 di Ognissanti <\/a>pintada alrededor del <strong>1310<\/strong>, es completamente diferente a la de Duccio o Cimbaue. La Virgen\u00a0sentada en el trono da espacio y forma, creando volumenes\u00a0y profundidad en el dibujo, rindiendo el espacio m\u00e1s cre\u00edble, los cuerpos parecen m\u00e1s s\u00f3lidos y las expresiones faciales\u00a0m\u00e1s humanas. Las personas son seres humanos, con cuerpo y alma\u00a0y viven en un espacio real: viven en este mundo.<\/p>\n<p>Estos tres grandes\u00a0retablos de madera nos iluminan sobre la historia del arte italiano a fines del\u00a0siglo XII y\u00a0XIII.<\/p>\n<p><em>Sala completamente renovada y abierta en la Primavera del 2015 como parte del proyecto \u00abNew Uffizi\u00bb.<\/em><\/p>\n","protected":false},"excerpt":{"rendered":"<p>Tres son las obras maestras m\u00e1s importantes de esta sala llamadas Maest\u00e0 de Duccio de Buoninsegna, Cimbaue y Giotto.<\/p>\n","protected":false},"author":6,"featured_media":1883,"parent":1686,"menu_order":10,"comment_status":"open","ping_status":"open","template":"","meta":{"ngg_post_thumbnail":0,"footnotes":""},"class_list":["post-1693","page","type-page","status-publish","has-post-thumbnail","hentry"],"yoast_head":"<!-- This site is optimized with the Yoast SEO plugin v27.4 - https:\/\/yoast.com\/product\/yoast-seo-wordpress\/ -->\n<title>Sala 2 Galer\u00eda Uffizi: Giotto y el siglo XIII<\/title>\n<meta name=\"description\" content=\"Estos retablos de Duccio, Cimbaue y Giotto ayudan a entender la revoluci\u00f3n de la pintura en el siglo XIII y son las atracciones principales de la sala 2.\" \/>\n<meta name=\"robots\" content=\"index, follow, max-snippet:-1, max-image-preview:large, max-video-preview:-1\" \/>\n<link rel=\"canonical\" href=\"https:\/\/www.visituffizi.org\/es\/las-salas\/sala-2-giotto-y-el-siglo-xiii\/\" \/>\n<meta property=\"og:locale\" content=\"es_ES\" \/>\n<meta property=\"og:type\" content=\"article\" \/>\n<meta property=\"og:title\" content=\"Sala 2 Galer\u00eda Uffizi: Giotto y el siglo XIII\" \/>\n<meta property=\"og:description\" content=\"Estos retablos de Duccio, Cimbaue y Giotto ayudan a entender la revoluci\u00f3n de la pintura en el siglo XIII y son las atracciones principales de la sala 2.\" \/>\n<meta property=\"og:url\" content=\"https:\/\/www.visituffizi.org\/es\/las-salas\/sala-2-giotto-y-el-siglo-xiii\/\" \/>\n<meta property=\"og:site_name\" content=\"Visit Uffizi\" \/>\n<meta property=\"article:modified_time\" content=\"2015-09-28T11:12:43+00:00\" \/>\n<meta property=\"og:image\" content=\"https:\/\/www.visituffizi.org\/wp-content\/uploads\/2015\/04\/new-hall-2-majesties.jpg\" \/>\n\t<meta property=\"og:image:width\" content=\"800\" \/>\n\t<meta property=\"og:image:height\" content=\"594\" \/>\n\t<meta property=\"og:image:type\" content=\"image\/jpeg\" \/>\n<meta name=\"twitter:label1\" content=\"Tiempo de lectura\" \/>\n\t<meta name=\"twitter:data1\" content=\"2 minutos\" \/>\n<script type=\"application\/ld+json\" class=\"yoast-schema-graph\">{\"@context\":\"https:\\\/\\\/schema.org\",\"@graph\":[{\"@type\":\"WebPage\",\"@id\":\"https:\\\/\\\/www.visituffizi.org\\\/es\\\/las-salas\\\/sala-2-giotto-y-el-siglo-xiii\\\/\",\"url\":\"https:\\\/\\\/www.visituffizi.org\\\/es\\\/las-salas\\\/sala-2-giotto-y-el-siglo-xiii\\\/\",\"name\":\"Sala 2 Galer\u00eda Uffizi: Giotto y el siglo XIII\",\"isPartOf\":{\"@id\":\"https:\\\/\\\/www.visituffizi.org\\\/it\\\/#website\"},\"primaryImageOfPage\":{\"@id\":\"https:\\\/\\\/www.visituffizi.org\\\/es\\\/las-salas\\\/sala-2-giotto-y-el-siglo-xiii\\\/#primaryimage\"},\"image\":{\"@id\":\"https:\\\/\\\/www.visituffizi.org\\\/es\\\/las-salas\\\/sala-2-giotto-y-el-siglo-xiii\\\/#primaryimage\"},\"thumbnailUrl\":\"https:\\\/\\\/www.visituffizi.org\\\/wp-content\\\/uploads\\\/2015\\\/04\\\/new-hall-2-majesties.jpg\",\"datePublished\":\"2015-02-16T02:23:39+00:00\",\"dateModified\":\"2015-09-28T11:12:43+00:00\",\"description\":\"Estos retablos de Duccio, Cimbaue y Giotto ayudan a entender la revoluci\u00f3n de la pintura en el siglo XIII y son las atracciones principales de la sala 2.\",\"breadcrumb\":{\"@id\":\"https:\\\/\\\/www.visituffizi.org\\\/es\\\/las-salas\\\/sala-2-giotto-y-el-siglo-xiii\\\/#breadcrumb\"},\"inLanguage\":\"es\",\"potentialAction\":[{\"@type\":\"ReadAction\",\"target\":[\"https:\\\/\\\/www.visituffizi.org\\\/es\\\/las-salas\\\/sala-2-giotto-y-el-siglo-xiii\\\/\"]}]},{\"@type\":\"ImageObject\",\"inLanguage\":\"es\",\"@id\":\"https:\\\/\\\/www.visituffizi.org\\\/es\\\/las-salas\\\/sala-2-giotto-y-el-siglo-xiii\\\/#primaryimage\",\"url\":\"https:\\\/\\\/www.visituffizi.org\\\/wp-content\\\/uploads\\\/2015\\\/04\\\/new-hall-2-majesties.jpg\",\"contentUrl\":\"https:\\\/\\\/www.visituffizi.org\\\/wp-content\\\/uploads\\\/2015\\\/04\\\/new-hall-2-majesties.jpg\",\"width\":800,\"height\":594},{\"@type\":\"BreadcrumbList\",\"@id\":\"https:\\\/\\\/www.visituffizi.org\\\/es\\\/las-salas\\\/sala-2-giotto-y-el-siglo-xiii\\\/#breadcrumb\",\"itemListElement\":[{\"@type\":\"ListItem\",\"position\":1,\"name\":\"Home\",\"item\":\"https:\\\/\\\/www.visituffizi.org\\\/es\\\/\"},{\"@type\":\"ListItem\",\"position\":2,\"name\":\"Las Salas\",\"item\":\"https:\\\/\\\/www.visituffizi.org\\\/es\\\/las-salas\\\/\"},{\"@type\":\"ListItem\",\"position\":3,\"name\":\"Sala 2 &#8211; Giotto y el Siglo XIII\"}]},{\"@type\":\"WebSite\",\"@id\":\"https:\\\/\\\/www.visituffizi.org\\\/it\\\/#website\",\"url\":\"https:\\\/\\\/www.visituffizi.org\\\/it\\\/\",\"name\":\"Visit Uffizi\",\"description\":\"Guide to Uffizi Museum in Florence\",\"potentialAction\":[{\"@type\":\"SearchAction\",\"target\":{\"@type\":\"EntryPoint\",\"urlTemplate\":\"https:\\\/\\\/www.visituffizi.org\\\/it\\\/?s={search_term_string}\"},\"query-input\":{\"@type\":\"PropertyValueSpecification\",\"valueRequired\":true,\"valueName\":\"search_term_string\"}}],\"inLanguage\":\"es\"}]}<\/script>\n<!-- \/ Yoast SEO plugin. -->","yoast_head_json":{"title":"Sala 2 Galer\u00eda Uffizi: Giotto y el siglo XIII","description":"Estos retablos de Duccio, Cimbaue y Giotto ayudan a entender la revoluci\u00f3n de la pintura en el siglo XIII y son las atracciones principales de la sala 2.","robots":{"index":"index","follow":"follow","max-snippet":"max-snippet:-1","max-image-preview":"max-image-preview:large","max-video-preview":"max-video-preview:-1"},"canonical":"https:\/\/www.visituffizi.org\/es\/las-salas\/sala-2-giotto-y-el-siglo-xiii\/","og_locale":"es_ES","og_type":"article","og_title":"Sala 2 Galer\u00eda Uffizi: Giotto y el siglo XIII","og_description":"Estos retablos de Duccio, Cimbaue y Giotto ayudan a entender la revoluci\u00f3n de la pintura en el siglo XIII y son las atracciones principales de la sala 2.","og_url":"https:\/\/www.visituffizi.org\/es\/las-salas\/sala-2-giotto-y-el-siglo-xiii\/","og_site_name":"Visit Uffizi","article_modified_time":"2015-09-28T11:12:43+00:00","og_image":[{"width":800,"height":594,"url":"https:\/\/www.visituffizi.org\/wp-content\/uploads\/2015\/04\/new-hall-2-majesties.jpg","type":"image\/jpeg"}],"twitter_misc":{"Tiempo de lectura":"2 minutos"},"schema":{"@context":"https:\/\/schema.org","@graph":[{"@type":"WebPage","@id":"https:\/\/www.visituffizi.org\/es\/las-salas\/sala-2-giotto-y-el-siglo-xiii\/","url":"https:\/\/www.visituffizi.org\/es\/las-salas\/sala-2-giotto-y-el-siglo-xiii\/","name":"Sala 2 Galer\u00eda Uffizi: Giotto y el siglo XIII","isPartOf":{"@id":"https:\/\/www.visituffizi.org\/it\/#website"},"primaryImageOfPage":{"@id":"https:\/\/www.visituffizi.org\/es\/las-salas\/sala-2-giotto-y-el-siglo-xiii\/#primaryimage"},"image":{"@id":"https:\/\/www.visituffizi.org\/es\/las-salas\/sala-2-giotto-y-el-siglo-xiii\/#primaryimage"},"thumbnailUrl":"https:\/\/www.visituffizi.org\/wp-content\/uploads\/2015\/04\/new-hall-2-majesties.jpg","datePublished":"2015-02-16T02:23:39+00:00","dateModified":"2015-09-28T11:12:43+00:00","description":"Estos retablos de Duccio, Cimbaue y Giotto ayudan a entender la revoluci\u00f3n de la pintura en el siglo XIII y son las atracciones principales de la sala 2.","breadcrumb":{"@id":"https:\/\/www.visituffizi.org\/es\/las-salas\/sala-2-giotto-y-el-siglo-xiii\/#breadcrumb"},"inLanguage":"es","potentialAction":[{"@type":"ReadAction","target":["https:\/\/www.visituffizi.org\/es\/las-salas\/sala-2-giotto-y-el-siglo-xiii\/"]}]},{"@type":"ImageObject","inLanguage":"es","@id":"https:\/\/www.visituffizi.org\/es\/las-salas\/sala-2-giotto-y-el-siglo-xiii\/#primaryimage","url":"https:\/\/www.visituffizi.org\/wp-content\/uploads\/2015\/04\/new-hall-2-majesties.jpg","contentUrl":"https:\/\/www.visituffizi.org\/wp-content\/uploads\/2015\/04\/new-hall-2-majesties.jpg","width":800,"height":594},{"@type":"BreadcrumbList","@id":"https:\/\/www.visituffizi.org\/es\/las-salas\/sala-2-giotto-y-el-siglo-xiii\/#breadcrumb","itemListElement":[{"@type":"ListItem","position":1,"name":"Home","item":"https:\/\/www.visituffizi.org\/es\/"},{"@type":"ListItem","position":2,"name":"Las Salas","item":"https:\/\/www.visituffizi.org\/es\/las-salas\/"},{"@type":"ListItem","position":3,"name":"Sala 2 &#8211; Giotto y el Siglo XIII"}]},{"@type":"WebSite","@id":"https:\/\/www.visituffizi.org\/it\/#website","url":"https:\/\/www.visituffizi.org\/it\/","name":"Visit Uffizi","description":"Guide to Uffizi Museum in Florence","potentialAction":[{"@type":"SearchAction","target":{"@type":"EntryPoint","urlTemplate":"https:\/\/www.visituffizi.org\/it\/?s={search_term_string}"},"query-input":{"@type":"PropertyValueSpecification","valueRequired":true,"valueName":"search_term_string"}}],"inLanguage":"es"}]}},"_links":{"self":[{"href":"https:\/\/www.visituffizi.org\/es\/wp-json\/wp\/v2\/pages\/1693","targetHints":{"allow":["GET"]}}],"collection":[{"href":"https:\/\/www.visituffizi.org\/es\/wp-json\/wp\/v2\/pages"}],"about":[{"href":"https:\/\/www.visituffizi.org\/es\/wp-json\/wp\/v2\/types\/page"}],"author":[{"embeddable":true,"href":"https:\/\/www.visituffizi.org\/es\/wp-json\/wp\/v2\/users\/6"}],"replies":[{"embeddable":true,"href":"https:\/\/www.visituffizi.org\/es\/wp-json\/wp\/v2\/comments?post=1693"}],"version-history":[{"count":0,"href":"https:\/\/www.visituffizi.org\/es\/wp-json\/wp\/v2\/pages\/1693\/revisions"}],"up":[{"embeddable":true,"href":"https:\/\/www.visituffizi.org\/es\/wp-json\/wp\/v2\/pages\/1686"}],"wp:featuredmedia":[{"embeddable":true,"href":"https:\/\/www.visituffizi.org\/es\/wp-json\/wp\/v2\/media\/1883"}],"wp:attachment":[{"href":"https:\/\/www.visituffizi.org\/es\/wp-json\/wp\/v2\/media?parent=1693"}],"curies":[{"name":"wp","href":"https:\/\/api.w.org\/{rel}","templated":true}]}}