{"id":1695,"date":"2015-02-17T21:47:57","date_gmt":"2015-02-17T21:47:57","guid":{"rendered":"https:\/\/www.visituffizi.org\/?page_id=1695"},"modified":"2015-09-28T11:21:15","modified_gmt":"2015-09-28T11:21:15","slug":"sala-5y6-lorenzo-monaco","status":"publish","type":"page","link":"https:\/\/www.visituffizi.org\/es\/las-salas\/sala-5y6-lorenzo-monaco\/","title":{"rendered":"Salas 5 y 6 &#8211; Lorenzo Monaco"},"content":{"rendered":"ngg_shortcode_0_placeholder\n<h1>Salas 5 y 6 &#8211; Lorenzo Monaco<\/h1>\n<p><img decoding=\"async\" class=\"aligncenter size-full wp-image-1878\" src=\"https:\/\/www.visituffizi.org\/wp-content\/uploads\/2015\/04\/new-hall-6-monaco.jpg\" alt=\"new-hall-6-monaco\" width=\"1000\" height=\"1500\" srcset=\"https:\/\/www.visituffizi.org\/wp-content\/uploads\/2015\/04\/new-hall-6-monaco.jpg 1000w, https:\/\/www.visituffizi.org\/wp-content\/uploads\/2015\/04\/new-hall-6-monaco-200x300.jpg 200w, https:\/\/www.visituffizi.org\/wp-content\/uploads\/2015\/04\/new-hall-6-monaco-267x400.jpg 267w, https:\/\/www.visituffizi.org\/wp-content\/uploads\/2015\/04\/new-hall-6-monaco-67x100.jpg 67w, https:\/\/www.visituffizi.org\/wp-content\/uploads\/2015\/04\/new-hall-6-monaco-99x149.jpg 99w\" sizes=\"(max-width: 1000px) 100vw, 1000px\" \/><\/p>\n<p>La sala del G\u00f3tico Internacional nos introduce al lenguaje pintoresco refinado llamado tambi\u00e9n \u201cG\u00f3tico Tard\u00edo o Flam\u00edgero\u201d (\u201cG\u00f3tico cortese o Fiammeggiante\u201d\u00a0en italiano). Desarrollado a finales del siglo XIV y principios del siglo XV, este estilo representaba el gusto elegante y de cuento de hadas de las cortes, planteando\u00a0figuras sofisticadas, a\u00a0 menudo alargadas, en poses graciosas y\u00a0en vestidos\u00a0elegantes.<\/p>\n<p>Una obra para comprender este estilo es <a href=\"https:\/\/www.visituffizi.org\/es\/obras-de-arte\/la-adoracion-de-los-reyes-magos-de-gentile-da-fabriano\/\">La Adoraci\u00f3n de los Reyes Magos<\/a> de <strong>Gentile da Fabriano<\/strong> firmado y fechado en 1423 (que ahora se encuentra en la sala 7). Esta obra en un magn\u00edfico marco tallado dorado, fue solicitado por Palla Strozzi, el hombre m\u00e1s rico de Florencia seg\u00fan el censo de 1427. La obra expresa de la mejor manera la est\u00e9tica \u201ccortes\u201d y su\u00a0atm\u00f3sfera de ensue\u00f1o con sus decoraciones de oro y plata, y los espl\u00e9ndidos detalles en las telas suntuosas, hacen que las suaves\u00a0figuras llamen la atenci\u00f3n.<\/p>\n<p>Otro artista importante para entender el g\u00f3tico llamado <em>\u201cestilo flam\u00edgero\u201d<\/em> es <strong>Lorenzo Monaco<\/strong>. Esta sala\u00a0actualmente\u00a0esta dedicada a este artista y a sus contempor\u00e1neos. El artista\u00a0un fraile, en su incre\u00edble <strong>Coronaci\u00f3n de la Virgen<\/strong> de 1414, m\u00e1s que expresar el esplendor de las cortes se dedic\u00f3 a poner \u00e9nfasis en el esplendor de la Virgen coronada, rodeada de santos y suspendida sobre un \u00a0fant\u00e1stico arco\u00edris. Para este retablo Lorenzo Monaco utiliz\u00f3 colores brillantes\u00a0delineando las figuras en una manera muy refinada\u00a0\u201ccortes\u201d. El nuevo fondo color verde sirve para enfatizar la majestuosidad de la obra.<\/p>\n<p>Al mismo tiempo en Florencia estaba \u201cfloreciendo\u201d el nuevo estilo renacentista. El G\u00f3tico Internacional no desapareci\u00f3 repentinamente, de hecho comparti\u00f3 el terreno por varios a\u00f1os con las revolucionarias\u00a0ideas del Renacimiento.<\/p>\n<p><em>La sala ha sido modernizada como parte del proyecto \u00abNew Uffizi\u00bb y volvi\u00f3 a abrir en la primavera del\u00a02015.<\/em><\/p>\n","protected":false},"excerpt":{"rendered":"<p>Tambi\u00e9n conocido como G\u00f3tico Tard\u00edo o Flam\u00edgero, desarrollado a finales del siglo XIV y principios del siglo XV. Una artista importante para entender el g\u00f3tico llamado \u201cestilo flam\u00edgero\u201d es Lorenzo Monaco<\/p>\n","protected":false},"author":6,"featured_media":1878,"parent":1686,"menu_order":20,"comment_status":"open","ping_status":"open","template":"","meta":{"ngg_post_thumbnail":0,"footnotes":""},"class_list":["post-1695","page","type-page","status-publish","has-post-thumbnail","hentry"],"yoast_head":"<!-- This site is optimized with the Yoast SEO plugin v27.4 - https:\/\/yoast.com\/product\/yoast-seo-wordpress\/ -->\n<title>Salas 5 y 6 Galer\u00eda Uffizi: Lorenzo Monaco<\/title>\n<meta name=\"description\" content=\"Estas salas nos muestra los tabajos realizados durante el periodo G\u00f3tico Internacional con trabajos de Lorenzo Monaco, Gentile da Fabriano entre otros.\" \/>\n<meta name=\"robots\" content=\"index, follow, max-snippet:-1, max-image-preview:large, max-video-preview:-1\" \/>\n<link rel=\"canonical\" href=\"https:\/\/www.visituffizi.org\/es\/las-salas\/sala-5y6-lorenzo-monaco\/\" \/>\n<meta property=\"og:locale\" content=\"es_ES\" \/>\n<meta property=\"og:type\" content=\"article\" \/>\n<meta property=\"og:title\" content=\"Salas 5 y 6 Galer\u00eda Uffizi: Lorenzo Monaco\" \/>\n<meta property=\"og:description\" content=\"Estas salas nos muestra los tabajos realizados durante el periodo G\u00f3tico Internacional con trabajos de Lorenzo Monaco, Gentile da Fabriano entre otros.\" \/>\n<meta property=\"og:url\" content=\"https:\/\/www.visituffizi.org\/es\/las-salas\/sala-5y6-lorenzo-monaco\/\" \/>\n<meta property=\"og:site_name\" content=\"Visit Uffizi\" \/>\n<meta property=\"article:modified_time\" content=\"2015-09-28T11:21:15+00:00\" \/>\n<meta property=\"og:image\" content=\"https:\/\/www.visituffizi.org\/wp-content\/uploads\/2015\/04\/new-hall-6-monaco.jpg\" \/>\n\t<meta property=\"og:image:width\" content=\"1000\" \/>\n\t<meta property=\"og:image:height\" content=\"1500\" \/>\n\t<meta property=\"og:image:type\" content=\"image\/jpeg\" \/>\n<meta name=\"twitter:label1\" content=\"Tiempo de lectura\" \/>\n\t<meta name=\"twitter:data1\" content=\"2 minutos\" \/>\n<script type=\"application\/ld+json\" class=\"yoast-schema-graph\">{\"@context\":\"https:\\\/\\\/schema.org\",\"@graph\":[{\"@type\":\"WebPage\",\"@id\":\"https:\\\/\\\/www.visituffizi.org\\\/es\\\/las-salas\\\/sala-5y6-lorenzo-monaco\\\/\",\"url\":\"https:\\\/\\\/www.visituffizi.org\\\/es\\\/las-salas\\\/sala-5y6-lorenzo-monaco\\\/\",\"name\":\"Salas 5 y 6 Galer\u00eda Uffizi: Lorenzo Monaco\",\"isPartOf\":{\"@id\":\"https:\\\/\\\/www.visituffizi.org\\\/it\\\/#website\"},\"primaryImageOfPage\":{\"@id\":\"https:\\\/\\\/www.visituffizi.org\\\/es\\\/las-salas\\\/sala-5y6-lorenzo-monaco\\\/#primaryimage\"},\"image\":{\"@id\":\"https:\\\/\\\/www.visituffizi.org\\\/es\\\/las-salas\\\/sala-5y6-lorenzo-monaco\\\/#primaryimage\"},\"thumbnailUrl\":\"https:\\\/\\\/www.visituffizi.org\\\/wp-content\\\/uploads\\\/2015\\\/04\\\/new-hall-6-monaco.jpg\",\"datePublished\":\"2015-02-17T21:47:57+00:00\",\"dateModified\":\"2015-09-28T11:21:15+00:00\",\"description\":\"Estas salas nos muestra los tabajos realizados durante el periodo G\u00f3tico Internacional con trabajos de Lorenzo Monaco, Gentile da Fabriano entre otros.\",\"breadcrumb\":{\"@id\":\"https:\\\/\\\/www.visituffizi.org\\\/es\\\/las-salas\\\/sala-5y6-lorenzo-monaco\\\/#breadcrumb\"},\"inLanguage\":\"es\",\"potentialAction\":[{\"@type\":\"ReadAction\",\"target\":[\"https:\\\/\\\/www.visituffizi.org\\\/es\\\/las-salas\\\/sala-5y6-lorenzo-monaco\\\/\"]}]},{\"@type\":\"ImageObject\",\"inLanguage\":\"es\",\"@id\":\"https:\\\/\\\/www.visituffizi.org\\\/es\\\/las-salas\\\/sala-5y6-lorenzo-monaco\\\/#primaryimage\",\"url\":\"https:\\\/\\\/www.visituffizi.org\\\/wp-content\\\/uploads\\\/2015\\\/04\\\/new-hall-6-monaco.jpg\",\"contentUrl\":\"https:\\\/\\\/www.visituffizi.org\\\/wp-content\\\/uploads\\\/2015\\\/04\\\/new-hall-6-monaco.jpg\",\"width\":1000,\"height\":1500},{\"@type\":\"BreadcrumbList\",\"@id\":\"https:\\\/\\\/www.visituffizi.org\\\/es\\\/las-salas\\\/sala-5y6-lorenzo-monaco\\\/#breadcrumb\",\"itemListElement\":[{\"@type\":\"ListItem\",\"position\":1,\"name\":\"Home\",\"item\":\"https:\\\/\\\/www.visituffizi.org\\\/es\\\/\"},{\"@type\":\"ListItem\",\"position\":2,\"name\":\"Las Salas\",\"item\":\"https:\\\/\\\/www.visituffizi.org\\\/es\\\/las-salas\\\/\"},{\"@type\":\"ListItem\",\"position\":3,\"name\":\"Salas 5 y 6 &#8211; Lorenzo Monaco\"}]},{\"@type\":\"WebSite\",\"@id\":\"https:\\\/\\\/www.visituffizi.org\\\/it\\\/#website\",\"url\":\"https:\\\/\\\/www.visituffizi.org\\\/it\\\/\",\"name\":\"Visit Uffizi\",\"description\":\"Guide to Uffizi Museum in Florence\",\"potentialAction\":[{\"@type\":\"SearchAction\",\"target\":{\"@type\":\"EntryPoint\",\"urlTemplate\":\"https:\\\/\\\/www.visituffizi.org\\\/it\\\/?s={search_term_string}\"},\"query-input\":{\"@type\":\"PropertyValueSpecification\",\"valueRequired\":true,\"valueName\":\"search_term_string\"}}],\"inLanguage\":\"es\"}]}<\/script>\n<!-- \/ Yoast SEO plugin. -->","yoast_head_json":{"title":"Salas 5 y 6 Galer\u00eda Uffizi: Lorenzo Monaco","description":"Estas salas nos muestra los tabajos realizados durante el periodo G\u00f3tico Internacional con trabajos de Lorenzo Monaco, Gentile da Fabriano entre otros.","robots":{"index":"index","follow":"follow","max-snippet":"max-snippet:-1","max-image-preview":"max-image-preview:large","max-video-preview":"max-video-preview:-1"},"canonical":"https:\/\/www.visituffizi.org\/es\/las-salas\/sala-5y6-lorenzo-monaco\/","og_locale":"es_ES","og_type":"article","og_title":"Salas 5 y 6 Galer\u00eda Uffizi: Lorenzo Monaco","og_description":"Estas salas nos muestra los tabajos realizados durante el periodo G\u00f3tico Internacional con trabajos de Lorenzo Monaco, Gentile da Fabriano entre otros.","og_url":"https:\/\/www.visituffizi.org\/es\/las-salas\/sala-5y6-lorenzo-monaco\/","og_site_name":"Visit Uffizi","article_modified_time":"2015-09-28T11:21:15+00:00","og_image":[{"width":1000,"height":1500,"url":"https:\/\/www.visituffizi.org\/wp-content\/uploads\/2015\/04\/new-hall-6-monaco.jpg","type":"image\/jpeg"}],"twitter_misc":{"Tiempo de lectura":"2 minutos"},"schema":{"@context":"https:\/\/schema.org","@graph":[{"@type":"WebPage","@id":"https:\/\/www.visituffizi.org\/es\/las-salas\/sala-5y6-lorenzo-monaco\/","url":"https:\/\/www.visituffizi.org\/es\/las-salas\/sala-5y6-lorenzo-monaco\/","name":"Salas 5 y 6 Galer\u00eda Uffizi: Lorenzo Monaco","isPartOf":{"@id":"https:\/\/www.visituffizi.org\/it\/#website"},"primaryImageOfPage":{"@id":"https:\/\/www.visituffizi.org\/es\/las-salas\/sala-5y6-lorenzo-monaco\/#primaryimage"},"image":{"@id":"https:\/\/www.visituffizi.org\/es\/las-salas\/sala-5y6-lorenzo-monaco\/#primaryimage"},"thumbnailUrl":"https:\/\/www.visituffizi.org\/wp-content\/uploads\/2015\/04\/new-hall-6-monaco.jpg","datePublished":"2015-02-17T21:47:57+00:00","dateModified":"2015-09-28T11:21:15+00:00","description":"Estas salas nos muestra los tabajos realizados durante el periodo G\u00f3tico Internacional con trabajos de Lorenzo Monaco, Gentile da Fabriano entre otros.","breadcrumb":{"@id":"https:\/\/www.visituffizi.org\/es\/las-salas\/sala-5y6-lorenzo-monaco\/#breadcrumb"},"inLanguage":"es","potentialAction":[{"@type":"ReadAction","target":["https:\/\/www.visituffizi.org\/es\/las-salas\/sala-5y6-lorenzo-monaco\/"]}]},{"@type":"ImageObject","inLanguage":"es","@id":"https:\/\/www.visituffizi.org\/es\/las-salas\/sala-5y6-lorenzo-monaco\/#primaryimage","url":"https:\/\/www.visituffizi.org\/wp-content\/uploads\/2015\/04\/new-hall-6-monaco.jpg","contentUrl":"https:\/\/www.visituffizi.org\/wp-content\/uploads\/2015\/04\/new-hall-6-monaco.jpg","width":1000,"height":1500},{"@type":"BreadcrumbList","@id":"https:\/\/www.visituffizi.org\/es\/las-salas\/sala-5y6-lorenzo-monaco\/#breadcrumb","itemListElement":[{"@type":"ListItem","position":1,"name":"Home","item":"https:\/\/www.visituffizi.org\/es\/"},{"@type":"ListItem","position":2,"name":"Las Salas","item":"https:\/\/www.visituffizi.org\/es\/las-salas\/"},{"@type":"ListItem","position":3,"name":"Salas 5 y 6 &#8211; Lorenzo Monaco"}]},{"@type":"WebSite","@id":"https:\/\/www.visituffizi.org\/it\/#website","url":"https:\/\/www.visituffizi.org\/it\/","name":"Visit Uffizi","description":"Guide to Uffizi Museum in Florence","potentialAction":[{"@type":"SearchAction","target":{"@type":"EntryPoint","urlTemplate":"https:\/\/www.visituffizi.org\/it\/?s={search_term_string}"},"query-input":{"@type":"PropertyValueSpecification","valueRequired":true,"valueName":"search_term_string"}}],"inLanguage":"es"}]}},"_links":{"self":[{"href":"https:\/\/www.visituffizi.org\/es\/wp-json\/wp\/v2\/pages\/1695","targetHints":{"allow":["GET"]}}],"collection":[{"href":"https:\/\/www.visituffizi.org\/es\/wp-json\/wp\/v2\/pages"}],"about":[{"href":"https:\/\/www.visituffizi.org\/es\/wp-json\/wp\/v2\/types\/page"}],"author":[{"embeddable":true,"href":"https:\/\/www.visituffizi.org\/es\/wp-json\/wp\/v2\/users\/6"}],"replies":[{"embeddable":true,"href":"https:\/\/www.visituffizi.org\/es\/wp-json\/wp\/v2\/comments?post=1695"}],"version-history":[{"count":0,"href":"https:\/\/www.visituffizi.org\/es\/wp-json\/wp\/v2\/pages\/1695\/revisions"}],"up":[{"embeddable":true,"href":"https:\/\/www.visituffizi.org\/es\/wp-json\/wp\/v2\/pages\/1686"}],"wp:featuredmedia":[{"embeddable":true,"href":"https:\/\/www.visituffizi.org\/es\/wp-json\/wp\/v2\/media\/1878"}],"wp:attachment":[{"href":"https:\/\/www.visituffizi.org\/es\/wp-json\/wp\/v2\/media?parent=1695"}],"curies":[{"name":"wp","href":"https:\/\/api.w.org\/{rel}","templated":true}]}}