{"id":1696,"date":"2015-02-17T22:06:23","date_gmt":"2015-02-17T22:06:23","guid":{"rendered":"https:\/\/www.visituffizi.org\/?page_id=1696"},"modified":"2015-09-28T15:33:03","modified_gmt":"2015-09-28T15:33:03","slug":"sala-7-gentile-da-fabriano","status":"publish","type":"page","link":"https:\/\/www.visituffizi.org\/es\/las-salas\/sala-7-gentile-da-fabriano\/","title":{"rendered":"Sala 7 &#8211; Gentile da Fabriano"},"content":{"rendered":"ngg_shortcode_0_placeholder\n<h1>Sala\u00a07 &#8211; Gentile da Fabriano<\/h1>\n<p><img decoding=\"async\" class=\"aligncenter size-full wp-image-1879\" src=\"https:\/\/www.visituffizi.org\/wp-content\/uploads\/2015\/04\/new-hall-7-fabriano.jpg\" alt=\"new-hall-7-fabriano\" width=\"1000\" height=\"924\" srcset=\"https:\/\/www.visituffizi.org\/wp-content\/uploads\/2015\/04\/new-hall-7-fabriano.jpg 1000w, https:\/\/www.visituffizi.org\/wp-content\/uploads\/2015\/04\/new-hall-7-fabriano-300x277.jpg 300w, https:\/\/www.visituffizi.org\/wp-content\/uploads\/2015\/04\/new-hall-7-fabriano-433x400.jpg 433w, https:\/\/www.visituffizi.org\/wp-content\/uploads\/2015\/04\/new-hall-7-fabriano-100x92.jpg 100w, https:\/\/www.visituffizi.org\/wp-content\/uploads\/2015\/04\/new-hall-7-fabriano-161x149.jpg 161w\" sizes=\"(max-width: 1000px) 100vw, 1000px\" \/><\/p>\n<p><em><strong>En esta sala se encontraban exhibidas algunas obras maestras del Renacimiento Temprano. La sala\u00a0ha sido renovada volviendo a abrir en el verano del 2015 ahora esta dedicada a Gentile da Fabriano, otro artista del\u00a0per\u00edodo g\u00f3tico internacional.<\/strong><\/em><\/p>\n<p>Las obras que se encontraban aqu\u00ed todav\u00eda\u00a0estan buscando\u00a0una nueva ubicaci\u00f3n, y nuestro sitio esta siendo continuamente actualizado, por lo que ahora\u00a0les\u00a0diremos\u00a0lo que se mostraba anteriormente:<\/p>\n<p>Estamos lejos del estilo g\u00f3tico\u00a0y la nueva revoluci\u00f3n figurativa se ha logrado.<\/p>\n<p>Perspectiva, estudio de la anatom\u00eda y de la luz, tomada del clasicismo, la centralidad del hombre y la investigaci\u00f3n psicol\u00f3gica, son las caracter\u00edsticas m\u00e1s evidentes en el arte del renacimiento.<\/p>\n<p>Entre las primeras obras tenemos la espl\u00e9ndida <em>Sant\u00b4Anna \u201cMetterza\u201d<\/em> de <strong>Masaccio y Masolino<\/strong> (1424 aprox.)\u00a0 donde la Virgen y el ni\u00f1o tienen un f\u00edsico casi escultural. Tambi\u00e9n dulce y bell\u00edsima, la <em>Virgen de Pontassieve<\/em> (1435) del fraile y pintor<strong> Beato Ang\u00e9lico<\/strong>.<\/p>\n<p>Adem\u00e1s de otras obras estupendas entre las que se encuentran el <a title=\"Retablo de Santa Lucia de\u2019 Magnoli de Veneziano\" href=\"https:\/\/www.visituffizi.org\/es\/obras-de-arte\/retablo-de-santa-lucia-de-magnoli-de-veneziano\/\">Retablo de Santa Lucia de&#8217; Magnoli<\/a>\u00a0 (1440 aprox.) de <strong>Domenico Veneziano<\/strong> y la <a title=\"La Batalla de San Romano de Paolo Uccello\" href=\"https:\/\/www.visituffizi.org\/es\/obras-de-arte\/la-batalla-de-san-romano-de-paolo-uccello\/\">Batalla de San Romano <\/a>(1438 aprox.) de <strong>Paolo Uccello<\/strong>, ambas basadas en el atento estudio de la luz y\u00a0 la perspectiva.<\/p>\n<p>En estas obras el espacio es estudiado, definido cient\u00edficamente y es dominado por el hombre. Las proporciones anat\u00f3micas son estudiadas y la representaci\u00f3n del cuerpo humano es realista. La luz y el claroscuro delinean los vol\u00famenes,\u00a0los cuerpos y el medio ambiente que los rodea. Una verdadera revoluci\u00f3n.<\/p>\n<p>&nbsp;<\/p>\n","protected":false},"excerpt":{"rendered":"<p>La pintura del siglo XV, sus exponentes Masaccio, Masolino, Beato Angelico, Veneziano y Paolo Uccello<\/p>\n","protected":false},"author":6,"featured_media":1879,"parent":1686,"menu_order":30,"comment_status":"open","ping_status":"open","template":"","meta":{"ngg_post_thumbnail":0,"footnotes":""},"class_list":["post-1696","page","type-page","status-publish","has-post-thumbnail","hentry"],"yoast_head":"<!-- This site is optimized with the Yoast SEO plugin v27.4 - https:\/\/yoast.com\/product\/yoast-seo-wordpress\/ -->\n<title>Sala 7 Galer\u00eda Uffizi: Renacimiento Temprano<\/title>\n<meta name=\"description\" content=\"Masaccio, Veneziano y Paolo Uccello sus principales exponentes, la perspectiva, el estudio de la anatomia y la luz, las caracter\u00edsticas principales.\" \/>\n<meta name=\"robots\" content=\"index, follow, max-snippet:-1, max-image-preview:large, max-video-preview:-1\" \/>\n<link rel=\"canonical\" href=\"https:\/\/www.visituffizi.org\/es\/las-salas\/sala-7-gentile-da-fabriano\/\" \/>\n<meta property=\"og:locale\" content=\"es_ES\" \/>\n<meta property=\"og:type\" content=\"article\" \/>\n<meta property=\"og:title\" content=\"Sala 7 Galer\u00eda Uffizi: Renacimiento Temprano\" \/>\n<meta property=\"og:description\" content=\"Masaccio, Veneziano y Paolo Uccello sus principales exponentes, la perspectiva, el estudio de la anatomia y la luz, las caracter\u00edsticas principales.\" \/>\n<meta property=\"og:url\" content=\"https:\/\/www.visituffizi.org\/es\/las-salas\/sala-7-gentile-da-fabriano\/\" \/>\n<meta property=\"og:site_name\" content=\"Visit Uffizi\" \/>\n<meta property=\"article:modified_time\" content=\"2015-09-28T15:33:03+00:00\" \/>\n<meta property=\"og:image\" content=\"https:\/\/www.visituffizi.org\/wp-content\/uploads\/2015\/04\/new-hall-7-fabriano.jpg\" \/>\n\t<meta property=\"og:image:width\" content=\"1000\" \/>\n\t<meta property=\"og:image:height\" content=\"924\" \/>\n\t<meta property=\"og:image:type\" content=\"image\/jpeg\" \/>\n<meta name=\"twitter:label1\" content=\"Tiempo de lectura\" \/>\n\t<meta name=\"twitter:data1\" content=\"1 minuto\" \/>\n<script type=\"application\/ld+json\" class=\"yoast-schema-graph\">{\"@context\":\"https:\\\/\\\/schema.org\",\"@graph\":[{\"@type\":\"WebPage\",\"@id\":\"https:\\\/\\\/www.visituffizi.org\\\/es\\\/las-salas\\\/sala-7-gentile-da-fabriano\\\/\",\"url\":\"https:\\\/\\\/www.visituffizi.org\\\/es\\\/las-salas\\\/sala-7-gentile-da-fabriano\\\/\",\"name\":\"Sala 7 Galer\u00eda Uffizi: Renacimiento Temprano\",\"isPartOf\":{\"@id\":\"https:\\\/\\\/www.visituffizi.org\\\/it\\\/#website\"},\"primaryImageOfPage\":{\"@id\":\"https:\\\/\\\/www.visituffizi.org\\\/es\\\/las-salas\\\/sala-7-gentile-da-fabriano\\\/#primaryimage\"},\"image\":{\"@id\":\"https:\\\/\\\/www.visituffizi.org\\\/es\\\/las-salas\\\/sala-7-gentile-da-fabriano\\\/#primaryimage\"},\"thumbnailUrl\":\"https:\\\/\\\/www.visituffizi.org\\\/wp-content\\\/uploads\\\/2015\\\/04\\\/new-hall-7-fabriano.jpg\",\"datePublished\":\"2015-02-17T22:06:23+00:00\",\"dateModified\":\"2015-09-28T15:33:03+00:00\",\"description\":\"Masaccio, Veneziano y Paolo Uccello sus principales exponentes, la perspectiva, el estudio de la anatomia y la luz, las caracter\u00edsticas principales.\",\"breadcrumb\":{\"@id\":\"https:\\\/\\\/www.visituffizi.org\\\/es\\\/las-salas\\\/sala-7-gentile-da-fabriano\\\/#breadcrumb\"},\"inLanguage\":\"es\",\"potentialAction\":[{\"@type\":\"ReadAction\",\"target\":[\"https:\\\/\\\/www.visituffizi.org\\\/es\\\/las-salas\\\/sala-7-gentile-da-fabriano\\\/\"]}]},{\"@type\":\"ImageObject\",\"inLanguage\":\"es\",\"@id\":\"https:\\\/\\\/www.visituffizi.org\\\/es\\\/las-salas\\\/sala-7-gentile-da-fabriano\\\/#primaryimage\",\"url\":\"https:\\\/\\\/www.visituffizi.org\\\/wp-content\\\/uploads\\\/2015\\\/04\\\/new-hall-7-fabriano.jpg\",\"contentUrl\":\"https:\\\/\\\/www.visituffizi.org\\\/wp-content\\\/uploads\\\/2015\\\/04\\\/new-hall-7-fabriano.jpg\",\"width\":1000,\"height\":924},{\"@type\":\"BreadcrumbList\",\"@id\":\"https:\\\/\\\/www.visituffizi.org\\\/es\\\/las-salas\\\/sala-7-gentile-da-fabriano\\\/#breadcrumb\",\"itemListElement\":[{\"@type\":\"ListItem\",\"position\":1,\"name\":\"Home\",\"item\":\"https:\\\/\\\/www.visituffizi.org\\\/es\\\/\"},{\"@type\":\"ListItem\",\"position\":2,\"name\":\"Las Salas\",\"item\":\"https:\\\/\\\/www.visituffizi.org\\\/es\\\/las-salas\\\/\"},{\"@type\":\"ListItem\",\"position\":3,\"name\":\"Sala 7 &#8211; Gentile da Fabriano\"}]},{\"@type\":\"WebSite\",\"@id\":\"https:\\\/\\\/www.visituffizi.org\\\/it\\\/#website\",\"url\":\"https:\\\/\\\/www.visituffizi.org\\\/it\\\/\",\"name\":\"Visit Uffizi\",\"description\":\"Guide to Uffizi Museum in Florence\",\"potentialAction\":[{\"@type\":\"SearchAction\",\"target\":{\"@type\":\"EntryPoint\",\"urlTemplate\":\"https:\\\/\\\/www.visituffizi.org\\\/it\\\/?s={search_term_string}\"},\"query-input\":{\"@type\":\"PropertyValueSpecification\",\"valueRequired\":true,\"valueName\":\"search_term_string\"}}],\"inLanguage\":\"es\"}]}<\/script>\n<!-- \/ Yoast SEO plugin. -->","yoast_head_json":{"title":"Sala 7 Galer\u00eda Uffizi: Renacimiento Temprano","description":"Masaccio, Veneziano y Paolo Uccello sus principales exponentes, la perspectiva, el estudio de la anatomia y la luz, las caracter\u00edsticas principales.","robots":{"index":"index","follow":"follow","max-snippet":"max-snippet:-1","max-image-preview":"max-image-preview:large","max-video-preview":"max-video-preview:-1"},"canonical":"https:\/\/www.visituffizi.org\/es\/las-salas\/sala-7-gentile-da-fabriano\/","og_locale":"es_ES","og_type":"article","og_title":"Sala 7 Galer\u00eda Uffizi: Renacimiento Temprano","og_description":"Masaccio, Veneziano y Paolo Uccello sus principales exponentes, la perspectiva, el estudio de la anatomia y la luz, las caracter\u00edsticas principales.","og_url":"https:\/\/www.visituffizi.org\/es\/las-salas\/sala-7-gentile-da-fabriano\/","og_site_name":"Visit Uffizi","article_modified_time":"2015-09-28T15:33:03+00:00","og_image":[{"width":1000,"height":924,"url":"https:\/\/www.visituffizi.org\/wp-content\/uploads\/2015\/04\/new-hall-7-fabriano.jpg","type":"image\/jpeg"}],"twitter_misc":{"Tiempo de lectura":"1 minuto"},"schema":{"@context":"https:\/\/schema.org","@graph":[{"@type":"WebPage","@id":"https:\/\/www.visituffizi.org\/es\/las-salas\/sala-7-gentile-da-fabriano\/","url":"https:\/\/www.visituffizi.org\/es\/las-salas\/sala-7-gentile-da-fabriano\/","name":"Sala 7 Galer\u00eda Uffizi: Renacimiento Temprano","isPartOf":{"@id":"https:\/\/www.visituffizi.org\/it\/#website"},"primaryImageOfPage":{"@id":"https:\/\/www.visituffizi.org\/es\/las-salas\/sala-7-gentile-da-fabriano\/#primaryimage"},"image":{"@id":"https:\/\/www.visituffizi.org\/es\/las-salas\/sala-7-gentile-da-fabriano\/#primaryimage"},"thumbnailUrl":"https:\/\/www.visituffizi.org\/wp-content\/uploads\/2015\/04\/new-hall-7-fabriano.jpg","datePublished":"2015-02-17T22:06:23+00:00","dateModified":"2015-09-28T15:33:03+00:00","description":"Masaccio, Veneziano y Paolo Uccello sus principales exponentes, la perspectiva, el estudio de la anatomia y la luz, las caracter\u00edsticas principales.","breadcrumb":{"@id":"https:\/\/www.visituffizi.org\/es\/las-salas\/sala-7-gentile-da-fabriano\/#breadcrumb"},"inLanguage":"es","potentialAction":[{"@type":"ReadAction","target":["https:\/\/www.visituffizi.org\/es\/las-salas\/sala-7-gentile-da-fabriano\/"]}]},{"@type":"ImageObject","inLanguage":"es","@id":"https:\/\/www.visituffizi.org\/es\/las-salas\/sala-7-gentile-da-fabriano\/#primaryimage","url":"https:\/\/www.visituffizi.org\/wp-content\/uploads\/2015\/04\/new-hall-7-fabriano.jpg","contentUrl":"https:\/\/www.visituffizi.org\/wp-content\/uploads\/2015\/04\/new-hall-7-fabriano.jpg","width":1000,"height":924},{"@type":"BreadcrumbList","@id":"https:\/\/www.visituffizi.org\/es\/las-salas\/sala-7-gentile-da-fabriano\/#breadcrumb","itemListElement":[{"@type":"ListItem","position":1,"name":"Home","item":"https:\/\/www.visituffizi.org\/es\/"},{"@type":"ListItem","position":2,"name":"Las Salas","item":"https:\/\/www.visituffizi.org\/es\/las-salas\/"},{"@type":"ListItem","position":3,"name":"Sala 7 &#8211; Gentile da Fabriano"}]},{"@type":"WebSite","@id":"https:\/\/www.visituffizi.org\/it\/#website","url":"https:\/\/www.visituffizi.org\/it\/","name":"Visit Uffizi","description":"Guide to Uffizi Museum in Florence","potentialAction":[{"@type":"SearchAction","target":{"@type":"EntryPoint","urlTemplate":"https:\/\/www.visituffizi.org\/it\/?s={search_term_string}"},"query-input":{"@type":"PropertyValueSpecification","valueRequired":true,"valueName":"search_term_string"}}],"inLanguage":"es"}]}},"_links":{"self":[{"href":"https:\/\/www.visituffizi.org\/es\/wp-json\/wp\/v2\/pages\/1696","targetHints":{"allow":["GET"]}}],"collection":[{"href":"https:\/\/www.visituffizi.org\/es\/wp-json\/wp\/v2\/pages"}],"about":[{"href":"https:\/\/www.visituffizi.org\/es\/wp-json\/wp\/v2\/types\/page"}],"author":[{"embeddable":true,"href":"https:\/\/www.visituffizi.org\/es\/wp-json\/wp\/v2\/users\/6"}],"replies":[{"embeddable":true,"href":"https:\/\/www.visituffizi.org\/es\/wp-json\/wp\/v2\/comments?post=1696"}],"version-history":[{"count":0,"href":"https:\/\/www.visituffizi.org\/es\/wp-json\/wp\/v2\/pages\/1696\/revisions"}],"up":[{"embeddable":true,"href":"https:\/\/www.visituffizi.org\/es\/wp-json\/wp\/v2\/pages\/1686"}],"wp:featuredmedia":[{"embeddable":true,"href":"https:\/\/www.visituffizi.org\/es\/wp-json\/wp\/v2\/media\/1879"}],"wp:attachment":[{"href":"https:\/\/www.visituffizi.org\/es\/wp-json\/wp\/v2\/media?parent=1696"}],"curies":[{"name":"wp","href":"https:\/\/api.w.org\/{rel}","templated":true}]}}