{"id":1697,"date":"2015-02-16T18:11:28","date_gmt":"2015-02-16T18:11:28","guid":{"rendered":"https:\/\/www.visituffizi.org\/?page_id=1697"},"modified":"2015-08-04T20:51:42","modified_gmt":"2015-08-04T20:51:42","slug":"sala-8-filippo-lippi","status":"publish","type":"page","link":"https:\/\/www.visituffizi.org\/es\/las-salas\/sala-8-filippo-lippi\/","title":{"rendered":"Sala 8 &#8211; Filippo Lippi"},"content":{"rendered":"ngg_shortcode_0_placeholder\n<h1>Sala\u00a08 &#8211; Filippo Lippi<\/h1>\n<p><iframe loading=\"lazy\" src=\"https:\/\/maps.google.it\/maps?q=uffizi+gallery&amp;layer=c&amp;sll=43.767786,11.255311&amp;cid=14834496294842582221&amp;panoid=GjsqKRb9D2-w09sF2PgcSw&amp;cbp=13,353.78,,0,2.13&amp;hl=en&amp;ie=UTF8&amp;hq=uffizi+gallery&amp;hnear=&amp;ll=43.767786,11.255311&amp;spn=0.006295,0.006295&amp;t=m&amp;cbll=43.76845,11.25589&amp;source=embed&amp;output=svembed\" width=\"610\" height=\"400\" frameborder=\"0\" marginwidth=\"0\" marginheight=\"0\" scrolling=\"no\"><\/iframe><\/p>\n<p>Esta sala est\u00e1 dedicada a uno de los protagonistas de los Inicios del Renacimiento: <strong>Filippo Lippi<\/strong>.<\/p>\n<p>Personaje sui g\u00e9neris, monje durante muchos a\u00f1os y amante de la monja Lucrezia Buti que correspond\u00eda a su amor, hasta que ambos\u00a0renunciaron\u00a0a la vida religiosa, padre de otro gran artista (Filippino Lippi), primer maestro de Botticelli, Filippo es seguramente uno de los pintores m\u00e1s importantes del siglo XV.<\/p>\n<p>En la sala se encuentran exhibidas obras bell\u00edsimas de Filippo Lippi como el retablo\u00a0<em>Pala del Noviziato<\/em> (1445 aprox.) la majestuosa <em>Coronaci\u00f3n de la Virgen<\/em> (1439 1447 aprox.) o la preciosa <em><a href=\"https:\/\/www.visituffizi.org\/es\/obras-de-arte\/la-virgen-con-el-nino-y-dos-angeles-de-filippo-lippi\/\">Virgen con el ni\u00f1o y los dos \u00e1ngeles<\/a><\/em> (1465 aprox.) en la cual parece que haya sido retratada su amada Lucrecia como la Santa Virgen, futura madre de sus dos hijos.<\/p>\n<p>Figuras esbeltas y refinadas, vestidos y cabellos ondeantes, fuerte atenci\u00f3n al contorno y al\u00a0dise\u00f1o, son los elementos del estilo de Filippo Lippi, que despu\u00e9s influenciar\u00e1n a Sandro Botticelli.<\/p>\n<p>El creador del \u201cNacimiento de Venus\u201d\u00a0fue un \u00edntimo amigo y colaborador del hijo de Lippi, <strong>Filippino<\/strong>, tambi\u00e9n un pintor brillante. Filippino est\u00e1 presente en esta sala con algunas de sus obras entre las cuales se encuentra la espl\u00e9ndida y vibrante <em>Adoraci\u00f3n de los Magos<\/em> (firmada y fechada en 1406).<\/p>\n<p>Otra obra maestra expuesta en la sala es el famoso <a href=\"https:\/\/www.visituffizi.org\/es\/obras-de-arte\/el-retrato-de-los-duques-de-urbino-de-piero-della-francesca\/\">D\u00edptico de la duquesa y el duque de Urbino<\/a> (1472 aprox.) del gran <strong>Piero de la Francesca<\/strong>. La precisi\u00f3n de los detalles y los paisajes cristalinos que se desvanecen en las colinas del horizonte son\u00a0de un realismo incre\u00edble.<\/p>\n<p>&nbsp;<\/p>\n<p>&nbsp;<\/p>\n","protected":false},"excerpt":{"rendered":"<p>Filippo Lippi protagonista de los inicios del Renacimiento, su hijo Filippino Lippi y Domenico Veneziano tambi\u00e9n est\u00e1n presentes en esta sala.<\/p>\n","protected":false},"author":6,"featured_media":1024,"parent":1686,"menu_order":40,"comment_status":"open","ping_status":"open","template":"","meta":{"ngg_post_thumbnail":0,"footnotes":""},"class_list":["post-1697","page","type-page","status-publish","has-post-thumbnail","hentry"],"yoast_head":"<!-- This site is optimized with the Yoast SEO plugin v27.4 - https:\/\/yoast.com\/product\/yoast-seo-wordpress\/ -->\n<title>Sala 8 Galer\u00eda Uffizi: Filippo Lippi y sus obras<\/title>\n<meta name=\"description\" content=\"Esta sala dedicada a Filippo Lippi donde puedes admirar la Virgen con los dos \u00e1ngeles y el D\u00edptico de los Duques Urbino de Piero de la Francesca.\" \/>\n<meta name=\"robots\" content=\"index, follow, max-snippet:-1, max-image-preview:large, max-video-preview:-1\" \/>\n<link rel=\"canonical\" href=\"https:\/\/www.visituffizi.org\/es\/las-salas\/sala-8-filippo-lippi\/\" \/>\n<meta property=\"og:locale\" content=\"es_ES\" \/>\n<meta property=\"og:type\" content=\"article\" \/>\n<meta property=\"og:title\" content=\"Sala 8 Galer\u00eda Uffizi: Filippo Lippi y sus obras\" \/>\n<meta property=\"og:description\" content=\"Esta sala dedicada a Filippo Lippi donde puedes admirar la Virgen con los dos \u00e1ngeles y el D\u00edptico de los Duques Urbino de Piero de la Francesca.\" \/>\n<meta property=\"og:url\" content=\"https:\/\/www.visituffizi.org\/es\/las-salas\/sala-8-filippo-lippi\/\" \/>\n<meta property=\"og:site_name\" content=\"Visit Uffizi\" \/>\n<meta property=\"article:modified_time\" content=\"2015-08-04T20:51:42+00:00\" \/>\n<meta property=\"og:image\" content=\"https:\/\/www.visituffizi.org\/wp-content\/uploads\/2013\/03\/hall8.jpg\" \/>\n\t<meta property=\"og:image:width\" content=\"1544\" \/>\n\t<meta property=\"og:image:height\" content=\"1022\" \/>\n\t<meta property=\"og:image:type\" content=\"image\/jpeg\" \/>\n<meta name=\"twitter:label1\" content=\"Tiempo de lectura\" \/>\n\t<meta name=\"twitter:data1\" content=\"1 minuto\" \/>\n<script type=\"application\/ld+json\" class=\"yoast-schema-graph\">{\"@context\":\"https:\\\/\\\/schema.org\",\"@graph\":[{\"@type\":\"WebPage\",\"@id\":\"https:\\\/\\\/www.visituffizi.org\\\/es\\\/las-salas\\\/sala-8-filippo-lippi\\\/\",\"url\":\"https:\\\/\\\/www.visituffizi.org\\\/es\\\/las-salas\\\/sala-8-filippo-lippi\\\/\",\"name\":\"Sala 8 Galer\u00eda Uffizi: Filippo Lippi y sus obras\",\"isPartOf\":{\"@id\":\"https:\\\/\\\/www.visituffizi.org\\\/it\\\/#website\"},\"primaryImageOfPage\":{\"@id\":\"https:\\\/\\\/www.visituffizi.org\\\/es\\\/las-salas\\\/sala-8-filippo-lippi\\\/#primaryimage\"},\"image\":{\"@id\":\"https:\\\/\\\/www.visituffizi.org\\\/es\\\/las-salas\\\/sala-8-filippo-lippi\\\/#primaryimage\"},\"thumbnailUrl\":\"https:\\\/\\\/www.visituffizi.org\\\/wp-content\\\/uploads\\\/2013\\\/03\\\/hall8.jpg\",\"datePublished\":\"2015-02-16T18:11:28+00:00\",\"dateModified\":\"2015-08-04T20:51:42+00:00\",\"description\":\"Esta sala dedicada a Filippo Lippi donde puedes admirar la Virgen con los dos \u00e1ngeles y el D\u00edptico de los Duques Urbino de Piero de la Francesca.\",\"breadcrumb\":{\"@id\":\"https:\\\/\\\/www.visituffizi.org\\\/es\\\/las-salas\\\/sala-8-filippo-lippi\\\/#breadcrumb\"},\"inLanguage\":\"es\",\"potentialAction\":[{\"@type\":\"ReadAction\",\"target\":[\"https:\\\/\\\/www.visituffizi.org\\\/es\\\/las-salas\\\/sala-8-filippo-lippi\\\/\"]}]},{\"@type\":\"ImageObject\",\"inLanguage\":\"es\",\"@id\":\"https:\\\/\\\/www.visituffizi.org\\\/es\\\/las-salas\\\/sala-8-filippo-lippi\\\/#primaryimage\",\"url\":\"https:\\\/\\\/www.visituffizi.org\\\/wp-content\\\/uploads\\\/2013\\\/03\\\/hall8.jpg\",\"contentUrl\":\"https:\\\/\\\/www.visituffizi.org\\\/wp-content\\\/uploads\\\/2013\\\/03\\\/hall8.jpg\",\"width\":1544,\"height\":1022},{\"@type\":\"BreadcrumbList\",\"@id\":\"https:\\\/\\\/www.visituffizi.org\\\/es\\\/las-salas\\\/sala-8-filippo-lippi\\\/#breadcrumb\",\"itemListElement\":[{\"@type\":\"ListItem\",\"position\":1,\"name\":\"Home\",\"item\":\"https:\\\/\\\/www.visituffizi.org\\\/es\\\/\"},{\"@type\":\"ListItem\",\"position\":2,\"name\":\"Las Salas\",\"item\":\"https:\\\/\\\/www.visituffizi.org\\\/es\\\/las-salas\\\/\"},{\"@type\":\"ListItem\",\"position\":3,\"name\":\"Sala 8 &#8211; Filippo Lippi\"}]},{\"@type\":\"WebSite\",\"@id\":\"https:\\\/\\\/www.visituffizi.org\\\/it\\\/#website\",\"url\":\"https:\\\/\\\/www.visituffizi.org\\\/it\\\/\",\"name\":\"Visit Uffizi\",\"description\":\"Guide to Uffizi Museum in Florence\",\"potentialAction\":[{\"@type\":\"SearchAction\",\"target\":{\"@type\":\"EntryPoint\",\"urlTemplate\":\"https:\\\/\\\/www.visituffizi.org\\\/it\\\/?s={search_term_string}\"},\"query-input\":{\"@type\":\"PropertyValueSpecification\",\"valueRequired\":true,\"valueName\":\"search_term_string\"}}],\"inLanguage\":\"es\"}]}<\/script>\n<!-- \/ Yoast SEO plugin. -->","yoast_head_json":{"title":"Sala 8 Galer\u00eda Uffizi: Filippo Lippi y sus obras","description":"Esta sala dedicada a Filippo Lippi donde puedes admirar la Virgen con los dos \u00e1ngeles y el D\u00edptico de los Duques Urbino de Piero de la Francesca.","robots":{"index":"index","follow":"follow","max-snippet":"max-snippet:-1","max-image-preview":"max-image-preview:large","max-video-preview":"max-video-preview:-1"},"canonical":"https:\/\/www.visituffizi.org\/es\/las-salas\/sala-8-filippo-lippi\/","og_locale":"es_ES","og_type":"article","og_title":"Sala 8 Galer\u00eda Uffizi: Filippo Lippi y sus obras","og_description":"Esta sala dedicada a Filippo Lippi donde puedes admirar la Virgen con los dos \u00e1ngeles y el D\u00edptico de los Duques Urbino de Piero de la Francesca.","og_url":"https:\/\/www.visituffizi.org\/es\/las-salas\/sala-8-filippo-lippi\/","og_site_name":"Visit Uffizi","article_modified_time":"2015-08-04T20:51:42+00:00","og_image":[{"width":1544,"height":1022,"url":"https:\/\/www.visituffizi.org\/wp-content\/uploads\/2013\/03\/hall8.jpg","type":"image\/jpeg"}],"twitter_misc":{"Tiempo de lectura":"1 minuto"},"schema":{"@context":"https:\/\/schema.org","@graph":[{"@type":"WebPage","@id":"https:\/\/www.visituffizi.org\/es\/las-salas\/sala-8-filippo-lippi\/","url":"https:\/\/www.visituffizi.org\/es\/las-salas\/sala-8-filippo-lippi\/","name":"Sala 8 Galer\u00eda Uffizi: Filippo Lippi y sus obras","isPartOf":{"@id":"https:\/\/www.visituffizi.org\/it\/#website"},"primaryImageOfPage":{"@id":"https:\/\/www.visituffizi.org\/es\/las-salas\/sala-8-filippo-lippi\/#primaryimage"},"image":{"@id":"https:\/\/www.visituffizi.org\/es\/las-salas\/sala-8-filippo-lippi\/#primaryimage"},"thumbnailUrl":"https:\/\/www.visituffizi.org\/wp-content\/uploads\/2013\/03\/hall8.jpg","datePublished":"2015-02-16T18:11:28+00:00","dateModified":"2015-08-04T20:51:42+00:00","description":"Esta sala dedicada a Filippo Lippi donde puedes admirar la Virgen con los dos \u00e1ngeles y el D\u00edptico de los Duques Urbino de Piero de la Francesca.","breadcrumb":{"@id":"https:\/\/www.visituffizi.org\/es\/las-salas\/sala-8-filippo-lippi\/#breadcrumb"},"inLanguage":"es","potentialAction":[{"@type":"ReadAction","target":["https:\/\/www.visituffizi.org\/es\/las-salas\/sala-8-filippo-lippi\/"]}]},{"@type":"ImageObject","inLanguage":"es","@id":"https:\/\/www.visituffizi.org\/es\/las-salas\/sala-8-filippo-lippi\/#primaryimage","url":"https:\/\/www.visituffizi.org\/wp-content\/uploads\/2013\/03\/hall8.jpg","contentUrl":"https:\/\/www.visituffizi.org\/wp-content\/uploads\/2013\/03\/hall8.jpg","width":1544,"height":1022},{"@type":"BreadcrumbList","@id":"https:\/\/www.visituffizi.org\/es\/las-salas\/sala-8-filippo-lippi\/#breadcrumb","itemListElement":[{"@type":"ListItem","position":1,"name":"Home","item":"https:\/\/www.visituffizi.org\/es\/"},{"@type":"ListItem","position":2,"name":"Las Salas","item":"https:\/\/www.visituffizi.org\/es\/las-salas\/"},{"@type":"ListItem","position":3,"name":"Sala 8 &#8211; Filippo Lippi"}]},{"@type":"WebSite","@id":"https:\/\/www.visituffizi.org\/it\/#website","url":"https:\/\/www.visituffizi.org\/it\/","name":"Visit Uffizi","description":"Guide to Uffizi Museum in Florence","potentialAction":[{"@type":"SearchAction","target":{"@type":"EntryPoint","urlTemplate":"https:\/\/www.visituffizi.org\/it\/?s={search_term_string}"},"query-input":{"@type":"PropertyValueSpecification","valueRequired":true,"valueName":"search_term_string"}}],"inLanguage":"es"}]}},"_links":{"self":[{"href":"https:\/\/www.visituffizi.org\/es\/wp-json\/wp\/v2\/pages\/1697","targetHints":{"allow":["GET"]}}],"collection":[{"href":"https:\/\/www.visituffizi.org\/es\/wp-json\/wp\/v2\/pages"}],"about":[{"href":"https:\/\/www.visituffizi.org\/es\/wp-json\/wp\/v2\/types\/page"}],"author":[{"embeddable":true,"href":"https:\/\/www.visituffizi.org\/es\/wp-json\/wp\/v2\/users\/6"}],"replies":[{"embeddable":true,"href":"https:\/\/www.visituffizi.org\/es\/wp-json\/wp\/v2\/comments?post=1697"}],"version-history":[{"count":0,"href":"https:\/\/www.visituffizi.org\/es\/wp-json\/wp\/v2\/pages\/1697\/revisions"}],"up":[{"embeddable":true,"href":"https:\/\/www.visituffizi.org\/es\/wp-json\/wp\/v2\/pages\/1686"}],"wp:featuredmedia":[{"embeddable":true,"href":"https:\/\/www.visituffizi.org\/es\/wp-json\/wp\/v2\/media\/1024"}],"wp:attachment":[{"href":"https:\/\/www.visituffizi.org\/es\/wp-json\/wp\/v2\/media?parent=1697"}],"curies":[{"name":"wp","href":"https:\/\/api.w.org\/{rel}","templated":true}]}}