{"id":1698,"date":"2015-02-16T18:13:59","date_gmt":"2015-02-16T18:13:59","guid":{"rendered":"https:\/\/www.visituffizi.org\/?page_id=1698"},"modified":"2018-08-09T15:05:40","modified_gmt":"2018-08-09T15:05:40","slug":"sala-10-14-botticelli","status":"publish","type":"page","link":"https:\/\/www.visituffizi.org\/es\/las-salas\/sala-10-14-botticelli\/","title":{"rendered":"Sala 10\/14 &#8211; Botticelli"},"content":{"rendered":"ngg_shortcode_0_placeholder\n<h1>Sala 10\/14 &#8211; Botticelli<\/h1>\n<p>Esta grande sala est\u00e1\u00a0seguramente entre las m\u00e1s famosas de la Galer\u00eda de los Uffizi,\u00a0 exhibiendo algunas de las obras m\u00e1s importantes de <strong>Sandro Botticelli<\/strong>.<\/p>\n<p>Entre\u00a0sus\u00a0multiples obras, son ciertamente dos las\u00a0que han entrado en la imaginaci\u00f3n visual de la escencia del Renacimiento:\u00a0El <a href=\"https:\/\/www.visituffizi.org\/es\/obras-de-arte\/el-nacimiento-de-venus-de-botticelli\/\">Nacimiento de Venus <\/a>(1484 aprox.) y <a href=\"https:\/\/www.visituffizi.org\/es\/obras-de-arte\/la-primavera-de-botticelli\/\">La Primavera<\/a> (1482 aprox.). Estas magn\u00edficas obras est\u00e1n llenas de significados misteriosos dif\u00edciles de descifrar.<\/p>\n<p>Botticelli\u00a0se traslad\u00f3\u00a0a la Academia Neoplat\u00f3nica que gravitaba alrededor de Lorenzo de\u2019 Medici conocido como el Magn\u00edfico, quien reuni\u00f3 a la \u00e9lite intelectual de fines del siglo XV en\u00a0Florencia. La filosof\u00eda de <strong>Plat\u00f3n<\/strong> regres\u00f3 en auge en el Renacimiento, gracias a los estudios y a las traducciones de textos griegos antiguos. El Neoplatonismo intent\u00f3 unir la filosof\u00eda de Plat\u00f3n al Cristianismo: de acuerdo a esta nueva concepci\u00f3n el hombre puede elegir entre Dios\u00a0y la materia,\u00a0y\u00a0la\u00a0elevaci\u00f3n espiritual s\u00f3lo puede lograrse a trav\u00e9s del amor, la armon\u00eda y la belleza ideal.<\/p>\n<p>Durante estos a\u00f1os Botticelli \u201ctransmiti\u00f3\u201d\u00a0en sus pinturas las ideas del c\u00edrculo neoplat\u00f3nico, obteniendo resultados de extremo refinamiento y sensibilidad.<\/p>\n<p>Aqu\u00ed abajo puede gozar de la bell\u00edsima y original composici\u00f3n de Thomas Schoenberger, la\u00a0interpretaci\u00f3n vocal es de Marnie Breckenridge dedicada a <em>La Anunciaci\u00f3n<\/em> de Botticelli que se puede tambi\u00e9n admirar en esta grande sala.<\/p>\n<p><iframe loading=\"lazy\" width=\"560\" height=\"315\" src=\"https:\/\/www.youtube.com\/embed\/b0eeidrMxPk?rel=0\" frameborder=\"0\" allow=\"autoplay; encrypted-media\" allowfullscreen><\/iframe><\/p>\n<p>Antes de salir de la sala, tienes que hacer otra parada en otra obra de grande importancia: el espl\u00e9ndido <em>Tr\u00edptico Portinari<\/em> (1477-1478 aprox.) de <strong>Hugo van der Goes<\/strong>, c\u00e9lebre artista flamenco. Esta obra lleg\u00f3 a Florencia en 1483 y ejerci\u00f3 una gran\u00a0influencia en los pintores florentinos entre ellos Botticelli. Los flamencos dominaban desde alg\u00fan tiempo atr\u00e1s la t\u00e9cnica del \u00f3leo que permit\u00eda una\u00a0incre\u00edble precisi\u00f3n en la definici\u00f3n de los detalles y un efecto de\u00a0suavidad y realismo, dif\u00edciles de obtener con la tempera.<\/p>\n","protected":false},"excerpt":{"rendered":"<p>La escencia del Renacimiento: El Nacimiento de Venus y La Primavera de Sandro Botticelli<\/p>\n","protected":false},"author":6,"featured_media":1029,"parent":1686,"menu_order":50,"comment_status":"open","ping_status":"open","template":"","meta":{"ngg_post_thumbnail":0,"footnotes":""},"class_list":["post-1698","page","type-page","status-publish","has-post-thumbnail","hentry"],"yoast_head":"<!-- This site is optimized with the Yoast SEO plugin v27.4 - https:\/\/yoast.com\/product\/yoast-seo-wordpress\/ -->\n<title>Salas 10\/14 Galer\u00eda Uffizi: Sandro Botticelli<\/title>\n<meta name=\"description\" content=\"La salas exhibe las obras maestras m\u00e1s importantes de Botticelli: El nacimiento de Venus y La primavera adem\u00e1s del Tr\u00edptico Portinari de Hugo van der Goes.\" \/>\n<meta name=\"robots\" content=\"index, follow, max-snippet:-1, max-image-preview:large, max-video-preview:-1\" \/>\n<link rel=\"canonical\" href=\"https:\/\/www.visituffizi.org\/es\/las-salas\/sala-10-14-botticelli\/\" \/>\n<meta property=\"og:locale\" content=\"es_ES\" \/>\n<meta property=\"og:type\" content=\"article\" \/>\n<meta property=\"og:title\" content=\"Salas 10\/14 Galer\u00eda Uffizi: Sandro Botticelli\" \/>\n<meta property=\"og:description\" content=\"La salas exhibe las obras maestras m\u00e1s importantes de Botticelli: El nacimiento de Venus y La primavera adem\u00e1s del Tr\u00edptico Portinari de Hugo van der Goes.\" \/>\n<meta property=\"og:url\" content=\"https:\/\/www.visituffizi.org\/es\/las-salas\/sala-10-14-botticelli\/\" \/>\n<meta property=\"og:site_name\" content=\"Visit Uffizi\" \/>\n<meta property=\"article:modified_time\" content=\"2018-08-09T15:05:40+00:00\" \/>\n<meta property=\"og:image\" content=\"https:\/\/www.visituffizi.org\/wp-content\/uploads\/2013\/03\/halls10-14.jpg\" \/>\n\t<meta property=\"og:image:width\" content=\"1556\" \/>\n\t<meta property=\"og:image:height\" content=\"1026\" \/>\n\t<meta property=\"og:image:type\" content=\"image\/jpeg\" \/>\n<meta name=\"twitter:label1\" content=\"Tiempo de lectura\" \/>\n\t<meta name=\"twitter:data1\" content=\"2 minutos\" \/>\n<script type=\"application\/ld+json\" class=\"yoast-schema-graph\">{\"@context\":\"https:\\\/\\\/schema.org\",\"@graph\":[{\"@type\":\"WebPage\",\"@id\":\"https:\\\/\\\/www.visituffizi.org\\\/es\\\/las-salas\\\/sala-10-14-botticelli\\\/\",\"url\":\"https:\\\/\\\/www.visituffizi.org\\\/es\\\/las-salas\\\/sala-10-14-botticelli\\\/\",\"name\":\"Salas 10\\\/14 Galer\u00eda Uffizi: Sandro Botticelli\",\"isPartOf\":{\"@id\":\"https:\\\/\\\/www.visituffizi.org\\\/it\\\/#website\"},\"primaryImageOfPage\":{\"@id\":\"https:\\\/\\\/www.visituffizi.org\\\/es\\\/las-salas\\\/sala-10-14-botticelli\\\/#primaryimage\"},\"image\":{\"@id\":\"https:\\\/\\\/www.visituffizi.org\\\/es\\\/las-salas\\\/sala-10-14-botticelli\\\/#primaryimage\"},\"thumbnailUrl\":\"https:\\\/\\\/www.visituffizi.org\\\/wp-content\\\/uploads\\\/2013\\\/03\\\/halls10-14.jpg\",\"datePublished\":\"2015-02-16T18:13:59+00:00\",\"dateModified\":\"2018-08-09T15:05:40+00:00\",\"description\":\"La salas exhibe las obras maestras m\u00e1s importantes de Botticelli: El nacimiento de Venus y La primavera adem\u00e1s del Tr\u00edptico Portinari de Hugo van der Goes.\",\"breadcrumb\":{\"@id\":\"https:\\\/\\\/www.visituffizi.org\\\/es\\\/las-salas\\\/sala-10-14-botticelli\\\/#breadcrumb\"},\"inLanguage\":\"es\",\"potentialAction\":[{\"@type\":\"ReadAction\",\"target\":[\"https:\\\/\\\/www.visituffizi.org\\\/es\\\/las-salas\\\/sala-10-14-botticelli\\\/\"]}]},{\"@type\":\"ImageObject\",\"inLanguage\":\"es\",\"@id\":\"https:\\\/\\\/www.visituffizi.org\\\/es\\\/las-salas\\\/sala-10-14-botticelli\\\/#primaryimage\",\"url\":\"https:\\\/\\\/www.visituffizi.org\\\/wp-content\\\/uploads\\\/2013\\\/03\\\/halls10-14.jpg\",\"contentUrl\":\"https:\\\/\\\/www.visituffizi.org\\\/wp-content\\\/uploads\\\/2013\\\/03\\\/halls10-14.jpg\",\"width\":1556,\"height\":1026},{\"@type\":\"BreadcrumbList\",\"@id\":\"https:\\\/\\\/www.visituffizi.org\\\/es\\\/las-salas\\\/sala-10-14-botticelli\\\/#breadcrumb\",\"itemListElement\":[{\"@type\":\"ListItem\",\"position\":1,\"name\":\"Home\",\"item\":\"https:\\\/\\\/www.visituffizi.org\\\/es\\\/\"},{\"@type\":\"ListItem\",\"position\":2,\"name\":\"Las Salas\",\"item\":\"https:\\\/\\\/www.visituffizi.org\\\/es\\\/las-salas\\\/\"},{\"@type\":\"ListItem\",\"position\":3,\"name\":\"Sala 10\\\/14 &#8211; Botticelli\"}]},{\"@type\":\"WebSite\",\"@id\":\"https:\\\/\\\/www.visituffizi.org\\\/it\\\/#website\",\"url\":\"https:\\\/\\\/www.visituffizi.org\\\/it\\\/\",\"name\":\"Visit Uffizi\",\"description\":\"Guide to Uffizi Museum in Florence\",\"potentialAction\":[{\"@type\":\"SearchAction\",\"target\":{\"@type\":\"EntryPoint\",\"urlTemplate\":\"https:\\\/\\\/www.visituffizi.org\\\/it\\\/?s={search_term_string}\"},\"query-input\":{\"@type\":\"PropertyValueSpecification\",\"valueRequired\":true,\"valueName\":\"search_term_string\"}}],\"inLanguage\":\"es\"}]}<\/script>\n<!-- \/ Yoast SEO plugin. -->","yoast_head_json":{"title":"Salas 10\/14 Galer\u00eda Uffizi: Sandro Botticelli","description":"La salas exhibe las obras maestras m\u00e1s importantes de Botticelli: El nacimiento de Venus y La primavera adem\u00e1s del Tr\u00edptico Portinari de Hugo van der Goes.","robots":{"index":"index","follow":"follow","max-snippet":"max-snippet:-1","max-image-preview":"max-image-preview:large","max-video-preview":"max-video-preview:-1"},"canonical":"https:\/\/www.visituffizi.org\/es\/las-salas\/sala-10-14-botticelli\/","og_locale":"es_ES","og_type":"article","og_title":"Salas 10\/14 Galer\u00eda Uffizi: Sandro Botticelli","og_description":"La salas exhibe las obras maestras m\u00e1s importantes de Botticelli: El nacimiento de Venus y La primavera adem\u00e1s del Tr\u00edptico Portinari de Hugo van der Goes.","og_url":"https:\/\/www.visituffizi.org\/es\/las-salas\/sala-10-14-botticelli\/","og_site_name":"Visit Uffizi","article_modified_time":"2018-08-09T15:05:40+00:00","og_image":[{"width":1556,"height":1026,"url":"https:\/\/www.visituffizi.org\/wp-content\/uploads\/2013\/03\/halls10-14.jpg","type":"image\/jpeg"}],"twitter_misc":{"Tiempo de lectura":"2 minutos"},"schema":{"@context":"https:\/\/schema.org","@graph":[{"@type":"WebPage","@id":"https:\/\/www.visituffizi.org\/es\/las-salas\/sala-10-14-botticelli\/","url":"https:\/\/www.visituffizi.org\/es\/las-salas\/sala-10-14-botticelli\/","name":"Salas 10\/14 Galer\u00eda Uffizi: Sandro Botticelli","isPartOf":{"@id":"https:\/\/www.visituffizi.org\/it\/#website"},"primaryImageOfPage":{"@id":"https:\/\/www.visituffizi.org\/es\/las-salas\/sala-10-14-botticelli\/#primaryimage"},"image":{"@id":"https:\/\/www.visituffizi.org\/es\/las-salas\/sala-10-14-botticelli\/#primaryimage"},"thumbnailUrl":"https:\/\/www.visituffizi.org\/wp-content\/uploads\/2013\/03\/halls10-14.jpg","datePublished":"2015-02-16T18:13:59+00:00","dateModified":"2018-08-09T15:05:40+00:00","description":"La salas exhibe las obras maestras m\u00e1s importantes de Botticelli: El nacimiento de Venus y La primavera adem\u00e1s del Tr\u00edptico Portinari de Hugo van der Goes.","breadcrumb":{"@id":"https:\/\/www.visituffizi.org\/es\/las-salas\/sala-10-14-botticelli\/#breadcrumb"},"inLanguage":"es","potentialAction":[{"@type":"ReadAction","target":["https:\/\/www.visituffizi.org\/es\/las-salas\/sala-10-14-botticelli\/"]}]},{"@type":"ImageObject","inLanguage":"es","@id":"https:\/\/www.visituffizi.org\/es\/las-salas\/sala-10-14-botticelli\/#primaryimage","url":"https:\/\/www.visituffizi.org\/wp-content\/uploads\/2013\/03\/halls10-14.jpg","contentUrl":"https:\/\/www.visituffizi.org\/wp-content\/uploads\/2013\/03\/halls10-14.jpg","width":1556,"height":1026},{"@type":"BreadcrumbList","@id":"https:\/\/www.visituffizi.org\/es\/las-salas\/sala-10-14-botticelli\/#breadcrumb","itemListElement":[{"@type":"ListItem","position":1,"name":"Home","item":"https:\/\/www.visituffizi.org\/es\/"},{"@type":"ListItem","position":2,"name":"Las Salas","item":"https:\/\/www.visituffizi.org\/es\/las-salas\/"},{"@type":"ListItem","position":3,"name":"Sala 10\/14 &#8211; Botticelli"}]},{"@type":"WebSite","@id":"https:\/\/www.visituffizi.org\/it\/#website","url":"https:\/\/www.visituffizi.org\/it\/","name":"Visit Uffizi","description":"Guide to Uffizi Museum in Florence","potentialAction":[{"@type":"SearchAction","target":{"@type":"EntryPoint","urlTemplate":"https:\/\/www.visituffizi.org\/it\/?s={search_term_string}"},"query-input":{"@type":"PropertyValueSpecification","valueRequired":true,"valueName":"search_term_string"}}],"inLanguage":"es"}]}},"_links":{"self":[{"href":"https:\/\/www.visituffizi.org\/es\/wp-json\/wp\/v2\/pages\/1698","targetHints":{"allow":["GET"]}}],"collection":[{"href":"https:\/\/www.visituffizi.org\/es\/wp-json\/wp\/v2\/pages"}],"about":[{"href":"https:\/\/www.visituffizi.org\/es\/wp-json\/wp\/v2\/types\/page"}],"author":[{"embeddable":true,"href":"https:\/\/www.visituffizi.org\/es\/wp-json\/wp\/v2\/users\/6"}],"replies":[{"embeddable":true,"href":"https:\/\/www.visituffizi.org\/es\/wp-json\/wp\/v2\/comments?post=1698"}],"version-history":[{"count":0,"href":"https:\/\/www.visituffizi.org\/es\/wp-json\/wp\/v2\/pages\/1698\/revisions"}],"up":[{"embeddable":true,"href":"https:\/\/www.visituffizi.org\/es\/wp-json\/wp\/v2\/pages\/1686"}],"wp:featuredmedia":[{"embeddable":true,"href":"https:\/\/www.visituffizi.org\/es\/wp-json\/wp\/v2\/media\/1029"}],"wp:attachment":[{"href":"https:\/\/www.visituffizi.org\/es\/wp-json\/wp\/v2\/media?parent=1698"}],"curies":[{"name":"wp","href":"https:\/\/api.w.org\/{rel}","templated":true}]}}