{"id":1699,"date":"2015-02-16T18:15:16","date_gmt":"2015-02-16T18:15:16","guid":{"rendered":"https:\/\/www.visituffizi.org\/?page_id=1699"},"modified":"2015-03-20T18:23:58","modified_gmt":"2015-03-20T18:23:58","slug":"sala-15-leonardo","status":"publish","type":"page","link":"https:\/\/www.visituffizi.org\/es\/las-salas\/sala-15-leonardo\/","title":{"rendered":"Sala 15 &#8211; Leonardo"},"content":{"rendered":"ngg_shortcode_0_placeholder\n<h1>Sala 15 &#8211; Leonardo<\/h1>\n<p><iframe loading=\"lazy\" src=\"https:\/\/maps.google.it\/maps?q=uffizi+gallery&amp;layer=c&amp;sll=43.767786,11.255311&amp;cid=14834496294842582221&amp;panoid=yuT5QnkqZcHRJE-n5ogKXg&amp;cbp=13,208.72,,0,-5.08&amp;hl=en&amp;ie=UTF8&amp;hq=uffizi+gallery&amp;hnear=&amp;ll=43.767786,11.255311&amp;spn=0.006295,0.006295&amp;t=m&amp;cbll=43.768278,11.255787&amp;source=embed&amp;output=svembed\" width=\"610\" height=\"400\" frameborder=\"0\" marginwidth=\"0\" marginheight=\"0\" scrolling=\"no\"><\/iframe><\/p>\n<p>La sala\u00a0es famosa porque expone las primeras obras del gran <strong>Leonardo da Vinci<\/strong>, realizadas antes de transferirse a Mil\u00e1n en 1482 a la corte de Duca Ludovico el Moro.<\/p>\n<p>El gran artista-cient\u00edfico comenz\u00f3 su aprendizaje en el taller de Verrocchio. En esta sala encontramos una obra correspondiente a este periodo: el <em>Bautismo de Cristo<\/em> (1470-1475 aprox.). Aunque si fue pintado en su mayor\u00eda por\u00a0el maestro Verrocchio, se puede observar el toque de Leonardo en el joven \u00e1ngel de la izquierda y en el paisaje. La diferencia de estilo en estos dos detalles nos hacen pensar en la\u00a0intervenci\u00f3n del j\u00f3ven aprendiz. Es\u00a0el paisaje \u201cesfumado\u201d a recordarnos el estilo de Leonardo, en aquellos tiempos menor de veinte a\u00f1os\u00a0y ya mostrando superioridad sobre\u00a0Verrocchio.<\/p>\n<p>El estilo del genial artista se nota todav\u00eda m\u00e1s en la espl\u00e9ndida <em>Anunciaci\u00f3n<\/em> (1472 aprox.), donde se aprecia su atenci\u00f3n cient\u00edfica hacia\u00a0los fen\u00f3menos naturales que se ve expresada en la descripci\u00f3n detallada en las alas del \u00e1ngel, dibujadas como si fueran de un p\u00e1jaro de verdad, o en las innumerables variedades de flores en la pradera. Pero es en el paisaje que el genio de Leonardo nos sorprende: una ciudad junto al lago y algunas monta\u00f1as, rodeadas de una suave luz que difumina los detalles de los objetos de la manera exacta en la que percibimos los detalles a esa distancia.<\/p>\n<p>Otra interesante obra exhibida\u00a0es la <em>Adoraci\u00f3n de los magos<\/em> (Adorazione dei Magi en italiano) de\u00a01481 que, aunque incompleta nos ayuda a entender las principales particularidades del estilo de Leonardo: su intensidad emotiva, la expresi\u00f3n de los sentimientos y\u00a0la t\u00e9cnica de dise\u00f1o del maestro. <span style=\"text-decoration: underline;\">La obra est\u00e1 siendo restaurada y no es posible verla.<\/span><\/p>\n<p>En la misma sala, adem\u00e1s de las obras de Leonardo, se encuentran tambi\u00e9n otros trabajos\u00a0 importantes de otros famosos maestros activos a finales del siglo XV y del inicio del siglo XVI: <strong>Perugino<\/strong> (ten en cuenta la espl\u00e9ndida <em>Piedad<\/em>, de 1493 -1494), <strong>Luca Signorelli<\/strong>, <strong>Lorenzo di Credi<\/strong> y <strong>Piero de Cosimo<\/strong>.<\/p>\n<p>&nbsp;<\/p>\n","protected":false},"excerpt":{"rendered":"<p>Las primeras obras de Leonardo da Vinci, el Bautismo de Cristo y la Anunciaci\u00f3n adem\u00e1s de Perugino, Luca Signorelli, Lorenzo di Credi y Piero de Cosimo.<\/p>\n","protected":false},"author":6,"featured_media":1025,"parent":1686,"menu_order":60,"comment_status":"open","ping_status":"open","template":"","meta":{"ngg_post_thumbnail":0,"footnotes":""},"class_list":["post-1699","page","type-page","status-publish","has-post-thumbnail","hentry"],"yoast_head":"<!-- This site is optimized with the Yoast SEO plugin v27.4 - https:\/\/yoast.com\/product\/yoast-seo-wordpress\/ -->\n<title>Sala 15 Galer\u00eda Uffizi: Leonardo da Vinci y sus trabajos<\/title>\n<meta name=\"description\" content=\"Las primeras obras de Leonardo da Vinci presentes en la Galer\u00eda Uffizi entre las que se encuentran la Anunciaci\u00f3n y el Bautismo de Cristo.\" \/>\n<meta name=\"robots\" content=\"index, follow, max-snippet:-1, max-image-preview:large, max-video-preview:-1\" \/>\n<link rel=\"canonical\" href=\"https:\/\/www.visituffizi.org\/es\/las-salas\/sala-15-leonardo\/\" \/>\n<meta property=\"og:locale\" content=\"es_ES\" \/>\n<meta property=\"og:type\" content=\"article\" \/>\n<meta property=\"og:title\" content=\"Sala 15 Galer\u00eda Uffizi: Leonardo da Vinci y sus trabajos\" \/>\n<meta property=\"og:description\" content=\"Las primeras obras de Leonardo da Vinci presentes en la Galer\u00eda Uffizi entre las que se encuentran la Anunciaci\u00f3n y el Bautismo de Cristo.\" \/>\n<meta property=\"og:url\" content=\"https:\/\/www.visituffizi.org\/es\/las-salas\/sala-15-leonardo\/\" \/>\n<meta property=\"og:site_name\" content=\"Visit Uffizi\" \/>\n<meta property=\"article:modified_time\" content=\"2015-03-20T18:23:58+00:00\" \/>\n<meta property=\"og:image\" content=\"https:\/\/www.visituffizi.org\/wp-content\/uploads\/2013\/03\/hall15.jpg\" \/>\n\t<meta property=\"og:image:width\" content=\"1564\" \/>\n\t<meta property=\"og:image:height\" content=\"1026\" \/>\n\t<meta property=\"og:image:type\" content=\"image\/jpeg\" \/>\n<meta name=\"twitter:label1\" content=\"Tiempo de lectura\" \/>\n\t<meta name=\"twitter:data1\" content=\"2 minutos\" \/>\n<script type=\"application\/ld+json\" class=\"yoast-schema-graph\">{\"@context\":\"https:\\\/\\\/schema.org\",\"@graph\":[{\"@type\":\"WebPage\",\"@id\":\"https:\\\/\\\/www.visituffizi.org\\\/es\\\/las-salas\\\/sala-15-leonardo\\\/\",\"url\":\"https:\\\/\\\/www.visituffizi.org\\\/es\\\/las-salas\\\/sala-15-leonardo\\\/\",\"name\":\"Sala 15 Galer\u00eda Uffizi: Leonardo da Vinci y sus trabajos\",\"isPartOf\":{\"@id\":\"https:\\\/\\\/www.visituffizi.org\\\/it\\\/#website\"},\"primaryImageOfPage\":{\"@id\":\"https:\\\/\\\/www.visituffizi.org\\\/es\\\/las-salas\\\/sala-15-leonardo\\\/#primaryimage\"},\"image\":{\"@id\":\"https:\\\/\\\/www.visituffizi.org\\\/es\\\/las-salas\\\/sala-15-leonardo\\\/#primaryimage\"},\"thumbnailUrl\":\"https:\\\/\\\/www.visituffizi.org\\\/wp-content\\\/uploads\\\/2013\\\/03\\\/hall15.jpg\",\"datePublished\":\"2015-02-16T18:15:16+00:00\",\"dateModified\":\"2015-03-20T18:23:58+00:00\",\"description\":\"Las primeras obras de Leonardo da Vinci presentes en la Galer\u00eda Uffizi entre las que se encuentran la Anunciaci\u00f3n y el Bautismo de Cristo.\",\"breadcrumb\":{\"@id\":\"https:\\\/\\\/www.visituffizi.org\\\/es\\\/las-salas\\\/sala-15-leonardo\\\/#breadcrumb\"},\"inLanguage\":\"es\",\"potentialAction\":[{\"@type\":\"ReadAction\",\"target\":[\"https:\\\/\\\/www.visituffizi.org\\\/es\\\/las-salas\\\/sala-15-leonardo\\\/\"]}]},{\"@type\":\"ImageObject\",\"inLanguage\":\"es\",\"@id\":\"https:\\\/\\\/www.visituffizi.org\\\/es\\\/las-salas\\\/sala-15-leonardo\\\/#primaryimage\",\"url\":\"https:\\\/\\\/www.visituffizi.org\\\/wp-content\\\/uploads\\\/2013\\\/03\\\/hall15.jpg\",\"contentUrl\":\"https:\\\/\\\/www.visituffizi.org\\\/wp-content\\\/uploads\\\/2013\\\/03\\\/hall15.jpg\",\"width\":1564,\"height\":1026},{\"@type\":\"BreadcrumbList\",\"@id\":\"https:\\\/\\\/www.visituffizi.org\\\/es\\\/las-salas\\\/sala-15-leonardo\\\/#breadcrumb\",\"itemListElement\":[{\"@type\":\"ListItem\",\"position\":1,\"name\":\"Home\",\"item\":\"https:\\\/\\\/www.visituffizi.org\\\/es\\\/\"},{\"@type\":\"ListItem\",\"position\":2,\"name\":\"Las Salas\",\"item\":\"https:\\\/\\\/www.visituffizi.org\\\/es\\\/las-salas\\\/\"},{\"@type\":\"ListItem\",\"position\":3,\"name\":\"Sala 15 &#8211; Leonardo\"}]},{\"@type\":\"WebSite\",\"@id\":\"https:\\\/\\\/www.visituffizi.org\\\/it\\\/#website\",\"url\":\"https:\\\/\\\/www.visituffizi.org\\\/it\\\/\",\"name\":\"Visit Uffizi\",\"description\":\"Guide to Uffizi Museum in Florence\",\"potentialAction\":[{\"@type\":\"SearchAction\",\"target\":{\"@type\":\"EntryPoint\",\"urlTemplate\":\"https:\\\/\\\/www.visituffizi.org\\\/it\\\/?s={search_term_string}\"},\"query-input\":{\"@type\":\"PropertyValueSpecification\",\"valueRequired\":true,\"valueName\":\"search_term_string\"}}],\"inLanguage\":\"es\"}]}<\/script>\n<!-- \/ Yoast SEO plugin. -->","yoast_head_json":{"title":"Sala 15 Galer\u00eda Uffizi: Leonardo da Vinci y sus trabajos","description":"Las primeras obras de Leonardo da Vinci presentes en la Galer\u00eda Uffizi entre las que se encuentran la Anunciaci\u00f3n y el Bautismo de Cristo.","robots":{"index":"index","follow":"follow","max-snippet":"max-snippet:-1","max-image-preview":"max-image-preview:large","max-video-preview":"max-video-preview:-1"},"canonical":"https:\/\/www.visituffizi.org\/es\/las-salas\/sala-15-leonardo\/","og_locale":"es_ES","og_type":"article","og_title":"Sala 15 Galer\u00eda Uffizi: Leonardo da Vinci y sus trabajos","og_description":"Las primeras obras de Leonardo da Vinci presentes en la Galer\u00eda Uffizi entre las que se encuentran la Anunciaci\u00f3n y el Bautismo de Cristo.","og_url":"https:\/\/www.visituffizi.org\/es\/las-salas\/sala-15-leonardo\/","og_site_name":"Visit Uffizi","article_modified_time":"2015-03-20T18:23:58+00:00","og_image":[{"width":1564,"height":1026,"url":"https:\/\/www.visituffizi.org\/wp-content\/uploads\/2013\/03\/hall15.jpg","type":"image\/jpeg"}],"twitter_misc":{"Tiempo de lectura":"2 minutos"},"schema":{"@context":"https:\/\/schema.org","@graph":[{"@type":"WebPage","@id":"https:\/\/www.visituffizi.org\/es\/las-salas\/sala-15-leonardo\/","url":"https:\/\/www.visituffizi.org\/es\/las-salas\/sala-15-leonardo\/","name":"Sala 15 Galer\u00eda Uffizi: Leonardo da Vinci y sus trabajos","isPartOf":{"@id":"https:\/\/www.visituffizi.org\/it\/#website"},"primaryImageOfPage":{"@id":"https:\/\/www.visituffizi.org\/es\/las-salas\/sala-15-leonardo\/#primaryimage"},"image":{"@id":"https:\/\/www.visituffizi.org\/es\/las-salas\/sala-15-leonardo\/#primaryimage"},"thumbnailUrl":"https:\/\/www.visituffizi.org\/wp-content\/uploads\/2013\/03\/hall15.jpg","datePublished":"2015-02-16T18:15:16+00:00","dateModified":"2015-03-20T18:23:58+00:00","description":"Las primeras obras de Leonardo da Vinci presentes en la Galer\u00eda Uffizi entre las que se encuentran la Anunciaci\u00f3n y el Bautismo de Cristo.","breadcrumb":{"@id":"https:\/\/www.visituffizi.org\/es\/las-salas\/sala-15-leonardo\/#breadcrumb"},"inLanguage":"es","potentialAction":[{"@type":"ReadAction","target":["https:\/\/www.visituffizi.org\/es\/las-salas\/sala-15-leonardo\/"]}]},{"@type":"ImageObject","inLanguage":"es","@id":"https:\/\/www.visituffizi.org\/es\/las-salas\/sala-15-leonardo\/#primaryimage","url":"https:\/\/www.visituffizi.org\/wp-content\/uploads\/2013\/03\/hall15.jpg","contentUrl":"https:\/\/www.visituffizi.org\/wp-content\/uploads\/2013\/03\/hall15.jpg","width":1564,"height":1026},{"@type":"BreadcrumbList","@id":"https:\/\/www.visituffizi.org\/es\/las-salas\/sala-15-leonardo\/#breadcrumb","itemListElement":[{"@type":"ListItem","position":1,"name":"Home","item":"https:\/\/www.visituffizi.org\/es\/"},{"@type":"ListItem","position":2,"name":"Las Salas","item":"https:\/\/www.visituffizi.org\/es\/las-salas\/"},{"@type":"ListItem","position":3,"name":"Sala 15 &#8211; Leonardo"}]},{"@type":"WebSite","@id":"https:\/\/www.visituffizi.org\/it\/#website","url":"https:\/\/www.visituffizi.org\/it\/","name":"Visit Uffizi","description":"Guide to Uffizi Museum in Florence","potentialAction":[{"@type":"SearchAction","target":{"@type":"EntryPoint","urlTemplate":"https:\/\/www.visituffizi.org\/it\/?s={search_term_string}"},"query-input":{"@type":"PropertyValueSpecification","valueRequired":true,"valueName":"search_term_string"}}],"inLanguage":"es"}]}},"_links":{"self":[{"href":"https:\/\/www.visituffizi.org\/es\/wp-json\/wp\/v2\/pages\/1699","targetHints":{"allow":["GET"]}}],"collection":[{"href":"https:\/\/www.visituffizi.org\/es\/wp-json\/wp\/v2\/pages"}],"about":[{"href":"https:\/\/www.visituffizi.org\/es\/wp-json\/wp\/v2\/types\/page"}],"author":[{"embeddable":true,"href":"https:\/\/www.visituffizi.org\/es\/wp-json\/wp\/v2\/users\/6"}],"replies":[{"embeddable":true,"href":"https:\/\/www.visituffizi.org\/es\/wp-json\/wp\/v2\/comments?post=1699"}],"version-history":[{"count":0,"href":"https:\/\/www.visituffizi.org\/es\/wp-json\/wp\/v2\/pages\/1699\/revisions"}],"up":[{"embeddable":true,"href":"https:\/\/www.visituffizi.org\/es\/wp-json\/wp\/v2\/pages\/1686"}],"wp:featuredmedia":[{"embeddable":true,"href":"https:\/\/www.visituffizi.org\/es\/wp-json\/wp\/v2\/media\/1025"}],"wp:attachment":[{"href":"https:\/\/www.visituffizi.org\/es\/wp-json\/wp\/v2\/media?parent=1699"}],"curies":[{"name":"wp","href":"https:\/\/api.w.org\/{rel}","templated":true}]}}