{"id":1701,"date":"2015-02-18T10:50:23","date_gmt":"2015-02-18T10:50:23","guid":{"rendered":"https:\/\/www.visituffizi.org\/?page_id=1701"},"modified":"2015-03-20T18:56:53","modified_gmt":"2015-03-20T18:56:53","slug":"salas-57-y-58-andrea-del-sarto","status":"publish","type":"page","link":"https:\/\/www.visituffizi.org\/es\/las-salas\/salas-57-y-58-andrea-del-sarto\/","title":{"rendered":"Salas 57 y 58 &#8211; Andrea del Sarto"},"content":{"rendered":"ngg_shortcode_0_placeholder\n<h1>Salas 57 y 58 &#8211; Andrea del Sarto<\/h1>\n<p>Los trabajos de Rafael y Andrea de Sarto sol\u00edan estar en a sala 26 en el segundo piso pero fueron trasladadas en la segunda apertura del proyecto Nuevo Uffizi. Esta sala fue dominada por dos de las grandes figuras de inicios del siglo XVI: el Florentino <strong>Andrea del Sarto<\/strong> y <strong>Rafael<\/strong> de Urbino. Ahora las obras se encuentran en diferentes salas en el primer piso: <strong>salas 57 y 58<\/strong> las nuevas Salas Rojas dedicadas a <strong>Andrea del Sarto<\/strong> y la <a href=\"https:\/\/www.visituffizi.org\/es\/las-salas\/sala-66-rafael\/\">Sala 66 a Rafael<\/a>.<\/p>\n<div id=\"attachment_1173\" style=\"width: 345px\" class=\"wp-caption aligncenter\"><img decoding=\"async\" aria-describedby=\"caption-attachment-1173\" class=\"size-large wp-image-1173\" src=\"https:\/\/www.visituffizi.org\/wp-content\/uploads\/2013\/05\/sarto-harpies-335x400.jpg\" alt=\"Andrea del Sarto - Madonna of the Harpies\" width=\"335\" height=\"400\" srcset=\"https:\/\/www.visituffizi.org\/wp-content\/uploads\/2013\/05\/sarto-harpies-335x400.jpg 335w, https:\/\/www.visituffizi.org\/wp-content\/uploads\/2013\/05\/sarto-harpies-251x300.jpg 251w, https:\/\/www.visituffizi.org\/wp-content\/uploads\/2013\/05\/sarto-harpies-83x100.jpg 83w, https:\/\/www.visituffizi.org\/wp-content\/uploads\/2013\/05\/sarto-harpies-124x149.jpg 124w, https:\/\/www.visituffizi.org\/wp-content\/uploads\/2013\/05\/sarto-harpies.jpg 451w\" sizes=\"(max-width: 335px) 100vw, 335px\" \/><p id=\"caption-attachment-1173\" class=\"wp-caption-text\">Andrea del Sarto &#8211; Madonna of the Harpies<\/p><\/div>\n<p>La obra m\u00e1s famosa de Andrea del Sarto, la Virgen de las Arp\u00edas (Madonna delle Arpie en Italiano) datada en\u00a01517, y basada en algunos versos del Apocalipsis.\u00a0Esta\u00a0pintura nos permite entender las varias influencias que el artista adopt\u00f3 durante su vida: el <strong>clasicismo<\/strong> de la tradici\u00f3n Florentina y tambi\u00e9n los logros de Leonardo, Miguel \u00c1ngel y Rafael.<\/p>\n<p>Andrea del Sarto es un artista importante por entender la <strong>transici\u00f3n <\/strong><strong>del Renacimiento Maduro<\/strong>\u00a0al <strong>Manierismo\u00a0en Florencia<\/strong>, aunque su fama fue siempre eclipsada por otros grandes nombres en la historia del arte.<\/p>\n<p>Toma tu tiempo para admirar las\u00a0obras en esta peque\u00f1a sala, antes de continuar con tu visita a otros artistas que llegaron justo despu\u00e9s de Andrea del Sarto, como Pontormo y Vasari.<\/p>\n","protected":false},"excerpt":{"rendered":"<p>La obra m\u00e1s famosa de Andrea del Sarto, la Virgen de las Arp\u00edas, artista importante por entender la transici\u00f3n del Renacimiento Maduro al Manierismo en Florencia<\/p>\n","protected":false},"author":6,"featured_media":1079,"parent":1686,"menu_order":70,"comment_status":"closed","ping_status":"closed","template":"","meta":{"ngg_post_thumbnail":0,"footnotes":""},"class_list":["post-1701","page","type-page","status-publish","has-post-thumbnail","hentry"],"yoast_head":"<!-- This site is optimized with the Yoast SEO plugin v27.4 - https:\/\/yoast.com\/product\/yoast-seo-wordpress\/ -->\n<title>Salas 57 y 58 Galer\u00eda Uffizi: Andrea del Sarto<\/title>\n<meta name=\"description\" content=\"Admira la Virgen de las Arp\u00edas de Andrea del Sarto importante artista, que entendi\u00f3 la transici\u00f3n del Renacimiento Maduro al Manerismo en Florencia.\" \/>\n<meta name=\"robots\" content=\"index, follow, max-snippet:-1, max-image-preview:large, max-video-preview:-1\" \/>\n<link rel=\"canonical\" href=\"https:\/\/www.visituffizi.org\/es\/las-salas\/salas-57-y-58-andrea-del-sarto\/\" \/>\n<meta property=\"og:locale\" content=\"es_ES\" \/>\n<meta property=\"og:type\" content=\"article\" \/>\n<meta property=\"og:title\" content=\"Salas 57 y 58 Galer\u00eda Uffizi: Andrea del Sarto\" \/>\n<meta property=\"og:description\" content=\"Admira la Virgen de las Arp\u00edas de Andrea del Sarto importante artista, que entendi\u00f3 la transici\u00f3n del Renacimiento Maduro al Manerismo en Florencia.\" \/>\n<meta property=\"og:url\" content=\"https:\/\/www.visituffizi.org\/es\/las-salas\/salas-57-y-58-andrea-del-sarto\/\" \/>\n<meta property=\"og:site_name\" content=\"Visit Uffizi\" \/>\n<meta property=\"article:modified_time\" content=\"2015-03-20T18:56:53+00:00\" \/>\n<meta property=\"og:image\" content=\"https:\/\/www.visituffizi.org\/wp-content\/uploads\/2013\/03\/red-rooms.jpg\" \/>\n\t<meta property=\"og:image:width\" content=\"868\" \/>\n\t<meta property=\"og:image:height\" content=\"299\" \/>\n\t<meta property=\"og:image:type\" content=\"image\/jpeg\" \/>\n<meta name=\"twitter:label1\" content=\"Tiempo de lectura\" \/>\n\t<meta name=\"twitter:data1\" content=\"1 minuto\" \/>\n<script type=\"application\/ld+json\" class=\"yoast-schema-graph\">{\"@context\":\"https:\\\/\\\/schema.org\",\"@graph\":[{\"@type\":\"WebPage\",\"@id\":\"https:\\\/\\\/www.visituffizi.org\\\/es\\\/las-salas\\\/salas-57-y-58-andrea-del-sarto\\\/\",\"url\":\"https:\\\/\\\/www.visituffizi.org\\\/es\\\/las-salas\\\/salas-57-y-58-andrea-del-sarto\\\/\",\"name\":\"Salas 57 y 58 Galer\u00eda Uffizi: Andrea del Sarto\",\"isPartOf\":{\"@id\":\"https:\\\/\\\/www.visituffizi.org\\\/it\\\/#website\"},\"primaryImageOfPage\":{\"@id\":\"https:\\\/\\\/www.visituffizi.org\\\/es\\\/las-salas\\\/salas-57-y-58-andrea-del-sarto\\\/#primaryimage\"},\"image\":{\"@id\":\"https:\\\/\\\/www.visituffizi.org\\\/es\\\/las-salas\\\/salas-57-y-58-andrea-del-sarto\\\/#primaryimage\"},\"thumbnailUrl\":\"https:\\\/\\\/www.visituffizi.org\\\/wp-content\\\/uploads\\\/2013\\\/03\\\/red-rooms.jpg\",\"datePublished\":\"2015-02-18T10:50:23+00:00\",\"dateModified\":\"2015-03-20T18:56:53+00:00\",\"description\":\"Admira la Virgen de las Arp\u00edas de Andrea del Sarto importante artista, que entendi\u00f3 la transici\u00f3n del Renacimiento Maduro al Manerismo en Florencia.\",\"breadcrumb\":{\"@id\":\"https:\\\/\\\/www.visituffizi.org\\\/es\\\/las-salas\\\/salas-57-y-58-andrea-del-sarto\\\/#breadcrumb\"},\"inLanguage\":\"es\",\"potentialAction\":[{\"@type\":\"ReadAction\",\"target\":[\"https:\\\/\\\/www.visituffizi.org\\\/es\\\/las-salas\\\/salas-57-y-58-andrea-del-sarto\\\/\"]}]},{\"@type\":\"ImageObject\",\"inLanguage\":\"es\",\"@id\":\"https:\\\/\\\/www.visituffizi.org\\\/es\\\/las-salas\\\/salas-57-y-58-andrea-del-sarto\\\/#primaryimage\",\"url\":\"https:\\\/\\\/www.visituffizi.org\\\/wp-content\\\/uploads\\\/2013\\\/03\\\/red-rooms.jpg\",\"contentUrl\":\"https:\\\/\\\/www.visituffizi.org\\\/wp-content\\\/uploads\\\/2013\\\/03\\\/red-rooms.jpg\",\"width\":868,\"height\":299},{\"@type\":\"BreadcrumbList\",\"@id\":\"https:\\\/\\\/www.visituffizi.org\\\/es\\\/las-salas\\\/salas-57-y-58-andrea-del-sarto\\\/#breadcrumb\",\"itemListElement\":[{\"@type\":\"ListItem\",\"position\":1,\"name\":\"Home\",\"item\":\"https:\\\/\\\/www.visituffizi.org\\\/es\\\/\"},{\"@type\":\"ListItem\",\"position\":2,\"name\":\"Las Salas\",\"item\":\"https:\\\/\\\/www.visituffizi.org\\\/es\\\/las-salas\\\/\"},{\"@type\":\"ListItem\",\"position\":3,\"name\":\"Salas 57 y 58 &#8211; Andrea del Sarto\"}]},{\"@type\":\"WebSite\",\"@id\":\"https:\\\/\\\/www.visituffizi.org\\\/it\\\/#website\",\"url\":\"https:\\\/\\\/www.visituffizi.org\\\/it\\\/\",\"name\":\"Visit Uffizi\",\"description\":\"Guide to Uffizi Museum in Florence\",\"potentialAction\":[{\"@type\":\"SearchAction\",\"target\":{\"@type\":\"EntryPoint\",\"urlTemplate\":\"https:\\\/\\\/www.visituffizi.org\\\/it\\\/?s={search_term_string}\"},\"query-input\":{\"@type\":\"PropertyValueSpecification\",\"valueRequired\":true,\"valueName\":\"search_term_string\"}}],\"inLanguage\":\"es\"}]}<\/script>\n<!-- \/ Yoast SEO plugin. -->","yoast_head_json":{"title":"Salas 57 y 58 Galer\u00eda Uffizi: Andrea del Sarto","description":"Admira la Virgen de las Arp\u00edas de Andrea del Sarto importante artista, que entendi\u00f3 la transici\u00f3n del Renacimiento Maduro al Manerismo en Florencia.","robots":{"index":"index","follow":"follow","max-snippet":"max-snippet:-1","max-image-preview":"max-image-preview:large","max-video-preview":"max-video-preview:-1"},"canonical":"https:\/\/www.visituffizi.org\/es\/las-salas\/salas-57-y-58-andrea-del-sarto\/","og_locale":"es_ES","og_type":"article","og_title":"Salas 57 y 58 Galer\u00eda Uffizi: Andrea del Sarto","og_description":"Admira la Virgen de las Arp\u00edas de Andrea del Sarto importante artista, que entendi\u00f3 la transici\u00f3n del Renacimiento Maduro al Manerismo en Florencia.","og_url":"https:\/\/www.visituffizi.org\/es\/las-salas\/salas-57-y-58-andrea-del-sarto\/","og_site_name":"Visit Uffizi","article_modified_time":"2015-03-20T18:56:53+00:00","og_image":[{"width":868,"height":299,"url":"https:\/\/www.visituffizi.org\/wp-content\/uploads\/2013\/03\/red-rooms.jpg","type":"image\/jpeg"}],"twitter_misc":{"Tiempo de lectura":"1 minuto"},"schema":{"@context":"https:\/\/schema.org","@graph":[{"@type":"WebPage","@id":"https:\/\/www.visituffizi.org\/es\/las-salas\/salas-57-y-58-andrea-del-sarto\/","url":"https:\/\/www.visituffizi.org\/es\/las-salas\/salas-57-y-58-andrea-del-sarto\/","name":"Salas 57 y 58 Galer\u00eda Uffizi: Andrea del Sarto","isPartOf":{"@id":"https:\/\/www.visituffizi.org\/it\/#website"},"primaryImageOfPage":{"@id":"https:\/\/www.visituffizi.org\/es\/las-salas\/salas-57-y-58-andrea-del-sarto\/#primaryimage"},"image":{"@id":"https:\/\/www.visituffizi.org\/es\/las-salas\/salas-57-y-58-andrea-del-sarto\/#primaryimage"},"thumbnailUrl":"https:\/\/www.visituffizi.org\/wp-content\/uploads\/2013\/03\/red-rooms.jpg","datePublished":"2015-02-18T10:50:23+00:00","dateModified":"2015-03-20T18:56:53+00:00","description":"Admira la Virgen de las Arp\u00edas de Andrea del Sarto importante artista, que entendi\u00f3 la transici\u00f3n del Renacimiento Maduro al Manerismo en Florencia.","breadcrumb":{"@id":"https:\/\/www.visituffizi.org\/es\/las-salas\/salas-57-y-58-andrea-del-sarto\/#breadcrumb"},"inLanguage":"es","potentialAction":[{"@type":"ReadAction","target":["https:\/\/www.visituffizi.org\/es\/las-salas\/salas-57-y-58-andrea-del-sarto\/"]}]},{"@type":"ImageObject","inLanguage":"es","@id":"https:\/\/www.visituffizi.org\/es\/las-salas\/salas-57-y-58-andrea-del-sarto\/#primaryimage","url":"https:\/\/www.visituffizi.org\/wp-content\/uploads\/2013\/03\/red-rooms.jpg","contentUrl":"https:\/\/www.visituffizi.org\/wp-content\/uploads\/2013\/03\/red-rooms.jpg","width":868,"height":299},{"@type":"BreadcrumbList","@id":"https:\/\/www.visituffizi.org\/es\/las-salas\/salas-57-y-58-andrea-del-sarto\/#breadcrumb","itemListElement":[{"@type":"ListItem","position":1,"name":"Home","item":"https:\/\/www.visituffizi.org\/es\/"},{"@type":"ListItem","position":2,"name":"Las Salas","item":"https:\/\/www.visituffizi.org\/es\/las-salas\/"},{"@type":"ListItem","position":3,"name":"Salas 57 y 58 &#8211; Andrea del Sarto"}]},{"@type":"WebSite","@id":"https:\/\/www.visituffizi.org\/it\/#website","url":"https:\/\/www.visituffizi.org\/it\/","name":"Visit Uffizi","description":"Guide to Uffizi Museum in Florence","potentialAction":[{"@type":"SearchAction","target":{"@type":"EntryPoint","urlTemplate":"https:\/\/www.visituffizi.org\/it\/?s={search_term_string}"},"query-input":{"@type":"PropertyValueSpecification","valueRequired":true,"valueName":"search_term_string"}}],"inLanguage":"es"}]}},"_links":{"self":[{"href":"https:\/\/www.visituffizi.org\/es\/wp-json\/wp\/v2\/pages\/1701","targetHints":{"allow":["GET"]}}],"collection":[{"href":"https:\/\/www.visituffizi.org\/es\/wp-json\/wp\/v2\/pages"}],"about":[{"href":"https:\/\/www.visituffizi.org\/es\/wp-json\/wp\/v2\/types\/page"}],"author":[{"embeddable":true,"href":"https:\/\/www.visituffizi.org\/es\/wp-json\/wp\/v2\/users\/6"}],"replies":[{"embeddable":true,"href":"https:\/\/www.visituffizi.org\/es\/wp-json\/wp\/v2\/comments?post=1701"}],"version-history":[{"count":0,"href":"https:\/\/www.visituffizi.org\/es\/wp-json\/wp\/v2\/pages\/1701\/revisions"}],"up":[{"embeddable":true,"href":"https:\/\/www.visituffizi.org\/es\/wp-json\/wp\/v2\/pages\/1686"}],"wp:featuredmedia":[{"embeddable":true,"href":"https:\/\/www.visituffizi.org\/es\/wp-json\/wp\/v2\/media\/1079"}],"wp:attachment":[{"href":"https:\/\/www.visituffizi.org\/es\/wp-json\/wp\/v2\/media?parent=1701"}],"curies":[{"name":"wp","href":"https:\/\/api.w.org\/{rel}","templated":true}]}}