{"id":1702,"date":"2015-02-16T18:18:50","date_gmt":"2015-02-16T18:18:50","guid":{"rendered":"https:\/\/www.visituffizi.org\/?page_id=1702"},"modified":"2015-08-04T20:52:26","modified_gmt":"2015-08-04T20:52:26","slug":"sala-66-rafael","status":"publish","type":"page","link":"https:\/\/www.visituffizi.org\/es\/las-salas\/sala-66-rafael\/","title":{"rendered":"Sala 66 &#8211; Rafael"},"content":{"rendered":"ngg_shortcode_0_placeholder\n<h1>Sala 66 &#8211; Rafael<\/h1>\n<p><img decoding=\"async\" class=\"aligncenter size-large wp-image-1251\" src=\"https:\/\/www.visituffizi.org\/wp-content\/uploads\/2013\/03\/4-Sala-di-Raffaello-600x398.jpg\" alt=\"4-Sala di Raffaello\" width=\"558\" height=\"370\" srcset=\"https:\/\/www.visituffizi.org\/wp-content\/uploads\/2013\/03\/4-Sala-di-Raffaello-600x398.jpg 600w, https:\/\/www.visituffizi.org\/wp-content\/uploads\/2013\/03\/4-Sala-di-Raffaello-180x120.jpg 180w, https:\/\/www.visituffizi.org\/wp-content\/uploads\/2013\/03\/4-Sala-di-Raffaello-300x199.jpg 300w, https:\/\/www.visituffizi.org\/wp-content\/uploads\/2013\/03\/4-Sala-di-Raffaello-100x66.jpg 100w, https:\/\/www.visituffizi.org\/wp-content\/uploads\/2013\/03\/4-Sala-di-Raffaello-224x149.jpg 224w, https:\/\/www.visituffizi.org\/wp-content\/uploads\/2013\/03\/4-Sala-di-Raffaello.jpg 1000w\" sizes=\"(max-width: 558px) 100vw, 558px\" \/> Raffaello Sanzio\u00a0tambi\u00e9n conocido como\u00a0Rafael de Urbino\u00a0lleg\u00f3 a Florencia en 1504 y permaneci\u00f3 en la capital Toscana hasta finales de 1508. En este periodo pint\u00f3 obras espl\u00e9ndidas como la <a href=\"https:\/\/www.visituffizi.org\/es\/obras-de-arte\/la-virgen-del-jilguero-de-rafael\/\">Virgen del jilguero<\/a> (Madonna del cardellino en italiano) (1505-1506 aprox.) exhibida en esta sala. Es evidente la influencia de Leonardo en el paisaje y en la composici\u00f3n piramidal de las figuras, a pesar de esto se destacan sin duda alguna las caracter\u00edsticas del estilo personal de Rafael: la extrema <strong>dulzura de los gestos<\/strong>, la <strong>belleza de los rostros<\/strong>, y una <strong>gran serenidad<\/strong>, que\u00a0ser\u00e1n siempre\u00a0sus rasgos distintivos.<\/p>\n<p>En esta misma sala\u00a0podemos tambi\u00e9n admirar\u00a0un famoso <em>Autorretrato<\/em> de Rafael\u00a0 (1506 aprox.) y el retrato del Papa, hijo de Lorenzo el Magn\u00edfico, <em>Leone X\u00a0con los cardenales Giulio de\u2019 Medici\u00a0 y Luigi de\u2019 Rossi<\/em> (1518), as\u00ed como tambi\u00e9n dos obras de Ridolfo del Ghirlandaio.<\/p>\n","protected":false},"excerpt":{"rendered":"<p>En esta sala podemos observar algunas de las extraoridnarias obras de Rafael como la Virgen del Jilguero.<\/p>\n","protected":false},"author":6,"featured_media":1077,"parent":1686,"menu_order":75,"comment_status":"closed","ping_status":"closed","template":"","meta":{"ngg_post_thumbnail":0,"footnotes":""},"class_list":["post-1702","page","type-page","status-publish","has-post-thumbnail","hentry"],"yoast_head":"<!-- This site is optimized with the Yoast SEO plugin v27.4 - https:\/\/yoast.com\/product\/yoast-seo-wordpress\/ -->\n<title>Sala 66 Galer\u00eda Uffizi: del maestro Rafael Sanzio<\/title>\n<meta name=\"description\" content=\"Algunas de las obras de Rafael exhibidas en esta sala son: la Virgen del jilguero, un autorretrato del artista, y el retrato del Papa, Leone X\" \/>\n<meta name=\"robots\" content=\"index, follow, max-snippet:-1, max-image-preview:large, max-video-preview:-1\" \/>\n<link rel=\"canonical\" href=\"https:\/\/www.visituffizi.org\/es\/las-salas\/sala-66-rafael\/\" \/>\n<meta property=\"og:locale\" content=\"es_ES\" \/>\n<meta property=\"og:type\" content=\"article\" \/>\n<meta property=\"og:title\" content=\"Sala 66 Galer\u00eda Uffizi: del maestro Rafael Sanzio\" \/>\n<meta property=\"og:description\" content=\"Algunas de las obras de Rafael exhibidas en esta sala son: la Virgen del jilguero, un autorretrato del artista, y el retrato del Papa, Leone X\" \/>\n<meta property=\"og:url\" content=\"https:\/\/www.visituffizi.org\/es\/las-salas\/sala-66-rafael\/\" \/>\n<meta property=\"og:site_name\" content=\"Visit Uffizi\" \/>\n<meta property=\"article:modified_time\" content=\"2015-08-04T20:52:26+00:00\" \/>\n<meta property=\"og:image\" content=\"https:\/\/www.visituffizi.org\/wp-content\/uploads\/2013\/03\/hall66.jpg\" \/>\n\t<meta property=\"og:image:width\" content=\"897\" \/>\n\t<meta property=\"og:image:height\" content=\"296\" \/>\n\t<meta property=\"og:image:type\" content=\"image\/jpeg\" \/>\n<meta name=\"twitter:label1\" content=\"Tiempo de lectura\" \/>\n\t<meta name=\"twitter:data1\" content=\"1 minuto\" \/>\n<script type=\"application\/ld+json\" class=\"yoast-schema-graph\">{\"@context\":\"https:\\\/\\\/schema.org\",\"@graph\":[{\"@type\":\"WebPage\",\"@id\":\"https:\\\/\\\/www.visituffizi.org\\\/es\\\/las-salas\\\/sala-66-rafael\\\/\",\"url\":\"https:\\\/\\\/www.visituffizi.org\\\/es\\\/las-salas\\\/sala-66-rafael\\\/\",\"name\":\"Sala 66 Galer\u00eda Uffizi: del maestro Rafael Sanzio\",\"isPartOf\":{\"@id\":\"https:\\\/\\\/www.visituffizi.org\\\/it\\\/#website\"},\"primaryImageOfPage\":{\"@id\":\"https:\\\/\\\/www.visituffizi.org\\\/es\\\/las-salas\\\/sala-66-rafael\\\/#primaryimage\"},\"image\":{\"@id\":\"https:\\\/\\\/www.visituffizi.org\\\/es\\\/las-salas\\\/sala-66-rafael\\\/#primaryimage\"},\"thumbnailUrl\":\"https:\\\/\\\/www.visituffizi.org\\\/wp-content\\\/uploads\\\/2013\\\/03\\\/hall66.jpg\",\"datePublished\":\"2015-02-16T18:18:50+00:00\",\"dateModified\":\"2015-08-04T20:52:26+00:00\",\"description\":\"Algunas de las obras de Rafael exhibidas en esta sala son: la Virgen del jilguero, un autorretrato del artista, y el retrato del Papa, Leone X\",\"breadcrumb\":{\"@id\":\"https:\\\/\\\/www.visituffizi.org\\\/es\\\/las-salas\\\/sala-66-rafael\\\/#breadcrumb\"},\"inLanguage\":\"es\",\"potentialAction\":[{\"@type\":\"ReadAction\",\"target\":[\"https:\\\/\\\/www.visituffizi.org\\\/es\\\/las-salas\\\/sala-66-rafael\\\/\"]}]},{\"@type\":\"ImageObject\",\"inLanguage\":\"es\",\"@id\":\"https:\\\/\\\/www.visituffizi.org\\\/es\\\/las-salas\\\/sala-66-rafael\\\/#primaryimage\",\"url\":\"https:\\\/\\\/www.visituffizi.org\\\/wp-content\\\/uploads\\\/2013\\\/03\\\/hall66.jpg\",\"contentUrl\":\"https:\\\/\\\/www.visituffizi.org\\\/wp-content\\\/uploads\\\/2013\\\/03\\\/hall66.jpg\",\"width\":897,\"height\":296},{\"@type\":\"BreadcrumbList\",\"@id\":\"https:\\\/\\\/www.visituffizi.org\\\/es\\\/las-salas\\\/sala-66-rafael\\\/#breadcrumb\",\"itemListElement\":[{\"@type\":\"ListItem\",\"position\":1,\"name\":\"Home\",\"item\":\"https:\\\/\\\/www.visituffizi.org\\\/es\\\/\"},{\"@type\":\"ListItem\",\"position\":2,\"name\":\"Las Salas\",\"item\":\"https:\\\/\\\/www.visituffizi.org\\\/es\\\/las-salas\\\/\"},{\"@type\":\"ListItem\",\"position\":3,\"name\":\"Sala 66 &#8211; Rafael\"}]},{\"@type\":\"WebSite\",\"@id\":\"https:\\\/\\\/www.visituffizi.org\\\/it\\\/#website\",\"url\":\"https:\\\/\\\/www.visituffizi.org\\\/it\\\/\",\"name\":\"Visit Uffizi\",\"description\":\"Guide to Uffizi Museum in Florence\",\"potentialAction\":[{\"@type\":\"SearchAction\",\"target\":{\"@type\":\"EntryPoint\",\"urlTemplate\":\"https:\\\/\\\/www.visituffizi.org\\\/it\\\/?s={search_term_string}\"},\"query-input\":{\"@type\":\"PropertyValueSpecification\",\"valueRequired\":true,\"valueName\":\"search_term_string\"}}],\"inLanguage\":\"es\"}]}<\/script>\n<!-- \/ Yoast SEO plugin. -->","yoast_head_json":{"title":"Sala 66 Galer\u00eda Uffizi: del maestro Rafael Sanzio","description":"Algunas de las obras de Rafael exhibidas en esta sala son: la Virgen del jilguero, un autorretrato del artista, y el retrato del Papa, Leone X","robots":{"index":"index","follow":"follow","max-snippet":"max-snippet:-1","max-image-preview":"max-image-preview:large","max-video-preview":"max-video-preview:-1"},"canonical":"https:\/\/www.visituffizi.org\/es\/las-salas\/sala-66-rafael\/","og_locale":"es_ES","og_type":"article","og_title":"Sala 66 Galer\u00eda Uffizi: del maestro Rafael Sanzio","og_description":"Algunas de las obras de Rafael exhibidas en esta sala son: la Virgen del jilguero, un autorretrato del artista, y el retrato del Papa, Leone X","og_url":"https:\/\/www.visituffizi.org\/es\/las-salas\/sala-66-rafael\/","og_site_name":"Visit Uffizi","article_modified_time":"2015-08-04T20:52:26+00:00","og_image":[{"width":897,"height":296,"url":"https:\/\/www.visituffizi.org\/wp-content\/uploads\/2013\/03\/hall66.jpg","type":"image\/jpeg"}],"twitter_misc":{"Tiempo de lectura":"1 minuto"},"schema":{"@context":"https:\/\/schema.org","@graph":[{"@type":"WebPage","@id":"https:\/\/www.visituffizi.org\/es\/las-salas\/sala-66-rafael\/","url":"https:\/\/www.visituffizi.org\/es\/las-salas\/sala-66-rafael\/","name":"Sala 66 Galer\u00eda Uffizi: del maestro Rafael Sanzio","isPartOf":{"@id":"https:\/\/www.visituffizi.org\/it\/#website"},"primaryImageOfPage":{"@id":"https:\/\/www.visituffizi.org\/es\/las-salas\/sala-66-rafael\/#primaryimage"},"image":{"@id":"https:\/\/www.visituffizi.org\/es\/las-salas\/sala-66-rafael\/#primaryimage"},"thumbnailUrl":"https:\/\/www.visituffizi.org\/wp-content\/uploads\/2013\/03\/hall66.jpg","datePublished":"2015-02-16T18:18:50+00:00","dateModified":"2015-08-04T20:52:26+00:00","description":"Algunas de las obras de Rafael exhibidas en esta sala son: la Virgen del jilguero, un autorretrato del artista, y el retrato del Papa, Leone X","breadcrumb":{"@id":"https:\/\/www.visituffizi.org\/es\/las-salas\/sala-66-rafael\/#breadcrumb"},"inLanguage":"es","potentialAction":[{"@type":"ReadAction","target":["https:\/\/www.visituffizi.org\/es\/las-salas\/sala-66-rafael\/"]}]},{"@type":"ImageObject","inLanguage":"es","@id":"https:\/\/www.visituffizi.org\/es\/las-salas\/sala-66-rafael\/#primaryimage","url":"https:\/\/www.visituffizi.org\/wp-content\/uploads\/2013\/03\/hall66.jpg","contentUrl":"https:\/\/www.visituffizi.org\/wp-content\/uploads\/2013\/03\/hall66.jpg","width":897,"height":296},{"@type":"BreadcrumbList","@id":"https:\/\/www.visituffizi.org\/es\/las-salas\/sala-66-rafael\/#breadcrumb","itemListElement":[{"@type":"ListItem","position":1,"name":"Home","item":"https:\/\/www.visituffizi.org\/es\/"},{"@type":"ListItem","position":2,"name":"Las Salas","item":"https:\/\/www.visituffizi.org\/es\/las-salas\/"},{"@type":"ListItem","position":3,"name":"Sala 66 &#8211; Rafael"}]},{"@type":"WebSite","@id":"https:\/\/www.visituffizi.org\/it\/#website","url":"https:\/\/www.visituffizi.org\/it\/","name":"Visit Uffizi","description":"Guide to Uffizi Museum in Florence","potentialAction":[{"@type":"SearchAction","target":{"@type":"EntryPoint","urlTemplate":"https:\/\/www.visituffizi.org\/it\/?s={search_term_string}"},"query-input":{"@type":"PropertyValueSpecification","valueRequired":true,"valueName":"search_term_string"}}],"inLanguage":"es"}]}},"_links":{"self":[{"href":"https:\/\/www.visituffizi.org\/es\/wp-json\/wp\/v2\/pages\/1702","targetHints":{"allow":["GET"]}}],"collection":[{"href":"https:\/\/www.visituffizi.org\/es\/wp-json\/wp\/v2\/pages"}],"about":[{"href":"https:\/\/www.visituffizi.org\/es\/wp-json\/wp\/v2\/types\/page"}],"author":[{"embeddable":true,"href":"https:\/\/www.visituffizi.org\/es\/wp-json\/wp\/v2\/users\/6"}],"replies":[{"embeddable":true,"href":"https:\/\/www.visituffizi.org\/es\/wp-json\/wp\/v2\/comments?post=1702"}],"version-history":[{"count":0,"href":"https:\/\/www.visituffizi.org\/es\/wp-json\/wp\/v2\/pages\/1702\/revisions"}],"up":[{"embeddable":true,"href":"https:\/\/www.visituffizi.org\/es\/wp-json\/wp\/v2\/pages\/1686"}],"wp:featuredmedia":[{"embeddable":true,"href":"https:\/\/www.visituffizi.org\/es\/wp-json\/wp\/v2\/media\/1077"}],"wp:attachment":[{"href":"https:\/\/www.visituffizi.org\/es\/wp-json\/wp\/v2\/media?parent=1702"}],"curies":[{"name":"wp","href":"https:\/\/api.w.org\/{rel}","templated":true}]}}