{"id":1703,"date":"2015-02-16T18:20:18","date_gmt":"2015-02-16T18:20:18","guid":{"rendered":"https:\/\/www.visituffizi.org\/?page_id=1703"},"modified":"2015-03-20T19:04:42","modified_gmt":"2015-03-20T19:04:42","slug":"sala-83-tiziano","status":"publish","type":"page","link":"https:\/\/www.visituffizi.org\/es\/las-salas\/sala-83-tiziano\/","title":{"rendered":"Sala 83 &#8211; Tiziano"},"content":{"rendered":"ngg_shortcode_0_placeholder\n<h1>Sala\u00a083 &#8211; La nueva Sala de Tiziano<\/h1>\n<p><img decoding=\"async\" class=\"aligncenter size-large wp-image-1666\" src=\"https:\/\/www.visituffizi.org\/wp-content\/uploads\/2011\/05\/hall83-tiziano-600x400.jpg\" alt=\"hall83-tiziano\" width=\"558\" height=\"372\" srcset=\"https:\/\/www.visituffizi.org\/wp-content\/uploads\/2011\/05\/hall83-tiziano-600x400.jpg 600w, https:\/\/www.visituffizi.org\/wp-content\/uploads\/2011\/05\/hall83-tiziano-180x120.jpg 180w, https:\/\/www.visituffizi.org\/wp-content\/uploads\/2011\/05\/hall83-tiziano-300x200.jpg 300w, https:\/\/www.visituffizi.org\/wp-content\/uploads\/2011\/05\/hall83-tiziano-100x67.jpg 100w, https:\/\/www.visituffizi.org\/wp-content\/uploads\/2011\/05\/hall83-tiziano-224x149.jpg 224w\" sizes=\"(max-width: 558px) 100vw, 558px\" \/><\/p>\n<p>Este bello y largo corredor est\u00e1 dedicado completamente a la principal figura de la escuela Veneciana: <strong>Tiziano<\/strong> su m\u00e1ximo exponente.<\/p>\n<p>Gran retratista, Tiziano Vecellio (1488-1576)\u00a0 buscado por todas las cortes europeas, ricos y famosos, Tiziano quiz\u00e1 sea el m\u00e1ximo representante de la <strong>Pintura Veneciana<\/strong> junto a sus maestros, los hermanos <strong>Gentile y Giovanni Bellini<\/strong> y a su famoso colega el enigm\u00e1tico <strong>Giorgione<\/strong> (cuyas obras se pueden admirar en la sala anterior, numero 75).<\/p>\n<p>En Venecia se hab\u00eda delineado una tendencia en la manera de dibujar que privilegiaba el <strong>color<\/strong> sobre el dise\u00f1o, exactamente lo contrario que suced\u00eda en Florencia, donde la tradici\u00f3n por el dise\u00f1o era m\u00e1s fuerte. Por otra parte\u00a0el clima h\u00famedo de la laguna veneciana no permit\u00eda la t\u00e9cnica del fresco o del uso de tablas de madera, m\u00e1s vulnerables a la humedad. Por este motivo se difundi\u00f3 siempre m\u00e1s la t\u00e9cnica de aceite y el uso de lienzos.<\/p>\n<p>Estil\u00edsticamente\u00a0la pintura veneciana se centra en el color y en sus matices, as\u00ed como en el paisaje, la luz y en la relaci\u00f3n entre el hombre y la naturaleza.<\/p>\n<p>En esta sala encontramos algunas obras importantes de Tiziano como la c\u00e9lebre<em> <a href=\"https:\/\/www.visituffizi.org\/es\/obras-de-arte\/la-venus-de-urbino-de-tiziano\/\">Venus de Urbino<\/a><\/em> (1538), una obra maestra de elegancia y sensualidad.<\/p>\n<p>Otra preciosa obra que no se puede dejar de\u00a0admirar, entrando a la sala a mano derecha es <strong>Flora<\/strong> (1515-1517 aprox.) La imagen sensual fue admirada mucho antes de llegar a la colecci\u00f3n de la Galer\u00eda Uffizi en 1793, despu\u00e9s de un intercambio con la Galer\u00eda Imperial de Viena. La bella mujer aparece como la diosa de la fecundidad, pero tambi\u00e9n es un retrato de una futura esposa, con s\u00edmbolos similares empleados en su famosa <em>Venus de Urbino<\/em>.<\/p>\n<div id=\"attachment_1667\" style=\"width: 356px\" class=\"wp-caption aligncenter\"><img decoding=\"async\" aria-describedby=\"caption-attachment-1667\" class=\"size-large wp-image-1667\" src=\"https:\/\/www.visituffizi.org\/wp-content\/uploads\/2011\/05\/flora-titian-346x400.jpg\" alt=\"Flora, by Titian\" width=\"346\" height=\"400\" srcset=\"https:\/\/www.visituffizi.org\/wp-content\/uploads\/2011\/05\/flora-titian-346x400.jpg 346w, https:\/\/www.visituffizi.org\/wp-content\/uploads\/2011\/05\/flora-titian-259x300.jpg 259w, https:\/\/www.visituffizi.org\/wp-content\/uploads\/2011\/05\/flora-titian-86x100.jpg 86w, https:\/\/www.visituffizi.org\/wp-content\/uploads\/2011\/05\/flora-titian-129x149.jpg 129w, https:\/\/www.visituffizi.org\/wp-content\/uploads\/2011\/05\/flora-titian.jpg 1200w\" sizes=\"(max-width: 346px) 100vw, 346px\" \/><p id=\"caption-attachment-1667\" class=\"wp-caption-text\">Flora, by Titian<\/p><\/div>\n<p>La sala cuenta ahora con <strong>10 obras de Tiziano<\/strong> que los visitantes pueden admirar, desde los retratos del Duque y la Duquesa de Urbino, Francesco Mar\u00eda della Rovere y su esposa Eleonora Gonzaga, hasta los retratos de un obispo y\u00a0un papa.<\/p>\n","protected":false},"excerpt":{"rendered":"<p>El m\u00e1ximo representante de la Pintura Veneciana, presente con la Venus de Urbino y Flora.<\/p>\n","protected":false},"author":6,"featured_media":1666,"parent":1686,"menu_order":100,"comment_status":"closed","ping_status":"closed","template":"","meta":{"ngg_post_thumbnail":0,"footnotes":""},"class_list":["post-1703","page","type-page","status-publish","has-post-thumbnail","hentry"],"yoast_head":"<!-- This site is optimized with the Yoast SEO plugin v27.4 - https:\/\/yoast.com\/product\/yoast-seo-wordpress\/ -->\n<title>Sala 83 Galer\u00eda Uffizi: Tiziano y 10 de sus obras de arte<\/title>\n<meta name=\"description\" content=\"La nueva sala de Tiziano, entre sus obras estan la Venus de Urbino, Flora, los retratos del Duque y la Duquesa de Urbino, entre otras.\" \/>\n<meta name=\"robots\" content=\"index, follow, max-snippet:-1, max-image-preview:large, max-video-preview:-1\" \/>\n<link rel=\"canonical\" href=\"https:\/\/www.visituffizi.org\/es\/las-salas\/sala-83-tiziano\/\" \/>\n<meta property=\"og:locale\" content=\"es_ES\" \/>\n<meta property=\"og:type\" content=\"article\" \/>\n<meta property=\"og:title\" content=\"Sala 83 Galer\u00eda Uffizi: Tiziano y 10 de sus obras de arte\" \/>\n<meta property=\"og:description\" content=\"La nueva sala de Tiziano, entre sus obras estan la Venus de Urbino, Flora, los retratos del Duque y la Duquesa de Urbino, entre otras.\" \/>\n<meta property=\"og:url\" content=\"https:\/\/www.visituffizi.org\/es\/las-salas\/sala-83-tiziano\/\" \/>\n<meta property=\"og:site_name\" content=\"Visit Uffizi\" \/>\n<meta property=\"article:modified_time\" content=\"2015-03-20T19:04:42+00:00\" \/>\n<meta property=\"og:image\" content=\"https:\/\/www.visituffizi.org\/wp-content\/uploads\/2011\/05\/hall83-tiziano-600x400.jpg\" \/>\n\t<meta property=\"og:image:width\" content=\"600\" \/>\n\t<meta property=\"og:image:height\" content=\"400\" \/>\n\t<meta property=\"og:image:type\" content=\"image\/jpeg\" \/>\n<meta name=\"twitter:label1\" content=\"Tiempo de lectura\" \/>\n\t<meta name=\"twitter:data1\" content=\"2 minutos\" \/>\n<script type=\"application\/ld+json\" class=\"yoast-schema-graph\">{\"@context\":\"https:\\\/\\\/schema.org\",\"@graph\":[{\"@type\":\"WebPage\",\"@id\":\"https:\\\/\\\/www.visituffizi.org\\\/es\\\/las-salas\\\/sala-83-tiziano\\\/\",\"url\":\"https:\\\/\\\/www.visituffizi.org\\\/es\\\/las-salas\\\/sala-83-tiziano\\\/\",\"name\":\"Sala 83 Galer\u00eda Uffizi: Tiziano y 10 de sus obras de arte\",\"isPartOf\":{\"@id\":\"https:\\\/\\\/www.visituffizi.org\\\/it\\\/#website\"},\"primaryImageOfPage\":{\"@id\":\"https:\\\/\\\/www.visituffizi.org\\\/es\\\/las-salas\\\/sala-83-tiziano\\\/#primaryimage\"},\"image\":{\"@id\":\"https:\\\/\\\/www.visituffizi.org\\\/es\\\/las-salas\\\/sala-83-tiziano\\\/#primaryimage\"},\"thumbnailUrl\":\"https:\\\/\\\/www.visituffizi.org\\\/wp-content\\\/uploads\\\/2011\\\/05\\\/hall83-tiziano.jpg\",\"datePublished\":\"2015-02-16T18:20:18+00:00\",\"dateModified\":\"2015-03-20T19:04:42+00:00\",\"description\":\"La nueva sala de Tiziano, entre sus obras estan la Venus de Urbino, Flora, los retratos del Duque y la Duquesa de Urbino, entre otras.\",\"breadcrumb\":{\"@id\":\"https:\\\/\\\/www.visituffizi.org\\\/es\\\/las-salas\\\/sala-83-tiziano\\\/#breadcrumb\"},\"inLanguage\":\"es\",\"potentialAction\":[{\"@type\":\"ReadAction\",\"target\":[\"https:\\\/\\\/www.visituffizi.org\\\/es\\\/las-salas\\\/sala-83-tiziano\\\/\"]}]},{\"@type\":\"ImageObject\",\"inLanguage\":\"es\",\"@id\":\"https:\\\/\\\/www.visituffizi.org\\\/es\\\/las-salas\\\/sala-83-tiziano\\\/#primaryimage\",\"url\":\"https:\\\/\\\/www.visituffizi.org\\\/wp-content\\\/uploads\\\/2011\\\/05\\\/hall83-tiziano.jpg\",\"contentUrl\":\"https:\\\/\\\/www.visituffizi.org\\\/wp-content\\\/uploads\\\/2011\\\/05\\\/hall83-tiziano.jpg\",\"width\":3648,\"height\":2432},{\"@type\":\"BreadcrumbList\",\"@id\":\"https:\\\/\\\/www.visituffizi.org\\\/es\\\/las-salas\\\/sala-83-tiziano\\\/#breadcrumb\",\"itemListElement\":[{\"@type\":\"ListItem\",\"position\":1,\"name\":\"Home\",\"item\":\"https:\\\/\\\/www.visituffizi.org\\\/es\\\/\"},{\"@type\":\"ListItem\",\"position\":2,\"name\":\"Las Salas\",\"item\":\"https:\\\/\\\/www.visituffizi.org\\\/es\\\/las-salas\\\/\"},{\"@type\":\"ListItem\",\"position\":3,\"name\":\"Sala 83 &#8211; Tiziano\"}]},{\"@type\":\"WebSite\",\"@id\":\"https:\\\/\\\/www.visituffizi.org\\\/it\\\/#website\",\"url\":\"https:\\\/\\\/www.visituffizi.org\\\/it\\\/\",\"name\":\"Visit Uffizi\",\"description\":\"Guide to Uffizi Museum in Florence\",\"potentialAction\":[{\"@type\":\"SearchAction\",\"target\":{\"@type\":\"EntryPoint\",\"urlTemplate\":\"https:\\\/\\\/www.visituffizi.org\\\/it\\\/?s={search_term_string}\"},\"query-input\":{\"@type\":\"PropertyValueSpecification\",\"valueRequired\":true,\"valueName\":\"search_term_string\"}}],\"inLanguage\":\"es\"}]}<\/script>\n<!-- \/ Yoast SEO plugin. -->","yoast_head_json":{"title":"Sala 83 Galer\u00eda Uffizi: Tiziano y 10 de sus obras de arte","description":"La nueva sala de Tiziano, entre sus obras estan la Venus de Urbino, Flora, los retratos del Duque y la Duquesa de Urbino, entre otras.","robots":{"index":"index","follow":"follow","max-snippet":"max-snippet:-1","max-image-preview":"max-image-preview:large","max-video-preview":"max-video-preview:-1"},"canonical":"https:\/\/www.visituffizi.org\/es\/las-salas\/sala-83-tiziano\/","og_locale":"es_ES","og_type":"article","og_title":"Sala 83 Galer\u00eda Uffizi: Tiziano y 10 de sus obras de arte","og_description":"La nueva sala de Tiziano, entre sus obras estan la Venus de Urbino, Flora, los retratos del Duque y la Duquesa de Urbino, entre otras.","og_url":"https:\/\/www.visituffizi.org\/es\/las-salas\/sala-83-tiziano\/","og_site_name":"Visit Uffizi","article_modified_time":"2015-03-20T19:04:42+00:00","og_image":[{"width":600,"height":400,"url":"https:\/\/www.visituffizi.org\/wp-content\/uploads\/2011\/05\/hall83-tiziano-600x400.jpg","type":"image\/jpeg"}],"twitter_misc":{"Tiempo de lectura":"2 minutos"},"schema":{"@context":"https:\/\/schema.org","@graph":[{"@type":"WebPage","@id":"https:\/\/www.visituffizi.org\/es\/las-salas\/sala-83-tiziano\/","url":"https:\/\/www.visituffizi.org\/es\/las-salas\/sala-83-tiziano\/","name":"Sala 83 Galer\u00eda Uffizi: Tiziano y 10 de sus obras de arte","isPartOf":{"@id":"https:\/\/www.visituffizi.org\/it\/#website"},"primaryImageOfPage":{"@id":"https:\/\/www.visituffizi.org\/es\/las-salas\/sala-83-tiziano\/#primaryimage"},"image":{"@id":"https:\/\/www.visituffizi.org\/es\/las-salas\/sala-83-tiziano\/#primaryimage"},"thumbnailUrl":"https:\/\/www.visituffizi.org\/wp-content\/uploads\/2011\/05\/hall83-tiziano.jpg","datePublished":"2015-02-16T18:20:18+00:00","dateModified":"2015-03-20T19:04:42+00:00","description":"La nueva sala de Tiziano, entre sus obras estan la Venus de Urbino, Flora, los retratos del Duque y la Duquesa de Urbino, entre otras.","breadcrumb":{"@id":"https:\/\/www.visituffizi.org\/es\/las-salas\/sala-83-tiziano\/#breadcrumb"},"inLanguage":"es","potentialAction":[{"@type":"ReadAction","target":["https:\/\/www.visituffizi.org\/es\/las-salas\/sala-83-tiziano\/"]}]},{"@type":"ImageObject","inLanguage":"es","@id":"https:\/\/www.visituffizi.org\/es\/las-salas\/sala-83-tiziano\/#primaryimage","url":"https:\/\/www.visituffizi.org\/wp-content\/uploads\/2011\/05\/hall83-tiziano.jpg","contentUrl":"https:\/\/www.visituffizi.org\/wp-content\/uploads\/2011\/05\/hall83-tiziano.jpg","width":3648,"height":2432},{"@type":"BreadcrumbList","@id":"https:\/\/www.visituffizi.org\/es\/las-salas\/sala-83-tiziano\/#breadcrumb","itemListElement":[{"@type":"ListItem","position":1,"name":"Home","item":"https:\/\/www.visituffizi.org\/es\/"},{"@type":"ListItem","position":2,"name":"Las Salas","item":"https:\/\/www.visituffizi.org\/es\/las-salas\/"},{"@type":"ListItem","position":3,"name":"Sala 83 &#8211; Tiziano"}]},{"@type":"WebSite","@id":"https:\/\/www.visituffizi.org\/it\/#website","url":"https:\/\/www.visituffizi.org\/it\/","name":"Visit Uffizi","description":"Guide to Uffizi Museum in Florence","potentialAction":[{"@type":"SearchAction","target":{"@type":"EntryPoint","urlTemplate":"https:\/\/www.visituffizi.org\/it\/?s={search_term_string}"},"query-input":{"@type":"PropertyValueSpecification","valueRequired":true,"valueName":"search_term_string"}}],"inLanguage":"es"}]}},"_links":{"self":[{"href":"https:\/\/www.visituffizi.org\/es\/wp-json\/wp\/v2\/pages\/1703","targetHints":{"allow":["GET"]}}],"collection":[{"href":"https:\/\/www.visituffizi.org\/es\/wp-json\/wp\/v2\/pages"}],"about":[{"href":"https:\/\/www.visituffizi.org\/es\/wp-json\/wp\/v2\/types\/page"}],"author":[{"embeddable":true,"href":"https:\/\/www.visituffizi.org\/es\/wp-json\/wp\/v2\/users\/6"}],"replies":[{"embeddable":true,"href":"https:\/\/www.visituffizi.org\/es\/wp-json\/wp\/v2\/comments?post=1703"}],"version-history":[{"count":0,"href":"https:\/\/www.visituffizi.org\/es\/wp-json\/wp\/v2\/pages\/1703\/revisions"}],"up":[{"embeddable":true,"href":"https:\/\/www.visituffizi.org\/es\/wp-json\/wp\/v2\/pages\/1686"}],"wp:featuredmedia":[{"embeddable":true,"href":"https:\/\/www.visituffizi.org\/es\/wp-json\/wp\/v2\/media\/1666"}],"wp:attachment":[{"href":"https:\/\/www.visituffizi.org\/es\/wp-json\/wp\/v2\/media?parent=1703"}],"curies":[{"name":"wp","href":"https:\/\/api.w.org\/{rel}","templated":true}]}}