{"id":1705,"date":"2015-02-18T11:25:07","date_gmt":"2015-02-18T11:25:07","guid":{"rendered":"https:\/\/www.visituffizi.org\/?page_id=1705"},"modified":"2015-03-20T19:18:36","modified_gmt":"2015-03-20T19:18:36","slug":"sala-90-caravaggio","status":"publish","type":"page","link":"https:\/\/www.visituffizi.org\/es\/las-salas\/sala-90-caravaggio\/","title":{"rendered":"Sala 90 &#8211; Caravaggio"},"content":{"rendered":"ngg_shortcode_0_placeholder\n<h1>Sala 90\u00a0&#8211; Caravaggio<\/h1>\n<p><iframe loading=\"lazy\" src=\"https:\/\/maps.google.it\/maps?q=uffizi+gallery&amp;layer=c&amp;sll=43.767786,11.255311&amp;cid=14834496294842582221&amp;panoid=oVNb-4eIRUAhEqPGI4T77A&amp;cbp=13,73.54,,0,6.34&amp;ie=UTF8&amp;hq=uffizi+gallery&amp;hnear=&amp;ll=43.767786,11.255311&amp;spn=0.006295,0.006295&amp;t=m&amp;cbll=43.768352,11.255647&amp;source=embed&amp;output=svembed\" width=\"610\" height=\"400\" frameborder=\"0\" marginwidth=\"0\" marginheight=\"0\" scrolling=\"no\"><\/iframe><\/p>\n<p>La sala cuenta con la exposici\u00f3n de\u00a0tres obras maestras de Miguel \u00c1ngel Merisi, conocido como <strong>Caravaggio<\/strong>\u00a0muerto tr\u00e1gicamente a 39 a\u00f1os en 1610.<\/p>\n<p>Impresionante es el <em>Escudo con la Cabeza de la Medusa<\/em>, que seg\u00fan la leyenda ser\u00eda el autorretrato del pintor de joven. Muy famoso es tambi\u00e9n el <a href=\"https:\/\/www.visituffizi.org\/es\/obras-de-arte\/baco-de-caravaggio\/\">Baco<\/a> deteniendo\u00a0su copa de vino, con detalles extraordinariamente cuidados que\u00a0crean una sensacion de\u00a0realidad.<\/p>\n<p>El <em>Sacrificio de Isaac <\/em>revela los elementos m\u00e1s caracter\u00edsticos del arte del gran pintor, que fue el primero en representar\u00a0temas religiosos\u00a0como \u00e9ste; el realismo de cada uno de los\u00a0detalles dibujados y la expresi\u00f3n\u00a0de sufrimiento, espont\u00e1nea y sincera en el rostro de los personajes,\u00a0mediante el acentuado uso\u00a0de\u00a0luz y\u00a0sombras.<\/p>\n<p><em>Nota: las im\u00e1genes mostradas son de la\u00a0antigua sala 81, pero todas las pinturas de esta sala se pueden ver en las nuevas salas 90-93. Trasladadas en el verano del 2013.<\/em><\/p>\n","protected":false},"excerpt":{"rendered":"<p>El tenebrismo de Caravaggio en tres de sus obras, el escudo con la Cabeza de la Medusa, el Sacrificio de Isaac y Baco.<\/p>\n","protected":false},"author":6,"featured_media":1078,"parent":1686,"menu_order":110,"comment_status":"open","ping_status":"closed","template":"","meta":{"ngg_post_thumbnail":0,"footnotes":""},"class_list":["post-1705","page","type-page","status-publish","has-post-thumbnail","hentry"],"yoast_head":"<!-- This site is optimized with the Yoast SEO plugin v27.4 - https:\/\/yoast.com\/product\/yoast-seo-wordpress\/ -->\n<title>Sala 90 Galer\u00eda Uffizi: Caravaggio<\/title>\n<meta name=\"description\" content=\"En esta sala se encuentran: Baco, el Escudo con la cabeza de Medusa y el Sacrificio de Isaac adem\u00e1s Artemisia Gentileschi con Judit decapitando a Holofernes\" \/>\n<meta name=\"robots\" content=\"index, follow, max-snippet:-1, max-image-preview:large, max-video-preview:-1\" \/>\n<link rel=\"canonical\" href=\"https:\/\/www.visituffizi.org\/es\/las-salas\/sala-90-caravaggio\/\" \/>\n<meta property=\"og:locale\" content=\"es_ES\" \/>\n<meta property=\"og:type\" content=\"article\" \/>\n<meta property=\"og:title\" content=\"Sala 90 Galer\u00eda Uffizi: Caravaggio\" \/>\n<meta property=\"og:description\" content=\"En esta sala se encuentran: Baco, el Escudo con la cabeza de Medusa y el Sacrificio de Isaac adem\u00e1s Artemisia Gentileschi con Judit decapitando a Holofernes\" \/>\n<meta property=\"og:url\" content=\"https:\/\/www.visituffizi.org\/es\/las-salas\/sala-90-caravaggio\/\" \/>\n<meta property=\"og:site_name\" content=\"Visit Uffizi\" \/>\n<meta property=\"article:modified_time\" content=\"2015-03-20T19:18:36+00:00\" \/>\n<meta property=\"og:image\" content=\"https:\/\/www.visituffizi.org\/wp-content\/uploads\/2013\/03\/hall81.jpg\" \/>\n\t<meta property=\"og:image:width\" content=\"1554\" \/>\n\t<meta property=\"og:image:height\" content=\"1024\" \/>\n\t<meta property=\"og:image:type\" content=\"image\/jpeg\" \/>\n<meta name=\"twitter:label1\" content=\"Tiempo de lectura\" \/>\n\t<meta name=\"twitter:data1\" content=\"1 minuto\" \/>\n<script type=\"application\/ld+json\" class=\"yoast-schema-graph\">{\"@context\":\"https:\\\/\\\/schema.org\",\"@graph\":[{\"@type\":\"WebPage\",\"@id\":\"https:\\\/\\\/www.visituffizi.org\\\/es\\\/las-salas\\\/sala-90-caravaggio\\\/\",\"url\":\"https:\\\/\\\/www.visituffizi.org\\\/es\\\/las-salas\\\/sala-90-caravaggio\\\/\",\"name\":\"Sala 90 Galer\u00eda Uffizi: Caravaggio\",\"isPartOf\":{\"@id\":\"https:\\\/\\\/www.visituffizi.org\\\/it\\\/#website\"},\"primaryImageOfPage\":{\"@id\":\"https:\\\/\\\/www.visituffizi.org\\\/es\\\/las-salas\\\/sala-90-caravaggio\\\/#primaryimage\"},\"image\":{\"@id\":\"https:\\\/\\\/www.visituffizi.org\\\/es\\\/las-salas\\\/sala-90-caravaggio\\\/#primaryimage\"},\"thumbnailUrl\":\"https:\\\/\\\/www.visituffizi.org\\\/wp-content\\\/uploads\\\/2013\\\/03\\\/hall81.jpg\",\"datePublished\":\"2015-02-18T11:25:07+00:00\",\"dateModified\":\"2015-03-20T19:18:36+00:00\",\"description\":\"En esta sala se encuentran: Baco, el Escudo con la cabeza de Medusa y el Sacrificio de Isaac adem\u00e1s Artemisia Gentileschi con Judit decapitando a Holofernes\",\"breadcrumb\":{\"@id\":\"https:\\\/\\\/www.visituffizi.org\\\/es\\\/las-salas\\\/sala-90-caravaggio\\\/#breadcrumb\"},\"inLanguage\":\"es\",\"potentialAction\":[{\"@type\":\"ReadAction\",\"target\":[\"https:\\\/\\\/www.visituffizi.org\\\/es\\\/las-salas\\\/sala-90-caravaggio\\\/\"]}]},{\"@type\":\"ImageObject\",\"inLanguage\":\"es\",\"@id\":\"https:\\\/\\\/www.visituffizi.org\\\/es\\\/las-salas\\\/sala-90-caravaggio\\\/#primaryimage\",\"url\":\"https:\\\/\\\/www.visituffizi.org\\\/wp-content\\\/uploads\\\/2013\\\/03\\\/hall81.jpg\",\"contentUrl\":\"https:\\\/\\\/www.visituffizi.org\\\/wp-content\\\/uploads\\\/2013\\\/03\\\/hall81.jpg\",\"width\":1554,\"height\":1024},{\"@type\":\"BreadcrumbList\",\"@id\":\"https:\\\/\\\/www.visituffizi.org\\\/es\\\/las-salas\\\/sala-90-caravaggio\\\/#breadcrumb\",\"itemListElement\":[{\"@type\":\"ListItem\",\"position\":1,\"name\":\"Home\",\"item\":\"https:\\\/\\\/www.visituffizi.org\\\/es\\\/\"},{\"@type\":\"ListItem\",\"position\":2,\"name\":\"Las Salas\",\"item\":\"https:\\\/\\\/www.visituffizi.org\\\/es\\\/las-salas\\\/\"},{\"@type\":\"ListItem\",\"position\":3,\"name\":\"Sala 90 &#8211; Caravaggio\"}]},{\"@type\":\"WebSite\",\"@id\":\"https:\\\/\\\/www.visituffizi.org\\\/it\\\/#website\",\"url\":\"https:\\\/\\\/www.visituffizi.org\\\/it\\\/\",\"name\":\"Visit Uffizi\",\"description\":\"Guide to Uffizi Museum in Florence\",\"potentialAction\":[{\"@type\":\"SearchAction\",\"target\":{\"@type\":\"EntryPoint\",\"urlTemplate\":\"https:\\\/\\\/www.visituffizi.org\\\/it\\\/?s={search_term_string}\"},\"query-input\":{\"@type\":\"PropertyValueSpecification\",\"valueRequired\":true,\"valueName\":\"search_term_string\"}}],\"inLanguage\":\"es\"}]}<\/script>\n<!-- \/ Yoast SEO plugin. -->","yoast_head_json":{"title":"Sala 90 Galer\u00eda Uffizi: Caravaggio","description":"En esta sala se encuentran: Baco, el Escudo con la cabeza de Medusa y el Sacrificio de Isaac adem\u00e1s Artemisia Gentileschi con Judit decapitando a Holofernes","robots":{"index":"index","follow":"follow","max-snippet":"max-snippet:-1","max-image-preview":"max-image-preview:large","max-video-preview":"max-video-preview:-1"},"canonical":"https:\/\/www.visituffizi.org\/es\/las-salas\/sala-90-caravaggio\/","og_locale":"es_ES","og_type":"article","og_title":"Sala 90 Galer\u00eda Uffizi: Caravaggio","og_description":"En esta sala se encuentran: Baco, el Escudo con la cabeza de Medusa y el Sacrificio de Isaac adem\u00e1s Artemisia Gentileschi con Judit decapitando a Holofernes","og_url":"https:\/\/www.visituffizi.org\/es\/las-salas\/sala-90-caravaggio\/","og_site_name":"Visit Uffizi","article_modified_time":"2015-03-20T19:18:36+00:00","og_image":[{"width":1554,"height":1024,"url":"https:\/\/www.visituffizi.org\/wp-content\/uploads\/2013\/03\/hall81.jpg","type":"image\/jpeg"}],"twitter_misc":{"Tiempo de lectura":"1 minuto"},"schema":{"@context":"https:\/\/schema.org","@graph":[{"@type":"WebPage","@id":"https:\/\/www.visituffizi.org\/es\/las-salas\/sala-90-caravaggio\/","url":"https:\/\/www.visituffizi.org\/es\/las-salas\/sala-90-caravaggio\/","name":"Sala 90 Galer\u00eda Uffizi: Caravaggio","isPartOf":{"@id":"https:\/\/www.visituffizi.org\/it\/#website"},"primaryImageOfPage":{"@id":"https:\/\/www.visituffizi.org\/es\/las-salas\/sala-90-caravaggio\/#primaryimage"},"image":{"@id":"https:\/\/www.visituffizi.org\/es\/las-salas\/sala-90-caravaggio\/#primaryimage"},"thumbnailUrl":"https:\/\/www.visituffizi.org\/wp-content\/uploads\/2013\/03\/hall81.jpg","datePublished":"2015-02-18T11:25:07+00:00","dateModified":"2015-03-20T19:18:36+00:00","description":"En esta sala se encuentran: Baco, el Escudo con la cabeza de Medusa y el Sacrificio de Isaac adem\u00e1s Artemisia Gentileschi con Judit decapitando a Holofernes","breadcrumb":{"@id":"https:\/\/www.visituffizi.org\/es\/las-salas\/sala-90-caravaggio\/#breadcrumb"},"inLanguage":"es","potentialAction":[{"@type":"ReadAction","target":["https:\/\/www.visituffizi.org\/es\/las-salas\/sala-90-caravaggio\/"]}]},{"@type":"ImageObject","inLanguage":"es","@id":"https:\/\/www.visituffizi.org\/es\/las-salas\/sala-90-caravaggio\/#primaryimage","url":"https:\/\/www.visituffizi.org\/wp-content\/uploads\/2013\/03\/hall81.jpg","contentUrl":"https:\/\/www.visituffizi.org\/wp-content\/uploads\/2013\/03\/hall81.jpg","width":1554,"height":1024},{"@type":"BreadcrumbList","@id":"https:\/\/www.visituffizi.org\/es\/las-salas\/sala-90-caravaggio\/#breadcrumb","itemListElement":[{"@type":"ListItem","position":1,"name":"Home","item":"https:\/\/www.visituffizi.org\/es\/"},{"@type":"ListItem","position":2,"name":"Las Salas","item":"https:\/\/www.visituffizi.org\/es\/las-salas\/"},{"@type":"ListItem","position":3,"name":"Sala 90 &#8211; Caravaggio"}]},{"@type":"WebSite","@id":"https:\/\/www.visituffizi.org\/it\/#website","url":"https:\/\/www.visituffizi.org\/it\/","name":"Visit Uffizi","description":"Guide to Uffizi Museum in Florence","potentialAction":[{"@type":"SearchAction","target":{"@type":"EntryPoint","urlTemplate":"https:\/\/www.visituffizi.org\/it\/?s={search_term_string}"},"query-input":{"@type":"PropertyValueSpecification","valueRequired":true,"valueName":"search_term_string"}}],"inLanguage":"es"}]}},"_links":{"self":[{"href":"https:\/\/www.visituffizi.org\/es\/wp-json\/wp\/v2\/pages\/1705","targetHints":{"allow":["GET"]}}],"collection":[{"href":"https:\/\/www.visituffizi.org\/es\/wp-json\/wp\/v2\/pages"}],"about":[{"href":"https:\/\/www.visituffizi.org\/es\/wp-json\/wp\/v2\/types\/page"}],"author":[{"embeddable":true,"href":"https:\/\/www.visituffizi.org\/es\/wp-json\/wp\/v2\/users\/6"}],"replies":[{"embeddable":true,"href":"https:\/\/www.visituffizi.org\/es\/wp-json\/wp\/v2\/comments?post=1705"}],"version-history":[{"count":0,"href":"https:\/\/www.visituffizi.org\/es\/wp-json\/wp\/v2\/pages\/1705\/revisions"}],"up":[{"embeddable":true,"href":"https:\/\/www.visituffizi.org\/es\/wp-json\/wp\/v2\/pages\/1686"}],"wp:featuredmedia":[{"embeddable":true,"href":"https:\/\/www.visituffizi.org\/es\/wp-json\/wp\/v2\/media\/1078"}],"wp:attachment":[{"href":"https:\/\/www.visituffizi.org\/es\/wp-json\/wp\/v2\/media?parent=1705"}],"curies":[{"name":"wp","href":"https:\/\/api.w.org\/{rel}","templated":true}]}}