{"id":1706,"date":"2015-02-18T11:34:56","date_gmt":"2015-02-18T11:34:56","guid":{"rendered":"https:\/\/www.visituffizi.org\/?page_id=1706"},"modified":"2015-03-17T18:22:54","modified_gmt":"2015-03-17T18:22:54","slug":"corredores-y-estatuas","status":"publish","type":"page","link":"https:\/\/www.visituffizi.org\/es\/las-salas\/corredores-y-estatuas\/","title":{"rendered":"Corredores y Estatuas"},"content":{"rendered":"ngg_shortcode_0_placeholder\n<h1>Corredores y Estatuas<\/h1>\n<p><iframe loading=\"lazy\" src=\"https:\/\/maps.google.it\/maps?q=uffizi+gallery&amp;layer=c&amp;sll=43.767786,11.255311&amp;cid=14834496294842582221&amp;panoid=Y60wDw0pBcZxnsHBpcX3uQ&amp;cbp=13,283.36,,0,7.37&amp;hl=en&amp;ie=UTF8&amp;hq=uffizi+gallery&amp;hnear=&amp;ll=43.768065,11.254785&amp;spn=0.006295,0.006295&amp;t=m&amp;cbll=43.767762,11.255472&amp;source=embed&amp;output=svembed\" width=\"610\" height=\"400\" frameborder=\"0\" marginwidth=\"0\" marginheight=\"0\" scrolling=\"no\"><\/iframe><\/p>\n<p>La Galer\u00eda Uffizi, famosa por todo el mundo por sus magn\u00edficas pinturas, era llamada en el pasado la \u201c<strong>Galer\u00eda de las estatuas<\/strong>\u201d, dado que la primera colecci\u00f3n comprend\u00eda casi exclusivamente estatuas antiguas romanas y griegas.<\/p>\n<p>El inter\u00e9s de los Medici por las antig\u00fcedades se inici\u00f3 con el fundador de la familia Cosimo il Vecchio (Cosimo el Viejo en espa\u00f1ol) y\u00a0se hizo m\u00e1s grande a\u00f1o con a\u00f1o\u00a0hasta llegar a su\u00a0nieto Lorenzo el Magn\u00edfico, que enriqueci\u00f3 la colecci\u00f3n de la familia con nuevas estatuas y qui\u00e9n fund\u00f3, el \u201cJard\u00edn de San Marco\u201d, una especie de academia donde muchos escultores, incluido Miguel \u00c1ngel se habr\u00edan acercado a la escultura.<\/p>\n<p>Desafortunadamente, Lorenzo fue el \u00faltimo se\u00f1or de Florencia a ver una cierta estabilidad pol\u00edtica y, cuando su hijo Piero se vi\u00f3 obligado a escapar de la ciudad a causa de su mala administraci\u00f3n, muchas valiosas obras\u00a0fueron robadas, desaparecidas e incluso destruidas.<\/p>\n<p>Fue con Cosimo I, primer Gran Duque de Toscana, y sus hijos Francisco y Fernando, que el viejo inter\u00e9s por\u00a0coleccionar resurgi\u00f3 haciendo\u00a0nuevas adquisiciones importantes.<\/p>\n<p>Algunas de las famosas estatuas de la colecci\u00f3n de los Medici que podemos admirar todos los d\u00edas, son la espl\u00e9ndida <em>Venus,<\/em>\u00a0localizada\u00a0en la Tribuna, as\u00ed como tambi\u00e9n el llamado\u00a0<em>grupo<\/em>\u00a0<em>Niobe<\/em> para la que fue construida una sala especial.<\/p>\n<p>Muchas son las estatuas y bustos antiguos mostrados\u00a0a lo largo del corredor en forma de U en el \u00faltimo piso.<\/p>\n","protected":false},"excerpt":{"rendered":"<p>La Galer\u00eda Uffizi conocida en el pasado como la \u201cGaler\u00eda de las estatuas\u201d debido al inter\u00e9s de los Medici por las antig\u00fcedades. <\/p>\n","protected":false},"author":6,"featured_media":1030,"parent":1686,"menu_order":120,"comment_status":"open","ping_status":"closed","template":"","meta":{"ngg_post_thumbnail":0,"footnotes":""},"class_list":["post-1706","page","type-page","status-publish","has-post-thumbnail","hentry"],"yoast_head":"<!-- This site is optimized with the Yoast SEO plugin v27.4 - https:\/\/yoast.com\/product\/yoast-seo-wordpress\/ -->\n<title>Galer\u00eda Uffizi: El corredor de las estatuas<\/title>\n<meta name=\"description\" content=\"El corredor y una introduccion del inter\u00e9s de los Medici por las antig\u00fcedades.\" \/>\n<meta name=\"robots\" content=\"index, follow, max-snippet:-1, max-image-preview:large, max-video-preview:-1\" \/>\n<link rel=\"canonical\" href=\"https:\/\/www.visituffizi.org\/es\/las-salas\/corredores-y-estatuas\/\" \/>\n<meta property=\"og:locale\" content=\"es_ES\" \/>\n<meta property=\"og:type\" content=\"article\" \/>\n<meta property=\"og:title\" content=\"Galer\u00eda Uffizi: El corredor de las estatuas\" \/>\n<meta property=\"og:description\" content=\"El corredor y una introduccion del inter\u00e9s de los Medici por las antig\u00fcedades.\" \/>\n<meta property=\"og:url\" content=\"https:\/\/www.visituffizi.org\/es\/las-salas\/corredores-y-estatuas\/\" \/>\n<meta property=\"og:site_name\" content=\"Visit Uffizi\" \/>\n<meta property=\"article:modified_time\" content=\"2015-03-17T18:22:54+00:00\" \/>\n<meta property=\"og:image\" content=\"https:\/\/www.visituffizi.org\/wp-content\/uploads\/2013\/03\/second-corridor.jpg\" \/>\n\t<meta property=\"og:image:width\" content=\"1538\" \/>\n\t<meta property=\"og:image:height\" content=\"1028\" \/>\n\t<meta property=\"og:image:type\" content=\"image\/jpeg\" \/>\n<meta name=\"twitter:label1\" content=\"Tiempo de lectura\" \/>\n\t<meta name=\"twitter:data1\" content=\"1 minuto\" \/>\n<script type=\"application\/ld+json\" class=\"yoast-schema-graph\">{\"@context\":\"https:\\\/\\\/schema.org\",\"@graph\":[{\"@type\":\"WebPage\",\"@id\":\"https:\\\/\\\/www.visituffizi.org\\\/es\\\/las-salas\\\/corredores-y-estatuas\\\/\",\"url\":\"https:\\\/\\\/www.visituffizi.org\\\/es\\\/las-salas\\\/corredores-y-estatuas\\\/\",\"name\":\"Galer\u00eda Uffizi: El corredor de las estatuas\",\"isPartOf\":{\"@id\":\"https:\\\/\\\/www.visituffizi.org\\\/it\\\/#website\"},\"primaryImageOfPage\":{\"@id\":\"https:\\\/\\\/www.visituffizi.org\\\/es\\\/las-salas\\\/corredores-y-estatuas\\\/#primaryimage\"},\"image\":{\"@id\":\"https:\\\/\\\/www.visituffizi.org\\\/es\\\/las-salas\\\/corredores-y-estatuas\\\/#primaryimage\"},\"thumbnailUrl\":\"https:\\\/\\\/www.visituffizi.org\\\/wp-content\\\/uploads\\\/2013\\\/03\\\/second-corridor.jpg\",\"datePublished\":\"2015-02-18T11:34:56+00:00\",\"dateModified\":\"2015-03-17T18:22:54+00:00\",\"description\":\"El corredor y una introduccion del inter\u00e9s de los Medici por las antig\u00fcedades.\",\"breadcrumb\":{\"@id\":\"https:\\\/\\\/www.visituffizi.org\\\/es\\\/las-salas\\\/corredores-y-estatuas\\\/#breadcrumb\"},\"inLanguage\":\"es\",\"potentialAction\":[{\"@type\":\"ReadAction\",\"target\":[\"https:\\\/\\\/www.visituffizi.org\\\/es\\\/las-salas\\\/corredores-y-estatuas\\\/\"]}]},{\"@type\":\"ImageObject\",\"inLanguage\":\"es\",\"@id\":\"https:\\\/\\\/www.visituffizi.org\\\/es\\\/las-salas\\\/corredores-y-estatuas\\\/#primaryimage\",\"url\":\"https:\\\/\\\/www.visituffizi.org\\\/wp-content\\\/uploads\\\/2013\\\/03\\\/second-corridor.jpg\",\"contentUrl\":\"https:\\\/\\\/www.visituffizi.org\\\/wp-content\\\/uploads\\\/2013\\\/03\\\/second-corridor.jpg\",\"width\":1538,\"height\":1028},{\"@type\":\"BreadcrumbList\",\"@id\":\"https:\\\/\\\/www.visituffizi.org\\\/es\\\/las-salas\\\/corredores-y-estatuas\\\/#breadcrumb\",\"itemListElement\":[{\"@type\":\"ListItem\",\"position\":1,\"name\":\"Home\",\"item\":\"https:\\\/\\\/www.visituffizi.org\\\/es\\\/\"},{\"@type\":\"ListItem\",\"position\":2,\"name\":\"Las Salas\",\"item\":\"https:\\\/\\\/www.visituffizi.org\\\/es\\\/las-salas\\\/\"},{\"@type\":\"ListItem\",\"position\":3,\"name\":\"Corredores y Estatuas\"}]},{\"@type\":\"WebSite\",\"@id\":\"https:\\\/\\\/www.visituffizi.org\\\/it\\\/#website\",\"url\":\"https:\\\/\\\/www.visituffizi.org\\\/it\\\/\",\"name\":\"Visit Uffizi\",\"description\":\"Guide to Uffizi Museum in Florence\",\"potentialAction\":[{\"@type\":\"SearchAction\",\"target\":{\"@type\":\"EntryPoint\",\"urlTemplate\":\"https:\\\/\\\/www.visituffizi.org\\\/it\\\/?s={search_term_string}\"},\"query-input\":{\"@type\":\"PropertyValueSpecification\",\"valueRequired\":true,\"valueName\":\"search_term_string\"}}],\"inLanguage\":\"es\"}]}<\/script>\n<!-- \/ Yoast SEO plugin. -->","yoast_head_json":{"title":"Galer\u00eda Uffizi: El corredor de las estatuas","description":"El corredor y una introduccion del inter\u00e9s de los Medici por las antig\u00fcedades.","robots":{"index":"index","follow":"follow","max-snippet":"max-snippet:-1","max-image-preview":"max-image-preview:large","max-video-preview":"max-video-preview:-1"},"canonical":"https:\/\/www.visituffizi.org\/es\/las-salas\/corredores-y-estatuas\/","og_locale":"es_ES","og_type":"article","og_title":"Galer\u00eda Uffizi: El corredor de las estatuas","og_description":"El corredor y una introduccion del inter\u00e9s de los Medici por las antig\u00fcedades.","og_url":"https:\/\/www.visituffizi.org\/es\/las-salas\/corredores-y-estatuas\/","og_site_name":"Visit Uffizi","article_modified_time":"2015-03-17T18:22:54+00:00","og_image":[{"width":1538,"height":1028,"url":"https:\/\/www.visituffizi.org\/wp-content\/uploads\/2013\/03\/second-corridor.jpg","type":"image\/jpeg"}],"twitter_misc":{"Tiempo de lectura":"1 minuto"},"schema":{"@context":"https:\/\/schema.org","@graph":[{"@type":"WebPage","@id":"https:\/\/www.visituffizi.org\/es\/las-salas\/corredores-y-estatuas\/","url":"https:\/\/www.visituffizi.org\/es\/las-salas\/corredores-y-estatuas\/","name":"Galer\u00eda Uffizi: El corredor de las estatuas","isPartOf":{"@id":"https:\/\/www.visituffizi.org\/it\/#website"},"primaryImageOfPage":{"@id":"https:\/\/www.visituffizi.org\/es\/las-salas\/corredores-y-estatuas\/#primaryimage"},"image":{"@id":"https:\/\/www.visituffizi.org\/es\/las-salas\/corredores-y-estatuas\/#primaryimage"},"thumbnailUrl":"https:\/\/www.visituffizi.org\/wp-content\/uploads\/2013\/03\/second-corridor.jpg","datePublished":"2015-02-18T11:34:56+00:00","dateModified":"2015-03-17T18:22:54+00:00","description":"El corredor y una introduccion del inter\u00e9s de los Medici por las antig\u00fcedades.","breadcrumb":{"@id":"https:\/\/www.visituffizi.org\/es\/las-salas\/corredores-y-estatuas\/#breadcrumb"},"inLanguage":"es","potentialAction":[{"@type":"ReadAction","target":["https:\/\/www.visituffizi.org\/es\/las-salas\/corredores-y-estatuas\/"]}]},{"@type":"ImageObject","inLanguage":"es","@id":"https:\/\/www.visituffizi.org\/es\/las-salas\/corredores-y-estatuas\/#primaryimage","url":"https:\/\/www.visituffizi.org\/wp-content\/uploads\/2013\/03\/second-corridor.jpg","contentUrl":"https:\/\/www.visituffizi.org\/wp-content\/uploads\/2013\/03\/second-corridor.jpg","width":1538,"height":1028},{"@type":"BreadcrumbList","@id":"https:\/\/www.visituffizi.org\/es\/las-salas\/corredores-y-estatuas\/#breadcrumb","itemListElement":[{"@type":"ListItem","position":1,"name":"Home","item":"https:\/\/www.visituffizi.org\/es\/"},{"@type":"ListItem","position":2,"name":"Las Salas","item":"https:\/\/www.visituffizi.org\/es\/las-salas\/"},{"@type":"ListItem","position":3,"name":"Corredores y Estatuas"}]},{"@type":"WebSite","@id":"https:\/\/www.visituffizi.org\/it\/#website","url":"https:\/\/www.visituffizi.org\/it\/","name":"Visit Uffizi","description":"Guide to Uffizi Museum in Florence","potentialAction":[{"@type":"SearchAction","target":{"@type":"EntryPoint","urlTemplate":"https:\/\/www.visituffizi.org\/it\/?s={search_term_string}"},"query-input":{"@type":"PropertyValueSpecification","valueRequired":true,"valueName":"search_term_string"}}],"inLanguage":"es"}]}},"_links":{"self":[{"href":"https:\/\/www.visituffizi.org\/es\/wp-json\/wp\/v2\/pages\/1706","targetHints":{"allow":["GET"]}}],"collection":[{"href":"https:\/\/www.visituffizi.org\/es\/wp-json\/wp\/v2\/pages"}],"about":[{"href":"https:\/\/www.visituffizi.org\/es\/wp-json\/wp\/v2\/types\/page"}],"author":[{"embeddable":true,"href":"https:\/\/www.visituffizi.org\/es\/wp-json\/wp\/v2\/users\/6"}],"replies":[{"embeddable":true,"href":"https:\/\/www.visituffizi.org\/es\/wp-json\/wp\/v2\/comments?post=1706"}],"version-history":[{"count":0,"href":"https:\/\/www.visituffizi.org\/es\/wp-json\/wp\/v2\/pages\/1706\/revisions"}],"up":[{"embeddable":true,"href":"https:\/\/www.visituffizi.org\/es\/wp-json\/wp\/v2\/pages\/1686"}],"wp:featuredmedia":[{"embeddable":true,"href":"https:\/\/www.visituffizi.org\/es\/wp-json\/wp\/v2\/media\/1030"}],"wp:attachment":[{"href":"https:\/\/www.visituffizi.org\/es\/wp-json\/wp\/v2\/media?parent=1706"}],"curies":[{"name":"wp","href":"https:\/\/api.w.org\/{rel}","templated":true}]}}