{"id":1707,"date":"2015-02-16T18:25:16","date_gmt":"2015-02-16T18:25:16","guid":{"rendered":"https:\/\/www.visituffizi.org\/?page_id=1707"},"modified":"2015-07-15T18:07:30","modified_gmt":"2015-07-15T18:07:30","slug":"itinerarios","status":"publish","type":"page","link":"https:\/\/www.visituffizi.org\/es\/itinerarios\/","title":{"rendered":"Itinerarios"},"content":{"rendered":"ngg_shortcode_0_placeholder\n<h1>Itinerarios para visitar la Galer\u00eda Uffizi<\/h1>\n<p>Las colecciones de la Galer\u00eda\u00a0son bastas y ricas. Podr\u00edas pasar un d\u00eda entero visitando el museo, pero es probable que no dispongas de tanto tiempo.<\/p>\n<p>En la parte inferior publicaremos varias sugerencias de itinerarios que te podr\u00e1n guiar en tu visita por el museo, por tema, as\u00ed como por tiempo. \u00a1Mantente\u00a0al tanto de las nuevas adiciones pronto!<\/p>\n","protected":false},"excerpt":{"rendered":"<p>Itinerarios para visitar la Galer\u00eda Uffizi Las colecciones de la Galer\u00eda\u00a0son bastas y ricas. Podr\u00edas pasar un d\u00eda entero visitando el museo, pero es probable que no dispongas de tanto tiempo. En la parte inferior publicaremos varias sugerencias de itinerarios que te podr\u00e1n guiar en tu visita por el museo, por tema, as\u00ed como por [&hellip;]<\/p>\n","protected":false},"author":6,"featured_media":0,"parent":0,"menu_order":0,"comment_status":"open","ping_status":"closed","template":"page_children.php","meta":{"ngg_post_thumbnail":0,"footnotes":""},"class_list":["post-1707","page","type-page","status-publish","hentry"],"yoast_head":"<!-- This site is optimized with the Yoast SEO plugin v27.4 - https:\/\/yoast.com\/product\/yoast-seo-wordpress\/ -->\n<title>Itinerarios para los Uffizi para personas con poco tiempo a disposici\u00f3n<\/title>\n<meta name=\"description\" content=\"La colecci\u00f3n en la Galeria de los Uffizi es muy basta y rica, aqu\u00ed te presentamos algunos itinerarios a trav\u00e9s de las diferentes salas del museo.\" \/>\n<meta name=\"robots\" content=\"index, follow, max-snippet:-1, max-image-preview:large, max-video-preview:-1\" \/>\n<link rel=\"canonical\" href=\"https:\/\/www.visituffizi.org\/es\/itinerarios\/\" \/>\n<meta property=\"og:locale\" content=\"es_ES\" \/>\n<meta property=\"og:type\" content=\"article\" \/>\n<meta property=\"og:title\" content=\"Itinerarios para los Uffizi para personas con poco tiempo a disposici\u00f3n\" \/>\n<meta property=\"og:description\" content=\"La colecci\u00f3n en la Galeria de los Uffizi es muy basta y rica, aqu\u00ed te presentamos algunos itinerarios a trav\u00e9s de las diferentes salas del museo.\" \/>\n<meta property=\"og:url\" content=\"https:\/\/www.visituffizi.org\/es\/itinerarios\/\" \/>\n<meta property=\"og:site_name\" content=\"Visit Uffizi\" \/>\n<meta property=\"article:modified_time\" content=\"2015-07-15T18:07:30+00:00\" \/>\n<script type=\"application\/ld+json\" class=\"yoast-schema-graph\">{\"@context\":\"https:\\\/\\\/schema.org\",\"@graph\":[{\"@type\":\"WebPage\",\"@id\":\"https:\\\/\\\/www.visituffizi.org\\\/es\\\/itinerarios\\\/\",\"url\":\"https:\\\/\\\/www.visituffizi.org\\\/es\\\/itinerarios\\\/\",\"name\":\"Itinerarios para los Uffizi para personas con poco tiempo a disposici\u00f3n\",\"isPartOf\":{\"@id\":\"https:\\\/\\\/www.visituffizi.org\\\/it\\\/#website\"},\"datePublished\":\"2015-02-16T18:25:16+00:00\",\"dateModified\":\"2015-07-15T18:07:30+00:00\",\"description\":\"La colecci\u00f3n en la Galeria de los Uffizi es muy basta y rica, aqu\u00ed te presentamos algunos itinerarios a trav\u00e9s de las diferentes salas del museo.\",\"breadcrumb\":{\"@id\":\"https:\\\/\\\/www.visituffizi.org\\\/es\\\/itinerarios\\\/#breadcrumb\"},\"inLanguage\":\"es\",\"potentialAction\":[{\"@type\":\"ReadAction\",\"target\":[\"https:\\\/\\\/www.visituffizi.org\\\/es\\\/itinerarios\\\/\"]}]},{\"@type\":\"BreadcrumbList\",\"@id\":\"https:\\\/\\\/www.visituffizi.org\\\/es\\\/itinerarios\\\/#breadcrumb\",\"itemListElement\":[{\"@type\":\"ListItem\",\"position\":1,\"name\":\"Home\",\"item\":\"https:\\\/\\\/www.visituffizi.org\\\/es\\\/\"},{\"@type\":\"ListItem\",\"position\":2,\"name\":\"Itinerarios\"}]},{\"@type\":\"WebSite\",\"@id\":\"https:\\\/\\\/www.visituffizi.org\\\/it\\\/#website\",\"url\":\"https:\\\/\\\/www.visituffizi.org\\\/it\\\/\",\"name\":\"Visit Uffizi\",\"description\":\"Guide to Uffizi Museum in Florence\",\"potentialAction\":[{\"@type\":\"SearchAction\",\"target\":{\"@type\":\"EntryPoint\",\"urlTemplate\":\"https:\\\/\\\/www.visituffizi.org\\\/it\\\/?s={search_term_string}\"},\"query-input\":{\"@type\":\"PropertyValueSpecification\",\"valueRequired\":true,\"valueName\":\"search_term_string\"}}],\"inLanguage\":\"es\"}]}<\/script>\n<!-- \/ Yoast SEO plugin. -->","yoast_head_json":{"title":"Itinerarios para los Uffizi para personas con poco tiempo a disposici\u00f3n","description":"La colecci\u00f3n en la Galeria de los Uffizi es muy basta y rica, aqu\u00ed te presentamos algunos itinerarios a trav\u00e9s de las diferentes salas del museo.","robots":{"index":"index","follow":"follow","max-snippet":"max-snippet:-1","max-image-preview":"max-image-preview:large","max-video-preview":"max-video-preview:-1"},"canonical":"https:\/\/www.visituffizi.org\/es\/itinerarios\/","og_locale":"es_ES","og_type":"article","og_title":"Itinerarios para los Uffizi para personas con poco tiempo a disposici\u00f3n","og_description":"La colecci\u00f3n en la Galeria de los Uffizi es muy basta y rica, aqu\u00ed te presentamos algunos itinerarios a trav\u00e9s de las diferentes salas del museo.","og_url":"https:\/\/www.visituffizi.org\/es\/itinerarios\/","og_site_name":"Visit Uffizi","article_modified_time":"2015-07-15T18:07:30+00:00","schema":{"@context":"https:\/\/schema.org","@graph":[{"@type":"WebPage","@id":"https:\/\/www.visituffizi.org\/es\/itinerarios\/","url":"https:\/\/www.visituffizi.org\/es\/itinerarios\/","name":"Itinerarios para los Uffizi para personas con poco tiempo a disposici\u00f3n","isPartOf":{"@id":"https:\/\/www.visituffizi.org\/it\/#website"},"datePublished":"2015-02-16T18:25:16+00:00","dateModified":"2015-07-15T18:07:30+00:00","description":"La colecci\u00f3n en la Galeria de los Uffizi es muy basta y rica, aqu\u00ed te presentamos algunos itinerarios a trav\u00e9s de las diferentes salas del museo.","breadcrumb":{"@id":"https:\/\/www.visituffizi.org\/es\/itinerarios\/#breadcrumb"},"inLanguage":"es","potentialAction":[{"@type":"ReadAction","target":["https:\/\/www.visituffizi.org\/es\/itinerarios\/"]}]},{"@type":"BreadcrumbList","@id":"https:\/\/www.visituffizi.org\/es\/itinerarios\/#breadcrumb","itemListElement":[{"@type":"ListItem","position":1,"name":"Home","item":"https:\/\/www.visituffizi.org\/es\/"},{"@type":"ListItem","position":2,"name":"Itinerarios"}]},{"@type":"WebSite","@id":"https:\/\/www.visituffizi.org\/it\/#website","url":"https:\/\/www.visituffizi.org\/it\/","name":"Visit Uffizi","description":"Guide to Uffizi Museum in Florence","potentialAction":[{"@type":"SearchAction","target":{"@type":"EntryPoint","urlTemplate":"https:\/\/www.visituffizi.org\/it\/?s={search_term_string}"},"query-input":{"@type":"PropertyValueSpecification","valueRequired":true,"valueName":"search_term_string"}}],"inLanguage":"es"}]}},"_links":{"self":[{"href":"https:\/\/www.visituffizi.org\/es\/wp-json\/wp\/v2\/pages\/1707","targetHints":{"allow":["GET"]}}],"collection":[{"href":"https:\/\/www.visituffizi.org\/es\/wp-json\/wp\/v2\/pages"}],"about":[{"href":"https:\/\/www.visituffizi.org\/es\/wp-json\/wp\/v2\/types\/page"}],"author":[{"embeddable":true,"href":"https:\/\/www.visituffizi.org\/es\/wp-json\/wp\/v2\/users\/6"}],"replies":[{"embeddable":true,"href":"https:\/\/www.visituffizi.org\/es\/wp-json\/wp\/v2\/comments?post=1707"}],"version-history":[{"count":0,"href":"https:\/\/www.visituffizi.org\/es\/wp-json\/wp\/v2\/pages\/1707\/revisions"}],"wp:attachment":[{"href":"https:\/\/www.visituffizi.org\/es\/wp-json\/wp\/v2\/media?parent=1707"}],"curies":[{"name":"wp","href":"https:\/\/api.w.org\/{rel}","templated":true}]}}