{"id":1708,"date":"2015-02-17T21:46:59","date_gmt":"2015-02-17T21:46:59","guid":{"rendered":"https:\/\/www.visituffizi.org\/?page_id=1708"},"modified":"2025-11-05T10:26:26","modified_gmt":"2025-11-05T10:26:26","slug":"hospedaje-cerca-de-la-galeria-uffizi","status":"publish","type":"page","link":"https:\/\/www.visituffizi.org\/es\/hospedaje-cerca-de-la-galeria-uffizi\/","title":{"rendered":"Hospedaje cerca de la Galer\u00eda Uffizi"},"content":{"rendered":"ngg_shortcode_0_placeholder\n\n\n\n<p>La Galer\u00eda de los Uffizi se encuentra en el centro de la ciudad de Florencia, por lo que es f\u00e1cil encontrar hoteles, apartamentos y casas de hu\u00e9spedes B&amp;B en la misma \u00e1rea.<\/p>\n\n\n\n<p>Si buscas alojamiento cerca de los Uffizi, <a href=\"https:\/\/booking.stay22.com\/webpro\/BZLPmCboWR\">aqu\u00ed tienes una lista de los mejores.<\/a><\/p>\n\n\n\n<iframe loading=\"lazy\" id=\"stay22-widget\" width=\"100%\" height=\"428\" src=\"https:\/\/www.stay22.com\/embed\/690b1c8f51e6f14215c90243\" frameborder=\"0\"><\/iframe>\n\n\n\n\n<p><\/p>\n","protected":false},"excerpt":{"rendered":"<p>La Galer\u00eda de los Uffizi se encuentra en el centro de la ciudad de Florencia, por lo que es f\u00e1cil encontrar hoteles, apartamentos y casas de hu\u00e9spedes B&amp;B en la misma \u00e1rea. Si buscas alojamiento cerca de los Uffizi, aqu\u00ed tienes una lista de los mejores.<\/p>\n","protected":false},"author":6,"featured_media":0,"parent":0,"menu_order":6,"comment_status":"open","ping_status":"closed","template":"","meta":{"ngg_post_thumbnail":0,"footnotes":""},"class_list":["post-1708","page","type-page","status-publish","hentry"],"yoast_head":"<!-- This site is optimized with the Yoast SEO plugin v27.4 - https:\/\/yoast.com\/product\/yoast-seo-wordpress\/ -->\n<title>Hospedaje en el centro hist\u00f3rico de Florencia<\/title>\n<meta name=\"description\" content=\"Si estas interesado en hospedarte ya sea en el centro de Florencia o sus alrededores te proponemos magn\u00edficas opciones solo echa un vistazo a la p\u00e1gina.\" \/>\n<meta name=\"robots\" content=\"index, follow, max-snippet:-1, max-image-preview:large, max-video-preview:-1\" \/>\n<link rel=\"canonical\" href=\"https:\/\/www.visituffizi.org\/es\/hospedaje-cerca-de-la-galeria-uffizi\/\" \/>\n<meta property=\"og:locale\" content=\"es_ES\" \/>\n<meta property=\"og:type\" content=\"article\" \/>\n<meta property=\"og:title\" content=\"Hospedaje en el centro hist\u00f3rico de Florencia\" \/>\n<meta property=\"og:description\" content=\"Si estas interesado en hospedarte ya sea en el centro de Florencia o sus alrededores te proponemos magn\u00edficas opciones solo echa un vistazo a la p\u00e1gina.\" \/>\n<meta property=\"og:url\" content=\"https:\/\/www.visituffizi.org\/es\/hospedaje-cerca-de-la-galeria-uffizi\/\" \/>\n<meta property=\"og:site_name\" content=\"Visit Uffizi\" \/>\n<meta property=\"article:modified_time\" content=\"2025-11-05T10:26:26+00:00\" \/>\n<meta name=\"twitter:label1\" content=\"Tiempo de lectura\" \/>\n\t<meta name=\"twitter:data1\" content=\"1 minuto\" \/>\n<script type=\"application\/ld+json\" class=\"yoast-schema-graph\">{\"@context\":\"https:\\\/\\\/schema.org\",\"@graph\":[{\"@type\":\"WebPage\",\"@id\":\"https:\\\/\\\/www.visituffizi.org\\\/es\\\/hospedaje-cerca-de-la-galeria-uffizi\\\/\",\"url\":\"https:\\\/\\\/www.visituffizi.org\\\/es\\\/hospedaje-cerca-de-la-galeria-uffizi\\\/\",\"name\":\"Hospedaje en el centro hist\u00f3rico de Florencia\",\"isPartOf\":{\"@id\":\"https:\\\/\\\/www.visituffizi.org\\\/it\\\/#website\"},\"datePublished\":\"2015-02-17T21:46:59+00:00\",\"dateModified\":\"2025-11-05T10:26:26+00:00\",\"description\":\"Si estas interesado en hospedarte ya sea en el centro de Florencia o sus alrededores te proponemos magn\u00edficas opciones solo echa un vistazo a la p\u00e1gina.\",\"breadcrumb\":{\"@id\":\"https:\\\/\\\/www.visituffizi.org\\\/es\\\/hospedaje-cerca-de-la-galeria-uffizi\\\/#breadcrumb\"},\"inLanguage\":\"es\",\"potentialAction\":[{\"@type\":\"ReadAction\",\"target\":[\"https:\\\/\\\/www.visituffizi.org\\\/es\\\/hospedaje-cerca-de-la-galeria-uffizi\\\/\"]}]},{\"@type\":\"BreadcrumbList\",\"@id\":\"https:\\\/\\\/www.visituffizi.org\\\/es\\\/hospedaje-cerca-de-la-galeria-uffizi\\\/#breadcrumb\",\"itemListElement\":[{\"@type\":\"ListItem\",\"position\":1,\"name\":\"Home\",\"item\":\"https:\\\/\\\/www.visituffizi.org\\\/es\\\/\"},{\"@type\":\"ListItem\",\"position\":2,\"name\":\"Hospedaje cerca de la Galer\u00eda Uffizi\"}]},{\"@type\":\"WebSite\",\"@id\":\"https:\\\/\\\/www.visituffizi.org\\\/it\\\/#website\",\"url\":\"https:\\\/\\\/www.visituffizi.org\\\/it\\\/\",\"name\":\"Visit Uffizi\",\"description\":\"Guide to Uffizi Museum in Florence\",\"potentialAction\":[{\"@type\":\"SearchAction\",\"target\":{\"@type\":\"EntryPoint\",\"urlTemplate\":\"https:\\\/\\\/www.visituffizi.org\\\/it\\\/?s={search_term_string}\"},\"query-input\":{\"@type\":\"PropertyValueSpecification\",\"valueRequired\":true,\"valueName\":\"search_term_string\"}}],\"inLanguage\":\"es\"}]}<\/script>\n<!-- \/ Yoast SEO plugin. -->","yoast_head_json":{"title":"Hospedaje en el centro hist\u00f3rico de Florencia","description":"Si estas interesado en hospedarte ya sea en el centro de Florencia o sus alrededores te proponemos magn\u00edficas opciones solo echa un vistazo a la p\u00e1gina.","robots":{"index":"index","follow":"follow","max-snippet":"max-snippet:-1","max-image-preview":"max-image-preview:large","max-video-preview":"max-video-preview:-1"},"canonical":"https:\/\/www.visituffizi.org\/es\/hospedaje-cerca-de-la-galeria-uffizi\/","og_locale":"es_ES","og_type":"article","og_title":"Hospedaje en el centro hist\u00f3rico de Florencia","og_description":"Si estas interesado en hospedarte ya sea en el centro de Florencia o sus alrededores te proponemos magn\u00edficas opciones solo echa un vistazo a la p\u00e1gina.","og_url":"https:\/\/www.visituffizi.org\/es\/hospedaje-cerca-de-la-galeria-uffizi\/","og_site_name":"Visit Uffizi","article_modified_time":"2025-11-05T10:26:26+00:00","twitter_misc":{"Tiempo de lectura":"1 minuto"},"schema":{"@context":"https:\/\/schema.org","@graph":[{"@type":"WebPage","@id":"https:\/\/www.visituffizi.org\/es\/hospedaje-cerca-de-la-galeria-uffizi\/","url":"https:\/\/www.visituffizi.org\/es\/hospedaje-cerca-de-la-galeria-uffizi\/","name":"Hospedaje en el centro hist\u00f3rico de Florencia","isPartOf":{"@id":"https:\/\/www.visituffizi.org\/it\/#website"},"datePublished":"2015-02-17T21:46:59+00:00","dateModified":"2025-11-05T10:26:26+00:00","description":"Si estas interesado en hospedarte ya sea en el centro de Florencia o sus alrededores te proponemos magn\u00edficas opciones solo echa un vistazo a la p\u00e1gina.","breadcrumb":{"@id":"https:\/\/www.visituffizi.org\/es\/hospedaje-cerca-de-la-galeria-uffizi\/#breadcrumb"},"inLanguage":"es","potentialAction":[{"@type":"ReadAction","target":["https:\/\/www.visituffizi.org\/es\/hospedaje-cerca-de-la-galeria-uffizi\/"]}]},{"@type":"BreadcrumbList","@id":"https:\/\/www.visituffizi.org\/es\/hospedaje-cerca-de-la-galeria-uffizi\/#breadcrumb","itemListElement":[{"@type":"ListItem","position":1,"name":"Home","item":"https:\/\/www.visituffizi.org\/es\/"},{"@type":"ListItem","position":2,"name":"Hospedaje cerca de la Galer\u00eda Uffizi"}]},{"@type":"WebSite","@id":"https:\/\/www.visituffizi.org\/it\/#website","url":"https:\/\/www.visituffizi.org\/it\/","name":"Visit Uffizi","description":"Guide to Uffizi Museum in Florence","potentialAction":[{"@type":"SearchAction","target":{"@type":"EntryPoint","urlTemplate":"https:\/\/www.visituffizi.org\/it\/?s={search_term_string}"},"query-input":{"@type":"PropertyValueSpecification","valueRequired":true,"valueName":"search_term_string"}}],"inLanguage":"es"}]}},"_links":{"self":[{"href":"https:\/\/www.visituffizi.org\/es\/wp-json\/wp\/v2\/pages\/1708","targetHints":{"allow":["GET"]}}],"collection":[{"href":"https:\/\/www.visituffizi.org\/es\/wp-json\/wp\/v2\/pages"}],"about":[{"href":"https:\/\/www.visituffizi.org\/es\/wp-json\/wp\/v2\/types\/page"}],"author":[{"embeddable":true,"href":"https:\/\/www.visituffizi.org\/es\/wp-json\/wp\/v2\/users\/6"}],"replies":[{"embeddable":true,"href":"https:\/\/www.visituffizi.org\/es\/wp-json\/wp\/v2\/comments?post=1708"}],"version-history":[{"count":0,"href":"https:\/\/www.visituffizi.org\/es\/wp-json\/wp\/v2\/pages\/1708\/revisions"}],"wp:attachment":[{"href":"https:\/\/www.visituffizi.org\/es\/wp-json\/wp\/v2\/media?parent=1708"}],"curies":[{"name":"wp","href":"https:\/\/api.w.org\/{rel}","templated":true}]}}