{"id":1713,"date":"2015-02-18T15:29:45","date_gmt":"2015-02-18T15:29:45","guid":{"rendered":"https:\/\/www.visituffizi.org\/?page_id=1713"},"modified":"2015-03-22T11:55:49","modified_gmt":"2015-03-22T11:55:49","slug":"la-maesta-di-ognissanti-de-giotto","status":"publish","type":"page","link":"https:\/\/www.visituffizi.org\/es\/obras-de-arte\/la-maesta-di-ognissanti-de-giotto\/","title":{"rendered":"La Maest\u00e0 di Ognissanti de Giotto"},"content":{"rendered":"ngg_shortcode_0_placeholder\n<h1>La Maest\u00e0 di Ognissanti\u00a0de Giotto<\/h1>\n<p><img decoding=\"async\" class=\"right noborder\" src=\"https:\/\/www.visituffizi.org\/img\/artworks\/ognissanti-giotto.jpg\" alt=\"The Ognissanti Madonna by Giotto\" \/><\/p>\n<p>Este gran retablo pintado por <strong>Giotto<\/strong> en <strong>1310<\/strong> aprox., es un hito importante en la historia del arte. Fue pintada para la iglesia florentina de <strong>Ognissanti<\/strong> (todos los santos), de ah\u00ed el nombre.<\/p>\n<p>Antes de Giotto, la pintura estaba a\u00fan atada al estilo bizantino y a sus esquemas arcaicos. Las figuras a menudo eran r\u00edgidas, bidimensionales y carentes de participaci\u00f3n afectiva. Giotto rompe con esta tradici\u00f3n revolucionando el modo de pintar y de representar a los hombres. Sin Giotto no habr\u00eda podido nacer este movimiento cultural, filos\u00f3fico y art\u00edstico que hoy todos llamamos <strong>Renacimiento<\/strong>.<\/p>\n<p>Por primera vez en la historia de la pintura occidental la Virgen y el Ni\u00f1o aparecen inseridos en un espacio bien definido, lo que da una idea de un ambiente real. Mar\u00eda est\u00e1 sentada en un trono que parece haber sido dise\u00f1ado con una perspectiva en mente, transmitiendo la idea de un entorno real. Los pliegues en los vestidos delinean el volumen de los cuerpos. Las figuras son verdaderas, m\u00e1s humanas no se representan en manera plana como si fueran marionetas (aunque lo son). Basta observar\u00a0los \u00e1ngeles en primer plano que cantan en manera realista, o la mano de la Virgen que sujeta al ni\u00f1o como\u00a0una verdadera madre lo har\u00eda.<\/p>\n<p>El estilo de Giotto representa una verdadera innovaci\u00f3n en la manera de pintar hecho hasta entonces. Aunque algunos elementos\u00a0 todav\u00eda recuerdan los m\u00e9todos tradicionales, como el fondo de oro o la jerarqu\u00eda de las figuras (la Virgen y el Ni\u00f1o m\u00e1s grandes\u00a0mientras los \u00e1ngeles en comparaci\u00f3n son\u00a0m\u00e1s peque\u00f1os), el nuevo valor dado a las figuras humanas y a su reporte con el espacio circundante, hacen de esta obra un ejemplo importante del <strong>nuevo curso de la pintura del siglo XIV<\/strong>.<\/p>\n<p>Si bien la perspectiva de Giotto era intuitiva, no cient\u00edfica como aquella desarrollada en el siglo XV, la revoluci\u00f3n que tiene lugar durante los pr\u00f3ximos cien a\u00f1os y conocido como Renacimiento se debe en gran parte\u00a0a este gran maestro.<\/p>\n<p>La Maest\u00e0 di Ognissanti\u00a0de Giotto se encuentra en la <a href=\"https:\/\/www.visituffizi.org\/es\/las-salas\/sala-2-giotto-y-el-siglo-xiii\/\">Sala\u00a02 de Giotto y el siglo XIII<\/a>.<\/p>\n","protected":false},"excerpt":{"rendered":"<p>Realizada por Giotto en 1310, representa una verdadera innovaci\u00f3n en la manera de pintar, figuras m\u00e1s humanas, perspectiva intuitiva y el reporte con el espacio circundante hacen de esta obra un ejemplo en el nuevo curso de la pintura del siglo XIV.<\/p>\n","protected":false},"author":6,"featured_media":1017,"parent":1690,"menu_order":1,"comment_status":"open","ping_status":"open","template":"","meta":{"ngg_post_thumbnail":0,"footnotes":""},"class_list":["post-1713","page","type-page","status-publish","has-post-thumbnail","hentry"],"yoast_head":"<!-- This site is optimized with the Yoast SEO plugin v27.4 - https:\/\/yoast.com\/product\/yoast-seo-wordpress\/ -->\n<title>Maest\u00e0 di Ognissanti de Giotto en la Galer\u00eda Uffizi en Florencia<\/title>\n<meta name=\"description\" content=\"La Maest\u00e0 de Ognissanti o Madonna di Oggisanti de Giotto muestra los primeros cambios en la pintura que dieron lugar al Renacentismo en el siglo XIV\" \/>\n<meta name=\"robots\" content=\"index, follow, max-snippet:-1, max-image-preview:large, max-video-preview:-1\" \/>\n<link rel=\"canonical\" href=\"https:\/\/www.visituffizi.org\/es\/obras-de-arte\/la-maesta-di-ognissanti-de-giotto\/\" \/>\n<meta property=\"og:locale\" content=\"es_ES\" \/>\n<meta property=\"og:type\" content=\"article\" \/>\n<meta property=\"og:title\" content=\"Maest\u00e0 di Ognissanti de Giotto en la Galer\u00eda Uffizi en Florencia\" \/>\n<meta property=\"og:description\" content=\"La Maest\u00e0 de Ognissanti o Madonna di Oggisanti de Giotto muestra los primeros cambios en la pintura que dieron lugar al Renacentismo en el siglo XIV\" \/>\n<meta property=\"og:url\" content=\"https:\/\/www.visituffizi.org\/es\/obras-de-arte\/la-maesta-di-ognissanti-de-giotto\/\" \/>\n<meta property=\"og:site_name\" content=\"Visit Uffizi\" \/>\n<meta property=\"article:modified_time\" content=\"2015-03-22T11:55:49+00:00\" \/>\n<meta property=\"og:image\" content=\"https:\/\/www.visituffizi.org\/wp-content\/uploads\/2013\/03\/ognissanti-giotto.jpg\" \/>\n\t<meta property=\"og:image:width\" content=\"389\" \/>\n\t<meta property=\"og:image:height\" content=\"600\" \/>\n\t<meta property=\"og:image:type\" content=\"image\/jpeg\" \/>\n<meta name=\"twitter:label1\" content=\"Tiempo de lectura\" \/>\n\t<meta name=\"twitter:data1\" content=\"2 minutos\" \/>\n<script type=\"application\/ld+json\" class=\"yoast-schema-graph\">{\"@context\":\"https:\\\/\\\/schema.org\",\"@graph\":[{\"@type\":\"WebPage\",\"@id\":\"https:\\\/\\\/www.visituffizi.org\\\/es\\\/obras-de-arte\\\/la-maesta-di-ognissanti-de-giotto\\\/\",\"url\":\"https:\\\/\\\/www.visituffizi.org\\\/es\\\/obras-de-arte\\\/la-maesta-di-ognissanti-de-giotto\\\/\",\"name\":\"Maest\u00e0 di Ognissanti de Giotto en la Galer\u00eda Uffizi en Florencia\",\"isPartOf\":{\"@id\":\"https:\\\/\\\/www.visituffizi.org\\\/it\\\/#website\"},\"primaryImageOfPage\":{\"@id\":\"https:\\\/\\\/www.visituffizi.org\\\/es\\\/obras-de-arte\\\/la-maesta-di-ognissanti-de-giotto\\\/#primaryimage\"},\"image\":{\"@id\":\"https:\\\/\\\/www.visituffizi.org\\\/es\\\/obras-de-arte\\\/la-maesta-di-ognissanti-de-giotto\\\/#primaryimage\"},\"thumbnailUrl\":\"https:\\\/\\\/www.visituffizi.org\\\/wp-content\\\/uploads\\\/2013\\\/03\\\/ognissanti-giotto.jpg\",\"datePublished\":\"2015-02-18T15:29:45+00:00\",\"dateModified\":\"2015-03-22T11:55:49+00:00\",\"description\":\"La Maest\u00e0 de Ognissanti o Madonna di Oggisanti de Giotto muestra los primeros cambios en la pintura que dieron lugar al Renacentismo en el siglo XIV\",\"breadcrumb\":{\"@id\":\"https:\\\/\\\/www.visituffizi.org\\\/es\\\/obras-de-arte\\\/la-maesta-di-ognissanti-de-giotto\\\/#breadcrumb\"},\"inLanguage\":\"es\",\"potentialAction\":[{\"@type\":\"ReadAction\",\"target\":[\"https:\\\/\\\/www.visituffizi.org\\\/es\\\/obras-de-arte\\\/la-maesta-di-ognissanti-de-giotto\\\/\"]}]},{\"@type\":\"ImageObject\",\"inLanguage\":\"es\",\"@id\":\"https:\\\/\\\/www.visituffizi.org\\\/es\\\/obras-de-arte\\\/la-maesta-di-ognissanti-de-giotto\\\/#primaryimage\",\"url\":\"https:\\\/\\\/www.visituffizi.org\\\/wp-content\\\/uploads\\\/2013\\\/03\\\/ognissanti-giotto.jpg\",\"contentUrl\":\"https:\\\/\\\/www.visituffizi.org\\\/wp-content\\\/uploads\\\/2013\\\/03\\\/ognissanti-giotto.jpg\",\"width\":389,\"height\":600},{\"@type\":\"BreadcrumbList\",\"@id\":\"https:\\\/\\\/www.visituffizi.org\\\/es\\\/obras-de-arte\\\/la-maesta-di-ognissanti-de-giotto\\\/#breadcrumb\",\"itemListElement\":[{\"@type\":\"ListItem\",\"position\":1,\"name\":\"Home\",\"item\":\"https:\\\/\\\/www.visituffizi.org\\\/es\\\/\"},{\"@type\":\"ListItem\",\"position\":2,\"name\":\"Obras de arte\",\"item\":\"https:\\\/\\\/www.visituffizi.org\\\/es\\\/obras-de-arte\\\/\"},{\"@type\":\"ListItem\",\"position\":3,\"name\":\"La Maest\u00e0 di Ognissanti de Giotto\"}]},{\"@type\":\"WebSite\",\"@id\":\"https:\\\/\\\/www.visituffizi.org\\\/it\\\/#website\",\"url\":\"https:\\\/\\\/www.visituffizi.org\\\/it\\\/\",\"name\":\"Visit Uffizi\",\"description\":\"Guide to Uffizi Museum in Florence\",\"potentialAction\":[{\"@type\":\"SearchAction\",\"target\":{\"@type\":\"EntryPoint\",\"urlTemplate\":\"https:\\\/\\\/www.visituffizi.org\\\/it\\\/?s={search_term_string}\"},\"query-input\":{\"@type\":\"PropertyValueSpecification\",\"valueRequired\":true,\"valueName\":\"search_term_string\"}}],\"inLanguage\":\"es\"}]}<\/script>\n<!-- \/ Yoast SEO plugin. -->","yoast_head_json":{"title":"Maest\u00e0 di Ognissanti de Giotto en la Galer\u00eda Uffizi en Florencia","description":"La Maest\u00e0 de Ognissanti o Madonna di Oggisanti de Giotto muestra los primeros cambios en la pintura que dieron lugar al Renacentismo en el siglo XIV","robots":{"index":"index","follow":"follow","max-snippet":"max-snippet:-1","max-image-preview":"max-image-preview:large","max-video-preview":"max-video-preview:-1"},"canonical":"https:\/\/www.visituffizi.org\/es\/obras-de-arte\/la-maesta-di-ognissanti-de-giotto\/","og_locale":"es_ES","og_type":"article","og_title":"Maest\u00e0 di Ognissanti de Giotto en la Galer\u00eda Uffizi en Florencia","og_description":"La Maest\u00e0 de Ognissanti o Madonna di Oggisanti de Giotto muestra los primeros cambios en la pintura que dieron lugar al Renacentismo en el siglo XIV","og_url":"https:\/\/www.visituffizi.org\/es\/obras-de-arte\/la-maesta-di-ognissanti-de-giotto\/","og_site_name":"Visit Uffizi","article_modified_time":"2015-03-22T11:55:49+00:00","og_image":[{"width":389,"height":600,"url":"https:\/\/www.visituffizi.org\/wp-content\/uploads\/2013\/03\/ognissanti-giotto.jpg","type":"image\/jpeg"}],"twitter_misc":{"Tiempo de lectura":"2 minutos"},"schema":{"@context":"https:\/\/schema.org","@graph":[{"@type":"WebPage","@id":"https:\/\/www.visituffizi.org\/es\/obras-de-arte\/la-maesta-di-ognissanti-de-giotto\/","url":"https:\/\/www.visituffizi.org\/es\/obras-de-arte\/la-maesta-di-ognissanti-de-giotto\/","name":"Maest\u00e0 di Ognissanti de Giotto en la Galer\u00eda Uffizi en Florencia","isPartOf":{"@id":"https:\/\/www.visituffizi.org\/it\/#website"},"primaryImageOfPage":{"@id":"https:\/\/www.visituffizi.org\/es\/obras-de-arte\/la-maesta-di-ognissanti-de-giotto\/#primaryimage"},"image":{"@id":"https:\/\/www.visituffizi.org\/es\/obras-de-arte\/la-maesta-di-ognissanti-de-giotto\/#primaryimage"},"thumbnailUrl":"https:\/\/www.visituffizi.org\/wp-content\/uploads\/2013\/03\/ognissanti-giotto.jpg","datePublished":"2015-02-18T15:29:45+00:00","dateModified":"2015-03-22T11:55:49+00:00","description":"La Maest\u00e0 de Ognissanti o Madonna di Oggisanti de Giotto muestra los primeros cambios en la pintura que dieron lugar al Renacentismo en el siglo XIV","breadcrumb":{"@id":"https:\/\/www.visituffizi.org\/es\/obras-de-arte\/la-maesta-di-ognissanti-de-giotto\/#breadcrumb"},"inLanguage":"es","potentialAction":[{"@type":"ReadAction","target":["https:\/\/www.visituffizi.org\/es\/obras-de-arte\/la-maesta-di-ognissanti-de-giotto\/"]}]},{"@type":"ImageObject","inLanguage":"es","@id":"https:\/\/www.visituffizi.org\/es\/obras-de-arte\/la-maesta-di-ognissanti-de-giotto\/#primaryimage","url":"https:\/\/www.visituffizi.org\/wp-content\/uploads\/2013\/03\/ognissanti-giotto.jpg","contentUrl":"https:\/\/www.visituffizi.org\/wp-content\/uploads\/2013\/03\/ognissanti-giotto.jpg","width":389,"height":600},{"@type":"BreadcrumbList","@id":"https:\/\/www.visituffizi.org\/es\/obras-de-arte\/la-maesta-di-ognissanti-de-giotto\/#breadcrumb","itemListElement":[{"@type":"ListItem","position":1,"name":"Home","item":"https:\/\/www.visituffizi.org\/es\/"},{"@type":"ListItem","position":2,"name":"Obras de arte","item":"https:\/\/www.visituffizi.org\/es\/obras-de-arte\/"},{"@type":"ListItem","position":3,"name":"La Maest\u00e0 di Ognissanti de Giotto"}]},{"@type":"WebSite","@id":"https:\/\/www.visituffizi.org\/it\/#website","url":"https:\/\/www.visituffizi.org\/it\/","name":"Visit Uffizi","description":"Guide to Uffizi Museum in Florence","potentialAction":[{"@type":"SearchAction","target":{"@type":"EntryPoint","urlTemplate":"https:\/\/www.visituffizi.org\/it\/?s={search_term_string}"},"query-input":{"@type":"PropertyValueSpecification","valueRequired":true,"valueName":"search_term_string"}}],"inLanguage":"es"}]}},"_links":{"self":[{"href":"https:\/\/www.visituffizi.org\/es\/wp-json\/wp\/v2\/pages\/1713","targetHints":{"allow":["GET"]}}],"collection":[{"href":"https:\/\/www.visituffizi.org\/es\/wp-json\/wp\/v2\/pages"}],"about":[{"href":"https:\/\/www.visituffizi.org\/es\/wp-json\/wp\/v2\/types\/page"}],"author":[{"embeddable":true,"href":"https:\/\/www.visituffizi.org\/es\/wp-json\/wp\/v2\/users\/6"}],"replies":[{"embeddable":true,"href":"https:\/\/www.visituffizi.org\/es\/wp-json\/wp\/v2\/comments?post=1713"}],"version-history":[{"count":0,"href":"https:\/\/www.visituffizi.org\/es\/wp-json\/wp\/v2\/pages\/1713\/revisions"}],"up":[{"embeddable":true,"href":"https:\/\/www.visituffizi.org\/es\/wp-json\/wp\/v2\/pages\/1690"}],"wp:featuredmedia":[{"embeddable":true,"href":"https:\/\/www.visituffizi.org\/es\/wp-json\/wp\/v2\/media\/1017"}],"wp:attachment":[{"href":"https:\/\/www.visituffizi.org\/es\/wp-json\/wp\/v2\/media?parent=1713"}],"curies":[{"name":"wp","href":"https:\/\/api.w.org\/{rel}","templated":true}]}}