{"id":1715,"date":"2015-02-18T16:24:32","date_gmt":"2015-02-18T16:24:32","guid":{"rendered":"https:\/\/www.visituffizi.org\/?page_id=1715"},"modified":"2015-09-28T13:32:48","modified_gmt":"2015-09-28T13:32:48","slug":"la-adoracion-de-los-reyes-magos-de-gentile-da-fabriano","status":"publish","type":"page","link":"https:\/\/www.visituffizi.org\/es\/obras-de-arte\/la-adoracion-de-los-reyes-magos-de-gentile-da-fabriano\/","title":{"rendered":"La Adoraci\u00f3n de los Reyes Magos de Gentile da Fabriano"},"content":{"rendered":"<p><img decoding=\"async\" src=\"https:\/\/www.visituffizi.org\/img\/artworks\/fabriano-adoration-magi.jpg\" alt=\"Adoration of the Magi by Gentile da Fabriano\" \/><\/p>\n<p>Este grande retablo, tambi\u00e9n llamado Pala Strozzi, fue dibujado en <strong>1423<\/strong>, por el renombrado artista <strong>Gentile da Fabriano<\/strong>, en esa \u00e9poca muy solicitado. La obra fue\u00a0comisionada por el intelectual y rico banquero<strong> Palla Strozzi<\/strong> para la capilla de la familia en la <strong>iglesia de Santa Trinidad<\/strong>.<\/p>\n<p>Se trata de una de las obras maestras del <strong>estilo g\u00f3tico internacional<\/strong>, con una elegante atm\u00f3sfera de cuento de hadas, con\u00a0 formas sofisticadas y en poses corteses.<\/p>\n<p>El tema de la <em>Adoraci\u00f3n a los Reyes Magos<\/em> era muy difundido en ese periodo hist\u00f3rico y era un pretexto por parte de los clientes ricos para hacer alusi\u00f3n a la propia\u00a0superioridad econ\u00f3mica y cultural.<br \/>\nLa procesi\u00f3n de los reyes magos ocupa toda la escena y es una muestra de vestidos suntuosos, detalles descritos minuciosamente\u00a0y decoraciones doradas. Detr\u00e1s de los tres Reyes Magos se puede reconocer el retrato de Palla Strozzi, en el hombre con el halc\u00f3n.<\/p>\n<p>Los <strong>vestidos suntuosos\u00a0<\/strong>de los personajes y los <strong>refinados arneses\u00a0<\/strong>de los caballos, la descripci\u00f3n del paisaje y\u00a0el magn\u00edfico\u00a0marco de madera tallado,\u00a0hacen\u00a0que esta\u00a0pintura sea una\u00a0verdadera obra maestra.<\/p>\n<p>La Adoraci\u00f3n de los Reyes se encuentra en la<a href=\"https:\/\/www.visituffizi.org\/es\/las-salas\/sala-7-gentile-da-fabriano\/\"> Sala\u00a07 de Gentile da Fabiano<\/a>.<\/p>\n","protected":false},"excerpt":{"rendered":"<p>Tambi\u00e9n llamado Pala Strozzi, es una de las obras maestras del estilo g\u00f3tico internacional. <\/p>\n","protected":false},"author":6,"featured_media":997,"parent":1690,"menu_order":3,"comment_status":"open","ping_status":"open","template":"","meta":{"ngg_post_thumbnail":0,"footnotes":""},"class_list":["post-1715","page","type-page","status-publish","has-post-thumbnail","hentry"],"yoast_head":"<!-- This site is optimized with the Yoast SEO plugin v27.4 - https:\/\/yoast.com\/product\/yoast-seo-wordpress\/ -->\n<title>La Adoraci\u00f3n de los Reyes Magos o Pala Strozzi en la Galer\u00eda Uffizi<\/title>\n<meta name=\"description\" content=\"La Adoraci\u00f3n de los Reyes Magos (Pala Strozzi) de Gentile da Fabriano se encuentra en la sala 5 y 6 del G\u00f3tico Internacional de la Galer\u00eda Uffizi Florencia.\" \/>\n<meta name=\"robots\" content=\"index, follow, max-snippet:-1, max-image-preview:large, max-video-preview:-1\" \/>\n<link rel=\"canonical\" href=\"https:\/\/www.visituffizi.org\/es\/obras-de-arte\/la-adoracion-de-los-reyes-magos-de-gentile-da-fabriano\/\" \/>\n<meta property=\"og:locale\" content=\"es_ES\" \/>\n<meta property=\"og:type\" content=\"article\" \/>\n<meta property=\"og:title\" content=\"La Adoraci\u00f3n de los Reyes Magos o Pala Strozzi en la Galer\u00eda Uffizi\" \/>\n<meta property=\"og:description\" content=\"La Adoraci\u00f3n de los Reyes Magos (Pala Strozzi) de Gentile da Fabriano se encuentra en la sala 5 y 6 del G\u00f3tico Internacional de la Galer\u00eda Uffizi Florencia.\" \/>\n<meta property=\"og:url\" content=\"https:\/\/www.visituffizi.org\/es\/obras-de-arte\/la-adoracion-de-los-reyes-magos-de-gentile-da-fabriano\/\" \/>\n<meta property=\"og:site_name\" content=\"Visit Uffizi\" \/>\n<meta property=\"article:modified_time\" content=\"2015-09-28T13:32:48+00:00\" \/>\n<meta property=\"og:image\" content=\"https:\/\/www.visituffizi.org\/wp-content\/uploads\/2013\/02\/fabriano-adoration-magi.jpg\" \/>\n\t<meta property=\"og:image:width\" content=\"600\" \/>\n\t<meta property=\"og:image:height\" content=\"382\" \/>\n\t<meta property=\"og:image:type\" content=\"image\/jpeg\" \/>\n<meta name=\"twitter:label1\" content=\"Tiempo de lectura\" \/>\n\t<meta name=\"twitter:data1\" content=\"1 minuto\" \/>\n<script type=\"application\/ld+json\" class=\"yoast-schema-graph\">{\"@context\":\"https:\\\/\\\/schema.org\",\"@graph\":[{\"@type\":\"WebPage\",\"@id\":\"https:\\\/\\\/www.visituffizi.org\\\/es\\\/obras-de-arte\\\/la-adoracion-de-los-reyes-magos-de-gentile-da-fabriano\\\/\",\"url\":\"https:\\\/\\\/www.visituffizi.org\\\/es\\\/obras-de-arte\\\/la-adoracion-de-los-reyes-magos-de-gentile-da-fabriano\\\/\",\"name\":\"La Adoraci\u00f3n de los Reyes Magos o Pala Strozzi en la Galer\u00eda Uffizi\",\"isPartOf\":{\"@id\":\"https:\\\/\\\/www.visituffizi.org\\\/it\\\/#website\"},\"primaryImageOfPage\":{\"@id\":\"https:\\\/\\\/www.visituffizi.org\\\/es\\\/obras-de-arte\\\/la-adoracion-de-los-reyes-magos-de-gentile-da-fabriano\\\/#primaryimage\"},\"image\":{\"@id\":\"https:\\\/\\\/www.visituffizi.org\\\/es\\\/obras-de-arte\\\/la-adoracion-de-los-reyes-magos-de-gentile-da-fabriano\\\/#primaryimage\"},\"thumbnailUrl\":\"https:\\\/\\\/www.visituffizi.org\\\/wp-content\\\/uploads\\\/2013\\\/02\\\/fabriano-adoration-magi.jpg\",\"datePublished\":\"2015-02-18T16:24:32+00:00\",\"dateModified\":\"2015-09-28T13:32:48+00:00\",\"description\":\"La Adoraci\u00f3n de los Reyes Magos (Pala Strozzi) de Gentile da Fabriano se encuentra en la sala 5 y 6 del G\u00f3tico Internacional de la Galer\u00eda Uffizi Florencia.\",\"breadcrumb\":{\"@id\":\"https:\\\/\\\/www.visituffizi.org\\\/es\\\/obras-de-arte\\\/la-adoracion-de-los-reyes-magos-de-gentile-da-fabriano\\\/#breadcrumb\"},\"inLanguage\":\"es\",\"potentialAction\":[{\"@type\":\"ReadAction\",\"target\":[\"https:\\\/\\\/www.visituffizi.org\\\/es\\\/obras-de-arte\\\/la-adoracion-de-los-reyes-magos-de-gentile-da-fabriano\\\/\"]}]},{\"@type\":\"ImageObject\",\"inLanguage\":\"es\",\"@id\":\"https:\\\/\\\/www.visituffizi.org\\\/es\\\/obras-de-arte\\\/la-adoracion-de-los-reyes-magos-de-gentile-da-fabriano\\\/#primaryimage\",\"url\":\"https:\\\/\\\/www.visituffizi.org\\\/wp-content\\\/uploads\\\/2013\\\/02\\\/fabriano-adoration-magi.jpg\",\"contentUrl\":\"https:\\\/\\\/www.visituffizi.org\\\/wp-content\\\/uploads\\\/2013\\\/02\\\/fabriano-adoration-magi.jpg\",\"width\":600,\"height\":382,\"caption\":\"Adorazione dei Magi di Fabriano\"},{\"@type\":\"BreadcrumbList\",\"@id\":\"https:\\\/\\\/www.visituffizi.org\\\/es\\\/obras-de-arte\\\/la-adoracion-de-los-reyes-magos-de-gentile-da-fabriano\\\/#breadcrumb\",\"itemListElement\":[{\"@type\":\"ListItem\",\"position\":1,\"name\":\"Home\",\"item\":\"https:\\\/\\\/www.visituffizi.org\\\/es\\\/\"},{\"@type\":\"ListItem\",\"position\":2,\"name\":\"Obras de arte\",\"item\":\"https:\\\/\\\/www.visituffizi.org\\\/es\\\/obras-de-arte\\\/\"},{\"@type\":\"ListItem\",\"position\":3,\"name\":\"La Adoraci\u00f3n de los Reyes Magos de Gentile da Fabriano\"}]},{\"@type\":\"WebSite\",\"@id\":\"https:\\\/\\\/www.visituffizi.org\\\/it\\\/#website\",\"url\":\"https:\\\/\\\/www.visituffizi.org\\\/it\\\/\",\"name\":\"Visit Uffizi\",\"description\":\"Guide to Uffizi Museum in Florence\",\"potentialAction\":[{\"@type\":\"SearchAction\",\"target\":{\"@type\":\"EntryPoint\",\"urlTemplate\":\"https:\\\/\\\/www.visituffizi.org\\\/it\\\/?s={search_term_string}\"},\"query-input\":{\"@type\":\"PropertyValueSpecification\",\"valueRequired\":true,\"valueName\":\"search_term_string\"}}],\"inLanguage\":\"es\"}]}<\/script>\n<!-- \/ Yoast SEO plugin. -->","yoast_head_json":{"title":"La Adoraci\u00f3n de los Reyes Magos o Pala Strozzi en la Galer\u00eda Uffizi","description":"La Adoraci\u00f3n de los Reyes Magos (Pala Strozzi) de Gentile da Fabriano se encuentra en la sala 5 y 6 del G\u00f3tico Internacional de la Galer\u00eda Uffizi Florencia.","robots":{"index":"index","follow":"follow","max-snippet":"max-snippet:-1","max-image-preview":"max-image-preview:large","max-video-preview":"max-video-preview:-1"},"canonical":"https:\/\/www.visituffizi.org\/es\/obras-de-arte\/la-adoracion-de-los-reyes-magos-de-gentile-da-fabriano\/","og_locale":"es_ES","og_type":"article","og_title":"La Adoraci\u00f3n de los Reyes Magos o Pala Strozzi en la Galer\u00eda Uffizi","og_description":"La Adoraci\u00f3n de los Reyes Magos (Pala Strozzi) de Gentile da Fabriano se encuentra en la sala 5 y 6 del G\u00f3tico Internacional de la Galer\u00eda Uffizi Florencia.","og_url":"https:\/\/www.visituffizi.org\/es\/obras-de-arte\/la-adoracion-de-los-reyes-magos-de-gentile-da-fabriano\/","og_site_name":"Visit Uffizi","article_modified_time":"2015-09-28T13:32:48+00:00","og_image":[{"width":600,"height":382,"url":"https:\/\/www.visituffizi.org\/wp-content\/uploads\/2013\/02\/fabriano-adoration-magi.jpg","type":"image\/jpeg"}],"twitter_misc":{"Tiempo de lectura":"1 minuto"},"schema":{"@context":"https:\/\/schema.org","@graph":[{"@type":"WebPage","@id":"https:\/\/www.visituffizi.org\/es\/obras-de-arte\/la-adoracion-de-los-reyes-magos-de-gentile-da-fabriano\/","url":"https:\/\/www.visituffizi.org\/es\/obras-de-arte\/la-adoracion-de-los-reyes-magos-de-gentile-da-fabriano\/","name":"La Adoraci\u00f3n de los Reyes Magos o Pala Strozzi en la Galer\u00eda Uffizi","isPartOf":{"@id":"https:\/\/www.visituffizi.org\/it\/#website"},"primaryImageOfPage":{"@id":"https:\/\/www.visituffizi.org\/es\/obras-de-arte\/la-adoracion-de-los-reyes-magos-de-gentile-da-fabriano\/#primaryimage"},"image":{"@id":"https:\/\/www.visituffizi.org\/es\/obras-de-arte\/la-adoracion-de-los-reyes-magos-de-gentile-da-fabriano\/#primaryimage"},"thumbnailUrl":"https:\/\/www.visituffizi.org\/wp-content\/uploads\/2013\/02\/fabriano-adoration-magi.jpg","datePublished":"2015-02-18T16:24:32+00:00","dateModified":"2015-09-28T13:32:48+00:00","description":"La Adoraci\u00f3n de los Reyes Magos (Pala Strozzi) de Gentile da Fabriano se encuentra en la sala 5 y 6 del G\u00f3tico Internacional de la Galer\u00eda Uffizi Florencia.","breadcrumb":{"@id":"https:\/\/www.visituffizi.org\/es\/obras-de-arte\/la-adoracion-de-los-reyes-magos-de-gentile-da-fabriano\/#breadcrumb"},"inLanguage":"es","potentialAction":[{"@type":"ReadAction","target":["https:\/\/www.visituffizi.org\/es\/obras-de-arte\/la-adoracion-de-los-reyes-magos-de-gentile-da-fabriano\/"]}]},{"@type":"ImageObject","inLanguage":"es","@id":"https:\/\/www.visituffizi.org\/es\/obras-de-arte\/la-adoracion-de-los-reyes-magos-de-gentile-da-fabriano\/#primaryimage","url":"https:\/\/www.visituffizi.org\/wp-content\/uploads\/2013\/02\/fabriano-adoration-magi.jpg","contentUrl":"https:\/\/www.visituffizi.org\/wp-content\/uploads\/2013\/02\/fabriano-adoration-magi.jpg","width":600,"height":382,"caption":"Adorazione dei Magi di Fabriano"},{"@type":"BreadcrumbList","@id":"https:\/\/www.visituffizi.org\/es\/obras-de-arte\/la-adoracion-de-los-reyes-magos-de-gentile-da-fabriano\/#breadcrumb","itemListElement":[{"@type":"ListItem","position":1,"name":"Home","item":"https:\/\/www.visituffizi.org\/es\/"},{"@type":"ListItem","position":2,"name":"Obras de arte","item":"https:\/\/www.visituffizi.org\/es\/obras-de-arte\/"},{"@type":"ListItem","position":3,"name":"La Adoraci\u00f3n de los Reyes Magos de Gentile da Fabriano"}]},{"@type":"WebSite","@id":"https:\/\/www.visituffizi.org\/it\/#website","url":"https:\/\/www.visituffizi.org\/it\/","name":"Visit Uffizi","description":"Guide to Uffizi Museum in Florence","potentialAction":[{"@type":"SearchAction","target":{"@type":"EntryPoint","urlTemplate":"https:\/\/www.visituffizi.org\/it\/?s={search_term_string}"},"query-input":{"@type":"PropertyValueSpecification","valueRequired":true,"valueName":"search_term_string"}}],"inLanguage":"es"}]}},"_links":{"self":[{"href":"https:\/\/www.visituffizi.org\/es\/wp-json\/wp\/v2\/pages\/1715","targetHints":{"allow":["GET"]}}],"collection":[{"href":"https:\/\/www.visituffizi.org\/es\/wp-json\/wp\/v2\/pages"}],"about":[{"href":"https:\/\/www.visituffizi.org\/es\/wp-json\/wp\/v2\/types\/page"}],"author":[{"embeddable":true,"href":"https:\/\/www.visituffizi.org\/es\/wp-json\/wp\/v2\/users\/6"}],"replies":[{"embeddable":true,"href":"https:\/\/www.visituffizi.org\/es\/wp-json\/wp\/v2\/comments?post=1715"}],"version-history":[{"count":0,"href":"https:\/\/www.visituffizi.org\/es\/wp-json\/wp\/v2\/pages\/1715\/revisions"}],"up":[{"embeddable":true,"href":"https:\/\/www.visituffizi.org\/es\/wp-json\/wp\/v2\/pages\/1690"}],"wp:featuredmedia":[{"embeddable":true,"href":"https:\/\/www.visituffizi.org\/es\/wp-json\/wp\/v2\/media\/997"}],"wp:attachment":[{"href":"https:\/\/www.visituffizi.org\/es\/wp-json\/wp\/v2\/media?parent=1715"}],"curies":[{"name":"wp","href":"https:\/\/api.w.org\/{rel}","templated":true}]}}