{"id":1717,"date":"2015-02-18T17:17:48","date_gmt":"2015-02-18T17:17:48","guid":{"rendered":"https:\/\/www.visituffizi.org\/?page_id=1717"},"modified":"2018-08-07T09:59:01","modified_gmt":"2018-08-07T09:59:01","slug":"el-retrato-de-los-duques-de-urbino-de-piero-della-francesca","status":"publish","type":"page","link":"https:\/\/www.visituffizi.org\/es\/obras-de-arte\/el-retrato-de-los-duques-de-urbino-de-piero-della-francesca\/","title":{"rendered":"El retrato de los Duques de Urbino de Piero della Francesca"},"content":{"rendered":"ngg_shortcode_0_placeholder\n<h1>El retrato de los Duques de Urbino de Piero della Francesca<\/h1>\n<p><img decoding=\"async\" class=\"right\" src=\"\/img\/artworks\/piero-francesca-urbino.jpg\" alt=\"Duke and Duchess of Urbino by Piero della Francesca\" \/><\/p>\n<p>El d\u00edptico de los Duques de Urbino es una de las obras m\u00e1s famosas del <strong>Renacimiento Italiano<\/strong>. Dibujado por el gran artista Piero della Francesca, retrata a los conyugues <strong>Federigo da Montefeltro<\/strong> y <strong>Battista Sforza<\/strong>.<br \/>\nEl Duque, l\u00edder de mercenarios,\u00a0grande estratega y gran mecenas, se convirti\u00f3\u00a0en\u00a0un refinado y c\u00e9lebre centro cultural.<\/p>\n<p>Fue en ese ambiente que Piero della Francesca realiz\u00f3 estas dos obras maestras entre <strong>1465 y 1472<\/strong>.<\/p>\n<p>El doble retrato de perfil se retoma de la tradici\u00f3n <strong>cl\u00e1sica de los retratos en las\u00a0monedas<\/strong>. Esta caracter\u00edstica proporciona una antigua solemnidad a los dos Duques. Sus bustos en primer plano dominando el extraordinario paisaje que se extiende en la profundidad, y mete en evidencia la majestuosidad de la corte de Urbino.<\/p>\n<p>La elecci\u00f3n de la representaci\u00f3n de perfil,\u00a0<strong>fue una elecci\u00f3n obligada<\/strong>. De hecho, el Duque\u00a0perdi\u00f3 su ojo derecho en un torneo\u00a0y propio por esta raz\u00f3n solo ven\u00eda retratada la parte izquierda de su rostro. Durante otro torneo tambi\u00e9n fue rota su nariz.<br \/>\nLa Duquesa Battista Sforza est\u00e1\u00a0vestida elegantemente y presenta una frente exageradamente amplia,\u00a0de acuerdo a la moda de esa \u00e9poca.<\/p>\n<p>El d\u00edptico est\u00e1\u00a0tambi\u00e9n pintado por la parte de atr\u00e1s. Federigo de Montefeltro y su esposa se representan en dos carretas antiguas en compa\u00f1\u00eda de Virtudes: el Duque viste su armadura como\u00a0todo un l\u00edder, mientras es coronado por la Victoria;\u00a0mientras que\u00a0la Duquesa esta sentada en\u00a0un carreta tirada por dos unicornios, s\u00edmbolos de castidad, que enfatiza su alma piadosa y gentil.<\/p>\n<p>Gracias a su arte aristrocr\u00e1tico\u00a0y her\u00e1trico\u00a0Piero della Francesca\u00a0logra el noble objetivo de detener el tiempo e inmortalizar a los dos Duques y sus personalidades.<\/p>\n<p>Con su estilo racionalidad y casi metaf\u00edsico, el gran artista logra la representaci\u00f3n perfecta del <strong>hombre renacentista<\/strong>, consciente de la importancia de su papel en el universo y la importancia de su inteligencia y cultura.<\/p>\n<p>El Retrato de los Duques de Urbino de Piero della Francesa se encuentra en la <a href=\"\/es\/las-salas\/sala-8-filippo-lippi\/\">sala\u00a08 de Filippo Lippi<\/a>.<\/p>\n","protected":false},"excerpt":{"rendered":"<p>Una de las obras m\u00e1s famosas de Piero della Francesca, donde el artista logr\u00f3 representar al perfecto hombre renacentista.<\/p>\n","protected":false},"author":6,"featured_media":1003,"parent":1690,"menu_order":4,"comment_status":"open","ping_status":"open","template":"","meta":{"ngg_post_thumbnail":0,"footnotes":""},"class_list":["post-1717","page","type-page","status-publish","has-post-thumbnail","hentry"],"yoast_head":"<!-- This site is optimized with the Yoast SEO plugin v27.4 - https:\/\/yoast.com\/product\/yoast-seo-wordpress\/ -->\n<title>Retrato de los Duques de Urbino de Piero della Francesca<\/title>\n<meta name=\"description\" content=\"El retrato de los Duques de Urbino de Piero della Francesca se puede ver en la sala 8 de Filippo Lippi en la Galer\u00eda Uffizi, Florencia Italia.\" \/>\n<meta name=\"robots\" content=\"index, follow, max-snippet:-1, max-image-preview:large, max-video-preview:-1\" \/>\n<link rel=\"canonical\" href=\"https:\/\/www.visituffizi.org\/es\/obras-de-arte\/el-retrato-de-los-duques-de-urbino-de-piero-della-francesca\/\" \/>\n<meta property=\"og:locale\" content=\"es_ES\" \/>\n<meta property=\"og:type\" content=\"article\" \/>\n<meta property=\"og:title\" content=\"Retrato de los Duques de Urbino de Piero della Francesca\" \/>\n<meta property=\"og:description\" content=\"El retrato de los Duques de Urbino de Piero della Francesca se puede ver en la sala 8 de Filippo Lippi en la Galer\u00eda Uffizi, Florencia Italia.\" \/>\n<meta property=\"og:url\" content=\"https:\/\/www.visituffizi.org\/es\/obras-de-arte\/el-retrato-de-los-duques-de-urbino-de-piero-della-francesca\/\" \/>\n<meta property=\"og:site_name\" content=\"Visit Uffizi\" \/>\n<meta property=\"article:modified_time\" content=\"2018-08-07T09:59:01+00:00\" \/>\n<meta property=\"og:image\" content=\"https:\/\/www.visituffizi.org\/wp-content\/uploads\/2013\/02\/piero-francesca-urbino.jpg\" \/>\n\t<meta property=\"og:image:width\" content=\"447\" \/>\n\t<meta property=\"og:image:height\" content=\"285\" \/>\n\t<meta property=\"og:image:type\" content=\"image\/jpeg\" \/>\n<meta name=\"twitter:label1\" content=\"Tiempo de lectura\" \/>\n\t<meta name=\"twitter:data1\" content=\"2 minutos\" \/>\n<script type=\"application\/ld+json\" class=\"yoast-schema-graph\">{\"@context\":\"https:\\\/\\\/schema.org\",\"@graph\":[{\"@type\":\"WebPage\",\"@id\":\"https:\\\/\\\/www.visituffizi.org\\\/es\\\/obras-de-arte\\\/el-retrato-de-los-duques-de-urbino-de-piero-della-francesca\\\/\",\"url\":\"https:\\\/\\\/www.visituffizi.org\\\/es\\\/obras-de-arte\\\/el-retrato-de-los-duques-de-urbino-de-piero-della-francesca\\\/\",\"name\":\"Retrato de los Duques de Urbino de Piero della Francesca\",\"isPartOf\":{\"@id\":\"https:\\\/\\\/www.visituffizi.org\\\/it\\\/#website\"},\"primaryImageOfPage\":{\"@id\":\"https:\\\/\\\/www.visituffizi.org\\\/es\\\/obras-de-arte\\\/el-retrato-de-los-duques-de-urbino-de-piero-della-francesca\\\/#primaryimage\"},\"image\":{\"@id\":\"https:\\\/\\\/www.visituffizi.org\\\/es\\\/obras-de-arte\\\/el-retrato-de-los-duques-de-urbino-de-piero-della-francesca\\\/#primaryimage\"},\"thumbnailUrl\":\"https:\\\/\\\/www.visituffizi.org\\\/wp-content\\\/uploads\\\/2013\\\/02\\\/piero-francesca-urbino.jpg\",\"datePublished\":\"2015-02-18T17:17:48+00:00\",\"dateModified\":\"2018-08-07T09:59:01+00:00\",\"description\":\"El retrato de los Duques de Urbino de Piero della Francesca se puede ver en la sala 8 de Filippo Lippi en la Galer\u00eda Uffizi, Florencia Italia.\",\"breadcrumb\":{\"@id\":\"https:\\\/\\\/www.visituffizi.org\\\/es\\\/obras-de-arte\\\/el-retrato-de-los-duques-de-urbino-de-piero-della-francesca\\\/#breadcrumb\"},\"inLanguage\":\"es\",\"potentialAction\":[{\"@type\":\"ReadAction\",\"target\":[\"https:\\\/\\\/www.visituffizi.org\\\/es\\\/obras-de-arte\\\/el-retrato-de-los-duques-de-urbino-de-piero-della-francesca\\\/\"]}]},{\"@type\":\"ImageObject\",\"inLanguage\":\"es\",\"@id\":\"https:\\\/\\\/www.visituffizi.org\\\/es\\\/obras-de-arte\\\/el-retrato-de-los-duques-de-urbino-de-piero-della-francesca\\\/#primaryimage\",\"url\":\"https:\\\/\\\/www.visituffizi.org\\\/wp-content\\\/uploads\\\/2013\\\/02\\\/piero-francesca-urbino.jpg\",\"contentUrl\":\"https:\\\/\\\/www.visituffizi.org\\\/wp-content\\\/uploads\\\/2013\\\/02\\\/piero-francesca-urbino.jpg\",\"width\":447,\"height\":285,\"caption\":\"I Duchi di Urbino di Piero della Francesca\"},{\"@type\":\"BreadcrumbList\",\"@id\":\"https:\\\/\\\/www.visituffizi.org\\\/es\\\/obras-de-arte\\\/el-retrato-de-los-duques-de-urbino-de-piero-della-francesca\\\/#breadcrumb\",\"itemListElement\":[{\"@type\":\"ListItem\",\"position\":1,\"name\":\"Home\",\"item\":\"https:\\\/\\\/www.visituffizi.org\\\/es\\\/\"},{\"@type\":\"ListItem\",\"position\":2,\"name\":\"Obras de arte\",\"item\":\"https:\\\/\\\/www.visituffizi.org\\\/es\\\/obras-de-arte\\\/\"},{\"@type\":\"ListItem\",\"position\":3,\"name\":\"El retrato de los Duques de Urbino de Piero della Francesca\"}]},{\"@type\":\"WebSite\",\"@id\":\"https:\\\/\\\/www.visituffizi.org\\\/it\\\/#website\",\"url\":\"https:\\\/\\\/www.visituffizi.org\\\/it\\\/\",\"name\":\"Visit Uffizi\",\"description\":\"Guide to Uffizi Museum in Florence\",\"potentialAction\":[{\"@type\":\"SearchAction\",\"target\":{\"@type\":\"EntryPoint\",\"urlTemplate\":\"https:\\\/\\\/www.visituffizi.org\\\/it\\\/?s={search_term_string}\"},\"query-input\":{\"@type\":\"PropertyValueSpecification\",\"valueRequired\":true,\"valueName\":\"search_term_string\"}}],\"inLanguage\":\"es\"}]}<\/script>\n<!-- \/ Yoast SEO plugin. -->","yoast_head_json":{"title":"Retrato de los Duques de Urbino de Piero della Francesca","description":"El retrato de los Duques de Urbino de Piero della Francesca se puede ver en la sala 8 de Filippo Lippi en la Galer\u00eda Uffizi, Florencia Italia.","robots":{"index":"index","follow":"follow","max-snippet":"max-snippet:-1","max-image-preview":"max-image-preview:large","max-video-preview":"max-video-preview:-1"},"canonical":"https:\/\/www.visituffizi.org\/es\/obras-de-arte\/el-retrato-de-los-duques-de-urbino-de-piero-della-francesca\/","og_locale":"es_ES","og_type":"article","og_title":"Retrato de los Duques de Urbino de Piero della Francesca","og_description":"El retrato de los Duques de Urbino de Piero della Francesca se puede ver en la sala 8 de Filippo Lippi en la Galer\u00eda Uffizi, Florencia Italia.","og_url":"https:\/\/www.visituffizi.org\/es\/obras-de-arte\/el-retrato-de-los-duques-de-urbino-de-piero-della-francesca\/","og_site_name":"Visit Uffizi","article_modified_time":"2018-08-07T09:59:01+00:00","og_image":[{"width":447,"height":285,"url":"https:\/\/www.visituffizi.org\/wp-content\/uploads\/2013\/02\/piero-francesca-urbino.jpg","type":"image\/jpeg"}],"twitter_misc":{"Tiempo de lectura":"2 minutos"},"schema":{"@context":"https:\/\/schema.org","@graph":[{"@type":"WebPage","@id":"https:\/\/www.visituffizi.org\/es\/obras-de-arte\/el-retrato-de-los-duques-de-urbino-de-piero-della-francesca\/","url":"https:\/\/www.visituffizi.org\/es\/obras-de-arte\/el-retrato-de-los-duques-de-urbino-de-piero-della-francesca\/","name":"Retrato de los Duques de Urbino de Piero della Francesca","isPartOf":{"@id":"https:\/\/www.visituffizi.org\/it\/#website"},"primaryImageOfPage":{"@id":"https:\/\/www.visituffizi.org\/es\/obras-de-arte\/el-retrato-de-los-duques-de-urbino-de-piero-della-francesca\/#primaryimage"},"image":{"@id":"https:\/\/www.visituffizi.org\/es\/obras-de-arte\/el-retrato-de-los-duques-de-urbino-de-piero-della-francesca\/#primaryimage"},"thumbnailUrl":"https:\/\/www.visituffizi.org\/wp-content\/uploads\/2013\/02\/piero-francesca-urbino.jpg","datePublished":"2015-02-18T17:17:48+00:00","dateModified":"2018-08-07T09:59:01+00:00","description":"El retrato de los Duques de Urbino de Piero della Francesca se puede ver en la sala 8 de Filippo Lippi en la Galer\u00eda Uffizi, Florencia Italia.","breadcrumb":{"@id":"https:\/\/www.visituffizi.org\/es\/obras-de-arte\/el-retrato-de-los-duques-de-urbino-de-piero-della-francesca\/#breadcrumb"},"inLanguage":"es","potentialAction":[{"@type":"ReadAction","target":["https:\/\/www.visituffizi.org\/es\/obras-de-arte\/el-retrato-de-los-duques-de-urbino-de-piero-della-francesca\/"]}]},{"@type":"ImageObject","inLanguage":"es","@id":"https:\/\/www.visituffizi.org\/es\/obras-de-arte\/el-retrato-de-los-duques-de-urbino-de-piero-della-francesca\/#primaryimage","url":"https:\/\/www.visituffizi.org\/wp-content\/uploads\/2013\/02\/piero-francesca-urbino.jpg","contentUrl":"https:\/\/www.visituffizi.org\/wp-content\/uploads\/2013\/02\/piero-francesca-urbino.jpg","width":447,"height":285,"caption":"I Duchi di Urbino di Piero della Francesca"},{"@type":"BreadcrumbList","@id":"https:\/\/www.visituffizi.org\/es\/obras-de-arte\/el-retrato-de-los-duques-de-urbino-de-piero-della-francesca\/#breadcrumb","itemListElement":[{"@type":"ListItem","position":1,"name":"Home","item":"https:\/\/www.visituffizi.org\/es\/"},{"@type":"ListItem","position":2,"name":"Obras de arte","item":"https:\/\/www.visituffizi.org\/es\/obras-de-arte\/"},{"@type":"ListItem","position":3,"name":"El retrato de los Duques de Urbino de Piero della Francesca"}]},{"@type":"WebSite","@id":"https:\/\/www.visituffizi.org\/it\/#website","url":"https:\/\/www.visituffizi.org\/it\/","name":"Visit Uffizi","description":"Guide to Uffizi Museum in Florence","potentialAction":[{"@type":"SearchAction","target":{"@type":"EntryPoint","urlTemplate":"https:\/\/www.visituffizi.org\/it\/?s={search_term_string}"},"query-input":{"@type":"PropertyValueSpecification","valueRequired":true,"valueName":"search_term_string"}}],"inLanguage":"es"}]}},"_links":{"self":[{"href":"https:\/\/www.visituffizi.org\/es\/wp-json\/wp\/v2\/pages\/1717","targetHints":{"allow":["GET"]}}],"collection":[{"href":"https:\/\/www.visituffizi.org\/es\/wp-json\/wp\/v2\/pages"}],"about":[{"href":"https:\/\/www.visituffizi.org\/es\/wp-json\/wp\/v2\/types\/page"}],"author":[{"embeddable":true,"href":"https:\/\/www.visituffizi.org\/es\/wp-json\/wp\/v2\/users\/6"}],"replies":[{"embeddable":true,"href":"https:\/\/www.visituffizi.org\/es\/wp-json\/wp\/v2\/comments?post=1717"}],"version-history":[{"count":0,"href":"https:\/\/www.visituffizi.org\/es\/wp-json\/wp\/v2\/pages\/1717\/revisions"}],"up":[{"embeddable":true,"href":"https:\/\/www.visituffizi.org\/es\/wp-json\/wp\/v2\/pages\/1690"}],"wp:featuredmedia":[{"embeddable":true,"href":"https:\/\/www.visituffizi.org\/es\/wp-json\/wp\/v2\/media\/1003"}],"wp:attachment":[{"href":"https:\/\/www.visituffizi.org\/es\/wp-json\/wp\/v2\/media?parent=1717"}],"curies":[{"name":"wp","href":"https:\/\/api.w.org\/{rel}","templated":true}]}}