{"id":1718,"date":"2015-02-18T17:33:27","date_gmt":"2015-02-18T17:33:27","guid":{"rendered":"https:\/\/www.visituffizi.org\/?page_id=1718"},"modified":"2015-09-29T10:33:40","modified_gmt":"2015-09-29T10:33:40","slug":"la-batalla-de-san-romano-de-paolo-uccello","status":"publish","type":"page","link":"https:\/\/www.visituffizi.org\/es\/obras-de-arte\/la-batalla-de-san-romano-de-paolo-uccello\/","title":{"rendered":"La Batalla de San Romano de Paolo Uccello"},"content":{"rendered":"ngg_shortcode_0_placeholder\n<h1>La Batalla de San Romano de Paolo Uccello<\/h1>\n<p><img decoding=\"async\" src=\"https:\/\/www.visituffizi.org\/img\/artworks\/uccello-battle-san-romano.jpg\" alt=\"Battle of San Romano by Paolo Uccello\" \/><\/p>\n<p>Esta pintura es la parte central de un gran tr\u00edptico pintado por Paolo Uccello en <strong>1438<\/strong> aproximadamente, hoy desmembrado y dividido entre la Galer\u00eda Uffizi, La Galer\u00eda Nacional de Londres y el Louvre de Paris.<br \/>\nEl ciclo ilustra las fases de la batalla de San Romano que tuvo lugar\u00a0 en 1432 entre Florencia y Siena\u00a0y que vi\u00f3 la victoria gloriosa de Florencia. La obra fue solicitada\u00a0por la\u00a0adinerada familia <strong>Bartolini<\/strong> pero en 1492 aparec\u00eda ya en el inventario de bienes de Lorenzo de Medici, llamado \u201cel Magn\u00edfico\u201d.<\/p>\n<p>La raz\u00f3n por la que esta obra es considerada una obra maestra, es\u00a0por el uso audaz y experimental de la <strong>perspectiva<\/strong>, lo que hizo famoso a Paolo Uccello.<\/p>\n<p>El panel\u00a0expuesto en los Uffizi representa el <strong>descabalgamiento de Bernardino della Ciarda<\/strong>, l\u00edder de los mercenarios de Siena. El soldado es el hombre sobre el caballo blanco justo en el centro, el cual es alcanzado por una lanza enemiga. La composici\u00f3n est\u00e1 llena de gente; no obstante la atm\u00f3sfera un tanto irreal y de que los caballeros parezcan maniqu\u00edes de un torneo medieval Paolo Uccello est\u00e1 m\u00e1s interesado en la perspectiva y su aplicaci\u00f3n, que en los sentimientos humanos.<\/p>\n<p>Los detalles naturalistas, las escenas de caza en el fondo, la minuciosa descripci\u00f3n de las armaduras y de los caballos nos recuerdan el legado de cuento de hadas del g\u00f3tico tard\u00edo. Paolo Uccello es de hecho un importante artista de transici\u00f3n, completamente enamorado de la revoluci\u00f3n\u00a0renacentista, pero con el gusto\u00a0por la tradici\u00f3n g\u00f3tica.<\/p>\n<p>La Batalla de San Romano de Paolo Uccello ha sido recientemente restaurada, pero en noviembre del 2012 regres\u00f3 y es posible verla en su antigua posici\u00f3n, la <a href=\"https:\/\/www.visituffizi.org\/es\/las-salas\/sala-7-gentile-da-fabriano\/\">sala 7 de Gentile da Fabriano<\/a>.<\/p>\n","protected":false},"excerpt":{"rendered":"<p>La Batalla de San Romano de Paolo Uccello representa en esta parte el descabalgamiento de Bernardino della Ciarda.<\/p>\n","protected":false},"author":6,"featured_media":1006,"parent":1690,"menu_order":5,"comment_status":"open","ping_status":"open","template":"","meta":{"ngg_post_thumbnail":0,"footnotes":""},"class_list":["post-1718","page","type-page","status-publish","has-post-thumbnail","hentry"],"yoast_head":"<!-- This site is optimized with the Yoast SEO plugin v27.4 - https:\/\/yoast.com\/product\/yoast-seo-wordpress\/ -->\n<title>Batalla de San Romano de Paolo Uccello en la Galer\u00eda Uffizi<\/title>\n<meta name=\"description\" content=\"La Batalla de San Romano de Paolo Uccello se encuentra en la sala 7 en Los Inicios del Renacimiento de la Galer\u00eda Uffizi.\" \/>\n<meta name=\"robots\" content=\"index, follow, max-snippet:-1, max-image-preview:large, max-video-preview:-1\" \/>\n<link rel=\"canonical\" href=\"https:\/\/www.visituffizi.org\/es\/obras-de-arte\/la-batalla-de-san-romano-de-paolo-uccello\/\" \/>\n<meta property=\"og:locale\" content=\"es_ES\" \/>\n<meta property=\"og:type\" content=\"article\" \/>\n<meta property=\"og:title\" content=\"Batalla de San Romano de Paolo Uccello en la Galer\u00eda Uffizi\" \/>\n<meta property=\"og:description\" content=\"La Batalla de San Romano de Paolo Uccello se encuentra en la sala 7 en Los Inicios del Renacimiento de la Galer\u00eda Uffizi.\" \/>\n<meta property=\"og:url\" content=\"https:\/\/www.visituffizi.org\/es\/obras-de-arte\/la-batalla-de-san-romano-de-paolo-uccello\/\" \/>\n<meta property=\"og:site_name\" content=\"Visit Uffizi\" \/>\n<meta property=\"article:modified_time\" content=\"2015-09-29T10:33:40+00:00\" \/>\n<meta property=\"og:image\" content=\"https:\/\/www.visituffizi.org\/wp-content\/uploads\/2013\/02\/uccello-battle-san-romano.jpg\" \/>\n\t<meta property=\"og:image:width\" content=\"600\" \/>\n\t<meta property=\"og:image:height\" content=\"338\" \/>\n\t<meta property=\"og:image:type\" content=\"image\/jpeg\" \/>\n<meta name=\"twitter:label1\" content=\"Tiempo de lectura\" \/>\n\t<meta name=\"twitter:data1\" content=\"2 minutos\" \/>\n<script type=\"application\/ld+json\" class=\"yoast-schema-graph\">{\"@context\":\"https:\\\/\\\/schema.org\",\"@graph\":[{\"@type\":\"WebPage\",\"@id\":\"https:\\\/\\\/www.visituffizi.org\\\/es\\\/obras-de-arte\\\/la-batalla-de-san-romano-de-paolo-uccello\\\/\",\"url\":\"https:\\\/\\\/www.visituffizi.org\\\/es\\\/obras-de-arte\\\/la-batalla-de-san-romano-de-paolo-uccello\\\/\",\"name\":\"Batalla de San Romano de Paolo Uccello en la Galer\u00eda Uffizi\",\"isPartOf\":{\"@id\":\"https:\\\/\\\/www.visituffizi.org\\\/it\\\/#website\"},\"primaryImageOfPage\":{\"@id\":\"https:\\\/\\\/www.visituffizi.org\\\/es\\\/obras-de-arte\\\/la-batalla-de-san-romano-de-paolo-uccello\\\/#primaryimage\"},\"image\":{\"@id\":\"https:\\\/\\\/www.visituffizi.org\\\/es\\\/obras-de-arte\\\/la-batalla-de-san-romano-de-paolo-uccello\\\/#primaryimage\"},\"thumbnailUrl\":\"https:\\\/\\\/www.visituffizi.org\\\/wp-content\\\/uploads\\\/2013\\\/02\\\/uccello-battle-san-romano.jpg\",\"datePublished\":\"2015-02-18T17:33:27+00:00\",\"dateModified\":\"2015-09-29T10:33:40+00:00\",\"description\":\"La Batalla de San Romano de Paolo Uccello se encuentra en la sala 7 en Los Inicios del Renacimiento de la Galer\u00eda Uffizi.\",\"breadcrumb\":{\"@id\":\"https:\\\/\\\/www.visituffizi.org\\\/es\\\/obras-de-arte\\\/la-batalla-de-san-romano-de-paolo-uccello\\\/#breadcrumb\"},\"inLanguage\":\"es\",\"potentialAction\":[{\"@type\":\"ReadAction\",\"target\":[\"https:\\\/\\\/www.visituffizi.org\\\/es\\\/obras-de-arte\\\/la-batalla-de-san-romano-de-paolo-uccello\\\/\"]}]},{\"@type\":\"ImageObject\",\"inLanguage\":\"es\",\"@id\":\"https:\\\/\\\/www.visituffizi.org\\\/es\\\/obras-de-arte\\\/la-batalla-de-san-romano-de-paolo-uccello\\\/#primaryimage\",\"url\":\"https:\\\/\\\/www.visituffizi.org\\\/wp-content\\\/uploads\\\/2013\\\/02\\\/uccello-battle-san-romano.jpg\",\"contentUrl\":\"https:\\\/\\\/www.visituffizi.org\\\/wp-content\\\/uploads\\\/2013\\\/02\\\/uccello-battle-san-romano.jpg\",\"width\":600,\"height\":338,\"caption\":\"La Battiaglia di San Romano\"},{\"@type\":\"BreadcrumbList\",\"@id\":\"https:\\\/\\\/www.visituffizi.org\\\/es\\\/obras-de-arte\\\/la-batalla-de-san-romano-de-paolo-uccello\\\/#breadcrumb\",\"itemListElement\":[{\"@type\":\"ListItem\",\"position\":1,\"name\":\"Home\",\"item\":\"https:\\\/\\\/www.visituffizi.org\\\/es\\\/\"},{\"@type\":\"ListItem\",\"position\":2,\"name\":\"Obras de arte\",\"item\":\"https:\\\/\\\/www.visituffizi.org\\\/es\\\/obras-de-arte\\\/\"},{\"@type\":\"ListItem\",\"position\":3,\"name\":\"La Batalla de San Romano de Paolo Uccello\"}]},{\"@type\":\"WebSite\",\"@id\":\"https:\\\/\\\/www.visituffizi.org\\\/it\\\/#website\",\"url\":\"https:\\\/\\\/www.visituffizi.org\\\/it\\\/\",\"name\":\"Visit Uffizi\",\"description\":\"Guide to Uffizi Museum in Florence\",\"potentialAction\":[{\"@type\":\"SearchAction\",\"target\":{\"@type\":\"EntryPoint\",\"urlTemplate\":\"https:\\\/\\\/www.visituffizi.org\\\/it\\\/?s={search_term_string}\"},\"query-input\":{\"@type\":\"PropertyValueSpecification\",\"valueRequired\":true,\"valueName\":\"search_term_string\"}}],\"inLanguage\":\"es\"}]}<\/script>\n<!-- \/ Yoast SEO plugin. -->","yoast_head_json":{"title":"Batalla de San Romano de Paolo Uccello en la Galer\u00eda Uffizi","description":"La Batalla de San Romano de Paolo Uccello se encuentra en la sala 7 en Los Inicios del Renacimiento de la Galer\u00eda Uffizi.","robots":{"index":"index","follow":"follow","max-snippet":"max-snippet:-1","max-image-preview":"max-image-preview:large","max-video-preview":"max-video-preview:-1"},"canonical":"https:\/\/www.visituffizi.org\/es\/obras-de-arte\/la-batalla-de-san-romano-de-paolo-uccello\/","og_locale":"es_ES","og_type":"article","og_title":"Batalla de San Romano de Paolo Uccello en la Galer\u00eda Uffizi","og_description":"La Batalla de San Romano de Paolo Uccello se encuentra en la sala 7 en Los Inicios del Renacimiento de la Galer\u00eda Uffizi.","og_url":"https:\/\/www.visituffizi.org\/es\/obras-de-arte\/la-batalla-de-san-romano-de-paolo-uccello\/","og_site_name":"Visit Uffizi","article_modified_time":"2015-09-29T10:33:40+00:00","og_image":[{"width":600,"height":338,"url":"https:\/\/www.visituffizi.org\/wp-content\/uploads\/2013\/02\/uccello-battle-san-romano.jpg","type":"image\/jpeg"}],"twitter_misc":{"Tiempo de lectura":"2 minutos"},"schema":{"@context":"https:\/\/schema.org","@graph":[{"@type":"WebPage","@id":"https:\/\/www.visituffizi.org\/es\/obras-de-arte\/la-batalla-de-san-romano-de-paolo-uccello\/","url":"https:\/\/www.visituffizi.org\/es\/obras-de-arte\/la-batalla-de-san-romano-de-paolo-uccello\/","name":"Batalla de San Romano de Paolo Uccello en la Galer\u00eda Uffizi","isPartOf":{"@id":"https:\/\/www.visituffizi.org\/it\/#website"},"primaryImageOfPage":{"@id":"https:\/\/www.visituffizi.org\/es\/obras-de-arte\/la-batalla-de-san-romano-de-paolo-uccello\/#primaryimage"},"image":{"@id":"https:\/\/www.visituffizi.org\/es\/obras-de-arte\/la-batalla-de-san-romano-de-paolo-uccello\/#primaryimage"},"thumbnailUrl":"https:\/\/www.visituffizi.org\/wp-content\/uploads\/2013\/02\/uccello-battle-san-romano.jpg","datePublished":"2015-02-18T17:33:27+00:00","dateModified":"2015-09-29T10:33:40+00:00","description":"La Batalla de San Romano de Paolo Uccello se encuentra en la sala 7 en Los Inicios del Renacimiento de la Galer\u00eda Uffizi.","breadcrumb":{"@id":"https:\/\/www.visituffizi.org\/es\/obras-de-arte\/la-batalla-de-san-romano-de-paolo-uccello\/#breadcrumb"},"inLanguage":"es","potentialAction":[{"@type":"ReadAction","target":["https:\/\/www.visituffizi.org\/es\/obras-de-arte\/la-batalla-de-san-romano-de-paolo-uccello\/"]}]},{"@type":"ImageObject","inLanguage":"es","@id":"https:\/\/www.visituffizi.org\/es\/obras-de-arte\/la-batalla-de-san-romano-de-paolo-uccello\/#primaryimage","url":"https:\/\/www.visituffizi.org\/wp-content\/uploads\/2013\/02\/uccello-battle-san-romano.jpg","contentUrl":"https:\/\/www.visituffizi.org\/wp-content\/uploads\/2013\/02\/uccello-battle-san-romano.jpg","width":600,"height":338,"caption":"La Battiaglia di San Romano"},{"@type":"BreadcrumbList","@id":"https:\/\/www.visituffizi.org\/es\/obras-de-arte\/la-batalla-de-san-romano-de-paolo-uccello\/#breadcrumb","itemListElement":[{"@type":"ListItem","position":1,"name":"Home","item":"https:\/\/www.visituffizi.org\/es\/"},{"@type":"ListItem","position":2,"name":"Obras de arte","item":"https:\/\/www.visituffizi.org\/es\/obras-de-arte\/"},{"@type":"ListItem","position":3,"name":"La Batalla de San Romano de Paolo Uccello"}]},{"@type":"WebSite","@id":"https:\/\/www.visituffizi.org\/it\/#website","url":"https:\/\/www.visituffizi.org\/it\/","name":"Visit Uffizi","description":"Guide to Uffizi Museum in Florence","potentialAction":[{"@type":"SearchAction","target":{"@type":"EntryPoint","urlTemplate":"https:\/\/www.visituffizi.org\/it\/?s={search_term_string}"},"query-input":{"@type":"PropertyValueSpecification","valueRequired":true,"valueName":"search_term_string"}}],"inLanguage":"es"}]}},"_links":{"self":[{"href":"https:\/\/www.visituffizi.org\/es\/wp-json\/wp\/v2\/pages\/1718","targetHints":{"allow":["GET"]}}],"collection":[{"href":"https:\/\/www.visituffizi.org\/es\/wp-json\/wp\/v2\/pages"}],"about":[{"href":"https:\/\/www.visituffizi.org\/es\/wp-json\/wp\/v2\/types\/page"}],"author":[{"embeddable":true,"href":"https:\/\/www.visituffizi.org\/es\/wp-json\/wp\/v2\/users\/6"}],"replies":[{"embeddable":true,"href":"https:\/\/www.visituffizi.org\/es\/wp-json\/wp\/v2\/comments?post=1718"}],"version-history":[{"count":0,"href":"https:\/\/www.visituffizi.org\/es\/wp-json\/wp\/v2\/pages\/1718\/revisions"}],"up":[{"embeddable":true,"href":"https:\/\/www.visituffizi.org\/es\/wp-json\/wp\/v2\/pages\/1690"}],"wp:featuredmedia":[{"embeddable":true,"href":"https:\/\/www.visituffizi.org\/es\/wp-json\/wp\/v2\/media\/1006"}],"wp:attachment":[{"href":"https:\/\/www.visituffizi.org\/es\/wp-json\/wp\/v2\/media?parent=1718"}],"curies":[{"name":"wp","href":"https:\/\/api.w.org\/{rel}","templated":true}]}}