{"id":1719,"date":"2015-02-18T17:58:41","date_gmt":"2015-02-18T17:58:41","guid":{"rendered":"https:\/\/www.visituffizi.org\/?page_id=1719"},"modified":"2015-09-28T15:33:34","modified_gmt":"2015-09-28T15:33:34","slug":"retablo-de-santa-lucia-de-magnoli-de-veneziano","status":"publish","type":"page","link":"https:\/\/www.visituffizi.org\/es\/obras-de-arte\/retablo-de-santa-lucia-de-magnoli-de-veneziano\/","title":{"rendered":"Retablo de Santa Lucia de\u2019 Magnoli de Veneziano"},"content":{"rendered":"ngg_shortcode_0_placeholder\n<h1>Retablo de Santa Lucia de\u2019 Magnoli de Veneziano<\/h1>\n<p><img decoding=\"async\" src=\"https:\/\/www.visituffizi.org\/img\/artworks\/veneziano-santa-lucia.jpg\" alt=\"Santa Lucia de' Magnoli Alterpiece by Domenico Veneziano\" \/><\/p>\n<p>El retablo\u00a0fue dibujado por <strong>Domenico Veneziano<\/strong> entre <strong>1445 y 1447<\/strong> para el altar mayor de la Iglesia de Santa Lucia de\u2019 Magnoli en v\u00eda de Bardi. Originariamente ten\u00eda una predela en la parte inferior pero esta fue dividida y hoy las obras las podemos ver en los museos de Washington, Cambridge y Berl\u00edn.<\/p>\n<p>Este retablo\u00a0es probablemente el primero y el m\u00e1s antiguo\u00a0que tiene <strong>forma rectangular<\/strong> y <strong>sin fondo dorado<\/strong>, t\u00edpico del pol\u00edptico g\u00f3tico. El elemento m\u00e1s innovador fue el <strong>uso de la luz<\/strong>. La luz es de hecho el elemento fundamental y se extiende por toda la escena entrando por la esquina superior\u00a0derecha. Adem\u00e1s, el espacio arquitect\u00f3nico es armonioso y es representado siguiendo los principios modernos\u00a0de la <strong>perspectiva geom\u00e9trica<\/strong>, que se ve resaltada por incrustaciones geom\u00e9tricas en el suelo de m\u00e1rmol.<\/p>\n<p>En la escena se representa la Virgen con el ni\u00f1o, al centro, acompa\u00f1ada a su\u00a0izquierda por San Francisco y San Juan Bautista y a su derecha por San Zenobio, santo patr\u00f3n de Florencia y de\u00a0Santa Lucia. Esta obra es\u00a0caracterizada por una\u00a0<strong>luz brillante\u00a0<\/strong>y\u00a0<strong>colores luminosos\u00a0<\/strong>que\u00a0influyeron\u00a0en el\u00a0trabajo de\u00a0Piero della Francesca, quien tuvo oportunidad de colaborar con Domenico Veneziano.<\/p>\n<p>El retablo de Santa Lucia de\u2019 Magnoli de Veneziano se encuentra en la <a href=\"https:\/\/www.visituffizi.org\/es\/las-salas\/sala-7-gentile-da-fabriano\/\">sala 7\u00a0de Gentile da Fabriano<\/a>.<\/p>\n","protected":false},"excerpt":{"rendered":"<p>Este retablo, es probablemente el primero en forma rectangular y sin fondo dorado, el elemento m\u00e1s innovador es el uso de la luz y la perspectiva.<\/p>\n","protected":false},"author":6,"featured_media":1007,"parent":1690,"menu_order":6,"comment_status":"open","ping_status":"open","template":"","meta":{"ngg_post_thumbnail":0,"footnotes":""},"class_list":["post-1719","page","type-page","status-publish","has-post-thumbnail","hentry"],"yoast_head":"<!-- This site is optimized with the Yoast SEO plugin v27.3 - https:\/\/yoast.com\/product\/yoast-seo-wordpress\/ -->\n<title>Retablo de Santa Lucia de\u2019 Magnoli de Veneziano<\/title>\n<meta name=\"description\" content=\"El Retablo de Santa Lucia de\u2019 Magnoli de Veneziano lo puedes encontrar en la Sala 7 - en los Inicios del Renacimiento en la Galer\u00eda Uffizi, Florencia Italia\" \/>\n<meta name=\"robots\" content=\"index, follow, max-snippet:-1, max-image-preview:large, max-video-preview:-1\" \/>\n<link rel=\"canonical\" href=\"https:\/\/www.visituffizi.org\/es\/obras-de-arte\/retablo-de-santa-lucia-de-magnoli-de-veneziano\/\" \/>\n<meta property=\"og:locale\" content=\"es_ES\" \/>\n<meta property=\"og:type\" content=\"article\" \/>\n<meta property=\"og:title\" content=\"Retablo de Santa Lucia de\u2019 Magnoli de Veneziano\" \/>\n<meta property=\"og:description\" content=\"El Retablo de Santa Lucia de\u2019 Magnoli de Veneziano lo puedes encontrar en la Sala 7 - en los Inicios del Renacimiento en la Galer\u00eda Uffizi, Florencia Italia\" \/>\n<meta property=\"og:url\" content=\"https:\/\/www.visituffizi.org\/es\/obras-de-arte\/retablo-de-santa-lucia-de-magnoli-de-veneziano\/\" \/>\n<meta property=\"og:site_name\" content=\"Visit Uffizi\" \/>\n<meta property=\"article:modified_time\" content=\"2015-09-28T15:33:34+00:00\" \/>\n<meta property=\"og:image\" content=\"https:\/\/www.visituffizi.org\/wp-content\/uploads\/2013\/02\/veneziano-santa-lucia.jpg\" \/>\n\t<meta property=\"og:image:width\" content=\"600\" \/>\n\t<meta property=\"og:image:height\" content=\"486\" \/>\n\t<meta property=\"og:image:type\" content=\"image\/jpeg\" \/>\n<meta name=\"twitter:label1\" content=\"Tiempo de lectura\" \/>\n\t<meta name=\"twitter:data1\" content=\"1 minuto\" \/>\n<script type=\"application\/ld+json\" class=\"yoast-schema-graph\">{\"@context\":\"https:\\\/\\\/schema.org\",\"@graph\":[{\"@type\":\"WebPage\",\"@id\":\"https:\\\/\\\/www.visituffizi.org\\\/es\\\/obras-de-arte\\\/retablo-de-santa-lucia-de-magnoli-de-veneziano\\\/\",\"url\":\"https:\\\/\\\/www.visituffizi.org\\\/es\\\/obras-de-arte\\\/retablo-de-santa-lucia-de-magnoli-de-veneziano\\\/\",\"name\":\"Retablo de Santa Lucia de\u2019 Magnoli de Veneziano\",\"isPartOf\":{\"@id\":\"https:\\\/\\\/www.visituffizi.org\\\/it\\\/#website\"},\"primaryImageOfPage\":{\"@id\":\"https:\\\/\\\/www.visituffizi.org\\\/es\\\/obras-de-arte\\\/retablo-de-santa-lucia-de-magnoli-de-veneziano\\\/#primaryimage\"},\"image\":{\"@id\":\"https:\\\/\\\/www.visituffizi.org\\\/es\\\/obras-de-arte\\\/retablo-de-santa-lucia-de-magnoli-de-veneziano\\\/#primaryimage\"},\"thumbnailUrl\":\"https:\\\/\\\/www.visituffizi.org\\\/wp-content\\\/uploads\\\/2013\\\/02\\\/veneziano-santa-lucia.jpg\",\"datePublished\":\"2015-02-18T17:58:41+00:00\",\"dateModified\":\"2015-09-28T15:33:34+00:00\",\"description\":\"El Retablo de Santa Lucia de\u2019 Magnoli de Veneziano lo puedes encontrar en la Sala 7 - en los Inicios del Renacimiento en la Galer\u00eda Uffizi, Florencia Italia\",\"breadcrumb\":{\"@id\":\"https:\\\/\\\/www.visituffizi.org\\\/es\\\/obras-de-arte\\\/retablo-de-santa-lucia-de-magnoli-de-veneziano\\\/#breadcrumb\"},\"inLanguage\":\"es\",\"potentialAction\":[{\"@type\":\"ReadAction\",\"target\":[\"https:\\\/\\\/www.visituffizi.org\\\/es\\\/obras-de-arte\\\/retablo-de-santa-lucia-de-magnoli-de-veneziano\\\/\"]}]},{\"@type\":\"ImageObject\",\"inLanguage\":\"es\",\"@id\":\"https:\\\/\\\/www.visituffizi.org\\\/es\\\/obras-de-arte\\\/retablo-de-santa-lucia-de-magnoli-de-veneziano\\\/#primaryimage\",\"url\":\"https:\\\/\\\/www.visituffizi.org\\\/wp-content\\\/uploads\\\/2013\\\/02\\\/veneziano-santa-lucia.jpg\",\"contentUrl\":\"https:\\\/\\\/www.visituffizi.org\\\/wp-content\\\/uploads\\\/2013\\\/02\\\/veneziano-santa-lucia.jpg\",\"width\":600,\"height\":486,\"caption\":\"Santa Lucia de\u2019 Magnoli - Veneziano\"},{\"@type\":\"BreadcrumbList\",\"@id\":\"https:\\\/\\\/www.visituffizi.org\\\/es\\\/obras-de-arte\\\/retablo-de-santa-lucia-de-magnoli-de-veneziano\\\/#breadcrumb\",\"itemListElement\":[{\"@type\":\"ListItem\",\"position\":1,\"name\":\"Home\",\"item\":\"https:\\\/\\\/www.visituffizi.org\\\/es\\\/\"},{\"@type\":\"ListItem\",\"position\":2,\"name\":\"Obras de arte\",\"item\":\"https:\\\/\\\/www.visituffizi.org\\\/es\\\/obras-de-arte\\\/\"},{\"@type\":\"ListItem\",\"position\":3,\"name\":\"Retablo de Santa Lucia de\u2019 Magnoli de Veneziano\"}]},{\"@type\":\"WebSite\",\"@id\":\"https:\\\/\\\/www.visituffizi.org\\\/it\\\/#website\",\"url\":\"https:\\\/\\\/www.visituffizi.org\\\/it\\\/\",\"name\":\"Visit Uffizi\",\"description\":\"Guide to Uffizi Museum in Florence\",\"potentialAction\":[{\"@type\":\"SearchAction\",\"target\":{\"@type\":\"EntryPoint\",\"urlTemplate\":\"https:\\\/\\\/www.visituffizi.org\\\/it\\\/?s={search_term_string}\"},\"query-input\":{\"@type\":\"PropertyValueSpecification\",\"valueRequired\":true,\"valueName\":\"search_term_string\"}}],\"inLanguage\":\"es\"}]}<\/script>\n<!-- \/ Yoast SEO plugin. -->","yoast_head_json":{"title":"Retablo de Santa Lucia de\u2019 Magnoli de Veneziano","description":"El Retablo de Santa Lucia de\u2019 Magnoli de Veneziano lo puedes encontrar en la Sala 7 - en los Inicios del Renacimiento en la Galer\u00eda Uffizi, Florencia Italia","robots":{"index":"index","follow":"follow","max-snippet":"max-snippet:-1","max-image-preview":"max-image-preview:large","max-video-preview":"max-video-preview:-1"},"canonical":"https:\/\/www.visituffizi.org\/es\/obras-de-arte\/retablo-de-santa-lucia-de-magnoli-de-veneziano\/","og_locale":"es_ES","og_type":"article","og_title":"Retablo de Santa Lucia de\u2019 Magnoli de Veneziano","og_description":"El Retablo de Santa Lucia de\u2019 Magnoli de Veneziano lo puedes encontrar en la Sala 7 - en los Inicios del Renacimiento en la Galer\u00eda Uffizi, Florencia Italia","og_url":"https:\/\/www.visituffizi.org\/es\/obras-de-arte\/retablo-de-santa-lucia-de-magnoli-de-veneziano\/","og_site_name":"Visit Uffizi","article_modified_time":"2015-09-28T15:33:34+00:00","og_image":[{"width":600,"height":486,"url":"https:\/\/www.visituffizi.org\/wp-content\/uploads\/2013\/02\/veneziano-santa-lucia.jpg","type":"image\/jpeg"}],"twitter_misc":{"Tiempo de lectura":"1 minuto"},"schema":{"@context":"https:\/\/schema.org","@graph":[{"@type":"WebPage","@id":"https:\/\/www.visituffizi.org\/es\/obras-de-arte\/retablo-de-santa-lucia-de-magnoli-de-veneziano\/","url":"https:\/\/www.visituffizi.org\/es\/obras-de-arte\/retablo-de-santa-lucia-de-magnoli-de-veneziano\/","name":"Retablo de Santa Lucia de\u2019 Magnoli de Veneziano","isPartOf":{"@id":"https:\/\/www.visituffizi.org\/it\/#website"},"primaryImageOfPage":{"@id":"https:\/\/www.visituffizi.org\/es\/obras-de-arte\/retablo-de-santa-lucia-de-magnoli-de-veneziano\/#primaryimage"},"image":{"@id":"https:\/\/www.visituffizi.org\/es\/obras-de-arte\/retablo-de-santa-lucia-de-magnoli-de-veneziano\/#primaryimage"},"thumbnailUrl":"https:\/\/www.visituffizi.org\/wp-content\/uploads\/2013\/02\/veneziano-santa-lucia.jpg","datePublished":"2015-02-18T17:58:41+00:00","dateModified":"2015-09-28T15:33:34+00:00","description":"El Retablo de Santa Lucia de\u2019 Magnoli de Veneziano lo puedes encontrar en la Sala 7 - en los Inicios del Renacimiento en la Galer\u00eda Uffizi, Florencia Italia","breadcrumb":{"@id":"https:\/\/www.visituffizi.org\/es\/obras-de-arte\/retablo-de-santa-lucia-de-magnoli-de-veneziano\/#breadcrumb"},"inLanguage":"es","potentialAction":[{"@type":"ReadAction","target":["https:\/\/www.visituffizi.org\/es\/obras-de-arte\/retablo-de-santa-lucia-de-magnoli-de-veneziano\/"]}]},{"@type":"ImageObject","inLanguage":"es","@id":"https:\/\/www.visituffizi.org\/es\/obras-de-arte\/retablo-de-santa-lucia-de-magnoli-de-veneziano\/#primaryimage","url":"https:\/\/www.visituffizi.org\/wp-content\/uploads\/2013\/02\/veneziano-santa-lucia.jpg","contentUrl":"https:\/\/www.visituffizi.org\/wp-content\/uploads\/2013\/02\/veneziano-santa-lucia.jpg","width":600,"height":486,"caption":"Santa Lucia de\u2019 Magnoli - Veneziano"},{"@type":"BreadcrumbList","@id":"https:\/\/www.visituffizi.org\/es\/obras-de-arte\/retablo-de-santa-lucia-de-magnoli-de-veneziano\/#breadcrumb","itemListElement":[{"@type":"ListItem","position":1,"name":"Home","item":"https:\/\/www.visituffizi.org\/es\/"},{"@type":"ListItem","position":2,"name":"Obras de arte","item":"https:\/\/www.visituffizi.org\/es\/obras-de-arte\/"},{"@type":"ListItem","position":3,"name":"Retablo de Santa Lucia de\u2019 Magnoli de Veneziano"}]},{"@type":"WebSite","@id":"https:\/\/www.visituffizi.org\/it\/#website","url":"https:\/\/www.visituffizi.org\/it\/","name":"Visit Uffizi","description":"Guide to Uffizi Museum in Florence","potentialAction":[{"@type":"SearchAction","target":{"@type":"EntryPoint","urlTemplate":"https:\/\/www.visituffizi.org\/it\/?s={search_term_string}"},"query-input":{"@type":"PropertyValueSpecification","valueRequired":true,"valueName":"search_term_string"}}],"inLanguage":"es"}]}},"_links":{"self":[{"href":"https:\/\/www.visituffizi.org\/es\/wp-json\/wp\/v2\/pages\/1719","targetHints":{"allow":["GET"]}}],"collection":[{"href":"https:\/\/www.visituffizi.org\/es\/wp-json\/wp\/v2\/pages"}],"about":[{"href":"https:\/\/www.visituffizi.org\/es\/wp-json\/wp\/v2\/types\/page"}],"author":[{"embeddable":true,"href":"https:\/\/www.visituffizi.org\/es\/wp-json\/wp\/v2\/users\/6"}],"replies":[{"embeddable":true,"href":"https:\/\/www.visituffizi.org\/es\/wp-json\/wp\/v2\/comments?post=1719"}],"version-history":[{"count":0,"href":"https:\/\/www.visituffizi.org\/es\/wp-json\/wp\/v2\/pages\/1719\/revisions"}],"up":[{"embeddable":true,"href":"https:\/\/www.visituffizi.org\/es\/wp-json\/wp\/v2\/pages\/1690"}],"wp:featuredmedia":[{"embeddable":true,"href":"https:\/\/www.visituffizi.org\/es\/wp-json\/wp\/v2\/media\/1007"}],"wp:attachment":[{"href":"https:\/\/www.visituffizi.org\/es\/wp-json\/wp\/v2\/media?parent=1719"}],"curies":[{"name":"wp","href":"https:\/\/api.w.org\/{rel}","templated":true}]}}