{"id":1720,"date":"2015-02-18T18:21:14","date_gmt":"2015-02-18T18:21:14","guid":{"rendered":"https:\/\/www.visituffizi.org\/?page_id=1720"},"modified":"2015-03-22T12:35:15","modified_gmt":"2015-03-22T12:35:15","slug":"la-virgen-con-el-nino-y-dos-angeles-de-filippo-lippi","status":"publish","type":"page","link":"https:\/\/www.visituffizi.org\/es\/obras-de-arte\/la-virgen-con-el-nino-y-dos-angeles-de-filippo-lippi\/","title":{"rendered":"La Virgen con el Ni\u00f1o y dos \u00c1ngeles de Filippo Lippi"},"content":{"rendered":"ngg_shortcode_0_placeholder\n<h1>La Virgen con el Ni\u00f1o y dos \u00c1ngeles de Filippo Lippi<\/h1>\n<p><img decoding=\"async\" class=\"right\" src=\"https:\/\/www.visituffizi.org\/img\/artworks\/lippi-madonna-child-angels.jpg\" alt=\"Madonna with Child and two Angels by Filippo Lippi\" \/><\/p>\n<p>Esta obra de <strong>Filippo Lippi<\/strong>,\u00a0realizada alrededor de 1465, es una de sus pinturas m\u00e1s conocida y admiradas del Renacimiento.<\/p>\n<p>Filippo Lippi, monje carmelita, no propio fiel a las obligaciones de la vida religiosa, se enamor\u00f3 perdidamente de la monja <strong>Lucrezia Buti<\/strong>. Ella le correspond\u00eda y despu\u00e9s de a\u00f1os de apasionado y \u201csecreto\u201dromance, ambos renunciaron a sus votos. Tuvieron dos hijos una hija y un hijo, <strong>Filippino<\/strong>, destinado a convertirse en un c\u00e9lebre pintor que sigui\u00f3 los pasos de su padre.<\/p>\n<p>La popularidad de esta obra se deriva probablemente al hecho de que muchos piensan que la Virgen pudiera ser el retrato de Lucrezia Buti.<\/p>\n<p>La <strong>Virgen Mar\u00eda<\/strong> est\u00e1 representada de perfil, rezando\u00a0delante\u00a0del ni\u00f1o sostenido por dos \u00e1ngeles cuyos rostros parecen el de dos<em> bribones<\/em> o ni\u00f1os peque\u00f1os. Detr\u00e1s de ellos un vasto paisaje inspirado en las pinturas flamencas. El peinado de Mar\u00eda es muy elegante, adornado con perlas y velos.<\/p>\n<p>La dulzura y elegancia con la que viene representada, as\u00ed como la gracia de los velos y del peinado ser\u00e1 un <strong>modelo de elegancia\u00a0<\/strong>para muchos pintores como\u00a0<strong>Botticelli<\/strong>. De hecho el autor del\u00a0 \u201cNacimiento de Venus\u201d y\u00a0 \u201cPrimavera\u201d, no fue solo alumno de Filippo Lippi sino tambi\u00e9n amigo y colega de Filippino.<\/p>\n<p>La <em>Virgen con el ni\u00f1o y los dos \u00e1ngeles<\/em> de Filippo Lippi se encuentra en la <a href=\"https:\/\/www.visituffizi.org\/es\/las-salas\/sala-8-filippo-lippi\/\">sala 8 dedicada\u00a0a Filippo Lippi<\/a>.<\/p>\n<p><img decoding=\"async\" class=\"aligncenter\" src=\"https:\/\/www.visituffizi.org\/img\/artworks\/lippi-madonna-detail.jpg\" alt=\"Detail of Lippi's Madonna and of one of the angels\" \/><br \/>\n<em>Detalle de la Virgen,\u00a0su peinado, los adornos\u00a0de su cabello y su\u00a0delicado rostro; uno\u00a0de los \u00e1ngeles que parece mirar al espectador.<\/em><\/p>\n","protected":false},"excerpt":{"rendered":"<p>Esta obra es una de las pinturas m\u00e1s conocida y admiradas del Renacimiento, muestra la elegancia como nunca antes vista y servir\u00e1 de modelo a futuros artistas.<\/p>\n","protected":false},"author":6,"featured_media":998,"parent":1690,"menu_order":7,"comment_status":"open","ping_status":"open","template":"","meta":{"ngg_post_thumbnail":0,"footnotes":""},"class_list":["post-1720","page","type-page","status-publish","has-post-thumbnail","hentry"],"yoast_head":"<!-- This site is optimized with the Yoast SEO plugin v27.4 - https:\/\/yoast.com\/product\/yoast-seo-wordpress\/ -->\n<title>La Virgen con el Ni\u00f1o y dos \u00c1ngeles de Filippo Lippi<\/title>\n<meta name=\"description\" content=\"La famosa Virgen con el Ni\u00f1o y dos \u00c1ngeles de Filippo Lippi se puede admirar en la Sala 8 dedicada al artista en la Galer\u00eda Uffizi, Florencia Italia.\" \/>\n<meta name=\"robots\" content=\"index, follow, max-snippet:-1, max-image-preview:large, max-video-preview:-1\" \/>\n<link rel=\"canonical\" href=\"https:\/\/www.visituffizi.org\/es\/obras-de-arte\/la-virgen-con-el-nino-y-dos-angeles-de-filippo-lippi\/\" \/>\n<meta property=\"og:locale\" content=\"es_ES\" \/>\n<meta property=\"og:type\" content=\"article\" \/>\n<meta property=\"og:title\" content=\"La Virgen con el Ni\u00f1o y dos \u00c1ngeles de Filippo Lippi\" \/>\n<meta property=\"og:description\" content=\"La famosa Virgen con el Ni\u00f1o y dos \u00c1ngeles de Filippo Lippi se puede admirar en la Sala 8 dedicada al artista en la Galer\u00eda Uffizi, Florencia Italia.\" \/>\n<meta property=\"og:url\" content=\"https:\/\/www.visituffizi.org\/es\/obras-de-arte\/la-virgen-con-el-nino-y-dos-angeles-de-filippo-lippi\/\" \/>\n<meta property=\"og:site_name\" content=\"Visit Uffizi\" \/>\n<meta property=\"article:modified_time\" content=\"2015-03-22T12:35:15+00:00\" \/>\n<meta property=\"og:image\" content=\"https:\/\/www.visituffizi.org\/wp-content\/uploads\/2013\/02\/lippi-madonna-child-angels.jpg\" \/>\n\t<meta property=\"og:image:width\" content=\"350\" \/>\n\t<meta property=\"og:image:height\" content=\"520\" \/>\n\t<meta property=\"og:image:type\" content=\"image\/jpeg\" \/>\n<meta name=\"twitter:label1\" content=\"Tiempo de lectura\" \/>\n\t<meta name=\"twitter:data1\" content=\"1 minuto\" \/>\n<script type=\"application\/ld+json\" class=\"yoast-schema-graph\">{\"@context\":\"https:\\\/\\\/schema.org\",\"@graph\":[{\"@type\":\"WebPage\",\"@id\":\"https:\\\/\\\/www.visituffizi.org\\\/es\\\/obras-de-arte\\\/la-virgen-con-el-nino-y-dos-angeles-de-filippo-lippi\\\/\",\"url\":\"https:\\\/\\\/www.visituffizi.org\\\/es\\\/obras-de-arte\\\/la-virgen-con-el-nino-y-dos-angeles-de-filippo-lippi\\\/\",\"name\":\"La Virgen con el Ni\u00f1o y dos \u00c1ngeles de Filippo Lippi\",\"isPartOf\":{\"@id\":\"https:\\\/\\\/www.visituffizi.org\\\/it\\\/#website\"},\"primaryImageOfPage\":{\"@id\":\"https:\\\/\\\/www.visituffizi.org\\\/es\\\/obras-de-arte\\\/la-virgen-con-el-nino-y-dos-angeles-de-filippo-lippi\\\/#primaryimage\"},\"image\":{\"@id\":\"https:\\\/\\\/www.visituffizi.org\\\/es\\\/obras-de-arte\\\/la-virgen-con-el-nino-y-dos-angeles-de-filippo-lippi\\\/#primaryimage\"},\"thumbnailUrl\":\"https:\\\/\\\/www.visituffizi.org\\\/wp-content\\\/uploads\\\/2013\\\/02\\\/lippi-madonna-child-angels.jpg\",\"datePublished\":\"2015-02-18T18:21:14+00:00\",\"dateModified\":\"2015-03-22T12:35:15+00:00\",\"description\":\"La famosa Virgen con el Ni\u00f1o y dos \u00c1ngeles de Filippo Lippi se puede admirar en la Sala 8 dedicada al artista en la Galer\u00eda Uffizi, Florencia Italia.\",\"breadcrumb\":{\"@id\":\"https:\\\/\\\/www.visituffizi.org\\\/es\\\/obras-de-arte\\\/la-virgen-con-el-nino-y-dos-angeles-de-filippo-lippi\\\/#breadcrumb\"},\"inLanguage\":\"es\",\"potentialAction\":[{\"@type\":\"ReadAction\",\"target\":[\"https:\\\/\\\/www.visituffizi.org\\\/es\\\/obras-de-arte\\\/la-virgen-con-el-nino-y-dos-angeles-de-filippo-lippi\\\/\"]}]},{\"@type\":\"ImageObject\",\"inLanguage\":\"es\",\"@id\":\"https:\\\/\\\/www.visituffizi.org\\\/es\\\/obras-de-arte\\\/la-virgen-con-el-nino-y-dos-angeles-de-filippo-lippi\\\/#primaryimage\",\"url\":\"https:\\\/\\\/www.visituffizi.org\\\/wp-content\\\/uploads\\\/2013\\\/02\\\/lippi-madonna-child-angels.jpg\",\"contentUrl\":\"https:\\\/\\\/www.visituffizi.org\\\/wp-content\\\/uploads\\\/2013\\\/02\\\/lippi-madonna-child-angels.jpg\",\"width\":350,\"height\":520,\"caption\":\"Madonna con Bambino e Angeli - Lippi\"},{\"@type\":\"BreadcrumbList\",\"@id\":\"https:\\\/\\\/www.visituffizi.org\\\/es\\\/obras-de-arte\\\/la-virgen-con-el-nino-y-dos-angeles-de-filippo-lippi\\\/#breadcrumb\",\"itemListElement\":[{\"@type\":\"ListItem\",\"position\":1,\"name\":\"Home\",\"item\":\"https:\\\/\\\/www.visituffizi.org\\\/es\\\/\"},{\"@type\":\"ListItem\",\"position\":2,\"name\":\"Obras de arte\",\"item\":\"https:\\\/\\\/www.visituffizi.org\\\/es\\\/obras-de-arte\\\/\"},{\"@type\":\"ListItem\",\"position\":3,\"name\":\"La Virgen con el Ni\u00f1o y dos \u00c1ngeles de Filippo Lippi\"}]},{\"@type\":\"WebSite\",\"@id\":\"https:\\\/\\\/www.visituffizi.org\\\/it\\\/#website\",\"url\":\"https:\\\/\\\/www.visituffizi.org\\\/it\\\/\",\"name\":\"Visit Uffizi\",\"description\":\"Guide to Uffizi Museum in Florence\",\"potentialAction\":[{\"@type\":\"SearchAction\",\"target\":{\"@type\":\"EntryPoint\",\"urlTemplate\":\"https:\\\/\\\/www.visituffizi.org\\\/it\\\/?s={search_term_string}\"},\"query-input\":{\"@type\":\"PropertyValueSpecification\",\"valueRequired\":true,\"valueName\":\"search_term_string\"}}],\"inLanguage\":\"es\"}]}<\/script>\n<!-- \/ Yoast SEO plugin. -->","yoast_head_json":{"title":"La Virgen con el Ni\u00f1o y dos \u00c1ngeles de Filippo Lippi","description":"La famosa Virgen con el Ni\u00f1o y dos \u00c1ngeles de Filippo Lippi se puede admirar en la Sala 8 dedicada al artista en la Galer\u00eda Uffizi, Florencia Italia.","robots":{"index":"index","follow":"follow","max-snippet":"max-snippet:-1","max-image-preview":"max-image-preview:large","max-video-preview":"max-video-preview:-1"},"canonical":"https:\/\/www.visituffizi.org\/es\/obras-de-arte\/la-virgen-con-el-nino-y-dos-angeles-de-filippo-lippi\/","og_locale":"es_ES","og_type":"article","og_title":"La Virgen con el Ni\u00f1o y dos \u00c1ngeles de Filippo Lippi","og_description":"La famosa Virgen con el Ni\u00f1o y dos \u00c1ngeles de Filippo Lippi se puede admirar en la Sala 8 dedicada al artista en la Galer\u00eda Uffizi, Florencia Italia.","og_url":"https:\/\/www.visituffizi.org\/es\/obras-de-arte\/la-virgen-con-el-nino-y-dos-angeles-de-filippo-lippi\/","og_site_name":"Visit Uffizi","article_modified_time":"2015-03-22T12:35:15+00:00","og_image":[{"width":350,"height":520,"url":"https:\/\/www.visituffizi.org\/wp-content\/uploads\/2013\/02\/lippi-madonna-child-angels.jpg","type":"image\/jpeg"}],"twitter_misc":{"Tiempo de lectura":"1 minuto"},"schema":{"@context":"https:\/\/schema.org","@graph":[{"@type":"WebPage","@id":"https:\/\/www.visituffizi.org\/es\/obras-de-arte\/la-virgen-con-el-nino-y-dos-angeles-de-filippo-lippi\/","url":"https:\/\/www.visituffizi.org\/es\/obras-de-arte\/la-virgen-con-el-nino-y-dos-angeles-de-filippo-lippi\/","name":"La Virgen con el Ni\u00f1o y dos \u00c1ngeles de Filippo Lippi","isPartOf":{"@id":"https:\/\/www.visituffizi.org\/it\/#website"},"primaryImageOfPage":{"@id":"https:\/\/www.visituffizi.org\/es\/obras-de-arte\/la-virgen-con-el-nino-y-dos-angeles-de-filippo-lippi\/#primaryimage"},"image":{"@id":"https:\/\/www.visituffizi.org\/es\/obras-de-arte\/la-virgen-con-el-nino-y-dos-angeles-de-filippo-lippi\/#primaryimage"},"thumbnailUrl":"https:\/\/www.visituffizi.org\/wp-content\/uploads\/2013\/02\/lippi-madonna-child-angels.jpg","datePublished":"2015-02-18T18:21:14+00:00","dateModified":"2015-03-22T12:35:15+00:00","description":"La famosa Virgen con el Ni\u00f1o y dos \u00c1ngeles de Filippo Lippi se puede admirar en la Sala 8 dedicada al artista en la Galer\u00eda Uffizi, Florencia Italia.","breadcrumb":{"@id":"https:\/\/www.visituffizi.org\/es\/obras-de-arte\/la-virgen-con-el-nino-y-dos-angeles-de-filippo-lippi\/#breadcrumb"},"inLanguage":"es","potentialAction":[{"@type":"ReadAction","target":["https:\/\/www.visituffizi.org\/es\/obras-de-arte\/la-virgen-con-el-nino-y-dos-angeles-de-filippo-lippi\/"]}]},{"@type":"ImageObject","inLanguage":"es","@id":"https:\/\/www.visituffizi.org\/es\/obras-de-arte\/la-virgen-con-el-nino-y-dos-angeles-de-filippo-lippi\/#primaryimage","url":"https:\/\/www.visituffizi.org\/wp-content\/uploads\/2013\/02\/lippi-madonna-child-angels.jpg","contentUrl":"https:\/\/www.visituffizi.org\/wp-content\/uploads\/2013\/02\/lippi-madonna-child-angels.jpg","width":350,"height":520,"caption":"Madonna con Bambino e Angeli - Lippi"},{"@type":"BreadcrumbList","@id":"https:\/\/www.visituffizi.org\/es\/obras-de-arte\/la-virgen-con-el-nino-y-dos-angeles-de-filippo-lippi\/#breadcrumb","itemListElement":[{"@type":"ListItem","position":1,"name":"Home","item":"https:\/\/www.visituffizi.org\/es\/"},{"@type":"ListItem","position":2,"name":"Obras de arte","item":"https:\/\/www.visituffizi.org\/es\/obras-de-arte\/"},{"@type":"ListItem","position":3,"name":"La Virgen con el Ni\u00f1o y dos \u00c1ngeles de Filippo Lippi"}]},{"@type":"WebSite","@id":"https:\/\/www.visituffizi.org\/it\/#website","url":"https:\/\/www.visituffizi.org\/it\/","name":"Visit Uffizi","description":"Guide to Uffizi Museum in Florence","potentialAction":[{"@type":"SearchAction","target":{"@type":"EntryPoint","urlTemplate":"https:\/\/www.visituffizi.org\/it\/?s={search_term_string}"},"query-input":{"@type":"PropertyValueSpecification","valueRequired":true,"valueName":"search_term_string"}}],"inLanguage":"es"}]}},"_links":{"self":[{"href":"https:\/\/www.visituffizi.org\/es\/wp-json\/wp\/v2\/pages\/1720","targetHints":{"allow":["GET"]}}],"collection":[{"href":"https:\/\/www.visituffizi.org\/es\/wp-json\/wp\/v2\/pages"}],"about":[{"href":"https:\/\/www.visituffizi.org\/es\/wp-json\/wp\/v2\/types\/page"}],"author":[{"embeddable":true,"href":"https:\/\/www.visituffizi.org\/es\/wp-json\/wp\/v2\/users\/6"}],"replies":[{"embeddable":true,"href":"https:\/\/www.visituffizi.org\/es\/wp-json\/wp\/v2\/comments?post=1720"}],"version-history":[{"count":0,"href":"https:\/\/www.visituffizi.org\/es\/wp-json\/wp\/v2\/pages\/1720\/revisions"}],"up":[{"embeddable":true,"href":"https:\/\/www.visituffizi.org\/es\/wp-json\/wp\/v2\/pages\/1690"}],"wp:featuredmedia":[{"embeddable":true,"href":"https:\/\/www.visituffizi.org\/es\/wp-json\/wp\/v2\/media\/998"}],"wp:attachment":[{"href":"https:\/\/www.visituffizi.org\/es\/wp-json\/wp\/v2\/media?parent=1720"}],"curies":[{"name":"wp","href":"https:\/\/api.w.org\/{rel}","templated":true}]}}