{"id":1721,"date":"2015-02-18T19:14:53","date_gmt":"2015-02-18T19:14:53","guid":{"rendered":"https:\/\/www.visituffizi.org\/?page_id=1721"},"modified":"2015-08-04T20:52:20","modified_gmt":"2015-08-04T20:52:20","slug":"la-primavera-de-botticelli","status":"publish","type":"page","link":"https:\/\/www.visituffizi.org\/es\/obras-de-arte\/la-primavera-de-botticelli\/","title":{"rendered":"La Primavera de Botticelli"},"content":{"rendered":"ngg_shortcode_0_placeholder\n<h1>La Primavera\u00a0de Botticelli<\/h1>\n<p><img decoding=\"async\" src=\"https:\/\/www.visituffizi.org\/img\/artworks\/botticelli-primavera.jpg\" alt=\"Primavera or Allegory of Spring by Sandro Botticelli\" \/><\/p>\n<p>Esta c\u00e9lebre y amada obra del gran Botticelli fue realizada para <strong>Lorenzo de Pierfrancesco de&#8217; Medici<\/strong>, primo de Lorenzo el Magn\u00edfico. Los Medici eran una importante familia de banqueros\u00a0 florentinos y m\u00e1s tarde la casa real de Toscana.<\/p>\n<p>Los cr\u00edticos est\u00e1n divididos sobre la fecha de la obra. De cualquier modo fue seguramente pintada <strong>entre 1477 y 1482<\/strong>.<\/p>\n<p>La Primavera est\u00e1 llena de\u00a0<strong>significados aleg\u00f3ricos<\/strong> de dif\u00edcil e incierta interpretaci\u00f3n.<br \/>\nEntre las hip\u00f3tesis m\u00e1s acreditadas esta aquella de la interpretaci\u00f3n del reino de Venus, cantado por los poetas antiguos y de Poliziano (famosos letrado en la corte de los Medici). A la derecha C\u00e9firo, dios del viento\u00a0(el joven de rosto azulado) persigue a Flora\u00a0y la fecunda con su aliento. Flora se transforma en Primavera, la mujer elegante\u00a0que esparce flores por el mundo. Venus, al centro, representa la \u201cHumanitas\u201d es decir la unidad y armon\u00eda, entre\u00a0naturaleza y civilizaci\u00f3n. A la izquierda las tres danzan y Mercurio disipa las nubes.<\/p>\n<p>La alegor\u00eda a\u00a0la Primavera es una obra muy<strong>\u00a0refinada<\/strong>. Los detalles naturalistas de la\u00a0 pradera\u00a0(hay cientos de tipos de flores), el uso h\u00e1bil\u00a0del color, la elegancia de las figuras, la poes\u00eda del conjunto, han hecho justamente celebre \u00e9sta importante y fascinante obra en todo el mundo.<\/p>\n<p>Dejando de lado las muchas posibles\u00a0 interpretaciones\u00a0 propuestas por varios expertos, lo que es seguro es el significado <strong>human\u00edstico<\/strong> de la obra: Venus representa la Humanitas que distingue los valores\u00a0materiales (a la derecha) de los espirituales (a la izquierda). Humanitas promueve la idea del hombre, confiado en sus propias habilidades, y al mismo tiempo sensible a las necesidades de los dem\u00e1s.<\/p>\n<p>Esta concepci\u00f3n\u00a0de origen antiguo fue respaldada por los Humanistas del Renacimiento y del c\u00edrculo Neoplat\u00f3nico que giraba en torno a la corte de los Medici. El Neoplatonismo fue una corriente filos\u00f3fica y est\u00e9tica que trataba de fusionar el pensamiento del\u00a0fil\u00f3sofo griego Plat\u00f3n con los conceptos m\u00e1s nobles del cristianismo. La concepci\u00f3n de la belleza y del amor\u00a0 absoluto t\u00edpico del Neoplatonismo influy\u00f3 mucho en la cultura renacentista y en el mismo Botticelli.<br \/>\nPor lo tanto, se puede imaginar que detr\u00e1s de la interpretaci\u00f3n filos\u00f3fica de la pintura, Botticelli y su cliente pensaban en una apolog\u00eda hacia los Medici, a su sofisticada visi\u00f3n del futuro\u00a0y al profundo amor por la cultura y el arte.<\/p>\n<p>Las <a href=\"https:\/\/www.visituffizi.org\/es\/las-salas\/sala-10-14-botticelli\/\">Salas 10\/14 <\/a>est\u00e1n dedicadas a las obras de <strong>Botticelli<\/strong>, donde encontraran tambi\u00e9n su famosa obra\u00a0 <a href=\"https:\/\/www.visituffizi.org\/es\/obras-de-arte\/el-nacimiento-de-venus-de-botticelli\/\">El Nacimiento de Venus<\/a>.<\/p>\n","protected":false},"excerpt":{"rendered":"<p>Los historiadores no estan totalmente de acuerdo sobre el significado del cuadro, pero la mayoria cree que est\u00e1 influenciada en la escuela neoplat\u00f3nica florentina.<\/p>\n","protected":false},"author":6,"featured_media":995,"parent":1690,"menu_order":8,"comment_status":"open","ping_status":"closed","template":"","meta":{"ngg_post_thumbnail":0,"footnotes":""},"class_list":["post-1721","page","type-page","status-publish","has-post-thumbnail","hentry"],"yoast_head":"<!-- This site is optimized with the Yoast SEO plugin v27.4 - https:\/\/yoast.com\/product\/yoast-seo-wordpress\/ -->\n<title>Primavera de Sandro Botticelli en la Galer\u00eda Uffizi en Florencia<\/title>\n<meta name=\"description\" content=\"La magn\u00edfica primavera de Botticelli se puede apreciar en las salas 10\/14 de la Galer\u00eda Uffizi en Florencia Italia.\" \/>\n<meta name=\"robots\" content=\"index, follow, max-snippet:-1, max-image-preview:large, max-video-preview:-1\" \/>\n<link rel=\"canonical\" href=\"https:\/\/www.visituffizi.org\/es\/obras-de-arte\/la-primavera-de-botticelli\/\" \/>\n<meta property=\"og:locale\" content=\"es_ES\" \/>\n<meta property=\"og:type\" content=\"article\" \/>\n<meta property=\"og:title\" content=\"Primavera de Sandro Botticelli en la Galer\u00eda Uffizi en Florencia\" \/>\n<meta property=\"og:description\" content=\"La magn\u00edfica primavera de Botticelli se puede apreciar en las salas 10\/14 de la Galer\u00eda Uffizi en Florencia Italia.\" \/>\n<meta property=\"og:url\" content=\"https:\/\/www.visituffizi.org\/es\/obras-de-arte\/la-primavera-de-botticelli\/\" \/>\n<meta property=\"og:site_name\" content=\"Visit Uffizi\" \/>\n<meta property=\"article:modified_time\" content=\"2015-08-04T20:52:20+00:00\" \/>\n<meta property=\"og:image\" content=\"https:\/\/www.visituffizi.org\/wp-content\/uploads\/2013\/02\/botticelli-primavera.jpg\" \/>\n\t<meta property=\"og:image:width\" content=\"600\" \/>\n\t<meta property=\"og:image:height\" content=\"394\" \/>\n\t<meta property=\"og:image:type\" content=\"image\/jpeg\" \/>\n<meta name=\"twitter:label1\" content=\"Tiempo de lectura\" \/>\n\t<meta name=\"twitter:data1\" content=\"2 minutos\" \/>\n<script type=\"application\/ld+json\" class=\"yoast-schema-graph\">{\"@context\":\"https:\\\/\\\/schema.org\",\"@graph\":[{\"@type\":\"WebPage\",\"@id\":\"https:\\\/\\\/www.visituffizi.org\\\/es\\\/obras-de-arte\\\/la-primavera-de-botticelli\\\/\",\"url\":\"https:\\\/\\\/www.visituffizi.org\\\/es\\\/obras-de-arte\\\/la-primavera-de-botticelli\\\/\",\"name\":\"Primavera de Sandro Botticelli en la Galer\u00eda Uffizi en Florencia\",\"isPartOf\":{\"@id\":\"https:\\\/\\\/www.visituffizi.org\\\/it\\\/#website\"},\"primaryImageOfPage\":{\"@id\":\"https:\\\/\\\/www.visituffizi.org\\\/es\\\/obras-de-arte\\\/la-primavera-de-botticelli\\\/#primaryimage\"},\"image\":{\"@id\":\"https:\\\/\\\/www.visituffizi.org\\\/es\\\/obras-de-arte\\\/la-primavera-de-botticelli\\\/#primaryimage\"},\"thumbnailUrl\":\"https:\\\/\\\/www.visituffizi.org\\\/wp-content\\\/uploads\\\/2013\\\/02\\\/botticelli-primavera.jpg\",\"datePublished\":\"2015-02-18T19:14:53+00:00\",\"dateModified\":\"2015-08-04T20:52:20+00:00\",\"description\":\"La magn\u00edfica primavera de Botticelli se puede apreciar en las salas 10\\\/14 de la Galer\u00eda Uffizi en Florencia Italia.\",\"breadcrumb\":{\"@id\":\"https:\\\/\\\/www.visituffizi.org\\\/es\\\/obras-de-arte\\\/la-primavera-de-botticelli\\\/#breadcrumb\"},\"inLanguage\":\"es\",\"potentialAction\":[{\"@type\":\"ReadAction\",\"target\":[\"https:\\\/\\\/www.visituffizi.org\\\/es\\\/obras-de-arte\\\/la-primavera-de-botticelli\\\/\"]}]},{\"@type\":\"ImageObject\",\"inLanguage\":\"es\",\"@id\":\"https:\\\/\\\/www.visituffizi.org\\\/es\\\/obras-de-arte\\\/la-primavera-de-botticelli\\\/#primaryimage\",\"url\":\"https:\\\/\\\/www.visituffizi.org\\\/wp-content\\\/uploads\\\/2013\\\/02\\\/botticelli-primavera.jpg\",\"contentUrl\":\"https:\\\/\\\/www.visituffizi.org\\\/wp-content\\\/uploads\\\/2013\\\/02\\\/botticelli-primavera.jpg\",\"width\":600,\"height\":394,\"caption\":\"Primavera - Botticelli\"},{\"@type\":\"BreadcrumbList\",\"@id\":\"https:\\\/\\\/www.visituffizi.org\\\/es\\\/obras-de-arte\\\/la-primavera-de-botticelli\\\/#breadcrumb\",\"itemListElement\":[{\"@type\":\"ListItem\",\"position\":1,\"name\":\"Home\",\"item\":\"https:\\\/\\\/www.visituffizi.org\\\/es\\\/\"},{\"@type\":\"ListItem\",\"position\":2,\"name\":\"Obras de arte\",\"item\":\"https:\\\/\\\/www.visituffizi.org\\\/es\\\/obras-de-arte\\\/\"},{\"@type\":\"ListItem\",\"position\":3,\"name\":\"La Primavera de Botticelli\"}]},{\"@type\":\"WebSite\",\"@id\":\"https:\\\/\\\/www.visituffizi.org\\\/it\\\/#website\",\"url\":\"https:\\\/\\\/www.visituffizi.org\\\/it\\\/\",\"name\":\"Visit Uffizi\",\"description\":\"Guide to Uffizi Museum in Florence\",\"potentialAction\":[{\"@type\":\"SearchAction\",\"target\":{\"@type\":\"EntryPoint\",\"urlTemplate\":\"https:\\\/\\\/www.visituffizi.org\\\/it\\\/?s={search_term_string}\"},\"query-input\":{\"@type\":\"PropertyValueSpecification\",\"valueRequired\":true,\"valueName\":\"search_term_string\"}}],\"inLanguage\":\"es\"}]}<\/script>\n<!-- \/ Yoast SEO plugin. -->","yoast_head_json":{"title":"Primavera de Sandro Botticelli en la Galer\u00eda Uffizi en Florencia","description":"La magn\u00edfica primavera de Botticelli se puede apreciar en las salas 10\/14 de la Galer\u00eda Uffizi en Florencia Italia.","robots":{"index":"index","follow":"follow","max-snippet":"max-snippet:-1","max-image-preview":"max-image-preview:large","max-video-preview":"max-video-preview:-1"},"canonical":"https:\/\/www.visituffizi.org\/es\/obras-de-arte\/la-primavera-de-botticelli\/","og_locale":"es_ES","og_type":"article","og_title":"Primavera de Sandro Botticelli en la Galer\u00eda Uffizi en Florencia","og_description":"La magn\u00edfica primavera de Botticelli se puede apreciar en las salas 10\/14 de la Galer\u00eda Uffizi en Florencia Italia.","og_url":"https:\/\/www.visituffizi.org\/es\/obras-de-arte\/la-primavera-de-botticelli\/","og_site_name":"Visit Uffizi","article_modified_time":"2015-08-04T20:52:20+00:00","og_image":[{"width":600,"height":394,"url":"https:\/\/www.visituffizi.org\/wp-content\/uploads\/2013\/02\/botticelli-primavera.jpg","type":"image\/jpeg"}],"twitter_misc":{"Tiempo de lectura":"2 minutos"},"schema":{"@context":"https:\/\/schema.org","@graph":[{"@type":"WebPage","@id":"https:\/\/www.visituffizi.org\/es\/obras-de-arte\/la-primavera-de-botticelli\/","url":"https:\/\/www.visituffizi.org\/es\/obras-de-arte\/la-primavera-de-botticelli\/","name":"Primavera de Sandro Botticelli en la Galer\u00eda Uffizi en Florencia","isPartOf":{"@id":"https:\/\/www.visituffizi.org\/it\/#website"},"primaryImageOfPage":{"@id":"https:\/\/www.visituffizi.org\/es\/obras-de-arte\/la-primavera-de-botticelli\/#primaryimage"},"image":{"@id":"https:\/\/www.visituffizi.org\/es\/obras-de-arte\/la-primavera-de-botticelli\/#primaryimage"},"thumbnailUrl":"https:\/\/www.visituffizi.org\/wp-content\/uploads\/2013\/02\/botticelli-primavera.jpg","datePublished":"2015-02-18T19:14:53+00:00","dateModified":"2015-08-04T20:52:20+00:00","description":"La magn\u00edfica primavera de Botticelli se puede apreciar en las salas 10\/14 de la Galer\u00eda Uffizi en Florencia Italia.","breadcrumb":{"@id":"https:\/\/www.visituffizi.org\/es\/obras-de-arte\/la-primavera-de-botticelli\/#breadcrumb"},"inLanguage":"es","potentialAction":[{"@type":"ReadAction","target":["https:\/\/www.visituffizi.org\/es\/obras-de-arte\/la-primavera-de-botticelli\/"]}]},{"@type":"ImageObject","inLanguage":"es","@id":"https:\/\/www.visituffizi.org\/es\/obras-de-arte\/la-primavera-de-botticelli\/#primaryimage","url":"https:\/\/www.visituffizi.org\/wp-content\/uploads\/2013\/02\/botticelli-primavera.jpg","contentUrl":"https:\/\/www.visituffizi.org\/wp-content\/uploads\/2013\/02\/botticelli-primavera.jpg","width":600,"height":394,"caption":"Primavera - Botticelli"},{"@type":"BreadcrumbList","@id":"https:\/\/www.visituffizi.org\/es\/obras-de-arte\/la-primavera-de-botticelli\/#breadcrumb","itemListElement":[{"@type":"ListItem","position":1,"name":"Home","item":"https:\/\/www.visituffizi.org\/es\/"},{"@type":"ListItem","position":2,"name":"Obras de arte","item":"https:\/\/www.visituffizi.org\/es\/obras-de-arte\/"},{"@type":"ListItem","position":3,"name":"La Primavera de Botticelli"}]},{"@type":"WebSite","@id":"https:\/\/www.visituffizi.org\/it\/#website","url":"https:\/\/www.visituffizi.org\/it\/","name":"Visit Uffizi","description":"Guide to Uffizi Museum in Florence","potentialAction":[{"@type":"SearchAction","target":{"@type":"EntryPoint","urlTemplate":"https:\/\/www.visituffizi.org\/it\/?s={search_term_string}"},"query-input":{"@type":"PropertyValueSpecification","valueRequired":true,"valueName":"search_term_string"}}],"inLanguage":"es"}]}},"_links":{"self":[{"href":"https:\/\/www.visituffizi.org\/es\/wp-json\/wp\/v2\/pages\/1721","targetHints":{"allow":["GET"]}}],"collection":[{"href":"https:\/\/www.visituffizi.org\/es\/wp-json\/wp\/v2\/pages"}],"about":[{"href":"https:\/\/www.visituffizi.org\/es\/wp-json\/wp\/v2\/types\/page"}],"author":[{"embeddable":true,"href":"https:\/\/www.visituffizi.org\/es\/wp-json\/wp\/v2\/users\/6"}],"replies":[{"embeddable":true,"href":"https:\/\/www.visituffizi.org\/es\/wp-json\/wp\/v2\/comments?post=1721"}],"version-history":[{"count":0,"href":"https:\/\/www.visituffizi.org\/es\/wp-json\/wp\/v2\/pages\/1721\/revisions"}],"up":[{"embeddable":true,"href":"https:\/\/www.visituffizi.org\/es\/wp-json\/wp\/v2\/pages\/1690"}],"wp:featuredmedia":[{"embeddable":true,"href":"https:\/\/www.visituffizi.org\/es\/wp-json\/wp\/v2\/media\/995"}],"wp:attachment":[{"href":"https:\/\/www.visituffizi.org\/es\/wp-json\/wp\/v2\/media?parent=1721"}],"curies":[{"name":"wp","href":"https:\/\/api.w.org\/{rel}","templated":true}]}}