{"id":1723,"date":"2015-02-18T19:36:38","date_gmt":"2015-02-18T19:36:38","guid":{"rendered":"https:\/\/www.visituffizi.org\/?page_id=1723"},"modified":"2015-08-04T20:55:11","modified_gmt":"2015-08-04T20:55:11","slug":"el-tondo-doni-de-miguel-angel","status":"publish","type":"page","link":"https:\/\/www.visituffizi.org\/es\/obras-de-arte\/el-tondo-doni-de-miguel-angel\/","title":{"rendered":"Tondo Doni de Miguel \u00c1ngel"},"content":{"rendered":"ngg_shortcode_0_placeholder\n<h1>El Tondo Doni de Miguel \u00c1ngel<\/h1>\n<p><img decoding=\"async\" class=\"right noborder\" src=\"https:\/\/www.visituffizi.org\/img\/artworks\/michelangelo-tondo-doni.jpg\" alt=\"Tondo Doni di Michelangelo\" \/><\/p>\n<p>El Tondo Doni o Sagrada Familia resale al periodo en el cual Miguel \u00c1ngel regres\u00f3 a<strong> Florencia<\/strong> despu\u00e9s de su primera estancia en Roma, el mismo periodo en el\u00a0que el gran artista esculpi\u00f3 el famoso <strong>David<\/strong>.<\/p>\n<p>La obra, datada 1506-1508 es la <strong>\u00fanica pintura de Miguel \u00c1ngel presente en Florencia<\/strong> y es considerada una de las <strong>obras maestras<\/strong> del siglo XVI del arte Italiano.<\/p>\n<p>Durante el Renacimiento el \u201ctondo\u201d era un trabajo t\u00edpico solicitado por clientes privados. Fue comisionada por el adinerado banquero <strong>Agnolo Doni<\/strong>, probablemente en ocasi\u00f3n de su matrimonio con Magdalena, perteneciente a la importante familia de los Strozzi.<\/p>\n<p>Las figuras de Mar\u00eda, Jos\u00e9 y el Ni\u00f1o se agrupan en un \u00fanico volumen central en el que la rotaci\u00f3n de la Virgen da a la composici\u00f3n un movimiento en espiral que posteriormente ser\u00e1 usado por muchos artistas. En el fondo un grupo de j\u00f3venes desnudos traen a la mente un tema cl\u00e1sico, que simboliza la humanidad pagana que\u00a0a\u00fan desconoce la doctrina cristiana. Tambi\u00e9n es interesante notar\u00a0el espl\u00e9ndido marco de madera tallado, dise\u00f1ado por el mismo Miguel \u00c1ngel.<\/p>\n<p>De un punto de vista art\u00edstico, el Tondo Doni sentar\u00e1 las bases del denominado <strong>Manierismo<\/strong>, el estilo de pintura que prefiere, posturas\u00a0extra\u00f1as,\u00a0poco naturales\u00a0y\u00a0colores iridiscentes con respecto a la pintura compuesta y equilibrada del siglo XV.<\/p>\n<p>El Tondo Doni es una obra muy importante, ya que <strong>es uno de los pocos ejemplos<\/strong> de <strong>pintura<\/strong> de Miguel \u00c1ngel,\u00a0junto con los majestuosos frescos presentes en la Capilla Sixtina en el Vaticano.<\/p>\n<p>El Tondo Doni de<strong> Miguel \u00c1ngel<\/strong> se encuentra en la <a href=\"https:\/\/www.visituffizi.org\/es\/las-salas\/sala-35-miguel-angel-y-los-florentinos\/\">Sala 35<\/a>.<\/p>\n<p>&nbsp;<\/p>\n","protected":false},"excerpt":{"rendered":"<p>Esta es la \u00fanica pintura de Miguel \u00c1ngel presente en Florencia, la composici\u00f3n en piramide de los personajes la posici\u00f3n en espiral y los colores hacen de esta obra una innovaci\u00f3n en todos los aspectos<\/p>\n","protected":false},"author":6,"featured_media":1001,"parent":1690,"menu_order":11,"comment_status":"open","ping_status":"open","template":"","meta":{"ngg_post_thumbnail":0,"footnotes":""},"class_list":["post-1723","page","type-page","status-publish","has-post-thumbnail","hentry"],"yoast_head":"<!-- This site is optimized with the Yoast SEO plugin v27.4 - https:\/\/yoast.com\/product\/yoast-seo-wordpress\/ -->\n<title>Tondo Doni o Sagrada Familia de Miguel \u00c1ngel Buonarroti<\/title>\n<meta name=\"description\" content=\"El innovativo Tondo Doni o Sagrada Familia de Miguel \u00c1ngel se puede disfrutar en la sala 35 de la Galer\u00eda Uffizi en Florencia Italia.\" \/>\n<meta name=\"robots\" content=\"index, follow, max-snippet:-1, max-image-preview:large, max-video-preview:-1\" \/>\n<link rel=\"canonical\" href=\"https:\/\/www.visituffizi.org\/es\/obras-de-arte\/el-tondo-doni-de-miguel-angel\/\" \/>\n<meta property=\"og:locale\" content=\"es_ES\" \/>\n<meta property=\"og:type\" content=\"article\" \/>\n<meta property=\"og:title\" content=\"Tondo Doni o Sagrada Familia de Miguel \u00c1ngel Buonarroti\" \/>\n<meta property=\"og:description\" content=\"El innovativo Tondo Doni o Sagrada Familia de Miguel \u00c1ngel se puede disfrutar en la sala 35 de la Galer\u00eda Uffizi en Florencia Italia.\" \/>\n<meta property=\"og:url\" content=\"https:\/\/www.visituffizi.org\/es\/obras-de-arte\/el-tondo-doni-de-miguel-angel\/\" \/>\n<meta property=\"og:site_name\" content=\"Visit Uffizi\" \/>\n<meta property=\"article:modified_time\" content=\"2015-08-04T20:55:11+00:00\" \/>\n<meta property=\"og:image\" content=\"https:\/\/www.visituffizi.org\/wp-content\/uploads\/2013\/02\/michelangelo-tondo-doni.jpg\" \/>\n\t<meta property=\"og:image:width\" content=\"450\" \/>\n\t<meta property=\"og:image:height\" content=\"454\" \/>\n\t<meta property=\"og:image:type\" content=\"image\/jpeg\" \/>\n<meta name=\"twitter:label1\" content=\"Tiempo de lectura\" \/>\n\t<meta name=\"twitter:data1\" content=\"1 minuto\" \/>\n<script type=\"application\/ld+json\" class=\"yoast-schema-graph\">{\"@context\":\"https:\\\/\\\/schema.org\",\"@graph\":[{\"@type\":\"WebPage\",\"@id\":\"https:\\\/\\\/www.visituffizi.org\\\/es\\\/obras-de-arte\\\/el-tondo-doni-de-miguel-angel\\\/\",\"url\":\"https:\\\/\\\/www.visituffizi.org\\\/es\\\/obras-de-arte\\\/el-tondo-doni-de-miguel-angel\\\/\",\"name\":\"Tondo Doni o Sagrada Familia de Miguel \u00c1ngel Buonarroti\",\"isPartOf\":{\"@id\":\"https:\\\/\\\/www.visituffizi.org\\\/it\\\/#website\"},\"primaryImageOfPage\":{\"@id\":\"https:\\\/\\\/www.visituffizi.org\\\/es\\\/obras-de-arte\\\/el-tondo-doni-de-miguel-angel\\\/#primaryimage\"},\"image\":{\"@id\":\"https:\\\/\\\/www.visituffizi.org\\\/es\\\/obras-de-arte\\\/el-tondo-doni-de-miguel-angel\\\/#primaryimage\"},\"thumbnailUrl\":\"https:\\\/\\\/www.visituffizi.org\\\/wp-content\\\/uploads\\\/2013\\\/02\\\/michelangelo-tondo-doni.jpg\",\"datePublished\":\"2015-02-18T19:36:38+00:00\",\"dateModified\":\"2015-08-04T20:55:11+00:00\",\"description\":\"El innovativo Tondo Doni o Sagrada Familia de Miguel \u00c1ngel se puede disfrutar en la sala 35 de la Galer\u00eda Uffizi en Florencia Italia.\",\"breadcrumb\":{\"@id\":\"https:\\\/\\\/www.visituffizi.org\\\/es\\\/obras-de-arte\\\/el-tondo-doni-de-miguel-angel\\\/#breadcrumb\"},\"inLanguage\":\"es\",\"potentialAction\":[{\"@type\":\"ReadAction\",\"target\":[\"https:\\\/\\\/www.visituffizi.org\\\/es\\\/obras-de-arte\\\/el-tondo-doni-de-miguel-angel\\\/\"]}]},{\"@type\":\"ImageObject\",\"inLanguage\":\"es\",\"@id\":\"https:\\\/\\\/www.visituffizi.org\\\/es\\\/obras-de-arte\\\/el-tondo-doni-de-miguel-angel\\\/#primaryimage\",\"url\":\"https:\\\/\\\/www.visituffizi.org\\\/wp-content\\\/uploads\\\/2013\\\/02\\\/michelangelo-tondo-doni.jpg\",\"contentUrl\":\"https:\\\/\\\/www.visituffizi.org\\\/wp-content\\\/uploads\\\/2013\\\/02\\\/michelangelo-tondo-doni.jpg\",\"width\":450,\"height\":454,\"caption\":\"Tondo Doni - Michelangelo\"},{\"@type\":\"BreadcrumbList\",\"@id\":\"https:\\\/\\\/www.visituffizi.org\\\/es\\\/obras-de-arte\\\/el-tondo-doni-de-miguel-angel\\\/#breadcrumb\",\"itemListElement\":[{\"@type\":\"ListItem\",\"position\":1,\"name\":\"Home\",\"item\":\"https:\\\/\\\/www.visituffizi.org\\\/es\\\/\"},{\"@type\":\"ListItem\",\"position\":2,\"name\":\"Obras de arte\",\"item\":\"https:\\\/\\\/www.visituffizi.org\\\/es\\\/obras-de-arte\\\/\"},{\"@type\":\"ListItem\",\"position\":3,\"name\":\"Tondo Doni de Miguel \u00c1ngel\"}]},{\"@type\":\"WebSite\",\"@id\":\"https:\\\/\\\/www.visituffizi.org\\\/it\\\/#website\",\"url\":\"https:\\\/\\\/www.visituffizi.org\\\/it\\\/\",\"name\":\"Visit Uffizi\",\"description\":\"Guide to Uffizi Museum in Florence\",\"potentialAction\":[{\"@type\":\"SearchAction\",\"target\":{\"@type\":\"EntryPoint\",\"urlTemplate\":\"https:\\\/\\\/www.visituffizi.org\\\/it\\\/?s={search_term_string}\"},\"query-input\":{\"@type\":\"PropertyValueSpecification\",\"valueRequired\":true,\"valueName\":\"search_term_string\"}}],\"inLanguage\":\"es\"}]}<\/script>\n<!-- \/ Yoast SEO plugin. -->","yoast_head_json":{"title":"Tondo Doni o Sagrada Familia de Miguel \u00c1ngel Buonarroti","description":"El innovativo Tondo Doni o Sagrada Familia de Miguel \u00c1ngel se puede disfrutar en la sala 35 de la Galer\u00eda Uffizi en Florencia Italia.","robots":{"index":"index","follow":"follow","max-snippet":"max-snippet:-1","max-image-preview":"max-image-preview:large","max-video-preview":"max-video-preview:-1"},"canonical":"https:\/\/www.visituffizi.org\/es\/obras-de-arte\/el-tondo-doni-de-miguel-angel\/","og_locale":"es_ES","og_type":"article","og_title":"Tondo Doni o Sagrada Familia de Miguel \u00c1ngel Buonarroti","og_description":"El innovativo Tondo Doni o Sagrada Familia de Miguel \u00c1ngel se puede disfrutar en la sala 35 de la Galer\u00eda Uffizi en Florencia Italia.","og_url":"https:\/\/www.visituffizi.org\/es\/obras-de-arte\/el-tondo-doni-de-miguel-angel\/","og_site_name":"Visit Uffizi","article_modified_time":"2015-08-04T20:55:11+00:00","og_image":[{"width":450,"height":454,"url":"https:\/\/www.visituffizi.org\/wp-content\/uploads\/2013\/02\/michelangelo-tondo-doni.jpg","type":"image\/jpeg"}],"twitter_misc":{"Tiempo de lectura":"1 minuto"},"schema":{"@context":"https:\/\/schema.org","@graph":[{"@type":"WebPage","@id":"https:\/\/www.visituffizi.org\/es\/obras-de-arte\/el-tondo-doni-de-miguel-angel\/","url":"https:\/\/www.visituffizi.org\/es\/obras-de-arte\/el-tondo-doni-de-miguel-angel\/","name":"Tondo Doni o Sagrada Familia de Miguel \u00c1ngel Buonarroti","isPartOf":{"@id":"https:\/\/www.visituffizi.org\/it\/#website"},"primaryImageOfPage":{"@id":"https:\/\/www.visituffizi.org\/es\/obras-de-arte\/el-tondo-doni-de-miguel-angel\/#primaryimage"},"image":{"@id":"https:\/\/www.visituffizi.org\/es\/obras-de-arte\/el-tondo-doni-de-miguel-angel\/#primaryimage"},"thumbnailUrl":"https:\/\/www.visituffizi.org\/wp-content\/uploads\/2013\/02\/michelangelo-tondo-doni.jpg","datePublished":"2015-02-18T19:36:38+00:00","dateModified":"2015-08-04T20:55:11+00:00","description":"El innovativo Tondo Doni o Sagrada Familia de Miguel \u00c1ngel se puede disfrutar en la sala 35 de la Galer\u00eda Uffizi en Florencia Italia.","breadcrumb":{"@id":"https:\/\/www.visituffizi.org\/es\/obras-de-arte\/el-tondo-doni-de-miguel-angel\/#breadcrumb"},"inLanguage":"es","potentialAction":[{"@type":"ReadAction","target":["https:\/\/www.visituffizi.org\/es\/obras-de-arte\/el-tondo-doni-de-miguel-angel\/"]}]},{"@type":"ImageObject","inLanguage":"es","@id":"https:\/\/www.visituffizi.org\/es\/obras-de-arte\/el-tondo-doni-de-miguel-angel\/#primaryimage","url":"https:\/\/www.visituffizi.org\/wp-content\/uploads\/2013\/02\/michelangelo-tondo-doni.jpg","contentUrl":"https:\/\/www.visituffizi.org\/wp-content\/uploads\/2013\/02\/michelangelo-tondo-doni.jpg","width":450,"height":454,"caption":"Tondo Doni - Michelangelo"},{"@type":"BreadcrumbList","@id":"https:\/\/www.visituffizi.org\/es\/obras-de-arte\/el-tondo-doni-de-miguel-angel\/#breadcrumb","itemListElement":[{"@type":"ListItem","position":1,"name":"Home","item":"https:\/\/www.visituffizi.org\/es\/"},{"@type":"ListItem","position":2,"name":"Obras de arte","item":"https:\/\/www.visituffizi.org\/es\/obras-de-arte\/"},{"@type":"ListItem","position":3,"name":"Tondo Doni de Miguel \u00c1ngel"}]},{"@type":"WebSite","@id":"https:\/\/www.visituffizi.org\/it\/#website","url":"https:\/\/www.visituffizi.org\/it\/","name":"Visit Uffizi","description":"Guide to Uffizi Museum in Florence","potentialAction":[{"@type":"SearchAction","target":{"@type":"EntryPoint","urlTemplate":"https:\/\/www.visituffizi.org\/it\/?s={search_term_string}"},"query-input":{"@type":"PropertyValueSpecification","valueRequired":true,"valueName":"search_term_string"}}],"inLanguage":"es"}]}},"_links":{"self":[{"href":"https:\/\/www.visituffizi.org\/es\/wp-json\/wp\/v2\/pages\/1723","targetHints":{"allow":["GET"]}}],"collection":[{"href":"https:\/\/www.visituffizi.org\/es\/wp-json\/wp\/v2\/pages"}],"about":[{"href":"https:\/\/www.visituffizi.org\/es\/wp-json\/wp\/v2\/types\/page"}],"author":[{"embeddable":true,"href":"https:\/\/www.visituffizi.org\/es\/wp-json\/wp\/v2\/users\/6"}],"replies":[{"embeddable":true,"href":"https:\/\/www.visituffizi.org\/es\/wp-json\/wp\/v2\/comments?post=1723"}],"version-history":[{"count":0,"href":"https:\/\/www.visituffizi.org\/es\/wp-json\/wp\/v2\/pages\/1723\/revisions"}],"up":[{"embeddable":true,"href":"https:\/\/www.visituffizi.org\/es\/wp-json\/wp\/v2\/pages\/1690"}],"wp:featuredmedia":[{"embeddable":true,"href":"https:\/\/www.visituffizi.org\/es\/wp-json\/wp\/v2\/media\/1001"}],"wp:attachment":[{"href":"https:\/\/www.visituffizi.org\/es\/wp-json\/wp\/v2\/media?parent=1723"}],"curies":[{"name":"wp","href":"https:\/\/api.w.org\/{rel}","templated":true}]}}