{"id":1724,"date":"2015-02-18T19:51:22","date_gmt":"2015-02-18T19:51:22","guid":{"rendered":"https:\/\/www.visituffizi.org\/?page_id=1724"},"modified":"2015-03-17T17:24:53","modified_gmt":"2015-03-17T17:24:53","slug":"la-virgen-del-jilguero-de-rafael","status":"publish","type":"page","link":"https:\/\/www.visituffizi.org\/es\/obras-de-arte\/la-virgen-del-jilguero-de-rafael\/","title":{"rendered":"La Virgen del Jilguero de Rafael"},"content":{"rendered":"ngg_shortcode_0_placeholder\n<h1>\u00a0La Virgen del Jilguero de Rafael<\/h1>\n<p><img decoding=\"async\" class=\"right\" src=\"https:\/\/www.visituffizi.org\/img\/artworks\/raphael-madonna-goldfinch.jpg\" alt=\"The Madonna of the Goldfinch by Raphael\" \/><\/p>\n<p>Rafael naci\u00f3 en Urbino en 1483. Tuvo una vida feliz y\u00a0fue amado por todos: por los potentes por los Papas y por las mujeres. Famosa fue su belleza y elegancia, como bello y elegante fue su arte.<br \/>\nDesgraciadamente muri\u00f3\u00a0 joven, a solo 36 a\u00f1os, pero permanecer\u00e1 en la historia como el \u201cDivino\u201d.<\/p>\n<p>El joven pintor se acerc\u00f3 al ambiente florentino a trav\u00e9s de su maestro Perugino, en aquel tiempo jefe de un\u00a0exitoso taller en la capital Toscana. Pero fue gracias a la familia de los Duques de Urbino, quienes escribieron a la Rep\u00fablica de Florencia para invitar al artista a permanecer en Florencia la cuna del Renacimiento.<\/p>\n<p>En Florencia Rafael, absorbi\u00f3 los logros del arte florentino que en su momento\u00a0estuvo a la vanguardia en Europa. Fue\u00a0fuertemente influenciado por\u00a0la figura de Leonardo.<\/p>\n<p>La influencia del gran Leonardo, es evidente en la estupenda <strong><em>Virgen del Jilguero <\/em><\/strong>(<em>\u201c<\/em>Madonna del Cardellino<em>\u201d<\/em>)\u00a0(1506), obra <strong>recientemente restaurada<\/strong> (2008) en manera h\u00e1bil y sabia. Rafael acepta el enfoque de la impostaci\u00f3n de las figuras en\u00a0manera piramidal, los efectos de luces suaves y el dialogo emocional entre los personajes que eran elementos t\u00edpicos de la pintura de Leonardo. No obstante esto, son evidentes al mismo tiempo, aquellas que ser\u00e1n las caracter\u00edsticas propias del gran artista de Urbino: la extrema<strong> dulzura de los rostros<\/strong>, sobre todo de las V\u00edrgenes, el uso magistral del <strong>color<\/strong>, la representaci\u00f3n naturalista del paisaje y\u00a0la profunda intimidad entre las figuras.<\/p>\n<p>Durante su estancia en Florencia, Rafael dibujo otras c\u00e9lebres obras, pero es la <em>Virgen del Jilguero<\/em> la que representa mejor la est\u00e9tica del gran artista.<\/p>\n<p>La pintura fue gravemente da\u00f1ada a finales del siglo XVI a causa del colapso\u00a0del palacio en donde se encontraba. Sufri\u00f3 graves da\u00f1os: presentaba cortes largos y profundos que hab\u00edan desfigurado el panel de madera.<\/p>\n<p>Algunos restauros se realizaron en el curso de los siglos pero ha sido solo el \u00faltimo(realizado en el 2008) a restituir a la obra su esplendor original.<\/p>\n<p>La Virgen del Jilguero regres\u00f3\u00a0para ser amada y admirada como uno de los ejemplos m\u00e1s hermosos de la pintura de Rafael el \u201cDivino\u201d.<\/p>\n<p>La Virgen del Jilguero se encuentra en las nuevas salas rojas, la <a href=\"https:\/\/www.visituffizi.org\/es\/las-salas\/sala-66-rafael\/\">sala\u00a066 est\u00e1 dedicada a Rafael<\/a>.<\/p>\n<p><img decoding=\"async\" class=\"alignnone\" title=\"map of new red rooms at the Uffizi\" src=\"https:\/\/www.visituffizi.org\/wp-content\/uploads\/2012\/06\/map-new-red-rooms.jpg\" alt=\"\" \/><\/p>\n","protected":false},"excerpt":{"rendered":"<p>Rafael en esta obra nos muestra sus rasgos distintivos al pintar, la dulzura de los rostros, el uso del color, la representaci\u00f3n del paisaje y la familiaridad entre las figuras.<\/p>\n","protected":false},"author":6,"featured_media":1004,"parent":1690,"menu_order":12,"comment_status":"open","ping_status":"open","template":"","meta":{"ngg_post_thumbnail":0,"footnotes":""},"class_list":["post-1724","page","type-page","status-publish","has-post-thumbnail","hentry"],"yoast_head":"<!-- This site is optimized with the Yoast SEO plugin v27.4 - https:\/\/yoast.com\/product\/yoast-seo-wordpress\/ -->\n<title>La Virgen del Jilguero de Rafael Sanzio en la Galer\u00eda Uffizi<\/title>\n<meta name=\"description\" content=\"La Virgen del Jilguero de Rafael Sanzio se puede ver en la nueva secci\u00f3n de las salas rojas, en la sala 66 de la Galer\u00eda Uffizi, Florencia Italia.\" \/>\n<meta name=\"robots\" content=\"index, follow, max-snippet:-1, max-image-preview:large, max-video-preview:-1\" \/>\n<link rel=\"canonical\" href=\"https:\/\/www.visituffizi.org\/es\/obras-de-arte\/la-virgen-del-jilguero-de-rafael\/\" \/>\n<meta property=\"og:locale\" content=\"es_ES\" \/>\n<meta property=\"og:type\" content=\"article\" \/>\n<meta property=\"og:title\" content=\"La Virgen del Jilguero de Rafael Sanzio en la Galer\u00eda Uffizi\" \/>\n<meta property=\"og:description\" content=\"La Virgen del Jilguero de Rafael Sanzio se puede ver en la nueva secci\u00f3n de las salas rojas, en la sala 66 de la Galer\u00eda Uffizi, Florencia Italia.\" \/>\n<meta property=\"og:url\" content=\"https:\/\/www.visituffizi.org\/es\/obras-de-arte\/la-virgen-del-jilguero-de-rafael\/\" \/>\n<meta property=\"og:site_name\" content=\"Visit Uffizi\" \/>\n<meta property=\"article:modified_time\" content=\"2015-03-17T17:24:53+00:00\" \/>\n<meta property=\"og:image\" content=\"https:\/\/www.visituffizi.org\/wp-content\/uploads\/2013\/02\/raphael-madonna-goldfinch.jpg\" \/>\n\t<meta property=\"og:image:width\" content=\"400\" \/>\n\t<meta property=\"og:image:height\" content=\"558\" \/>\n\t<meta property=\"og:image:type\" content=\"image\/jpeg\" \/>\n<meta name=\"twitter:label1\" content=\"Tiempo de lectura\" \/>\n\t<meta name=\"twitter:data1\" content=\"2 minutos\" \/>\n<script type=\"application\/ld+json\" class=\"yoast-schema-graph\">{\"@context\":\"https:\\\/\\\/schema.org\",\"@graph\":[{\"@type\":\"WebPage\",\"@id\":\"https:\\\/\\\/www.visituffizi.org\\\/es\\\/obras-de-arte\\\/la-virgen-del-jilguero-de-rafael\\\/\",\"url\":\"https:\\\/\\\/www.visituffizi.org\\\/es\\\/obras-de-arte\\\/la-virgen-del-jilguero-de-rafael\\\/\",\"name\":\"La Virgen del Jilguero de Rafael Sanzio en la Galer\u00eda Uffizi\",\"isPartOf\":{\"@id\":\"https:\\\/\\\/www.visituffizi.org\\\/it\\\/#website\"},\"primaryImageOfPage\":{\"@id\":\"https:\\\/\\\/www.visituffizi.org\\\/es\\\/obras-de-arte\\\/la-virgen-del-jilguero-de-rafael\\\/#primaryimage\"},\"image\":{\"@id\":\"https:\\\/\\\/www.visituffizi.org\\\/es\\\/obras-de-arte\\\/la-virgen-del-jilguero-de-rafael\\\/#primaryimage\"},\"thumbnailUrl\":\"https:\\\/\\\/www.visituffizi.org\\\/wp-content\\\/uploads\\\/2013\\\/02\\\/raphael-madonna-goldfinch.jpg\",\"datePublished\":\"2015-02-18T19:51:22+00:00\",\"dateModified\":\"2015-03-17T17:24:53+00:00\",\"description\":\"La Virgen del Jilguero de Rafael Sanzio se puede ver en la nueva secci\u00f3n de las salas rojas, en la sala 66 de la Galer\u00eda Uffizi, Florencia Italia.\",\"breadcrumb\":{\"@id\":\"https:\\\/\\\/www.visituffizi.org\\\/es\\\/obras-de-arte\\\/la-virgen-del-jilguero-de-rafael\\\/#breadcrumb\"},\"inLanguage\":\"es\",\"potentialAction\":[{\"@type\":\"ReadAction\",\"target\":[\"https:\\\/\\\/www.visituffizi.org\\\/es\\\/obras-de-arte\\\/la-virgen-del-jilguero-de-rafael\\\/\"]}]},{\"@type\":\"ImageObject\",\"inLanguage\":\"es\",\"@id\":\"https:\\\/\\\/www.visituffizi.org\\\/es\\\/obras-de-arte\\\/la-virgen-del-jilguero-de-rafael\\\/#primaryimage\",\"url\":\"https:\\\/\\\/www.visituffizi.org\\\/wp-content\\\/uploads\\\/2013\\\/02\\\/raphael-madonna-goldfinch.jpg\",\"contentUrl\":\"https:\\\/\\\/www.visituffizi.org\\\/wp-content\\\/uploads\\\/2013\\\/02\\\/raphael-madonna-goldfinch.jpg\",\"width\":400,\"height\":558,\"caption\":\"Madonna del Cardellino - Raffaello\"},{\"@type\":\"BreadcrumbList\",\"@id\":\"https:\\\/\\\/www.visituffizi.org\\\/es\\\/obras-de-arte\\\/la-virgen-del-jilguero-de-rafael\\\/#breadcrumb\",\"itemListElement\":[{\"@type\":\"ListItem\",\"position\":1,\"name\":\"Home\",\"item\":\"https:\\\/\\\/www.visituffizi.org\\\/es\\\/\"},{\"@type\":\"ListItem\",\"position\":2,\"name\":\"Obras de arte\",\"item\":\"https:\\\/\\\/www.visituffizi.org\\\/es\\\/obras-de-arte\\\/\"},{\"@type\":\"ListItem\",\"position\":3,\"name\":\"La Virgen del Jilguero de Rafael\"}]},{\"@type\":\"WebSite\",\"@id\":\"https:\\\/\\\/www.visituffizi.org\\\/it\\\/#website\",\"url\":\"https:\\\/\\\/www.visituffizi.org\\\/it\\\/\",\"name\":\"Visit Uffizi\",\"description\":\"Guide to Uffizi Museum in Florence\",\"potentialAction\":[{\"@type\":\"SearchAction\",\"target\":{\"@type\":\"EntryPoint\",\"urlTemplate\":\"https:\\\/\\\/www.visituffizi.org\\\/it\\\/?s={search_term_string}\"},\"query-input\":{\"@type\":\"PropertyValueSpecification\",\"valueRequired\":true,\"valueName\":\"search_term_string\"}}],\"inLanguage\":\"es\"}]}<\/script>\n<!-- \/ Yoast SEO plugin. -->","yoast_head_json":{"title":"La Virgen del Jilguero de Rafael Sanzio en la Galer\u00eda Uffizi","description":"La Virgen del Jilguero de Rafael Sanzio se puede ver en la nueva secci\u00f3n de las salas rojas, en la sala 66 de la Galer\u00eda Uffizi, Florencia Italia.","robots":{"index":"index","follow":"follow","max-snippet":"max-snippet:-1","max-image-preview":"max-image-preview:large","max-video-preview":"max-video-preview:-1"},"canonical":"https:\/\/www.visituffizi.org\/es\/obras-de-arte\/la-virgen-del-jilguero-de-rafael\/","og_locale":"es_ES","og_type":"article","og_title":"La Virgen del Jilguero de Rafael Sanzio en la Galer\u00eda Uffizi","og_description":"La Virgen del Jilguero de Rafael Sanzio se puede ver en la nueva secci\u00f3n de las salas rojas, en la sala 66 de la Galer\u00eda Uffizi, Florencia Italia.","og_url":"https:\/\/www.visituffizi.org\/es\/obras-de-arte\/la-virgen-del-jilguero-de-rafael\/","og_site_name":"Visit Uffizi","article_modified_time":"2015-03-17T17:24:53+00:00","og_image":[{"width":400,"height":558,"url":"https:\/\/www.visituffizi.org\/wp-content\/uploads\/2013\/02\/raphael-madonna-goldfinch.jpg","type":"image\/jpeg"}],"twitter_misc":{"Tiempo de lectura":"2 minutos"},"schema":{"@context":"https:\/\/schema.org","@graph":[{"@type":"WebPage","@id":"https:\/\/www.visituffizi.org\/es\/obras-de-arte\/la-virgen-del-jilguero-de-rafael\/","url":"https:\/\/www.visituffizi.org\/es\/obras-de-arte\/la-virgen-del-jilguero-de-rafael\/","name":"La Virgen del Jilguero de Rafael Sanzio en la Galer\u00eda Uffizi","isPartOf":{"@id":"https:\/\/www.visituffizi.org\/it\/#website"},"primaryImageOfPage":{"@id":"https:\/\/www.visituffizi.org\/es\/obras-de-arte\/la-virgen-del-jilguero-de-rafael\/#primaryimage"},"image":{"@id":"https:\/\/www.visituffizi.org\/es\/obras-de-arte\/la-virgen-del-jilguero-de-rafael\/#primaryimage"},"thumbnailUrl":"https:\/\/www.visituffizi.org\/wp-content\/uploads\/2013\/02\/raphael-madonna-goldfinch.jpg","datePublished":"2015-02-18T19:51:22+00:00","dateModified":"2015-03-17T17:24:53+00:00","description":"La Virgen del Jilguero de Rafael Sanzio se puede ver en la nueva secci\u00f3n de las salas rojas, en la sala 66 de la Galer\u00eda Uffizi, Florencia Italia.","breadcrumb":{"@id":"https:\/\/www.visituffizi.org\/es\/obras-de-arte\/la-virgen-del-jilguero-de-rafael\/#breadcrumb"},"inLanguage":"es","potentialAction":[{"@type":"ReadAction","target":["https:\/\/www.visituffizi.org\/es\/obras-de-arte\/la-virgen-del-jilguero-de-rafael\/"]}]},{"@type":"ImageObject","inLanguage":"es","@id":"https:\/\/www.visituffizi.org\/es\/obras-de-arte\/la-virgen-del-jilguero-de-rafael\/#primaryimage","url":"https:\/\/www.visituffizi.org\/wp-content\/uploads\/2013\/02\/raphael-madonna-goldfinch.jpg","contentUrl":"https:\/\/www.visituffizi.org\/wp-content\/uploads\/2013\/02\/raphael-madonna-goldfinch.jpg","width":400,"height":558,"caption":"Madonna del Cardellino - Raffaello"},{"@type":"BreadcrumbList","@id":"https:\/\/www.visituffizi.org\/es\/obras-de-arte\/la-virgen-del-jilguero-de-rafael\/#breadcrumb","itemListElement":[{"@type":"ListItem","position":1,"name":"Home","item":"https:\/\/www.visituffizi.org\/es\/"},{"@type":"ListItem","position":2,"name":"Obras de arte","item":"https:\/\/www.visituffizi.org\/es\/obras-de-arte\/"},{"@type":"ListItem","position":3,"name":"La Virgen del Jilguero de Rafael"}]},{"@type":"WebSite","@id":"https:\/\/www.visituffizi.org\/it\/#website","url":"https:\/\/www.visituffizi.org\/it\/","name":"Visit Uffizi","description":"Guide to Uffizi Museum in Florence","potentialAction":[{"@type":"SearchAction","target":{"@type":"EntryPoint","urlTemplate":"https:\/\/www.visituffizi.org\/it\/?s={search_term_string}"},"query-input":{"@type":"PropertyValueSpecification","valueRequired":true,"valueName":"search_term_string"}}],"inLanguage":"es"}]}},"_links":{"self":[{"href":"https:\/\/www.visituffizi.org\/es\/wp-json\/wp\/v2\/pages\/1724","targetHints":{"allow":["GET"]}}],"collection":[{"href":"https:\/\/www.visituffizi.org\/es\/wp-json\/wp\/v2\/pages"}],"about":[{"href":"https:\/\/www.visituffizi.org\/es\/wp-json\/wp\/v2\/types\/page"}],"author":[{"embeddable":true,"href":"https:\/\/www.visituffizi.org\/es\/wp-json\/wp\/v2\/users\/6"}],"replies":[{"embeddable":true,"href":"https:\/\/www.visituffizi.org\/es\/wp-json\/wp\/v2\/comments?post=1724"}],"version-history":[{"count":0,"href":"https:\/\/www.visituffizi.org\/es\/wp-json\/wp\/v2\/pages\/1724\/revisions"}],"up":[{"embeddable":true,"href":"https:\/\/www.visituffizi.org\/es\/wp-json\/wp\/v2\/pages\/1690"}],"wp:featuredmedia":[{"embeddable":true,"href":"https:\/\/www.visituffizi.org\/es\/wp-json\/wp\/v2\/media\/1004"}],"wp:attachment":[{"href":"https:\/\/www.visituffizi.org\/es\/wp-json\/wp\/v2\/media?parent=1724"}],"curies":[{"name":"wp","href":"https:\/\/api.w.org\/{rel}","templated":true}]}}