{"id":1725,"date":"2015-02-18T20:27:15","date_gmt":"2015-02-18T20:27:15","guid":{"rendered":"https:\/\/www.visituffizi.org\/?page_id=1725"},"modified":"2015-03-18T22:49:31","modified_gmt":"2015-03-18T22:49:31","slug":"la-venus-de-urbino-de-tiziano","status":"publish","type":"page","link":"https:\/\/www.visituffizi.org\/es\/obras-de-arte\/la-venus-de-urbino-de-tiziano\/","title":{"rendered":"La Venus de Urbino de Tiziano"},"content":{"rendered":"ngg_shortcode_0_placeholder\n<h1>La Venus de Urbino de Tiziano<\/h1>\n<p><img decoding=\"async\" src=\"https:\/\/www.visituffizi.org\/img\/artworks\/tiziano-venere-urbino.jpg\" alt=\"The Venus of Urbino by Titian\" \/><\/p>\n<p>Este trabajo, terminado en <strong>1538<\/strong> para el Duque de Urbino Guidobaldo II della Rovere, es muy interesante e intrigante por sus muchos\u00a0<strong>significados ocultos<\/strong>.<\/p>\n<p>El cuadro\u00a0fue un regalo del Duque hacia su joven esposa. La pintura representa la <strong>alegor\u00eda al matrimonio<\/strong> y era un modelo \u201cdid\u00e1ctico\u201d para Giulia Varano la joven esposa, de erotismo, fidelidad y maternidad.<\/p>\n<p>El <strong>erotismo es evidente<\/strong> en la pintura, de hecho, recuerda las obligaciones maritales de la mujer hacia su esposo. La<strong> alegor\u00eda er\u00f3tica<\/strong> es\u00a0a\u00fan m\u00e1s clara en la representaci\u00f3n de <strong>Venus<\/strong>, diosa del amor, como una mujer sensual\u00a0y exquisita que mira fijamente al espectador, que no puede ignorar\u00a0su belleza. La luz\u00a0y el color claro y c\u00e1lido del cuerpo de Venus, en contraste con el fondo y los cojines obscuros, resaltan ulteriormente el propio erotismo.<\/p>\n<p><img decoding=\"async\" class=\"aligncenter size-large wp-image-1668\" src=\"https:\/\/www.visituffizi.org\/wp-content\/uploads\/2011\/06\/closeup-venus-urbino-600x291.jpg\" alt=\"closeup-venus-urbino\" width=\"558\" height=\"271\" srcset=\"https:\/\/www.visituffizi.org\/wp-content\/uploads\/2011\/06\/closeup-venus-urbino-600x291.jpg 600w, https:\/\/www.visituffizi.org\/wp-content\/uploads\/2011\/06\/closeup-venus-urbino-300x146.jpg 300w, https:\/\/www.visituffizi.org\/wp-content\/uploads\/2011\/06\/closeup-venus-urbino-100x49.jpg 100w, https:\/\/www.visituffizi.org\/wp-content\/uploads\/2011\/06\/closeup-venus-urbino-280x136.jpg 280w, https:\/\/www.visituffizi.org\/wp-content\/uploads\/2011\/06\/closeup-venus-urbino.jpg 1200w\" sizes=\"(max-width: 558px) 100vw, 558px\" \/><\/p>\n<p>El <strong>perro<\/strong> a los pies de la mujer es un s\u00edmbolo de <strong>fidelidad conyugal<\/strong> mientras que detr\u00e1s, la empleada que observa a\u00a0la ni\u00f1a mientras hurga en un caj\u00f3n simboliza la <strong>maternidad<\/strong>.<\/p>\n<p>La fuerte\u00a0sensualidad de esta pintura cumple sin duda\u00a0con el prop\u00f3sito para la que fue solicitada: un regalo del marido hacia\u00a0la esposa.<\/p>\n<p>La pose de la figura desnuda es seguramente un\u00a0tributo\u00a0a su\u00a0amigo y maestro <strong>Giorgione<\/strong>, que en 1510 hab\u00eda pintado un cuadro muy similar, la <em>Venus dormida<\/em>.<\/p>\n<p>Gracias al buen uso del color y de sus contrastes, as\u00ed como tambi\u00e9n al juego sutil de significados y alusiones, Tiziano consigue el objetivo de representar a la <strong>perfecta mujer del Renacimiento<\/strong> que, como Venus, se convierte en un s\u00edmbolo de amor, belleza y fertilidad.<\/p>\n<p>La Venus de Urbino de <strong>Tiziano<\/strong> se encuentra en la <a href=\"https:\/\/www.visituffizi.org\/es\/las-salas\/sala-83-tiziano\/\">Sala 83<\/a>.<\/p>\n","protected":false},"excerpt":{"rendered":"<p>Tiziano con esta obra logra representar en una manera metaf\u00f3rica, la sensualidad, la fidelidad y la maternidad.<\/p>\n","protected":false},"author":6,"featured_media":1005,"parent":1690,"menu_order":13,"comment_status":"open","ping_status":"open","template":"","meta":{"ngg_post_thumbnail":0,"footnotes":""},"class_list":["post-1725","page","type-page","status-publish","has-post-thumbnail","hentry"],"yoast_head":"<!-- This site is optimized with the Yoast SEO plugin v27.4 - https:\/\/yoast.com\/product\/yoast-seo-wordpress\/ -->\n<title>La Venus de Urbino de Tiziano en la Galer\u00eda Uffizi<\/title>\n<meta name=\"description\" content=\"La Venus de Urbino de Tiziano se encuentra en la nueva sala 83 en la Galer\u00eda Uffizi\" \/>\n<meta name=\"robots\" content=\"index, follow, max-snippet:-1, max-image-preview:large, max-video-preview:-1\" \/>\n<link rel=\"canonical\" href=\"https:\/\/www.visituffizi.org\/es\/obras-de-arte\/la-venus-de-urbino-de-tiziano\/\" \/>\n<meta property=\"og:locale\" content=\"es_ES\" \/>\n<meta property=\"og:type\" content=\"article\" \/>\n<meta property=\"og:title\" content=\"La Venus de Urbino de Tiziano en la Galer\u00eda Uffizi\" \/>\n<meta property=\"og:description\" content=\"La Venus de Urbino de Tiziano se encuentra en la nueva sala 83 en la Galer\u00eda Uffizi\" \/>\n<meta property=\"og:url\" content=\"https:\/\/www.visituffizi.org\/es\/obras-de-arte\/la-venus-de-urbino-de-tiziano\/\" \/>\n<meta property=\"og:site_name\" content=\"Visit Uffizi\" \/>\n<meta property=\"article:modified_time\" content=\"2015-03-18T22:49:31+00:00\" \/>\n<meta property=\"og:image\" content=\"https:\/\/www.visituffizi.org\/wp-content\/uploads\/2013\/02\/tiziano-venere-urbino.jpg\" \/>\n\t<meta property=\"og:image:width\" content=\"600\" \/>\n\t<meta property=\"og:image:height\" content=\"428\" \/>\n\t<meta property=\"og:image:type\" content=\"image\/jpeg\" \/>\n<meta name=\"twitter:label1\" content=\"Tiempo de lectura\" \/>\n\t<meta name=\"twitter:data1\" content=\"1 minuto\" \/>\n<script type=\"application\/ld+json\" class=\"yoast-schema-graph\">{\"@context\":\"https:\\\/\\\/schema.org\",\"@graph\":[{\"@type\":\"WebPage\",\"@id\":\"https:\\\/\\\/www.visituffizi.org\\\/es\\\/obras-de-arte\\\/la-venus-de-urbino-de-tiziano\\\/\",\"url\":\"https:\\\/\\\/www.visituffizi.org\\\/es\\\/obras-de-arte\\\/la-venus-de-urbino-de-tiziano\\\/\",\"name\":\"La Venus de Urbino de Tiziano en la Galer\u00eda Uffizi\",\"isPartOf\":{\"@id\":\"https:\\\/\\\/www.visituffizi.org\\\/it\\\/#website\"},\"primaryImageOfPage\":{\"@id\":\"https:\\\/\\\/www.visituffizi.org\\\/es\\\/obras-de-arte\\\/la-venus-de-urbino-de-tiziano\\\/#primaryimage\"},\"image\":{\"@id\":\"https:\\\/\\\/www.visituffizi.org\\\/es\\\/obras-de-arte\\\/la-venus-de-urbino-de-tiziano\\\/#primaryimage\"},\"thumbnailUrl\":\"https:\\\/\\\/www.visituffizi.org\\\/wp-content\\\/uploads\\\/2013\\\/02\\\/tiziano-venere-urbino.jpg\",\"datePublished\":\"2015-02-18T20:27:15+00:00\",\"dateModified\":\"2015-03-18T22:49:31+00:00\",\"description\":\"La Venus de Urbino de Tiziano se encuentra en la nueva sala 83 en la Galer\u00eda Uffizi\",\"breadcrumb\":{\"@id\":\"https:\\\/\\\/www.visituffizi.org\\\/es\\\/obras-de-arte\\\/la-venus-de-urbino-de-tiziano\\\/#breadcrumb\"},\"inLanguage\":\"es\",\"potentialAction\":[{\"@type\":\"ReadAction\",\"target\":[\"https:\\\/\\\/www.visituffizi.org\\\/es\\\/obras-de-arte\\\/la-venus-de-urbino-de-tiziano\\\/\"]}]},{\"@type\":\"ImageObject\",\"inLanguage\":\"es\",\"@id\":\"https:\\\/\\\/www.visituffizi.org\\\/es\\\/obras-de-arte\\\/la-venus-de-urbino-de-tiziano\\\/#primaryimage\",\"url\":\"https:\\\/\\\/www.visituffizi.org\\\/wp-content\\\/uploads\\\/2013\\\/02\\\/tiziano-venere-urbino.jpg\",\"contentUrl\":\"https:\\\/\\\/www.visituffizi.org\\\/wp-content\\\/uploads\\\/2013\\\/02\\\/tiziano-venere-urbino.jpg\",\"width\":600,\"height\":428,\"caption\":\"Venere di Urbino - Tiziano\"},{\"@type\":\"BreadcrumbList\",\"@id\":\"https:\\\/\\\/www.visituffizi.org\\\/es\\\/obras-de-arte\\\/la-venus-de-urbino-de-tiziano\\\/#breadcrumb\",\"itemListElement\":[{\"@type\":\"ListItem\",\"position\":1,\"name\":\"Home\",\"item\":\"https:\\\/\\\/www.visituffizi.org\\\/es\\\/\"},{\"@type\":\"ListItem\",\"position\":2,\"name\":\"Obras de arte\",\"item\":\"https:\\\/\\\/www.visituffizi.org\\\/es\\\/obras-de-arte\\\/\"},{\"@type\":\"ListItem\",\"position\":3,\"name\":\"La Venus de Urbino de Tiziano\"}]},{\"@type\":\"WebSite\",\"@id\":\"https:\\\/\\\/www.visituffizi.org\\\/it\\\/#website\",\"url\":\"https:\\\/\\\/www.visituffizi.org\\\/it\\\/\",\"name\":\"Visit Uffizi\",\"description\":\"Guide to Uffizi Museum in Florence\",\"potentialAction\":[{\"@type\":\"SearchAction\",\"target\":{\"@type\":\"EntryPoint\",\"urlTemplate\":\"https:\\\/\\\/www.visituffizi.org\\\/it\\\/?s={search_term_string}\"},\"query-input\":{\"@type\":\"PropertyValueSpecification\",\"valueRequired\":true,\"valueName\":\"search_term_string\"}}],\"inLanguage\":\"es\"}]}<\/script>\n<!-- \/ Yoast SEO plugin. -->","yoast_head_json":{"title":"La Venus de Urbino de Tiziano en la Galer\u00eda Uffizi","description":"La Venus de Urbino de Tiziano se encuentra en la nueva sala 83 en la Galer\u00eda Uffizi","robots":{"index":"index","follow":"follow","max-snippet":"max-snippet:-1","max-image-preview":"max-image-preview:large","max-video-preview":"max-video-preview:-1"},"canonical":"https:\/\/www.visituffizi.org\/es\/obras-de-arte\/la-venus-de-urbino-de-tiziano\/","og_locale":"es_ES","og_type":"article","og_title":"La Venus de Urbino de Tiziano en la Galer\u00eda Uffizi","og_description":"La Venus de Urbino de Tiziano se encuentra en la nueva sala 83 en la Galer\u00eda Uffizi","og_url":"https:\/\/www.visituffizi.org\/es\/obras-de-arte\/la-venus-de-urbino-de-tiziano\/","og_site_name":"Visit Uffizi","article_modified_time":"2015-03-18T22:49:31+00:00","og_image":[{"width":600,"height":428,"url":"https:\/\/www.visituffizi.org\/wp-content\/uploads\/2013\/02\/tiziano-venere-urbino.jpg","type":"image\/jpeg"}],"twitter_misc":{"Tiempo de lectura":"1 minuto"},"schema":{"@context":"https:\/\/schema.org","@graph":[{"@type":"WebPage","@id":"https:\/\/www.visituffizi.org\/es\/obras-de-arte\/la-venus-de-urbino-de-tiziano\/","url":"https:\/\/www.visituffizi.org\/es\/obras-de-arte\/la-venus-de-urbino-de-tiziano\/","name":"La Venus de Urbino de Tiziano en la Galer\u00eda Uffizi","isPartOf":{"@id":"https:\/\/www.visituffizi.org\/it\/#website"},"primaryImageOfPage":{"@id":"https:\/\/www.visituffizi.org\/es\/obras-de-arte\/la-venus-de-urbino-de-tiziano\/#primaryimage"},"image":{"@id":"https:\/\/www.visituffizi.org\/es\/obras-de-arte\/la-venus-de-urbino-de-tiziano\/#primaryimage"},"thumbnailUrl":"https:\/\/www.visituffizi.org\/wp-content\/uploads\/2013\/02\/tiziano-venere-urbino.jpg","datePublished":"2015-02-18T20:27:15+00:00","dateModified":"2015-03-18T22:49:31+00:00","description":"La Venus de Urbino de Tiziano se encuentra en la nueva sala 83 en la Galer\u00eda Uffizi","breadcrumb":{"@id":"https:\/\/www.visituffizi.org\/es\/obras-de-arte\/la-venus-de-urbino-de-tiziano\/#breadcrumb"},"inLanguage":"es","potentialAction":[{"@type":"ReadAction","target":["https:\/\/www.visituffizi.org\/es\/obras-de-arte\/la-venus-de-urbino-de-tiziano\/"]}]},{"@type":"ImageObject","inLanguage":"es","@id":"https:\/\/www.visituffizi.org\/es\/obras-de-arte\/la-venus-de-urbino-de-tiziano\/#primaryimage","url":"https:\/\/www.visituffizi.org\/wp-content\/uploads\/2013\/02\/tiziano-venere-urbino.jpg","contentUrl":"https:\/\/www.visituffizi.org\/wp-content\/uploads\/2013\/02\/tiziano-venere-urbino.jpg","width":600,"height":428,"caption":"Venere di Urbino - Tiziano"},{"@type":"BreadcrumbList","@id":"https:\/\/www.visituffizi.org\/es\/obras-de-arte\/la-venus-de-urbino-de-tiziano\/#breadcrumb","itemListElement":[{"@type":"ListItem","position":1,"name":"Home","item":"https:\/\/www.visituffizi.org\/es\/"},{"@type":"ListItem","position":2,"name":"Obras de arte","item":"https:\/\/www.visituffizi.org\/es\/obras-de-arte\/"},{"@type":"ListItem","position":3,"name":"La Venus de Urbino de Tiziano"}]},{"@type":"WebSite","@id":"https:\/\/www.visituffizi.org\/it\/#website","url":"https:\/\/www.visituffizi.org\/it\/","name":"Visit Uffizi","description":"Guide to Uffizi Museum in Florence","potentialAction":[{"@type":"SearchAction","target":{"@type":"EntryPoint","urlTemplate":"https:\/\/www.visituffizi.org\/it\/?s={search_term_string}"},"query-input":{"@type":"PropertyValueSpecification","valueRequired":true,"valueName":"search_term_string"}}],"inLanguage":"es"}]}},"_links":{"self":[{"href":"https:\/\/www.visituffizi.org\/es\/wp-json\/wp\/v2\/pages\/1725","targetHints":{"allow":["GET"]}}],"collection":[{"href":"https:\/\/www.visituffizi.org\/es\/wp-json\/wp\/v2\/pages"}],"about":[{"href":"https:\/\/www.visituffizi.org\/es\/wp-json\/wp\/v2\/types\/page"}],"author":[{"embeddable":true,"href":"https:\/\/www.visituffizi.org\/es\/wp-json\/wp\/v2\/users\/6"}],"replies":[{"embeddable":true,"href":"https:\/\/www.visituffizi.org\/es\/wp-json\/wp\/v2\/comments?post=1725"}],"version-history":[{"count":0,"href":"https:\/\/www.visituffizi.org\/es\/wp-json\/wp\/v2\/pages\/1725\/revisions"}],"up":[{"embeddable":true,"href":"https:\/\/www.visituffizi.org\/es\/wp-json\/wp\/v2\/pages\/1690"}],"wp:featuredmedia":[{"embeddable":true,"href":"https:\/\/www.visituffizi.org\/es\/wp-json\/wp\/v2\/media\/1005"}],"wp:attachment":[{"href":"https:\/\/www.visituffizi.org\/es\/wp-json\/wp\/v2\/media?parent=1725"}],"curies":[{"name":"wp","href":"https:\/\/api.w.org\/{rel}","templated":true}]}}