{"id":1727,"date":"2015-02-19T11:01:18","date_gmt":"2015-02-19T11:01:18","guid":{"rendered":"https:\/\/www.visituffizi.org\/?page_id=1727"},"modified":"2015-03-22T12:51:28","modified_gmt":"2015-03-22T12:51:28","slug":"baco-de-caravaggio","status":"publish","type":"page","link":"https:\/\/www.visituffizi.org\/es\/obras-de-arte\/baco-de-caravaggio\/","title":{"rendered":"Baco de Caravaggio"},"content":{"rendered":"ngg_shortcode_0_placeholder\n<h1>Baco de Caravaggio<\/h1>\n<p><img decoding=\"async\" class=\"right\" src=\"https:\/\/www.visituffizi.org\/img\/artworks\/caravaggio-bacchus.jpg\" alt=\"Bacchus by Caravaggio\" \/><\/p>\n<p>Miguel \u00c1ngel Merisi, mejor conocido como <strong>Caravaggio<\/strong>, es uno de los artistas m\u00e1s importantes en la historia del arte.<\/p>\n<p>De temperamento nervioso, a menudo violento, <strong>revolucionario<\/strong> en la manera de pintar, Caravaggio personifica en cada aspecto de su azarosa vida, la figura rom\u00e1ntica del <strong>artista maldito<\/strong>. Nacido en Mil\u00e1n, trabaj\u00f3 principalmente\u00a0en Roma, N\u00e1poles, Malta y Sicilia. Su formaci\u00f3n fue influenciada sobretodo de la pintura veneciana\u00a0y lombarda: de la primera aprendi\u00f3 el uso del color c\u00e1lido y atmosf\u00e9rico, de la segunda tomar\u00e1 el fuerte realismo y la predilecci\u00f3n por sujetos populares y humildes.<\/p>\n<p>Esta \u00faltima caracter\u00edstica es evidente en el celebre <strong>Baco<\/strong> (Bacco en italiano) conservado en los Uffizi, comisionado\u00a0por su protector el Cardenal del Monte, como regalo para el <strong>Gran Duque de Toscana Ferdinando I<\/strong>, pintado entre <strong>1596 y 1597<\/strong>.<\/p>\n<p>En esta obra, Baco<strong> no es representado<\/strong> en manera idealizada como en el pasado. Al contrario podr\u00eda parecerse a un joven de pueblo,\u00a0uno de esos personajes con los que Caravaggio sol\u00eda frecuentar las tabernas y los prost\u00edbulos. Como en la mayor\u00eda\u00a0de sus obras, aqu\u00ed tambi\u00e9n el <strong>paisaje est\u00e1 ausente<\/strong>: el inter\u00e9s del artista es de hecho destacar la <strong>humanidad de los personajes<\/strong> en vez de los detalles superfluos. Su elecci\u00f3n en representar sujetos populares, toscos,\u00a0torpes y sin gracia le trajo muchas cr\u00edticas durante su vida.<\/p>\n<p>Baco esta retratado en pose y sostiene una copa de vino con la mano izquierda, casi como si fuera una imagen reflejada en el espejo. De hecho Caravaggio utilizaba un complejo sistema de espejos para retratar sobre sus lienzos,\u00a0como\u00a0una primitiva\u00a0t\u00e9cnica fotogr\u00e1fica. Excepcional es el uso h\u00e1bil del color y de la t\u00e9cnica del oleo: el efecto de incre\u00edble realismo en la representaci\u00f3n del cesto de fruta, la tez del joven y la transparencia en la copa de vino, dio como resultado un nuevo enfoque al arte.<\/p>\n<p>Una restauraci\u00f3n reciente ha revelado\u00a0que en el interno de la jarra de vino existe <strong>un peque\u00f1o retrato del artista, <\/strong>que observandola\u00a0detenidamente\u00a0se puede\u00a0ver.<\/p>\n<p>Poco convencional, introspectivo, y un verdadero rebelde,\u00a0Caravaggio\u00a0se centra en el ser humano, con sus imperfecciones y limitaciones de su naturaleza mortal.<\/p>\n<p>Su manera\u00a0pintar\u00a0revolucion\u00f3 para siempre el curso de la historia del arte.<\/p>\n","protected":false},"excerpt":{"rendered":"<p>En esta obra Caravaggio renuncia a pintar a Baco en la manera tradicional, la t\u00e9cnica usada  y el realismo de los objetos hacen de esta una obra maestra.<\/p>\n","protected":false},"author":6,"featured_media":996,"parent":1690,"menu_order":15,"comment_status":"open","ping_status":"open","template":"","meta":{"ngg_post_thumbnail":0,"footnotes":""},"class_list":["post-1727","page","type-page","status-publish","has-post-thumbnail","hentry"],"yoast_head":"<!-- This site is optimized with the Yoast SEO plugin v27.4 - https:\/\/yoast.com\/product\/yoast-seo-wordpress\/ -->\n<title>Baco de Caravaggio en la Galer\u00eda Uffizi en Florencia<\/title>\n<meta name=\"description\" content=\"El Baco de Caravaggio es una de las atracciones principales en la Galer\u00eda Uffizi en Florencia localizada en la sala 90.\" \/>\n<meta name=\"robots\" content=\"index, follow, max-snippet:-1, max-image-preview:large, max-video-preview:-1\" \/>\n<link rel=\"canonical\" href=\"https:\/\/www.visituffizi.org\/es\/obras-de-arte\/baco-de-caravaggio\/\" \/>\n<meta property=\"og:locale\" content=\"es_ES\" \/>\n<meta property=\"og:type\" content=\"article\" \/>\n<meta property=\"og:title\" content=\"Baco de Caravaggio en la Galer\u00eda Uffizi en Florencia\" \/>\n<meta property=\"og:description\" content=\"El Baco de Caravaggio es una de las atracciones principales en la Galer\u00eda Uffizi en Florencia localizada en la sala 90.\" \/>\n<meta property=\"og:url\" content=\"https:\/\/www.visituffizi.org\/es\/obras-de-arte\/baco-de-caravaggio\/\" \/>\n<meta property=\"og:site_name\" content=\"Visit Uffizi\" \/>\n<meta property=\"article:modified_time\" content=\"2015-03-22T12:51:28+00:00\" \/>\n<meta property=\"og:image\" content=\"https:\/\/www.visituffizi.org\/wp-content\/uploads\/2013\/02\/caravaggio-bacchus.jpg\" \/>\n\t<meta property=\"og:image:width\" content=\"450\" \/>\n\t<meta property=\"og:image:height\" content=\"530\" \/>\n\t<meta property=\"og:image:type\" content=\"image\/jpeg\" \/>\n<meta name=\"twitter:label1\" content=\"Tiempo de lectura\" \/>\n\t<meta name=\"twitter:data1\" content=\"2 minutos\" \/>\n<script type=\"application\/ld+json\" class=\"yoast-schema-graph\">{\"@context\":\"https:\\\/\\\/schema.org\",\"@graph\":[{\"@type\":\"WebPage\",\"@id\":\"https:\\\/\\\/www.visituffizi.org\\\/es\\\/obras-de-arte\\\/baco-de-caravaggio\\\/\",\"url\":\"https:\\\/\\\/www.visituffizi.org\\\/es\\\/obras-de-arte\\\/baco-de-caravaggio\\\/\",\"name\":\"Baco de Caravaggio en la Galer\u00eda Uffizi en Florencia\",\"isPartOf\":{\"@id\":\"https:\\\/\\\/www.visituffizi.org\\\/it\\\/#website\"},\"primaryImageOfPage\":{\"@id\":\"https:\\\/\\\/www.visituffizi.org\\\/es\\\/obras-de-arte\\\/baco-de-caravaggio\\\/#primaryimage\"},\"image\":{\"@id\":\"https:\\\/\\\/www.visituffizi.org\\\/es\\\/obras-de-arte\\\/baco-de-caravaggio\\\/#primaryimage\"},\"thumbnailUrl\":\"https:\\\/\\\/www.visituffizi.org\\\/wp-content\\\/uploads\\\/2013\\\/02\\\/caravaggio-bacchus.jpg\",\"datePublished\":\"2015-02-19T11:01:18+00:00\",\"dateModified\":\"2015-03-22T12:51:28+00:00\",\"description\":\"El Baco de Caravaggio es una de las atracciones principales en la Galer\u00eda Uffizi en Florencia localizada en la sala 90.\",\"breadcrumb\":{\"@id\":\"https:\\\/\\\/www.visituffizi.org\\\/es\\\/obras-de-arte\\\/baco-de-caravaggio\\\/#breadcrumb\"},\"inLanguage\":\"es\",\"potentialAction\":[{\"@type\":\"ReadAction\",\"target\":[\"https:\\\/\\\/www.visituffizi.org\\\/es\\\/obras-de-arte\\\/baco-de-caravaggio\\\/\"]}]},{\"@type\":\"ImageObject\",\"inLanguage\":\"es\",\"@id\":\"https:\\\/\\\/www.visituffizi.org\\\/es\\\/obras-de-arte\\\/baco-de-caravaggio\\\/#primaryimage\",\"url\":\"https:\\\/\\\/www.visituffizi.org\\\/wp-content\\\/uploads\\\/2013\\\/02\\\/caravaggio-bacchus.jpg\",\"contentUrl\":\"https:\\\/\\\/www.visituffizi.org\\\/wp-content\\\/uploads\\\/2013\\\/02\\\/caravaggio-bacchus.jpg\",\"width\":450,\"height\":530,\"caption\":\"Bacco - Caravaggio\"},{\"@type\":\"BreadcrumbList\",\"@id\":\"https:\\\/\\\/www.visituffizi.org\\\/es\\\/obras-de-arte\\\/baco-de-caravaggio\\\/#breadcrumb\",\"itemListElement\":[{\"@type\":\"ListItem\",\"position\":1,\"name\":\"Home\",\"item\":\"https:\\\/\\\/www.visituffizi.org\\\/es\\\/\"},{\"@type\":\"ListItem\",\"position\":2,\"name\":\"Obras de arte\",\"item\":\"https:\\\/\\\/www.visituffizi.org\\\/es\\\/obras-de-arte\\\/\"},{\"@type\":\"ListItem\",\"position\":3,\"name\":\"Baco de Caravaggio\"}]},{\"@type\":\"WebSite\",\"@id\":\"https:\\\/\\\/www.visituffizi.org\\\/it\\\/#website\",\"url\":\"https:\\\/\\\/www.visituffizi.org\\\/it\\\/\",\"name\":\"Visit Uffizi\",\"description\":\"Guide to Uffizi Museum in Florence\",\"potentialAction\":[{\"@type\":\"SearchAction\",\"target\":{\"@type\":\"EntryPoint\",\"urlTemplate\":\"https:\\\/\\\/www.visituffizi.org\\\/it\\\/?s={search_term_string}\"},\"query-input\":{\"@type\":\"PropertyValueSpecification\",\"valueRequired\":true,\"valueName\":\"search_term_string\"}}],\"inLanguage\":\"es\"}]}<\/script>\n<!-- \/ Yoast SEO plugin. -->","yoast_head_json":{"title":"Baco de Caravaggio en la Galer\u00eda Uffizi en Florencia","description":"El Baco de Caravaggio es una de las atracciones principales en la Galer\u00eda Uffizi en Florencia localizada en la sala 90.","robots":{"index":"index","follow":"follow","max-snippet":"max-snippet:-1","max-image-preview":"max-image-preview:large","max-video-preview":"max-video-preview:-1"},"canonical":"https:\/\/www.visituffizi.org\/es\/obras-de-arte\/baco-de-caravaggio\/","og_locale":"es_ES","og_type":"article","og_title":"Baco de Caravaggio en la Galer\u00eda Uffizi en Florencia","og_description":"El Baco de Caravaggio es una de las atracciones principales en la Galer\u00eda Uffizi en Florencia localizada en la sala 90.","og_url":"https:\/\/www.visituffizi.org\/es\/obras-de-arte\/baco-de-caravaggio\/","og_site_name":"Visit Uffizi","article_modified_time":"2015-03-22T12:51:28+00:00","og_image":[{"width":450,"height":530,"url":"https:\/\/www.visituffizi.org\/wp-content\/uploads\/2013\/02\/caravaggio-bacchus.jpg","type":"image\/jpeg"}],"twitter_misc":{"Tiempo de lectura":"2 minutos"},"schema":{"@context":"https:\/\/schema.org","@graph":[{"@type":"WebPage","@id":"https:\/\/www.visituffizi.org\/es\/obras-de-arte\/baco-de-caravaggio\/","url":"https:\/\/www.visituffizi.org\/es\/obras-de-arte\/baco-de-caravaggio\/","name":"Baco de Caravaggio en la Galer\u00eda Uffizi en Florencia","isPartOf":{"@id":"https:\/\/www.visituffizi.org\/it\/#website"},"primaryImageOfPage":{"@id":"https:\/\/www.visituffizi.org\/es\/obras-de-arte\/baco-de-caravaggio\/#primaryimage"},"image":{"@id":"https:\/\/www.visituffizi.org\/es\/obras-de-arte\/baco-de-caravaggio\/#primaryimage"},"thumbnailUrl":"https:\/\/www.visituffizi.org\/wp-content\/uploads\/2013\/02\/caravaggio-bacchus.jpg","datePublished":"2015-02-19T11:01:18+00:00","dateModified":"2015-03-22T12:51:28+00:00","description":"El Baco de Caravaggio es una de las atracciones principales en la Galer\u00eda Uffizi en Florencia localizada en la sala 90.","breadcrumb":{"@id":"https:\/\/www.visituffizi.org\/es\/obras-de-arte\/baco-de-caravaggio\/#breadcrumb"},"inLanguage":"es","potentialAction":[{"@type":"ReadAction","target":["https:\/\/www.visituffizi.org\/es\/obras-de-arte\/baco-de-caravaggio\/"]}]},{"@type":"ImageObject","inLanguage":"es","@id":"https:\/\/www.visituffizi.org\/es\/obras-de-arte\/baco-de-caravaggio\/#primaryimage","url":"https:\/\/www.visituffizi.org\/wp-content\/uploads\/2013\/02\/caravaggio-bacchus.jpg","contentUrl":"https:\/\/www.visituffizi.org\/wp-content\/uploads\/2013\/02\/caravaggio-bacchus.jpg","width":450,"height":530,"caption":"Bacco - Caravaggio"},{"@type":"BreadcrumbList","@id":"https:\/\/www.visituffizi.org\/es\/obras-de-arte\/baco-de-caravaggio\/#breadcrumb","itemListElement":[{"@type":"ListItem","position":1,"name":"Home","item":"https:\/\/www.visituffizi.org\/es\/"},{"@type":"ListItem","position":2,"name":"Obras de arte","item":"https:\/\/www.visituffizi.org\/es\/obras-de-arte\/"},{"@type":"ListItem","position":3,"name":"Baco de Caravaggio"}]},{"@type":"WebSite","@id":"https:\/\/www.visituffizi.org\/it\/#website","url":"https:\/\/www.visituffizi.org\/it\/","name":"Visit Uffizi","description":"Guide to Uffizi Museum in Florence","potentialAction":[{"@type":"SearchAction","target":{"@type":"EntryPoint","urlTemplate":"https:\/\/www.visituffizi.org\/it\/?s={search_term_string}"},"query-input":{"@type":"PropertyValueSpecification","valueRequired":true,"valueName":"search_term_string"}}],"inLanguage":"es"}]}},"_links":{"self":[{"href":"https:\/\/www.visituffizi.org\/es\/wp-json\/wp\/v2\/pages\/1727","targetHints":{"allow":["GET"]}}],"collection":[{"href":"https:\/\/www.visituffizi.org\/es\/wp-json\/wp\/v2\/pages"}],"about":[{"href":"https:\/\/www.visituffizi.org\/es\/wp-json\/wp\/v2\/types\/page"}],"author":[{"embeddable":true,"href":"https:\/\/www.visituffizi.org\/es\/wp-json\/wp\/v2\/users\/6"}],"replies":[{"embeddable":true,"href":"https:\/\/www.visituffizi.org\/es\/wp-json\/wp\/v2\/comments?post=1727"}],"version-history":[{"count":0,"href":"https:\/\/www.visituffizi.org\/es\/wp-json\/wp\/v2\/pages\/1727\/revisions"}],"up":[{"embeddable":true,"href":"https:\/\/www.visituffizi.org\/es\/wp-json\/wp\/v2\/pages\/1690"}],"wp:featuredmedia":[{"embeddable":true,"href":"https:\/\/www.visituffizi.org\/es\/wp-json\/wp\/v2\/media\/996"}],"wp:attachment":[{"href":"https:\/\/www.visituffizi.org\/es\/wp-json\/wp\/v2\/media?parent=1727"}],"curies":[{"name":"wp","href":"https:\/\/api.w.org\/{rel}","templated":true}]}}