{"id":1728,"date":"2015-02-19T12:08:15","date_gmt":"2015-02-19T12:08:15","guid":{"rendered":"https:\/\/www.visituffizi.org\/?page_id=1728"},"modified":"2015-03-22T12:56:06","modified_gmt":"2015-03-22T12:56:06","slug":"judit-decapitando-holofernes-de-artemisia-gentileschi","status":"publish","type":"page","link":"https:\/\/www.visituffizi.org\/es\/obras-de-arte\/judit-decapitando-holofernes-de-artemisia-gentileschi\/","title":{"rendered":"Judit decapitando a Holofernes de Artemisia Gentileschi"},"content":{"rendered":"ngg_shortcode_0_placeholder\n<h1>Judit decapitando a Holofernes de Artemisia Gentileschi<\/h1>\n<p style=\"text-align: center;\"><img decoding=\"async\" class=\"size-full wp-image-1123 aligncenter\" src=\"https:\/\/www.visituffizi.org\/wp-content\/uploads\/2013\/03\/artemisia-judith.jpg\" alt=\"artemisia-judith\" width=\"450\" height=\"553\" srcset=\"https:\/\/www.visituffizi.org\/wp-content\/uploads\/2013\/03\/artemisia-judith.jpg 450w, https:\/\/www.visituffizi.org\/wp-content\/uploads\/2013\/03\/artemisia-judith-244x300.jpg 244w, https:\/\/www.visituffizi.org\/wp-content\/uploads\/2013\/03\/artemisia-judith-325x400.jpg 325w, https:\/\/www.visituffizi.org\/wp-content\/uploads\/2013\/03\/artemisia-judith-81x100.jpg 81w, https:\/\/www.visituffizi.org\/wp-content\/uploads\/2013\/03\/artemisia-judith-121x149.jpg 121w\" sizes=\"(max-width: 450px) 100vw, 450px\" \/><\/p>\n<p>\u00a0<strong>Artemisia Gentileschi<\/strong> fue una de las pintoras italianas m\u00e1s conocidas y apreciadas del siglo XVII despu\u00e9s de Caravaggio. En una \u00e9poca,\u00a0en la que las pintoras femeninas no eran f\u00e1cilmente aceptadas, Artemisia fue la primera mujer en convertirse miembro de la\u00a0<em>Accademia di Arti del Disegno<\/em> de Florencia.<\/p>\n<p>Hija de Horacio Gentileschi, seguidor de\u00a0Caravaggio, Artemisia se traslad\u00f3 a Florencia para huir del esc\u00e1ndalo en el cual estuvo involucrada en Roma despu\u00e9s de la demanda por violaci\u00f3n que ella interpuso contra el paisajista\u00a0 Agostino Tassi.\u00a0Este\u00a0dram\u00e1tico hecho, termin\u00f3 con la previsible humillaci\u00f3n de Artemisia. La documentaci\u00f3n del proceso\u00a0existe todav\u00eda,\u00a0y a menudo es tomado como un s\u00edmbolo de la violencia a la que las mujeres fueron sometidas durante siglos.<\/p>\n<p>Lamentablemente este episodio eclips\u00f3 en parte los resultados art\u00edsticos de Artemisia, que durante mucho tiempo fue considerada una curiosidad. Por fortuna hoy su trabajo est\u00e1 siendo reevaluado\u00a0y es considerada una de las pintoras m\u00e1s progresistas de su generaci\u00f3n.<\/p>\n<p>En sus obras, Artemisia parece haber transferido\u00a0su experiencia directamente sobre el lienzo. Sus pinturas representan mujeres fuertes y sufridas de la mitolog\u00eda y de la Biblia \u2013\u00a0 v\u00edctimas, suicidas y guerreras. Parece que Artemisia estaba muy impresionada por\u00a0 la historia de Judit, representada en dos obras maestras conservadas hoy en la Galer\u00eda de los Uffizi.<\/p>\n<p>En \u201cJudit decapitando a Holofernes\u201d (expuesta en la <a href=\"https:\/\/www.visituffizi.org\/es\/las-salas\/sala-90-caravaggio\/\">Sala 90<\/a> junto a Caravaggio), la hero\u00edna b\u00edblica Judit quien hab\u00eda concebido un plan para salvar a su pueblo, ella, ejemplo de virtud y castidad, viene representada decapitando la cabeza del enemigo Holofernes, l\u00edder asirio a quien ella enga\u00f1\u00f3 por medio de la seducci\u00f3n mientras guardaba su pureza.<\/p>\n<p>El lienzo fue probablemente pintado para Cosimo II de\u2019 Medici y terminado despu\u00e9s del regreso de Artemisia a Roma, despu\u00e9s de siete a\u00f1os en Florencia. Se lee en la parte inferior derecha de la obra: \u201cErgo Artemitia Lomi Fec.\u201d<\/p>\n<p>Debido a su violencia, la obra fue colocada en un \u201crinc\u00f3n oscuro\u201d de Palacio Pitti y\u00a0 solo despu\u00e9s de la muerte de Cosimo II Artemisia fue pagada por su trabajo, gracias a la ayuda y mediaci\u00f3n de su amigo Galileo.<\/p>\n<p>En los Uffizi puedes admirar tambi\u00e9n otra obra de arte de Artemisia \u201c<em>Santa Caterina de Alejandr\u00eda<\/em>\u201d de dimensiones m\u00e1s peque\u00f1as respecto a \u201c<em>Judit y Holofernes<\/em>\u201d. En varias de sus pinturas, las hero\u00ednas de Artemisia tienen una apariencia similar a sus\u00a0autorretratos y\u00a0 en la obra \u201c<em>Santa Caterina de Alejandr\u00eda<\/em>\u201d\u00a0se puede ver.<\/p>\n<p>Regresando a la historia de Judit, la obra de Artemisia \u201c<em>Judit y su doncella\u201d<\/em> se encuentra exhibida en la Galer\u00eda Palatina del Palacio Pitti.<\/p>\n","protected":false},"excerpt":{"rendered":"<p>Los temas b\u00edblicos eran comunes en esa \u00e9poca, esta obra resalta por la violencia de la escena que representa, dejando en claro la influencia de Caravaggio.<\/p>\n","protected":false},"author":6,"featured_media":1123,"parent":1690,"menu_order":20,"comment_status":"open","ping_status":"closed","template":"","meta":{"ngg_post_thumbnail":0,"footnotes":""},"class_list":["post-1728","page","type-page","status-publish","has-post-thumbnail","hentry"],"yoast_head":"<!-- This site is optimized with the Yoast SEO plugin v27.4 - https:\/\/yoast.com\/product\/yoast-seo-wordpress\/ -->\n<title>Judit decapitando a Holofernes de Artemisia Gentileschi<\/title>\n<meta name=\"description\" content=\"Artemisia Gentileschi reconocida pintora italiana del siglo XVII despu\u00e9s de Caravaggio se puede apreciar en la sala 90 de la Galer\u00eda Uffizi en Florencia.\" \/>\n<meta name=\"robots\" content=\"index, follow, max-snippet:-1, max-image-preview:large, max-video-preview:-1\" \/>\n<link rel=\"canonical\" href=\"https:\/\/www.visituffizi.org\/es\/obras-de-arte\/judit-decapitando-holofernes-de-artemisia-gentileschi\/\" \/>\n<meta property=\"og:locale\" content=\"es_ES\" \/>\n<meta property=\"og:type\" content=\"article\" \/>\n<meta property=\"og:title\" content=\"Judit decapitando a Holofernes de Artemisia Gentileschi\" \/>\n<meta property=\"og:description\" content=\"Artemisia Gentileschi reconocida pintora italiana del siglo XVII despu\u00e9s de Caravaggio se puede apreciar en la sala 90 de la Galer\u00eda Uffizi en Florencia.\" \/>\n<meta property=\"og:url\" content=\"https:\/\/www.visituffizi.org\/es\/obras-de-arte\/judit-decapitando-holofernes-de-artemisia-gentileschi\/\" \/>\n<meta property=\"og:site_name\" content=\"Visit Uffizi\" \/>\n<meta property=\"article:modified_time\" content=\"2015-03-22T12:56:06+00:00\" \/>\n<meta property=\"og:image\" content=\"https:\/\/www.visituffizi.org\/wp-content\/uploads\/2013\/03\/artemisia-judith.jpg\" \/>\n\t<meta property=\"og:image:width\" content=\"450\" \/>\n\t<meta property=\"og:image:height\" content=\"553\" \/>\n\t<meta property=\"og:image:type\" content=\"image\/jpeg\" \/>\n<meta name=\"twitter:label1\" content=\"Tiempo de lectura\" \/>\n\t<meta name=\"twitter:data1\" content=\"2 minutos\" \/>\n<script type=\"application\/ld+json\" class=\"yoast-schema-graph\">{\"@context\":\"https:\\\/\\\/schema.org\",\"@graph\":[{\"@type\":\"WebPage\",\"@id\":\"https:\\\/\\\/www.visituffizi.org\\\/es\\\/obras-de-arte\\\/judit-decapitando-holofernes-de-artemisia-gentileschi\\\/\",\"url\":\"https:\\\/\\\/www.visituffizi.org\\\/es\\\/obras-de-arte\\\/judit-decapitando-holofernes-de-artemisia-gentileschi\\\/\",\"name\":\"Judit decapitando a Holofernes de Artemisia Gentileschi\",\"isPartOf\":{\"@id\":\"https:\\\/\\\/www.visituffizi.org\\\/it\\\/#website\"},\"primaryImageOfPage\":{\"@id\":\"https:\\\/\\\/www.visituffizi.org\\\/es\\\/obras-de-arte\\\/judit-decapitando-holofernes-de-artemisia-gentileschi\\\/#primaryimage\"},\"image\":{\"@id\":\"https:\\\/\\\/www.visituffizi.org\\\/es\\\/obras-de-arte\\\/judit-decapitando-holofernes-de-artemisia-gentileschi\\\/#primaryimage\"},\"thumbnailUrl\":\"https:\\\/\\\/www.visituffizi.org\\\/wp-content\\\/uploads\\\/2013\\\/03\\\/artemisia-judith.jpg\",\"datePublished\":\"2015-02-19T12:08:15+00:00\",\"dateModified\":\"2015-03-22T12:56:06+00:00\",\"description\":\"Artemisia Gentileschi reconocida pintora italiana del siglo XVII despu\u00e9s de Caravaggio se puede apreciar en la sala 90 de la Galer\u00eda Uffizi en Florencia.\",\"breadcrumb\":{\"@id\":\"https:\\\/\\\/www.visituffizi.org\\\/es\\\/obras-de-arte\\\/judit-decapitando-holofernes-de-artemisia-gentileschi\\\/#breadcrumb\"},\"inLanguage\":\"es\",\"potentialAction\":[{\"@type\":\"ReadAction\",\"target\":[\"https:\\\/\\\/www.visituffizi.org\\\/es\\\/obras-de-arte\\\/judit-decapitando-holofernes-de-artemisia-gentileschi\\\/\"]}]},{\"@type\":\"ImageObject\",\"inLanguage\":\"es\",\"@id\":\"https:\\\/\\\/www.visituffizi.org\\\/es\\\/obras-de-arte\\\/judit-decapitando-holofernes-de-artemisia-gentileschi\\\/#primaryimage\",\"url\":\"https:\\\/\\\/www.visituffizi.org\\\/wp-content\\\/uploads\\\/2013\\\/03\\\/artemisia-judith.jpg\",\"contentUrl\":\"https:\\\/\\\/www.visituffizi.org\\\/wp-content\\\/uploads\\\/2013\\\/03\\\/artemisia-judith.jpg\",\"width\":450,\"height\":553},{\"@type\":\"BreadcrumbList\",\"@id\":\"https:\\\/\\\/www.visituffizi.org\\\/es\\\/obras-de-arte\\\/judit-decapitando-holofernes-de-artemisia-gentileschi\\\/#breadcrumb\",\"itemListElement\":[{\"@type\":\"ListItem\",\"position\":1,\"name\":\"Home\",\"item\":\"https:\\\/\\\/www.visituffizi.org\\\/es\\\/\"},{\"@type\":\"ListItem\",\"position\":2,\"name\":\"Obras de arte\",\"item\":\"https:\\\/\\\/www.visituffizi.org\\\/es\\\/obras-de-arte\\\/\"},{\"@type\":\"ListItem\",\"position\":3,\"name\":\"Judit decapitando a Holofernes de Artemisia Gentileschi\"}]},{\"@type\":\"WebSite\",\"@id\":\"https:\\\/\\\/www.visituffizi.org\\\/it\\\/#website\",\"url\":\"https:\\\/\\\/www.visituffizi.org\\\/it\\\/\",\"name\":\"Visit Uffizi\",\"description\":\"Guide to Uffizi Museum in Florence\",\"potentialAction\":[{\"@type\":\"SearchAction\",\"target\":{\"@type\":\"EntryPoint\",\"urlTemplate\":\"https:\\\/\\\/www.visituffizi.org\\\/it\\\/?s={search_term_string}\"},\"query-input\":{\"@type\":\"PropertyValueSpecification\",\"valueRequired\":true,\"valueName\":\"search_term_string\"}}],\"inLanguage\":\"es\"}]}<\/script>\n<!-- \/ Yoast SEO plugin. -->","yoast_head_json":{"title":"Judit decapitando a Holofernes de Artemisia Gentileschi","description":"Artemisia Gentileschi reconocida pintora italiana del siglo XVII despu\u00e9s de Caravaggio se puede apreciar en la sala 90 de la Galer\u00eda Uffizi en Florencia.","robots":{"index":"index","follow":"follow","max-snippet":"max-snippet:-1","max-image-preview":"max-image-preview:large","max-video-preview":"max-video-preview:-1"},"canonical":"https:\/\/www.visituffizi.org\/es\/obras-de-arte\/judit-decapitando-holofernes-de-artemisia-gentileschi\/","og_locale":"es_ES","og_type":"article","og_title":"Judit decapitando a Holofernes de Artemisia Gentileschi","og_description":"Artemisia Gentileschi reconocida pintora italiana del siglo XVII despu\u00e9s de Caravaggio se puede apreciar en la sala 90 de la Galer\u00eda Uffizi en Florencia.","og_url":"https:\/\/www.visituffizi.org\/es\/obras-de-arte\/judit-decapitando-holofernes-de-artemisia-gentileschi\/","og_site_name":"Visit Uffizi","article_modified_time":"2015-03-22T12:56:06+00:00","og_image":[{"width":450,"height":553,"url":"https:\/\/www.visituffizi.org\/wp-content\/uploads\/2013\/03\/artemisia-judith.jpg","type":"image\/jpeg"}],"twitter_misc":{"Tiempo de lectura":"2 minutos"},"schema":{"@context":"https:\/\/schema.org","@graph":[{"@type":"WebPage","@id":"https:\/\/www.visituffizi.org\/es\/obras-de-arte\/judit-decapitando-holofernes-de-artemisia-gentileschi\/","url":"https:\/\/www.visituffizi.org\/es\/obras-de-arte\/judit-decapitando-holofernes-de-artemisia-gentileschi\/","name":"Judit decapitando a Holofernes de Artemisia Gentileschi","isPartOf":{"@id":"https:\/\/www.visituffizi.org\/it\/#website"},"primaryImageOfPage":{"@id":"https:\/\/www.visituffizi.org\/es\/obras-de-arte\/judit-decapitando-holofernes-de-artemisia-gentileschi\/#primaryimage"},"image":{"@id":"https:\/\/www.visituffizi.org\/es\/obras-de-arte\/judit-decapitando-holofernes-de-artemisia-gentileschi\/#primaryimage"},"thumbnailUrl":"https:\/\/www.visituffizi.org\/wp-content\/uploads\/2013\/03\/artemisia-judith.jpg","datePublished":"2015-02-19T12:08:15+00:00","dateModified":"2015-03-22T12:56:06+00:00","description":"Artemisia Gentileschi reconocida pintora italiana del siglo XVII despu\u00e9s de Caravaggio se puede apreciar en la sala 90 de la Galer\u00eda Uffizi en Florencia.","breadcrumb":{"@id":"https:\/\/www.visituffizi.org\/es\/obras-de-arte\/judit-decapitando-holofernes-de-artemisia-gentileschi\/#breadcrumb"},"inLanguage":"es","potentialAction":[{"@type":"ReadAction","target":["https:\/\/www.visituffizi.org\/es\/obras-de-arte\/judit-decapitando-holofernes-de-artemisia-gentileschi\/"]}]},{"@type":"ImageObject","inLanguage":"es","@id":"https:\/\/www.visituffizi.org\/es\/obras-de-arte\/judit-decapitando-holofernes-de-artemisia-gentileschi\/#primaryimage","url":"https:\/\/www.visituffizi.org\/wp-content\/uploads\/2013\/03\/artemisia-judith.jpg","contentUrl":"https:\/\/www.visituffizi.org\/wp-content\/uploads\/2013\/03\/artemisia-judith.jpg","width":450,"height":553},{"@type":"BreadcrumbList","@id":"https:\/\/www.visituffizi.org\/es\/obras-de-arte\/judit-decapitando-holofernes-de-artemisia-gentileschi\/#breadcrumb","itemListElement":[{"@type":"ListItem","position":1,"name":"Home","item":"https:\/\/www.visituffizi.org\/es\/"},{"@type":"ListItem","position":2,"name":"Obras de arte","item":"https:\/\/www.visituffizi.org\/es\/obras-de-arte\/"},{"@type":"ListItem","position":3,"name":"Judit decapitando a Holofernes de Artemisia Gentileschi"}]},{"@type":"WebSite","@id":"https:\/\/www.visituffizi.org\/it\/#website","url":"https:\/\/www.visituffizi.org\/it\/","name":"Visit Uffizi","description":"Guide to Uffizi Museum in Florence","potentialAction":[{"@type":"SearchAction","target":{"@type":"EntryPoint","urlTemplate":"https:\/\/www.visituffizi.org\/it\/?s={search_term_string}"},"query-input":{"@type":"PropertyValueSpecification","valueRequired":true,"valueName":"search_term_string"}}],"inLanguage":"es"}]}},"_links":{"self":[{"href":"https:\/\/www.visituffizi.org\/es\/wp-json\/wp\/v2\/pages\/1728","targetHints":{"allow":["GET"]}}],"collection":[{"href":"https:\/\/www.visituffizi.org\/es\/wp-json\/wp\/v2\/pages"}],"about":[{"href":"https:\/\/www.visituffizi.org\/es\/wp-json\/wp\/v2\/types\/page"}],"author":[{"embeddable":true,"href":"https:\/\/www.visituffizi.org\/es\/wp-json\/wp\/v2\/users\/6"}],"replies":[{"embeddable":true,"href":"https:\/\/www.visituffizi.org\/es\/wp-json\/wp\/v2\/comments?post=1728"}],"version-history":[{"count":0,"href":"https:\/\/www.visituffizi.org\/es\/wp-json\/wp\/v2\/pages\/1728\/revisions"}],"up":[{"embeddable":true,"href":"https:\/\/www.visituffizi.org\/es\/wp-json\/wp\/v2\/pages\/1690"}],"wp:featuredmedia":[{"embeddable":true,"href":"https:\/\/www.visituffizi.org\/es\/wp-json\/wp\/v2\/media\/1123"}],"wp:attachment":[{"href":"https:\/\/www.visituffizi.org\/es\/wp-json\/wp\/v2\/media?parent=1728"}],"curies":[{"name":"wp","href":"https:\/\/api.w.org\/{rel}","templated":true}]}}