{"id":1729,"date":"2015-02-19T12:29:11","date_gmt":"2015-02-19T12:29:11","guid":{"rendered":"https:\/\/www.visituffizi.org\/?page_id=1729"},"modified":"2025-10-30T18:26:10","modified_gmt":"2025-10-30T18:26:10","slug":"visitas-guiadas-al-museo-uffizi","status":"publish","type":"page","link":"https:\/\/www.visituffizi.org\/es\/visitas-guiadas-al-museo-uffizi\/","title":{"rendered":"Visitas Guiadas al Museo Uffizi"},"content":{"rendered":"ngg_shortcode_0_placeholder\n\n\n\n<h1 class=\"wp-block-heading\">Visitas Guiadas al Museo Uffizi<\/h1>\n\n\n\n<p>La Galer\u00eda Uffizi es un <strong>museo incre\u00edble<\/strong>, con m\u00e1s de 60 salas llenas de impresionantes obras de arte del siglo XII hasta el siglo XVI.<\/p>\n\n\n\n<p>Durante tus vacaciones en <strong>Florencia<\/strong>, es natural que quieras ver<strong> todos sus incre\u00edbles tesoros,<\/strong> hay tantos en Florencia, y es probable que solo tengas algunas horas dedicadas&nbsp;para la <strong>visita a la Galer\u00eda Uffizi<\/strong>.<\/p>\n\n\n\n<h2 class=\"wp-block-heading\">\u00bfLa soluci\u00f3n? \u00a1Una visita guiada&nbsp;a la Galer\u00eda Uffizi!<\/h2>\n\n\n\n<p>\u00a1Deja que un <strong>especialista de arte&nbsp;te guie<\/strong> a trav\u00e9s de la Galer\u00eda&nbsp;y de las obras contenidas en ella! Durante tu recorrido, el gu\u00eda te acompa\u00f1ar\u00e1 de sala en sala,&nbsp;llevandote&nbsp;de la mano en un <strong>viaje en el&nbsp;arte y su historia&nbsp;<\/strong>mientras&nbsp;te muestra las obras de arte m\u00e1s bellas&nbsp;del museo. No solo aprender\u00e1s de la importancia de cada pintura, sino tambi\u00e9n del contexto en el tiempo en el que fueron hechas.<\/p>\n\n\n\n<p>\u00a1Reserva tus boletos hoy y visita la Galer\u00eda Uffizi&nbsp;con una Visita guiada en Espa\u00f1ol!<\/p>\n\n\n\n<div data-vi-partner-id=\"P00101917\" data-vi-widget-ref=\"W-3c8759a2-07da-4767-9a50-c18d5863468f\"><\/div>\n<script async src=\"https:\/\/www.viator.com\/orion\/partner\/widget.js\"><\/script>\n\n\n\n<p class=\"has-text-align-center\"><a class=\"large orange button\" href=\"https:\/\/www.viator.com\/es-ES\/searchResults\/all?text=tour%20galleria%20uffizi&amp;pid=P00101917&amp;mcid=42383&amp;medium=link&amp;medium_version=selector&amp;campaign=vu-es\" target=\"_blank\" rel=\"noopener\">Busca m\u00e0s tours con Viator<\/a><\/p>\n\n\n\n\n<p><strong><em>Divulgaci\u00f3n<\/em><\/strong>: <em>esta p\u00e1gina incluye enlaces de afiliados. Si reservas con Viator, nuestro sitio web recibir\u00e1 una peque\u00f1a comisi\u00f3n sin gastos extras para ti \u2013 \u00a1gracias!<\/em><\/p>\n","protected":false},"excerpt":{"rendered":"<p>Visitas Guiadas al Museo Uffizi La Galer\u00eda Uffizi es un museo incre\u00edble, con m\u00e1s de 60 salas llenas de impresionantes obras de arte del siglo XII hasta el siglo XVI. Durante tus vacaciones en Florencia, es natural que quieras ver todos sus incre\u00edbles tesoros, hay tantos en Florencia, y es probable que solo tengas algunas [&hellip;]<\/p>\n","protected":false},"author":6,"featured_media":0,"parent":0,"menu_order":7,"comment_status":"open","ping_status":"open","template":"","meta":{"ngg_post_thumbnail":0,"footnotes":""},"class_list":["post-1729","page","type-page","status-publish","hentry"],"yoast_head":"<!-- This site is optimized with the Yoast SEO plugin v27.3 - https:\/\/yoast.com\/product\/yoast-seo-wordpress\/ -->\n<title>Visitas guiadas en espa\u00f1ol para la Galer\u00eda Uffizi<\/title>\n<meta name=\"description\" content=\"Realiza tu visita a la Galer\u00eda con un gu\u00eda en espa\u00f1ol, no pierdas la oportunidad de conocer los m\u00ednimos detalles y los datos curiosos de las obras.\" \/>\n<meta name=\"robots\" content=\"index, follow, max-snippet:-1, max-image-preview:large, max-video-preview:-1\" \/>\n<link rel=\"canonical\" href=\"https:\/\/www.visituffizi.org\/es\/visitas-guiadas-al-museo-uffizi\/\" \/>\n<meta property=\"og:locale\" content=\"es_ES\" \/>\n<meta property=\"og:type\" content=\"article\" \/>\n<meta property=\"og:title\" content=\"Visitas guiadas en espa\u00f1ol para la Galer\u00eda Uffizi\" \/>\n<meta property=\"og:description\" content=\"Realiza tu visita a la Galer\u00eda con un gu\u00eda en espa\u00f1ol, no pierdas la oportunidad de conocer los m\u00ednimos detalles y los datos curiosos de las obras.\" \/>\n<meta property=\"og:url\" content=\"https:\/\/www.visituffizi.org\/es\/visitas-guiadas-al-museo-uffizi\/\" \/>\n<meta property=\"og:site_name\" content=\"Visit Uffizi\" \/>\n<meta property=\"article:modified_time\" content=\"2025-10-30T18:26:10+00:00\" \/>\n<meta name=\"twitter:label1\" content=\"Tiempo de lectura\" \/>\n\t<meta name=\"twitter:data1\" content=\"1 minuto\" \/>\n<script type=\"application\/ld+json\" class=\"yoast-schema-graph\">{\"@context\":\"https:\\\/\\\/schema.org\",\"@graph\":[{\"@type\":\"WebPage\",\"@id\":\"https:\\\/\\\/www.visituffizi.org\\\/es\\\/visitas-guiadas-al-museo-uffizi\\\/\",\"url\":\"https:\\\/\\\/www.visituffizi.org\\\/es\\\/visitas-guiadas-al-museo-uffizi\\\/\",\"name\":\"Visitas guiadas en espa\u00f1ol para la Galer\u00eda Uffizi\",\"isPartOf\":{\"@id\":\"https:\\\/\\\/www.visituffizi.org\\\/it\\\/#website\"},\"datePublished\":\"2015-02-19T12:29:11+00:00\",\"dateModified\":\"2025-10-30T18:26:10+00:00\",\"description\":\"Realiza tu visita a la Galer\u00eda con un gu\u00eda en espa\u00f1ol, no pierdas la oportunidad de conocer los m\u00ednimos detalles y los datos curiosos de las obras.\",\"breadcrumb\":{\"@id\":\"https:\\\/\\\/www.visituffizi.org\\\/es\\\/visitas-guiadas-al-museo-uffizi\\\/#breadcrumb\"},\"inLanguage\":\"es\",\"potentialAction\":[{\"@type\":\"ReadAction\",\"target\":[\"https:\\\/\\\/www.visituffizi.org\\\/es\\\/visitas-guiadas-al-museo-uffizi\\\/\"]}]},{\"@type\":\"BreadcrumbList\",\"@id\":\"https:\\\/\\\/www.visituffizi.org\\\/es\\\/visitas-guiadas-al-museo-uffizi\\\/#breadcrumb\",\"itemListElement\":[{\"@type\":\"ListItem\",\"position\":1,\"name\":\"Home\",\"item\":\"https:\\\/\\\/www.visituffizi.org\\\/es\\\/\"},{\"@type\":\"ListItem\",\"position\":2,\"name\":\"Visitas Guiadas al Museo Uffizi\"}]},{\"@type\":\"WebSite\",\"@id\":\"https:\\\/\\\/www.visituffizi.org\\\/it\\\/#website\",\"url\":\"https:\\\/\\\/www.visituffizi.org\\\/it\\\/\",\"name\":\"Visit Uffizi\",\"description\":\"Guide to Uffizi Museum in Florence\",\"potentialAction\":[{\"@type\":\"SearchAction\",\"target\":{\"@type\":\"EntryPoint\",\"urlTemplate\":\"https:\\\/\\\/www.visituffizi.org\\\/it\\\/?s={search_term_string}\"},\"query-input\":{\"@type\":\"PropertyValueSpecification\",\"valueRequired\":true,\"valueName\":\"search_term_string\"}}],\"inLanguage\":\"es\"}]}<\/script>\n<!-- \/ Yoast SEO plugin. -->","yoast_head_json":{"title":"Visitas guiadas en espa\u00f1ol para la Galer\u00eda Uffizi","description":"Realiza tu visita a la Galer\u00eda con un gu\u00eda en espa\u00f1ol, no pierdas la oportunidad de conocer los m\u00ednimos detalles y los datos curiosos de las obras.","robots":{"index":"index","follow":"follow","max-snippet":"max-snippet:-1","max-image-preview":"max-image-preview:large","max-video-preview":"max-video-preview:-1"},"canonical":"https:\/\/www.visituffizi.org\/es\/visitas-guiadas-al-museo-uffizi\/","og_locale":"es_ES","og_type":"article","og_title":"Visitas guiadas en espa\u00f1ol para la Galer\u00eda Uffizi","og_description":"Realiza tu visita a la Galer\u00eda con un gu\u00eda en espa\u00f1ol, no pierdas la oportunidad de conocer los m\u00ednimos detalles y los datos curiosos de las obras.","og_url":"https:\/\/www.visituffizi.org\/es\/visitas-guiadas-al-museo-uffizi\/","og_site_name":"Visit Uffizi","article_modified_time":"2025-10-30T18:26:10+00:00","twitter_misc":{"Tiempo de lectura":"1 minuto"},"schema":{"@context":"https:\/\/schema.org","@graph":[{"@type":"WebPage","@id":"https:\/\/www.visituffizi.org\/es\/visitas-guiadas-al-museo-uffizi\/","url":"https:\/\/www.visituffizi.org\/es\/visitas-guiadas-al-museo-uffizi\/","name":"Visitas guiadas en espa\u00f1ol para la Galer\u00eda Uffizi","isPartOf":{"@id":"https:\/\/www.visituffizi.org\/it\/#website"},"datePublished":"2015-02-19T12:29:11+00:00","dateModified":"2025-10-30T18:26:10+00:00","description":"Realiza tu visita a la Galer\u00eda con un gu\u00eda en espa\u00f1ol, no pierdas la oportunidad de conocer los m\u00ednimos detalles y los datos curiosos de las obras.","breadcrumb":{"@id":"https:\/\/www.visituffizi.org\/es\/visitas-guiadas-al-museo-uffizi\/#breadcrumb"},"inLanguage":"es","potentialAction":[{"@type":"ReadAction","target":["https:\/\/www.visituffizi.org\/es\/visitas-guiadas-al-museo-uffizi\/"]}]},{"@type":"BreadcrumbList","@id":"https:\/\/www.visituffizi.org\/es\/visitas-guiadas-al-museo-uffizi\/#breadcrumb","itemListElement":[{"@type":"ListItem","position":1,"name":"Home","item":"https:\/\/www.visituffizi.org\/es\/"},{"@type":"ListItem","position":2,"name":"Visitas Guiadas al Museo Uffizi"}]},{"@type":"WebSite","@id":"https:\/\/www.visituffizi.org\/it\/#website","url":"https:\/\/www.visituffizi.org\/it\/","name":"Visit Uffizi","description":"Guide to Uffizi Museum in Florence","potentialAction":[{"@type":"SearchAction","target":{"@type":"EntryPoint","urlTemplate":"https:\/\/www.visituffizi.org\/it\/?s={search_term_string}"},"query-input":{"@type":"PropertyValueSpecification","valueRequired":true,"valueName":"search_term_string"}}],"inLanguage":"es"}]}},"_links":{"self":[{"href":"https:\/\/www.visituffizi.org\/es\/wp-json\/wp\/v2\/pages\/1729","targetHints":{"allow":["GET"]}}],"collection":[{"href":"https:\/\/www.visituffizi.org\/es\/wp-json\/wp\/v2\/pages"}],"about":[{"href":"https:\/\/www.visituffizi.org\/es\/wp-json\/wp\/v2\/types\/page"}],"author":[{"embeddable":true,"href":"https:\/\/www.visituffizi.org\/es\/wp-json\/wp\/v2\/users\/6"}],"replies":[{"embeddable":true,"href":"https:\/\/www.visituffizi.org\/es\/wp-json\/wp\/v2\/comments?post=1729"}],"version-history":[{"count":0,"href":"https:\/\/www.visituffizi.org\/es\/wp-json\/wp\/v2\/pages\/1729\/revisions"}],"wp:attachment":[{"href":"https:\/\/www.visituffizi.org\/es\/wp-json\/wp\/v2\/media?parent=1729"}],"curies":[{"name":"wp","href":"https:\/\/api.w.org\/{rel}","templated":true}]}}