{"id":1746,"date":"2015-02-19T21:42:16","date_gmt":"2015-02-19T21:42:16","guid":{"rendered":"https:\/\/www.visituffizi.org\/?page_id=1746"},"modified":"2015-03-11T22:15:28","modified_gmt":"2015-03-11T22:15:28","slug":"quienes-somos","status":"publish","type":"page","link":"https:\/\/www.visituffizi.org\/es\/quienes-somos\/","title":{"rendered":"Quienes somos"},"content":{"rendered":"ngg_shortcode_0_placeholder\n<h1>Quienes somos<\/h1>\n<p><strong>Uffizi.org<\/strong> es una gu\u00eda online dedicada a la Galer\u00eda de los Uffizi en Florencia, uno de los museos m\u00e1s antiguos y famosos de Italia y del mundo.<\/p>\n<p>Nuestra meta es crear y mantener un recurso \u00fatil para aquellos que est\u00e1n preparando su visita a los museos de la ciudad, conocida como la \u201ccuna del Renacimiento\u201d, y para todos aquellos que, como nosotros, simplemente amamos la Galer\u00eda Uffizi.<\/p>\n<p>Esta gu\u00eda incluye informaci\u00f3n general de la Galer\u00eda y las obras de arte que la conforman, y ofrece la posibilidad de reservar boletos y visitas guiadas online para el museo gracias a la asociaci\u00f3n que tenemos con <strong>Florence-tickets.com<\/strong>. Florence-tickets es directamente responsable de la gesti\u00f3n de las reservaciones y de la venta de\u00a0boletos.<\/p>\n<p>Uffizi.org no es el sitio web oficial de la Galer\u00eda Uffizi que se puede encontrar entre los otros museos estatales en Florencia aqu\u00ed: <a href=\"http:\/\/www.polomuseale.firenze.it\/\" target=\"_blank\">http:\/\/www.polomuseale.firenze.it\/<\/a><\/p>\n<h3>Proyecto Webpromoter<\/h3>\n<p>Uffizi.org creo <a href=\"http:\/\/www.webpromoter.com\/en\/\" target=\"_blank\">Webpromoter<\/a>, una agencia web especializada en\u00a0<strong>promociones online<\/strong> de empresas que trabajan en\u00a0los sector hotelero y de turismo en Toscana.<\/p>\n<p>Webpromoter ha estado promoviendo el <strong>turismo en Toscana<\/strong> online por muchos a\u00f1os a trav\u00e9s de las gu\u00edas <a href=\"http:\/\/www.visitflorence.com\/\" target=\"_blank\">Visit Florence<\/a> y <a href=\"http:\/\/www.discovertuscany.com\/\" target=\"_blank\">Discover Tuscany<\/a>, herramientas \u00fatiles para los visitantes de todas las partes del mundo, que est\u00e1n preparando su visita a Italia y sus hermosas ciudades.<\/p>\n<p>Puedes encontrar nuestra<a href=\"https:\/\/www.visituffizi.org\/es\/contactanos\/\"> informaci\u00f3n de contactos\u00a0aqu\u00ed<\/a>.<\/p>\n","protected":false},"excerpt":{"rendered":"<p>Quienes somos Uffizi.org es una gu\u00eda online dedicada a la Galer\u00eda de los Uffizi en Florencia, uno de los museos m\u00e1s antiguos y famosos de Italia y del mundo. Nuestra meta es crear y mantener un recurso \u00fatil para aquellos que est\u00e1n preparando su visita a los museos de la ciudad, conocida como la \u201ccuna [&hellip;]<\/p>\n","protected":false},"author":6,"featured_media":0,"parent":0,"menu_order":9,"comment_status":"open","ping_status":"open","template":"","meta":{"ngg_post_thumbnail":0,"footnotes":""},"class_list":["post-1746","page","type-page","status-publish","hentry"],"yoast_head":"<!-- This site is optimized with the Yoast SEO plugin v27.4 - https:\/\/yoast.com\/product\/yoast-seo-wordpress\/ -->\n<title>Uffizi.Org - Quienes somos<\/title>\n<meta name=\"description\" content=\"Uffizi.Org es una gu\u00eda online dedicada a la Galer\u00eda Uffizi y otros Museos de Florencia Italia, que tiene el prop\u00f3sito de hacer tu vista m\u00e1s agradable.\" \/>\n<meta name=\"robots\" content=\"index, follow, max-snippet:-1, max-image-preview:large, max-video-preview:-1\" \/>\n<link rel=\"canonical\" href=\"https:\/\/www.visituffizi.org\/es\/quienes-somos\/\" \/>\n<meta property=\"og:locale\" content=\"es_ES\" \/>\n<meta property=\"og:type\" content=\"article\" \/>\n<meta property=\"og:title\" content=\"Uffizi.Org - Quienes somos\" \/>\n<meta property=\"og:description\" content=\"Uffizi.Org es una gu\u00eda online dedicada a la Galer\u00eda Uffizi y otros Museos de Florencia Italia, que tiene el prop\u00f3sito de hacer tu vista m\u00e1s agradable.\" \/>\n<meta property=\"og:url\" content=\"https:\/\/www.visituffizi.org\/es\/quienes-somos\/\" \/>\n<meta property=\"og:site_name\" content=\"Visit Uffizi\" \/>\n<meta property=\"article:modified_time\" content=\"2015-03-11T22:15:28+00:00\" \/>\n<meta name=\"twitter:label1\" content=\"Tiempo de lectura\" \/>\n\t<meta name=\"twitter:data1\" content=\"1 minuto\" \/>\n<script type=\"application\/ld+json\" class=\"yoast-schema-graph\">{\"@context\":\"https:\\\/\\\/schema.org\",\"@graph\":[{\"@type\":\"WebPage\",\"@id\":\"https:\\\/\\\/www.visituffizi.org\\\/es\\\/quienes-somos\\\/\",\"url\":\"https:\\\/\\\/www.visituffizi.org\\\/es\\\/quienes-somos\\\/\",\"name\":\"Uffizi.Org - Quienes somos\",\"isPartOf\":{\"@id\":\"https:\\\/\\\/www.visituffizi.org\\\/it\\\/#website\"},\"datePublished\":\"2015-02-19T21:42:16+00:00\",\"dateModified\":\"2015-03-11T22:15:28+00:00\",\"description\":\"Uffizi.Org es una gu\u00eda online dedicada a la Galer\u00eda Uffizi y otros Museos de Florencia Italia, que tiene el prop\u00f3sito de hacer tu vista m\u00e1s agradable.\",\"breadcrumb\":{\"@id\":\"https:\\\/\\\/www.visituffizi.org\\\/es\\\/quienes-somos\\\/#breadcrumb\"},\"inLanguage\":\"es\",\"potentialAction\":[{\"@type\":\"ReadAction\",\"target\":[\"https:\\\/\\\/www.visituffizi.org\\\/es\\\/quienes-somos\\\/\"]}]},{\"@type\":\"BreadcrumbList\",\"@id\":\"https:\\\/\\\/www.visituffizi.org\\\/es\\\/quienes-somos\\\/#breadcrumb\",\"itemListElement\":[{\"@type\":\"ListItem\",\"position\":1,\"name\":\"Home\",\"item\":\"https:\\\/\\\/www.visituffizi.org\\\/es\\\/\"},{\"@type\":\"ListItem\",\"position\":2,\"name\":\"Quienes somos\"}]},{\"@type\":\"WebSite\",\"@id\":\"https:\\\/\\\/www.visituffizi.org\\\/it\\\/#website\",\"url\":\"https:\\\/\\\/www.visituffizi.org\\\/it\\\/\",\"name\":\"Visit Uffizi\",\"description\":\"Guide to Uffizi Museum in Florence\",\"potentialAction\":[{\"@type\":\"SearchAction\",\"target\":{\"@type\":\"EntryPoint\",\"urlTemplate\":\"https:\\\/\\\/www.visituffizi.org\\\/it\\\/?s={search_term_string}\"},\"query-input\":{\"@type\":\"PropertyValueSpecification\",\"valueRequired\":true,\"valueName\":\"search_term_string\"}}],\"inLanguage\":\"es\"}]}<\/script>\n<!-- \/ Yoast SEO plugin. -->","yoast_head_json":{"title":"Uffizi.Org - Quienes somos","description":"Uffizi.Org es una gu\u00eda online dedicada a la Galer\u00eda Uffizi y otros Museos de Florencia Italia, que tiene el prop\u00f3sito de hacer tu vista m\u00e1s agradable.","robots":{"index":"index","follow":"follow","max-snippet":"max-snippet:-1","max-image-preview":"max-image-preview:large","max-video-preview":"max-video-preview:-1"},"canonical":"https:\/\/www.visituffizi.org\/es\/quienes-somos\/","og_locale":"es_ES","og_type":"article","og_title":"Uffizi.Org - Quienes somos","og_description":"Uffizi.Org es una gu\u00eda online dedicada a la Galer\u00eda Uffizi y otros Museos de Florencia Italia, que tiene el prop\u00f3sito de hacer tu vista m\u00e1s agradable.","og_url":"https:\/\/www.visituffizi.org\/es\/quienes-somos\/","og_site_name":"Visit Uffizi","article_modified_time":"2015-03-11T22:15:28+00:00","twitter_misc":{"Tiempo de lectura":"1 minuto"},"schema":{"@context":"https:\/\/schema.org","@graph":[{"@type":"WebPage","@id":"https:\/\/www.visituffizi.org\/es\/quienes-somos\/","url":"https:\/\/www.visituffizi.org\/es\/quienes-somos\/","name":"Uffizi.Org - Quienes somos","isPartOf":{"@id":"https:\/\/www.visituffizi.org\/it\/#website"},"datePublished":"2015-02-19T21:42:16+00:00","dateModified":"2015-03-11T22:15:28+00:00","description":"Uffizi.Org es una gu\u00eda online dedicada a la Galer\u00eda Uffizi y otros Museos de Florencia Italia, que tiene el prop\u00f3sito de hacer tu vista m\u00e1s agradable.","breadcrumb":{"@id":"https:\/\/www.visituffizi.org\/es\/quienes-somos\/#breadcrumb"},"inLanguage":"es","potentialAction":[{"@type":"ReadAction","target":["https:\/\/www.visituffizi.org\/es\/quienes-somos\/"]}]},{"@type":"BreadcrumbList","@id":"https:\/\/www.visituffizi.org\/es\/quienes-somos\/#breadcrumb","itemListElement":[{"@type":"ListItem","position":1,"name":"Home","item":"https:\/\/www.visituffizi.org\/es\/"},{"@type":"ListItem","position":2,"name":"Quienes somos"}]},{"@type":"WebSite","@id":"https:\/\/www.visituffizi.org\/it\/#website","url":"https:\/\/www.visituffizi.org\/it\/","name":"Visit Uffizi","description":"Guide to Uffizi Museum in Florence","potentialAction":[{"@type":"SearchAction","target":{"@type":"EntryPoint","urlTemplate":"https:\/\/www.visituffizi.org\/it\/?s={search_term_string}"},"query-input":{"@type":"PropertyValueSpecification","valueRequired":true,"valueName":"search_term_string"}}],"inLanguage":"es"}]}},"_links":{"self":[{"href":"https:\/\/www.visituffizi.org\/es\/wp-json\/wp\/v2\/pages\/1746","targetHints":{"allow":["GET"]}}],"collection":[{"href":"https:\/\/www.visituffizi.org\/es\/wp-json\/wp\/v2\/pages"}],"about":[{"href":"https:\/\/www.visituffizi.org\/es\/wp-json\/wp\/v2\/types\/page"}],"author":[{"embeddable":true,"href":"https:\/\/www.visituffizi.org\/es\/wp-json\/wp\/v2\/users\/6"}],"replies":[{"embeddable":true,"href":"https:\/\/www.visituffizi.org\/es\/wp-json\/wp\/v2\/comments?post=1746"}],"version-history":[{"count":0,"href":"https:\/\/www.visituffizi.org\/es\/wp-json\/wp\/v2\/pages\/1746\/revisions"}],"wp:attachment":[{"href":"https:\/\/www.visituffizi.org\/es\/wp-json\/wp\/v2\/media?parent=1746"}],"curies":[{"name":"wp","href":"https:\/\/api.w.org\/{rel}","templated":true}]}}