{"id":1749,"date":"2015-02-22T10:29:11","date_gmt":"2015-02-22T10:29:11","guid":{"rendered":"https:\/\/www.visituffizi.org\/?page_id=1749"},"modified":"2023-10-18T09:47:20","modified_gmt":"2023-10-18T09:47:20","slug":"contactanos","status":"publish","type":"page","link":"https:\/\/www.visituffizi.org\/es\/contactanos\/","title":{"rendered":"Cont\u00e1ctanos"},"content":{"rendered":"<p>Visituffizi.org es una gu\u00eda&nbsp;online&nbsp;de la Galer\u00eda Uffizi en Florencia, que ofrece el servicio online de venta&nbsp;de boletos,&nbsp;adem\u00e1s de visitas guiadas para visitar la Galer\u00eda, y otros museos importantes de Florencia.<\/p>\n<p>Si buscas el <strong>sito oficial<\/strong> de el museo, <a href=\"http:\/\/www.uffizi.it\/\" target=\"_blank\" rel=\"noopener\">haz click aqui<\/a>.<\/p>\n<p>Si tienes <strong>dificultad para&nbsp;reservar<\/strong> tus boletos en l\u00ednea para el museo, puedes contactarnos en info [at] VisitFlorence.com.<\/p>\n<p>Si tienes <strong>dudas de los boletos que ya haz comprado<\/strong>, debes contactar directamente a nuestros socios Florence-tickets.com o Centro de Ayuda de <a href=\"https:\/\/www.viator.com\/es-ES\/\" target=\"_blank\" rel=\"noopener\">Viator<\/a> para resolver los problemas.<\/p>\n<p>Si tienes<strong> preguntas en general<\/strong> de los <strong>museos en Florencia<\/strong> o de <strong>tu viaje por Toscana<\/strong>, puedes obtener informaci\u00f3n \u00fatil&nbsp;en este <a href=\"https:\/\/ask.discovertuscany.com\/florence\/\" target=\"_blank\" rel=\"noopener\">FORO &gt;&gt;<\/a>&nbsp;que por el momento existe s\u00f3lo&nbsp;en&nbsp;ingl\u00e9s.<\/p>\n","protected":false},"excerpt":{"rendered":"<p>Visituffizi.org es una gu\u00eda&nbsp;online&nbsp;de la Galer\u00eda Uffizi en Florencia, que ofrece el servicio online de venta&nbsp;de boletos,&nbsp;adem\u00e1s de visitas guiadas para visitar la Galer\u00eda, y otros museos importantes de Florencia. Si buscas el sito oficial de el museo, haz click aqui. Si tienes dificultad para&nbsp;reservar tus boletos en l\u00ednea para el museo, puedes contactarnos en [&hellip;]<\/p>\n","protected":false},"author":6,"featured_media":0,"parent":0,"menu_order":10,"comment_status":"open","ping_status":"open","template":"","meta":{"ngg_post_thumbnail":0,"footnotes":""},"class_list":["post-1749","page","type-page","status-publish","hentry"],"yoast_head":"<!-- This site is optimized with the Yoast SEO plugin v27.4 - https:\/\/yoast.com\/product\/yoast-seo-wordpress\/ -->\n<title>Dudas? Preguntas? Cont\u00e1ctanos informacion general<\/title>\n<meta name=\"description\" content=\"Si tienes problemas para reservar tus boletos o visitas guiadas online cont\u00e1ctanos en Uffizi.org\" \/>\n<meta name=\"robots\" content=\"index, follow, max-snippet:-1, max-image-preview:large, max-video-preview:-1\" \/>\n<link rel=\"canonical\" href=\"https:\/\/www.visituffizi.org\/es\/contactanos\/\" \/>\n<meta property=\"og:locale\" content=\"es_ES\" \/>\n<meta property=\"og:type\" content=\"article\" \/>\n<meta property=\"og:title\" content=\"Dudas? Preguntas? Cont\u00e1ctanos informacion general\" \/>\n<meta property=\"og:description\" content=\"Si tienes problemas para reservar tus boletos o visitas guiadas online cont\u00e1ctanos en Uffizi.org\" \/>\n<meta property=\"og:url\" content=\"https:\/\/www.visituffizi.org\/es\/contactanos\/\" \/>\n<meta property=\"og:site_name\" content=\"Visit Uffizi\" \/>\n<meta property=\"article:modified_time\" content=\"2023-10-18T09:47:20+00:00\" \/>\n<meta name=\"twitter:label1\" content=\"Tiempo de lectura\" \/>\n\t<meta name=\"twitter:data1\" content=\"1 minuto\" \/>\n<script type=\"application\/ld+json\" class=\"yoast-schema-graph\">{\"@context\":\"https:\\\/\\\/schema.org\",\"@graph\":[{\"@type\":\"WebPage\",\"@id\":\"https:\\\/\\\/www.visituffizi.org\\\/es\\\/contactanos\\\/\",\"url\":\"https:\\\/\\\/www.visituffizi.org\\\/es\\\/contactanos\\\/\",\"name\":\"Dudas? Preguntas? Cont\u00e1ctanos informacion general\",\"isPartOf\":{\"@id\":\"https:\\\/\\\/www.visituffizi.org\\\/it\\\/#website\"},\"datePublished\":\"2015-02-22T10:29:11+00:00\",\"dateModified\":\"2023-10-18T09:47:20+00:00\",\"description\":\"Si tienes problemas para reservar tus boletos o visitas guiadas online cont\u00e1ctanos en Uffizi.org\",\"breadcrumb\":{\"@id\":\"https:\\\/\\\/www.visituffizi.org\\\/es\\\/contactanos\\\/#breadcrumb\"},\"inLanguage\":\"es\",\"potentialAction\":[{\"@type\":\"ReadAction\",\"target\":[\"https:\\\/\\\/www.visituffizi.org\\\/es\\\/contactanos\\\/\"]}]},{\"@type\":\"BreadcrumbList\",\"@id\":\"https:\\\/\\\/www.visituffizi.org\\\/es\\\/contactanos\\\/#breadcrumb\",\"itemListElement\":[{\"@type\":\"ListItem\",\"position\":1,\"name\":\"Home\",\"item\":\"https:\\\/\\\/www.visituffizi.org\\\/es\\\/\"},{\"@type\":\"ListItem\",\"position\":2,\"name\":\"Cont\u00e1ctanos\"}]},{\"@type\":\"WebSite\",\"@id\":\"https:\\\/\\\/www.visituffizi.org\\\/it\\\/#website\",\"url\":\"https:\\\/\\\/www.visituffizi.org\\\/it\\\/\",\"name\":\"Visit Uffizi\",\"description\":\"Guide to Uffizi Museum in Florence\",\"potentialAction\":[{\"@type\":\"SearchAction\",\"target\":{\"@type\":\"EntryPoint\",\"urlTemplate\":\"https:\\\/\\\/www.visituffizi.org\\\/it\\\/?s={search_term_string}\"},\"query-input\":{\"@type\":\"PropertyValueSpecification\",\"valueRequired\":true,\"valueName\":\"search_term_string\"}}],\"inLanguage\":\"es\"}]}<\/script>\n<!-- \/ Yoast SEO plugin. -->","yoast_head_json":{"title":"Dudas? Preguntas? Cont\u00e1ctanos informacion general","description":"Si tienes problemas para reservar tus boletos o visitas guiadas online cont\u00e1ctanos en Uffizi.org","robots":{"index":"index","follow":"follow","max-snippet":"max-snippet:-1","max-image-preview":"max-image-preview:large","max-video-preview":"max-video-preview:-1"},"canonical":"https:\/\/www.visituffizi.org\/es\/contactanos\/","og_locale":"es_ES","og_type":"article","og_title":"Dudas? Preguntas? Cont\u00e1ctanos informacion general","og_description":"Si tienes problemas para reservar tus boletos o visitas guiadas online cont\u00e1ctanos en Uffizi.org","og_url":"https:\/\/www.visituffizi.org\/es\/contactanos\/","og_site_name":"Visit Uffizi","article_modified_time":"2023-10-18T09:47:20+00:00","twitter_misc":{"Tiempo de lectura":"1 minuto"},"schema":{"@context":"https:\/\/schema.org","@graph":[{"@type":"WebPage","@id":"https:\/\/www.visituffizi.org\/es\/contactanos\/","url":"https:\/\/www.visituffizi.org\/es\/contactanos\/","name":"Dudas? Preguntas? Cont\u00e1ctanos informacion general","isPartOf":{"@id":"https:\/\/www.visituffizi.org\/it\/#website"},"datePublished":"2015-02-22T10:29:11+00:00","dateModified":"2023-10-18T09:47:20+00:00","description":"Si tienes problemas para reservar tus boletos o visitas guiadas online cont\u00e1ctanos en Uffizi.org","breadcrumb":{"@id":"https:\/\/www.visituffizi.org\/es\/contactanos\/#breadcrumb"},"inLanguage":"es","potentialAction":[{"@type":"ReadAction","target":["https:\/\/www.visituffizi.org\/es\/contactanos\/"]}]},{"@type":"BreadcrumbList","@id":"https:\/\/www.visituffizi.org\/es\/contactanos\/#breadcrumb","itemListElement":[{"@type":"ListItem","position":1,"name":"Home","item":"https:\/\/www.visituffizi.org\/es\/"},{"@type":"ListItem","position":2,"name":"Cont\u00e1ctanos"}]},{"@type":"WebSite","@id":"https:\/\/www.visituffizi.org\/it\/#website","url":"https:\/\/www.visituffizi.org\/it\/","name":"Visit Uffizi","description":"Guide to Uffizi Museum in Florence","potentialAction":[{"@type":"SearchAction","target":{"@type":"EntryPoint","urlTemplate":"https:\/\/www.visituffizi.org\/it\/?s={search_term_string}"},"query-input":{"@type":"PropertyValueSpecification","valueRequired":true,"valueName":"search_term_string"}}],"inLanguage":"es"}]}},"_links":{"self":[{"href":"https:\/\/www.visituffizi.org\/es\/wp-json\/wp\/v2\/pages\/1749","targetHints":{"allow":["GET"]}}],"collection":[{"href":"https:\/\/www.visituffizi.org\/es\/wp-json\/wp\/v2\/pages"}],"about":[{"href":"https:\/\/www.visituffizi.org\/es\/wp-json\/wp\/v2\/types\/page"}],"author":[{"embeddable":true,"href":"https:\/\/www.visituffizi.org\/es\/wp-json\/wp\/v2\/users\/6"}],"replies":[{"embeddable":true,"href":"https:\/\/www.visituffizi.org\/es\/wp-json\/wp\/v2\/comments?post=1749"}],"version-history":[{"count":0,"href":"https:\/\/www.visituffizi.org\/es\/wp-json\/wp\/v2\/pages\/1749\/revisions"}],"wp:attachment":[{"href":"https:\/\/www.visituffizi.org\/es\/wp-json\/wp\/v2\/media?parent=1749"}],"curies":[{"name":"wp","href":"https:\/\/api.w.org\/{rel}","templated":true}]}}