{"id":1750,"date":"2015-02-22T11:57:45","date_gmt":"2015-02-22T11:57:45","guid":{"rendered":"https:\/\/www.visituffizi.org\/?page_id=1750"},"modified":"2015-09-30T04:16:00","modified_gmt":"2015-09-30T04:16:00","slug":"otros-museos-en-florencia","status":"publish","type":"page","link":"https:\/\/www.visituffizi.org\/es\/otros-museos-en-florencia\/","title":{"rendered":"Otros Museos en Florencia"},"content":{"rendered":"ngg_shortcode_0_placeholder\n<h1>Otros Museos en Florencia<\/h1>\n<p>La Galer\u00eda Uffizi es seguramente el museo m\u00e1s importante en Florencia pero existen otros igualmente importantes: La <a href=\"https:\/\/www.visituffizi.org\/es\/otros-museos-en-florencia\/galeria-de-la-academia\/\">Galer\u00eda de la Academia<\/a> (la casa de David,\u00a0 la obra de arte m\u00e1s importante de Miguel \u00c1ngel), la <a href=\"https:\/\/www.visituffizi.org\/es\/otros-museos-en-florencia\/capilla-medici\/\">Capilla Medici<\/a>, el <a href=\"https:\/\/www.visituffizi.org\/es\/otros-museos-en-florencia\/museo-del-bargello\/\">Bargello<\/a> y tambi\u00e9n el museo del<a href=\"https:\/\/www.visituffizi.org\/es\/otros-museos-en-florencia\/galeria-palatina-y-galeria-de-arte-moderno\/\"> Palacio Pitti<\/a>, estos son algunos de los museos m\u00e1s\u00a0interesantes que ofrecen a los espectadores, <strong>ricas colecciones de obras de arte<\/strong>.<\/p>\n<p>Una vez que estes en Florencia, el <strong>tiempo parecer\u00e1\u00a0volar<\/strong> y ciertamente no querr\u00e1s perder tu tiempo en filas esperando a comprar tus boletos y entrar al museo.<\/p>\n<h2>\u00bfC\u00f3mo ahorrar tiempo y ver lo mejor de Florencia?<\/h2>\n<p>\u00a1<strong>Reserva\u00a0tus boletos online!<\/strong> Compra tus boletos a los principales museos de Florencia y\u00a0<strong>evita las filas<\/strong> para entrar al museo y as\u00ed aprovechar \u00a1al\u00a0m\u00e1ximo\u00a0tu\u00a0tiempo en Florencia!<\/p>\n","protected":false},"excerpt":{"rendered":"<p>Otros Museos en Florencia La Galer\u00eda Uffizi es seguramente el museo m\u00e1s importante en Florencia pero existen otros igualmente importantes: La Galer\u00eda de la Academia (la casa de David,\u00a0 la obra de arte m\u00e1s importante de Miguel \u00c1ngel), la Capilla Medici, el Bargello y tambi\u00e9n el museo del Palacio Pitti, estos son algunos de los [&hellip;]<\/p>\n","protected":false},"author":6,"featured_media":0,"parent":0,"menu_order":8,"comment_status":"open","ping_status":"open","template":"page_children.php","meta":{"ngg_post_thumbnail":0,"footnotes":""},"class_list":["post-1750","page","type-page","status-publish","hentry"],"yoast_head":"<!-- This site is optimized with the Yoast SEO plugin v27.3 - https:\/\/yoast.com\/product\/yoast-seo-wordpress\/ -->\n<title>Reserva tus boletos para los diferentes Museos de Florencia<\/title>\n<meta name=\"description\" content=\"Reserva tus boletos online hoy de La Galer\u00eda de la Academia, la Capilla Medici, el Bargello y el museo del Palacio Pitti y aprovecha tu tiempo al m\u00e1ximo!\" \/>\n<meta name=\"robots\" content=\"index, follow, max-snippet:-1, max-image-preview:large, max-video-preview:-1\" \/>\n<link rel=\"canonical\" href=\"https:\/\/www.visituffizi.org\/es\/otros-museos-en-florencia\/\" \/>\n<meta property=\"og:locale\" content=\"es_ES\" \/>\n<meta property=\"og:type\" content=\"article\" \/>\n<meta property=\"og:title\" content=\"Reserva tus boletos para los diferentes Museos de Florencia\" \/>\n<meta property=\"og:description\" content=\"Reserva tus boletos online hoy de La Galer\u00eda de la Academia, la Capilla Medici, el Bargello y el museo del Palacio Pitti y aprovecha tu tiempo al m\u00e1ximo!\" \/>\n<meta property=\"og:url\" content=\"https:\/\/www.visituffizi.org\/es\/otros-museos-en-florencia\/\" \/>\n<meta property=\"og:site_name\" content=\"Visit Uffizi\" \/>\n<meta property=\"article:modified_time\" content=\"2015-09-30T04:16:00+00:00\" \/>\n<meta name=\"twitter:label1\" content=\"Tiempo de lectura\" \/>\n\t<meta name=\"twitter:data1\" content=\"1 minuto\" \/>\n<script type=\"application\/ld+json\" class=\"yoast-schema-graph\">{\"@context\":\"https:\\\/\\\/schema.org\",\"@graph\":[{\"@type\":\"WebPage\",\"@id\":\"https:\\\/\\\/www.visituffizi.org\\\/es\\\/otros-museos-en-florencia\\\/\",\"url\":\"https:\\\/\\\/www.visituffizi.org\\\/es\\\/otros-museos-en-florencia\\\/\",\"name\":\"Reserva tus boletos para los diferentes Museos de Florencia\",\"isPartOf\":{\"@id\":\"https:\\\/\\\/www.visituffizi.org\\\/it\\\/#website\"},\"datePublished\":\"2015-02-22T11:57:45+00:00\",\"dateModified\":\"2015-09-30T04:16:00+00:00\",\"description\":\"Reserva tus boletos online hoy de La Galer\u00eda de la Academia, la Capilla Medici, el Bargello y el museo del Palacio Pitti y aprovecha tu tiempo al m\u00e1ximo!\",\"breadcrumb\":{\"@id\":\"https:\\\/\\\/www.visituffizi.org\\\/es\\\/otros-museos-en-florencia\\\/#breadcrumb\"},\"inLanguage\":\"es\",\"potentialAction\":[{\"@type\":\"ReadAction\",\"target\":[\"https:\\\/\\\/www.visituffizi.org\\\/es\\\/otros-museos-en-florencia\\\/\"]}]},{\"@type\":\"BreadcrumbList\",\"@id\":\"https:\\\/\\\/www.visituffizi.org\\\/es\\\/otros-museos-en-florencia\\\/#breadcrumb\",\"itemListElement\":[{\"@type\":\"ListItem\",\"position\":1,\"name\":\"Home\",\"item\":\"https:\\\/\\\/www.visituffizi.org\\\/es\\\/\"},{\"@type\":\"ListItem\",\"position\":2,\"name\":\"Otros Museos en Florencia\"}]},{\"@type\":\"WebSite\",\"@id\":\"https:\\\/\\\/www.visituffizi.org\\\/it\\\/#website\",\"url\":\"https:\\\/\\\/www.visituffizi.org\\\/it\\\/\",\"name\":\"Visit Uffizi\",\"description\":\"Guide to Uffizi Museum in Florence\",\"potentialAction\":[{\"@type\":\"SearchAction\",\"target\":{\"@type\":\"EntryPoint\",\"urlTemplate\":\"https:\\\/\\\/www.visituffizi.org\\\/it\\\/?s={search_term_string}\"},\"query-input\":{\"@type\":\"PropertyValueSpecification\",\"valueRequired\":true,\"valueName\":\"search_term_string\"}}],\"inLanguage\":\"es\"}]}<\/script>\n<!-- \/ Yoast SEO plugin. -->","yoast_head_json":{"title":"Reserva tus boletos para los diferentes Museos de Florencia","description":"Reserva tus boletos online hoy de La Galer\u00eda de la Academia, la Capilla Medici, el Bargello y el museo del Palacio Pitti y aprovecha tu tiempo al m\u00e1ximo!","robots":{"index":"index","follow":"follow","max-snippet":"max-snippet:-1","max-image-preview":"max-image-preview:large","max-video-preview":"max-video-preview:-1"},"canonical":"https:\/\/www.visituffizi.org\/es\/otros-museos-en-florencia\/","og_locale":"es_ES","og_type":"article","og_title":"Reserva tus boletos para los diferentes Museos de Florencia","og_description":"Reserva tus boletos online hoy de La Galer\u00eda de la Academia, la Capilla Medici, el Bargello y el museo del Palacio Pitti y aprovecha tu tiempo al m\u00e1ximo!","og_url":"https:\/\/www.visituffizi.org\/es\/otros-museos-en-florencia\/","og_site_name":"Visit Uffizi","article_modified_time":"2015-09-30T04:16:00+00:00","twitter_misc":{"Tiempo de lectura":"1 minuto"},"schema":{"@context":"https:\/\/schema.org","@graph":[{"@type":"WebPage","@id":"https:\/\/www.visituffizi.org\/es\/otros-museos-en-florencia\/","url":"https:\/\/www.visituffizi.org\/es\/otros-museos-en-florencia\/","name":"Reserva tus boletos para los diferentes Museos de Florencia","isPartOf":{"@id":"https:\/\/www.visituffizi.org\/it\/#website"},"datePublished":"2015-02-22T11:57:45+00:00","dateModified":"2015-09-30T04:16:00+00:00","description":"Reserva tus boletos online hoy de La Galer\u00eda de la Academia, la Capilla Medici, el Bargello y el museo del Palacio Pitti y aprovecha tu tiempo al m\u00e1ximo!","breadcrumb":{"@id":"https:\/\/www.visituffizi.org\/es\/otros-museos-en-florencia\/#breadcrumb"},"inLanguage":"es","potentialAction":[{"@type":"ReadAction","target":["https:\/\/www.visituffizi.org\/es\/otros-museos-en-florencia\/"]}]},{"@type":"BreadcrumbList","@id":"https:\/\/www.visituffizi.org\/es\/otros-museos-en-florencia\/#breadcrumb","itemListElement":[{"@type":"ListItem","position":1,"name":"Home","item":"https:\/\/www.visituffizi.org\/es\/"},{"@type":"ListItem","position":2,"name":"Otros Museos en Florencia"}]},{"@type":"WebSite","@id":"https:\/\/www.visituffizi.org\/it\/#website","url":"https:\/\/www.visituffizi.org\/it\/","name":"Visit Uffizi","description":"Guide to Uffizi Museum in Florence","potentialAction":[{"@type":"SearchAction","target":{"@type":"EntryPoint","urlTemplate":"https:\/\/www.visituffizi.org\/it\/?s={search_term_string}"},"query-input":{"@type":"PropertyValueSpecification","valueRequired":true,"valueName":"search_term_string"}}],"inLanguage":"es"}]}},"_links":{"self":[{"href":"https:\/\/www.visituffizi.org\/es\/wp-json\/wp\/v2\/pages\/1750","targetHints":{"allow":["GET"]}}],"collection":[{"href":"https:\/\/www.visituffizi.org\/es\/wp-json\/wp\/v2\/pages"}],"about":[{"href":"https:\/\/www.visituffizi.org\/es\/wp-json\/wp\/v2\/types\/page"}],"author":[{"embeddable":true,"href":"https:\/\/www.visituffizi.org\/es\/wp-json\/wp\/v2\/users\/6"}],"replies":[{"embeddable":true,"href":"https:\/\/www.visituffizi.org\/es\/wp-json\/wp\/v2\/comments?post=1750"}],"version-history":[{"count":0,"href":"https:\/\/www.visituffizi.org\/es\/wp-json\/wp\/v2\/pages\/1750\/revisions"}],"wp:attachment":[{"href":"https:\/\/www.visituffizi.org\/es\/wp-json\/wp\/v2\/media?parent=1750"}],"curies":[{"name":"wp","href":"https:\/\/api.w.org\/{rel}","templated":true}]}}