{"id":1752,"date":"2015-02-22T11:48:40","date_gmt":"2015-02-22T11:48:40","guid":{"rendered":"https:\/\/www.visituffizi.org\/?page_id=1752"},"modified":"2018-12-14T11:37:36","modified_gmt":"2018-12-14T11:37:36","slug":"el-corredor-vasariano","status":"publish","type":"page","link":"https:\/\/www.visituffizi.org\/es\/el-corredor-vasariano\/","title":{"rendered":"El Corredor Vasariano"},"content":{"rendered":"ngg_shortcode_0_placeholder\n<h1>El Corredor Vasariano y su colecci\u00f3n de autorretratos<\/h1>\n<p>Visita el magn\u00edfico Corredor Vasariano en peque\u00f1os grupos con un gu\u00eda en idioma ingl\u00e9s.<\/p>\n<p>El <strong>Corredor Vasariano<\/strong> es un largo pasillo suspendido que conecta, el\u00a0<strong>Palacio Vecchio<\/strong> en\u00a0Plaza de la Signoria, con el <strong>Palacio Pitti<\/strong> al otro lado del\u00a0r\u00edo Arno.\u00a0El famosos corredor atraviesa algunos de los principales puntos de inter\u00e9s de la ciudad, como el Puente Vecchio y los Jard\u00ednes de Boboli.<\/p>\n<p>Es un lugar \u00fanico, y cerrado al p\u00fablico general,\u00a0por lo que el acceso es muy exclusivo.\u00a0\u00a1Tu puedes visitar el Corredor Vasariano a trav\u00e9s de un tour privado!<\/p>\n<p><img decoding=\"async\" class=\"aligncenter size-full wp-image-1299\" src=\"https:\/\/www.visituffizi.org\/wp-content\/uploads\/2013\/12\/vasari-corridor.jpg\" alt=\"The Vasari Corridor\" width=\"600\" height=\"399\" srcset=\"https:\/\/www.visituffizi.org\/wp-content\/uploads\/2013\/12\/vasari-corridor.jpg 600w, https:\/\/www.visituffizi.org\/wp-content\/uploads\/2013\/12\/vasari-corridor-180x120.jpg 180w, https:\/\/www.visituffizi.org\/wp-content\/uploads\/2013\/12\/vasari-corridor-300x199.jpg 300w, https:\/\/www.visituffizi.org\/wp-content\/uploads\/2013\/12\/vasari-corridor-100x66.jpg 100w, https:\/\/www.visituffizi.org\/wp-content\/uploads\/2013\/12\/vasari-corridor-224x149.jpg 224w\" sizes=\"(max-width: 600px) 100vw, 600px\" \/><\/p>\n<p>El trayecto\u00a0fue dise\u00f1ado y construido por <strong>Giorgio Vasari<\/strong> en <strong>1564 <\/strong>(\u00a1 En solo 6 meses!)\u00a0para permitir a Cosimo de\u2019 Medici y a otras personalidades de la familia caminar con seguridad a trav\u00e9s de la ciudad, desde la sede del poder Palacio Vecchio hasta su residencia privada, Palacio Pitti.<\/p>\n<p><img decoding=\"async\" class=\"aligncenter size-full wp-image-1302\" src=\"https:\/\/www.visituffizi.org\/wp-content\/uploads\/2013\/12\/vasari-view-ponte-vecchio.jpg\" alt=\"vasari-view-ponte-vecchio\" width=\"600\" height=\"450\" srcset=\"https:\/\/www.visituffizi.org\/wp-content\/uploads\/2013\/12\/vasari-view-ponte-vecchio.jpg 600w, https:\/\/www.visituffizi.org\/wp-content\/uploads\/2013\/12\/vasari-view-ponte-vecchio-300x225.jpg 300w, https:\/\/www.visituffizi.org\/wp-content\/uploads\/2013\/12\/vasari-view-ponte-vecchio-533x400.jpg 533w, https:\/\/www.visituffizi.org\/wp-content\/uploads\/2013\/12\/vasari-view-ponte-vecchio-100x75.jpg 100w, https:\/\/www.visituffizi.org\/wp-content\/uploads\/2013\/12\/vasari-view-ponte-vecchio-198x149.jpg 198w\" sizes=\"(max-width: 600px) 100vw, 600px\" \/><\/p>\n<p>En ese tiempo el puente era el lugar donde se encontraban\u00a0las carnicer\u00edas,\u00a0pero despu\u00e9s de realizado el puente fueron desplazadas\u00a0y dieron espacio a las joyer\u00edas. De esta manera la nobleza no tendr\u00eda malos olores\u00a0flotando hacia ellos.<\/p>\n<p>El Corredor contiene<strong> m\u00e1s de 1000 pinturas<\/strong>, que datan del siglo XVII\u00a0al siglo XVIII, as\u00ed como una<strong> importante colecci\u00f3n de autorretratos<\/strong> del siglo XVI hasta el siglo XX de algunos de los maestros m\u00e1s famosos entre ellos: <strong>Filippo Lippi, Rembrandt, Vel\u00e1zquez, Delacroix y Ensor. <\/strong><\/p>\n<p><img decoding=\"async\" class=\"aligncenter size-full wp-image-1298\" src=\"https:\/\/www.visituffizi.org\/wp-content\/uploads\/2013\/12\/santa-felicita.jpg\" alt=\"santa-felicita\" width=\"600\" height=\"450\" srcset=\"https:\/\/www.visituffizi.org\/wp-content\/uploads\/2013\/12\/santa-felicita.jpg 600w, https:\/\/www.visituffizi.org\/wp-content\/uploads\/2013\/12\/santa-felicita-300x225.jpg 300w, https:\/\/www.visituffizi.org\/wp-content\/uploads\/2013\/12\/santa-felicita-533x400.jpg 533w, https:\/\/www.visituffizi.org\/wp-content\/uploads\/2013\/12\/santa-felicita-100x75.jpg 100w, https:\/\/www.visituffizi.org\/wp-content\/uploads\/2013\/12\/santa-felicita-198x149.jpg 198w\" sizes=\"(max-width: 600px) 100vw, 600px\" \/><\/p>\n<p>Mientras que las primeras pinturas fueron compradas por la familia Medici, despu\u00e9s de iniciada la colecci\u00f3n, la familia comenz\u00f3 a recibir donaciones por\u00a0los\u00a0mismos pintores. Esto ha continuado\u00a0a lo largo de los siglos por lo que la colecci\u00f3n\u00a0contiene\u00a0m\u00e1s pinturas pero no tienen el espacio\u00a0donde exhibirlas.<\/p>\n<p>Hasta<strong> septiembre del 2013<\/strong>, que la \u00faltima parte del corredor fue renovada, y esto ha dado lugar a exhibir un mayor n\u00famero de autorretratos de artistas contempor\u00e1neos.<\/p>\n<p><img decoding=\"async\" class=\"aligncenter size-full wp-image-1301\" src=\"https:\/\/www.visituffizi.org\/wp-content\/uploads\/2013\/12\/vasari-new-section.jpg\" alt=\"vasari-new-section\" width=\"600\" height=\"399\" srcset=\"https:\/\/www.visituffizi.org\/wp-content\/uploads\/2013\/12\/vasari-new-section.jpg 600w, https:\/\/www.visituffizi.org\/wp-content\/uploads\/2013\/12\/vasari-new-section-180x120.jpg 180w, https:\/\/www.visituffizi.org\/wp-content\/uploads\/2013\/12\/vasari-new-section-300x199.jpg 300w, https:\/\/www.visituffizi.org\/wp-content\/uploads\/2013\/12\/vasari-new-section-100x66.jpg 100w, https:\/\/www.visituffizi.org\/wp-content\/uploads\/2013\/12\/vasari-new-section-224x149.jpg 224w\" sizes=\"(max-width: 600px) 100vw, 600px\" \/><\/p>\n<p><span style=\"color: #ff0000;\">Por el momento el Corredor Vasariano est\u00e1 <strong>CERRADO <span id=\"result_box\" class=\"\" lang=\"es\">al p\u00fablico para la restauraci\u00f3n<span class=\"\">.<\/span><\/span><\/strong><\/span><\/p>\n<p><img decoding=\"async\" class=\"aligncenter size-full wp-image-1303\" src=\"https:\/\/www.visituffizi.org\/wp-content\/uploads\/2013\/12\/view-out-of-vasari.jpg\" alt=\"view-out-of-vasari\" width=\"600\" height=\"450\" srcset=\"https:\/\/www.visituffizi.org\/wp-content\/uploads\/2013\/12\/view-out-of-vasari.jpg 600w, https:\/\/www.visituffizi.org\/wp-content\/uploads\/2013\/12\/view-out-of-vasari-300x225.jpg 300w, https:\/\/www.visituffizi.org\/wp-content\/uploads\/2013\/12\/view-out-of-vasari-533x400.jpg 533w, https:\/\/www.visituffizi.org\/wp-content\/uploads\/2013\/12\/view-out-of-vasari-100x75.jpg 100w, https:\/\/www.visituffizi.org\/wp-content\/uploads\/2013\/12\/view-out-of-vasari-198x149.jpg 198w\" sizes=\"(max-width: 600px) 100vw, 600px\" \/><\/p>\n","protected":false},"excerpt":{"rendered":"<p>El Corredor Vasariano es estupendo y puede ser visitado en grupos por medio de tour privados: \u00a1reserva tu tour ahora!<\/p>\n","protected":false},"author":6,"featured_media":1299,"parent":0,"menu_order":0,"comment_status":"open","ping_status":"closed","template":"","meta":{"ngg_post_thumbnail":0,"footnotes":""},"class_list":["post-1752","page","type-page","status-publish","has-post-thumbnail","hentry"],"yoast_head":"<!-- This site is optimized with the Yoast SEO plugin v27.3 - https:\/\/yoast.com\/product\/yoast-seo-wordpress\/ -->\n<title>El Corredor Vasariano y su colecci\u00f3n de autorretratos<\/title>\n<meta name=\"description\" content=\"El Corredor Vasariano m\u00e1s de 1000 pinturas y su colecci\u00f3n \u00fanica de autoretratos, con obras desde siglo XVI al siglo XX en la Galer\u00eda Uffizi en Florencia.\" \/>\n<meta name=\"robots\" content=\"index, follow, max-snippet:-1, max-image-preview:large, max-video-preview:-1\" \/>\n<link rel=\"canonical\" href=\"https:\/\/www.visituffizi.org\/es\/el-corredor-vasariano\/\" \/>\n<meta property=\"og:locale\" content=\"es_ES\" \/>\n<meta property=\"og:type\" content=\"article\" \/>\n<meta property=\"og:title\" content=\"El Corredor Vasariano y su colecci\u00f3n de autorretratos\" \/>\n<meta property=\"og:description\" content=\"El Corredor Vasariano m\u00e1s de 1000 pinturas y su colecci\u00f3n \u00fanica de autoretratos, con obras desde siglo XVI al siglo XX en la Galer\u00eda Uffizi en Florencia.\" \/>\n<meta property=\"og:url\" content=\"https:\/\/www.visituffizi.org\/es\/el-corredor-vasariano\/\" \/>\n<meta property=\"og:site_name\" content=\"Visit Uffizi\" \/>\n<meta property=\"article:modified_time\" content=\"2018-12-14T11:37:36+00:00\" \/>\n<meta property=\"og:image\" content=\"https:\/\/www.visituffizi.org\/wp-content\/uploads\/2013\/12\/vasari-corridor.jpg\" \/>\n\t<meta property=\"og:image:width\" content=\"600\" \/>\n\t<meta property=\"og:image:height\" content=\"399\" \/>\n\t<meta property=\"og:image:type\" content=\"image\/jpeg\" \/>\n<meta name=\"twitter:label1\" content=\"Tiempo de lectura\" \/>\n\t<meta name=\"twitter:data1\" content=\"2 minutos\" \/>\n<script type=\"application\/ld+json\" class=\"yoast-schema-graph\">{\"@context\":\"https:\\\/\\\/schema.org\",\"@graph\":[{\"@type\":\"WebPage\",\"@id\":\"https:\\\/\\\/www.visituffizi.org\\\/es\\\/el-corredor-vasariano\\\/\",\"url\":\"https:\\\/\\\/www.visituffizi.org\\\/es\\\/el-corredor-vasariano\\\/\",\"name\":\"El Corredor Vasariano y su colecci\u00f3n de autorretratos\",\"isPartOf\":{\"@id\":\"https:\\\/\\\/www.visituffizi.org\\\/it\\\/#website\"},\"primaryImageOfPage\":{\"@id\":\"https:\\\/\\\/www.visituffizi.org\\\/es\\\/el-corredor-vasariano\\\/#primaryimage\"},\"image\":{\"@id\":\"https:\\\/\\\/www.visituffizi.org\\\/es\\\/el-corredor-vasariano\\\/#primaryimage\"},\"thumbnailUrl\":\"https:\\\/\\\/www.visituffizi.org\\\/wp-content\\\/uploads\\\/2013\\\/12\\\/vasari-corridor.jpg\",\"datePublished\":\"2015-02-22T11:48:40+00:00\",\"dateModified\":\"2018-12-14T11:37:36+00:00\",\"description\":\"El Corredor Vasariano m\u00e1s de 1000 pinturas y su colecci\u00f3n \u00fanica de autoretratos, con obras desde siglo XVI al siglo XX en la Galer\u00eda Uffizi en Florencia.\",\"breadcrumb\":{\"@id\":\"https:\\\/\\\/www.visituffizi.org\\\/es\\\/el-corredor-vasariano\\\/#breadcrumb\"},\"inLanguage\":\"es\",\"potentialAction\":[{\"@type\":\"ReadAction\",\"target\":[\"https:\\\/\\\/www.visituffizi.org\\\/es\\\/el-corredor-vasariano\\\/\"]}]},{\"@type\":\"ImageObject\",\"inLanguage\":\"es\",\"@id\":\"https:\\\/\\\/www.visituffizi.org\\\/es\\\/el-corredor-vasariano\\\/#primaryimage\",\"url\":\"https:\\\/\\\/www.visituffizi.org\\\/wp-content\\\/uploads\\\/2013\\\/12\\\/vasari-corridor.jpg\",\"contentUrl\":\"https:\\\/\\\/www.visituffizi.org\\\/wp-content\\\/uploads\\\/2013\\\/12\\\/vasari-corridor.jpg\",\"width\":600,\"height\":399},{\"@type\":\"BreadcrumbList\",\"@id\":\"https:\\\/\\\/www.visituffizi.org\\\/es\\\/el-corredor-vasariano\\\/#breadcrumb\",\"itemListElement\":[{\"@type\":\"ListItem\",\"position\":1,\"name\":\"Home\",\"item\":\"https:\\\/\\\/www.visituffizi.org\\\/es\\\/\"},{\"@type\":\"ListItem\",\"position\":2,\"name\":\"El Corredor Vasariano\"}]},{\"@type\":\"WebSite\",\"@id\":\"https:\\\/\\\/www.visituffizi.org\\\/it\\\/#website\",\"url\":\"https:\\\/\\\/www.visituffizi.org\\\/it\\\/\",\"name\":\"Visit Uffizi\",\"description\":\"Guide to Uffizi Museum in Florence\",\"potentialAction\":[{\"@type\":\"SearchAction\",\"target\":{\"@type\":\"EntryPoint\",\"urlTemplate\":\"https:\\\/\\\/www.visituffizi.org\\\/it\\\/?s={search_term_string}\"},\"query-input\":{\"@type\":\"PropertyValueSpecification\",\"valueRequired\":true,\"valueName\":\"search_term_string\"}}],\"inLanguage\":\"es\"}]}<\/script>\n<!-- \/ Yoast SEO plugin. -->","yoast_head_json":{"title":"El Corredor Vasariano y su colecci\u00f3n de autorretratos","description":"El Corredor Vasariano m\u00e1s de 1000 pinturas y su colecci\u00f3n \u00fanica de autoretratos, con obras desde siglo XVI al siglo XX en la Galer\u00eda Uffizi en Florencia.","robots":{"index":"index","follow":"follow","max-snippet":"max-snippet:-1","max-image-preview":"max-image-preview:large","max-video-preview":"max-video-preview:-1"},"canonical":"https:\/\/www.visituffizi.org\/es\/el-corredor-vasariano\/","og_locale":"es_ES","og_type":"article","og_title":"El Corredor Vasariano y su colecci\u00f3n de autorretratos","og_description":"El Corredor Vasariano m\u00e1s de 1000 pinturas y su colecci\u00f3n \u00fanica de autoretratos, con obras desde siglo XVI al siglo XX en la Galer\u00eda Uffizi en Florencia.","og_url":"https:\/\/www.visituffizi.org\/es\/el-corredor-vasariano\/","og_site_name":"Visit Uffizi","article_modified_time":"2018-12-14T11:37:36+00:00","og_image":[{"width":600,"height":399,"url":"https:\/\/www.visituffizi.org\/wp-content\/uploads\/2013\/12\/vasari-corridor.jpg","type":"image\/jpeg"}],"twitter_misc":{"Tiempo de lectura":"2 minutos"},"schema":{"@context":"https:\/\/schema.org","@graph":[{"@type":"WebPage","@id":"https:\/\/www.visituffizi.org\/es\/el-corredor-vasariano\/","url":"https:\/\/www.visituffizi.org\/es\/el-corredor-vasariano\/","name":"El Corredor Vasariano y su colecci\u00f3n de autorretratos","isPartOf":{"@id":"https:\/\/www.visituffizi.org\/it\/#website"},"primaryImageOfPage":{"@id":"https:\/\/www.visituffizi.org\/es\/el-corredor-vasariano\/#primaryimage"},"image":{"@id":"https:\/\/www.visituffizi.org\/es\/el-corredor-vasariano\/#primaryimage"},"thumbnailUrl":"https:\/\/www.visituffizi.org\/wp-content\/uploads\/2013\/12\/vasari-corridor.jpg","datePublished":"2015-02-22T11:48:40+00:00","dateModified":"2018-12-14T11:37:36+00:00","description":"El Corredor Vasariano m\u00e1s de 1000 pinturas y su colecci\u00f3n \u00fanica de autoretratos, con obras desde siglo XVI al siglo XX en la Galer\u00eda Uffizi en Florencia.","breadcrumb":{"@id":"https:\/\/www.visituffizi.org\/es\/el-corredor-vasariano\/#breadcrumb"},"inLanguage":"es","potentialAction":[{"@type":"ReadAction","target":["https:\/\/www.visituffizi.org\/es\/el-corredor-vasariano\/"]}]},{"@type":"ImageObject","inLanguage":"es","@id":"https:\/\/www.visituffizi.org\/es\/el-corredor-vasariano\/#primaryimage","url":"https:\/\/www.visituffizi.org\/wp-content\/uploads\/2013\/12\/vasari-corridor.jpg","contentUrl":"https:\/\/www.visituffizi.org\/wp-content\/uploads\/2013\/12\/vasari-corridor.jpg","width":600,"height":399},{"@type":"BreadcrumbList","@id":"https:\/\/www.visituffizi.org\/es\/el-corredor-vasariano\/#breadcrumb","itemListElement":[{"@type":"ListItem","position":1,"name":"Home","item":"https:\/\/www.visituffizi.org\/es\/"},{"@type":"ListItem","position":2,"name":"El Corredor Vasariano"}]},{"@type":"WebSite","@id":"https:\/\/www.visituffizi.org\/it\/#website","url":"https:\/\/www.visituffizi.org\/it\/","name":"Visit Uffizi","description":"Guide to Uffizi Museum in Florence","potentialAction":[{"@type":"SearchAction","target":{"@type":"EntryPoint","urlTemplate":"https:\/\/www.visituffizi.org\/it\/?s={search_term_string}"},"query-input":{"@type":"PropertyValueSpecification","valueRequired":true,"valueName":"search_term_string"}}],"inLanguage":"es"}]}},"_links":{"self":[{"href":"https:\/\/www.visituffizi.org\/es\/wp-json\/wp\/v2\/pages\/1752","targetHints":{"allow":["GET"]}}],"collection":[{"href":"https:\/\/www.visituffizi.org\/es\/wp-json\/wp\/v2\/pages"}],"about":[{"href":"https:\/\/www.visituffizi.org\/es\/wp-json\/wp\/v2\/types\/page"}],"author":[{"embeddable":true,"href":"https:\/\/www.visituffizi.org\/es\/wp-json\/wp\/v2\/users\/6"}],"replies":[{"embeddable":true,"href":"https:\/\/www.visituffizi.org\/es\/wp-json\/wp\/v2\/comments?post=1752"}],"version-history":[{"count":0,"href":"https:\/\/www.visituffizi.org\/es\/wp-json\/wp\/v2\/pages\/1752\/revisions"}],"wp:featuredmedia":[{"embeddable":true,"href":"https:\/\/www.visituffizi.org\/es\/wp-json\/wp\/v2\/media\/1299"}],"wp:attachment":[{"href":"https:\/\/www.visituffizi.org\/es\/wp-json\/wp\/v2\/media?parent=1752"}],"curies":[{"name":"wp","href":"https:\/\/api.w.org\/{rel}","templated":true}]}}