{"id":1763,"date":"2015-02-23T17:00:38","date_gmt":"2015-02-23T17:00:38","guid":{"rendered":"https:\/\/www.visituffizi.org\/?page_id=1763"},"modified":"2015-03-20T15:35:43","modified_gmt":"2015-03-20T15:35:43","slug":"uffizi-da-toccare","status":"publish","type":"page","link":"https:\/\/www.visituffizi.org\/es\/itinerarios\/uffizi-da-toccare\/","title":{"rendered":"Uffizi da Toccare"},"content":{"rendered":"ngg_shortcode_0_placeholder\n<h1>Uffizi da Toccare (Tocando\u00a0el Uffizi)<\/h1>\n<div id=\"attachment_1268\" style=\"width: 568px\" class=\"wp-caption aligncenter\"><img decoding=\"async\" aria-describedby=\"caption-attachment-1268\" class=\"size-large wp-image-1268\" title=\"The Ara dei Vicomagistri\" src=\"https:\/\/www.visituffizi.org\/wp-content\/uploads\/2013\/12\/ara-vicomagistri-600x400.jpg\" alt=\"The Ara dei Vicomagistri\" width=\"558\" height=\"372\" srcset=\"https:\/\/www.visituffizi.org\/wp-content\/uploads\/2013\/12\/ara-vicomagistri-600x400.jpg 600w, https:\/\/www.visituffizi.org\/wp-content\/uploads\/2013\/12\/ara-vicomagistri-180x120.jpg 180w, https:\/\/www.visituffizi.org\/wp-content\/uploads\/2013\/12\/ara-vicomagistri-300x199.jpg 300w, https:\/\/www.visituffizi.org\/wp-content\/uploads\/2013\/12\/ara-vicomagistri-100x66.jpg 100w, https:\/\/www.visituffizi.org\/wp-content\/uploads\/2013\/12\/ara-vicomagistri-223x149.jpg 223w, https:\/\/www.visituffizi.org\/wp-content\/uploads\/2013\/12\/ara-vicomagistri.jpg 800w\" sizes=\"(max-width: 558px) 100vw, 558px\" \/><p id=\"caption-attachment-1268\" class=\"wp-caption-text\">The Altar of the Vicomagistri<\/p><\/div>\n<p>Los que visitan Florencia con <strong>problemas de vista o incapacitados<\/strong> deben saber que pueden visitar la Galer\u00eda Uffizi con el recorrido \u00abUffizi da toccare\u00bb (Tocando\u00a0el Uffizi).<\/p>\n<p>La Galer\u00eda\u00a0ofrece itinerarios especiales gratis a trav\u00e9s del museo, y con una persona como gu\u00eda, que permite a ciegos y personas con problemas de vista utilizar otro de sus sentidos, el sentido del tacto, para \u201cver\u201d y admirar algunas de las obras de arte que se encuentra en la Galer\u00eda.<\/p>\n<p>El itinerario se enfoca en una de las partes m\u00e1s importantes de la colecci\u00f3n Uffizi, sus <strong>trabajos de arte en m\u00e1rmol<\/strong>. La familia Medici crec\u00eda, la colecci\u00f3n y la solicitud de obras finas a los mejores artistas de esa \u00e9poca tambi\u00e9n, su primer amor comenz\u00f3 con la colecci\u00f3n de bellas y antiguas <strong>esculturas Griegas y Romanas\u00a0de m\u00e1rmol<\/strong>. Estas tomaron forma de bustos, bajorrelieves, sarc\u00f3fagos, altares, estatuas de tama\u00f1o natural\u00a0 y ep\u00edgrafes que los visitantes pueden admirar en los principales corredores de la Galer\u00eda.<\/p>\n<div id=\"attachment_1270\" style=\"width: 543px\" class=\"wp-caption aligncenter\"><img decoding=\"async\" aria-describedby=\"caption-attachment-1270\" class=\"size-large wp-image-1270\" title=\"The Hermaphroditus\" src=\"https:\/\/www.visituffizi.org\/wp-content\/uploads\/2013\/12\/hermaphroditus-533x400.jpg\" alt=\"The Hermaphroditus\" width=\"533\" height=\"400\" srcset=\"https:\/\/www.visituffizi.org\/wp-content\/uploads\/2013\/12\/hermaphroditus-533x400.jpg 533w, https:\/\/www.visituffizi.org\/wp-content\/uploads\/2013\/12\/hermaphroditus-300x225.jpg 300w, https:\/\/www.visituffizi.org\/wp-content\/uploads\/2013\/12\/hermaphroditus-100x75.jpg 100w, https:\/\/www.visituffizi.org\/wp-content\/uploads\/2013\/12\/hermaphroditus-198x149.jpg 198w, https:\/\/www.visituffizi.org\/wp-content\/uploads\/2013\/12\/hermaphroditus.jpg 800w\" sizes=\"(max-width: 533px) 100vw, 533px\" \/><p id=\"caption-attachment-1270\" class=\"wp-caption-text\">The Hermaphroditus<\/p><\/div>\n<p>Entre las obras maestras incluidas en el itinerario est\u00e1n:<br \/>\n&#8211; La <strong>Hermafrodita<\/strong>, arte Romano del siglo I a. C. localizada en el segundo piso en la sala 38 (#14)<br \/>\n&#8211; El <strong>Altar de\u00a0Vicomagistri<\/strong>, del siglo II a. C. localizada en la planta baja en la Sala del Caballo (Sala del Cavallo)<br \/>\n&#8211; El <strong>Cupido Durmiente<\/strong> arte Romano, localizado en el segundo piso en la sala 36-37 (#10)<br \/>\n&#8211; Un <strong>retrato\u00a0de Cicer\u00f3n<\/strong>, en la planta baja en la Sala del Caballo (Sala del Cavallo).<\/p>\n<div id=\"attachment_1267\" style=\"width: 568px\" class=\"wp-caption aligncenter\"><img decoding=\"async\" aria-describedby=\"caption-attachment-1267\" class=\"size-large wp-image-1267\" src=\"https:\/\/www.visituffizi.org\/wp-content\/uploads\/2013\/12\/amorino-dormiente-600x360.jpg\" alt=\"Sleeping Cupid\" width=\"558\" height=\"334\" srcset=\"https:\/\/www.visituffizi.org\/wp-content\/uploads\/2013\/12\/amorino-dormiente-600x360.jpg 600w, https:\/\/www.visituffizi.org\/wp-content\/uploads\/2013\/12\/amorino-dormiente-300x180.jpg 300w, https:\/\/www.visituffizi.org\/wp-content\/uploads\/2013\/12\/amorino-dormiente-100x60.jpg 100w, https:\/\/www.visituffizi.org\/wp-content\/uploads\/2013\/12\/amorino-dormiente-247x149.jpg 247w, https:\/\/www.visituffizi.org\/wp-content\/uploads\/2013\/12\/amorino-dormiente.jpg 619w\" sizes=\"(max-width: 558px) 100vw, 558px\" \/><p id=\"caption-attachment-1267\" class=\"wp-caption-text\">Sleeping Cupid<\/p><\/div>\n<p>El recorrido\u00a0Uffizi da Toccare es <strong>gratuito<\/strong> y no requiere reservaci\u00f3n. Es necesario s\u00f3lo presentarse a un lado de la taquilla (con una prueba de discapacidad) y un miembro del museo te acompa\u00f1ara a lo largo del itinerario para guiarte a trav\u00e9s de \u00e9l.<\/p>\n<div id=\"attachment_1272\" style=\"width: 546px\" class=\"wp-caption aligncenter\"><img decoding=\"async\" aria-describedby=\"caption-attachment-1272\" class=\"size-large wp-image-1272\" src=\"https:\/\/www.visituffizi.org\/wp-content\/uploads\/2013\/12\/roman-busts-536x400.jpg\" alt=\"Roman and Greek busts and portraits\" width=\"536\" height=\"400\" srcset=\"https:\/\/www.visituffizi.org\/wp-content\/uploads\/2013\/12\/roman-busts-536x400.jpg 536w, https:\/\/www.visituffizi.org\/wp-content\/uploads\/2013\/12\/roman-busts-300x223.jpg 300w, https:\/\/www.visituffizi.org\/wp-content\/uploads\/2013\/12\/roman-busts-100x74.jpg 100w, https:\/\/www.visituffizi.org\/wp-content\/uploads\/2013\/12\/roman-busts-200x149.jpg 200w, https:\/\/www.visituffizi.org\/wp-content\/uploads\/2013\/12\/roman-busts.jpg 800w\" sizes=\"(max-width: 536px) 100vw, 536px\" \/><p id=\"caption-attachment-1272\" class=\"wp-caption-text\">Roman and Greek busts and portraits<\/p><\/div>\n<p>Te proporcionar\u00e1n un par de guantes de l\u00e1tex con los que podr\u00e1s tocar las esculturas Greco\/Romanas con toda libertad. A un lado de cada obra,\u00a0se encuentra un peque\u00f1o panel\u00a0con toda la informaci\u00f3n relativa a\u00a0la obra y sobre \u00e9l,\u00a0en un\u00a0pl\u00e1stico transparente el mismo\u00a0contenido en <strong>Braille<\/strong>. Todos las obras que forman parte del itinerario tienen el t\u00edtulo \u201cUffizi da Toccare \/ Uffizi\u00a0Touch Tour\u201d\u00a0, por lo que se pueden identificar f\u00e1cilmente.<\/p>\n<p>El itinerario comienza en el segundo piso e incluye\u00a0un bajorrelieve del Nacimiento de Venus de Botticelli,\u00a0esta reproducci\u00f3n fue realizada especialmente para el itinerario, localizada en la Sala 10\/14 con el original exactamente arriba. Para la Sala 38 los visitantes deben tomar el elevador hacia la planta baja para continuar con la visita en la recientemente abierta <strong>Sala del\u00a0Caballo<\/strong> (una gran escultura de m\u00e1rmol se encuentra en el centro de la sala) \u00e9sta\u00a0contiene m\u00e1s de 20 piezas de obras de arte en m\u00e1rmol. Esta nueva sala es exclusiva para los visitantes de este itinerario,\u00a0de manera que se puedan mover y explorar las esculturas libremente.<\/p>\n<div id=\"attachment_1273\" style=\"width: 395px\" class=\"wp-caption aligncenter\"><img decoding=\"async\" aria-describedby=\"caption-attachment-1273\" class=\"size-large wp-image-1273\" src=\"https:\/\/www.visituffizi.org\/wp-content\/uploads\/2013\/12\/roman-marble-busts-385x400.jpg\" alt=\"The Hall of the Horse\" width=\"385\" height=\"400\" srcset=\"https:\/\/www.visituffizi.org\/wp-content\/uploads\/2013\/12\/roman-marble-busts-385x400.jpg 385w, https:\/\/www.visituffizi.org\/wp-content\/uploads\/2013\/12\/roman-marble-busts-288x300.jpg 288w, https:\/\/www.visituffizi.org\/wp-content\/uploads\/2013\/12\/roman-marble-busts-96x100.jpg 96w, https:\/\/www.visituffizi.org\/wp-content\/uploads\/2013\/12\/roman-marble-busts-143x149.jpg 143w, https:\/\/www.visituffizi.org\/wp-content\/uploads\/2013\/12\/roman-marble-busts.jpg 800w\" sizes=\"(max-width: 385px) 100vw, 385px\" \/><p id=\"caption-attachment-1273\" class=\"wp-caption-text\">Some of the works in the Hall of the Horse<\/p><\/div>\n","protected":false},"excerpt":{"rendered":"<p>Itinerario dise\u00f1ado para personas con incapacidad visual, es gratuito y no requiere reservaci\u00f3n.<\/p>\n","protected":false},"author":6,"featured_media":1274,"parent":1707,"menu_order":0,"comment_status":"open","ping_status":"closed","template":"","meta":{"ngg_post_thumbnail":0,"footnotes":""},"class_list":["post-1763","page","type-page","status-publish","has-post-thumbnail","hentry"],"yoast_head":"<!-- This site is optimized with the Yoast SEO plugin v27.4 - https:\/\/yoast.com\/product\/yoast-seo-wordpress\/ -->\n<title>Uffizi da Toccare: Itinerario para personas con incapacidad visual<\/title>\n<meta name=\"description\" content=\"El Itinerario Uffizi da Toccare en la Galer\u00eda Uffizi, est\u00e1 dise\u00f1ado para personas con incapacidad visual, es gratuito y no requiere reservaci\u00f3n.\" \/>\n<meta name=\"robots\" content=\"index, follow, max-snippet:-1, max-image-preview:large, max-video-preview:-1\" \/>\n<link rel=\"canonical\" href=\"https:\/\/www.visituffizi.org\/es\/itinerarios\/uffizi-da-toccare\/\" \/>\n<meta property=\"og:locale\" content=\"es_ES\" \/>\n<meta property=\"og:type\" content=\"article\" \/>\n<meta property=\"og:title\" content=\"Uffizi da Toccare: Itinerario para personas con incapacidad visual\" \/>\n<meta property=\"og:description\" content=\"El Itinerario Uffizi da Toccare en la Galer\u00eda Uffizi, est\u00e1 dise\u00f1ado para personas con incapacidad visual, es gratuito y no requiere reservaci\u00f3n.\" \/>\n<meta property=\"og:url\" content=\"https:\/\/www.visituffizi.org\/es\/itinerarios\/uffizi-da-toccare\/\" \/>\n<meta property=\"og:site_name\" content=\"Visit Uffizi\" \/>\n<meta property=\"article:modified_time\" content=\"2015-03-20T15:35:43+00:00\" \/>\n<meta property=\"og:image\" content=\"https:\/\/www.visituffizi.org\/wp-content\/uploads\/2013\/12\/uffizi-by-touch-display.jpg\" \/>\n\t<meta property=\"og:image:width\" content=\"800\" \/>\n\t<meta property=\"og:image:height\" content=\"534\" \/>\n\t<meta property=\"og:image:type\" content=\"image\/jpeg\" \/>\n<meta name=\"twitter:label1\" content=\"Tiempo de lectura\" \/>\n\t<meta name=\"twitter:data1\" content=\"3 minutos\" \/>\n<script type=\"application\/ld+json\" class=\"yoast-schema-graph\">{\"@context\":\"https:\\\/\\\/schema.org\",\"@graph\":[{\"@type\":\"WebPage\",\"@id\":\"https:\\\/\\\/www.visituffizi.org\\\/es\\\/itinerarios\\\/uffizi-da-toccare\\\/\",\"url\":\"https:\\\/\\\/www.visituffizi.org\\\/es\\\/itinerarios\\\/uffizi-da-toccare\\\/\",\"name\":\"Uffizi da Toccare: Itinerario para personas con incapacidad visual\",\"isPartOf\":{\"@id\":\"https:\\\/\\\/www.visituffizi.org\\\/it\\\/#website\"},\"primaryImageOfPage\":{\"@id\":\"https:\\\/\\\/www.visituffizi.org\\\/es\\\/itinerarios\\\/uffizi-da-toccare\\\/#primaryimage\"},\"image\":{\"@id\":\"https:\\\/\\\/www.visituffizi.org\\\/es\\\/itinerarios\\\/uffizi-da-toccare\\\/#primaryimage\"},\"thumbnailUrl\":\"https:\\\/\\\/www.visituffizi.org\\\/wp-content\\\/uploads\\\/2013\\\/12\\\/uffizi-by-touch-display.jpg\",\"datePublished\":\"2015-02-23T17:00:38+00:00\",\"dateModified\":\"2015-03-20T15:35:43+00:00\",\"description\":\"El Itinerario Uffizi da Toccare en la Galer\u00eda Uffizi, est\u00e1 dise\u00f1ado para personas con incapacidad visual, es gratuito y no requiere reservaci\u00f3n.\",\"breadcrumb\":{\"@id\":\"https:\\\/\\\/www.visituffizi.org\\\/es\\\/itinerarios\\\/uffizi-da-toccare\\\/#breadcrumb\"},\"inLanguage\":\"es\",\"potentialAction\":[{\"@type\":\"ReadAction\",\"target\":[\"https:\\\/\\\/www.visituffizi.org\\\/es\\\/itinerarios\\\/uffizi-da-toccare\\\/\"]}]},{\"@type\":\"ImageObject\",\"inLanguage\":\"es\",\"@id\":\"https:\\\/\\\/www.visituffizi.org\\\/es\\\/itinerarios\\\/uffizi-da-toccare\\\/#primaryimage\",\"url\":\"https:\\\/\\\/www.visituffizi.org\\\/wp-content\\\/uploads\\\/2013\\\/12\\\/uffizi-by-touch-display.jpg\",\"contentUrl\":\"https:\\\/\\\/www.visituffizi.org\\\/wp-content\\\/uploads\\\/2013\\\/12\\\/uffizi-by-touch-display.jpg\",\"width\":800,\"height\":534},{\"@type\":\"BreadcrumbList\",\"@id\":\"https:\\\/\\\/www.visituffizi.org\\\/es\\\/itinerarios\\\/uffizi-da-toccare\\\/#breadcrumb\",\"itemListElement\":[{\"@type\":\"ListItem\",\"position\":1,\"name\":\"Home\",\"item\":\"https:\\\/\\\/www.visituffizi.org\\\/es\\\/\"},{\"@type\":\"ListItem\",\"position\":2,\"name\":\"Itinerarios\",\"item\":\"https:\\\/\\\/www.visituffizi.org\\\/es\\\/itinerarios\\\/\"},{\"@type\":\"ListItem\",\"position\":3,\"name\":\"Uffizi da Toccare\"}]},{\"@type\":\"WebSite\",\"@id\":\"https:\\\/\\\/www.visituffizi.org\\\/it\\\/#website\",\"url\":\"https:\\\/\\\/www.visituffizi.org\\\/it\\\/\",\"name\":\"Visit Uffizi\",\"description\":\"Guide to Uffizi Museum in Florence\",\"potentialAction\":[{\"@type\":\"SearchAction\",\"target\":{\"@type\":\"EntryPoint\",\"urlTemplate\":\"https:\\\/\\\/www.visituffizi.org\\\/it\\\/?s={search_term_string}\"},\"query-input\":{\"@type\":\"PropertyValueSpecification\",\"valueRequired\":true,\"valueName\":\"search_term_string\"}}],\"inLanguage\":\"es\"}]}<\/script>\n<!-- \/ Yoast SEO plugin. -->","yoast_head_json":{"title":"Uffizi da Toccare: Itinerario para personas con incapacidad visual","description":"El Itinerario Uffizi da Toccare en la Galer\u00eda Uffizi, est\u00e1 dise\u00f1ado para personas con incapacidad visual, es gratuito y no requiere reservaci\u00f3n.","robots":{"index":"index","follow":"follow","max-snippet":"max-snippet:-1","max-image-preview":"max-image-preview:large","max-video-preview":"max-video-preview:-1"},"canonical":"https:\/\/www.visituffizi.org\/es\/itinerarios\/uffizi-da-toccare\/","og_locale":"es_ES","og_type":"article","og_title":"Uffizi da Toccare: Itinerario para personas con incapacidad visual","og_description":"El Itinerario Uffizi da Toccare en la Galer\u00eda Uffizi, est\u00e1 dise\u00f1ado para personas con incapacidad visual, es gratuito y no requiere reservaci\u00f3n.","og_url":"https:\/\/www.visituffizi.org\/es\/itinerarios\/uffizi-da-toccare\/","og_site_name":"Visit Uffizi","article_modified_time":"2015-03-20T15:35:43+00:00","og_image":[{"width":800,"height":534,"url":"https:\/\/www.visituffizi.org\/wp-content\/uploads\/2013\/12\/uffizi-by-touch-display.jpg","type":"image\/jpeg"}],"twitter_misc":{"Tiempo de lectura":"3 minutos"},"schema":{"@context":"https:\/\/schema.org","@graph":[{"@type":"WebPage","@id":"https:\/\/www.visituffizi.org\/es\/itinerarios\/uffizi-da-toccare\/","url":"https:\/\/www.visituffizi.org\/es\/itinerarios\/uffizi-da-toccare\/","name":"Uffizi da Toccare: Itinerario para personas con incapacidad visual","isPartOf":{"@id":"https:\/\/www.visituffizi.org\/it\/#website"},"primaryImageOfPage":{"@id":"https:\/\/www.visituffizi.org\/es\/itinerarios\/uffizi-da-toccare\/#primaryimage"},"image":{"@id":"https:\/\/www.visituffizi.org\/es\/itinerarios\/uffizi-da-toccare\/#primaryimage"},"thumbnailUrl":"https:\/\/www.visituffizi.org\/wp-content\/uploads\/2013\/12\/uffizi-by-touch-display.jpg","datePublished":"2015-02-23T17:00:38+00:00","dateModified":"2015-03-20T15:35:43+00:00","description":"El Itinerario Uffizi da Toccare en la Galer\u00eda Uffizi, est\u00e1 dise\u00f1ado para personas con incapacidad visual, es gratuito y no requiere reservaci\u00f3n.","breadcrumb":{"@id":"https:\/\/www.visituffizi.org\/es\/itinerarios\/uffizi-da-toccare\/#breadcrumb"},"inLanguage":"es","potentialAction":[{"@type":"ReadAction","target":["https:\/\/www.visituffizi.org\/es\/itinerarios\/uffizi-da-toccare\/"]}]},{"@type":"ImageObject","inLanguage":"es","@id":"https:\/\/www.visituffizi.org\/es\/itinerarios\/uffizi-da-toccare\/#primaryimage","url":"https:\/\/www.visituffizi.org\/wp-content\/uploads\/2013\/12\/uffizi-by-touch-display.jpg","contentUrl":"https:\/\/www.visituffizi.org\/wp-content\/uploads\/2013\/12\/uffizi-by-touch-display.jpg","width":800,"height":534},{"@type":"BreadcrumbList","@id":"https:\/\/www.visituffizi.org\/es\/itinerarios\/uffizi-da-toccare\/#breadcrumb","itemListElement":[{"@type":"ListItem","position":1,"name":"Home","item":"https:\/\/www.visituffizi.org\/es\/"},{"@type":"ListItem","position":2,"name":"Itinerarios","item":"https:\/\/www.visituffizi.org\/es\/itinerarios\/"},{"@type":"ListItem","position":3,"name":"Uffizi da Toccare"}]},{"@type":"WebSite","@id":"https:\/\/www.visituffizi.org\/it\/#website","url":"https:\/\/www.visituffizi.org\/it\/","name":"Visit Uffizi","description":"Guide to Uffizi Museum in Florence","potentialAction":[{"@type":"SearchAction","target":{"@type":"EntryPoint","urlTemplate":"https:\/\/www.visituffizi.org\/it\/?s={search_term_string}"},"query-input":{"@type":"PropertyValueSpecification","valueRequired":true,"valueName":"search_term_string"}}],"inLanguage":"es"}]}},"_links":{"self":[{"href":"https:\/\/www.visituffizi.org\/es\/wp-json\/wp\/v2\/pages\/1763","targetHints":{"allow":["GET"]}}],"collection":[{"href":"https:\/\/www.visituffizi.org\/es\/wp-json\/wp\/v2\/pages"}],"about":[{"href":"https:\/\/www.visituffizi.org\/es\/wp-json\/wp\/v2\/types\/page"}],"author":[{"embeddable":true,"href":"https:\/\/www.visituffizi.org\/es\/wp-json\/wp\/v2\/users\/6"}],"replies":[{"embeddable":true,"href":"https:\/\/www.visituffizi.org\/es\/wp-json\/wp\/v2\/comments?post=1763"}],"version-history":[{"count":0,"href":"https:\/\/www.visituffizi.org\/es\/wp-json\/wp\/v2\/pages\/1763\/revisions"}],"up":[{"embeddable":true,"href":"https:\/\/www.visituffizi.org\/es\/wp-json\/wp\/v2\/pages\/1707"}],"wp:featuredmedia":[{"embeddable":true,"href":"https:\/\/www.visituffizi.org\/es\/wp-json\/wp\/v2\/media\/1274"}],"wp:attachment":[{"href":"https:\/\/www.visituffizi.org\/es\/wp-json\/wp\/v2\/media?parent=1763"}],"curies":[{"name":"wp","href":"https:\/\/api.w.org\/{rel}","templated":true}]}}