{"id":1861,"date":"2015-03-11T21:23:16","date_gmt":"2015-03-11T21:23:16","guid":{"rendered":"https:\/\/www.visituffizi.org\/?page_id=1861"},"modified":"2023-11-25T15:04:42","modified_gmt":"2023-11-25T15:04:42","slug":"galeria-de-la-academia","status":"publish","type":"page","link":"https:\/\/www.visituffizi.org\/es\/otros-museos-en-florencia\/galeria-de-la-academia\/","title":{"rendered":"Galer\u00eda de la Academia"},"content":{"rendered":"<p style=\"text-align: center;\">ngg_shortcode_0_placeholder<\/p>\n<h1>La Galer\u00eda de la Academia de Florencia<\/h1>\n<p>La <a href=\"http:\/\/www.accademia.org\/\">Galer\u00eda de la Academia<\/a>\u00a0es, junto con los <strong>Uffizi<\/strong>, uno de los museos\u00a0<strong>m\u00e1s visitados de Florencia<\/strong> y el mundo. Las obras m\u00e1s interesantes y que hacen que la Galer\u00eda tenga fama internacional son sin duda las creadas por <strong>Miguel \u00c1ngel<\/strong>, siendo la\u00a0m\u00e1s importante\u00a0la espectacular estatua del <a href=\"https:\/\/www.visituffizi.org\/es\/otros-museos-en-florencia\/galeria-de-la-academia\/el-david-de-miguel-angel\/\">David<\/a>.<\/p>\n<p style=\"text-align: center;\"><a class=\"btn btn-large btn-primary\" href=\"http:\/\/www.florence-tickets.com\/es\/billetes-galeria-de-la-academia-florencia.html?site=uffi\" target=\"_blank\" rel=\"nofollow noopener\">Adquiere tus boletos\u00a0\u00bb<\/a><\/p>\n<p><a href=\"https:\/\/www.visituffizi.org\/wp-content\/uploads\/2013\/02\/michelangelo-david.jpg\"><img decoding=\"async\" class=\"alignleft size-full wp-image-1193\" src=\"https:\/\/www.visituffizi.org\/wp-content\/uploads\/2013\/02\/michelangelo-david.jpg\" alt=\"michelangelo-david\" width=\"282\" height=\"449\" srcset=\"https:\/\/www.visituffizi.org\/wp-content\/uploads\/2013\/02\/michelangelo-david.jpg 282w, https:\/\/www.visituffizi.org\/wp-content\/uploads\/2013\/02\/michelangelo-david-188x300.jpg 188w, https:\/\/www.visituffizi.org\/wp-content\/uploads\/2013\/02\/michelangelo-david-251x400.jpg 251w, https:\/\/www.visituffizi.org\/wp-content\/uploads\/2013\/02\/michelangelo-david-62x100.jpg 62w, https:\/\/www.visituffizi.org\/wp-content\/uploads\/2013\/02\/michelangelo-david-93x149.jpg 93w\" sizes=\"(max-width: 282px) 100vw, 282px\" \/><\/a>La estatua de m\u00e1rmol de<strong> 5 metros de altura<\/strong> y de<strong> m\u00e1s de 5 toneladas <\/strong>de peso, se mantuvo de pie durante casi 400 a\u00f1os frente a\u00a0la <strong>Plaza de la Signoria. <\/strong>Expuesta a la intemperie y a diversos actos de\u00a0vandalismo a trav\u00e9s\u00a0de los siglos, el David fue finalmente\u00a0trasladado al museo en el <strong>1873<\/strong>, en la sala circular especialmente dise\u00f1ada para el por el\u00a0arquitecto Emilio De Fabris.<\/p>\n<p>La Galer\u00eda de la Academia\u00a0fue fundada en <strong>1787<\/strong> por el Gran Duque de Toscana <strong>Pietro Leopoldo<\/strong> para albergar las obras de arte, en aquella \u00e9poca contempor\u00e1neas, de los maestros y alumnos de la Accademia delle Belle Arti (Academia de las Bellas Artes), que en la actualidad\u00a0est\u00e1 todav\u00eda a un lado de este.\u00a0La intenci\u00f3n del Gran Duque era que la Academia se convirtiera en un lugar de gran importancia para la cultura florentina, pero ciertamente no pod\u00eda imaginar que se convertir\u00eda en uno de los museos m\u00e1s visitados del mundo.<\/p>\n<p>M\u00e1s tarde se a\u00f1adieron <strong>otras 6 obras de arte de Miguel \u00c1ngel<\/strong>, formando as\u00ed una\u00a0 colecci\u00f3n de esculturas extraordinaria: los 4 \u201cprisioneros\u201d\u00a0que estaban destinados originalmente para la tumba del Papa Julio II, San Mateo iniciado en 1503 para la Catedral de Santa Mar\u00eda del Fiore y la Piedad de Palestrina.<\/p>\n<p>La colecci\u00f3n de la Academia tambi\u00e9n incluye:<\/p>\n<p>&#8211; el modelo original en yeso del <em>Rapto de las Sabinas<\/em> de <strong>Giambologna. <\/strong>El monumento escult\u00f3rico fue\u00a0comisionado por Francesco I de\u2019 Medici y terminado entre el 1583\u00a0y el 1585, la estatua en m\u00e1rmol original la puedes ver en la Loggia dei Lanzi en la Plaza de la Signoria.<\/p>\n<p><img decoding=\"async\" class=\"aligncenter size-large wp-image-2039\" src=\"https:\/\/www.visituffizi.org\/wp-content\/uploads\/2013\/02\/DSC7713-600x400.jpg\" alt=\"Colossus Hall\" width=\"558\" height=\"372\" srcset=\"https:\/\/www.visituffizi.org\/wp-content\/uploads\/2013\/02\/DSC7713-600x400.jpg 600w, https:\/\/www.visituffizi.org\/wp-content\/uploads\/2013\/02\/DSC7713-180x120.jpg 180w, https:\/\/www.visituffizi.org\/wp-content\/uploads\/2013\/02\/DSC7713-300x199.jpg 300w, https:\/\/www.visituffizi.org\/wp-content\/uploads\/2013\/02\/DSC7713-100x66.jpg 100w, https:\/\/www.visituffizi.org\/wp-content\/uploads\/2013\/02\/DSC7713-224x149.jpg 224w\" sizes=\"(max-width: 558px) 100vw, 558px\" \/><\/p>\n<p>&#8211; un importante grupo de pinturas del siglo XV y XVI, provenientes en su mayor parte de las iglesias florentinas, entre las cuales est\u00e1n la<em> Virgen del Mar<\/em> y la <em>Virgen con el Ni\u00f1o, dos \u00e1ngeles y Juan el Bautista<\/em> de <strong>Sandro Botticelli<\/strong> que datan de\u00a01475\u00a0al 1480, <em>la Anunciaci\u00f3n<\/em> de <strong>Filippino Lippi<\/strong>, y algunos trabajos de<strong> Perugino<\/strong>, de <strong>Pontormo<\/strong>, de<strong> Ghirlandaio<\/strong> y de <strong>Bronzino<\/strong>. En la primera\u00a0 sala se encuentra tambi\u00e9n el famoso\u00a0Panel llamado <em>Cassone Adimari<\/em>, realizado por el joven\u00a0hermano de Masaccio, Giovanni\u00a0mejor conocido como <strong>lo Scheggia<\/strong>, es decir \u201cel Astilla\u201d con la representaci\u00f3n de una escena de un matrimonio\u00a0en la Florencia Renacentista.<\/p>\n<p style=\"text-align: center;\"><a class=\"btn btn-large btn-primary\" href=\"http:\/\/www.florence-tickets.com\/es\/billetes-galeria-de-la-academia-florencia.html?site=uffi\" target=\"_blank\" rel=\"nofollow noopener\">Adquiere tus boletos\u00a0\u00bb<\/a><\/p>\n<p>&#8211; una colecci\u00f3n de pinturas en paneles de madera del<strong> siglo XIV<\/strong>, los contempor\u00e1neos de Giotto, en la sala llamada \u201cG\u00f3tico Florentino\u201d. Uno de los m\u00e1s destacados\u00a0es el armario de la sacrist\u00eda de Santa Croce pintado con escenas de la vida de Cristo y de San Francisco de As\u00eds de <strong>Taddeo Gaddi<\/strong> de 1335 a 1340.<\/p>\n<p>&#8211; en el sal\u00f3n donde en la antig\u00fcedad se encontraban los\u00a0pasillos del <strong>Hospital de San Mateo<\/strong>\u00a0(incorporado ahora en el edificio de la Academia) se\u00a0sit\u00faan\u00a0hoy las esculturas originales en yeso\u00a0del <strong>escultor Lorenzo Bartolini<\/strong>, que\u00a0fue profesor de escultura en la Academia del 1839 al 1850, y\u00a0fue dr\u00e1sticamente\u00a0influenciado por la escultura del siglo XIX, cambiando el estilo del neocl\u00e1sico, a la belleza natural de la \u00e9poca rom\u00e1ntica. A lo largo de las paredes de\u00a0la sala se encuentran pinturas del siglo XIX\u00a0que formaban parte de la colecci\u00f3n original de la Galer\u00eda.<\/p>\n<p>&#8211;\u00a0la colecci\u00f3n\u00a0continua en la<strong> planta superior<\/strong>: en la gran sala del\u00a0segundo piso se encuentra la mayor colecci\u00f3n de altares g\u00f3ticos de fondo dorado de la escuela Toscana. Cabe destacar un espl\u00e9ndido <strong>frontal<\/strong>, (paliotto en italiano) que\u00a0cubr\u00eda el <strong>altar mayor de Santa Mar\u00eda Novela<\/strong>\u00a0realizado en lino, bordado con seda, con hilos de oro y plata, ejecutado en 1336 por Jacopo Cambi.<\/p>\n<p>&#8211; recientemente, con ganas de mantener vivo el v\u00ednculo de la Academia con el arte contempor\u00e1neo, tambi\u00e9n se han a\u00f1adido algunas obras donadas durante las exposiciones que tuvieron lugar aqu\u00ed, incluyendo una fotograf\u00eda de <strong>Robert Mapplethorpe<\/strong>.<\/p>\n<p>&#8211; por \u00faltimo, la Academia est\u00e1 unida al<a href=\"https:\/\/www.visituffizi.org\/es\/otros-museos-en-florencia\/galeria-de-la-academia\/conservatorio-de-musica-luigi-cherubini\/\"><strong> Conservatorio de M\u00fasica Luigi Cherubini<\/strong><\/a>, que posee una importante colecci\u00f3n de instrumentos musicales antiguos, algunos de los cuales pertenec\u00edan a los Medici.<\/p>\n<p style=\"text-align: center;\">No pierdas el tiempo haciendo\u00a0cola para entrar a la\u00a0Galer\u00eda de la Academia.<\/p>\n<p style=\"text-align: center;\"><strong>\u00a0<\/strong> <a class=\"btn btn-large btn-primary\" href=\"http:\/\/www.florence-tickets.com\/es\/billetes-galeria-de-la-academia-florencia.html?site=uffi\" target=\"_blank\" rel=\"nofollow noopener\">Adquiere tus boletos hoy!<\/a><\/p>\n<h2>Visita la Accademia en un Recorrido Guiado<\/h2>\n<p><img decoding=\"async\" class=\"aligncenter size-large wp-image-2041\" src=\"https:\/\/www.visituffizi.org\/wp-content\/uploads\/2013\/02\/david-wide-view-600x400.jpg\" alt=\"david-wide-view\" width=\"558\" height=\"372\" srcset=\"https:\/\/www.visituffizi.org\/wp-content\/uploads\/2013\/02\/david-wide-view-600x400.jpg 600w, https:\/\/www.visituffizi.org\/wp-content\/uploads\/2013\/02\/david-wide-view-180x120.jpg 180w, https:\/\/www.visituffizi.org\/wp-content\/uploads\/2013\/02\/david-wide-view-300x199.jpg 300w, https:\/\/www.visituffizi.org\/wp-content\/uploads\/2013\/02\/david-wide-view-100x66.jpg 100w, https:\/\/www.visituffizi.org\/wp-content\/uploads\/2013\/02\/david-wide-view-224x149.jpg 224w, https:\/\/www.visituffizi.org\/wp-content\/uploads\/2013\/02\/david-wide-view.jpg 1600w\" sizes=\"(max-width: 558px) 100vw, 558px\" \/><\/p>\n<p>\u00bfQu\u00e9 mejor manera\u00a0de visitar la Galer\u00eda y aprender m\u00e1s sobre sus tesoros que con un\u00a0<strong>gu\u00eda turistico privado<\/strong> que te pueda explicar la historia y las historias\u00a0detras de los artistas, obras de arte y sus conexiones?<\/p>\n<p>El recorrido se lleva acabo en <strong>ingl\u00e9s<\/strong> y dura aproximadamente una hora y media<\/p>\n<p style=\"text-align: center;\">\u00bfQu\u00e9 esperas? \u00a1<a href=\"http:\/\/www.florence-tickets.com\/es\/galeria-de-la-academia-visita-guiada.html\" target=\"_blank\" rel=\"noopener\">Reserva tu visita guiada<\/a>\u00a0hoy!<\/p>\n<p>Al <strong>comprar tus boletos <\/strong>o<strong> reservar visitas guiadas<\/strong> con tiempo de anticipaci\u00f3n para la <a href=\"https:\/\/www.florence-tickets.com\/es\/florencia\/galeria-de-la-academia-visita-guiada?site=uffi\">Galer\u00eda de la Academia<\/a>, no har\u00e1s las largas filas, sino que entrar\u00e1s directamente al museo y podr\u00e1s dedicar m\u00e1s tiempo\u00a0a admirar sus obras.<\/p>\n<p class=\"center\" style=\"text-align: left;\">\n","protected":false},"excerpt":{"rendered":"<p>No te pierdas la imponente e impresionante escultura del David de Miguel \u00c1ngel, reserva tu visita guiada duraci\u00f3n aprox. una hora y media.<\/p>\n","protected":false},"author":6,"featured_media":981,"parent":1750,"menu_order":0,"comment_status":"open","ping_status":"closed","template":"","meta":{"ngg_post_thumbnail":0,"footnotes":""},"class_list":["post-1861","page","type-page","status-publish","has-post-thumbnail","hentry"],"yoast_head":"<!-- This site is optimized with the Yoast SEO plugin v27.3 - https:\/\/yoast.com\/product\/yoast-seo-wordpress\/ -->\n<title>La Galer\u00eda de la Academia en Florencia<\/title>\n<meta name=\"description\" content=\"Ven a admirar el magn\u00edfico David y los prisioneros de Miguel \u00c1ngel adem\u00e1s de obras de botticelli, encontrar\u00e1s algunos instrumentos musicales de los Medici.\" \/>\n<meta name=\"robots\" content=\"index, follow, max-snippet:-1, max-image-preview:large, max-video-preview:-1\" \/>\n<link rel=\"canonical\" href=\"https:\/\/www.visituffizi.org\/es\/otros-museos-en-florencia\/galeria-de-la-academia\/\" \/>\n<meta property=\"og:locale\" content=\"es_ES\" \/>\n<meta property=\"og:type\" content=\"article\" \/>\n<meta property=\"og:title\" content=\"La Galer\u00eda de la Academia en Florencia\" \/>\n<meta property=\"og:description\" content=\"Ven a admirar el magn\u00edfico David y los prisioneros de Miguel \u00c1ngel adem\u00e1s de obras de botticelli, encontrar\u00e1s algunos instrumentos musicales de los Medici.\" \/>\n<meta property=\"og:url\" content=\"https:\/\/www.visituffizi.org\/es\/otros-museos-en-florencia\/galeria-de-la-academia\/\" \/>\n<meta property=\"og:site_name\" content=\"Visit Uffizi\" \/>\n<meta property=\"article:modified_time\" content=\"2023-11-25T15:04:42+00:00\" \/>\n<meta property=\"og:image\" content=\"https:\/\/www.visituffizi.org\/wp-content\/uploads\/2013\/02\/accademy-gallery-01.jpg\" \/>\n\t<meta property=\"og:image:width\" content=\"700\" \/>\n\t<meta property=\"og:image:height\" content=\"280\" \/>\n\t<meta property=\"og:image:type\" content=\"image\/jpeg\" \/>\n<meta name=\"twitter:label1\" content=\"Tiempo de lectura\" \/>\n\t<meta name=\"twitter:data1\" content=\"5 minutos\" \/>\n<script type=\"application\/ld+json\" class=\"yoast-schema-graph\">{\"@context\":\"https:\\\/\\\/schema.org\",\"@graph\":[{\"@type\":\"WebPage\",\"@id\":\"https:\\\/\\\/www.visituffizi.org\\\/es\\\/otros-museos-en-florencia\\\/galeria-de-la-academia\\\/\",\"url\":\"https:\\\/\\\/www.visituffizi.org\\\/es\\\/otros-museos-en-florencia\\\/galeria-de-la-academia\\\/\",\"name\":\"La Galer\u00eda de la Academia en Florencia\",\"isPartOf\":{\"@id\":\"https:\\\/\\\/www.visituffizi.org\\\/it\\\/#website\"},\"primaryImageOfPage\":{\"@id\":\"https:\\\/\\\/www.visituffizi.org\\\/es\\\/otros-museos-en-florencia\\\/galeria-de-la-academia\\\/#primaryimage\"},\"image\":{\"@id\":\"https:\\\/\\\/www.visituffizi.org\\\/es\\\/otros-museos-en-florencia\\\/galeria-de-la-academia\\\/#primaryimage\"},\"thumbnailUrl\":\"https:\\\/\\\/www.visituffizi.org\\\/wp-content\\\/uploads\\\/2013\\\/02\\\/accademy-gallery-01.jpg\",\"datePublished\":\"2015-03-11T21:23:16+00:00\",\"dateModified\":\"2023-11-25T15:04:42+00:00\",\"description\":\"Ven a admirar el magn\u00edfico David y los prisioneros de Miguel \u00c1ngel adem\u00e1s de obras de botticelli, encontrar\u00e1s algunos instrumentos musicales de los Medici.\",\"breadcrumb\":{\"@id\":\"https:\\\/\\\/www.visituffizi.org\\\/es\\\/otros-museos-en-florencia\\\/galeria-de-la-academia\\\/#breadcrumb\"},\"inLanguage\":\"es\",\"potentialAction\":[{\"@type\":\"ReadAction\",\"target\":[\"https:\\\/\\\/www.visituffizi.org\\\/es\\\/otros-museos-en-florencia\\\/galeria-de-la-academia\\\/\"]}]},{\"@type\":\"ImageObject\",\"inLanguage\":\"es\",\"@id\":\"https:\\\/\\\/www.visituffizi.org\\\/es\\\/otros-museos-en-florencia\\\/galeria-de-la-academia\\\/#primaryimage\",\"url\":\"https:\\\/\\\/www.visituffizi.org\\\/wp-content\\\/uploads\\\/2013\\\/02\\\/accademy-gallery-01.jpg\",\"contentUrl\":\"https:\\\/\\\/www.visituffizi.org\\\/wp-content\\\/uploads\\\/2013\\\/02\\\/accademy-gallery-01.jpg\",\"width\":700,\"height\":280,\"caption\":\"David Michelangelo\"},{\"@type\":\"BreadcrumbList\",\"@id\":\"https:\\\/\\\/www.visituffizi.org\\\/es\\\/otros-museos-en-florencia\\\/galeria-de-la-academia\\\/#breadcrumb\",\"itemListElement\":[{\"@type\":\"ListItem\",\"position\":1,\"name\":\"Home\",\"item\":\"https:\\\/\\\/www.visituffizi.org\\\/es\\\/\"},{\"@type\":\"ListItem\",\"position\":2,\"name\":\"Otros Museos en Florencia\",\"item\":\"https:\\\/\\\/www.visituffizi.org\\\/es\\\/otros-museos-en-florencia\\\/\"},{\"@type\":\"ListItem\",\"position\":3,\"name\":\"Galer\u00eda de la Academia\"}]},{\"@type\":\"WebSite\",\"@id\":\"https:\\\/\\\/www.visituffizi.org\\\/it\\\/#website\",\"url\":\"https:\\\/\\\/www.visituffizi.org\\\/it\\\/\",\"name\":\"Visit Uffizi\",\"description\":\"Guide to Uffizi Museum in Florence\",\"potentialAction\":[{\"@type\":\"SearchAction\",\"target\":{\"@type\":\"EntryPoint\",\"urlTemplate\":\"https:\\\/\\\/www.visituffizi.org\\\/it\\\/?s={search_term_string}\"},\"query-input\":{\"@type\":\"PropertyValueSpecification\",\"valueRequired\":true,\"valueName\":\"search_term_string\"}}],\"inLanguage\":\"es\"}]}<\/script>\n<!-- \/ Yoast SEO plugin. -->","yoast_head_json":{"title":"La Galer\u00eda de la Academia en Florencia","description":"Ven a admirar el magn\u00edfico David y los prisioneros de Miguel \u00c1ngel adem\u00e1s de obras de botticelli, encontrar\u00e1s algunos instrumentos musicales de los Medici.","robots":{"index":"index","follow":"follow","max-snippet":"max-snippet:-1","max-image-preview":"max-image-preview:large","max-video-preview":"max-video-preview:-1"},"canonical":"https:\/\/www.visituffizi.org\/es\/otros-museos-en-florencia\/galeria-de-la-academia\/","og_locale":"es_ES","og_type":"article","og_title":"La Galer\u00eda de la Academia en Florencia","og_description":"Ven a admirar el magn\u00edfico David y los prisioneros de Miguel \u00c1ngel adem\u00e1s de obras de botticelli, encontrar\u00e1s algunos instrumentos musicales de los Medici.","og_url":"https:\/\/www.visituffizi.org\/es\/otros-museos-en-florencia\/galeria-de-la-academia\/","og_site_name":"Visit Uffizi","article_modified_time":"2023-11-25T15:04:42+00:00","og_image":[{"width":700,"height":280,"url":"https:\/\/www.visituffizi.org\/wp-content\/uploads\/2013\/02\/accademy-gallery-01.jpg","type":"image\/jpeg"}],"twitter_misc":{"Tiempo de lectura":"5 minutos"},"schema":{"@context":"https:\/\/schema.org","@graph":[{"@type":"WebPage","@id":"https:\/\/www.visituffizi.org\/es\/otros-museos-en-florencia\/galeria-de-la-academia\/","url":"https:\/\/www.visituffizi.org\/es\/otros-museos-en-florencia\/galeria-de-la-academia\/","name":"La Galer\u00eda de la Academia en Florencia","isPartOf":{"@id":"https:\/\/www.visituffizi.org\/it\/#website"},"primaryImageOfPage":{"@id":"https:\/\/www.visituffizi.org\/es\/otros-museos-en-florencia\/galeria-de-la-academia\/#primaryimage"},"image":{"@id":"https:\/\/www.visituffizi.org\/es\/otros-museos-en-florencia\/galeria-de-la-academia\/#primaryimage"},"thumbnailUrl":"https:\/\/www.visituffizi.org\/wp-content\/uploads\/2013\/02\/accademy-gallery-01.jpg","datePublished":"2015-03-11T21:23:16+00:00","dateModified":"2023-11-25T15:04:42+00:00","description":"Ven a admirar el magn\u00edfico David y los prisioneros de Miguel \u00c1ngel adem\u00e1s de obras de botticelli, encontrar\u00e1s algunos instrumentos musicales de los Medici.","breadcrumb":{"@id":"https:\/\/www.visituffizi.org\/es\/otros-museos-en-florencia\/galeria-de-la-academia\/#breadcrumb"},"inLanguage":"es","potentialAction":[{"@type":"ReadAction","target":["https:\/\/www.visituffizi.org\/es\/otros-museos-en-florencia\/galeria-de-la-academia\/"]}]},{"@type":"ImageObject","inLanguage":"es","@id":"https:\/\/www.visituffizi.org\/es\/otros-museos-en-florencia\/galeria-de-la-academia\/#primaryimage","url":"https:\/\/www.visituffizi.org\/wp-content\/uploads\/2013\/02\/accademy-gallery-01.jpg","contentUrl":"https:\/\/www.visituffizi.org\/wp-content\/uploads\/2013\/02\/accademy-gallery-01.jpg","width":700,"height":280,"caption":"David Michelangelo"},{"@type":"BreadcrumbList","@id":"https:\/\/www.visituffizi.org\/es\/otros-museos-en-florencia\/galeria-de-la-academia\/#breadcrumb","itemListElement":[{"@type":"ListItem","position":1,"name":"Home","item":"https:\/\/www.visituffizi.org\/es\/"},{"@type":"ListItem","position":2,"name":"Otros Museos en Florencia","item":"https:\/\/www.visituffizi.org\/es\/otros-museos-en-florencia\/"},{"@type":"ListItem","position":3,"name":"Galer\u00eda de la Academia"}]},{"@type":"WebSite","@id":"https:\/\/www.visituffizi.org\/it\/#website","url":"https:\/\/www.visituffizi.org\/it\/","name":"Visit Uffizi","description":"Guide to Uffizi Museum in Florence","potentialAction":[{"@type":"SearchAction","target":{"@type":"EntryPoint","urlTemplate":"https:\/\/www.visituffizi.org\/it\/?s={search_term_string}"},"query-input":{"@type":"PropertyValueSpecification","valueRequired":true,"valueName":"search_term_string"}}],"inLanguage":"es"}]}},"_links":{"self":[{"href":"https:\/\/www.visituffizi.org\/es\/wp-json\/wp\/v2\/pages\/1861","targetHints":{"allow":["GET"]}}],"collection":[{"href":"https:\/\/www.visituffizi.org\/es\/wp-json\/wp\/v2\/pages"}],"about":[{"href":"https:\/\/www.visituffizi.org\/es\/wp-json\/wp\/v2\/types\/page"}],"author":[{"embeddable":true,"href":"https:\/\/www.visituffizi.org\/es\/wp-json\/wp\/v2\/users\/6"}],"replies":[{"embeddable":true,"href":"https:\/\/www.visituffizi.org\/es\/wp-json\/wp\/v2\/comments?post=1861"}],"version-history":[{"count":0,"href":"https:\/\/www.visituffizi.org\/es\/wp-json\/wp\/v2\/pages\/1861\/revisions"}],"up":[{"embeddable":true,"href":"https:\/\/www.visituffizi.org\/es\/wp-json\/wp\/v2\/pages\/1750"}],"wp:featuredmedia":[{"embeddable":true,"href":"https:\/\/www.visituffizi.org\/es\/wp-json\/wp\/v2\/media\/981"}],"wp:attachment":[{"href":"https:\/\/www.visituffizi.org\/es\/wp-json\/wp\/v2\/media?parent=1861"}],"curies":[{"name":"wp","href":"https:\/\/api.w.org\/{rel}","templated":true}]}}