{"id":1924,"date":"2015-07-14T15:58:38","date_gmt":"2015-07-14T15:58:38","guid":{"rendered":"https:\/\/www.visituffizi.org\/?page_id=1924"},"modified":"2015-09-29T11:11:20","modified_gmt":"2015-09-29T11:11:20","slug":"el-david-de-miguel-angel","status":"publish","type":"page","link":"https:\/\/www.visituffizi.org\/es\/otros-museos-en-florencia\/galeria-de-la-academia\/el-david-de-miguel-angel\/","title":{"rendered":"El David de Miguel \u00c1ngel"},"content":{"rendered":"ngg_shortcode_0_placeholder\n<h1>El David de Miguel \u00c1ngel en la Galer\u00eda de la Academia<\/h1>\n<p><img decoding=\"async\" class=\"alignleft wp-image-2106\" src=\"https:\/\/www.visituffizi.org\/wp-content\/uploads\/2015\/07\/michelangelo-david.jpg\" alt=\"michelangelo-david\" width=\"400\" height=\"600\" srcset=\"https:\/\/www.visituffizi.org\/wp-content\/uploads\/2015\/07\/michelangelo-david.jpg 667w, https:\/\/www.visituffizi.org\/wp-content\/uploads\/2015\/07\/michelangelo-david-200x300.jpg 200w, https:\/\/www.visituffizi.org\/wp-content\/uploads\/2015\/07\/michelangelo-david-267x400.jpg 267w, https:\/\/www.visituffizi.org\/wp-content\/uploads\/2015\/07\/michelangelo-david-67x100.jpg 67w, https:\/\/www.visituffizi.org\/wp-content\/uploads\/2015\/07\/michelangelo-david-99x149.jpg 99w\" sizes=\"(max-width: 400px) 100vw, 400px\" \/><\/p>\n<p>En julio de 1501 <strong>Miguel \u00c1ngel Bonarroti <\/strong>recibi\u00f3 la orden por parte de la <strong>Opera del Duomo <\/strong>de\u00a0crear\u00a0una estatua que representara a <strong>David y Goliat<\/strong>, con la obligaci\u00f3n de utilizar un gran bloque\u00a0de m\u00e1rmol que yac\u00eda abandonado en el almac\u00e9n de la Catedral y que hab\u00eda sido ya\u00a0trabajado 40 a\u00f1os atr\u00e1s por Agostino de Duccio, con el objetivo de esculpir el mismo sujeto. Sin duda este era <strong>un reto<\/strong> para Miguel \u00c1ngel, que en ese tiempo ten\u00eda <strong>26 a\u00f1os<\/strong> y hab\u00eda apenas regresado de Roma, donde hab\u00eda creado su primer obra maestra:\u00a0la <em>Piedad<\/em>, hoy conservada en la Bas\u00edlica de San Pedro en el Vaticano.<\/p>\n<p>La solicitud de la escultura, en un inicio fue con <strong>motivos religiosos<\/strong> y se pretend\u00eda que fuera colocada en los contrafuertes o estribos de la Catedral, pero al ser terminada pas\u00f3 a manos\u00a0del Gobierno de la <strong>Rep\u00fablica de Florencia<\/strong>, una vez que\u00a0se decidi\u00f3 que la figura de David podr\u00eda simbolizar <strong>la virtud\u00a0del\u00a0buen gobierno<\/strong> y la <strong>defensa de la patria<\/strong>. En esta \u00e9poca los Medici hab\u00edan sido ya expulsados de Florencia y <strong>Niccol\u00f2 Machiavelli<\/strong> era el secretario de la segunda canciller\u00eda de la Republica (hoy Ministerio de Relaciones Exteriores).<\/p>\n<p style=\"text-align: center;\"><a class=\"btn btn-large btn-primary\" href=\"http:\/\/www.florence-tickets.com\/es\/billetes-galeria-de-la-academia-florencia.html\" target=\"_blank\" rel=\"nofollow\">\u00a1Salta la fila! Adquiere tu boletos\u00a0 \u00bb<\/a><\/p>\n<p>Despu\u00e9s del trabajo de preparaci\u00f3n que incluy\u00f3 muchos bocetos y peque\u00f1os modelos de cera, en <strong>1502<\/strong> Miguel \u00c1ngel comenz\u00f3 a tallar el m\u00e1rmol, trabajando solo, de pie en un andamio que rodeaba el gran bloque.\u00a0Para <strong>enero de 1504<\/strong> la estatua fue terminada y fue considerada\u00a0tan maravillosa y extraordinaria que se decidi\u00f3 reunir un comit\u00e9 del que Leonardo da Vinci formaba parte para decidir d\u00f3nde colocarla.<\/p>\n<p>Fue as\u00ed que los florentinos decidieron poner al<em> David<\/em> de Miguel \u00c1ngel <strong>enfrente del Palacio de la Signoria<\/strong>,\u00a0y fue clocada el <strong>8 de septiembre de 1504<\/strong>,\u00a0y\u00a0permaneci\u00f3 ah\u00ed hasta <strong>julio de 1873.<\/strong><\/p>\n<h2>David y Goliat<\/h2>\n<p><a href=\"https:\/\/www.visituffizi.org\/wp-content\/uploads\/2013\/06\/david-back-view.jpg\"><img decoding=\"async\" class=\"alignright size-large wp-image-1190\" src=\"https:\/\/www.visituffizi.org\/wp-content\/uploads\/2013\/06\/david-back-view-300x400.jpg\" alt=\"david-back-view\" width=\"300\" height=\"400\" srcset=\"https:\/\/www.visituffizi.org\/wp-content\/uploads\/2013\/06\/david-back-view-300x400.jpg 300w, https:\/\/www.visituffizi.org\/wp-content\/uploads\/2013\/06\/david-back-view-225x300.jpg 225w, https:\/\/www.visituffizi.org\/wp-content\/uploads\/2013\/06\/david-back-view-75x100.jpg 75w, https:\/\/www.visituffizi.org\/wp-content\/uploads\/2013\/06\/david-back-view-111x149.jpg 111w, https:\/\/www.visituffizi.org\/wp-content\/uploads\/2013\/06\/david-back-view.jpg 400w\" sizes=\"(max-width: 300px) 100vw, 300px\" \/><\/a>El tema fue tomado de la Biblia y hab\u00eda sido realizada por otros grandes escultores florentinos del Renacimiento como <strong>Donatello<\/strong>, <strong>Ghiberti<\/strong> y <strong>Verrocchio<\/strong>, pero\u00a0 siempre hab\u00edan representado\u00a0a David como un adolescente, despu\u00e9s de haber\u00a0 decapitado al gigante Goliat. Miguel \u00c1ngel en su lugar decidi\u00f3 representarlo en el momento previo al enfrentamiento, David\u00a0un <strong>hombre joven<\/strong> (ya que en la Biblia est\u00e1 escrito que ten\u00eda 16 a\u00f1os)\u00a0sostiene en su mano derecha la piedra y una honda apoyada sobre su hombro izquierdo, listo para golpear al gigante. La tensi\u00f3n del\u00a0joven pastor frente al terrible enemigo que nadie se hab\u00eda atrevido a desafiar antes, est\u00e1 representada por Miguel \u00c1ngel con hermosos detalles: <strong>una intensa expresi\u00f3n de\u00a0sus ojos<\/strong>, <strong>los m\u00fasculos contra\u00eddos<\/strong> que hacen que parezca como si estuviera conteniendo la respiraci\u00f3n, y <strong>las venas en relieve<\/strong>, donde parece que realmente\u00a0corriera la sangre.<\/p>\n<p style=\"text-align: center;\"><a class=\"btn btn-large btn-primary\" href=\"http:\/\/www.florence-tickets.com\/es\/billetes-galeria-de-la-academia-florencia.html\" target=\"_blank\" rel=\"nofollow\">Adquiere tus boletos ahora \u00bb<\/a><\/p>\n<p>La colocaci\u00f3n de la estatua en la Plaza de la Signoria, enfatizaba el <strong>significado pol\u00edtico<\/strong> m\u00e1s que el religioso, el David se convirti\u00f3 en el <strong>s\u00edmbolo de\u00a0la libertad florentina<\/strong> contra los poderosos enemigos de la \u00e9poca.\u00a0Frente al Palacio de Gobierno la estatua de David representaba<strong> la virtud y el coraje de Florencia<\/strong>, como la estatua de un h\u00e9roe griego, retratado en plena desnudez y en la posici\u00f3n cl\u00e1sica de \u201ccontrapposto\u201d\u00a0con la pierna y el brazo derecho tenso y la pierna izquierda con un ligero paso hacia enfrente y el brazo doblado sujetando la honda, lo que da una sensaci\u00f3n de vida y movimiento a la figura.\u00a0El David de Miguel \u00c1ngel\u00a0realmente representa la belleza antigua del renacimiento, pero con un significado completamente actual.<\/p>\n<p><img decoding=\"async\" class=\"aligncenter size-large wp-image-2104\" src=\"https:\/\/www.visituffizi.org\/wp-content\/uploads\/2015\/07\/david-600x400.jpg\" alt=\"david\" width=\"558\" height=\"372\" srcset=\"https:\/\/www.visituffizi.org\/wp-content\/uploads\/2015\/07\/david-600x400.jpg 600w, https:\/\/www.visituffizi.org\/wp-content\/uploads\/2015\/07\/david-180x120.jpg 180w, https:\/\/www.visituffizi.org\/wp-content\/uploads\/2015\/07\/david-300x200.jpg 300w, https:\/\/www.visituffizi.org\/wp-content\/uploads\/2015\/07\/david-100x67.jpg 100w, https:\/\/www.visituffizi.org\/wp-content\/uploads\/2015\/07\/david-223x149.jpg 223w, https:\/\/www.visituffizi.org\/wp-content\/uploads\/2015\/07\/david.jpg 1000w\" sizes=\"(max-width: 558px) 100vw, 558px\" \/><\/p>\n<p>De acuerdo con alg\u00fanos\u00a0 testimonios de\u00a0sus contempor\u00e1neos, Miguel \u00c1ngel estuvo\u00a0<strong>18 meses<\/strong> esculpiendo para crear una de las esculturas m\u00e1s importantes\u00a0del mundo, trabajando sin ayuda y escondido detr\u00e1s de unos tablones de madera que rodeaban la pieza, en modo que\u00a0nadie pudiera\u00a0ver la estatua\u00a0antes de que estuviera terminada. Fue\u00a0pagado con 400 ducados que en ese tiempo era mucho, pero sobre todo, con esta obra maestra se hizo famoso en toda Italia y tambi\u00e9n en las cortes Europeas, y\u00a0hoy en d\u00eda es famoso en todo el mundo.<\/p>\n<p class=\"center\">Para los <strong>amantes de la m\u00fasica<\/strong> la Galer\u00eda de la Academia reserva una sorpresa, el <a title=\"Conservatorio de M\u00fasica Luigi Cherubini\" href=\"https:\/\/www.visituffizi.org\/es\/otros-museos-en-florencia\/galeria-de-la-academia\/conservatorio-de-musica-luigi-cherubini\/\">Conservatorio de M\u00fasica Luigi Cherubini<\/a>.<\/p>\n","protected":false},"excerpt":{"rendered":"<p>El David de Miguel \u00c1ngel en la Galer\u00eda de la Academia En julio de 1501 Miguel \u00c1ngel Bonarroti recibi\u00f3 la orden por parte de la Opera del Duomo de\u00a0crear\u00a0una estatua que representara a David y Goliat, con la obligaci\u00f3n de utilizar un gran bloque\u00a0de m\u00e1rmol que yac\u00eda abandonado en el almac\u00e9n de la Catedral y [&hellip;]<\/p>\n","protected":false},"author":3,"featured_media":2104,"parent":1861,"menu_order":0,"comment_status":"open","ping_status":"closed","template":"","meta":{"ngg_post_thumbnail":0,"footnotes":""},"class_list":["post-1924","page","type-page","status-publish","has-post-thumbnail","hentry"],"yoast_head":"<!-- This site is optimized with the Yoast SEO plugin v27.3 - https:\/\/yoast.com\/product\/yoast-seo-wordpress\/ -->\n<title>El David de Miguel \u00c1ngel en la Galeria de la Academia<\/title>\n<meta name=\"description\" content=\"El David con sus 5.17 metros de altura, esculpida por aprox. 18 meses, solo con la ayuda de un cincel hacen que esta obra sea reconocida a nivel mundial\" \/>\n<meta name=\"robots\" content=\"index, follow, max-snippet:-1, max-image-preview:large, max-video-preview:-1\" \/>\n<link rel=\"canonical\" href=\"https:\/\/www.visituffizi.org\/es\/otros-museos-en-florencia\/galeria-de-la-academia\/el-david-de-miguel-angel\/\" \/>\n<meta property=\"og:locale\" content=\"es_ES\" \/>\n<meta property=\"og:type\" content=\"article\" \/>\n<meta property=\"og:title\" content=\"El David de Miguel \u00c1ngel en la Galeria de la Academia\" \/>\n<meta property=\"og:description\" content=\"El David con sus 5.17 metros de altura, esculpida por aprox. 18 meses, solo con la ayuda de un cincel hacen que esta obra sea reconocida a nivel mundial\" \/>\n<meta property=\"og:url\" content=\"https:\/\/www.visituffizi.org\/es\/otros-museos-en-florencia\/galeria-de-la-academia\/el-david-de-miguel-angel\/\" \/>\n<meta property=\"og:site_name\" content=\"Visit Uffizi\" \/>\n<meta property=\"article:modified_time\" content=\"2015-09-29T11:11:20+00:00\" \/>\n<meta property=\"og:image\" content=\"https:\/\/www.visituffizi.org\/wp-content\/uploads\/2015\/07\/david.jpg\" \/>\n\t<meta property=\"og:image:width\" content=\"1000\" \/>\n\t<meta property=\"og:image:height\" content=\"667\" \/>\n\t<meta property=\"og:image:type\" content=\"image\/jpeg\" \/>\n<meta name=\"twitter:label1\" content=\"Tiempo de lectura\" \/>\n\t<meta name=\"twitter:data1\" content=\"4 minutos\" \/>\n<script type=\"application\/ld+json\" class=\"yoast-schema-graph\">{\"@context\":\"https:\\\/\\\/schema.org\",\"@graph\":[{\"@type\":\"WebPage\",\"@id\":\"https:\\\/\\\/www.visituffizi.org\\\/es\\\/otros-museos-en-florencia\\\/galeria-de-la-academia\\\/el-david-de-miguel-angel\\\/\",\"url\":\"https:\\\/\\\/www.visituffizi.org\\\/es\\\/otros-museos-en-florencia\\\/galeria-de-la-academia\\\/el-david-de-miguel-angel\\\/\",\"name\":\"El David de Miguel \u00c1ngel en la Galeria de la Academia\",\"isPartOf\":{\"@id\":\"https:\\\/\\\/www.visituffizi.org\\\/it\\\/#website\"},\"primaryImageOfPage\":{\"@id\":\"https:\\\/\\\/www.visituffizi.org\\\/es\\\/otros-museos-en-florencia\\\/galeria-de-la-academia\\\/el-david-de-miguel-angel\\\/#primaryimage\"},\"image\":{\"@id\":\"https:\\\/\\\/www.visituffizi.org\\\/es\\\/otros-museos-en-florencia\\\/galeria-de-la-academia\\\/el-david-de-miguel-angel\\\/#primaryimage\"},\"thumbnailUrl\":\"https:\\\/\\\/www.visituffizi.org\\\/wp-content\\\/uploads\\\/2015\\\/07\\\/david.jpg\",\"datePublished\":\"2015-07-14T15:58:38+00:00\",\"dateModified\":\"2015-09-29T11:11:20+00:00\",\"description\":\"El David con sus 5.17 metros de altura, esculpida por aprox. 18 meses, solo con la ayuda de un cincel hacen que esta obra sea reconocida a nivel mundial\",\"breadcrumb\":{\"@id\":\"https:\\\/\\\/www.visituffizi.org\\\/es\\\/otros-museos-en-florencia\\\/galeria-de-la-academia\\\/el-david-de-miguel-angel\\\/#breadcrumb\"},\"inLanguage\":\"es\",\"potentialAction\":[{\"@type\":\"ReadAction\",\"target\":[\"https:\\\/\\\/www.visituffizi.org\\\/es\\\/otros-museos-en-florencia\\\/galeria-de-la-academia\\\/el-david-de-miguel-angel\\\/\"]}]},{\"@type\":\"ImageObject\",\"inLanguage\":\"es\",\"@id\":\"https:\\\/\\\/www.visituffizi.org\\\/es\\\/otros-museos-en-florencia\\\/galeria-de-la-academia\\\/el-david-de-miguel-angel\\\/#primaryimage\",\"url\":\"https:\\\/\\\/www.visituffizi.org\\\/wp-content\\\/uploads\\\/2015\\\/07\\\/david.jpg\",\"contentUrl\":\"https:\\\/\\\/www.visituffizi.org\\\/wp-content\\\/uploads\\\/2015\\\/07\\\/david.jpg\",\"width\":1000,\"height\":667},{\"@type\":\"BreadcrumbList\",\"@id\":\"https:\\\/\\\/www.visituffizi.org\\\/es\\\/otros-museos-en-florencia\\\/galeria-de-la-academia\\\/el-david-de-miguel-angel\\\/#breadcrumb\",\"itemListElement\":[{\"@type\":\"ListItem\",\"position\":1,\"name\":\"Home\",\"item\":\"https:\\\/\\\/www.visituffizi.org\\\/es\\\/\"},{\"@type\":\"ListItem\",\"position\":2,\"name\":\"Otros Museos en Florencia\",\"item\":\"https:\\\/\\\/www.visituffizi.org\\\/es\\\/otros-museos-en-florencia\\\/\"},{\"@type\":\"ListItem\",\"position\":3,\"name\":\"Galer\u00eda de la Academia\",\"item\":\"https:\\\/\\\/www.visituffizi.org\\\/es\\\/otros-museos-en-florencia\\\/galeria-de-la-academia\\\/\"},{\"@type\":\"ListItem\",\"position\":4,\"name\":\"El David de Miguel \u00c1ngel\"}]},{\"@type\":\"WebSite\",\"@id\":\"https:\\\/\\\/www.visituffizi.org\\\/it\\\/#website\",\"url\":\"https:\\\/\\\/www.visituffizi.org\\\/it\\\/\",\"name\":\"Visit Uffizi\",\"description\":\"Guide to Uffizi Museum in Florence\",\"potentialAction\":[{\"@type\":\"SearchAction\",\"target\":{\"@type\":\"EntryPoint\",\"urlTemplate\":\"https:\\\/\\\/www.visituffizi.org\\\/it\\\/?s={search_term_string}\"},\"query-input\":{\"@type\":\"PropertyValueSpecification\",\"valueRequired\":true,\"valueName\":\"search_term_string\"}}],\"inLanguage\":\"es\"}]}<\/script>\n<!-- \/ Yoast SEO plugin. -->","yoast_head_json":{"title":"El David de Miguel \u00c1ngel en la Galeria de la Academia","description":"El David con sus 5.17 metros de altura, esculpida por aprox. 18 meses, solo con la ayuda de un cincel hacen que esta obra sea reconocida a nivel mundial","robots":{"index":"index","follow":"follow","max-snippet":"max-snippet:-1","max-image-preview":"max-image-preview:large","max-video-preview":"max-video-preview:-1"},"canonical":"https:\/\/www.visituffizi.org\/es\/otros-museos-en-florencia\/galeria-de-la-academia\/el-david-de-miguel-angel\/","og_locale":"es_ES","og_type":"article","og_title":"El David de Miguel \u00c1ngel en la Galeria de la Academia","og_description":"El David con sus 5.17 metros de altura, esculpida por aprox. 18 meses, solo con la ayuda de un cincel hacen que esta obra sea reconocida a nivel mundial","og_url":"https:\/\/www.visituffizi.org\/es\/otros-museos-en-florencia\/galeria-de-la-academia\/el-david-de-miguel-angel\/","og_site_name":"Visit Uffizi","article_modified_time":"2015-09-29T11:11:20+00:00","og_image":[{"width":1000,"height":667,"url":"https:\/\/www.visituffizi.org\/wp-content\/uploads\/2015\/07\/david.jpg","type":"image\/jpeg"}],"twitter_misc":{"Tiempo de lectura":"4 minutos"},"schema":{"@context":"https:\/\/schema.org","@graph":[{"@type":"WebPage","@id":"https:\/\/www.visituffizi.org\/es\/otros-museos-en-florencia\/galeria-de-la-academia\/el-david-de-miguel-angel\/","url":"https:\/\/www.visituffizi.org\/es\/otros-museos-en-florencia\/galeria-de-la-academia\/el-david-de-miguel-angel\/","name":"El David de Miguel \u00c1ngel en la Galeria de la Academia","isPartOf":{"@id":"https:\/\/www.visituffizi.org\/it\/#website"},"primaryImageOfPage":{"@id":"https:\/\/www.visituffizi.org\/es\/otros-museos-en-florencia\/galeria-de-la-academia\/el-david-de-miguel-angel\/#primaryimage"},"image":{"@id":"https:\/\/www.visituffizi.org\/es\/otros-museos-en-florencia\/galeria-de-la-academia\/el-david-de-miguel-angel\/#primaryimage"},"thumbnailUrl":"https:\/\/www.visituffizi.org\/wp-content\/uploads\/2015\/07\/david.jpg","datePublished":"2015-07-14T15:58:38+00:00","dateModified":"2015-09-29T11:11:20+00:00","description":"El David con sus 5.17 metros de altura, esculpida por aprox. 18 meses, solo con la ayuda de un cincel hacen que esta obra sea reconocida a nivel mundial","breadcrumb":{"@id":"https:\/\/www.visituffizi.org\/es\/otros-museos-en-florencia\/galeria-de-la-academia\/el-david-de-miguel-angel\/#breadcrumb"},"inLanguage":"es","potentialAction":[{"@type":"ReadAction","target":["https:\/\/www.visituffizi.org\/es\/otros-museos-en-florencia\/galeria-de-la-academia\/el-david-de-miguel-angel\/"]}]},{"@type":"ImageObject","inLanguage":"es","@id":"https:\/\/www.visituffizi.org\/es\/otros-museos-en-florencia\/galeria-de-la-academia\/el-david-de-miguel-angel\/#primaryimage","url":"https:\/\/www.visituffizi.org\/wp-content\/uploads\/2015\/07\/david.jpg","contentUrl":"https:\/\/www.visituffizi.org\/wp-content\/uploads\/2015\/07\/david.jpg","width":1000,"height":667},{"@type":"BreadcrumbList","@id":"https:\/\/www.visituffizi.org\/es\/otros-museos-en-florencia\/galeria-de-la-academia\/el-david-de-miguel-angel\/#breadcrumb","itemListElement":[{"@type":"ListItem","position":1,"name":"Home","item":"https:\/\/www.visituffizi.org\/es\/"},{"@type":"ListItem","position":2,"name":"Otros Museos en Florencia","item":"https:\/\/www.visituffizi.org\/es\/otros-museos-en-florencia\/"},{"@type":"ListItem","position":3,"name":"Galer\u00eda de la Academia","item":"https:\/\/www.visituffizi.org\/es\/otros-museos-en-florencia\/galeria-de-la-academia\/"},{"@type":"ListItem","position":4,"name":"El David de Miguel \u00c1ngel"}]},{"@type":"WebSite","@id":"https:\/\/www.visituffizi.org\/it\/#website","url":"https:\/\/www.visituffizi.org\/it\/","name":"Visit Uffizi","description":"Guide to Uffizi Museum in Florence","potentialAction":[{"@type":"SearchAction","target":{"@type":"EntryPoint","urlTemplate":"https:\/\/www.visituffizi.org\/it\/?s={search_term_string}"},"query-input":{"@type":"PropertyValueSpecification","valueRequired":true,"valueName":"search_term_string"}}],"inLanguage":"es"}]}},"_links":{"self":[{"href":"https:\/\/www.visituffizi.org\/es\/wp-json\/wp\/v2\/pages\/1924","targetHints":{"allow":["GET"]}}],"collection":[{"href":"https:\/\/www.visituffizi.org\/es\/wp-json\/wp\/v2\/pages"}],"about":[{"href":"https:\/\/www.visituffizi.org\/es\/wp-json\/wp\/v2\/types\/page"}],"author":[{"embeddable":true,"href":"https:\/\/www.visituffizi.org\/es\/wp-json\/wp\/v2\/users\/3"}],"replies":[{"embeddable":true,"href":"https:\/\/www.visituffizi.org\/es\/wp-json\/wp\/v2\/comments?post=1924"}],"version-history":[{"count":0,"href":"https:\/\/www.visituffizi.org\/es\/wp-json\/wp\/v2\/pages\/1924\/revisions"}],"up":[{"embeddable":true,"href":"https:\/\/www.visituffizi.org\/es\/wp-json\/wp\/v2\/pages\/1861"}],"wp:featuredmedia":[{"embeddable":true,"href":"https:\/\/www.visituffizi.org\/es\/wp-json\/wp\/v2\/media\/2104"}],"wp:attachment":[{"href":"https:\/\/www.visituffizi.org\/es\/wp-json\/wp\/v2\/media?parent=1924"}],"curies":[{"name":"wp","href":"https:\/\/api.w.org\/{rel}","templated":true}]}}