{"id":1925,"date":"2015-07-14T16:00:38","date_gmt":"2015-07-14T16:00:38","guid":{"rendered":"https:\/\/www.visituffizi.org\/?page_id=1925"},"modified":"2015-09-29T11:15:11","modified_gmt":"2015-09-29T11:15:11","slug":"conservatorio-de-musica-luigi-cherubini","status":"publish","type":"page","link":"https:\/\/www.visituffizi.org\/es\/otros-museos-en-florencia\/galeria-de-la-academia\/conservatorio-de-musica-luigi-cherubini\/","title":{"rendered":"Conservatorio de M\u00fasica Luigi Cherubini"},"content":{"rendered":"ngg_shortcode_0_placeholder\n<h1>El Conservatorio de M\u00fasica Luigi Cherubini y\u00a0su Colecci\u00f3n de Instrumentos Musicales<\/h1>\n<h2>El Quinteto de los Medici de Antonio Stradivari en la Galer\u00eda de la Academia<\/h2>\n<p>Para los <strong>amantes de la m\u00fasica,<\/strong> \u00a1La Galer\u00eda de la Academia reserva una sorpresa para ti!<\/p>\n<p>Todos conocen el museo de la Academia y lo visitan para ver <strong>el David de Miguel \u00c1ngel<\/strong> pero pocos saben que aqu\u00ed se conservan\u00a0tres importantes instrumentos musicales del igualmente famosos <strong>Antonio Stradivari<\/strong>, fabricante de violines de Cremona que vivi\u00f3 entre 1645\u00a0y\u00a01737.<\/p>\n<p style=\"text-align: center;\"><a href=\"http:\/\/www.florence-tickets.com\/es\/billetes-galeria-de-la-academia-florencia.html\" target=\"_blank\">\u00a1Salta la fila! Adquiere tus boletos \u00bb<\/a><\/p>\n<p>Se trata de un viol\u00edn, datado en 1716, y de dos piezas, de solo cuatro existentes en el mundo, del <strong>famoso Quinteto de los Medici<\/strong>.<\/p>\n<p>En <strong>1690 <\/strong>el noble hombre de Cremona <strong>Bartolomeo\u00a0Ariberti<\/strong>\u00a0 le solicit\u00f3 a Stradivari construir dos violines, dos violas y un violonchelo (los 5 instrumentos tradicionales de las orquestas de c\u00e1mara) para donarlos al hijo del Gran Duque Cosimo III de\u2019 Medici, el gran pr\u00edncipe Ferdinando, aficionado de la m\u00fasica y un virtuoso tocando el clavic\u00e9mbalo. Hoy en la Academia permanecen solo el <strong>violonchelo<\/strong> y la hermosa <strong>tenor\u00a0viola<\/strong>, ambos decorados con las armas de los Medici; la viola contralto se conserva en la <strong>Biblioteca del Congreso en Washington<\/strong> y uno de los dos violines en la <strong>Academia de Santa Cecilia<\/strong> en Roma,\u00a0mientras que el \u00faltimo viol\u00edn\u00a0se encuentra desaparecido y no se sabe si todav\u00eda exista.<\/p>\n<p><img decoding=\"async\" class=\"aligncenter size-full wp-image-1935\" src=\"https:\/\/www.visituffizi.org\/wp-content\/uploads\/2015\/07\/viola-stradivari.jpg\" alt=\"viola-stradivari\" width=\"604\" height=\"1200\" srcset=\"https:\/\/www.visituffizi.org\/wp-content\/uploads\/2015\/07\/viola-stradivari.jpg 604w, https:\/\/www.visituffizi.org\/wp-content\/uploads\/2015\/07\/viola-stradivari-151x300.jpg 151w, https:\/\/www.visituffizi.org\/wp-content\/uploads\/2015\/07\/viola-stradivari-201x400.jpg 201w, https:\/\/www.visituffizi.org\/wp-content\/uploads\/2015\/07\/viola-stradivari-50x100.jpg 50w, https:\/\/www.visituffizi.org\/wp-content\/uploads\/2015\/07\/viola-stradivari-75x149.jpg 75w\" sizes=\"(max-width: 604px) 100vw, 604px\" \/><\/p>\n<h2>\u00a1El Piano fue inventado en\u00a0Florencia!<\/h2>\n<p>Otra sala est\u00e1 dedicada a la invenci\u00f3n del piano (o pianoforte),\u00a0que fue construido por primera vez en Florencia en la corte de los Medici, alrededor de <strong>1720<\/strong> por el luthier\u00a0<strong>Bartolomeo Cristofori<\/strong> (1655-1732), cambiando el mecanismo del clavic\u00e9mbalo de cuerdas pulsadas con el de percusi\u00f3n de las cuerdas.<\/p>\n<p style=\"text-align: center;\"><a href=\"http:\/\/www.florence-tickets.com\/es\/billetes-galeria-de-la-academia-florencia.html\" target=\"_blank\">Compra tus boletos \u00bb<\/a><\/p>\n<p><img decoding=\"async\" class=\"aligncenter wp-image-1927 size-full\" src=\"https:\/\/www.visituffizi.org\/wp-content\/uploads\/2015\/07\/piano.jpg\" alt=\"piano\" width=\"591\" height=\"800\" srcset=\"https:\/\/www.visituffizi.org\/wp-content\/uploads\/2015\/07\/piano.jpg 591w, https:\/\/www.visituffizi.org\/wp-content\/uploads\/2015\/07\/piano-222x300.jpg 222w, https:\/\/www.visituffizi.org\/wp-content\/uploads\/2015\/07\/piano-296x400.jpg 296w, https:\/\/www.visituffizi.org\/wp-content\/uploads\/2015\/07\/piano-74x100.jpg 74w, https:\/\/www.visituffizi.org\/wp-content\/uploads\/2015\/07\/piano-110x149.jpg 110w\" sizes=\"(max-width: 591px) 100vw, 591px\" \/><\/p>\n","protected":false},"excerpt":{"rendered":"<p>El Conservatorio de M\u00fasica Luigi Cherubini y\u00a0su Colecci\u00f3n de Instrumentos Musicales El Quinteto de los Medici de Antonio Stradivari en la Galer\u00eda de la Academia Para los amantes de la m\u00fasica, \u00a1La Galer\u00eda de la Academia reserva una sorpresa para ti! Todos conocen el museo de la Academia y lo visitan para ver el David [&hellip;]<\/p>\n","protected":false},"author":3,"featured_media":1927,"parent":1861,"menu_order":3,"comment_status":"open","ping_status":"closed","template":"","meta":{"ngg_post_thumbnail":0,"footnotes":""},"class_list":["post-1925","page","type-page","status-publish","has-post-thumbnail","hentry"],"yoast_head":"<!-- This site is optimized with the Yoast SEO plugin v27.3 - https:\/\/yoast.com\/product\/yoast-seo-wordpress\/ -->\n<title>Instrumentos Musicales de Stradivari en la Galer\u00eda de la Academia<\/title>\n<meta name=\"description\" content=\"Adem\u00e1s de David en la Galer\u00eda puedes encontrar un viol\u00edn y dos de cinco piezas del Quinteto de los Medici, una sala dedicada a la invenci\u00f3n del primer piano.\" \/>\n<meta name=\"robots\" content=\"index, follow, max-snippet:-1, max-image-preview:large, max-video-preview:-1\" \/>\n<link rel=\"canonical\" href=\"https:\/\/www.visituffizi.org\/es\/otros-museos-en-florencia\/galeria-de-la-academia\/conservatorio-de-musica-luigi-cherubini\/\" \/>\n<meta property=\"og:locale\" content=\"es_ES\" \/>\n<meta property=\"og:type\" content=\"article\" \/>\n<meta property=\"og:title\" content=\"Instrumentos Musicales de Stradivari en la Galer\u00eda de la Academia\" \/>\n<meta property=\"og:description\" content=\"Adem\u00e1s de David en la Galer\u00eda puedes encontrar un viol\u00edn y dos de cinco piezas del Quinteto de los Medici, una sala dedicada a la invenci\u00f3n del primer piano.\" \/>\n<meta property=\"og:url\" content=\"https:\/\/www.visituffizi.org\/es\/otros-museos-en-florencia\/galeria-de-la-academia\/conservatorio-de-musica-luigi-cherubini\/\" \/>\n<meta property=\"og:site_name\" content=\"Visit Uffizi\" \/>\n<meta property=\"article:modified_time\" content=\"2015-09-29T11:15:11+00:00\" \/>\n<meta property=\"og:image\" content=\"https:\/\/www.visituffizi.org\/wp-content\/uploads\/2015\/07\/piano.jpg\" \/>\n\t<meta property=\"og:image:width\" content=\"591\" \/>\n\t<meta property=\"og:image:height\" content=\"800\" \/>\n\t<meta property=\"og:image:type\" content=\"image\/jpeg\" \/>\n<meta name=\"twitter:label1\" content=\"Tiempo de lectura\" \/>\n\t<meta name=\"twitter:data1\" content=\"2 minutos\" \/>\n<script type=\"application\/ld+json\" class=\"yoast-schema-graph\">{\"@context\":\"https:\\\/\\\/schema.org\",\"@graph\":[{\"@type\":\"WebPage\",\"@id\":\"https:\\\/\\\/www.visituffizi.org\\\/es\\\/otros-museos-en-florencia\\\/galeria-de-la-academia\\\/conservatorio-de-musica-luigi-cherubini\\\/\",\"url\":\"https:\\\/\\\/www.visituffizi.org\\\/es\\\/otros-museos-en-florencia\\\/galeria-de-la-academia\\\/conservatorio-de-musica-luigi-cherubini\\\/\",\"name\":\"Instrumentos Musicales de Stradivari en la Galer\u00eda de la Academia\",\"isPartOf\":{\"@id\":\"https:\\\/\\\/www.visituffizi.org\\\/it\\\/#website\"},\"primaryImageOfPage\":{\"@id\":\"https:\\\/\\\/www.visituffizi.org\\\/es\\\/otros-museos-en-florencia\\\/galeria-de-la-academia\\\/conservatorio-de-musica-luigi-cherubini\\\/#primaryimage\"},\"image\":{\"@id\":\"https:\\\/\\\/www.visituffizi.org\\\/es\\\/otros-museos-en-florencia\\\/galeria-de-la-academia\\\/conservatorio-de-musica-luigi-cherubini\\\/#primaryimage\"},\"thumbnailUrl\":\"https:\\\/\\\/www.visituffizi.org\\\/wp-content\\\/uploads\\\/2015\\\/07\\\/piano.jpg\",\"datePublished\":\"2015-07-14T16:00:38+00:00\",\"dateModified\":\"2015-09-29T11:15:11+00:00\",\"description\":\"Adem\u00e1s de David en la Galer\u00eda puedes encontrar un viol\u00edn y dos de cinco piezas del Quinteto de los Medici, una sala dedicada a la invenci\u00f3n del primer piano.\",\"breadcrumb\":{\"@id\":\"https:\\\/\\\/www.visituffizi.org\\\/es\\\/otros-museos-en-florencia\\\/galeria-de-la-academia\\\/conservatorio-de-musica-luigi-cherubini\\\/#breadcrumb\"},\"inLanguage\":\"es\",\"potentialAction\":[{\"@type\":\"ReadAction\",\"target\":[\"https:\\\/\\\/www.visituffizi.org\\\/es\\\/otros-museos-en-florencia\\\/galeria-de-la-academia\\\/conservatorio-de-musica-luigi-cherubini\\\/\"]}]},{\"@type\":\"ImageObject\",\"inLanguage\":\"es\",\"@id\":\"https:\\\/\\\/www.visituffizi.org\\\/es\\\/otros-museos-en-florencia\\\/galeria-de-la-academia\\\/conservatorio-de-musica-luigi-cherubini\\\/#primaryimage\",\"url\":\"https:\\\/\\\/www.visituffizi.org\\\/wp-content\\\/uploads\\\/2015\\\/07\\\/piano.jpg\",\"contentUrl\":\"https:\\\/\\\/www.visituffizi.org\\\/wp-content\\\/uploads\\\/2015\\\/07\\\/piano.jpg\",\"width\":591,\"height\":800},{\"@type\":\"BreadcrumbList\",\"@id\":\"https:\\\/\\\/www.visituffizi.org\\\/es\\\/otros-museos-en-florencia\\\/galeria-de-la-academia\\\/conservatorio-de-musica-luigi-cherubini\\\/#breadcrumb\",\"itemListElement\":[{\"@type\":\"ListItem\",\"position\":1,\"name\":\"Home\",\"item\":\"https:\\\/\\\/www.visituffizi.org\\\/es\\\/\"},{\"@type\":\"ListItem\",\"position\":2,\"name\":\"Otros Museos en Florencia\",\"item\":\"https:\\\/\\\/www.visituffizi.org\\\/es\\\/otros-museos-en-florencia\\\/\"},{\"@type\":\"ListItem\",\"position\":3,\"name\":\"Galer\u00eda de la Academia\",\"item\":\"https:\\\/\\\/www.visituffizi.org\\\/es\\\/otros-museos-en-florencia\\\/galeria-de-la-academia\\\/\"},{\"@type\":\"ListItem\",\"position\":4,\"name\":\"Conservatorio de M\u00fasica Luigi Cherubini\"}]},{\"@type\":\"WebSite\",\"@id\":\"https:\\\/\\\/www.visituffizi.org\\\/it\\\/#website\",\"url\":\"https:\\\/\\\/www.visituffizi.org\\\/it\\\/\",\"name\":\"Visit Uffizi\",\"description\":\"Guide to Uffizi Museum in Florence\",\"potentialAction\":[{\"@type\":\"SearchAction\",\"target\":{\"@type\":\"EntryPoint\",\"urlTemplate\":\"https:\\\/\\\/www.visituffizi.org\\\/it\\\/?s={search_term_string}\"},\"query-input\":{\"@type\":\"PropertyValueSpecification\",\"valueRequired\":true,\"valueName\":\"search_term_string\"}}],\"inLanguage\":\"es\"}]}<\/script>\n<!-- \/ Yoast SEO plugin. -->","yoast_head_json":{"title":"Instrumentos Musicales de Stradivari en la Galer\u00eda de la Academia","description":"Adem\u00e1s de David en la Galer\u00eda puedes encontrar un viol\u00edn y dos de cinco piezas del Quinteto de los Medici, una sala dedicada a la invenci\u00f3n del primer piano.","robots":{"index":"index","follow":"follow","max-snippet":"max-snippet:-1","max-image-preview":"max-image-preview:large","max-video-preview":"max-video-preview:-1"},"canonical":"https:\/\/www.visituffizi.org\/es\/otros-museos-en-florencia\/galeria-de-la-academia\/conservatorio-de-musica-luigi-cherubini\/","og_locale":"es_ES","og_type":"article","og_title":"Instrumentos Musicales de Stradivari en la Galer\u00eda de la Academia","og_description":"Adem\u00e1s de David en la Galer\u00eda puedes encontrar un viol\u00edn y dos de cinco piezas del Quinteto de los Medici, una sala dedicada a la invenci\u00f3n del primer piano.","og_url":"https:\/\/www.visituffizi.org\/es\/otros-museos-en-florencia\/galeria-de-la-academia\/conservatorio-de-musica-luigi-cherubini\/","og_site_name":"Visit Uffizi","article_modified_time":"2015-09-29T11:15:11+00:00","og_image":[{"width":591,"height":800,"url":"https:\/\/www.visituffizi.org\/wp-content\/uploads\/2015\/07\/piano.jpg","type":"image\/jpeg"}],"twitter_misc":{"Tiempo de lectura":"2 minutos"},"schema":{"@context":"https:\/\/schema.org","@graph":[{"@type":"WebPage","@id":"https:\/\/www.visituffizi.org\/es\/otros-museos-en-florencia\/galeria-de-la-academia\/conservatorio-de-musica-luigi-cherubini\/","url":"https:\/\/www.visituffizi.org\/es\/otros-museos-en-florencia\/galeria-de-la-academia\/conservatorio-de-musica-luigi-cherubini\/","name":"Instrumentos Musicales de Stradivari en la Galer\u00eda de la Academia","isPartOf":{"@id":"https:\/\/www.visituffizi.org\/it\/#website"},"primaryImageOfPage":{"@id":"https:\/\/www.visituffizi.org\/es\/otros-museos-en-florencia\/galeria-de-la-academia\/conservatorio-de-musica-luigi-cherubini\/#primaryimage"},"image":{"@id":"https:\/\/www.visituffizi.org\/es\/otros-museos-en-florencia\/galeria-de-la-academia\/conservatorio-de-musica-luigi-cherubini\/#primaryimage"},"thumbnailUrl":"https:\/\/www.visituffizi.org\/wp-content\/uploads\/2015\/07\/piano.jpg","datePublished":"2015-07-14T16:00:38+00:00","dateModified":"2015-09-29T11:15:11+00:00","description":"Adem\u00e1s de David en la Galer\u00eda puedes encontrar un viol\u00edn y dos de cinco piezas del Quinteto de los Medici, una sala dedicada a la invenci\u00f3n del primer piano.","breadcrumb":{"@id":"https:\/\/www.visituffizi.org\/es\/otros-museos-en-florencia\/galeria-de-la-academia\/conservatorio-de-musica-luigi-cherubini\/#breadcrumb"},"inLanguage":"es","potentialAction":[{"@type":"ReadAction","target":["https:\/\/www.visituffizi.org\/es\/otros-museos-en-florencia\/galeria-de-la-academia\/conservatorio-de-musica-luigi-cherubini\/"]}]},{"@type":"ImageObject","inLanguage":"es","@id":"https:\/\/www.visituffizi.org\/es\/otros-museos-en-florencia\/galeria-de-la-academia\/conservatorio-de-musica-luigi-cherubini\/#primaryimage","url":"https:\/\/www.visituffizi.org\/wp-content\/uploads\/2015\/07\/piano.jpg","contentUrl":"https:\/\/www.visituffizi.org\/wp-content\/uploads\/2015\/07\/piano.jpg","width":591,"height":800},{"@type":"BreadcrumbList","@id":"https:\/\/www.visituffizi.org\/es\/otros-museos-en-florencia\/galeria-de-la-academia\/conservatorio-de-musica-luigi-cherubini\/#breadcrumb","itemListElement":[{"@type":"ListItem","position":1,"name":"Home","item":"https:\/\/www.visituffizi.org\/es\/"},{"@type":"ListItem","position":2,"name":"Otros Museos en Florencia","item":"https:\/\/www.visituffizi.org\/es\/otros-museos-en-florencia\/"},{"@type":"ListItem","position":3,"name":"Galer\u00eda de la Academia","item":"https:\/\/www.visituffizi.org\/es\/otros-museos-en-florencia\/galeria-de-la-academia\/"},{"@type":"ListItem","position":4,"name":"Conservatorio de M\u00fasica Luigi Cherubini"}]},{"@type":"WebSite","@id":"https:\/\/www.visituffizi.org\/it\/#website","url":"https:\/\/www.visituffizi.org\/it\/","name":"Visit Uffizi","description":"Guide to Uffizi Museum in Florence","potentialAction":[{"@type":"SearchAction","target":{"@type":"EntryPoint","urlTemplate":"https:\/\/www.visituffizi.org\/it\/?s={search_term_string}"},"query-input":{"@type":"PropertyValueSpecification","valueRequired":true,"valueName":"search_term_string"}}],"inLanguage":"es"}]}},"_links":{"self":[{"href":"https:\/\/www.visituffizi.org\/es\/wp-json\/wp\/v2\/pages\/1925","targetHints":{"allow":["GET"]}}],"collection":[{"href":"https:\/\/www.visituffizi.org\/es\/wp-json\/wp\/v2\/pages"}],"about":[{"href":"https:\/\/www.visituffizi.org\/es\/wp-json\/wp\/v2\/types\/page"}],"author":[{"embeddable":true,"href":"https:\/\/www.visituffizi.org\/es\/wp-json\/wp\/v2\/users\/3"}],"replies":[{"embeddable":true,"href":"https:\/\/www.visituffizi.org\/es\/wp-json\/wp\/v2\/comments?post=1925"}],"version-history":[{"count":0,"href":"https:\/\/www.visituffizi.org\/es\/wp-json\/wp\/v2\/pages\/1925\/revisions"}],"up":[{"embeddable":true,"href":"https:\/\/www.visituffizi.org\/es\/wp-json\/wp\/v2\/pages\/1861"}],"wp:featuredmedia":[{"embeddable":true,"href":"https:\/\/www.visituffizi.org\/es\/wp-json\/wp\/v2\/media\/1927"}],"wp:attachment":[{"href":"https:\/\/www.visituffizi.org\/es\/wp-json\/wp\/v2\/media?parent=1925"}],"curies":[{"name":"wp","href":"https:\/\/api.w.org\/{rel}","templated":true}]}}