{"id":2190,"date":"2015-09-30T10:50:50","date_gmt":"2015-09-30T10:50:50","guid":{"rendered":"https:\/\/www.visituffizi.org\/?page_id=2190"},"modified":"2015-11-24T19:04:03","modified_gmt":"2015-11-24T19:04:03","slug":"museos-en-toscana","status":"publish","type":"page","link":"https:\/\/www.visituffizi.org\/es\/museos-en-toscana\/","title":{"rendered":"Museos en Toscana"},"content":{"rendered":"ngg_shortcode_0_placeholder\n<h1>Salta las colas en los Museos de la Toscana<\/h1>\n<h2>Planea con anticipaci\u00f3n y\u00a0maximiza tu tiempo<\/h2>\n<p><img decoding=\"async\" class=\"alignnone wp-image-2032 size-large\" src=\"https:\/\/www.visituffizi.org\/wp-content\/uploads\/2015\/08\/4a-san-gimignano-museo-4-600x297.jpg\" alt=\"Museums in Tuscany and San Gimignano\" width=\"558\" height=\"276\" srcset=\"https:\/\/www.visituffizi.org\/wp-content\/uploads\/2015\/08\/4a-san-gimignano-museo-4-600x297.jpg 600w, https:\/\/www.visituffizi.org\/wp-content\/uploads\/2015\/08\/4a-san-gimignano-museo-4-300x149.jpg 300w, https:\/\/www.visituffizi.org\/wp-content\/uploads\/2015\/08\/4a-san-gimignano-museo-4-100x50.jpg 100w, https:\/\/www.visituffizi.org\/wp-content\/uploads\/2015\/08\/4a-san-gimignano-museo-4-280x139.jpg 280w, https:\/\/www.visituffizi.org\/wp-content\/uploads\/2015\/08\/4a-san-gimignano-museo-4.jpg 1000w\" sizes=\"(max-width: 558px) 100vw, 558px\" \/><\/p>\n<p>La mayor colecci\u00f3n de obras maestras en el mundo se concentra en los museos de la Toscana, est\u00e1 claro que un viaje a Italia no estar\u00eda completo sin incluir estos lugares a tu itinerario. \u00a0Al planear a d\u00f3nde ir, aseg\u00farate de considerar una parada aqu\u00ed:<\/p>\n<ul>\n<li><a href=\"https:\/\/www.visituffizi.org\/es\/la-torre-inclinada-de-pisa\/\">Torre Inclinada de Pisa<\/a><\/li>\n<li>Volterra y su anfiteatro romano al aire libre<\/li>\n<li>Siena\u00a0y San Gimignano, Sitios Mundiales de la UNESCO<\/li>\n<li>Lucca, la ciudad renacentista\u00a0amurallada<\/li>\n<li>Los museos arqueol\u00f3gicos de Arezzo, Cortona y Grosseto<\/li>\n<\/ul>\n<p>Las opciones son\u00a0infinitas. Sea cual sea el \u00e1rea que decidas visitar en la Toscana, encontraras un tesoro de obras maestras de pintura y escultura, artefactos arqueol\u00f3gicos, incluyendo ruinas Romanas y Etruscas.<\/p>\n<p style=\"text-align: center;\"><strong><a class=\"btn btn-large btn-primary\" href=\"http:\/\/www.partner.viator.com\/es\/16895\/Toscana\/d206-ttd\" target=\"_blank\">Reserva tus boletos ahora \u00bb <\/a><\/strong><\/p>\n<p><img decoding=\"async\" class=\"alignnone wp-image-1954 size-large\" title=\"Book your Required Tickets for the Leaning Tower of Pisa\" src=\"https:\/\/www.visituffizi.org\/wp-content\/uploads\/2015\/08\/Pisa-11-600x398.jpg\" alt=\"Tickets for the Leaning Tower of Pisa\" width=\"558\" height=\"370\" srcset=\"https:\/\/www.visituffizi.org\/wp-content\/uploads\/2015\/08\/Pisa-11-600x398.jpg 600w, https:\/\/www.visituffizi.org\/wp-content\/uploads\/2015\/08\/Pisa-11-180x120.jpg 180w, https:\/\/www.visituffizi.org\/wp-content\/uploads\/2015\/08\/Pisa-11-300x199.jpg 300w, https:\/\/www.visituffizi.org\/wp-content\/uploads\/2015\/08\/Pisa-11-100x66.jpg 100w, https:\/\/www.visituffizi.org\/wp-content\/uploads\/2015\/08\/Pisa-11-225x149.jpg 225w, https:\/\/www.visituffizi.org\/wp-content\/uploads\/2015\/08\/Pisa-11.jpg 1971w\" sizes=\"(max-width: 558px) 100vw, 558px\" \/><\/p>\n<h2>Como hacer encajar\u00a0todo en tu viaje a la Toscana<\/h2>\n<p>Algunas veces la mejor respuesta es explorar estos fascinantes lugares con la ayuda de un experto. No solo ahorrar\u00edas tiempo sino que realmente podr\u00edas relajarte y dejar que otra persona te\u00a0conduzca por las carreteras Italianas, al siguiente museo en Toscana, a una peque\u00f1a ciudad en Val d\u2019Orcia o al siguiente lugar de degustaci\u00f3n en el Chianti.<\/p>\n<p><strong>\u00a1Reserva tus boletos online!<\/strong> Compra tus boletos para los principales museos de la Toscana y <strong>salta cualquier fila<\/strong> para entrar en los museos y as\u00ed ver m\u00e1s en tu\u00a0limitado tiempo en\u00a0la Toscana!<\/p>\n<p style=\"text-align: center;\"><strong><a class=\"btn btn-large btn-primary\" href=\"http:\/\/www.florence-tickets.com\/es\/billetes-para-museos.html?site=uffi\" target=\"_blank\">\u00a1Busca tus\u00a0boletos hoy! \u00bb<\/a> <\/strong><\/p>\n<p><img decoding=\"async\" class=\"alignnone wp-image-2030 size-large\" src=\"https:\/\/www.visituffizi.org\/wp-content\/uploads\/2015\/08\/2a-museo-15-600x400.jpg\" alt=\" Artifacts from the Romans &amp; Etruscans in Volterra\" width=\"558\" height=\"372\" srcset=\"https:\/\/www.visituffizi.org\/wp-content\/uploads\/2015\/08\/2a-museo-15-600x400.jpg 600w, https:\/\/www.visituffizi.org\/wp-content\/uploads\/2015\/08\/2a-museo-15-180x120.jpg 180w, https:\/\/www.visituffizi.org\/wp-content\/uploads\/2015\/08\/2a-museo-15-300x200.jpg 300w, https:\/\/www.visituffizi.org\/wp-content\/uploads\/2015\/08\/2a-museo-15-100x67.jpg 100w, https:\/\/www.visituffizi.org\/wp-content\/uploads\/2015\/08\/2a-museo-15-223x149.jpg 223w, https:\/\/www.visituffizi.org\/wp-content\/uploads\/2015\/08\/2a-museo-15.jpg 1000w\" sizes=\"(max-width: 558px) 100vw, 558px\" \/><\/p>\n","protected":false},"excerpt":{"rendered":"<p>Organiza tus vacaciones con tiempo para que puedas disfrutar las maravillosas colinas y ciudades de la Toscana.<\/p>\n","protected":false},"author":3,"featured_media":2031,"parent":0,"menu_order":0,"comment_status":"closed","ping_status":"closed","template":"","meta":{"ngg_post_thumbnail":0,"footnotes":""},"class_list":["post-2190","page","type-page","status-publish","has-post-thumbnail","hentry"],"yoast_head":"<!-- This site is optimized with the Yoast SEO plugin v27.3 - https:\/\/yoast.com\/product\/yoast-seo-wordpress\/ -->\n<title>Museos en la Toscana<\/title>\n<meta name=\"description\" content=\"Planea tus vacaciones, no pierdas la oportunidad de visitar algunos de los museos de la Toscana como la Torre de Pisa, Siena, San Gimignano entre otros!\" \/>\n<meta name=\"robots\" content=\"index, follow, max-snippet:-1, max-image-preview:large, max-video-preview:-1\" \/>\n<link rel=\"canonical\" href=\"https:\/\/www.visituffizi.org\/es\/museos-en-toscana\/\" \/>\n<meta property=\"og:locale\" content=\"es_ES\" \/>\n<meta property=\"og:type\" content=\"article\" \/>\n<meta property=\"og:title\" content=\"Museos en la Toscana\" \/>\n<meta property=\"og:description\" content=\"Planea tus vacaciones, no pierdas la oportunidad de visitar algunos de los museos de la Toscana como la Torre de Pisa, Siena, San Gimignano entre otros!\" \/>\n<meta property=\"og:url\" content=\"https:\/\/www.visituffizi.org\/es\/museos-en-toscana\/\" \/>\n<meta property=\"og:site_name\" content=\"Visit Uffizi\" \/>\n<meta property=\"article:modified_time\" content=\"2015-11-24T19:04:03+00:00\" \/>\n<meta property=\"og:image\" content=\"https:\/\/www.visituffizi.org\/wp-content\/uploads\/2015\/08\/3a-torre-mangia-piazza-campo.jpg\" \/>\n\t<meta property=\"og:image:width\" content=\"1000\" \/>\n\t<meta property=\"og:image:height\" content=\"750\" \/>\n\t<meta property=\"og:image:type\" content=\"image\/jpeg\" \/>\n<meta name=\"twitter:label1\" content=\"Tiempo de lectura\" \/>\n\t<meta name=\"twitter:data1\" content=\"1 minuto\" \/>\n<script type=\"application\/ld+json\" class=\"yoast-schema-graph\">{\"@context\":\"https:\\\/\\\/schema.org\",\"@graph\":[{\"@type\":\"WebPage\",\"@id\":\"https:\\\/\\\/www.visituffizi.org\\\/es\\\/museos-en-toscana\\\/\",\"url\":\"https:\\\/\\\/www.visituffizi.org\\\/es\\\/museos-en-toscana\\\/\",\"name\":\"Museos en la Toscana\",\"isPartOf\":{\"@id\":\"https:\\\/\\\/www.visituffizi.org\\\/it\\\/#website\"},\"primaryImageOfPage\":{\"@id\":\"https:\\\/\\\/www.visituffizi.org\\\/es\\\/museos-en-toscana\\\/#primaryimage\"},\"image\":{\"@id\":\"https:\\\/\\\/www.visituffizi.org\\\/es\\\/museos-en-toscana\\\/#primaryimage\"},\"thumbnailUrl\":\"https:\\\/\\\/www.visituffizi.org\\\/wp-content\\\/uploads\\\/2015\\\/08\\\/3a-torre-mangia-piazza-campo.jpg\",\"datePublished\":\"2015-09-30T10:50:50+00:00\",\"dateModified\":\"2015-11-24T19:04:03+00:00\",\"description\":\"Planea tus vacaciones, no pierdas la oportunidad de visitar algunos de los museos de la Toscana como la Torre de Pisa, Siena, San Gimignano entre otros!\",\"breadcrumb\":{\"@id\":\"https:\\\/\\\/www.visituffizi.org\\\/es\\\/museos-en-toscana\\\/#breadcrumb\"},\"inLanguage\":\"es\",\"potentialAction\":[{\"@type\":\"ReadAction\",\"target\":[\"https:\\\/\\\/www.visituffizi.org\\\/es\\\/museos-en-toscana\\\/\"]}]},{\"@type\":\"ImageObject\",\"inLanguage\":\"es\",\"@id\":\"https:\\\/\\\/www.visituffizi.org\\\/es\\\/museos-en-toscana\\\/#primaryimage\",\"url\":\"https:\\\/\\\/www.visituffizi.org\\\/wp-content\\\/uploads\\\/2015\\\/08\\\/3a-torre-mangia-piazza-campo.jpg\",\"contentUrl\":\"https:\\\/\\\/www.visituffizi.org\\\/wp-content\\\/uploads\\\/2015\\\/08\\\/3a-torre-mangia-piazza-campo.jpg\",\"width\":1000,\"height\":750,\"caption\":\"Siena and other Museums in Tuscany\"},{\"@type\":\"BreadcrumbList\",\"@id\":\"https:\\\/\\\/www.visituffizi.org\\\/es\\\/museos-en-toscana\\\/#breadcrumb\",\"itemListElement\":[{\"@type\":\"ListItem\",\"position\":1,\"name\":\"Home\",\"item\":\"https:\\\/\\\/www.visituffizi.org\\\/es\\\/\"},{\"@type\":\"ListItem\",\"position\":2,\"name\":\"Museos en Toscana\"}]},{\"@type\":\"WebSite\",\"@id\":\"https:\\\/\\\/www.visituffizi.org\\\/it\\\/#website\",\"url\":\"https:\\\/\\\/www.visituffizi.org\\\/it\\\/\",\"name\":\"Visit Uffizi\",\"description\":\"Guide to Uffizi Museum in Florence\",\"potentialAction\":[{\"@type\":\"SearchAction\",\"target\":{\"@type\":\"EntryPoint\",\"urlTemplate\":\"https:\\\/\\\/www.visituffizi.org\\\/it\\\/?s={search_term_string}\"},\"query-input\":{\"@type\":\"PropertyValueSpecification\",\"valueRequired\":true,\"valueName\":\"search_term_string\"}}],\"inLanguage\":\"es\"}]}<\/script>\n<!-- \/ Yoast SEO plugin. -->","yoast_head_json":{"title":"Museos en la Toscana","description":"Planea tus vacaciones, no pierdas la oportunidad de visitar algunos de los museos de la Toscana como la Torre de Pisa, Siena, San Gimignano entre otros!","robots":{"index":"index","follow":"follow","max-snippet":"max-snippet:-1","max-image-preview":"max-image-preview:large","max-video-preview":"max-video-preview:-1"},"canonical":"https:\/\/www.visituffizi.org\/es\/museos-en-toscana\/","og_locale":"es_ES","og_type":"article","og_title":"Museos en la Toscana","og_description":"Planea tus vacaciones, no pierdas la oportunidad de visitar algunos de los museos de la Toscana como la Torre de Pisa, Siena, San Gimignano entre otros!","og_url":"https:\/\/www.visituffizi.org\/es\/museos-en-toscana\/","og_site_name":"Visit Uffizi","article_modified_time":"2015-11-24T19:04:03+00:00","og_image":[{"width":1000,"height":750,"url":"https:\/\/www.visituffizi.org\/wp-content\/uploads\/2015\/08\/3a-torre-mangia-piazza-campo.jpg","type":"image\/jpeg"}],"twitter_misc":{"Tiempo de lectura":"1 minuto"},"schema":{"@context":"https:\/\/schema.org","@graph":[{"@type":"WebPage","@id":"https:\/\/www.visituffizi.org\/es\/museos-en-toscana\/","url":"https:\/\/www.visituffizi.org\/es\/museos-en-toscana\/","name":"Museos en la Toscana","isPartOf":{"@id":"https:\/\/www.visituffizi.org\/it\/#website"},"primaryImageOfPage":{"@id":"https:\/\/www.visituffizi.org\/es\/museos-en-toscana\/#primaryimage"},"image":{"@id":"https:\/\/www.visituffizi.org\/es\/museos-en-toscana\/#primaryimage"},"thumbnailUrl":"https:\/\/www.visituffizi.org\/wp-content\/uploads\/2015\/08\/3a-torre-mangia-piazza-campo.jpg","datePublished":"2015-09-30T10:50:50+00:00","dateModified":"2015-11-24T19:04:03+00:00","description":"Planea tus vacaciones, no pierdas la oportunidad de visitar algunos de los museos de la Toscana como la Torre de Pisa, Siena, San Gimignano entre otros!","breadcrumb":{"@id":"https:\/\/www.visituffizi.org\/es\/museos-en-toscana\/#breadcrumb"},"inLanguage":"es","potentialAction":[{"@type":"ReadAction","target":["https:\/\/www.visituffizi.org\/es\/museos-en-toscana\/"]}]},{"@type":"ImageObject","inLanguage":"es","@id":"https:\/\/www.visituffizi.org\/es\/museos-en-toscana\/#primaryimage","url":"https:\/\/www.visituffizi.org\/wp-content\/uploads\/2015\/08\/3a-torre-mangia-piazza-campo.jpg","contentUrl":"https:\/\/www.visituffizi.org\/wp-content\/uploads\/2015\/08\/3a-torre-mangia-piazza-campo.jpg","width":1000,"height":750,"caption":"Siena and other Museums in Tuscany"},{"@type":"BreadcrumbList","@id":"https:\/\/www.visituffizi.org\/es\/museos-en-toscana\/#breadcrumb","itemListElement":[{"@type":"ListItem","position":1,"name":"Home","item":"https:\/\/www.visituffizi.org\/es\/"},{"@type":"ListItem","position":2,"name":"Museos en Toscana"}]},{"@type":"WebSite","@id":"https:\/\/www.visituffizi.org\/it\/#website","url":"https:\/\/www.visituffizi.org\/it\/","name":"Visit Uffizi","description":"Guide to Uffizi Museum in Florence","potentialAction":[{"@type":"SearchAction","target":{"@type":"EntryPoint","urlTemplate":"https:\/\/www.visituffizi.org\/it\/?s={search_term_string}"},"query-input":{"@type":"PropertyValueSpecification","valueRequired":true,"valueName":"search_term_string"}}],"inLanguage":"es"}]}},"_links":{"self":[{"href":"https:\/\/www.visituffizi.org\/es\/wp-json\/wp\/v2\/pages\/2190","targetHints":{"allow":["GET"]}}],"collection":[{"href":"https:\/\/www.visituffizi.org\/es\/wp-json\/wp\/v2\/pages"}],"about":[{"href":"https:\/\/www.visituffizi.org\/es\/wp-json\/wp\/v2\/types\/page"}],"author":[{"embeddable":true,"href":"https:\/\/www.visituffizi.org\/es\/wp-json\/wp\/v2\/users\/3"}],"replies":[{"embeddable":true,"href":"https:\/\/www.visituffizi.org\/es\/wp-json\/wp\/v2\/comments?post=2190"}],"version-history":[{"count":0,"href":"https:\/\/www.visituffizi.org\/es\/wp-json\/wp\/v2\/pages\/2190\/revisions"}],"wp:featuredmedia":[{"embeddable":true,"href":"https:\/\/www.visituffizi.org\/es\/wp-json\/wp\/v2\/media\/2031"}],"wp:attachment":[{"href":"https:\/\/www.visituffizi.org\/es\/wp-json\/wp\/v2\/media?parent=2190"}],"curies":[{"name":"wp","href":"https:\/\/api.w.org\/{rel}","templated":true}]}}