{"id":2196,"date":"2015-09-29T18:40:13","date_gmt":"2015-09-29T18:40:13","guid":{"rendered":"https:\/\/www.visituffizi.org\/?page_id=2196"},"modified":"2015-09-29T18:40:13","modified_gmt":"2015-09-29T18:40:13","slug":"exposiciones-pasadas","status":"publish","type":"page","link":"https:\/\/www.visituffizi.org\/es\/planea-tu-visita\/exposiciones-temporales\/exposiciones-pasadas\/","title":{"rendered":"Exposiciones pasadas"},"content":{"rendered":"ngg_shortcode_0_placeholder\n<h1>Exposiciones pasadas en la\u00a0Galer\u00eda Uffizi<\/h1>\n<h2>2015<\/h2>\n<div id=\"attachment_1658\" style=\"width: 510px\" class=\"wp-caption aligncenter\"><img decoding=\"async\" aria-describedby=\"caption-attachment-1658\" class=\"wp-image-1658\" src=\"https:\/\/www.visituffizi.org\/wp-content\/uploads\/2013\/05\/happy-violinist-amstedam-327x400.jpg\" alt=\"\" width=\"500\" height=\"611\" srcset=\"https:\/\/www.visituffizi.org\/wp-content\/uploads\/2013\/05\/happy-violinist-amstedam-327x400.jpg 327w, https:\/\/www.visituffizi.org\/wp-content\/uploads\/2013\/05\/happy-violinist-amstedam-246x300.jpg 246w, https:\/\/www.visituffizi.org\/wp-content\/uploads\/2013\/05\/happy-violinist-amstedam-82x100.jpg 82w, https:\/\/www.visituffizi.org\/wp-content\/uploads\/2013\/05\/happy-violinist-amstedam-122x149.jpg 122w, https:\/\/www.visituffizi.org\/wp-content\/uploads\/2013\/05\/happy-violinist-amstedam.jpg 960w\" sizes=\"(max-width: 500px) 100vw, 500px\" \/><p id=\"caption-attachment-1658\" class=\"wp-caption-text\">Gerrit van Honthorst, <em>The Happy Fiddler<\/em>, 1623, on loan from Amsterdam, Rijksmuseum<\/p><\/div>\n<h3>Gherardo delle Notti: Pinturas Bizzaras y Cenas Alegres<\/h3>\n<p><em><strong>Del 10 de Febrero al 24 de Mayo 2015<br \/>\n<\/strong><\/em><\/p>\n<p>La Galer\u00eda Uffizi inicia el a\u00f1o con \u201cArte para un a\u00f1o\u201d del programa de exposiciones con la primera exhibici\u00f3n dedicada exclusivamente al trabajo de <strong>Gerrit van Honthorst<\/strong>, el pintor holand\u00e9s de la era dorada, conocido en Italia como Gherardo delle Notti, y su presencia en Italia a principios del siglo XVII.<\/p>\n<p>Van Honthorst (4 de noviembre de 1590 \u2013 27 de abril de 1656) en los inicios de su carrera visit\u00f3 Roma, donde, al igual que otros de sus contempor\u00e1neos, fue fuertemente influenciado por las recientes tendencias de arte\u00a0encontradas ah\u00ed. Fue particularmente influenciado por el naturalismo y las excentricidades de <strong>Miguel \u00c1ngel da <\/strong><strong>Caravaggio<\/strong> y pronto se convirti\u00f3 en un pintor exitoso con un estilo similar.<\/p>\n<div id=\"attachment_1661\" style=\"width: 568px\" class=\"wp-caption aligncenter\"><img decoding=\"async\" aria-describedby=\"caption-attachment-1661\" class=\"wp-image-1661 size-large\" src=\"https:\/\/www.visituffizi.org\/wp-content\/uploads\/2013\/05\/merry-supper-bizzare-600x400.jpg\" alt=\"merry-supper-bizzare\" width=\"558\" height=\"372\" srcset=\"https:\/\/www.visituffizi.org\/wp-content\/uploads\/2013\/05\/merry-supper-bizzare-600x400.jpg 600w, https:\/\/www.visituffizi.org\/wp-content\/uploads\/2013\/05\/merry-supper-bizzare-180x120.jpg 180w, https:\/\/www.visituffizi.org\/wp-content\/uploads\/2013\/05\/merry-supper-bizzare-300x200.jpg 300w, https:\/\/www.visituffizi.org\/wp-content\/uploads\/2013\/05\/merry-supper-bizzare-100x67.jpg 100w, https:\/\/www.visituffizi.org\/wp-content\/uploads\/2013\/05\/merry-supper-bizzare-224x149.jpg 224w, https:\/\/www.visituffizi.org\/wp-content\/uploads\/2013\/05\/merry-supper-bizzare.jpg 1200w\" sizes=\"(max-width: 558px) 100vw, 558px\" \/><p id=\"caption-attachment-1661\" class=\"wp-caption-text\">Gerrit van Honthorst, <em>Supper with Lute Players<\/em>, 1619-1620, oil on canvas &#8211; Uffizi Gallery, Florence&#8230; this can be called a bit \u00abbizarre\u00bb if you observe the three figures on the right &#8211; what are they doing?<\/p><\/div>\n<p>Fue especialmente conocido por su representaci\u00f3n de <strong>escenas iluminadas artificialmente<\/strong>, por lo que recibi\u00f3 el apodo de \u201cGherardo delle Notti\u201d (Gerardo de la Noche).<\/p>\n<p>Su periodo en Italia dur\u00f3 cerca de 10 a\u00f1os, con una salida precipitada de Roma en 1620. Despu\u00e9s de su regreso a los Pa\u00edses Bajos, se convirti\u00f3 en un pintor de retratos y se le\u00a0apod\u00f3 el Caravaggista Holand\u00e9s.<\/p>\n<div id=\"attachment_1662\" style=\"width: 410px\" class=\"wp-caption aligncenter\"><img decoding=\"async\" aria-describedby=\"caption-attachment-1662\" class=\"wp-image-1662 size-large\" src=\"https:\/\/www.visituffizi.org\/wp-content\/uploads\/2013\/05\/vanitas-400x400.jpg\" alt=\"vanitas\" width=\"400\" height=\"400\" srcset=\"https:\/\/www.visituffizi.org\/wp-content\/uploads\/2013\/05\/vanitas-400x400.jpg 400w, https:\/\/www.visituffizi.org\/wp-content\/uploads\/2013\/05\/vanitas-300x300.jpg 300w, https:\/\/www.visituffizi.org\/wp-content\/uploads\/2013\/05\/vanitas-100x100.jpg 100w, https:\/\/www.visituffizi.org\/wp-content\/uploads\/2013\/05\/vanitas-55x55.jpg 55w, https:\/\/www.visituffizi.org\/wp-content\/uploads\/2013\/05\/vanitas-149x149.jpg 149w, https:\/\/www.visituffizi.org\/wp-content\/uploads\/2013\/05\/vanitas-179x179.jpg 179w, https:\/\/www.visituffizi.org\/wp-content\/uploads\/2013\/05\/vanitas.jpg 1000w\" sizes=\"(max-width: 400px) 100vw, 400px\" \/><p id=\"caption-attachment-1662\" class=\"wp-caption-text\">Gerrit van Honthorst, <em>Vanitas<\/em>, oil on canvas, circa 1618 &#8211; on loan from the Ashmolean Museum, Oxford<\/p><\/div>\n<p>La exhibici\u00f3n se centra en esta ocasi\u00f3n en el periodo que vivi\u00f3 en Italia, que fue rico en obras y exploraci\u00f3n estil\u00edstica. Su \u00e9xito en la interpretaci\u00f3n del estilo de Caravaggio fue reconocido con \u00e9xito y sus trabajos tuvieron el honor de ocupar altares importantes en Roma y en G\u00e9nova. Pronto, importantes coleccionistas como el <strong>Gran Duque de Toscana<\/strong>, <strong>Cosimo II<\/strong>, estaban interesados en su trabajo.<\/p>\n<p>Fue gracias en parte a la pasi\u00f3n de Cosimo por Gherardo, que la<strong> Galer\u00eda Uffizi<\/strong> posee\u00a0cinco hermosas pinturas de von Honthorst, incluyendo\u00a0tres grandes cenas alegres (que establecen el desarrollo de este tipo de pintura en Italia y en el norte de Europa). El embajador de los Medici en Roma, Piero Guicciardini, solicit\u00f3 a Gherardo en 1619 pintar un retablo para el altar\u00a0de la capilla de su familia,\u00a0en Santa Felicit\u00e0, llamada <em>la Adoraci\u00f3n de los pastores<\/em> iluminada por la luz de las velas. Esta obra sufri\u00f3 grandes da\u00f1os cuando una bomba de la mafia explot\u00f3 en 1993\u00a0fuera de la Galer\u00eda. Un hermoso video proyectado directamente sobre la pintura permite a los visitantes ver lo que se perdi\u00f3 de la obra.<\/p>\n<p><img decoding=\"async\" class=\"aligncenter size-large wp-image-1660\" src=\"https:\/\/www.visituffizi.org\/wp-content\/uploads\/2013\/05\/may-1993-600x229.jpg\" alt=\"may-1993\" width=\"558\" height=\"213\" srcset=\"https:\/\/www.visituffizi.org\/wp-content\/uploads\/2013\/05\/may-1993-600x229.jpg 600w, https:\/\/www.visituffizi.org\/wp-content\/uploads\/2013\/05\/may-1993-300x114.jpg 300w, https:\/\/www.visituffizi.org\/wp-content\/uploads\/2013\/05\/may-1993-100x38.jpg 100w, https:\/\/www.visituffizi.org\/wp-content\/uploads\/2013\/05\/may-1993-280x107.jpg 280w, https:\/\/www.visituffizi.org\/wp-content\/uploads\/2013\/05\/may-1993.jpg 800w\" sizes=\"(max-width: 558px) 100vw, 558px\" \/><\/p>\n<div id=\"attachment_1663\" style=\"width: 550px\" class=\"wp-caption aligncenter\"><img decoding=\"async\" aria-describedby=\"caption-attachment-1663\" class=\"wp-image-1663 size-large\" src=\"https:\/\/www.visituffizi.org\/wp-content\/uploads\/2013\/05\/adoration-shepherds-540x400.jpg\" alt=\"adoration-shepherds\" width=\"540\" height=\"400\" srcset=\"https:\/\/www.visituffizi.org\/wp-content\/uploads\/2013\/05\/adoration-shepherds-540x400.jpg 540w, https:\/\/www.visituffizi.org\/wp-content\/uploads\/2013\/05\/adoration-shepherds-300x222.jpg 300w, https:\/\/www.visituffizi.org\/wp-content\/uploads\/2013\/05\/adoration-shepherds-100x74.jpg 100w, https:\/\/www.visituffizi.org\/wp-content\/uploads\/2013\/05\/adoration-shepherds-201x149.jpg 201w, https:\/\/www.visituffizi.org\/wp-content\/uploads\/2013\/05\/adoration-shepherds.jpg 960w\" sizes=\"(max-width: 540px) 100vw, 540px\" \/><p id=\"caption-attachment-1663\" class=\"wp-caption-text\">The <em>Adoration of the Shepherds<\/em> was highly damaged in the car bomb of the Uffizi on May 1993. The video projection reconstructs the painting to give the viewer an idea of what has been lost.<\/p><\/div>\n<p>El inicio de la exhibici\u00f3n comienza con sus primero trabajos en Roma, donde a\u00fan conserva en gran parte su propio estilo, con retablos del Palacio Real de G\u00e9nova y de colecciones privadas.\u00a0La segunda fase, se aprecia un estilo m\u00e1s maduro, por lo que es conocido, contiene las obras Florentinas de\u00a0cenas alegres,\u00a0as\u00ed como el <em>Cristo ante Caif\u00e1s <\/em>proveniente de la Galer\u00eda Nacional de Londres. Particularmente importante son los tres grandes retablos de G\u00e9nova, Roma y Albano exhibidas en una de las salas m\u00e1s grandes.<\/p>\n<p>Tambi\u00e9n est\u00e1n algunos trabajos creados inmediatamente despu\u00e9s de su llegada a los Pa\u00edses Bajos, incluyendo <em>El Alegre Violinista<\/em> mostrada en la parte superior de esta p\u00e1gina, mientras que la \u00faltima secci\u00f3n est\u00e1 dedicada a otros pintores que fueron influenciados por su trabajo. Esto incluye a dos Italianos as\u00ed como otros pintores Daneses, incluyendo su propio maestro, Abraham Bloemaert, quien dedic\u00f3 gran parte de su carrera a estudiar la representaci\u00f3n de la luz sobre el lienzo. En esta \u00faltima fase se puede ver\u00a0que el trabajo de Gerhard, es m\u00e1s \u201cluminoso\u201d menos oscuro, despu\u00e9s\u00a0del tiempo transcurrido en Italia.<\/p>\n<div id=\"attachment_1664\" style=\"width: 543px\" class=\"wp-caption aligncenter\"><img decoding=\"async\" aria-describedby=\"caption-attachment-1664\" class=\"wp-image-1664 size-large\" src=\"https:\/\/www.visituffizi.org\/wp-content\/uploads\/2013\/05\/susana-honthorst-533x400.jpg\" alt=\"susana-honthorst\" width=\"533\" height=\"400\" srcset=\"https:\/\/www.visituffizi.org\/wp-content\/uploads\/2013\/05\/susana-honthorst-533x400.jpg 533w, https:\/\/www.visituffizi.org\/wp-content\/uploads\/2013\/05\/susana-honthorst-300x225.jpg 300w, https:\/\/www.visituffizi.org\/wp-content\/uploads\/2013\/05\/susana-honthorst-100x75.jpg 100w, https:\/\/www.visituffizi.org\/wp-content\/uploads\/2013\/05\/susana-honthorst-198x149.jpg 198w, https:\/\/www.visituffizi.org\/wp-content\/uploads\/2013\/05\/susana-honthorst.jpg 1200w\" sizes=\"(max-width: 533px) 100vw, 533px\" \/><p id=\"caption-attachment-1664\" class=\"wp-caption-text\">Gerrit van Honthorst, <em>Susanna and the Elders<\/em>, 1655, on loan from Rome, Galleria Borghese<\/p><\/div>\n<p>En la exhibici\u00f3n, est\u00e1 presente una obra de Caravaggio, el \u201cCavadenti\u201d\u00a0 proveniente de la Galer\u00eda Palatina.<\/p>\n","protected":false},"excerpt":{"rendered":"<p>Exposiciones pasadas en la\u00a0Galer\u00eda Uffizi 2015 Gherardo delle Notti: Pinturas Bizzaras y Cenas Alegres Del 10 de Febrero al 24 de Mayo 2015 La Galer\u00eda Uffizi inicia el a\u00f1o con \u201cArte para un a\u00f1o\u201d del programa de exposiciones con la primera exhibici\u00f3n dedicada exclusivamente al trabajo de Gerrit van Honthorst, el pintor holand\u00e9s de la [&hellip;]<\/p>\n","protected":false},"author":3,"featured_media":1658,"parent":2197,"menu_order":0,"comment_status":"open","ping_status":"closed","template":"","meta":{"ngg_post_thumbnail":0,"footnotes":""},"class_list":["post-2196","page","type-page","status-publish","has-post-thumbnail","hentry"],"yoast_head":"<!-- This site is optimized with the Yoast SEO plugin v27.4 - https:\/\/yoast.com\/product\/yoast-seo-wordpress\/ -->\n<title>Exposiciones pasadas en la Galer\u00eda Uffizi<\/title>\n<meta name=\"description\" content=\"Lista de exposiciones pasadas en la Galer\u00eda Uffizi.\" \/>\n<meta name=\"robots\" content=\"index, follow, max-snippet:-1, max-image-preview:large, max-video-preview:-1\" \/>\n<link rel=\"canonical\" href=\"https:\/\/www.visituffizi.org\/es\/planea-tu-visita\/exposiciones-temporales\/exposiciones-pasadas\/\" \/>\n<meta property=\"og:locale\" content=\"es_ES\" \/>\n<meta property=\"og:type\" content=\"article\" \/>\n<meta property=\"og:title\" content=\"Exposiciones pasadas en la Galer\u00eda Uffizi\" \/>\n<meta property=\"og:description\" content=\"Lista de exposiciones pasadas en la Galer\u00eda Uffizi.\" \/>\n<meta property=\"og:url\" content=\"https:\/\/www.visituffizi.org\/es\/planea-tu-visita\/exposiciones-temporales\/exposiciones-pasadas\/\" \/>\n<meta property=\"og:site_name\" content=\"Visit Uffizi\" \/>\n<meta property=\"og:image\" content=\"https:\/\/www.visituffizi.org\/wp-content\/uploads\/2013\/05\/happy-violinist-amstedam.jpg\" \/>\n\t<meta property=\"og:image:width\" content=\"960\" \/>\n\t<meta property=\"og:image:height\" content=\"1173\" \/>\n\t<meta property=\"og:image:type\" content=\"image\/jpeg\" \/>\n<meta name=\"twitter:label1\" content=\"Tiempo de lectura\" \/>\n\t<meta name=\"twitter:data1\" content=\"4 minutos\" \/>\n<script type=\"application\/ld+json\" class=\"yoast-schema-graph\">{\"@context\":\"https:\\\/\\\/schema.org\",\"@graph\":[{\"@type\":\"WebPage\",\"@id\":\"https:\\\/\\\/www.visituffizi.org\\\/es\\\/planea-tu-visita\\\/exposiciones-temporales\\\/exposiciones-pasadas\\\/\",\"url\":\"https:\\\/\\\/www.visituffizi.org\\\/es\\\/planea-tu-visita\\\/exposiciones-temporales\\\/exposiciones-pasadas\\\/\",\"name\":\"Exposiciones pasadas en la Galer\u00eda Uffizi\",\"isPartOf\":{\"@id\":\"https:\\\/\\\/www.visituffizi.org\\\/it\\\/#website\"},\"primaryImageOfPage\":{\"@id\":\"https:\\\/\\\/www.visituffizi.org\\\/es\\\/planea-tu-visita\\\/exposiciones-temporales\\\/exposiciones-pasadas\\\/#primaryimage\"},\"image\":{\"@id\":\"https:\\\/\\\/www.visituffizi.org\\\/es\\\/planea-tu-visita\\\/exposiciones-temporales\\\/exposiciones-pasadas\\\/#primaryimage\"},\"thumbnailUrl\":\"https:\\\/\\\/www.visituffizi.org\\\/wp-content\\\/uploads\\\/2013\\\/05\\\/happy-violinist-amstedam.jpg\",\"datePublished\":\"2015-09-29T18:40:13+00:00\",\"description\":\"Lista de exposiciones pasadas en la Galer\u00eda Uffizi.\",\"breadcrumb\":{\"@id\":\"https:\\\/\\\/www.visituffizi.org\\\/es\\\/planea-tu-visita\\\/exposiciones-temporales\\\/exposiciones-pasadas\\\/#breadcrumb\"},\"inLanguage\":\"es\",\"potentialAction\":[{\"@type\":\"ReadAction\",\"target\":[\"https:\\\/\\\/www.visituffizi.org\\\/es\\\/planea-tu-visita\\\/exposiciones-temporales\\\/exposiciones-pasadas\\\/\"]}]},{\"@type\":\"ImageObject\",\"inLanguage\":\"es\",\"@id\":\"https:\\\/\\\/www.visituffizi.org\\\/es\\\/planea-tu-visita\\\/exposiciones-temporales\\\/exposiciones-pasadas\\\/#primaryimage\",\"url\":\"https:\\\/\\\/www.visituffizi.org\\\/wp-content\\\/uploads\\\/2013\\\/05\\\/happy-violinist-amstedam.jpg\",\"contentUrl\":\"https:\\\/\\\/www.visituffizi.org\\\/wp-content\\\/uploads\\\/2013\\\/05\\\/happy-violinist-amstedam.jpg\",\"width\":960,\"height\":1173},{\"@type\":\"BreadcrumbList\",\"@id\":\"https:\\\/\\\/www.visituffizi.org\\\/es\\\/planea-tu-visita\\\/exposiciones-temporales\\\/exposiciones-pasadas\\\/#breadcrumb\",\"itemListElement\":[{\"@type\":\"ListItem\",\"position\":1,\"name\":\"Home\",\"item\":\"https:\\\/\\\/www.visituffizi.org\\\/es\\\/\"},{\"@type\":\"ListItem\",\"position\":2,\"name\":\"Planea tu visita\",\"item\":\"https:\\\/\\\/www.visituffizi.org\\\/es\\\/planea-tu-visita\\\/\"},{\"@type\":\"ListItem\",\"position\":3,\"name\":\"Exposiciones temporales\",\"item\":\"https:\\\/\\\/www.visituffizi.org\\\/es\\\/planea-tu-visita\\\/exposiciones-temporales\\\/\"},{\"@type\":\"ListItem\",\"position\":4,\"name\":\"Exposiciones pasadas\"}]},{\"@type\":\"WebSite\",\"@id\":\"https:\\\/\\\/www.visituffizi.org\\\/it\\\/#website\",\"url\":\"https:\\\/\\\/www.visituffizi.org\\\/it\\\/\",\"name\":\"Visit Uffizi\",\"description\":\"Guide to Uffizi Museum in Florence\",\"potentialAction\":[{\"@type\":\"SearchAction\",\"target\":{\"@type\":\"EntryPoint\",\"urlTemplate\":\"https:\\\/\\\/www.visituffizi.org\\\/it\\\/?s={search_term_string}\"},\"query-input\":{\"@type\":\"PropertyValueSpecification\",\"valueRequired\":true,\"valueName\":\"search_term_string\"}}],\"inLanguage\":\"es\"}]}<\/script>\n<!-- \/ Yoast SEO plugin. -->","yoast_head_json":{"title":"Exposiciones pasadas en la Galer\u00eda Uffizi","description":"Lista de exposiciones pasadas en la Galer\u00eda Uffizi.","robots":{"index":"index","follow":"follow","max-snippet":"max-snippet:-1","max-image-preview":"max-image-preview:large","max-video-preview":"max-video-preview:-1"},"canonical":"https:\/\/www.visituffizi.org\/es\/planea-tu-visita\/exposiciones-temporales\/exposiciones-pasadas\/","og_locale":"es_ES","og_type":"article","og_title":"Exposiciones pasadas en la Galer\u00eda Uffizi","og_description":"Lista de exposiciones pasadas en la Galer\u00eda Uffizi.","og_url":"https:\/\/www.visituffizi.org\/es\/planea-tu-visita\/exposiciones-temporales\/exposiciones-pasadas\/","og_site_name":"Visit Uffizi","og_image":[{"width":960,"height":1173,"url":"https:\/\/www.visituffizi.org\/wp-content\/uploads\/2013\/05\/happy-violinist-amstedam.jpg","type":"image\/jpeg"}],"twitter_misc":{"Tiempo de lectura":"4 minutos"},"schema":{"@context":"https:\/\/schema.org","@graph":[{"@type":"WebPage","@id":"https:\/\/www.visituffizi.org\/es\/planea-tu-visita\/exposiciones-temporales\/exposiciones-pasadas\/","url":"https:\/\/www.visituffizi.org\/es\/planea-tu-visita\/exposiciones-temporales\/exposiciones-pasadas\/","name":"Exposiciones pasadas en la Galer\u00eda Uffizi","isPartOf":{"@id":"https:\/\/www.visituffizi.org\/it\/#website"},"primaryImageOfPage":{"@id":"https:\/\/www.visituffizi.org\/es\/planea-tu-visita\/exposiciones-temporales\/exposiciones-pasadas\/#primaryimage"},"image":{"@id":"https:\/\/www.visituffizi.org\/es\/planea-tu-visita\/exposiciones-temporales\/exposiciones-pasadas\/#primaryimage"},"thumbnailUrl":"https:\/\/www.visituffizi.org\/wp-content\/uploads\/2013\/05\/happy-violinist-amstedam.jpg","datePublished":"2015-09-29T18:40:13+00:00","description":"Lista de exposiciones pasadas en la Galer\u00eda Uffizi.","breadcrumb":{"@id":"https:\/\/www.visituffizi.org\/es\/planea-tu-visita\/exposiciones-temporales\/exposiciones-pasadas\/#breadcrumb"},"inLanguage":"es","potentialAction":[{"@type":"ReadAction","target":["https:\/\/www.visituffizi.org\/es\/planea-tu-visita\/exposiciones-temporales\/exposiciones-pasadas\/"]}]},{"@type":"ImageObject","inLanguage":"es","@id":"https:\/\/www.visituffizi.org\/es\/planea-tu-visita\/exposiciones-temporales\/exposiciones-pasadas\/#primaryimage","url":"https:\/\/www.visituffizi.org\/wp-content\/uploads\/2013\/05\/happy-violinist-amstedam.jpg","contentUrl":"https:\/\/www.visituffizi.org\/wp-content\/uploads\/2013\/05\/happy-violinist-amstedam.jpg","width":960,"height":1173},{"@type":"BreadcrumbList","@id":"https:\/\/www.visituffizi.org\/es\/planea-tu-visita\/exposiciones-temporales\/exposiciones-pasadas\/#breadcrumb","itemListElement":[{"@type":"ListItem","position":1,"name":"Home","item":"https:\/\/www.visituffizi.org\/es\/"},{"@type":"ListItem","position":2,"name":"Planea tu visita","item":"https:\/\/www.visituffizi.org\/es\/planea-tu-visita\/"},{"@type":"ListItem","position":3,"name":"Exposiciones temporales","item":"https:\/\/www.visituffizi.org\/es\/planea-tu-visita\/exposiciones-temporales\/"},{"@type":"ListItem","position":4,"name":"Exposiciones pasadas"}]},{"@type":"WebSite","@id":"https:\/\/www.visituffizi.org\/it\/#website","url":"https:\/\/www.visituffizi.org\/it\/","name":"Visit Uffizi","description":"Guide to Uffizi Museum in Florence","potentialAction":[{"@type":"SearchAction","target":{"@type":"EntryPoint","urlTemplate":"https:\/\/www.visituffizi.org\/it\/?s={search_term_string}"},"query-input":{"@type":"PropertyValueSpecification","valueRequired":true,"valueName":"search_term_string"}}],"inLanguage":"es"}]}},"_links":{"self":[{"href":"https:\/\/www.visituffizi.org\/es\/wp-json\/wp\/v2\/pages\/2196","targetHints":{"allow":["GET"]}}],"collection":[{"href":"https:\/\/www.visituffizi.org\/es\/wp-json\/wp\/v2\/pages"}],"about":[{"href":"https:\/\/www.visituffizi.org\/es\/wp-json\/wp\/v2\/types\/page"}],"author":[{"embeddable":true,"href":"https:\/\/www.visituffizi.org\/es\/wp-json\/wp\/v2\/users\/3"}],"replies":[{"embeddable":true,"href":"https:\/\/www.visituffizi.org\/es\/wp-json\/wp\/v2\/comments?post=2196"}],"version-history":[{"count":0,"href":"https:\/\/www.visituffizi.org\/es\/wp-json\/wp\/v2\/pages\/2196\/revisions"}],"up":[{"embeddable":true,"href":"https:\/\/www.visituffizi.org\/es\/wp-json\/wp\/v2\/pages\/2197"}],"wp:featuredmedia":[{"embeddable":true,"href":"https:\/\/www.visituffizi.org\/es\/wp-json\/wp\/v2\/media\/1658"}],"wp:attachment":[{"href":"https:\/\/www.visituffizi.org\/es\/wp-json\/wp\/v2\/media?parent=2196"}],"curies":[{"name":"wp","href":"https:\/\/api.w.org\/{rel}","templated":true}]}}