{"id":2197,"date":"2015-09-23T14:57:15","date_gmt":"2015-09-23T14:57:15","guid":{"rendered":"https:\/\/www.visituffizi.org\/?page_id=2197"},"modified":"2015-09-28T10:25:46","modified_gmt":"2015-09-28T10:25:46","slug":"exposiciones-temporales","status":"publish","type":"page","link":"https:\/\/www.visituffizi.org\/es\/planea-tu-visita\/exposiciones-temporales\/","title":{"rendered":"Exposiciones temporales"},"content":{"rendered":"ngg_shortcode_0_placeholder\n<h2>Exposiciones 2015<\/h2>\n<div id=\"attachment_1907\" style=\"width: 568px\" class=\"wp-caption aligncenter\"><img decoding=\"async\" aria-describedby=\"caption-attachment-1907\" class=\"wp-image-1907 size-large\" src=\"https:\/\/www.visituffizi.org\/wp-content\/uploads\/2013\/05\/cosimo-cini-madonna-587x400.jpg\" alt=\"cosimo-cini-madonna\" width=\"558\" height=\"380\" srcset=\"https:\/\/www.visituffizi.org\/wp-content\/uploads\/2013\/05\/cosimo-cini-madonna-587x400.jpg 587w, https:\/\/www.visituffizi.org\/wp-content\/uploads\/2013\/05\/cosimo-cini-madonna-300x204.jpg 300w, https:\/\/www.visituffizi.org\/wp-content\/uploads\/2013\/05\/cosimo-cini-madonna-100x68.jpg 100w, https:\/\/www.visituffizi.org\/wp-content\/uploads\/2013\/05\/cosimo-cini-madonna-219x149.jpg 219w, https:\/\/www.visituffizi.org\/wp-content\/uploads\/2013\/05\/cosimo-cini-madonna.jpg 960w\" sizes=\"(max-width: 558px) 100vw, 558px\" \/><p id=\"caption-attachment-1907\" class=\"wp-caption-text\">Piero di Cosimo, Madonna with Child and Angels, Cini Foundation, Venice, 1505-1507 circa<\/p><\/div>\n<h3>Piero de Cosimo 1462-1522 &#8211; Pintor exc\u00e9ntrico entre el Renacimiento y el Manierismo<\/h3>\n<p>Del 27 de junio al 23 de septiembre del 2015<\/p>\n<p>Esta exposici\u00f3n ha sido organizada por la Galer\u00eda de los Uffizi y la Galer\u00eda Nacional de Arte en Washington, DC, donde la exposici\u00f3n (con algunas variaciones), fue realizada del 1 de febrero al 3 de marzo del 2015.<\/p>\n<p>No muchos conocen a <strong>Piero de Cosimo<\/strong> por su nombre, un original, \u00fanico y extraordinario narrador del Renacimiento Florentino. M\u00e1s all\u00e1 de dejar su huella en los libros de\u00a0arte, nunca logr\u00f3\u00a0alcanzar la fama de sus contempor\u00e1neos Filippino Lippi y Fra\u2019 Bartolomeo.<\/p>\n<div id=\"attachment_1906\" style=\"width: 568px\" class=\"wp-caption aligncenter\"><img decoding=\"async\" aria-describedby=\"caption-attachment-1906\" class=\"wp-image-1906 size-large\" src=\"https:\/\/www.visituffizi.org\/wp-content\/uploads\/2013\/05\/cosimo-alana-newark-600x400.jpg\" alt=\"cosimo-alana-newark\" width=\"558\" height=\"372\" srcset=\"https:\/\/www.visituffizi.org\/wp-content\/uploads\/2013\/05\/cosimo-alana-newark-600x400.jpg 600w, https:\/\/www.visituffizi.org\/wp-content\/uploads\/2013\/05\/cosimo-alana-newark-180x120.jpg 180w, https:\/\/www.visituffizi.org\/wp-content\/uploads\/2013\/05\/cosimo-alana-newark-300x200.jpg 300w, https:\/\/www.visituffizi.org\/wp-content\/uploads\/2013\/05\/cosimo-alana-newark-100x67.jpg 100w, https:\/\/www.visituffizi.org\/wp-content\/uploads\/2013\/05\/cosimo-alana-newark-224x149.jpg 224w, https:\/\/www.visituffizi.org\/wp-content\/uploads\/2013\/05\/cosimo-alana-newark.jpg 960w\" sizes=\"(max-width: 558px) 100vw, 558px\" \/><p id=\"caption-attachment-1906\" class=\"wp-caption-text\">Piero di Cosimo, Enthroned Madonna with Child and St. Onofrio and Agostino, 1480 circa, Newark (DE), The Alana Collection<\/p><\/div>\n<div id=\"attachment_1910\" style=\"width: 568px\" class=\"wp-caption aligncenter\"><img decoding=\"async\" aria-describedby=\"caption-attachment-1910\" class=\"wp-image-1910 size-large\" src=\"https:\/\/www.visituffizi.org\/wp-content\/uploads\/2013\/05\/cosimo-madonna-firenze-600x400.jpg\" alt=\"cosimo-madonna-firenze\" width=\"558\" height=\"372\" srcset=\"https:\/\/www.visituffizi.org\/wp-content\/uploads\/2013\/05\/cosimo-madonna-firenze-600x400.jpg 600w, https:\/\/www.visituffizi.org\/wp-content\/uploads\/2013\/05\/cosimo-madonna-firenze-180x120.jpg 180w, https:\/\/www.visituffizi.org\/wp-content\/uploads\/2013\/05\/cosimo-madonna-firenze-300x200.jpg 300w, https:\/\/www.visituffizi.org\/wp-content\/uploads\/2013\/05\/cosimo-madonna-firenze-100x67.jpg 100w, https:\/\/www.visituffizi.org\/wp-content\/uploads\/2013\/05\/cosimo-madonna-firenze-224x149.jpg 224w, https:\/\/www.visituffizi.org\/wp-content\/uploads\/2013\/05\/cosimo-madonna-firenze.jpg 960w\" sizes=\"(max-width: 558px) 100vw, 558px\" \/><p id=\"caption-attachment-1910\" class=\"wp-caption-text\">Filippino Lippi, Madonna with Child and St. John the Baptist as a child, with 5 Angels (known as Tondo Corsini, Florence, Collection Ente Cassa di Risparmio di Firenze, 1481-1482 circa<\/p><\/div>\n<p>Por primera vez en la historia, al mismo tiempo que\u00a0la <strong>Galer\u00eda Nacional de Washington<\/strong> mostraba inter\u00e9s por el artista el Uffizi tambi\u00e9n lo hac\u00eda, y as\u00ed fue que naci\u00f3 la idea de organizar en conjunto una exposici\u00f3n totalmente dedicada al artista y a su vida, para mostrar su dominio de la observaci\u00f3n de nuestro mundo natural y como podr\u00eda transformarlo en un mundo encantado, ya fueran pinturas de car\u00e1cter sagrado o de naturaleza simbolica.<\/p>\n<p>La exposici\u00f3n en Florencia no es exactamente la misma que fue presentada en Washington a principios de este a\u00f1o, ya que la actual exposici\u00f3n incluye varios dibujos de Piero de Cosimo que no pudieron viajar a Washington debido a la delicada naturaleza de los dise\u00f1os.<\/p>\n<div id=\"attachment_1908\" style=\"width: 568px\" class=\"wp-caption aligncenter\"><img decoding=\"async\" aria-describedby=\"caption-attachment-1908\" class=\"wp-image-1908 size-large\" src=\"https:\/\/www.visituffizi.org\/wp-content\/uploads\/2013\/05\/cosimo-innocenti-madonna-600x400.jpg\" alt=\"cosimo-innocenti-madonna\" width=\"558\" height=\"372\" srcset=\"https:\/\/www.visituffizi.org\/wp-content\/uploads\/2013\/05\/cosimo-innocenti-madonna-600x400.jpg 600w, https:\/\/www.visituffizi.org\/wp-content\/uploads\/2013\/05\/cosimo-innocenti-madonna-180x120.jpg 180w, https:\/\/www.visituffizi.org\/wp-content\/uploads\/2013\/05\/cosimo-innocenti-madonna-300x200.jpg 300w, https:\/\/www.visituffizi.org\/wp-content\/uploads\/2013\/05\/cosimo-innocenti-madonna-100x67.jpg 100w, https:\/\/www.visituffizi.org\/wp-content\/uploads\/2013\/05\/cosimo-innocenti-madonna-224x149.jpg 224w, https:\/\/www.visituffizi.org\/wp-content\/uploads\/2013\/05\/cosimo-innocenti-madonna.jpg 960w\" sizes=\"(max-width: 558px) 100vw, 558px\" \/><p id=\"caption-attachment-1908\" class=\"wp-caption-text\">Piero di Cosimo, Particular of \u00abEnthroned Madonna with Child with Saints Peter, John Evangelist, Elizabeth of Hungary and Catherine of Alexandria with angels\u00bb, Florence, Museum of the Innocenti<\/p><\/div>\n<p>En las m\u00e1s de 100 obras de arte tambi\u00e9n se encuentran obras de Filippino Lippi, Fra\u2019 Bartolomeo y Lorenzo di Credi, para mostrar las obras de varios maestros que trabajaron en el mismo per\u00edodo. Incluye obras que ahora se extienden por todo el mundo, con 13 obras de colecciones procedentes de Washington, Nueva York, los \u00c1ngeles, \u00c1msterdam, Escocia y otros pa\u00edses.<\/p>\n<div id=\"attachment_1909\" style=\"width: 568px\" class=\"wp-caption aligncenter\"><img decoding=\"async\" aria-describedby=\"caption-attachment-1909\" class=\"wp-image-1909 size-large\" src=\"https:\/\/www.visituffizi.org\/wp-content\/uploads\/2013\/05\/cosimo-london-satyr-nymph-594x400.jpg\" alt=\"cosimo-london-satyr-nymph\" width=\"558\" height=\"376\" srcset=\"https:\/\/www.visituffizi.org\/wp-content\/uploads\/2013\/05\/cosimo-london-satyr-nymph-594x400.jpg 594w, https:\/\/www.visituffizi.org\/wp-content\/uploads\/2013\/05\/cosimo-london-satyr-nymph-180x120.jpg 180w, https:\/\/www.visituffizi.org\/wp-content\/uploads\/2013\/05\/cosimo-london-satyr-nymph-300x202.jpg 300w, https:\/\/www.visituffizi.org\/wp-content\/uploads\/2013\/05\/cosimo-london-satyr-nymph-100x67.jpg 100w, https:\/\/www.visituffizi.org\/wp-content\/uploads\/2013\/05\/cosimo-london-satyr-nymph-221x149.jpg 221w, https:\/\/www.visituffizi.org\/wp-content\/uploads\/2013\/05\/cosimo-london-satyr-nymph.jpg 960w\" sizes=\"(max-width: 558px) 100vw, 558px\" \/><p id=\"caption-attachment-1909\" class=\"wp-caption-text\">Piero di Cosimo, Satiro que llora la muerte della ninfea, 1495-1500 circa, London, National Gallery<\/p><\/div>\n<div id=\"attachment_1912\" style=\"width: 568px\" class=\"wp-caption aligncenter\"><img decoding=\"async\" aria-describedby=\"caption-attachment-1912\" class=\"wp-image-1912 size-large\" src=\"https:\/\/www.visituffizi.org\/wp-content\/uploads\/2013\/05\/cosimo-satyr-592x400.jpg\" alt=\"cosimo-satyr\" width=\"558\" height=\"377\" srcset=\"https:\/\/www.visituffizi.org\/wp-content\/uploads\/2013\/05\/cosimo-satyr-592x400.jpg 592w, https:\/\/www.visituffizi.org\/wp-content\/uploads\/2013\/05\/cosimo-satyr-300x203.jpg 300w, https:\/\/www.visituffizi.org\/wp-content\/uploads\/2013\/05\/cosimo-satyr-100x68.jpg 100w, https:\/\/www.visituffizi.org\/wp-content\/uploads\/2013\/05\/cosimo-satyr-220x149.jpg 220w, https:\/\/www.visituffizi.org\/wp-content\/uploads\/2013\/05\/cosimo-satyr.jpg 960w\" sizes=\"(max-width: 558px) 100vw, 558px\" \/><p id=\"caption-attachment-1912\" class=\"wp-caption-text\">El Satiro<\/p><\/div>\n<p>Piero de Cosimo nos introduce al elegante gusto y estilo de sus clientes, de la familia Vespucci a los Strozzi y el del Pugliese que le solicit\u00f3 trabajos con temas mitol\u00f3gicos para sus hogares.<\/p>\n<div id=\"attachment_1913\" style=\"width: 516px\" class=\"wp-caption aligncenter\"><img decoding=\"async\" aria-describedby=\"caption-attachment-1913\" class=\"wp-image-1913 size-large\" src=\"https:\/\/www.visituffizi.org\/wp-content\/uploads\/2013\/05\/cosimo-strasbourg-madonna-506x400.jpg\" alt=\"cosimo-strasbourg-madonna\" width=\"506\" height=\"400\" srcset=\"https:\/\/www.visituffizi.org\/wp-content\/uploads\/2013\/05\/cosimo-strasbourg-madonna-506x400.jpg 506w, https:\/\/www.visituffizi.org\/wp-content\/uploads\/2013\/05\/cosimo-strasbourg-madonna-300x237.jpg 300w, https:\/\/www.visituffizi.org\/wp-content\/uploads\/2013\/05\/cosimo-strasbourg-madonna-100x79.jpg 100w, https:\/\/www.visituffizi.org\/wp-content\/uploads\/2013\/05\/cosimo-strasbourg-madonna-188x149.jpg 188w, https:\/\/www.visituffizi.org\/wp-content\/uploads\/2013\/05\/cosimo-strasbourg-madonna.jpg 960w\" sizes=\"(max-width: 506px) 100vw, 506px\" \/><p id=\"caption-attachment-1913\" class=\"wp-caption-text\">Piero di Cosimo, Madona with Child and Saints Maria Magdalene and St. John the Baptist (in adolescent age), circa 1485-1490, Strasbourg, Mus\u00e9e des Beaux-Arts<\/p><\/div>\n<p>Pintor solitario, de acuerdo a lo contado por su bi\u00f3grafo Giorgio Vasari,\u00a0poco convencional de apecto f\u00edsico\u00a0descuidado\u00a0lo que lo hac\u00eda parecer\u00a0bastante exc\u00e9ntrico. Piero mostro afinidad con Leonardo da Vinci en su inter\u00e9s y estudio de la naturaleza y en la intensidad representada en los rostros, como se ve en las caras sonrientes de la Virgen con el Ni\u00f1o de la Fundaci\u00f3n Cini de Venecia.<\/p>\n<p>\u00a1Disfruta tu visita!<\/p>\n<div id=\"attachment_1911\" style=\"width: 610px\" class=\"wp-caption aligncenter\"><img decoding=\"async\" aria-describedby=\"caption-attachment-1911\" class=\"wp-image-1911\" src=\"https:\/\/www.visituffizi.org\/wp-content\/uploads\/2013\/05\/cosimo-mystical-wedding.jpg\" alt=\"cosimo-mystical-wedding\" width=\"600\" height=\"805\" srcset=\"https:\/\/www.visituffizi.org\/wp-content\/uploads\/2013\/05\/cosimo-mystical-wedding.jpg 960w, https:\/\/www.visituffizi.org\/wp-content\/uploads\/2013\/05\/cosimo-mystical-wedding-224x300.jpg 224w, https:\/\/www.visituffizi.org\/wp-content\/uploads\/2013\/05\/cosimo-mystical-wedding-298x400.jpg 298w, https:\/\/www.visituffizi.org\/wp-content\/uploads\/2013\/05\/cosimo-mystical-wedding-75x100.jpg 75w, https:\/\/www.visituffizi.org\/wp-content\/uploads\/2013\/05\/cosimo-mystical-wedding-111x149.jpg 111w\" sizes=\"(max-width: 600px) 100vw, 600px\" \/><p id=\"caption-attachment-1911\" class=\"wp-caption-text\">Piero di Cosimo, Two Angels with Crown, Edinburg, Nationaly Gallery of Scotland and Mystical Wedding of St. Catherine of Alexandria with St. John the Baptist, Saint Mary Magdalene, and St. Sebastian, 1510-1515 circa, Private Collection in Florence.<\/p><\/div>\n","protected":false},"excerpt":{"rendered":"<p>Exposiciones 2015 Piero de Cosimo 1462-1522 &#8211; Pintor exc\u00e9ntrico entre el Renacimiento y el Manierismo Del 27 de junio al 23 de septiembre del 2015 Esta exposici\u00f3n ha sido organizada por la Galer\u00eda de los Uffizi y la Galer\u00eda Nacional de Arte en Washington, DC, donde la exposici\u00f3n (con algunas variaciones), fue realizada del 1 [&hellip;]<\/p>\n","protected":false},"author":6,"featured_media":1907,"parent":1680,"menu_order":10,"comment_status":"open","ping_status":"closed","template":"","meta":{"ngg_post_thumbnail":0,"footnotes":""},"class_list":["post-2197","page","type-page","status-publish","has-post-thumbnail","hentry"],"yoast_head":"<!-- This site is optimized with the Yoast SEO plugin v27.4 - https:\/\/yoast.com\/product\/yoast-seo-wordpress\/ -->\n<title>Exposiciones Temporales en la Galer\u00eda Uffizi: en curso y previstas<\/title>\n<meta name=\"description\" content=\"Exposiciones temporales en curso en la Galer\u00eda Uffizi, con informaci\u00f3n de exposiciones previstas para los pr\u00f3ximos meses.\" \/>\n<meta name=\"robots\" content=\"index, follow, max-snippet:-1, max-image-preview:large, max-video-preview:-1\" \/>\n<link rel=\"canonical\" href=\"https:\/\/www.visituffizi.org\/es\/planea-tu-visita\/exposiciones-temporales\/\" \/>\n<meta property=\"og:locale\" content=\"es_ES\" \/>\n<meta property=\"og:type\" content=\"article\" \/>\n<meta property=\"og:title\" content=\"Exposiciones Temporales en la Galer\u00eda Uffizi: en curso y previstas\" \/>\n<meta property=\"og:description\" content=\"Exposiciones temporales en curso en la Galer\u00eda Uffizi, con informaci\u00f3n de exposiciones previstas para los pr\u00f3ximos meses.\" \/>\n<meta property=\"og:url\" content=\"https:\/\/www.visituffizi.org\/es\/planea-tu-visita\/exposiciones-temporales\/\" \/>\n<meta property=\"og:site_name\" content=\"Visit Uffizi\" \/>\n<meta property=\"article:modified_time\" content=\"2015-09-28T10:25:46+00:00\" \/>\n<meta property=\"og:image\" content=\"https:\/\/www.visituffizi.org\/wp-content\/uploads\/2013\/05\/cosimo-cini-madonna.jpg\" \/>\n\t<meta property=\"og:image:width\" content=\"960\" \/>\n\t<meta property=\"og:image:height\" content=\"654\" \/>\n\t<meta property=\"og:image:type\" content=\"image\/jpeg\" \/>\n<meta name=\"twitter:label1\" content=\"Tiempo de lectura\" \/>\n\t<meta name=\"twitter:data1\" content=\"3 minutos\" \/>\n<script type=\"application\/ld+json\" class=\"yoast-schema-graph\">{\"@context\":\"https:\\\/\\\/schema.org\",\"@graph\":[{\"@type\":\"WebPage\",\"@id\":\"https:\\\/\\\/www.visituffizi.org\\\/es\\\/planea-tu-visita\\\/exposiciones-temporales\\\/\",\"url\":\"https:\\\/\\\/www.visituffizi.org\\\/es\\\/planea-tu-visita\\\/exposiciones-temporales\\\/\",\"name\":\"Exposiciones Temporales en la Galer\u00eda Uffizi: en curso y previstas\",\"isPartOf\":{\"@id\":\"https:\\\/\\\/www.visituffizi.org\\\/it\\\/#website\"},\"primaryImageOfPage\":{\"@id\":\"https:\\\/\\\/www.visituffizi.org\\\/es\\\/planea-tu-visita\\\/exposiciones-temporales\\\/#primaryimage\"},\"image\":{\"@id\":\"https:\\\/\\\/www.visituffizi.org\\\/es\\\/planea-tu-visita\\\/exposiciones-temporales\\\/#primaryimage\"},\"thumbnailUrl\":\"https:\\\/\\\/www.visituffizi.org\\\/wp-content\\\/uploads\\\/2013\\\/05\\\/cosimo-cini-madonna.jpg\",\"datePublished\":\"2015-09-23T14:57:15+00:00\",\"dateModified\":\"2015-09-28T10:25:46+00:00\",\"description\":\"Exposiciones temporales en curso en la Galer\u00eda Uffizi, con informaci\u00f3n de exposiciones previstas para los pr\u00f3ximos meses.\",\"breadcrumb\":{\"@id\":\"https:\\\/\\\/www.visituffizi.org\\\/es\\\/planea-tu-visita\\\/exposiciones-temporales\\\/#breadcrumb\"},\"inLanguage\":\"es\",\"potentialAction\":[{\"@type\":\"ReadAction\",\"target\":[\"https:\\\/\\\/www.visituffizi.org\\\/es\\\/planea-tu-visita\\\/exposiciones-temporales\\\/\"]}]},{\"@type\":\"ImageObject\",\"inLanguage\":\"es\",\"@id\":\"https:\\\/\\\/www.visituffizi.org\\\/es\\\/planea-tu-visita\\\/exposiciones-temporales\\\/#primaryimage\",\"url\":\"https:\\\/\\\/www.visituffizi.org\\\/wp-content\\\/uploads\\\/2013\\\/05\\\/cosimo-cini-madonna.jpg\",\"contentUrl\":\"https:\\\/\\\/www.visituffizi.org\\\/wp-content\\\/uploads\\\/2013\\\/05\\\/cosimo-cini-madonna.jpg\",\"width\":960,\"height\":654},{\"@type\":\"BreadcrumbList\",\"@id\":\"https:\\\/\\\/www.visituffizi.org\\\/es\\\/planea-tu-visita\\\/exposiciones-temporales\\\/#breadcrumb\",\"itemListElement\":[{\"@type\":\"ListItem\",\"position\":1,\"name\":\"Home\",\"item\":\"https:\\\/\\\/www.visituffizi.org\\\/es\\\/\"},{\"@type\":\"ListItem\",\"position\":2,\"name\":\"Planea tu visita\",\"item\":\"https:\\\/\\\/www.visituffizi.org\\\/es\\\/planea-tu-visita\\\/\"},{\"@type\":\"ListItem\",\"position\":3,\"name\":\"Exposiciones temporales\"}]},{\"@type\":\"WebSite\",\"@id\":\"https:\\\/\\\/www.visituffizi.org\\\/it\\\/#website\",\"url\":\"https:\\\/\\\/www.visituffizi.org\\\/it\\\/\",\"name\":\"Visit Uffizi\",\"description\":\"Guide to Uffizi Museum in Florence\",\"potentialAction\":[{\"@type\":\"SearchAction\",\"target\":{\"@type\":\"EntryPoint\",\"urlTemplate\":\"https:\\\/\\\/www.visituffizi.org\\\/it\\\/?s={search_term_string}\"},\"query-input\":{\"@type\":\"PropertyValueSpecification\",\"valueRequired\":true,\"valueName\":\"search_term_string\"}}],\"inLanguage\":\"es\"}]}<\/script>\n<!-- \/ Yoast SEO plugin. -->","yoast_head_json":{"title":"Exposiciones Temporales en la Galer\u00eda Uffizi: en curso y previstas","description":"Exposiciones temporales en curso en la Galer\u00eda Uffizi, con informaci\u00f3n de exposiciones previstas para los pr\u00f3ximos meses.","robots":{"index":"index","follow":"follow","max-snippet":"max-snippet:-1","max-image-preview":"max-image-preview:large","max-video-preview":"max-video-preview:-1"},"canonical":"https:\/\/www.visituffizi.org\/es\/planea-tu-visita\/exposiciones-temporales\/","og_locale":"es_ES","og_type":"article","og_title":"Exposiciones Temporales en la Galer\u00eda Uffizi: en curso y previstas","og_description":"Exposiciones temporales en curso en la Galer\u00eda Uffizi, con informaci\u00f3n de exposiciones previstas para los pr\u00f3ximos meses.","og_url":"https:\/\/www.visituffizi.org\/es\/planea-tu-visita\/exposiciones-temporales\/","og_site_name":"Visit Uffizi","article_modified_time":"2015-09-28T10:25:46+00:00","og_image":[{"width":960,"height":654,"url":"https:\/\/www.visituffizi.org\/wp-content\/uploads\/2013\/05\/cosimo-cini-madonna.jpg","type":"image\/jpeg"}],"twitter_misc":{"Tiempo de lectura":"3 minutos"},"schema":{"@context":"https:\/\/schema.org","@graph":[{"@type":"WebPage","@id":"https:\/\/www.visituffizi.org\/es\/planea-tu-visita\/exposiciones-temporales\/","url":"https:\/\/www.visituffizi.org\/es\/planea-tu-visita\/exposiciones-temporales\/","name":"Exposiciones Temporales en la Galer\u00eda Uffizi: en curso y previstas","isPartOf":{"@id":"https:\/\/www.visituffizi.org\/it\/#website"},"primaryImageOfPage":{"@id":"https:\/\/www.visituffizi.org\/es\/planea-tu-visita\/exposiciones-temporales\/#primaryimage"},"image":{"@id":"https:\/\/www.visituffizi.org\/es\/planea-tu-visita\/exposiciones-temporales\/#primaryimage"},"thumbnailUrl":"https:\/\/www.visituffizi.org\/wp-content\/uploads\/2013\/05\/cosimo-cini-madonna.jpg","datePublished":"2015-09-23T14:57:15+00:00","dateModified":"2015-09-28T10:25:46+00:00","description":"Exposiciones temporales en curso en la Galer\u00eda Uffizi, con informaci\u00f3n de exposiciones previstas para los pr\u00f3ximos meses.","breadcrumb":{"@id":"https:\/\/www.visituffizi.org\/es\/planea-tu-visita\/exposiciones-temporales\/#breadcrumb"},"inLanguage":"es","potentialAction":[{"@type":"ReadAction","target":["https:\/\/www.visituffizi.org\/es\/planea-tu-visita\/exposiciones-temporales\/"]}]},{"@type":"ImageObject","inLanguage":"es","@id":"https:\/\/www.visituffizi.org\/es\/planea-tu-visita\/exposiciones-temporales\/#primaryimage","url":"https:\/\/www.visituffizi.org\/wp-content\/uploads\/2013\/05\/cosimo-cini-madonna.jpg","contentUrl":"https:\/\/www.visituffizi.org\/wp-content\/uploads\/2013\/05\/cosimo-cini-madonna.jpg","width":960,"height":654},{"@type":"BreadcrumbList","@id":"https:\/\/www.visituffizi.org\/es\/planea-tu-visita\/exposiciones-temporales\/#breadcrumb","itemListElement":[{"@type":"ListItem","position":1,"name":"Home","item":"https:\/\/www.visituffizi.org\/es\/"},{"@type":"ListItem","position":2,"name":"Planea tu visita","item":"https:\/\/www.visituffizi.org\/es\/planea-tu-visita\/"},{"@type":"ListItem","position":3,"name":"Exposiciones temporales"}]},{"@type":"WebSite","@id":"https:\/\/www.visituffizi.org\/it\/#website","url":"https:\/\/www.visituffizi.org\/it\/","name":"Visit Uffizi","description":"Guide to Uffizi Museum in Florence","potentialAction":[{"@type":"SearchAction","target":{"@type":"EntryPoint","urlTemplate":"https:\/\/www.visituffizi.org\/it\/?s={search_term_string}"},"query-input":{"@type":"PropertyValueSpecification","valueRequired":true,"valueName":"search_term_string"}}],"inLanguage":"es"}]}},"_links":{"self":[{"href":"https:\/\/www.visituffizi.org\/es\/wp-json\/wp\/v2\/pages\/2197","targetHints":{"allow":["GET"]}}],"collection":[{"href":"https:\/\/www.visituffizi.org\/es\/wp-json\/wp\/v2\/pages"}],"about":[{"href":"https:\/\/www.visituffizi.org\/es\/wp-json\/wp\/v2\/types\/page"}],"author":[{"embeddable":true,"href":"https:\/\/www.visituffizi.org\/es\/wp-json\/wp\/v2\/users\/6"}],"replies":[{"embeddable":true,"href":"https:\/\/www.visituffizi.org\/es\/wp-json\/wp\/v2\/comments?post=2197"}],"version-history":[{"count":0,"href":"https:\/\/www.visituffizi.org\/es\/wp-json\/wp\/v2\/pages\/2197\/revisions"}],"up":[{"embeddable":true,"href":"https:\/\/www.visituffizi.org\/es\/wp-json\/wp\/v2\/pages\/1680"}],"wp:featuredmedia":[{"embeddable":true,"href":"https:\/\/www.visituffizi.org\/es\/wp-json\/wp\/v2\/media\/1907"}],"wp:attachment":[{"href":"https:\/\/www.visituffizi.org\/es\/wp-json\/wp\/v2\/media?parent=2197"}],"curies":[{"name":"wp","href":"https:\/\/api.w.org\/{rel}","templated":true}]}}