{"id":2205,"date":"2015-09-29T18:46:36","date_gmt":"2015-09-29T18:46:36","guid":{"rendered":"https:\/\/www.visituffizi.org\/?page_id=2205"},"modified":"2023-11-25T16:37:21","modified_gmt":"2023-11-25T16:37:21","slug":"museo-del-bargello","status":"publish","type":"page","link":"https:\/\/www.visituffizi.org\/es\/otros-museos-en-florencia\/museo-del-bargello\/","title":{"rendered":"Museo del Bargello"},"content":{"rendered":"ngg_shortcode_0_placeholder\n<h1>Visita el Museo del Bargello<\/h1>\n<p>El <strong>Museo Nacional del Bargello<\/strong> es sin duda uno de los museos m\u00e1s importantes y conocidos de Florencia.&nbsp;En el museo se exhiben una <strong>gran cantidad de esculturas<\/strong>, incluido el famoso <em>David<\/em> en bronce de Donatello.<\/p>\n<p>Para los amantes de arte, <strong>el<\/strong> <strong>Bargello<\/strong> <strong>es sin\u00f3nimo de esculturas<\/strong> as\u00ed como los Uffizi lo es para las pinturas.<\/p>\n<p style=\"text-align: center;\"><a class=\"btn btn-large btn-primary\" href=\"http:\/\/www.florence-tickets.com\/es\/billetes-museo-del-bargello-florencia.html?site=uffi\" target=\"_blank\" rel=\"noopener\">Compra tus boletos para el Bargello&nbsp;\u00bb<\/a><\/p>\n<p><img decoding=\"async\" class=\"aligncenter size-large wp-image-2054\" src=\"https:\/\/www.visituffizi.org\/wp-content\/uploads\/2013\/03\/bargello-12-536x400.jpg\" alt=\"The Bargello Museum\" width=\"536\" height=\"400\" srcset=\"https:\/\/www.visituffizi.org\/wp-content\/uploads\/2013\/03\/bargello-12-536x400.jpg 536w, https:\/\/www.visituffizi.org\/wp-content\/uploads\/2013\/03\/bargello-12-300x224.jpg 300w, https:\/\/www.visituffizi.org\/wp-content\/uploads\/2013\/03\/bargello-12-100x75.jpg 100w, https:\/\/www.visituffizi.org\/wp-content\/uploads\/2013\/03\/bargello-12-199x149.jpg 199w\" sizes=\"(max-width: 536px) 100vw, 536px\" \/><\/p>\n<p>En el Bargello, puedes tambi\u00e9n admirar las estatuas de m\u00e1rmol de David y San Jorge ambas de <strong>Donatello<\/strong>, as\u00ed como obras de <strong>Luca della Robbia, Verrocchio y Benvenuto Cellin.<\/strong><\/p>\n<p><img decoding=\"async\" class=\"aligncenter size-large wp-image-2055\" src=\"https:\/\/www.visituffizi.org\/wp-content\/uploads\/2013\/03\/IMG_2063-600x400.jpg\" alt=\"IMG_2063\" width=\"558\" height=\"372\" srcset=\"https:\/\/www.visituffizi.org\/wp-content\/uploads\/2013\/03\/IMG_2063-600x400.jpg 600w, https:\/\/www.visituffizi.org\/wp-content\/uploads\/2013\/03\/IMG_2063-180x120.jpg 180w, https:\/\/www.visituffizi.org\/wp-content\/uploads\/2013\/03\/IMG_2063-300x200.jpg 300w, https:\/\/www.visituffizi.org\/wp-content\/uploads\/2013\/03\/IMG_2063-100x67.jpg 100w, https:\/\/www.visituffizi.org\/wp-content\/uploads\/2013\/03\/IMG_2063-224x149.jpg 224w\" sizes=\"(max-width: 558px) 100vw, 558px\" \/><\/p>\n<p>En la sala dedicada a <strong>Miguel \u00c1ngel<\/strong> una escultura que capta el inter\u00e9s de todos es el Baco (en el centro),&nbsp;una de las&nbsp;primeras esculturas raras y profanas de Miguel \u00c1ngel, as\u00ed como tambi\u00e9n el<em> Tondo Pitti<\/em> y el <em>Retrato de Bruto.<\/em><\/p>\n<p style=\"text-align: center;\"><a class=\"btn btn-large btn-primary\" href=\"http:\/\/www.florence-tickets.com\/es\/billetes-museo-del-bargello-florencia.html?site=uffi\" target=\"_blank\" rel=\"noopener\">Compra tus&nbsp;boletos para el&nbsp;Bargello \u00bb<\/a><\/p>\n<p>\u00a1<strong>Salta la fila en la taquilla del Bargello<\/strong> comprando tus boletos para el museo con anticipaci\u00f3n y disfruta m\u00e1s tiempo en el Bargello!<\/p>\n<p>Y si quieres una visita m\u00e1s detallada, te aconsejamos uno de <a href=\"https:\/\/www.viator.com\/es-ES\/searchResults\/all?text=florence%20bargello&#038;localeSwitch=1&#038;pid=P00101917&#038;mcid=42383&#038;medium=link&#038;medium_version=selector&#038;campaign=vu-es\" target=\"_blank\" rel=\"noopener\"><strong>estos tours del Bargello<\/strong><\/a>.<\/p>\n<p><img decoding=\"async\" class=\"aligncenter size-large wp-image-2056\" src=\"https:\/\/www.visituffizi.org\/wp-content\/uploads\/2013\/03\/IMG_2166-600x400.jpg\" alt=\"IMG_2166\" width=\"558\" height=\"372\" srcset=\"https:\/\/www.visituffizi.org\/wp-content\/uploads\/2013\/03\/IMG_2166-600x400.jpg 600w, https:\/\/www.visituffizi.org\/wp-content\/uploads\/2013\/03\/IMG_2166-180x120.jpg 180w, https:\/\/www.visituffizi.org\/wp-content\/uploads\/2013\/03\/IMG_2166-300x200.jpg 300w, https:\/\/www.visituffizi.org\/wp-content\/uploads\/2013\/03\/IMG_2166-100x67.jpg 100w, https:\/\/www.visituffizi.org\/wp-content\/uploads\/2013\/03\/IMG_2166-224x149.jpg 224w\" sizes=\"(max-width: 558px) 100vw, 558px\" \/><\/p>\n","protected":false},"excerpt":{"rendered":"<p>Si amas las esculturas \u00a1Tienes que visitar el museo del Bargello! uno de los m\u00e1s importantes de Florencia ven y contempla de las esculturas de Donatello, Miguel \u00c1ngel, Luca della Robbia, Verrocchio, Benvenuto Cellin entre otros.<\/p>\n","protected":false},"author":6,"featured_media":1044,"parent":1750,"menu_order":2,"comment_status":"open","ping_status":"closed","template":"","meta":{"ngg_post_thumbnail":0,"footnotes":""},"class_list":["post-2205","page","type-page","status-publish","has-post-thumbnail","hentry"],"yoast_head":"<!-- This site is optimized with the Yoast SEO plugin v27.3 - https:\/\/yoast.com\/product\/yoast-seo-wordpress\/ -->\n<title>Compra tus boletos para el Museo del Bargello en Florencia: visita el museo<\/title>\n<meta name=\"description\" content=\"El Museo del Bargello es para los amantes de la escultura, encontrar\u00e1s trabajos de Miguel \u00c1ngel, Luca della Robbia, Verrocchio, Benvenuto Cellin entre otros\" \/>\n<meta name=\"robots\" content=\"index, follow, max-snippet:-1, max-image-preview:large, max-video-preview:-1\" \/>\n<link rel=\"canonical\" href=\"https:\/\/www.visituffizi.org\/es\/otros-museos-en-florencia\/museo-del-bargello\/\" \/>\n<meta property=\"og:locale\" content=\"es_ES\" \/>\n<meta property=\"og:type\" content=\"article\" \/>\n<meta property=\"og:title\" content=\"Compra tus boletos para el Museo del Bargello en Florencia: visita el museo\" \/>\n<meta property=\"og:description\" content=\"El Museo del Bargello es para los amantes de la escultura, encontrar\u00e1s trabajos de Miguel \u00c1ngel, Luca della Robbia, Verrocchio, Benvenuto Cellin entre otros\" \/>\n<meta property=\"og:url\" content=\"https:\/\/www.visituffizi.org\/es\/otros-museos-en-florencia\/museo-del-bargello\/\" \/>\n<meta property=\"og:site_name\" content=\"Visit Uffizi\" \/>\n<meta property=\"article:modified_time\" content=\"2023-11-25T16:37:21+00:00\" \/>\n<meta property=\"og:image\" content=\"https:\/\/www.visituffizi.org\/wp-content\/uploads\/2013\/03\/bargello-mini.jpg\" \/>\n\t<meta property=\"og:image:width\" content=\"180\" \/>\n\t<meta property=\"og:image:height\" content=\"120\" \/>\n\t<meta property=\"og:image:type\" content=\"image\/jpeg\" \/>\n<meta name=\"twitter:label1\" content=\"Tiempo de lectura\" \/>\n\t<meta name=\"twitter:data1\" content=\"2 minutos\" \/>\n<script type=\"application\/ld+json\" class=\"yoast-schema-graph\">{\"@context\":\"https:\\\/\\\/schema.org\",\"@graph\":[{\"@type\":\"WebPage\",\"@id\":\"https:\\\/\\\/www.visituffizi.org\\\/es\\\/otros-museos-en-florencia\\\/museo-del-bargello\\\/\",\"url\":\"https:\\\/\\\/www.visituffizi.org\\\/es\\\/otros-museos-en-florencia\\\/museo-del-bargello\\\/\",\"name\":\"Compra tus boletos para el Museo del Bargello en Florencia: visita el museo\",\"isPartOf\":{\"@id\":\"https:\\\/\\\/www.visituffizi.org\\\/it\\\/#website\"},\"primaryImageOfPage\":{\"@id\":\"https:\\\/\\\/www.visituffizi.org\\\/es\\\/otros-museos-en-florencia\\\/museo-del-bargello\\\/#primaryimage\"},\"image\":{\"@id\":\"https:\\\/\\\/www.visituffizi.org\\\/es\\\/otros-museos-en-florencia\\\/museo-del-bargello\\\/#primaryimage\"},\"thumbnailUrl\":\"https:\\\/\\\/www.visituffizi.org\\\/wp-content\\\/uploads\\\/2013\\\/03\\\/bargello-mini.jpg\",\"datePublished\":\"2015-09-29T18:46:36+00:00\",\"dateModified\":\"2023-11-25T16:37:21+00:00\",\"description\":\"El Museo del Bargello es para los amantes de la escultura, encontrar\u00e1s trabajos de Miguel \u00c1ngel, Luca della Robbia, Verrocchio, Benvenuto Cellin entre otros\",\"breadcrumb\":{\"@id\":\"https:\\\/\\\/www.visituffizi.org\\\/es\\\/otros-museos-en-florencia\\\/museo-del-bargello\\\/#breadcrumb\"},\"inLanguage\":\"es\",\"potentialAction\":[{\"@type\":\"ReadAction\",\"target\":[\"https:\\\/\\\/www.visituffizi.org\\\/es\\\/otros-museos-en-florencia\\\/museo-del-bargello\\\/\"]}]},{\"@type\":\"ImageObject\",\"inLanguage\":\"es\",\"@id\":\"https:\\\/\\\/www.visituffizi.org\\\/es\\\/otros-museos-en-florencia\\\/museo-del-bargello\\\/#primaryimage\",\"url\":\"https:\\\/\\\/www.visituffizi.org\\\/wp-content\\\/uploads\\\/2013\\\/03\\\/bargello-mini.jpg\",\"contentUrl\":\"https:\\\/\\\/www.visituffizi.org\\\/wp-content\\\/uploads\\\/2013\\\/03\\\/bargello-mini.jpg\",\"width\":180,\"height\":120,\"caption\":\"Bargello Museum\"},{\"@type\":\"BreadcrumbList\",\"@id\":\"https:\\\/\\\/www.visituffizi.org\\\/es\\\/otros-museos-en-florencia\\\/museo-del-bargello\\\/#breadcrumb\",\"itemListElement\":[{\"@type\":\"ListItem\",\"position\":1,\"name\":\"Home\",\"item\":\"https:\\\/\\\/www.visituffizi.org\\\/es\\\/\"},{\"@type\":\"ListItem\",\"position\":2,\"name\":\"Otros Museos en Florencia\",\"item\":\"https:\\\/\\\/www.visituffizi.org\\\/es\\\/otros-museos-en-florencia\\\/\"},{\"@type\":\"ListItem\",\"position\":3,\"name\":\"Museo del Bargello\"}]},{\"@type\":\"WebSite\",\"@id\":\"https:\\\/\\\/www.visituffizi.org\\\/it\\\/#website\",\"url\":\"https:\\\/\\\/www.visituffizi.org\\\/it\\\/\",\"name\":\"Visit Uffizi\",\"description\":\"Guide to Uffizi Museum in Florence\",\"potentialAction\":[{\"@type\":\"SearchAction\",\"target\":{\"@type\":\"EntryPoint\",\"urlTemplate\":\"https:\\\/\\\/www.visituffizi.org\\\/it\\\/?s={search_term_string}\"},\"query-input\":{\"@type\":\"PropertyValueSpecification\",\"valueRequired\":true,\"valueName\":\"search_term_string\"}}],\"inLanguage\":\"es\"}]}<\/script>\n<!-- \/ Yoast SEO plugin. -->","yoast_head_json":{"title":"Compra tus boletos para el Museo del Bargello en Florencia: visita el museo","description":"El Museo del Bargello es para los amantes de la escultura, encontrar\u00e1s trabajos de Miguel \u00c1ngel, Luca della Robbia, Verrocchio, Benvenuto Cellin entre otros","robots":{"index":"index","follow":"follow","max-snippet":"max-snippet:-1","max-image-preview":"max-image-preview:large","max-video-preview":"max-video-preview:-1"},"canonical":"https:\/\/www.visituffizi.org\/es\/otros-museos-en-florencia\/museo-del-bargello\/","og_locale":"es_ES","og_type":"article","og_title":"Compra tus boletos para el Museo del Bargello en Florencia: visita el museo","og_description":"El Museo del Bargello es para los amantes de la escultura, encontrar\u00e1s trabajos de Miguel \u00c1ngel, Luca della Robbia, Verrocchio, Benvenuto Cellin entre otros","og_url":"https:\/\/www.visituffizi.org\/es\/otros-museos-en-florencia\/museo-del-bargello\/","og_site_name":"Visit Uffizi","article_modified_time":"2023-11-25T16:37:21+00:00","og_image":[{"width":180,"height":120,"url":"https:\/\/www.visituffizi.org\/wp-content\/uploads\/2013\/03\/bargello-mini.jpg","type":"image\/jpeg"}],"twitter_misc":{"Tiempo de lectura":"2 minutos"},"schema":{"@context":"https:\/\/schema.org","@graph":[{"@type":"WebPage","@id":"https:\/\/www.visituffizi.org\/es\/otros-museos-en-florencia\/museo-del-bargello\/","url":"https:\/\/www.visituffizi.org\/es\/otros-museos-en-florencia\/museo-del-bargello\/","name":"Compra tus boletos para el Museo del Bargello en Florencia: visita el museo","isPartOf":{"@id":"https:\/\/www.visituffizi.org\/it\/#website"},"primaryImageOfPage":{"@id":"https:\/\/www.visituffizi.org\/es\/otros-museos-en-florencia\/museo-del-bargello\/#primaryimage"},"image":{"@id":"https:\/\/www.visituffizi.org\/es\/otros-museos-en-florencia\/museo-del-bargello\/#primaryimage"},"thumbnailUrl":"https:\/\/www.visituffizi.org\/wp-content\/uploads\/2013\/03\/bargello-mini.jpg","datePublished":"2015-09-29T18:46:36+00:00","dateModified":"2023-11-25T16:37:21+00:00","description":"El Museo del Bargello es para los amantes de la escultura, encontrar\u00e1s trabajos de Miguel \u00c1ngel, Luca della Robbia, Verrocchio, Benvenuto Cellin entre otros","breadcrumb":{"@id":"https:\/\/www.visituffizi.org\/es\/otros-museos-en-florencia\/museo-del-bargello\/#breadcrumb"},"inLanguage":"es","potentialAction":[{"@type":"ReadAction","target":["https:\/\/www.visituffizi.org\/es\/otros-museos-en-florencia\/museo-del-bargello\/"]}]},{"@type":"ImageObject","inLanguage":"es","@id":"https:\/\/www.visituffizi.org\/es\/otros-museos-en-florencia\/museo-del-bargello\/#primaryimage","url":"https:\/\/www.visituffizi.org\/wp-content\/uploads\/2013\/03\/bargello-mini.jpg","contentUrl":"https:\/\/www.visituffizi.org\/wp-content\/uploads\/2013\/03\/bargello-mini.jpg","width":180,"height":120,"caption":"Bargello Museum"},{"@type":"BreadcrumbList","@id":"https:\/\/www.visituffizi.org\/es\/otros-museos-en-florencia\/museo-del-bargello\/#breadcrumb","itemListElement":[{"@type":"ListItem","position":1,"name":"Home","item":"https:\/\/www.visituffizi.org\/es\/"},{"@type":"ListItem","position":2,"name":"Otros Museos en Florencia","item":"https:\/\/www.visituffizi.org\/es\/otros-museos-en-florencia\/"},{"@type":"ListItem","position":3,"name":"Museo del Bargello"}]},{"@type":"WebSite","@id":"https:\/\/www.visituffizi.org\/it\/#website","url":"https:\/\/www.visituffizi.org\/it\/","name":"Visit Uffizi","description":"Guide to Uffizi Museum in Florence","potentialAction":[{"@type":"SearchAction","target":{"@type":"EntryPoint","urlTemplate":"https:\/\/www.visituffizi.org\/it\/?s={search_term_string}"},"query-input":{"@type":"PropertyValueSpecification","valueRequired":true,"valueName":"search_term_string"}}],"inLanguage":"es"}]}},"_links":{"self":[{"href":"https:\/\/www.visituffizi.org\/es\/wp-json\/wp\/v2\/pages\/2205","targetHints":{"allow":["GET"]}}],"collection":[{"href":"https:\/\/www.visituffizi.org\/es\/wp-json\/wp\/v2\/pages"}],"about":[{"href":"https:\/\/www.visituffizi.org\/es\/wp-json\/wp\/v2\/types\/page"}],"author":[{"embeddable":true,"href":"https:\/\/www.visituffizi.org\/es\/wp-json\/wp\/v2\/users\/6"}],"replies":[{"embeddable":true,"href":"https:\/\/www.visituffizi.org\/es\/wp-json\/wp\/v2\/comments?post=2205"}],"version-history":[{"count":0,"href":"https:\/\/www.visituffizi.org\/es\/wp-json\/wp\/v2\/pages\/2205\/revisions"}],"up":[{"embeddable":true,"href":"https:\/\/www.visituffizi.org\/es\/wp-json\/wp\/v2\/pages\/1750"}],"wp:featuredmedia":[{"embeddable":true,"href":"https:\/\/www.visituffizi.org\/es\/wp-json\/wp\/v2\/media\/1044"}],"wp:attachment":[{"href":"https:\/\/www.visituffizi.org\/es\/wp-json\/wp\/v2\/media?parent=2205"}],"curies":[{"name":"wp","href":"https:\/\/api.w.org\/{rel}","templated":true}]}}