{"id":2213,"date":"2016-02-12T10:21:53","date_gmt":"2016-02-12T10:21:53","guid":{"rendered":"https:\/\/www.visituffizi.org\/?page_id=2213"},"modified":"2023-11-25T14:20:24","modified_gmt":"2023-11-25T14:20:24","slug":"palacio-vecchio","status":"publish","type":"page","link":"https:\/\/www.visituffizi.org\/es\/otros-museos-en-florencia\/palacio-vecchio\/","title":{"rendered":"Palacio Vecchio"},"content":{"rendered":"ngg_shortcode_0_placeholder\n<h1>Palacio Vecchio: Boletos y Recorridos<\/h1>\n<p>El imponente <strong>Palacio Vecchio<\/strong> con vista a la maravillosa Plaza de la Signoria es uno de los s\u00edmbolos m\u00e1s famosos de Florencia y se localiza exactamente a un lado de la Galer\u00eda Uffizi, te recomendamos visitarla ya sea antes o despu\u00e9s. Puedes ahora subir a la torre del Palacio Vecchio desde donde podr\u00e1s disfrutar de\u00a0la maravillosa vista panor\u00e1mica de la ciudad!<\/p>\n<p style=\"text-align: center;\">\u00a0<a class=\"btn btn-large btn-primary\" href=\"https:\/\/www.viator.com\/es-ES\/searchResults\/all?text=florence%20palazzo%20vecchio%20tower%20sunset&#038;localeSwitch=1&#038;pid=P00101917&#038;mcid=42383&#038;medium=link&#038;medium_version=selector&#038;campaign=vu-es\" target=\"_blank\" rel=\"noopener\">Reserva tus boletos \u00bb<\/a><\/p>\n<p><img decoding=\"async\" class=\"aligncenter size-large wp-image-2132\" src=\"https:\/\/www.visituffizi.org\/wp-content\/uploads\/2013\/03\/salone-cinquecento-600x400.jpg\" alt=\"salone-cinquecento\" width=\"558\" height=\"372\" srcset=\"https:\/\/www.visituffizi.org\/wp-content\/uploads\/2013\/03\/salone-cinquecento-600x400.jpg 600w, https:\/\/www.visituffizi.org\/wp-content\/uploads\/2013\/03\/salone-cinquecento-180x120.jpg 180w, https:\/\/www.visituffizi.org\/wp-content\/uploads\/2013\/03\/salone-cinquecento-300x200.jpg 300w, https:\/\/www.visituffizi.org\/wp-content\/uploads\/2013\/03\/salone-cinquecento-100x67.jpg 100w, https:\/\/www.visituffizi.org\/wp-content\/uploads\/2013\/03\/salone-cinquecento-223x149.jpg 223w, https:\/\/www.visituffizi.org\/wp-content\/uploads\/2013\/03\/salone-cinquecento.jpg 1000w\" sizes=\"(max-width: 558px) 100vw, 558px\" \/><\/p>\n<p>Construido a principios del siglo XIV, el palacio ha sido siempre la sede del gobierno de la ciudad. Se ha modificado y ampliado a trav\u00e9s de los siglos especialmente durante el tiempo en el que la familia Medici gobern\u00f3\u00a0la ciudad.<\/p>\n<p>Cosimo I de Medici le pidi\u00f3 a su arquitecto favorito<strong> Giorgio Vasari<\/strong> ampliar el palacio a mediados del siglo XVI y fue en ese momento en el que comenz\u00f3 a ser conocido como \u201cpalacio viejo\u201d. El sal\u00f3n dei Cinquecento es tambi\u00e9n de esa \u00e9poca.<\/p>\n<p>Hoy, el Palacio Vecchio sigue siendo el hogar del <strong>alcalde y del gobierno de la ciudad<\/strong>, pero tambi\u00e9n es un<strong> espl\u00e9ndido museo<\/strong> que les recomendamos ampliamente visitar.<\/p>\n<p>El museo ofrece diversos recorridos con los cuales puedes conocer la historia de la ciudad, el palacio y las figuras importantes del pasado que dieron forma a la ciudad. Puedes visitar los <strong>Cuartos Monumentales<\/strong> o los <a href=\"https:\/\/www.viator.com\/es-ES\/tours\/Florence\/Small-Group-Palazzo-Vecchio-Secret-Passages-Tour-with-Lunch\/d519-2428P72?localeSwitch=1&#038;pid=P00101917&#038;mcid=42383&#038;medium=link&#038;medium_version=selector&#038;campaign=vu-es\" target=\"_blank\" rel=\"noopener\"><strong>Pasajes Secretos<\/strong><\/a> escondidos entre los palacios con un gu\u00eda, y para familias, un <strong>recorrido<\/strong> con el propio <strong>Giorgio Vasari<\/strong>\u00a0 \u00a1Que mejor manera de viajar a\u00a0trav\u00e9s del tiempo!<\/p>\n<p style=\"text-align: center;\"><a class=\"btn btn-large btn-primary\" href=\"https:\/\/www.viator.com\/es-ES\/searchResults\/all?text=florence%20palazzo%20vecchio%20tower%20sunset&#038;localeSwitch=1&#038;pid=P00101917&#038;mcid=42383&#038;medium=link&#038;medium_version=selector&#038;campaign=vu-es\" target=\"_blank\" rel=\"noopener\">Reserva tu recorrido \u00bb<\/a><\/p>\n<p><img decoding=\"async\" class=\"aligncenter size-large wp-image-2129\" src=\"https:\/\/www.visituffizi.org\/wp-content\/uploads\/2013\/03\/frescoed-monumental-533x400.jpg\" alt=\"frescoed-monumental\" width=\"533\" height=\"400\" srcset=\"https:\/\/www.visituffizi.org\/wp-content\/uploads\/2013\/03\/frescoed-monumental-533x400.jpg 533w, https:\/\/www.visituffizi.org\/wp-content\/uploads\/2013\/03\/frescoed-monumental-300x225.jpg 300w, https:\/\/www.visituffizi.org\/wp-content\/uploads\/2013\/03\/frescoed-monumental-100x75.jpg 100w, https:\/\/www.visituffizi.org\/wp-content\/uploads\/2013\/03\/frescoed-monumental-199x149.jpg 199w, https:\/\/www.visituffizi.org\/wp-content\/uploads\/2013\/03\/frescoed-monumental.jpg 1000w\" sizes=\"(max-width: 533px) 100vw, 533px\" \/><\/p>\n<p>Entrar en el Palacio Vecchio es\u00a0hacer viajar 7 siglos\u00a0atr\u00e1s a\u00a0trav\u00e9s del tiempo. Puedes hacerlo incluyendo el <a href=\"https:\/\/www.viator.com\/es-ES\/tours\/Florence\/MEDICI-S-SECRET-PATH\/d519-7779P38?localeSwitch=1&#038;pid=P00101917&#038;mcid=42383&#038;medium=link&#038;medium_version=selector&#038;campaign=vu-es\" target=\"_blank\" rel=\"noopener\"><strong>ingreso a la torre Arnolfo<\/strong><\/a>!<\/p>\n<p>El <strong>patio Michelozzo<\/strong>, el <strong>Sal\u00f3n dei Cinquecento<\/strong> (sal\u00f3n de los Quinientos), la <strong>Capilla de Eleonora<\/strong> y la magn\u00edfica <strong>sala de Mapas<\/strong> son solo algunos de los espacios que puedes visitar durante tu recorrido, y la videogu\u00eda\u00a0te ilustrar\u00e1 los eventos m\u00e1s importantes y los detalles atados a cada uno de ellos a trav\u00e9s de fotograf\u00edas, y descripciones virtuales de las reconstrucciones hist\u00f3ricas.<\/p>\n<p style=\"text-align: center;\"><a class=\"btn btn-large btn-primary\" href=\"https:\/\/www.viator.com\/es-ES\/searchResults\/all?text=florence%20palazzo%20vecchio%20tower%20sunset&#038;localeSwitch=1&#038;pid=P00101917&#038;mcid=42383&#038;medium=link&#038;medium_version=selector&#038;campaign=vu-es\" target=\"_blank\" rel=\"noopener\">Reserva tu tour con gu\u00eda \u00bb<\/a><\/p>\n<p><img decoding=\"async\" class=\"aligncenter size-large wp-image-2128\" src=\"https:\/\/www.visituffizi.org\/wp-content\/uploads\/2013\/03\/florence-600x400.jpg\" alt=\"florence\" width=\"558\" height=\"372\" srcset=\"https:\/\/www.visituffizi.org\/wp-content\/uploads\/2013\/03\/florence-600x400.jpg 600w, https:\/\/www.visituffizi.org\/wp-content\/uploads\/2013\/03\/florence-180x120.jpg 180w, https:\/\/www.visituffizi.org\/wp-content\/uploads\/2013\/03\/florence-300x200.jpg 300w, https:\/\/www.visituffizi.org\/wp-content\/uploads\/2013\/03\/florence-100x67.jpg 100w, https:\/\/www.visituffizi.org\/wp-content\/uploads\/2013\/03\/florence-223x149.jpg 223w, https:\/\/www.visituffizi.org\/wp-content\/uploads\/2013\/03\/florence.jpg 1000w\" sizes=\"(max-width: 558px) 100vw, 558px\" \/><\/p>\n","protected":false},"excerpt":{"rendered":"<p>Conoce la historia de Florencia ya sea con un gu\u00eda o con ayuda de una tableta dejate llevar a traves de la historia.<\/p>\n","protected":false},"author":6,"featured_media":1046,"parent":1750,"menu_order":3,"comment_status":"open","ping_status":"closed","template":"","meta":{"ngg_post_thumbnail":0,"footnotes":""},"class_list":["post-2213","page","type-page","status-publish","has-post-thumbnail","hentry"],"yoast_head":"<!-- This site is optimized with the Yoast SEO plugin v27.4 - https:\/\/yoast.com\/product\/yoast-seo-wordpress\/ -->\n<title>Palacio Vecchio con un gu\u00eda o con una tableta en un recorrido virtual<\/title>\n<meta name=\"description\" content=\"Visita el Palacio Vecchio, sube a la torre y disfruta de la maravillosa vista que ofrece, vive las historias del Palacio con ayuda de un gu\u00eda multimedia.\" \/>\n<meta name=\"robots\" content=\"index, follow, max-snippet:-1, max-image-preview:large, max-video-preview:-1\" \/>\n<link rel=\"canonical\" href=\"https:\/\/www.visituffizi.org\/es\/otros-museos-en-florencia\/palacio-vecchio\/\" \/>\n<meta property=\"og:locale\" content=\"es_ES\" \/>\n<meta property=\"og:type\" content=\"article\" \/>\n<meta property=\"og:title\" content=\"Palacio Vecchio con un gu\u00eda o con una tableta en un recorrido virtual\" \/>\n<meta property=\"og:description\" content=\"Visita el Palacio Vecchio, sube a la torre y disfruta de la maravillosa vista que ofrece, vive las historias del Palacio con ayuda de un gu\u00eda multimedia.\" \/>\n<meta property=\"og:url\" content=\"https:\/\/www.visituffizi.org\/es\/otros-museos-en-florencia\/palacio-vecchio\/\" \/>\n<meta property=\"og:site_name\" content=\"Visit Uffizi\" \/>\n<meta property=\"article:modified_time\" content=\"2023-11-25T14:20:24+00:00\" \/>\n<meta property=\"og:image\" content=\"https:\/\/www.visituffizi.org\/wp-content\/uploads\/2013\/03\/palazzo-vecchio-mini.jpg\" \/>\n\t<meta property=\"og:image:width\" content=\"180\" \/>\n\t<meta property=\"og:image:height\" content=\"120\" \/>\n\t<meta property=\"og:image:type\" content=\"image\/jpeg\" \/>\n<meta name=\"twitter:label1\" content=\"Tiempo de lectura\" \/>\n\t<meta name=\"twitter:data1\" content=\"3 minutos\" \/>\n<script type=\"application\/ld+json\" class=\"yoast-schema-graph\">{\"@context\":\"https:\\\/\\\/schema.org\",\"@graph\":[{\"@type\":\"WebPage\",\"@id\":\"https:\\\/\\\/www.visituffizi.org\\\/es\\\/otros-museos-en-florencia\\\/palacio-vecchio\\\/\",\"url\":\"https:\\\/\\\/www.visituffizi.org\\\/es\\\/otros-museos-en-florencia\\\/palacio-vecchio\\\/\",\"name\":\"Palacio Vecchio con un gu\u00eda o con una tableta en un recorrido virtual\",\"isPartOf\":{\"@id\":\"https:\\\/\\\/www.visituffizi.org\\\/it\\\/#website\"},\"primaryImageOfPage\":{\"@id\":\"https:\\\/\\\/www.visituffizi.org\\\/es\\\/otros-museos-en-florencia\\\/palacio-vecchio\\\/#primaryimage\"},\"image\":{\"@id\":\"https:\\\/\\\/www.visituffizi.org\\\/es\\\/otros-museos-en-florencia\\\/palacio-vecchio\\\/#primaryimage\"},\"thumbnailUrl\":\"https:\\\/\\\/www.visituffizi.org\\\/wp-content\\\/uploads\\\/2013\\\/03\\\/palazzo-vecchio-mini.jpg\",\"datePublished\":\"2016-02-12T10:21:53+00:00\",\"dateModified\":\"2023-11-25T14:20:24+00:00\",\"description\":\"Visita el Palacio Vecchio, sube a la torre y disfruta de la maravillosa vista que ofrece, vive las historias del Palacio con ayuda de un gu\u00eda multimedia.\",\"breadcrumb\":{\"@id\":\"https:\\\/\\\/www.visituffizi.org\\\/es\\\/otros-museos-en-florencia\\\/palacio-vecchio\\\/#breadcrumb\"},\"inLanguage\":\"es\",\"potentialAction\":[{\"@type\":\"ReadAction\",\"target\":[\"https:\\\/\\\/www.visituffizi.org\\\/es\\\/otros-museos-en-florencia\\\/palacio-vecchio\\\/\"]}]},{\"@type\":\"ImageObject\",\"inLanguage\":\"es\",\"@id\":\"https:\\\/\\\/www.visituffizi.org\\\/es\\\/otros-museos-en-florencia\\\/palacio-vecchio\\\/#primaryimage\",\"url\":\"https:\\\/\\\/www.visituffizi.org\\\/wp-content\\\/uploads\\\/2013\\\/03\\\/palazzo-vecchio-mini.jpg\",\"contentUrl\":\"https:\\\/\\\/www.visituffizi.org\\\/wp-content\\\/uploads\\\/2013\\\/03\\\/palazzo-vecchio-mini.jpg\",\"width\":180,\"height\":120,\"caption\":\"Palazzo Vecchio\"},{\"@type\":\"BreadcrumbList\",\"@id\":\"https:\\\/\\\/www.visituffizi.org\\\/es\\\/otros-museos-en-florencia\\\/palacio-vecchio\\\/#breadcrumb\",\"itemListElement\":[{\"@type\":\"ListItem\",\"position\":1,\"name\":\"Home\",\"item\":\"https:\\\/\\\/www.visituffizi.org\\\/es\\\/\"},{\"@type\":\"ListItem\",\"position\":2,\"name\":\"Otros Museos en Florencia\",\"item\":\"https:\\\/\\\/www.visituffizi.org\\\/es\\\/otros-museos-en-florencia\\\/\"},{\"@type\":\"ListItem\",\"position\":3,\"name\":\"Palacio Vecchio\"}]},{\"@type\":\"WebSite\",\"@id\":\"https:\\\/\\\/www.visituffizi.org\\\/it\\\/#website\",\"url\":\"https:\\\/\\\/www.visituffizi.org\\\/it\\\/\",\"name\":\"Visit Uffizi\",\"description\":\"Guide to Uffizi Museum in Florence\",\"potentialAction\":[{\"@type\":\"SearchAction\",\"target\":{\"@type\":\"EntryPoint\",\"urlTemplate\":\"https:\\\/\\\/www.visituffizi.org\\\/it\\\/?s={search_term_string}\"},\"query-input\":{\"@type\":\"PropertyValueSpecification\",\"valueRequired\":true,\"valueName\":\"search_term_string\"}}],\"inLanguage\":\"es\"}]}<\/script>\n<!-- \/ Yoast SEO plugin. -->","yoast_head_json":{"title":"Palacio Vecchio con un gu\u00eda o con una tableta en un recorrido virtual","description":"Visita el Palacio Vecchio, sube a la torre y disfruta de la maravillosa vista que ofrece, vive las historias del Palacio con ayuda de un gu\u00eda multimedia.","robots":{"index":"index","follow":"follow","max-snippet":"max-snippet:-1","max-image-preview":"max-image-preview:large","max-video-preview":"max-video-preview:-1"},"canonical":"https:\/\/www.visituffizi.org\/es\/otros-museos-en-florencia\/palacio-vecchio\/","og_locale":"es_ES","og_type":"article","og_title":"Palacio Vecchio con un gu\u00eda o con una tableta en un recorrido virtual","og_description":"Visita el Palacio Vecchio, sube a la torre y disfruta de la maravillosa vista que ofrece, vive las historias del Palacio con ayuda de un gu\u00eda multimedia.","og_url":"https:\/\/www.visituffizi.org\/es\/otros-museos-en-florencia\/palacio-vecchio\/","og_site_name":"Visit Uffizi","article_modified_time":"2023-11-25T14:20:24+00:00","og_image":[{"width":180,"height":120,"url":"https:\/\/www.visituffizi.org\/wp-content\/uploads\/2013\/03\/palazzo-vecchio-mini.jpg","type":"image\/jpeg"}],"twitter_misc":{"Tiempo de lectura":"3 minutos"},"schema":{"@context":"https:\/\/schema.org","@graph":[{"@type":"WebPage","@id":"https:\/\/www.visituffizi.org\/es\/otros-museos-en-florencia\/palacio-vecchio\/","url":"https:\/\/www.visituffizi.org\/es\/otros-museos-en-florencia\/palacio-vecchio\/","name":"Palacio Vecchio con un gu\u00eda o con una tableta en un recorrido virtual","isPartOf":{"@id":"https:\/\/www.visituffizi.org\/it\/#website"},"primaryImageOfPage":{"@id":"https:\/\/www.visituffizi.org\/es\/otros-museos-en-florencia\/palacio-vecchio\/#primaryimage"},"image":{"@id":"https:\/\/www.visituffizi.org\/es\/otros-museos-en-florencia\/palacio-vecchio\/#primaryimage"},"thumbnailUrl":"https:\/\/www.visituffizi.org\/wp-content\/uploads\/2013\/03\/palazzo-vecchio-mini.jpg","datePublished":"2016-02-12T10:21:53+00:00","dateModified":"2023-11-25T14:20:24+00:00","description":"Visita el Palacio Vecchio, sube a la torre y disfruta de la maravillosa vista que ofrece, vive las historias del Palacio con ayuda de un gu\u00eda multimedia.","breadcrumb":{"@id":"https:\/\/www.visituffizi.org\/es\/otros-museos-en-florencia\/palacio-vecchio\/#breadcrumb"},"inLanguage":"es","potentialAction":[{"@type":"ReadAction","target":["https:\/\/www.visituffizi.org\/es\/otros-museos-en-florencia\/palacio-vecchio\/"]}]},{"@type":"ImageObject","inLanguage":"es","@id":"https:\/\/www.visituffizi.org\/es\/otros-museos-en-florencia\/palacio-vecchio\/#primaryimage","url":"https:\/\/www.visituffizi.org\/wp-content\/uploads\/2013\/03\/palazzo-vecchio-mini.jpg","contentUrl":"https:\/\/www.visituffizi.org\/wp-content\/uploads\/2013\/03\/palazzo-vecchio-mini.jpg","width":180,"height":120,"caption":"Palazzo Vecchio"},{"@type":"BreadcrumbList","@id":"https:\/\/www.visituffizi.org\/es\/otros-museos-en-florencia\/palacio-vecchio\/#breadcrumb","itemListElement":[{"@type":"ListItem","position":1,"name":"Home","item":"https:\/\/www.visituffizi.org\/es\/"},{"@type":"ListItem","position":2,"name":"Otros Museos en Florencia","item":"https:\/\/www.visituffizi.org\/es\/otros-museos-en-florencia\/"},{"@type":"ListItem","position":3,"name":"Palacio Vecchio"}]},{"@type":"WebSite","@id":"https:\/\/www.visituffizi.org\/it\/#website","url":"https:\/\/www.visituffizi.org\/it\/","name":"Visit Uffizi","description":"Guide to Uffizi Museum in Florence","potentialAction":[{"@type":"SearchAction","target":{"@type":"EntryPoint","urlTemplate":"https:\/\/www.visituffizi.org\/it\/?s={search_term_string}"},"query-input":{"@type":"PropertyValueSpecification","valueRequired":true,"valueName":"search_term_string"}}],"inLanguage":"es"}]}},"_links":{"self":[{"href":"https:\/\/www.visituffizi.org\/es\/wp-json\/wp\/v2\/pages\/2213","targetHints":{"allow":["GET"]}}],"collection":[{"href":"https:\/\/www.visituffizi.org\/es\/wp-json\/wp\/v2\/pages"}],"about":[{"href":"https:\/\/www.visituffizi.org\/es\/wp-json\/wp\/v2\/types\/page"}],"author":[{"embeddable":true,"href":"https:\/\/www.visituffizi.org\/es\/wp-json\/wp\/v2\/users\/6"}],"replies":[{"embeddable":true,"href":"https:\/\/www.visituffizi.org\/es\/wp-json\/wp\/v2\/comments?post=2213"}],"version-history":[{"count":0,"href":"https:\/\/www.visituffizi.org\/es\/wp-json\/wp\/v2\/pages\/2213\/revisions"}],"up":[{"embeddable":true,"href":"https:\/\/www.visituffizi.org\/es\/wp-json\/wp\/v2\/pages\/1750"}],"wp:featuredmedia":[{"embeddable":true,"href":"https:\/\/www.visituffizi.org\/es\/wp-json\/wp\/v2\/media\/1046"}],"wp:attachment":[{"href":"https:\/\/www.visituffizi.org\/es\/wp-json\/wp\/v2\/media?parent=2213"}],"curies":[{"name":"wp","href":"https:\/\/api.w.org\/{rel}","templated":true}]}}