{"id":2215,"date":"2015-10-01T10:32:15","date_gmt":"2015-10-01T10:32:15","guid":{"rendered":"https:\/\/www.visituffizi.org\/?page_id=2215"},"modified":"2017-03-14T20:34:09","modified_gmt":"2017-03-14T20:34:09","slug":"la-torre-inclinada-de-pisa","status":"publish","type":"page","link":"https:\/\/www.visituffizi.org\/es\/la-torre-inclinada-de-pisa\/","title":{"rendered":"La Torre Inclinada de Pisa"},"content":{"rendered":"ngg_shortcode_0_placeholder\n<h1>Planea tu visita a la Torre de Pisa<\/h1>\n<h2>Reserva tus Boletos para la Plaza de los Milagros y La Torre de Pisa<\/h2>\n<p>La emoci\u00f3n y el entusiasmo de estar parado frente\u00a0a un famoso icono como lo es la <a href=\"http:\/\/www.towerofpisa.org\/\" target=\"_blank\">Torre Inclinada de Pisa<\/a> es uno de esos <strong>recuerdos especiales que se quedara en tu memoria<\/strong> para siempre. El conjunto monumental atrae\u00a0visitantes de todo el mundo,\u00a0a esta gran plaza, que aunque si\u00a0concurrida se\u00a0apreciar lo especial\u00a0que es,\u00a0y es eso precisamente lo que hizo que la UNESCO la haya <strong>reconocido como Patrimonio de la Humanidad<\/strong>.<\/p>\n<p>No hay nada como volver un sue\u00f1o realidad: simplemente contemplar la sorprendente y llamativa\u00a0torre de m\u00e1rmol, su ligera inclinaci\u00f3n\u00a0por lo que se hizo famosa y adem\u00e1s\u00a0enmarcada en una amplia plaza con un parque\u00a0de c\u00e9sped bien cuidado. Todo parece una fotograf\u00eda perfecta. Pero\u00a0<strong>toma tus precauciones<\/strong>, no dejes estas memorias al azar. Haz el momento m\u00e1s especial y reserva tus boletos con anticipaci\u00f3n a la Torre de Pisa para que puedas subir y disfrutar de la gran vista y de las fabulosas fotos.<\/p>\n<p style=\"text-align: center;\"><strong><a class=\"btn btn-large btn-primary\" href=\"http:\/\/www.florence-tickets.com\/es\/billetes-torre-de-pisa.html?site=uffi\" target=\"_blank\" rel=\"nofollow\">Compra tus boletos ahora \u00bb <\/a><\/strong><\/p>\n<p><img decoding=\"async\" class=\"alignnone size-large wp-image-1951\" src=\"https:\/\/www.visituffizi.org\/wp-content\/uploads\/2015\/08\/torre-stemma-opa-533x400.jpg\" alt=\"torre-stemma-opa\" width=\"533\" height=\"400\" srcset=\"https:\/\/www.visituffizi.org\/wp-content\/uploads\/2015\/08\/torre-stemma-opa-533x400.jpg 533w, https:\/\/www.visituffizi.org\/wp-content\/uploads\/2015\/08\/torre-stemma-opa-300x225.jpg 300w, https:\/\/www.visituffizi.org\/wp-content\/uploads\/2015\/08\/torre-stemma-opa-100x75.jpg 100w, https:\/\/www.visituffizi.org\/wp-content\/uploads\/2015\/08\/torre-stemma-opa-199x149.jpg 199w\" sizes=\"(max-width: 533px) 100vw, 533px\" \/><\/p>\n<h2>Prep\u00e1rate para la Torre Inclinada<\/h2>\n<p>Al prepararte para tu visita, considera que la torre es mucho m\u00e1s que\u00a0 aproximadamente 14,453 toneladas de m\u00e1rmol y piedra, tiene\u00a0m\u00e1s de 200 escalones y su inclinaci\u00f3n es de m\u00e1s de 4 metros. La<strong> Plaza de los Milagros<\/strong>, donde se encuentra localizada la torre est\u00e1 compuesta por\u00a0diferentes elementos. Cada estructura tiene un valor hist\u00f3rico distinto y belleza individual:<\/p>\n<ul>\n<li>La <strong>Catedral o Duomo<\/strong>, iniciado en 1062 tiene un estilo propio de la arquitectura rom\u00e1nica pisana<\/li>\n<li>El <strong>Baptisterio<\/strong>, que es uno de los baptisterios m\u00e1s grandes de Italia, cuenta con una ac\u00fastica verdaderamente notable, algunas veces se demuestra con cantos y canciones<\/li>\n<li>El <strong>Camposanto<\/strong>, tambi\u00e9n conocido como el cementerio, se dice que se construy\u00f3\u00a0con un\u00a0cargamento de tierra sagrada tra\u00edda a Pisa durante las cruzadas de ah\u00ed su nombre Santo Campo.<\/li>\n<li><strong>Museo Sinopie <\/strong>ubicado en el interior del Nuevo Hospital del Esp\u00edritu Santo, alberga los bocetos preparatorios de los frescos destruidos en el Camposanto<\/li>\n<li>Y por supuesto la <strong>Torre Inclinada de Pisa<\/strong>, que se encuentra al otro lado de la Catedral \u2013 visible desde\u00a0cualquier\u00a0rinc\u00f3n de la plaza<\/li>\n<\/ul>\n<p>Al considerar toda esta belleza y la gran cantidad de personas que admiran la Torre y sus alrededores, lo que es importante saber es que visitar la Torre es mucho m\u00e1s de lo que parece. Se<strong> requiere de reservaci\u00f3n<\/strong> y tienen tiempos de entrada precisos, desafortunadamente\u00a0el llegar a la taquilla no te garantiza la entrada. Una reservaci\u00f3n previa es casi obligatoria con el fin de evitar una decepci\u00f3n a tu llegada.<\/p>\n<p style=\"text-align: center;\"><strong><a class=\"btn btn-large btn-primary\" title=\"Reserve your tickets for the Leaning Tower of Pisa\" href=\"http:\/\/www.partner.viator.com\/en\/13619\/tours\/Pisa\/Leaning-Tower-of-Pisa-Tickets\/d520-2428LEANINGTOWER\" target=\"_blank\" rel=\"nofollow\">\u00a1Reserva tu lugar hoy! \u00bb <\/a><\/strong><\/p>\n<p><img decoding=\"async\" class=\"alignnone size-large wp-image-1952\" src=\"https:\/\/www.visituffizi.org\/wp-content\/uploads\/2015\/08\/pisa-interno-camposanto-533x400.jpg\" alt=\"pisa-interno-camposanto\" width=\"533\" height=\"400\" srcset=\"https:\/\/www.visituffizi.org\/wp-content\/uploads\/2015\/08\/pisa-interno-camposanto-533x400.jpg 533w, https:\/\/www.visituffizi.org\/wp-content\/uploads\/2015\/08\/pisa-interno-camposanto-300x225.jpg 300w, https:\/\/www.visituffizi.org\/wp-content\/uploads\/2015\/08\/pisa-interno-camposanto-100x75.jpg 100w, https:\/\/www.visituffizi.org\/wp-content\/uploads\/2015\/08\/pisa-interno-camposanto-199x149.jpg 199w\" sizes=\"(max-width: 533px) 100vw, 533px\" \/><\/p>\n<h2>Planea tu tiempo para visitar todo<\/h2>\n<p>La entrada a la Torre puede requerir un boleto y un horario de entrada, pero la Catedral es gratis, sinembargo necesitas tener\u00a0un boleto. La buena noticia es que <strong>reservando tu boleto con tiempo de anticipaci\u00f3n<\/strong> <strong>para la Torre<\/strong> puedes usar el mismo boletos para entrar a la Catedral y visitar las numerosas obras de arte incluidos mosaicos, pinturas, esculturas e incluso el lugar donde se cree que Galileo\u00a0formul\u00f3 su teor\u00eda sobre el movimiento del p\u00e9ndulo. El Camposanto, es tal vez\u00a0uno de los cementerios m\u00e1s impresionantes de Italia, el Museo Sinopie y el Baptisterio, con su adornado interior y estructura arquitect\u00f3nica cl\u00e1sica, <strong>todos requieren un boleto por separado<\/strong>.<\/p>\n<p style=\"text-align: center;\"><strong><a class=\"btn btn-large btn-primary\" title=\"Reserve your tickets for the Leaning Tower of Pisa\" href=\"http:\/\/www.partner.viator.com\/en\/13619\/Pisa\/d520-ttd\" target=\"_blank\" rel=\"nofollow\">Compra tus boletos para Pisa \u00bb <\/a><\/strong><\/p>\n<p><img decoding=\"async\" class=\"alignnone size-large wp-image-1953\" src=\"https:\/\/www.visituffizi.org\/wp-content\/uploads\/2015\/08\/piazza-miracoli-533x400.jpg\" alt=\"piazza-miracoli\" width=\"533\" height=\"400\" srcset=\"https:\/\/www.visituffizi.org\/wp-content\/uploads\/2015\/08\/piazza-miracoli-533x400.jpg 533w, https:\/\/www.visituffizi.org\/wp-content\/uploads\/2015\/08\/piazza-miracoli-300x225.jpg 300w, https:\/\/www.visituffizi.org\/wp-content\/uploads\/2015\/08\/piazza-miracoli-100x75.jpg 100w, https:\/\/www.visituffizi.org\/wp-content\/uploads\/2015\/08\/piazza-miracoli-199x149.jpg 199w\" sizes=\"(max-width: 533px) 100vw, 533px\" \/><\/p>\n<h3>Aprende sobre la historia de Pisa<\/h3>\n<p>La prestigiosa Torre Inclinada de Pisa hace f\u00e1cil\u00a0olvidarse del importante rol que jug\u00f3 Pisa en la historia Italiana y por lo tanto omitir\u00a0la gran cantidad de bellos monumentos que se encuentran a lo largo\u00a0de la ciudad. No obstante, un corto paseo alrededor de las calles de la ciudad con un gu\u00eda experto, te ayudar\u00e1 a apreciar plenamente las profundidades ocultas, m\u00e1s alla de la Plaza de los Milagros.<\/p>\n<p style=\"text-align: left;\">Si lo que quieres es disfrutar de la ciudad sin estr\u00e9s, la mejor manera es visitar Pisa las atracciones principales y igual como los rincones de esta maravillosa ciudad en compa\u00f1\u00eda de un gu\u00eda en tu idioma: escoje el recorrido a pie de Pisa con la entrada a la Torre Inclinada <a href=\"http:\/\/www.partner.viator.com\/es\/16895\/tours\/Pisa\/Recorrido-a-pie-cultural-por-Pisa-con-entrada-a-la-Torre-inclinada\/d520-2428PISA_4BLT\" target=\"_blank\" rel=\"nofollow\">aqui<\/a>.<\/p>\n<p><a title=\"Book your spot in a Easy to follow Walking Tour of Pisa\" href=\"http:\/\/www.partner.viator.com\/es\/16895\/tours\/Pisa\/Recorrido-a-pie-por-Pisa-Plaza-de-la-Catedral-y-Piazza-dei-Cavalieri\/d520-2428PISA_4A\" rel=\"nofollow\"><img decoding=\"async\" class=\"alignleft size-medium wp-image-2035\" src=\"https:\/\/www.visituffizi.org\/wp-content\/uploads\/2015\/08\/pisa-walking-tour-300x300.jpg\" alt=\" Walking Tour of the Leanin Tower of Pisa &amp; the City of Pisa\" width=\"150\" height=\"150\" srcset=\"https:\/\/www.visituffizi.org\/wp-content\/uploads\/2015\/08\/pisa-walking-tour-300x300.jpg 300w, https:\/\/www.visituffizi.org\/wp-content\/uploads\/2015\/08\/pisa-walking-tour-400x400.jpg 400w, https:\/\/www.visituffizi.org\/wp-content\/uploads\/2015\/08\/pisa-walking-tour-100x100.jpg 100w, https:\/\/www.visituffizi.org\/wp-content\/uploads\/2015\/08\/pisa-walking-tour-55x55.jpg 55w, https:\/\/www.visituffizi.org\/wp-content\/uploads\/2015\/08\/pisa-walking-tour-149x149.jpg 149w, https:\/\/www.visituffizi.org\/wp-content\/uploads\/2015\/08\/pisa-walking-tour-179x179.jpg 179w, https:\/\/www.visituffizi.org\/wp-content\/uploads\/2015\/08\/pisa-walking-tour-150x150.jpg 150w, https:\/\/www.visituffizi.org\/wp-content\/uploads\/2015\/08\/pisa-walking-tour.jpg 500w\" sizes=\"(max-width: 150px) 100vw, 150px\" \/><\/a>Hay otro <a href=\"http:\/\/www.partner.viator.com\/es\/16895\/tours\/Pisa\/Recorrido-a-pie-por-Pisa-Plaza-de-la-Catedral-y-Piazza-dei-Cavalieri\/d520-2428PISA_4A\" target=\"_blank\">peque\u00f1o recorrido a pie<\/a> por las tranquilas calles de Pisa que te hacen admirar la arquitectura, los monumentos y la historia con un\u00a0gu\u00eda experto, en espa\u00f1ol. Un breve recorrido por los principales puntos de inter\u00e9s, incluyendo la Plaza de los Milagros y la Torre Inclinada son una visita obligada para disfrutar de la elegancia excepcional de esta ciudad.<\/p>\n<p style=\"text-align: center;\">\u00a0<strong><a class=\"btn btn-large btn-primary\" href=\"http:\/\/www.partner.viator.com\/es\/16895\/tours\/Pisa\/Recorrido-a-pie-cultural-por-Pisa-con-entrada-a-la-Torre-inclinada\/d520-2428PISA_4BLT\" target=\"_blank\" rel=\"nofollow\">Reserva un recorrido a pie \u00bb <\/a><\/strong><\/p>\n<p style=\"text-align: left;\">\n","protected":false},"excerpt":{"rendered":"<p>Garantiza tu entrada a la Torre y a la Catedral, reserva tus boletos con anticipaci\u00f3n y no pierdas tiempo en la cola para comprar los boletos. Visita la Plaza de los Milagros y todo lo contenido en ella.<\/p>\n","protected":false},"author":6,"featured_media":1951,"parent":0,"menu_order":0,"comment_status":"closed","ping_status":"closed","template":"","meta":{"ngg_post_thumbnail":0,"footnotes":""},"class_list":["post-2215","page","type-page","status-publish","has-post-thumbnail","hentry"],"yoast_head":"<!-- This site is optimized with the Yoast SEO plugin v27.3 - https:\/\/yoast.com\/product\/yoast-seo-wordpress\/ -->\n<title>Reserva con tiempo tus boletos para la Torre inclinada de Pisa<\/title>\n<meta name=\"description\" content=\"Planea tu visita a Pisa y reserva con anticipaci\u00f3n tus boletos para la Torre no te pierdas la experiencia de subir y admirar la vista de la plaza desde lo alto.\" \/>\n<meta name=\"robots\" content=\"index, follow, max-snippet:-1, max-image-preview:large, max-video-preview:-1\" \/>\n<link rel=\"canonical\" href=\"https:\/\/www.visituffizi.org\/es\/la-torre-inclinada-de-pisa\/\" \/>\n<meta property=\"og:locale\" content=\"es_ES\" \/>\n<meta property=\"og:type\" content=\"article\" \/>\n<meta property=\"og:title\" content=\"Reserva con tiempo tus boletos para la Torre inclinada de Pisa\" \/>\n<meta property=\"og:description\" content=\"Planea tu visita a Pisa y reserva con anticipaci\u00f3n tus boletos para la Torre no te pierdas la experiencia de subir y admirar la vista de la plaza desde lo alto.\" \/>\n<meta property=\"og:url\" content=\"https:\/\/www.visituffizi.org\/es\/la-torre-inclinada-de-pisa\/\" \/>\n<meta property=\"og:site_name\" content=\"Visit Uffizi\" \/>\n<meta property=\"article:modified_time\" content=\"2017-03-14T20:34:09+00:00\" \/>\n<meta property=\"og:image\" content=\"https:\/\/www.visituffizi.org\/wp-content\/uploads\/2015\/08\/torre-stemma-opa.jpg\" \/>\n\t<meta property=\"og:image:width\" content=\"2592\" \/>\n\t<meta property=\"og:image:height\" content=\"1944\" \/>\n\t<meta property=\"og:image:type\" content=\"image\/jpeg\" \/>\n<meta name=\"twitter:label1\" content=\"Tiempo de lectura\" \/>\n\t<meta name=\"twitter:data1\" content=\"4 minutos\" \/>\n<script type=\"application\/ld+json\" class=\"yoast-schema-graph\">{\"@context\":\"https:\\\/\\\/schema.org\",\"@graph\":[{\"@type\":\"WebPage\",\"@id\":\"https:\\\/\\\/www.visituffizi.org\\\/es\\\/la-torre-inclinada-de-pisa\\\/\",\"url\":\"https:\\\/\\\/www.visituffizi.org\\\/es\\\/la-torre-inclinada-de-pisa\\\/\",\"name\":\"Reserva con tiempo tus boletos para la Torre inclinada de Pisa\",\"isPartOf\":{\"@id\":\"https:\\\/\\\/www.visituffizi.org\\\/it\\\/#website\"},\"primaryImageOfPage\":{\"@id\":\"https:\\\/\\\/www.visituffizi.org\\\/es\\\/la-torre-inclinada-de-pisa\\\/#primaryimage\"},\"image\":{\"@id\":\"https:\\\/\\\/www.visituffizi.org\\\/es\\\/la-torre-inclinada-de-pisa\\\/#primaryimage\"},\"thumbnailUrl\":\"https:\\\/\\\/www.visituffizi.org\\\/wp-content\\\/uploads\\\/2015\\\/08\\\/torre-stemma-opa.jpg\",\"datePublished\":\"2015-10-01T10:32:15+00:00\",\"dateModified\":\"2017-03-14T20:34:09+00:00\",\"description\":\"Planea tu visita a Pisa y reserva con anticipaci\u00f3n tus boletos para la Torre no te pierdas la experiencia de subir y admirar la vista de la plaza desde lo alto.\",\"breadcrumb\":{\"@id\":\"https:\\\/\\\/www.visituffizi.org\\\/es\\\/la-torre-inclinada-de-pisa\\\/#breadcrumb\"},\"inLanguage\":\"es\",\"potentialAction\":[{\"@type\":\"ReadAction\",\"target\":[\"https:\\\/\\\/www.visituffizi.org\\\/es\\\/la-torre-inclinada-de-pisa\\\/\"]}]},{\"@type\":\"ImageObject\",\"inLanguage\":\"es\",\"@id\":\"https:\\\/\\\/www.visituffizi.org\\\/es\\\/la-torre-inclinada-de-pisa\\\/#primaryimage\",\"url\":\"https:\\\/\\\/www.visituffizi.org\\\/wp-content\\\/uploads\\\/2015\\\/08\\\/torre-stemma-opa.jpg\",\"contentUrl\":\"https:\\\/\\\/www.visituffizi.org\\\/wp-content\\\/uploads\\\/2015\\\/08\\\/torre-stemma-opa.jpg\",\"width\":2592,\"height\":1944},{\"@type\":\"BreadcrumbList\",\"@id\":\"https:\\\/\\\/www.visituffizi.org\\\/es\\\/la-torre-inclinada-de-pisa\\\/#breadcrumb\",\"itemListElement\":[{\"@type\":\"ListItem\",\"position\":1,\"name\":\"Home\",\"item\":\"https:\\\/\\\/www.visituffizi.org\\\/es\\\/\"},{\"@type\":\"ListItem\",\"position\":2,\"name\":\"La Torre Inclinada de Pisa\"}]},{\"@type\":\"WebSite\",\"@id\":\"https:\\\/\\\/www.visituffizi.org\\\/it\\\/#website\",\"url\":\"https:\\\/\\\/www.visituffizi.org\\\/it\\\/\",\"name\":\"Visit Uffizi\",\"description\":\"Guide to Uffizi Museum in Florence\",\"potentialAction\":[{\"@type\":\"SearchAction\",\"target\":{\"@type\":\"EntryPoint\",\"urlTemplate\":\"https:\\\/\\\/www.visituffizi.org\\\/it\\\/?s={search_term_string}\"},\"query-input\":{\"@type\":\"PropertyValueSpecification\",\"valueRequired\":true,\"valueName\":\"search_term_string\"}}],\"inLanguage\":\"es\"}]}<\/script>\n<!-- \/ Yoast SEO plugin. -->","yoast_head_json":{"title":"Reserva con tiempo tus boletos para la Torre inclinada de Pisa","description":"Planea tu visita a Pisa y reserva con anticipaci\u00f3n tus boletos para la Torre no te pierdas la experiencia de subir y admirar la vista de la plaza desde lo alto.","robots":{"index":"index","follow":"follow","max-snippet":"max-snippet:-1","max-image-preview":"max-image-preview:large","max-video-preview":"max-video-preview:-1"},"canonical":"https:\/\/www.visituffizi.org\/es\/la-torre-inclinada-de-pisa\/","og_locale":"es_ES","og_type":"article","og_title":"Reserva con tiempo tus boletos para la Torre inclinada de Pisa","og_description":"Planea tu visita a Pisa y reserva con anticipaci\u00f3n tus boletos para la Torre no te pierdas la experiencia de subir y admirar la vista de la plaza desde lo alto.","og_url":"https:\/\/www.visituffizi.org\/es\/la-torre-inclinada-de-pisa\/","og_site_name":"Visit Uffizi","article_modified_time":"2017-03-14T20:34:09+00:00","og_image":[{"width":2592,"height":1944,"url":"https:\/\/www.visituffizi.org\/wp-content\/uploads\/2015\/08\/torre-stemma-opa.jpg","type":"image\/jpeg"}],"twitter_misc":{"Tiempo de lectura":"4 minutos"},"schema":{"@context":"https:\/\/schema.org","@graph":[{"@type":"WebPage","@id":"https:\/\/www.visituffizi.org\/es\/la-torre-inclinada-de-pisa\/","url":"https:\/\/www.visituffizi.org\/es\/la-torre-inclinada-de-pisa\/","name":"Reserva con tiempo tus boletos para la Torre inclinada de Pisa","isPartOf":{"@id":"https:\/\/www.visituffizi.org\/it\/#website"},"primaryImageOfPage":{"@id":"https:\/\/www.visituffizi.org\/es\/la-torre-inclinada-de-pisa\/#primaryimage"},"image":{"@id":"https:\/\/www.visituffizi.org\/es\/la-torre-inclinada-de-pisa\/#primaryimage"},"thumbnailUrl":"https:\/\/www.visituffizi.org\/wp-content\/uploads\/2015\/08\/torre-stemma-opa.jpg","datePublished":"2015-10-01T10:32:15+00:00","dateModified":"2017-03-14T20:34:09+00:00","description":"Planea tu visita a Pisa y reserva con anticipaci\u00f3n tus boletos para la Torre no te pierdas la experiencia de subir y admirar la vista de la plaza desde lo alto.","breadcrumb":{"@id":"https:\/\/www.visituffizi.org\/es\/la-torre-inclinada-de-pisa\/#breadcrumb"},"inLanguage":"es","potentialAction":[{"@type":"ReadAction","target":["https:\/\/www.visituffizi.org\/es\/la-torre-inclinada-de-pisa\/"]}]},{"@type":"ImageObject","inLanguage":"es","@id":"https:\/\/www.visituffizi.org\/es\/la-torre-inclinada-de-pisa\/#primaryimage","url":"https:\/\/www.visituffizi.org\/wp-content\/uploads\/2015\/08\/torre-stemma-opa.jpg","contentUrl":"https:\/\/www.visituffizi.org\/wp-content\/uploads\/2015\/08\/torre-stemma-opa.jpg","width":2592,"height":1944},{"@type":"BreadcrumbList","@id":"https:\/\/www.visituffizi.org\/es\/la-torre-inclinada-de-pisa\/#breadcrumb","itemListElement":[{"@type":"ListItem","position":1,"name":"Home","item":"https:\/\/www.visituffizi.org\/es\/"},{"@type":"ListItem","position":2,"name":"La Torre Inclinada de Pisa"}]},{"@type":"WebSite","@id":"https:\/\/www.visituffizi.org\/it\/#website","url":"https:\/\/www.visituffizi.org\/it\/","name":"Visit Uffizi","description":"Guide to Uffizi Museum in Florence","potentialAction":[{"@type":"SearchAction","target":{"@type":"EntryPoint","urlTemplate":"https:\/\/www.visituffizi.org\/it\/?s={search_term_string}"},"query-input":{"@type":"PropertyValueSpecification","valueRequired":true,"valueName":"search_term_string"}}],"inLanguage":"es"}]}},"_links":{"self":[{"href":"https:\/\/www.visituffizi.org\/es\/wp-json\/wp\/v2\/pages\/2215","targetHints":{"allow":["GET"]}}],"collection":[{"href":"https:\/\/www.visituffizi.org\/es\/wp-json\/wp\/v2\/pages"}],"about":[{"href":"https:\/\/www.visituffizi.org\/es\/wp-json\/wp\/v2\/types\/page"}],"author":[{"embeddable":true,"href":"https:\/\/www.visituffizi.org\/es\/wp-json\/wp\/v2\/users\/6"}],"replies":[{"embeddable":true,"href":"https:\/\/www.visituffizi.org\/es\/wp-json\/wp\/v2\/comments?post=2215"}],"version-history":[{"count":0,"href":"https:\/\/www.visituffizi.org\/es\/wp-json\/wp\/v2\/pages\/2215\/revisions"}],"wp:featuredmedia":[{"embeddable":true,"href":"https:\/\/www.visituffizi.org\/es\/wp-json\/wp\/v2\/media\/1951"}],"wp:attachment":[{"href":"https:\/\/www.visituffizi.org\/es\/wp-json\/wp\/v2\/media?parent=2215"}],"curies":[{"name":"wp","href":"https:\/\/api.w.org\/{rel}","templated":true}]}}