{"id":1016,"date":"2013-03-01T16:09:04","date_gmt":"2013-03-01T16:09:04","guid":{"rendered":"https:\/\/www.visituffizi.org\/?page_id=1016"},"modified":"2023-11-25T14:14:10","modified_gmt":"2023-11-25T14:14:10","slug":"palazzo-vecchio","status":"publish","type":"page","link":"https:\/\/www.visituffizi.org\/it\/musei-a-firenze\/palazzo-vecchio\/","title":{"rendered":"Palazzo Vecchio"},"content":{"rendered":"ngg_shortcode_0_placeholder\n<h1>Palazzo Vecchio: Visite Guidate e Biglietti<\/h1>\n<p>L\u2019imponente <strong>Palazzo Vecchio<\/strong>, affacciato sulla meravigliosa Piazza della Signoria, \u00e8 uno dei monumenti simbolo di Firenze, situato proprio accanto alla Galleria degli Uffizi, occasione da non perdere per visitarlo prima o dopo il famoso museo. Adesso, \u00e8 persino possibile salire fino in cima alla torre di Palazzo Vecchio, da dove si pu\u00f2 godere di una stupenda vista panoramica sulla citt\u00e0 di Firenze.<\/p>\n<p style=\"text-align: center;\"><a class=\"btn btn-large btn-primary\" title=\"visita guidata a palazzo vecchio\" href=\"https:\/\/www.viator.com\/it-IT\/searchResults\/all?text=florence%20palazzo%20vecchio%20tower%20sunset&#038;localeSwitch=1&#038;pid=P00101917&#038;mcid=42383&#038;medium=link&#038;medium_version=selector&#038;campaign=vu-it\" target=\"_blank\" rel=\"nofollow noopener\">Acquista adesso i biglietti \u00bb<\/a><\/p>\n<p><img decoding=\"async\" class=\"aligncenter size-large wp-image-2132\" src=\"https:\/\/www.visituffizi.org\/wp-content\/uploads\/2013\/03\/salone-cinquecento-600x400.jpg\" alt=\"salone-cinquecento\" width=\"558\" height=\"372\" srcset=\"https:\/\/www.visituffizi.org\/wp-content\/uploads\/2013\/03\/salone-cinquecento-600x400.jpg 600w, https:\/\/www.visituffizi.org\/wp-content\/uploads\/2013\/03\/salone-cinquecento-180x120.jpg 180w, https:\/\/www.visituffizi.org\/wp-content\/uploads\/2013\/03\/salone-cinquecento-300x200.jpg 300w, https:\/\/www.visituffizi.org\/wp-content\/uploads\/2013\/03\/salone-cinquecento-100x67.jpg 100w, https:\/\/www.visituffizi.org\/wp-content\/uploads\/2013\/03\/salone-cinquecento-223x149.jpg 223w, https:\/\/www.visituffizi.org\/wp-content\/uploads\/2013\/03\/salone-cinquecento.jpg 1000w\" sizes=\"(max-width: 558px) 100vw, 558px\" \/><\/p>\n<p>Costruito nei primi anni del 1300, il palazzo \u00e8 da sempre la sede del governo cittadino. Nel corso dei secoli ha subito numerose modifiche, in particolare durante il periodo di governo della famiglia Medici.<\/p>\n<p>Cosimo I de\u2019 Medici incaric\u00f2 <strong>Giorgio Vasari<\/strong> &#8211; suo architetto preferito &#8211; dell\u2019ampliamento del palazzo nella met\u00e0 del 1500, periodo in cui Palazzo Vecchio prese ufficialmente questo nome e a cui risale, inoltre, la realizzazione del Salone dei Cinquecento.<\/p>\n<p>In Palazzo Vecchio oggi risiedono il <strong>Comune di Firenze ed il consiglio comunale<\/strong>, ma il maestoso Palazzo \u00e8 anche uno <strong>splendido museo<\/strong>, che vale davvero la pena di visitare.<\/p>\n<p>Il museo offre interessanti visite guidate durante le quali poter approfondire la storia della citt\u00e0 e del palazzo stesso, oltre che di quei personaggi che, nel corso della storia, hanno contribuito a rendere Firenze la citt\u00e0 che noi tutti oggi conosciamo. E&#8217; possibile visitare i <strong>Quartieri Monumentali<\/strong> o i <strong><a href=\"https:\/\/www.viator.com\/it-IT\/tours\/Florence\/Small-Group-Palazzo-Vecchio-Secret-Passages-Tour-with-Lunch\/d519-2428P72?localeSwitch=1&#038;pid=P00101917&#038;mcid=42383&#038;medium=link&#038;medium_version=selector&#038;campaign=vu-it\" target=\"_blank\" rel=\"noopener\">Percorsi Segreti<\/a><\/strong> nascosti all&#8217;interno del palazzo con una guida<\/p>\n<p style=\"text-align: center;\"><a class=\"btn btn-large btn-primary\" title=\"visite guidate a palazzo vecchio\" href=\"https:\/\/www.viator.com\/it-IT\/searchResults\/all?text=florence%20palazzo%20vecchio%20tower%20sunset&#038;localeSwitch=1&#038;pid=P00101917&#038;mcid=42383&#038;medium=link&#038;medium_version=selector&#038;campaign=vu-it\" target=\"_blank\" rel=\"nofollow noopener\">Prenota adesso il tour \u00bb<\/a><\/p>\n<p><img decoding=\"async\" class=\"aligncenter size-large wp-image-2129\" src=\"https:\/\/www.visituffizi.org\/wp-content\/uploads\/2013\/03\/frescoed-monumental-533x400.jpg\" alt=\"imponenti-affreschi\" width=\"533\" height=\"400\" srcset=\"https:\/\/www.visituffizi.org\/wp-content\/uploads\/2013\/03\/frescoed-monumental-533x400.jpg 533w, https:\/\/www.visituffizi.org\/wp-content\/uploads\/2013\/03\/frescoed-monumental-300x225.jpg 300w, https:\/\/www.visituffizi.org\/wp-content\/uploads\/2013\/03\/frescoed-monumental-100x75.jpg 100w, https:\/\/www.visituffizi.org\/wp-content\/uploads\/2013\/03\/frescoed-monumental-199x149.jpg 199w, https:\/\/www.visituffizi.org\/wp-content\/uploads\/2013\/03\/frescoed-monumental.jpg 1000w\" sizes=\"(max-width: 533px) 100vw, 533px\" \/><\/p>\n<p>Entrando a Palazzo Vecchio, farete un meraviglioso viaggio nel tempo attraverso 7 secoli di storia. Fate la visita di tutto il palazzo del potere a Firenze, poi includete anche la <a href=\"https:\/\/www.viator.com\/it-IT\/tours\/Florence\/MEDICI-S-SECRET-PATH\/d519-7779P38?localeSwitch=1&#038;pid=P00101917&#038;mcid=42383&#038;medium=link&#038;medium_version=selector&#038;campaign=vu-it\" target=\"_blank\" rel=\"noopener\"><strong>visita alla Torre di Arnolfo<\/strong><\/a> da dove goderete di una magnifica vista sulla citt\u00e0!<\/p>\n<p>Il <strong>Cortile di Michelozzo<\/strong>, il <strong>Salone dei Cinquecento<\/strong>, la <strong>Cappella di Eleonora<\/strong> e la splendida <strong>Sala delle Carte Geografiche<\/strong> sono solo alcuni degli ambienti che vedrete durante la vostra visita e che vi saranno illustrati &#8211;\u00a0 insieme ai principali eventi ad essi collegati &#8211; dalla vostra guida multimediale su tablet tramite immagini, descrizioni storiche e ricostruzioni virtuali.<\/p>\n<p style=\"text-align: center;\"><a class=\"btn btn-large btn-primary\" title=\"visita a palazzo vecchio con tablet\" href=\"https:\/\/www.viator.com\/it-IT\/searchResults\/all?text=florence%20palazzo%20vecchio%20tower%20sunset&#038;localeSwitch=1&#038;pid=P00101917&#038;mcid=42383&#038;medium=link&#038;medium_version=selector&#038;campaign=vu-it\" target=\"_blank\" rel=\"nofollow noopener\">Prenota adesso il tour guidato \u00bb<\/a><\/p>\n<p>Prenotando in anticipo la tua visita con tablet a Palazzo Vecchio <strong>eviterai di perdere tempo in coda<\/strong> alla biglietteria del museo.<\/p>\n<p><img decoding=\"async\" class=\"aligncenter size-large wp-image-2128\" src=\"https:\/\/www.visituffizi.org\/wp-content\/uploads\/2013\/03\/florence-600x400.jpg\" alt=\"firenze\" width=\"558\" height=\"372\" srcset=\"https:\/\/www.visituffizi.org\/wp-content\/uploads\/2013\/03\/florence-600x400.jpg 600w, https:\/\/www.visituffizi.org\/wp-content\/uploads\/2013\/03\/florence-180x120.jpg 180w, https:\/\/www.visituffizi.org\/wp-content\/uploads\/2013\/03\/florence-300x200.jpg 300w, https:\/\/www.visituffizi.org\/wp-content\/uploads\/2013\/03\/florence-100x67.jpg 100w, https:\/\/www.visituffizi.org\/wp-content\/uploads\/2013\/03\/florence-223x149.jpg 223w, https:\/\/www.visituffizi.org\/wp-content\/uploads\/2013\/03\/florence.jpg 1000w\" sizes=\"(max-width: 558px) 100vw, 558px\" \/><\/p>\n","protected":false},"excerpt":{"rendered":"<p>Visita uno dei monumenti simbolo di Firenze compiendo un magico viaggio attraverso 7 secoli di storia.<\/p>\n","protected":false},"author":1,"featured_media":1046,"parent":44,"menu_order":3,"comment_status":"open","ping_status":"closed","template":"","meta":{"ngg_post_thumbnail":0,"footnotes":""},"class_list":["post-1016","page","type-page","status-publish","has-post-thumbnail","hentry"],"yoast_head":"<!-- This site is optimized with the Yoast SEO plugin v27.4 - https:\/\/yoast.com\/product\/yoast-seo-wordpress\/ -->\n<title>Palazzo Vecchio: Visite Guidate o Guida su Tablet<\/title>\n<meta name=\"description\" content=\"Visita Palazzo Vecchio, uno dei monumenti simbolo di Firenze compiendo un magico viaggio attraverso 7 secoli di storia.\" \/>\n<meta name=\"robots\" content=\"index, follow, max-snippet:-1, max-image-preview:large, max-video-preview:-1\" \/>\n<link rel=\"canonical\" href=\"https:\/\/www.visituffizi.org\/it\/musei-a-firenze\/palazzo-vecchio\/\" \/>\n<meta property=\"og:locale\" content=\"it_IT\" \/>\n<meta property=\"og:type\" content=\"article\" \/>\n<meta property=\"og:title\" content=\"Palazzo Vecchio: Visite Guidate o Guida su Tablet\" \/>\n<meta property=\"og:description\" content=\"Visita Palazzo Vecchio, uno dei monumenti simbolo di Firenze compiendo un magico viaggio attraverso 7 secoli di storia.\" \/>\n<meta property=\"og:url\" content=\"https:\/\/www.visituffizi.org\/it\/musei-a-firenze\/palazzo-vecchio\/\" \/>\n<meta property=\"og:site_name\" content=\"Visit Uffizi\" \/>\n<meta property=\"article:modified_time\" content=\"2023-11-25T14:14:10+00:00\" \/>\n<meta property=\"og:image\" content=\"https:\/\/www.visituffizi.org\/wp-content\/uploads\/2013\/03\/palazzo-vecchio-mini.jpg\" \/>\n\t<meta property=\"og:image:width\" content=\"180\" \/>\n\t<meta property=\"og:image:height\" content=\"120\" \/>\n\t<meta property=\"og:image:type\" content=\"image\/jpeg\" \/>\n<meta name=\"twitter:label1\" content=\"Tempo di lettura stimato\" \/>\n\t<meta name=\"twitter:data1\" content=\"3 minuti\" \/>\n<script type=\"application\/ld+json\" class=\"yoast-schema-graph\">{\"@context\":\"https:\\\/\\\/schema.org\",\"@graph\":[{\"@type\":\"WebPage\",\"@id\":\"https:\\\/\\\/www.visituffizi.org\\\/it\\\/musei-a-firenze\\\/palazzo-vecchio\\\/\",\"url\":\"https:\\\/\\\/www.visituffizi.org\\\/it\\\/musei-a-firenze\\\/palazzo-vecchio\\\/\",\"name\":\"Palazzo Vecchio: Visite Guidate o Guida su Tablet\",\"isPartOf\":{\"@id\":\"https:\\\/\\\/www.visituffizi.org\\\/it\\\/#website\"},\"primaryImageOfPage\":{\"@id\":\"https:\\\/\\\/www.visituffizi.org\\\/it\\\/musei-a-firenze\\\/palazzo-vecchio\\\/#primaryimage\"},\"image\":{\"@id\":\"https:\\\/\\\/www.visituffizi.org\\\/it\\\/musei-a-firenze\\\/palazzo-vecchio\\\/#primaryimage\"},\"thumbnailUrl\":\"https:\\\/\\\/www.visituffizi.org\\\/wp-content\\\/uploads\\\/2013\\\/03\\\/palazzo-vecchio-mini.jpg\",\"datePublished\":\"2013-03-01T16:09:04+00:00\",\"dateModified\":\"2023-11-25T14:14:10+00:00\",\"description\":\"Visita Palazzo Vecchio, uno dei monumenti simbolo di Firenze compiendo un magico viaggio attraverso 7 secoli di storia.\",\"breadcrumb\":{\"@id\":\"https:\\\/\\\/www.visituffizi.org\\\/it\\\/musei-a-firenze\\\/palazzo-vecchio\\\/#breadcrumb\"},\"inLanguage\":\"it-IT\",\"potentialAction\":[{\"@type\":\"ReadAction\",\"target\":[\"https:\\\/\\\/www.visituffizi.org\\\/it\\\/musei-a-firenze\\\/palazzo-vecchio\\\/\"]}]},{\"@type\":\"ImageObject\",\"inLanguage\":\"it-IT\",\"@id\":\"https:\\\/\\\/www.visituffizi.org\\\/it\\\/musei-a-firenze\\\/palazzo-vecchio\\\/#primaryimage\",\"url\":\"https:\\\/\\\/www.visituffizi.org\\\/wp-content\\\/uploads\\\/2013\\\/03\\\/palazzo-vecchio-mini.jpg\",\"contentUrl\":\"https:\\\/\\\/www.visituffizi.org\\\/wp-content\\\/uploads\\\/2013\\\/03\\\/palazzo-vecchio-mini.jpg\",\"width\":180,\"height\":120,\"caption\":\"Palazzo Vecchio\"},{\"@type\":\"BreadcrumbList\",\"@id\":\"https:\\\/\\\/www.visituffizi.org\\\/it\\\/musei-a-firenze\\\/palazzo-vecchio\\\/#breadcrumb\",\"itemListElement\":[{\"@type\":\"ListItem\",\"position\":1,\"name\":\"Home\",\"item\":\"https:\\\/\\\/www.visituffizi.org\\\/it\\\/\"},{\"@type\":\"ListItem\",\"position\":2,\"name\":\"Altri Musei fiorentini\",\"item\":\"https:\\\/\\\/www.visituffizi.org\\\/it\\\/musei-a-firenze\\\/\"},{\"@type\":\"ListItem\",\"position\":3,\"name\":\"Palazzo Vecchio\"}]},{\"@type\":\"WebSite\",\"@id\":\"https:\\\/\\\/www.visituffizi.org\\\/it\\\/#website\",\"url\":\"https:\\\/\\\/www.visituffizi.org\\\/it\\\/\",\"name\":\"Visit Uffizi\",\"description\":\"Guide to Uffizi Museum in Florence\",\"potentialAction\":[{\"@type\":\"SearchAction\",\"target\":{\"@type\":\"EntryPoint\",\"urlTemplate\":\"https:\\\/\\\/www.visituffizi.org\\\/it\\\/?s={search_term_string}\"},\"query-input\":{\"@type\":\"PropertyValueSpecification\",\"valueRequired\":true,\"valueName\":\"search_term_string\"}}],\"inLanguage\":\"it-IT\"}]}<\/script>\n<!-- \/ Yoast SEO plugin. -->","yoast_head_json":{"title":"Palazzo Vecchio: Visite Guidate o Guida su Tablet","description":"Visita Palazzo Vecchio, uno dei monumenti simbolo di Firenze compiendo un magico viaggio attraverso 7 secoli di storia.","robots":{"index":"index","follow":"follow","max-snippet":"max-snippet:-1","max-image-preview":"max-image-preview:large","max-video-preview":"max-video-preview:-1"},"canonical":"https:\/\/www.visituffizi.org\/it\/musei-a-firenze\/palazzo-vecchio\/","og_locale":"it_IT","og_type":"article","og_title":"Palazzo Vecchio: Visite Guidate o Guida su Tablet","og_description":"Visita Palazzo Vecchio, uno dei monumenti simbolo di Firenze compiendo un magico viaggio attraverso 7 secoli di storia.","og_url":"https:\/\/www.visituffizi.org\/it\/musei-a-firenze\/palazzo-vecchio\/","og_site_name":"Visit Uffizi","article_modified_time":"2023-11-25T14:14:10+00:00","og_image":[{"width":180,"height":120,"url":"https:\/\/www.visituffizi.org\/wp-content\/uploads\/2013\/03\/palazzo-vecchio-mini.jpg","type":"image\/jpeg"}],"twitter_misc":{"Tempo di lettura stimato":"3 minuti"},"schema":{"@context":"https:\/\/schema.org","@graph":[{"@type":"WebPage","@id":"https:\/\/www.visituffizi.org\/it\/musei-a-firenze\/palazzo-vecchio\/","url":"https:\/\/www.visituffizi.org\/it\/musei-a-firenze\/palazzo-vecchio\/","name":"Palazzo Vecchio: Visite Guidate o Guida su Tablet","isPartOf":{"@id":"https:\/\/www.visituffizi.org\/it\/#website"},"primaryImageOfPage":{"@id":"https:\/\/www.visituffizi.org\/it\/musei-a-firenze\/palazzo-vecchio\/#primaryimage"},"image":{"@id":"https:\/\/www.visituffizi.org\/it\/musei-a-firenze\/palazzo-vecchio\/#primaryimage"},"thumbnailUrl":"https:\/\/www.visituffizi.org\/wp-content\/uploads\/2013\/03\/palazzo-vecchio-mini.jpg","datePublished":"2013-03-01T16:09:04+00:00","dateModified":"2023-11-25T14:14:10+00:00","description":"Visita Palazzo Vecchio, uno dei monumenti simbolo di Firenze compiendo un magico viaggio attraverso 7 secoli di storia.","breadcrumb":{"@id":"https:\/\/www.visituffizi.org\/it\/musei-a-firenze\/palazzo-vecchio\/#breadcrumb"},"inLanguage":"it-IT","potentialAction":[{"@type":"ReadAction","target":["https:\/\/www.visituffizi.org\/it\/musei-a-firenze\/palazzo-vecchio\/"]}]},{"@type":"ImageObject","inLanguage":"it-IT","@id":"https:\/\/www.visituffizi.org\/it\/musei-a-firenze\/palazzo-vecchio\/#primaryimage","url":"https:\/\/www.visituffizi.org\/wp-content\/uploads\/2013\/03\/palazzo-vecchio-mini.jpg","contentUrl":"https:\/\/www.visituffizi.org\/wp-content\/uploads\/2013\/03\/palazzo-vecchio-mini.jpg","width":180,"height":120,"caption":"Palazzo Vecchio"},{"@type":"BreadcrumbList","@id":"https:\/\/www.visituffizi.org\/it\/musei-a-firenze\/palazzo-vecchio\/#breadcrumb","itemListElement":[{"@type":"ListItem","position":1,"name":"Home","item":"https:\/\/www.visituffizi.org\/it\/"},{"@type":"ListItem","position":2,"name":"Altri Musei fiorentini","item":"https:\/\/www.visituffizi.org\/it\/musei-a-firenze\/"},{"@type":"ListItem","position":3,"name":"Palazzo Vecchio"}]},{"@type":"WebSite","@id":"https:\/\/www.visituffizi.org\/it\/#website","url":"https:\/\/www.visituffizi.org\/it\/","name":"Visit Uffizi","description":"Guide to Uffizi Museum in Florence","potentialAction":[{"@type":"SearchAction","target":{"@type":"EntryPoint","urlTemplate":"https:\/\/www.visituffizi.org\/it\/?s={search_term_string}"},"query-input":{"@type":"PropertyValueSpecification","valueRequired":true,"valueName":"search_term_string"}}],"inLanguage":"it-IT"}]}},"_links":{"self":[{"href":"https:\/\/www.visituffizi.org\/it\/wp-json\/wp\/v2\/pages\/1016","targetHints":{"allow":["GET"]}}],"collection":[{"href":"https:\/\/www.visituffizi.org\/it\/wp-json\/wp\/v2\/pages"}],"about":[{"href":"https:\/\/www.visituffizi.org\/it\/wp-json\/wp\/v2\/types\/page"}],"author":[{"embeddable":true,"href":"https:\/\/www.visituffizi.org\/it\/wp-json\/wp\/v2\/users\/1"}],"replies":[{"embeddable":true,"href":"https:\/\/www.visituffizi.org\/it\/wp-json\/wp\/v2\/comments?post=1016"}],"version-history":[{"count":0,"href":"https:\/\/www.visituffizi.org\/it\/wp-json\/wp\/v2\/pages\/1016\/revisions"}],"up":[{"embeddable":true,"href":"https:\/\/www.visituffizi.org\/it\/wp-json\/wp\/v2\/pages\/44"}],"wp:featuredmedia":[{"embeddable":true,"href":"https:\/\/www.visituffizi.org\/it\/wp-json\/wp\/v2\/media\/1046"}],"wp:attachment":[{"href":"https:\/\/www.visituffizi.org\/it\/wp-json\/wp\/v2\/media?parent=1016"}],"curies":[{"name":"wp","href":"https:\/\/api.w.org\/{rel}","templated":true}]}}