{"id":1126,"date":"2013-03-20T15:16:42","date_gmt":"2013-03-20T15:16:42","guid":{"rendered":"https:\/\/www.visituffizi.org\/?page_id=1126"},"modified":"2013-03-20T15:19:26","modified_gmt":"2013-03-20T15:19:26","slug":"giuditta-che-decapita-oloferne-di-artemisia-gentileschi","status":"publish","type":"page","link":"https:\/\/www.visituffizi.org\/it\/opere\/giuditta-che-decapita-oloferne-di-artemisia-gentileschi\/","title":{"rendered":"Giuditta che decapita Oloferne di Artemisia Gentileschi"},"content":{"rendered":"ngg_shortcode_0_placeholder\n<h1>Giuditta che decapita Oloferne di Artemisia Gentileschi<\/h1>\n<p style=\"text-align: center;\"><img decoding=\"async\" class=\"size-full wp-image-1123 aligncenter\" alt=\"artemisia-judith\" src=\"https:\/\/www.visituffizi.org\/wp-content\/uploads\/2013\/03\/artemisia-judith.jpg\" width=\"450\" height=\"553\" srcset=\"https:\/\/www.visituffizi.org\/wp-content\/uploads\/2013\/03\/artemisia-judith.jpg 450w, https:\/\/www.visituffizi.org\/wp-content\/uploads\/2013\/03\/artemisia-judith-244x300.jpg 244w, https:\/\/www.visituffizi.org\/wp-content\/uploads\/2013\/03\/artemisia-judith-325x400.jpg 325w, https:\/\/www.visituffizi.org\/wp-content\/uploads\/2013\/03\/artemisia-judith-81x100.jpg 81w, https:\/\/www.visituffizi.org\/wp-content\/uploads\/2013\/03\/artemisia-judith-121x149.jpg 121w\" sizes=\"(max-width: 450px) 100vw, 450px\" \/><\/p>\n<p>Artemisia Gentileschi \u00e8 una delle pittrici italiane pi\u00f9 conosciute ed apprezzate del XVII secolo, che segu\u00ec la scuola caravaggesca. In quell\u2019epoca, in cui non era facile per una donna affermarsi come pittrice, Artemisia fu la prima donna ad entrare a far parte dell\u2019Accademia di Arti e Disegno di Firenze.<\/p>\n<p>Figlia di Orazio Gentileschi, pittore di scuola caravaggesca, Artemisia si trasfer\u00ec a Firenze per fuggire dallo scandalo in cui fu coinvolta a Roma dopo l\u2019accusa di stupro rivolta al pittore Agostino Tassi.<br \/>\nQuesto drammatico fatto, che si concluse con la prevedibile umiliazione di Artemisia, \u00e8 documentato ed oggi \u00e8 spesso citato come caso simbolo delle violenze a cui sono state sottoposte per secoli le donne.<\/p>\n<p>Sfortunatamente questo episodio offusc\u00f2 in parte i risultati artistici di Artemisia, che per molto tempo fu considerata una curiosit\u00e0. Per fortuna i lavori della pittrice in seguito sono stati rivalutati e l\u2019artista \u00e8 stata riconosciuta come una delle pittrici pi\u00f9 progressiste della sua generazione.<\/p>\n<p>Nei suoi lavori Artemisia sembra trasferire la sua esperienza direttamente sulla tela. I suoi dipinti rappresentano donne forti e sofferenti della mitologia e della Bibbia &#8211; sono vittime, suicide e guerriere. Sembra che Artemisia sia stata molto colpita dalla storia di Giuditta, rappresentata in due opere conservate oggi alla Galleria degli Uffizi.<\/p>\n<p>In \u201c<em>Giuditta che decapita Oloferne<\/em>\u201d (esposta nella Sala 81 insieme a Caravaggio), l\u2019eroina della Bibbia Giuditta, esempio di virt\u00f9 e castit\u00e0, viene rappresentata nell\u2019atto di tagliare la testa del nemico Oloferne, condottiero assiro da lei ingannato con la seduzione pur mantenendo salva la propria purezza.<br \/>\nLa tela fu probabilmente dipinta per Cosimo II de\u2019 Medici e completata a Roma appena dopo il ritorno di Artemisia, dopo sette anni passati a Firenze. Si legge sulla parte inferiore dell\u2019opera &#8220;<em>Ergo Artemitia Lomi Fec.<\/em>\u201d.<br \/>\nPer la sua violenza l\u2019opera fu confinata in un angolo nascosto di Palazzo Pitti e solo dopo la morte di Cosimo II Artemisia fu pagata per il suo lavoro, grazie all\u2019aiuto ed alla mediazione dell\u2019amico Galileo.<\/p>\n<p>Agli Uffizi potrete ammirare anche un\u2019altro capolavoro di Artemisia Gentileschi, \u201c<em>Santa Caterina d\u2019Alessandria<\/em>\u201d, di dimensioni pi\u00f9 piccole rispetto a \u201cGiuditta ed Oloferne\u201d. In diverse opere dell\u2019artista, le eroine dipinte da Artemisia ricordano molto ai suoi autoritratti ed anche nell\u2019opera \u201c<em>Santa Caterina d\u2019Alessandria<\/em>\u201d troviamo molta somiglianza.<br \/>\nRitornando alla storia di Giuditta, l\u2019opera di Artemisia \u201cGiuditta e la sua ancella\u201d \u00e8 esposta nella vicina <a href=\"https:\/\/www.visituffizi.org\/it\/musei-a-firenze\/galleria-palatina-e-galleria-d-arte-moderna\/\" title=\"galleria palatina palazzo pitti\">Galleria Palatina di Palazzo Pitti<\/a>.<\/p>\n","protected":false},"excerpt":{"rendered":"<p>La storia di Giuditta \u00e8 una delle preferite di Artemisia Gentileschi e ricorre spesso nelle sue opere&#8230;<\/p>\n","protected":false},"author":1,"featured_media":1123,"parent":27,"menu_order":20,"comment_status":"open","ping_status":"closed","template":"","meta":{"ngg_post_thumbnail":0,"footnotes":""},"class_list":["post-1126","page","type-page","status-publish","has-post-thumbnail","hentry"],"yoast_head":"<!-- This site is optimized with the Yoast SEO plugin v27.4 - https:\/\/yoast.com\/product\/yoast-seo-wordpress\/ -->\n<title>Giuditta che Decapita Oloferne di Artemisia Gentileschi<\/title>\n<meta name=\"description\" content=\"Alla Galleria degli Uffizi \u00e8 esposta l&#039;opera &quot;Giuditta che decapita Oloferne&quot; di Artemisia Gentileschi, una delle pi\u00f9 importanti pittrici italiane del XVII secolo, dopo Caravaggio.\" \/>\n<meta name=\"robots\" content=\"index, follow, max-snippet:-1, max-image-preview:large, max-video-preview:-1\" \/>\n<link rel=\"canonical\" href=\"https:\/\/www.visituffizi.org\/it\/opere\/giuditta-che-decapita-oloferne-di-artemisia-gentileschi\/\" \/>\n<meta property=\"og:locale\" content=\"it_IT\" \/>\n<meta property=\"og:type\" content=\"article\" \/>\n<meta property=\"og:title\" content=\"Giuditta che Decapita Oloferne di Artemisia Gentileschi\" \/>\n<meta property=\"og:description\" content=\"Alla Galleria degli Uffizi \u00e8 esposta l&#039;opera &quot;Giuditta che decapita Oloferne&quot; di Artemisia Gentileschi, una delle pi\u00f9 importanti pittrici italiane del XVII secolo, dopo Caravaggio.\" \/>\n<meta property=\"og:url\" content=\"https:\/\/www.visituffizi.org\/it\/opere\/giuditta-che-decapita-oloferne-di-artemisia-gentileschi\/\" \/>\n<meta property=\"og:site_name\" content=\"Visit Uffizi\" \/>\n<meta property=\"article:modified_time\" content=\"2013-03-20T15:19:26+00:00\" \/>\n<meta property=\"og:image\" content=\"https:\/\/www.visituffizi.org\/wp-content\/uploads\/2013\/03\/artemisia-judith.jpg\" \/>\n\t<meta property=\"og:image:width\" content=\"450\" \/>\n\t<meta property=\"og:image:height\" content=\"553\" \/>\n\t<meta property=\"og:image:type\" content=\"image\/jpeg\" \/>\n<meta name=\"twitter:label1\" content=\"Tempo di lettura stimato\" \/>\n\t<meta name=\"twitter:data1\" content=\"2 minuti\" \/>\n<script type=\"application\/ld+json\" class=\"yoast-schema-graph\">{\"@context\":\"https:\\\/\\\/schema.org\",\"@graph\":[{\"@type\":\"WebPage\",\"@id\":\"https:\\\/\\\/www.visituffizi.org\\\/it\\\/opere\\\/giuditta-che-decapita-oloferne-di-artemisia-gentileschi\\\/\",\"url\":\"https:\\\/\\\/www.visituffizi.org\\\/it\\\/opere\\\/giuditta-che-decapita-oloferne-di-artemisia-gentileschi\\\/\",\"name\":\"Giuditta che Decapita Oloferne di Artemisia Gentileschi\",\"isPartOf\":{\"@id\":\"https:\\\/\\\/www.visituffizi.org\\\/it\\\/#website\"},\"primaryImageOfPage\":{\"@id\":\"https:\\\/\\\/www.visituffizi.org\\\/it\\\/opere\\\/giuditta-che-decapita-oloferne-di-artemisia-gentileschi\\\/#primaryimage\"},\"image\":{\"@id\":\"https:\\\/\\\/www.visituffizi.org\\\/it\\\/opere\\\/giuditta-che-decapita-oloferne-di-artemisia-gentileschi\\\/#primaryimage\"},\"thumbnailUrl\":\"https:\\\/\\\/www.visituffizi.org\\\/wp-content\\\/uploads\\\/2013\\\/03\\\/artemisia-judith.jpg\",\"datePublished\":\"2013-03-20T15:16:42+00:00\",\"dateModified\":\"2013-03-20T15:19:26+00:00\",\"description\":\"Alla Galleria degli Uffizi \u00e8 esposta l'opera \\\"Giuditta che decapita Oloferne\\\" di Artemisia Gentileschi, una delle pi\u00f9 importanti pittrici italiane del XVII secolo, dopo Caravaggio.\",\"breadcrumb\":{\"@id\":\"https:\\\/\\\/www.visituffizi.org\\\/it\\\/opere\\\/giuditta-che-decapita-oloferne-di-artemisia-gentileschi\\\/#breadcrumb\"},\"inLanguage\":\"it-IT\",\"potentialAction\":[{\"@type\":\"ReadAction\",\"target\":[\"https:\\\/\\\/www.visituffizi.org\\\/it\\\/opere\\\/giuditta-che-decapita-oloferne-di-artemisia-gentileschi\\\/\"]}]},{\"@type\":\"ImageObject\",\"inLanguage\":\"it-IT\",\"@id\":\"https:\\\/\\\/www.visituffizi.org\\\/it\\\/opere\\\/giuditta-che-decapita-oloferne-di-artemisia-gentileschi\\\/#primaryimage\",\"url\":\"https:\\\/\\\/www.visituffizi.org\\\/wp-content\\\/uploads\\\/2013\\\/03\\\/artemisia-judith.jpg\",\"contentUrl\":\"https:\\\/\\\/www.visituffizi.org\\\/wp-content\\\/uploads\\\/2013\\\/03\\\/artemisia-judith.jpg\",\"width\":450,\"height\":553},{\"@type\":\"BreadcrumbList\",\"@id\":\"https:\\\/\\\/www.visituffizi.org\\\/it\\\/opere\\\/giuditta-che-decapita-oloferne-di-artemisia-gentileschi\\\/#breadcrumb\",\"itemListElement\":[{\"@type\":\"ListItem\",\"position\":1,\"name\":\"Home\",\"item\":\"https:\\\/\\\/www.visituffizi.org\\\/it\\\/\"},{\"@type\":\"ListItem\",\"position\":2,\"name\":\"Le opere\",\"item\":\"https:\\\/\\\/www.visituffizi.org\\\/it\\\/opere\\\/\"},{\"@type\":\"ListItem\",\"position\":3,\"name\":\"Giuditta che decapita Oloferne di Artemisia Gentileschi\"}]},{\"@type\":\"WebSite\",\"@id\":\"https:\\\/\\\/www.visituffizi.org\\\/it\\\/#website\",\"url\":\"https:\\\/\\\/www.visituffizi.org\\\/it\\\/\",\"name\":\"Visit Uffizi\",\"description\":\"Guide to Uffizi Museum in Florence\",\"potentialAction\":[{\"@type\":\"SearchAction\",\"target\":{\"@type\":\"EntryPoint\",\"urlTemplate\":\"https:\\\/\\\/www.visituffizi.org\\\/it\\\/?s={search_term_string}\"},\"query-input\":{\"@type\":\"PropertyValueSpecification\",\"valueRequired\":true,\"valueName\":\"search_term_string\"}}],\"inLanguage\":\"it-IT\"}]}<\/script>\n<!-- \/ Yoast SEO plugin. -->","yoast_head_json":{"title":"Giuditta che Decapita Oloferne di Artemisia Gentileschi","description":"Alla Galleria degli Uffizi \u00e8 esposta l'opera \"Giuditta che decapita Oloferne\" di Artemisia Gentileschi, una delle pi\u00f9 importanti pittrici italiane del XVII secolo, dopo Caravaggio.","robots":{"index":"index","follow":"follow","max-snippet":"max-snippet:-1","max-image-preview":"max-image-preview:large","max-video-preview":"max-video-preview:-1"},"canonical":"https:\/\/www.visituffizi.org\/it\/opere\/giuditta-che-decapita-oloferne-di-artemisia-gentileschi\/","og_locale":"it_IT","og_type":"article","og_title":"Giuditta che Decapita Oloferne di Artemisia Gentileschi","og_description":"Alla Galleria degli Uffizi \u00e8 esposta l'opera \"Giuditta che decapita Oloferne\" di Artemisia Gentileschi, una delle pi\u00f9 importanti pittrici italiane del XVII secolo, dopo Caravaggio.","og_url":"https:\/\/www.visituffizi.org\/it\/opere\/giuditta-che-decapita-oloferne-di-artemisia-gentileschi\/","og_site_name":"Visit Uffizi","article_modified_time":"2013-03-20T15:19:26+00:00","og_image":[{"width":450,"height":553,"url":"https:\/\/www.visituffizi.org\/wp-content\/uploads\/2013\/03\/artemisia-judith.jpg","type":"image\/jpeg"}],"twitter_misc":{"Tempo di lettura stimato":"2 minuti"},"schema":{"@context":"https:\/\/schema.org","@graph":[{"@type":"WebPage","@id":"https:\/\/www.visituffizi.org\/it\/opere\/giuditta-che-decapita-oloferne-di-artemisia-gentileschi\/","url":"https:\/\/www.visituffizi.org\/it\/opere\/giuditta-che-decapita-oloferne-di-artemisia-gentileschi\/","name":"Giuditta che Decapita Oloferne di Artemisia Gentileschi","isPartOf":{"@id":"https:\/\/www.visituffizi.org\/it\/#website"},"primaryImageOfPage":{"@id":"https:\/\/www.visituffizi.org\/it\/opere\/giuditta-che-decapita-oloferne-di-artemisia-gentileschi\/#primaryimage"},"image":{"@id":"https:\/\/www.visituffizi.org\/it\/opere\/giuditta-che-decapita-oloferne-di-artemisia-gentileschi\/#primaryimage"},"thumbnailUrl":"https:\/\/www.visituffizi.org\/wp-content\/uploads\/2013\/03\/artemisia-judith.jpg","datePublished":"2013-03-20T15:16:42+00:00","dateModified":"2013-03-20T15:19:26+00:00","description":"Alla Galleria degli Uffizi \u00e8 esposta l'opera \"Giuditta che decapita Oloferne\" di Artemisia Gentileschi, una delle pi\u00f9 importanti pittrici italiane del XVII secolo, dopo Caravaggio.","breadcrumb":{"@id":"https:\/\/www.visituffizi.org\/it\/opere\/giuditta-che-decapita-oloferne-di-artemisia-gentileschi\/#breadcrumb"},"inLanguage":"it-IT","potentialAction":[{"@type":"ReadAction","target":["https:\/\/www.visituffizi.org\/it\/opere\/giuditta-che-decapita-oloferne-di-artemisia-gentileschi\/"]}]},{"@type":"ImageObject","inLanguage":"it-IT","@id":"https:\/\/www.visituffizi.org\/it\/opere\/giuditta-che-decapita-oloferne-di-artemisia-gentileschi\/#primaryimage","url":"https:\/\/www.visituffizi.org\/wp-content\/uploads\/2013\/03\/artemisia-judith.jpg","contentUrl":"https:\/\/www.visituffizi.org\/wp-content\/uploads\/2013\/03\/artemisia-judith.jpg","width":450,"height":553},{"@type":"BreadcrumbList","@id":"https:\/\/www.visituffizi.org\/it\/opere\/giuditta-che-decapita-oloferne-di-artemisia-gentileschi\/#breadcrumb","itemListElement":[{"@type":"ListItem","position":1,"name":"Home","item":"https:\/\/www.visituffizi.org\/it\/"},{"@type":"ListItem","position":2,"name":"Le opere","item":"https:\/\/www.visituffizi.org\/it\/opere\/"},{"@type":"ListItem","position":3,"name":"Giuditta che decapita Oloferne di Artemisia Gentileschi"}]},{"@type":"WebSite","@id":"https:\/\/www.visituffizi.org\/it\/#website","url":"https:\/\/www.visituffizi.org\/it\/","name":"Visit Uffizi","description":"Guide to Uffizi Museum in Florence","potentialAction":[{"@type":"SearchAction","target":{"@type":"EntryPoint","urlTemplate":"https:\/\/www.visituffizi.org\/it\/?s={search_term_string}"},"query-input":{"@type":"PropertyValueSpecification","valueRequired":true,"valueName":"search_term_string"}}],"inLanguage":"it-IT"}]}},"_links":{"self":[{"href":"https:\/\/www.visituffizi.org\/it\/wp-json\/wp\/v2\/pages\/1126","targetHints":{"allow":["GET"]}}],"collection":[{"href":"https:\/\/www.visituffizi.org\/it\/wp-json\/wp\/v2\/pages"}],"about":[{"href":"https:\/\/www.visituffizi.org\/it\/wp-json\/wp\/v2\/types\/page"}],"author":[{"embeddable":true,"href":"https:\/\/www.visituffizi.org\/it\/wp-json\/wp\/v2\/users\/1"}],"replies":[{"embeddable":true,"href":"https:\/\/www.visituffizi.org\/it\/wp-json\/wp\/v2\/comments?post=1126"}],"version-history":[{"count":0,"href":"https:\/\/www.visituffizi.org\/it\/wp-json\/wp\/v2\/pages\/1126\/revisions"}],"up":[{"embeddable":true,"href":"https:\/\/www.visituffizi.org\/it\/wp-json\/wp\/v2\/pages\/27"}],"wp:featuredmedia":[{"embeddable":true,"href":"https:\/\/www.visituffizi.org\/it\/wp-json\/wp\/v2\/media\/1123"}],"wp:attachment":[{"href":"https:\/\/www.visituffizi.org\/it\/wp-json\/wp\/v2\/media?parent=1126"}],"curies":[{"name":"wp","href":"https:\/\/api.w.org\/{rel}","templated":true}]}}