{"id":142,"date":"2011-05-05T12:55:01","date_gmt":"2011-05-05T12:55:01","guid":{"rendered":"http:\/\/www.netpromotion.org\/?page_id=142"},"modified":"2015-07-24T07:38:56","modified_gmt":"2015-07-24T07:38:56","slug":"sala-2-del-duecento-e-giotto","status":"publish","type":"page","link":"https:\/\/www.visituffizi.org\/it\/sale\/sala-2-del-duecento-e-giotto\/","title":{"rendered":"Sala 2 &#8211; Il Duecento e Giotto"},"content":{"rendered":"ngg_shortcode_0_placeholder\n<h1>Sala 2 &#8211; Il Duecento e Giotto<\/h1>\n<p><img decoding=\"async\" class=\"aligncenter size-full wp-image-1883\" src=\"https:\/\/www.visituffizi.org\/wp-content\/uploads\/2015\/04\/new-hall-2-majesties.jpg\" alt=\"Hall 2 with Majesties\" width=\"800\" height=\"594\" srcset=\"https:\/\/www.visituffizi.org\/wp-content\/uploads\/2015\/04\/new-hall-2-majesties.jpg 800w, https:\/\/www.visituffizi.org\/wp-content\/uploads\/2015\/04\/new-hall-2-majesties-300x223.jpg 300w, https:\/\/www.visituffizi.org\/wp-content\/uploads\/2015\/04\/new-hall-2-majesties-539x400.jpg 539w, https:\/\/www.visituffizi.org\/wp-content\/uploads\/2015\/04\/new-hall-2-majesties-100x74.jpg 100w, https:\/\/www.visituffizi.org\/wp-content\/uploads\/2015\/04\/new-hall-2-majesties-201x149.jpg 201w\" sizes=\"(max-width: 800px) 100vw, 800px\" \/><\/p>\n<p>La sala del Duecento e di Giotto fu allestita durante il riordinamento museale degli anni Cinquanta del Novecento. Le grandi fessure nella parete d&#8217;ingresso sono stata create per poter spostare le grandi opere l\u00ec presenti in caso di restauro o necessit\u00e0.<\/p>\n<p>La copertura a capriate del soffitto, simile a quella di molte chiese antiche, ci introduce idealmente all&#8217;arte sacra medievale. La sala conserva incredibili capolavori, importantissimi per capire l&#8217;evoluzione dell&#8217;arte nel corso dei secoli. Molte sono le opere ascrivibili all&#8217;antica \u201cmaniera bizantina\u201d, con i suoi schematismi figurativi, la sua ieraticit\u00e0 e la sua bidimensionalit\u00e0.<\/p>\n<p>Tra le opere di maggiore rilievo si possono ammirare e comparare le <em>Maest\u00e0<\/em> di tre grandi protagonisti della vicenda artistica toscana del Medioevo: <strong>Cimabue, Duccio di Buoninsegna e Giotto<\/strong>.<\/p>\n<p>Il tema della Maest\u00e0, o Madonna in trono con Bambino ed angeli, \u00e8 uno dei pi\u00f9 diffusi nelle opere d&#8217;arte medievali.<\/p>\n<p>La sala, grazie alla stessa collocazione delle opere, mette quasi a confronto i tre artisti: sulla sinistra Duccio di Buoninsegna con la <em>Madonna Rucellai<\/em> dipinta intorno al 1285, a destra Cimabue con la <em>Madonna di Santa Trinita<\/em> dipinta tra il 1280 e il 1290, e al centro Giotto con la splendida <a title=\"Madonna di Ognissanti di Giotto\" href=\"https:\/\/www.visituffizi.org\/it\/opere\/madonna-di-ognissanti-di-giotto\/\"><strong>Madonna di Ognissanti<\/strong><\/a> dipinta intorno al 1310.<\/p>\n<p>Queste tre grandiose pale lignee ci illuminano sulle vicende dell&#8217;arte italiana di fine Duecento inizi Trecento. Le Maest\u00e0 del senese Duccio di Boninsegna e del fiorentino Cimabue sono opere pregevoli ma ancora legate all&#8217;estetica bizantina e ancora rigide e stereotipate. La vera innovazione \u00e8 da trovare nella Maest\u00e0 di Giotto, in cui i volumi dei corpi appaiono pi\u00f9 solidi, cos\u00ec come le espressioni dei visi pi\u00f9 umane e la resa dello spazio pi\u00f9 credibile.<\/p>\n<p>Con Giotto si avvia quella vera e propria rivoluzione in ambito figurativo che porter\u00e0 molto pi\u00f9 tardi al Rinascimento.<\/p>\n<p><em>La sala \u00e8 stata completamente restaurata e rinnovata come parte del progetto &#8220;New Uffizi&#8221;, con riapertura nella primavera 2015.<\/em><\/p>\n","protected":false},"excerpt":{"rendered":"<p>In questa sala si possono ammirare le meravigliose Maest\u00e0 di Cimabue, Duccio di Buoninsegna e Giotto<\/p>\n","protected":false},"author":1,"featured_media":1883,"parent":22,"menu_order":10,"comment_status":"open","ping_status":"open","template":"","meta":{"ngg_post_thumbnail":0,"footnotes":""},"class_list":["post-142","page","type-page","status-publish","has-post-thumbnail","hentry"],"yoast_head":"<!-- This site is optimized with the Yoast SEO plugin v27.4 - https:\/\/yoast.com\/product\/yoast-seo-wordpress\/ -->\n<title>Galleria degli Uffizi:Giotto ed il Duecento nella Sala 2<\/title>\n<meta name=\"robots\" content=\"index, follow, max-snippet:-1, max-image-preview:large, max-video-preview:-1\" \/>\n<link rel=\"canonical\" href=\"https:\/\/www.visituffizi.org\/it\/sale\/sala-2-del-duecento-e-giotto\/\" \/>\n<meta property=\"og:locale\" content=\"it_IT\" \/>\n<meta property=\"og:type\" content=\"article\" \/>\n<meta property=\"og:title\" content=\"Galleria degli Uffizi:Giotto ed il Duecento nella Sala 2\" \/>\n<meta property=\"og:description\" content=\"In questa sala si possono ammirare le meravigliose Maest\u00e0 di Cimabue, Duccio di Buoninsegna e Giotto\" \/>\n<meta property=\"og:url\" content=\"https:\/\/www.visituffizi.org\/it\/sale\/sala-2-del-duecento-e-giotto\/\" \/>\n<meta property=\"og:site_name\" content=\"Visit Uffizi\" \/>\n<meta property=\"article:modified_time\" content=\"2015-07-24T07:38:56+00:00\" \/>\n<meta property=\"og:image\" content=\"https:\/\/www.visituffizi.org\/wp-content\/uploads\/2015\/04\/new-hall-2-majesties.jpg\" \/>\n\t<meta property=\"og:image:width\" content=\"800\" \/>\n\t<meta property=\"og:image:height\" content=\"594\" \/>\n\t<meta property=\"og:image:type\" content=\"image\/jpeg\" \/>\n<meta name=\"twitter:label1\" content=\"Tempo di lettura stimato\" \/>\n\t<meta name=\"twitter:data1\" content=\"2 minuti\" \/>\n<script type=\"application\/ld+json\" class=\"yoast-schema-graph\">{\"@context\":\"https:\\\/\\\/schema.org\",\"@graph\":[{\"@type\":\"WebPage\",\"@id\":\"https:\\\/\\\/www.visituffizi.org\\\/it\\\/sale\\\/sala-2-del-duecento-e-giotto\\\/\",\"url\":\"https:\\\/\\\/www.visituffizi.org\\\/it\\\/sale\\\/sala-2-del-duecento-e-giotto\\\/\",\"name\":\"Galleria degli Uffizi:Giotto ed il Duecento nella Sala 2\",\"isPartOf\":{\"@id\":\"https:\\\/\\\/www.visituffizi.org\\\/it\\\/#website\"},\"primaryImageOfPage\":{\"@id\":\"https:\\\/\\\/www.visituffizi.org\\\/it\\\/sale\\\/sala-2-del-duecento-e-giotto\\\/#primaryimage\"},\"image\":{\"@id\":\"https:\\\/\\\/www.visituffizi.org\\\/it\\\/sale\\\/sala-2-del-duecento-e-giotto\\\/#primaryimage\"},\"thumbnailUrl\":\"https:\\\/\\\/www.visituffizi.org\\\/wp-content\\\/uploads\\\/2015\\\/04\\\/new-hall-2-majesties.jpg\",\"datePublished\":\"2011-05-05T12:55:01+00:00\",\"dateModified\":\"2015-07-24T07:38:56+00:00\",\"breadcrumb\":{\"@id\":\"https:\\\/\\\/www.visituffizi.org\\\/it\\\/sale\\\/sala-2-del-duecento-e-giotto\\\/#breadcrumb\"},\"inLanguage\":\"it-IT\",\"potentialAction\":[{\"@type\":\"ReadAction\",\"target\":[\"https:\\\/\\\/www.visituffizi.org\\\/it\\\/sale\\\/sala-2-del-duecento-e-giotto\\\/\"]}]},{\"@type\":\"ImageObject\",\"inLanguage\":\"it-IT\",\"@id\":\"https:\\\/\\\/www.visituffizi.org\\\/it\\\/sale\\\/sala-2-del-duecento-e-giotto\\\/#primaryimage\",\"url\":\"https:\\\/\\\/www.visituffizi.org\\\/wp-content\\\/uploads\\\/2015\\\/04\\\/new-hall-2-majesties.jpg\",\"contentUrl\":\"https:\\\/\\\/www.visituffizi.org\\\/wp-content\\\/uploads\\\/2015\\\/04\\\/new-hall-2-majesties.jpg\",\"width\":800,\"height\":594},{\"@type\":\"BreadcrumbList\",\"@id\":\"https:\\\/\\\/www.visituffizi.org\\\/it\\\/sale\\\/sala-2-del-duecento-e-giotto\\\/#breadcrumb\",\"itemListElement\":[{\"@type\":\"ListItem\",\"position\":1,\"name\":\"Home\",\"item\":\"https:\\\/\\\/www.visituffizi.org\\\/it\\\/\"},{\"@type\":\"ListItem\",\"position\":2,\"name\":\"Le sale\",\"item\":\"https:\\\/\\\/www.visituffizi.org\\\/it\\\/sale\\\/\"},{\"@type\":\"ListItem\",\"position\":3,\"name\":\"Sala 2 &#8211; Il Duecento e Giotto\"}]},{\"@type\":\"WebSite\",\"@id\":\"https:\\\/\\\/www.visituffizi.org\\\/it\\\/#website\",\"url\":\"https:\\\/\\\/www.visituffizi.org\\\/it\\\/\",\"name\":\"Visit Uffizi\",\"description\":\"Guide to Uffizi Museum in Florence\",\"potentialAction\":[{\"@type\":\"SearchAction\",\"target\":{\"@type\":\"EntryPoint\",\"urlTemplate\":\"https:\\\/\\\/www.visituffizi.org\\\/it\\\/?s={search_term_string}\"},\"query-input\":{\"@type\":\"PropertyValueSpecification\",\"valueRequired\":true,\"valueName\":\"search_term_string\"}}],\"inLanguage\":\"it-IT\"}]}<\/script>\n<!-- \/ Yoast SEO plugin. -->","yoast_head_json":{"title":"Galleria degli Uffizi:Giotto ed il Duecento nella Sala 2","robots":{"index":"index","follow":"follow","max-snippet":"max-snippet:-1","max-image-preview":"max-image-preview:large","max-video-preview":"max-video-preview:-1"},"canonical":"https:\/\/www.visituffizi.org\/it\/sale\/sala-2-del-duecento-e-giotto\/","og_locale":"it_IT","og_type":"article","og_title":"Galleria degli Uffizi:Giotto ed il Duecento nella Sala 2","og_description":"In questa sala si possono ammirare le meravigliose Maest\u00e0 di Cimabue, Duccio di Buoninsegna e Giotto","og_url":"https:\/\/www.visituffizi.org\/it\/sale\/sala-2-del-duecento-e-giotto\/","og_site_name":"Visit Uffizi","article_modified_time":"2015-07-24T07:38:56+00:00","og_image":[{"width":800,"height":594,"url":"https:\/\/www.visituffizi.org\/wp-content\/uploads\/2015\/04\/new-hall-2-majesties.jpg","type":"image\/jpeg"}],"twitter_misc":{"Tempo di lettura stimato":"2 minuti"},"schema":{"@context":"https:\/\/schema.org","@graph":[{"@type":"WebPage","@id":"https:\/\/www.visituffizi.org\/it\/sale\/sala-2-del-duecento-e-giotto\/","url":"https:\/\/www.visituffizi.org\/it\/sale\/sala-2-del-duecento-e-giotto\/","name":"Galleria degli Uffizi:Giotto ed il Duecento nella Sala 2","isPartOf":{"@id":"https:\/\/www.visituffizi.org\/it\/#website"},"primaryImageOfPage":{"@id":"https:\/\/www.visituffizi.org\/it\/sale\/sala-2-del-duecento-e-giotto\/#primaryimage"},"image":{"@id":"https:\/\/www.visituffizi.org\/it\/sale\/sala-2-del-duecento-e-giotto\/#primaryimage"},"thumbnailUrl":"https:\/\/www.visituffizi.org\/wp-content\/uploads\/2015\/04\/new-hall-2-majesties.jpg","datePublished":"2011-05-05T12:55:01+00:00","dateModified":"2015-07-24T07:38:56+00:00","breadcrumb":{"@id":"https:\/\/www.visituffizi.org\/it\/sale\/sala-2-del-duecento-e-giotto\/#breadcrumb"},"inLanguage":"it-IT","potentialAction":[{"@type":"ReadAction","target":["https:\/\/www.visituffizi.org\/it\/sale\/sala-2-del-duecento-e-giotto\/"]}]},{"@type":"ImageObject","inLanguage":"it-IT","@id":"https:\/\/www.visituffizi.org\/it\/sale\/sala-2-del-duecento-e-giotto\/#primaryimage","url":"https:\/\/www.visituffizi.org\/wp-content\/uploads\/2015\/04\/new-hall-2-majesties.jpg","contentUrl":"https:\/\/www.visituffizi.org\/wp-content\/uploads\/2015\/04\/new-hall-2-majesties.jpg","width":800,"height":594},{"@type":"BreadcrumbList","@id":"https:\/\/www.visituffizi.org\/it\/sale\/sala-2-del-duecento-e-giotto\/#breadcrumb","itemListElement":[{"@type":"ListItem","position":1,"name":"Home","item":"https:\/\/www.visituffizi.org\/it\/"},{"@type":"ListItem","position":2,"name":"Le sale","item":"https:\/\/www.visituffizi.org\/it\/sale\/"},{"@type":"ListItem","position":3,"name":"Sala 2 &#8211; Il Duecento e Giotto"}]},{"@type":"WebSite","@id":"https:\/\/www.visituffizi.org\/it\/#website","url":"https:\/\/www.visituffizi.org\/it\/","name":"Visit Uffizi","description":"Guide to Uffizi Museum in Florence","potentialAction":[{"@type":"SearchAction","target":{"@type":"EntryPoint","urlTemplate":"https:\/\/www.visituffizi.org\/it\/?s={search_term_string}"},"query-input":{"@type":"PropertyValueSpecification","valueRequired":true,"valueName":"search_term_string"}}],"inLanguage":"it-IT"}]}},"_links":{"self":[{"href":"https:\/\/www.visituffizi.org\/it\/wp-json\/wp\/v2\/pages\/142","targetHints":{"allow":["GET"]}}],"collection":[{"href":"https:\/\/www.visituffizi.org\/it\/wp-json\/wp\/v2\/pages"}],"about":[{"href":"https:\/\/www.visituffizi.org\/it\/wp-json\/wp\/v2\/types\/page"}],"author":[{"embeddable":true,"href":"https:\/\/www.visituffizi.org\/it\/wp-json\/wp\/v2\/users\/1"}],"replies":[{"embeddable":true,"href":"https:\/\/www.visituffizi.org\/it\/wp-json\/wp\/v2\/comments?post=142"}],"version-history":[{"count":0,"href":"https:\/\/www.visituffizi.org\/it\/wp-json\/wp\/v2\/pages\/142\/revisions"}],"up":[{"embeddable":true,"href":"https:\/\/www.visituffizi.org\/it\/wp-json\/wp\/v2\/pages\/22"}],"wp:featuredmedia":[{"embeddable":true,"href":"https:\/\/www.visituffizi.org\/it\/wp-json\/wp\/v2\/media\/1883"}],"wp:attachment":[{"href":"https:\/\/www.visituffizi.org\/it\/wp-json\/wp\/v2\/media?parent=142"}],"curies":[{"name":"wp","href":"https:\/\/api.w.org\/{rel}","templated":true}]}}